{"id":10041,"date":"2021-08-29T15:09:09","date_gmt":"2021-08-29T18:09:09","guid":{"rendered":"http:\/\/www.laplatamagica.com.ar\/?page_id=10041"},"modified":"2024-09-26T17:25:52","modified_gmt":"2024-09-26T20:25:52","slug":"podcast-audios-de-la-historia-de-la-plata-2","status":"publish","type":"page","link":"https:\/\/laplatamagica.ar\/?page_id=10041","title":{"rendered":"Podcast Audios de La Historia de La Plata 2"},"content":{"rendered":"\n<div class=\"wp-block-image\"><figure class=\"aligncenter\"><img loading=\"lazy\" decoding=\"async\" width=\"400\" height=\"400\" src=\"http:\/\/www.laplatamagica.com.ar\/wp-content\/uploads\/2021\/06\/La-Plata-postcas01.png\" alt=\"\" class=\"wp-image-9848\" srcset=\"https:\/\/laplatamagica.ar\/wp-content\/uploads\/2021\/06\/La-Plata-postcas01.png 400w, https:\/\/laplatamagica.ar\/wp-content\/uploads\/2021\/06\/La-Plata-postcas01-150x150.png 150w, https:\/\/laplatamagica.ar\/wp-content\/uploads\/2021\/06\/La-Plata-postcas01-300x300.png 300w\" sizes=\"auto, (max-width: 400px) 85vw, 400px\" \/><\/figure><\/div>\n\n\n\n<p style=\"text-align:center\" class=\"has-medium-font-size\"><strong>Escuch\u00e1 la historia de la ciudad de La Plata en relatos que se pueden bajar para disfrutar en cualquier momento.<\/strong><\/p>\n\n\n\n<div class=\"wp-block-image\"><figure class=\"aligncenter\"><a href=\"https:\/\/ar.ivoox.com\/es\/\" target=\"_blank\" rel=\"noreferrer noopener\"><img decoding=\"async\" src=\"http:\/\/www.laplatamagica.com.ar\/wp-content\/uploads\/2021\/06\/podcast.png\" alt=\"Bajar audios de La Plata m\u00e1gica\"\/><\/a><\/figure><\/div>\n\n\n\n<div class=\"wp-block-image\"><figure class=\"aligncenter is-resized\"><img loading=\"lazy\" decoding=\"async\" src=\"http:\/\/www.laplatamagica.com.ar\/wp-content\/uploads\/2021\/08\/La-Plata-los-\u00e1rboles.jpg\" alt=\"\" class=\"wp-image-10053\" width=\"399\" height=\"399\" srcset=\"https:\/\/laplatamagica.ar\/wp-content\/uploads\/2021\/08\/La-Plata-los-\u00e1rboles.jpg 793w, https:\/\/laplatamagica.ar\/wp-content\/uploads\/2021\/08\/La-Plata-los-\u00e1rboles-150x150.jpg 150w, https:\/\/laplatamagica.ar\/wp-content\/uploads\/2021\/08\/La-Plata-los-\u00e1rboles-300x300.jpg 300w, https:\/\/laplatamagica.ar\/wp-content\/uploads\/2021\/08\/La-Plata-los-\u00e1rboles-768x768.jpg 768w\" sizes=\"auto, (max-width: 399px) 85vw, 399px\" \/><\/figure><\/div>\n\n\n\n<audio class=\"wp-audio-shortcode\" id=\"audio-10041-1\" preload=\"none\" style=\"width: 100%;\" controls=\"controls\"><source type=\"audio\/mpeg\" src=\"https:\/\/ar.ivoox.com\/es\/plata-magica-arboles-nos-cuidan_md_74707103_wp_1.mp3?_=1\" \/><a href=\"https:\/\/ar.ivoox.com\/es\/plata-magica-arboles-nos-cuidan_md_74707103_wp_1.mp3\">https:\/\/ar.ivoox.com\/es\/plata-magica-arboles-nos-cuidan_md_74707103_wp_1.mp3<\/a><\/audio> <a href=\"https:\/\/go.ivoox.com\/rf\/74707103\" title=\"La Plata m\u00e1gica - \u00c1rboles que nos cuidan\">Ir a descargar<\/a>\n\n\n\n<div class=\"wp-block-image\"><figure class=\"aligncenter is-resized\"><img loading=\"lazy\" decoding=\"async\" src=\"http:\/\/www.laplatamagica.com.ar\/wp-content\/uploads\/2021\/08\/Implantaci\u00f3n-de-la-masoner\u00eda-1.jpg\" alt=\"\" class=\"wp-image-10055\" width=\"410\" height=\"410\"\/><\/figure><\/div>\n\n\n\n<audio class=\"wp-audio-shortcode\" id=\"audio-10041-2\" preload=\"none\" style=\"width: 100%;\" controls=\"controls\"><source type=\"audio\/mpeg\" src=\"https:\/\/ar.ivoox.com\/es\/plata-magica-implantacion-masoneria_md_74029205_wp_1.mp3?_=2\" \/><a href=\"https:\/\/ar.ivoox.com\/es\/plata-magica-implantacion-masoneria_md_74029205_wp_1.mp3\">https:\/\/ar.ivoox.com\/es\/plata-magica-implantacion-masoneria_md_74029205_wp_1.mp3<\/a><\/audio> <a href=\"https:\/\/go.ivoox.com\/rf\/74029205\" title=\"La Plata m\u00e1gica - Implantaci\u00f3n de la Masoner\u00eda en La Plata\">Ir a descargar<\/a>\n\n\n\n<p style=\"text-align:center\" class=\"has-medium-font-size\"><strong>Parte  2 <\/strong><\/p>\n\n\n\n<hr class=\"wp-block-separator is-style-wide\"\/>\n\n\n\n<p style=\"text-align:center\" class=\"has-medium-font-size\"><strong><a href=\"http:\/\/www.laplatamagica.com.ar\/?page_id=9845\"> Sector&gt;&gt; 1<\/a><\/strong><\/p>\n","protected":false},"excerpt":{"rendered":"<p>Escuch\u00e1 la historia de la ciudad de La Plata en relatos que se pueden bajar para disfrutar en cualquier momento. Ir a descargar Ir a descargar Parte 2 Sector&gt;&gt; 1<\/p>\n","protected":false},"author":1,"featured_media":0,"parent":0,"menu_order":0,"comment_status":"closed","ping_status":"closed","template":"","meta":{"switch_pages_title":"","h5ap_radio_sources":[],"footnotes":""},"class_list":["post-10041","page","type-page","status-publish","hentry"],"_links":{"self":[{"href":"https:\/\/laplatamagica.ar\/index.php?rest_route=\/wp\/v2\/pages\/10041","targetHints":{"allow":["GET"]}}],"collection":[{"href":"https:\/\/laplatamagica.ar\/index.php?rest_route=\/wp\/v2\/pages"}],"about":[{"href":"https:\/\/laplatamagica.ar\/index.php?rest_route=\/wp\/v2\/types\/page"}],"author":[{"embeddable":true,"href":"https:\/\/laplatamagica.ar\/index.php?rest_route=\/wp\/v2\/users\/1"}],"replies":[{"embeddable":true,"href":"https:\/\/laplatamagica.ar\/index.php?rest_route=%2Fwp%2Fv2%2Fcomments&post=10041"}],"version-history":[{"count":1,"href":"https:\/\/laplatamagica.ar\/index.php?rest_route=\/wp\/v2\/pages\/10041\/revisions"}],"predecessor-version":[{"id":12785,"href":"https:\/\/laplatamagica.ar\/index.php?rest_route=\/wp\/v2\/pages\/10041\/revisions\/12785"}],"wp:attachment":[{"href":"https:\/\/laplatamagica.ar\/index.php?rest_route=%2Fwp%2Fv2%2Fmedia&parent=10041"}],"curies":[{"name":"wp","href":"https:\/\/api.w.org\/{rel}","templated":true}]}}