{"id":10282,"date":"2021-09-24T14:27:19","date_gmt":"2021-09-24T17:27:19","guid":{"rendered":"http:\/\/www.laplatamagica.com.ar\/?page_id=10282"},"modified":"2023-10-06T15:36:01","modified_gmt":"2023-10-06T18:36:01","slug":"que-sabe-usted-de-la-plata-8","status":"publish","type":"page","link":"https:\/\/laplatamagica.ar\/?page_id=10282","title":{"rendered":"\u00bfQu\u00e9 sabe usted de La Plata? 8"},"content":{"rendered":"\n<p class=\"has-text-align-center has-medium-font-size\"><strong>Ir a&gt;&gt;&gt; \u00bfQu\u00e9 sabe usted de La Plata <a href=\"http:\/\/www.laplatamagica.com.ar\/?page_id=4651\">1<\/a> <a href=\"http:\/\/www.laplatamagica.com.ar\/?page_id=4662\"> 2 <\/a><a href=\"http:\/\/www.laplatamagica.com.ar\/?page_id=4678\">3<\/a> <a href=\"http:\/\/www.laplatamagica.com.ar\/?page_id=4688\">4<\/a> <a href=\"http:\/\/www.laplatamagica.com.ar\/?page_id=4699\">5<\/a> <a href=\"http:\/\/www.laplatamagica.com.ar\/?page_id=4716\">6<\/a>  <a href=\"http:\/\/www.laplatamagica.com.ar\/?page_id=4849\">7 <\/a><a href=\"http:\/\/www.laplatamagica.com.ar\/?page_id=10282\">8<\/a> <a href=\"https:\/\/laplatamagica.com.ar\/?page_id=12325\">9<\/a>?<\/strong><\/p>\n\n\n\n<html>\n<head>\n  <title><\/title>\n <meta http-equiv=\"Content-Type\" content=\"text\/html; charset=iso-8859-1\" \/>\n<\/head>\n<body>\n<\/body>\n<\/html>\n<div style=\"text-align: center\"><b><big><font color=\"#990000\" size=\"6\" face=\"Verdana, Arial, Helvetica, sans-serif\"<\/font><\/big><\/b><br \/>\n<hr \/>\n<font color=\"#990000\" size=\"4\" face=\"Verdana, Arial, Helvetica, sans-serif\"><b>Conozca cuanto sabe de la ciudad de La Plata, respondiendo este cuestionario de 10 preguntas.<br \/>\nCada respuesta correcta vale 1 punto. Buena suerte y a jugar&#8230;<\/b><\/font><br \/>\n<font color=\"#990000\" size=\"4\" face=\"Verdana, Arial, Helvetica, sans-serif\">(Todas las respuestas del cuestionario se encuentran en estas p&aacute;ginas)<\/font><br \/>\n<noscript><font size=\"1\" face=\"Verdana, Arial, Helvetica, sans-serif\" color=\"#990000\">JavaScript esta <b><i>desabilitado<\/b><\/i>. Debe tener activado JavaScript<\/font><\/noscript><\/div>\n<hr \/>\n<form>\n    <p><font color=\"#990000\" size=\"4\" face=\"Verdana, Arial, Helvetica, sans-serif\"><b>1.<\/b><b> \u00bfEn qu\u00e9 a\u00f1o fue botado el Velero Escuela A.R.A &#8220;Libertad?<\/b><\/font><\/p>\n    <p><font color=\"#990000\" size=\"4\" face=\"Verdana, Arial, Helvetica, sans-serif\"><input type=\"radio\" onClick=\"Engine(1, this.value)\" value=\"1\" \/> En 1956 <br \/>\n    <input type=\"radio\" onClick=\"Engine(1, this.value)\" value=\"2\" \/> En 1958 <br \/>\n    <input type=\"radio\" onClick=\"Engine(1, this.value)\" value=\"3\" \/>  En 1960 <br \/>\n    <\/font><\/p>\n    <p><font color=\"#990000\" size=\"4\" face=\"Verdana, Arial, Helvetica, sans-serif\"><b>2.El Industrial de la Naci\u00f3n de 1 y 57 \u00bfen que a\u00f1o se le impuso el nombre de &#8220;Albert Thomas&#8221;?<br \/>\n    <\/b><\/font><\/p>\n    <p><font color=\"#990000\" size=\"4\" face=\"Verdana, Arial, Helvetica, sans-serif\"><input type=\"radio\" onClick=\"Engine(2, this.value)\" value=\"1\" \/>  En 1956 <br \/>\n    <input type=\"radio\" onClick=\"Engine(2, this.value)\" value=\"2\" \/>  En 1963 <br \/>\n    <input type=\"radio\" onClick=\"Engine(2, this.value)\" value=\"3\" \/> En 1969<br \/>\n    <\/font><\/p>\n    <p><font color=\"#990000\" size=\"4\" face=\"Verdana, Arial, Helvetica, sans-serif\"><b>3. \u00bfQui\u00e9n era el Gobernador cuando inauguraron las nuevas obras en el Tiro Federal Argentino situado en el Dique?\n<br \/>\n    <\/b><\/font><\/p>\n    <p><font color=\"#990000\" size=\"4\" face=\"Verdana, Arial, Helvetica, sans-serif\"><input type=\"radio\" onClick=\"Engine(3, this.value)\" value=\"1\" \/> Alende <br \/>\n    <input type=\"radio\" onClick=\"Engine(3, this.value)\" value=\"2\" \/> Boneccarrere<br \/>\n    <input type=\"radio\" onClick=\"Engine(3, this.value)\" value=\"3\" \/>  Aloe <br \/>\n    <\/font><\/p>\n    <p><font color=\"#990000\" size=\"4\" face=\"Verdana, Arial, Helvetica, sans-serif\"><b>4.\u00bfEn qu\u00e9 a\u00f1o dio comienzo la aplicaci\u00f3n de la vacuna Salk? <\/b><\/font><\/p>\n    <p><font color=\"#990000\" size=\"4\" face=\"Verdana, Arial, Helvetica, sans-serif\"><input type=\"radio\" onClick=\"Engine(4, this.value)\" value=\"1\" \/> En 1950<br \/>\n    <input type=\"radio\" onClick=\"Engine(4, this.value)\" value=\"2\" \/> En 1957<br \/>\n    <input type=\"radio\" onClick=\"Engine(4, this.value)\" value=\"3\" \/> En 1960<br \/>\n    <\/font><\/p>\n    <p><font color=\"#990000\" size=\"4\" face=\"Verdana, Arial, Helvetica, sans-serif\"><b>5. \u00bfCu\u00e1l fue el primer Intendente de Berisso despu\u00e9s de lograr la autonom\u00eda?<\/b><\/font><\/p>\n    <p><font color=\"#990000\" size=\"4\" face=\"Verdana, Arial, Helvetica, sans-serif\"><input type=\"radio\" onClick=\"Engine(5, this.value)\" value=\"1\" \/> El Sr. Ra\u00fal Filgueira<br \/>\n    <input type=\"radio\" onClick=\"Engine(5, this.value)\" value=\"2\" \/> El Dr. Ra\u00fal D\u00edaz<br \/>\n    <input type=\"radio\" onClick=\"Engine(5, this.value)\" value=\"3\" \/> El Sr. Juan Berisso<br \/>\n    <\/font><\/p>\n    <p><font color=\"#990000\" size=\"4\" face=\"Verdana, Arial, Helvetica, sans-serif\"><b>6. \u00bfQu\u00e9 Cine se quem\u00f3?\n<\/b><\/font><\/p>\n    <p><font color=\"#990000\" size=\"4\" face=\"Verdana, Arial, Helvetica, sans-serif\"><input type=\"radio\" onClick=\"Engine(6, this.value)\" value=\"1\" \/> El Roca<br \/>\n    <input type=\"radio\" onClick=\"Engine(6, this.value)\" value=\"2\" \/> El Select <br \/>\n    <input type=\"radio\" onClick=\"Engine(6, this.value)\" value=\"3\" \/> El Gran Rocha<br \/>\n    <\/font><\/p>\n    <p><font color=\"#990000\" size=\"4\" face=\"Verdana, Arial, Helvetica, sans-serif\"><b>7. <\/b>&#8211;<b>\u00bfEn qu\u00e9 a\u00f1o cerr\u00f3 para siempre el Cine Par\u00eds??<\/b><br \/>\n    <\/font><\/p>\n    <p><font color=\"#990000\" size=\"4\" face=\"Verdana, Arial, Helvetica, sans-serif\"><input type=\"radio\" onClick=\"Engine(7, this.value)\" value=\"1\" \/> En 1960 <br \/>\n    <input type=\"radio\" onClick=\"Engine(7, this.value)\" value=\"2\" \/> En 1972<br \/>\n    <input type=\"radio\" onClick=\"Engine(7, this.value)\" value=\"3\" \/> En 1958 <br \/>\n    <\/font><\/p>\n    <p><font color=\"#990000\" size=\"4\" face=\"Verdana, Arial, Helvetica, sans-serif\"><b>8. <\/b><b>\u00bfEn qu\u00e9 a\u00f1o se inaugur\u00f3 la filial local del Autom\u00f3vil Club Argentino en calle 51 y 9?\n<\/b><br \/>\n    <\/font><\/p>\n    <p><font color=\"#990000\" size=\"4\" face=\"Verdana, Arial, Helvetica, sans-serif\"><input type=\"radio\" onClick=\"Engine(8, this.value)\" value=\"1\" \/> En 1956 <br \/>\n    <input type=\"radio\" onClick=\"Engine(8, this.value)\" value=\"2\" \/> En 1958<br \/>\n    <input type=\"radio\" onClick=\"Engine(8, this.value)\" value=\"3\" \/> En 1960\n <br \/>\n    <\/font><\/p>\n    <p><font color=\"#990000\" size=\"4\" face=\"Verdana, Arial, Helvetica, sans-serif\"><b>9.<\/b><b> <\/b><b>\u00bfEn qu\u00e9 a\u00f1o se inauguraba la estatua a Marcelino Ugarte en la esquina de calle 7 y 47?\n<\/b><\/font><\/p>\n    <p><font color=\"#990000\" size=\"4\" face=\"Verdana, Arial, Helvetica, sans-serif\"><input type=\"radio\" onClick=\"Engine(9, this.value)\" value=\"1\" \/> El 27 de abril de 1961<br \/>\n    <input type=\"radio\" onClick=\"Engine(9, this.value)\" value=\"2\" \/> El 19 de noviembre de 1982<br \/>\n    <input type=\"radio\" onClick=\"Engine(9, this.value)\" value=\"3\" \/> El 9 julio de 1960<br \/>\n    <\/font><\/p>\n    <p><font color=\"#990000\" size=\"4\" face=\"Verdana, Arial, Helvetica, sans-serif\"><b>10.\u00bfEn qu\u00e9 a\u00f1o qued\u00f3 inaugurado el monumento a la Madre en la calle 137 y 60?<\/b><\/font><\/p>\n    <p align=\"left\"><font color=\"#990000\" size=\"4\" face=\"Verdana, Arial, Helvetica, sans-serif\"><input type=\"radio\" onClick=\"Engine(10, this.value)\" value=\"1\" \/> En 1959<br \/>\n    <input type=\"radio\" onClick=\"Engine(10, this.value)\" value=\"2\" \/> En 1960<br \/>\n    <input type=\"radio\" onClick=\"Engine(10, this.value)\" value=\"3\" \/> En 1963\n <\/font><\/p>\n    <hr \/>\n    <p>&nbsp;<\/p>\n    <center><font color=\"#990000\" size=\"4\" face=\"Verdana, Arial, Helvetica, sans-serif\"><input type=\"button\" onclick=\"NextLevel()\" value=\"Presione para ver el resultado\" \/><\/font><\/center>\n<\/form>\n<hr \/>\n<script language=\"JavaScript\">\nvar ans = new Array;\nvar done = new Array;\nvar score = 0;\nans[1] = \"1\";\nans[2] = \"1\";\nans[3] = \"2\";\nans[5] = \"1\";\nans[6] = \"3\";\nans[7] = \"3\";\nans[8] = \"2\";\nans[9] = \"1\";\nans[10] = \"3\";\nfunction Engine(question, answer) {\n        if (answer != ans[question]) {\n                if (!done[question]) {\n                        done[question] = -1;\n                        alert(\"Respuesta Incorrecta!\\n\\nSu puntaje todavia es: \" + score);\n                        }\n                else {\n                        alert(\"Respuesta Incorrecta!\\n\\nUsted ya contesto esta pregunta.\");\n                        }\n                }\n        else {\n                if (!done[question]) {\n                        done[question] = -1;\n                        score++;\n                        alert(\"Respuesta Correcta!\\n\\nSu puntaje acumulado es: \" + score);\n                        }\n                else {\n                        alert(\"Respuesta Correcta!\\n\\nUsted ya contesto esta pregunta.\");\n                        }\n                }\n}\nfunction NextLevel () {\n        if (score > 10) {\n                alert(\"Haciendo trampa!\");\n                }\n        if (score >= 7 && score < 10) {\n                alert(\"Felicitaciones!  Usted es un verdadero conocedor de la ciudad de La Plata. \\n\\n                                 Su puntaje final es: \" + score)\n                }\n        if (score == 10) {\n                alert(\"Excelente!  Usted es un verdadero fan\u00e1tico de la ciudad de La Plata. \\n\\n                           Su puntaje final es: \" + score)\n                }\n        if (score < 7) {\n                alert(\"A\u00fan no conoce la ciudad de La Plata.  Debe actualizar la p\u00e1gina, para jugar nuevamente. \\n\\n                                             Su puntaje final es: \" + score)\n                }\n}\n<\/script>\n\n\n\n<p class=\"has-text-align-center\">Esta en sector 8<\/p>\n\n\n\n<p class=\"has-text-align-center has-medium-font-size\"><strong><strong>Ir a>>> \u00bfQu\u00e9 sabe usted de La Plata\u00a0<a href=\"http:\/\/www.laplatamagica.com.ar\/?page_id=4651\">1<\/a>\u00a0<a href=\"http:\/\/www.laplatamagica.com.ar\/?page_id=4662\">2\u00a0<\/a><a href=\"http:\/\/www.laplatamagica.com.ar\/?page_id=4678\">3<\/a>\u00a0<a href=\"http:\/\/www.laplatamagica.com.ar\/?page_id=4688\">4<\/a>\u00a0<a href=\"http:\/\/www.laplatamagica.com.ar\/?page_id=4699\">5<\/a>\u00a0<a href=\"http:\/\/www.laplatamagica.com.ar\/?page_id=4716\">6<\/a>\u00a0<a href=\"http:\/\/www.laplatamagica.com.ar\/?page_id=4849\">7\u00a0<\/a><a href=\"http:\/\/www.laplatamagica.com.ar\/?page_id=10282\">8<\/a>\u00a0<a href=\"https:\/\/laplatamagica.com.ar\/?page_id=12325\">9<\/a>?<\/strong><\/strong><\/p>\n","protected":false},"excerpt":{"rendered":"<p>Ir a&gt;&gt;&gt; \u00bfQu\u00e9 sabe usted de La Plata 1 2 3 4 5 6 7 8 9? >> \u00bfQu\u00e9 sabe usted de La Plata\u00a01\u00a02\u00a03\u00a04\u00a05\u00a06\u00a07\u00a08\u00a09?<\/p>\n","protected":false},"author":1,"featured_media":0,"parent":0,"menu_order":0,"comment_status":"closed","ping_status":"closed","template":"","meta":{"switch_pages_title":"","h5ap_radio_sources":[],"footnotes":""},"class_list":["post-10282","page","type-page","status-publish","hentry"],"_links":{"self":[{"href":"https:\/\/laplatamagica.ar\/index.php?rest_route=\/wp\/v2\/pages\/10282","targetHints":{"allow":["GET"]}}],"collection":[{"href":"https:\/\/laplatamagica.ar\/index.php?rest_route=\/wp\/v2\/pages"}],"about":[{"href":"https:\/\/laplatamagica.ar\/index.php?rest_route=\/wp\/v2\/types\/page"}],"author":[{"embeddable":true,"href":"https:\/\/laplatamagica.ar\/index.php?rest_route=\/wp\/v2\/users\/1"}],"replies":[{"embeddable":true,"href":"https:\/\/laplatamagica.ar\/index.php?rest_route=%2Fwp%2Fv2%2Fcomments&post=10282"}],"version-history":[{"count":4,"href":"https:\/\/laplatamagica.ar\/index.php?rest_route=\/wp\/v2\/pages\/10282\/revisions"}],"predecessor-version":[{"id":12358,"href":"https:\/\/laplatamagica.ar\/index.php?rest_route=\/wp\/v2\/pages\/10282\/revisions\/12358"}],"wp:attachment":[{"href":"https:\/\/laplatamagica.ar\/index.php?rest_route=%2Fwp%2Fv2%2Fmedia&parent=10282"}],"curies":[{"name":"wp","href":"https:\/\/api.w.org\/{rel}","templated":true}]}}