{"id":12325,"date":"2023-10-05T17:14:53","date_gmt":"2023-10-05T20:14:53","guid":{"rendered":"https:\/\/laplatamagica.ar\/?page_id=12325"},"modified":"2023-10-05T18:10:04","modified_gmt":"2023-10-05T21:10:04","slug":"que-sabe-usted","status":"publish","type":"page","link":"https:\/\/laplatamagica.ar\/?page_id=12325","title":{"rendered":"\u00bfQu\u00e9 sabe usted de La Plata? 9"},"content":{"rendered":"\n<p class=\"has-text-align-center\"><strong>Ir a&gt;&gt;&gt; \u00bfQu\u00e9 sabe usted de La Plata&nbsp;<a href=\"http:\/\/www.laplatamagica.com.ar\/?page_id=4651\">1<\/a>&nbsp;<a href=\"http:\/\/www.laplatamagica.com.ar\/?page_id=4662\">2&nbsp;<\/a><a href=\"http:\/\/www.laplatamagica.com.ar\/?page_id=4678\">3<\/a>&nbsp;<a href=\"http:\/\/www.laplatamagica.com.ar\/?page_id=4688\">4<\/a>&nbsp;<a href=\"http:\/\/www.laplatamagica.com.ar\/?page_id=4699\">5<\/a>&nbsp;<a href=\"http:\/\/www.laplatamagica.com.ar\/?page_id=4716\">6<\/a>&nbsp;<a href=\"http:\/\/www.laplatamagica.com.ar\/?page_id=4849\">7&nbsp;<\/a><a href=\"http:\/\/www.laplatamagica.com.ar\/?page_id=10282\">8<\/a> <a href=\"https:\/\/laplatamagica.com.ar\/?page_id=12325\">9<\/a>?<\/strong><\/p>\n\n\n\n<div style=\"text-align: center\"><b><big><font color=\"#990000\" size=\"6\" face=\"Verdana, Arial, Helvetica, sans-serif\"<\/font><\/big><\/b><br \/>\n<hr \/>\n<font color=\"#990000\" size=\"4\" face=\"Verdana, Arial, Helvetica, sans-serif\"><b>Conozca cuanto sabe de la ciudad de La Plata, respondiendo este cuestionario de 10 preguntas.<br \/>\nCada respuesta correcta vale 1 punto. Buena suerte y a jugar&#8230;<\/b><\/font><br \/>\n<font color=\"#990000\" size=\"4\" face=\"Verdana, Arial, Helvetica, sans-serif\">(Todas las respuestas del cuestionario se encuentran en estas p&aacute;ginas)<\/font><br \/>\n<noscript><font size=\"1\" face=\"Verdana, Arial, Helvetica, sans-serif\" color=\"#990000\">JavaScript esta <b><i>desabilitado<\/b><\/i>. Debe tener activado JavaScript<\/font><\/noscript><\/div>\n<hr \/>\n<form>\n    <p><font color=\"#990000\" size=\"4\" face=\"Verdana, Arial, Helvetica, sans-serif\"><b>1.<\/b><b> \u00bfCu\u00e1l fue la primera logia mas\u00f3nica de la ciudad?\nLa Plata 80\n<\/b><\/font><\/p>\n    <p><font color=\"#990000\" size=\"4\" face=\"Verdana, Arial, Helvetica, sans-serif\"><input type=\"radio\" onClick=\"Engine(1, this.value)\" value=\"1\" \/> La Plata 80 <br \/>\n    <input type=\"radio\" onClick=\"Engine(1, this.value)\" value=\"2\" \/> Luz y Verdad <br \/>\n    <input type=\"radio\" onClick=\"Engine(1, this.value)\" value=\"3\" \/> Hijos del Universo <br \/>\n    <\/font><\/p>\n    <p><font color=\"#990000\" size=\"4\" face=\"Verdana, Arial, Helvetica, sans-serif\"><b>2. \u00bfEn qu\u00e9 a\u00f1o fue construido el banco de La Naci\u00f3n en calle 7 y 48?<br \/>\n    <\/b><\/font><\/p>\n    <p><font color=\"#990000\" size=\"4\" face=\"Verdana, Arial, Helvetica, sans-serif\"><input type=\"radio\" onClick=\"Engine(2, this.value)\" value=\"1\" \/> 1920 <br \/>\n    <input type=\"radio\" onClick=\"Engine(2, this.value)\" value=\"2\" \/> 1913 <br \/>\n    <input type=\"radio\" onClick=\"Engine(2, this.value)\" value=\"3\" \/> 1930<br \/>\n    <\/font><\/p>\n    <p><font color=\"#990000\" size=\"4\" face=\"Verdana, Arial, Helvetica, sans-serif\"><b>3. \u00bfCu\u00e1ntas plazas y parque hay en la ciudad?<br \/>\n    <\/b><\/font><\/p>\n    <p><font color=\"#990000\" size=\"4\" face=\"Verdana, Arial, Helvetica, sans-serif\"><input type=\"radio\" onClick=\"Engine(3, this.value)\" value=\"1\" \/> 25 Plazas <br \/>\n    <input type=\"radio\" onClick=\"Engine(3, this.value)\" value=\"2\" \/> 20 Plazas<br \/>\n    <input type=\"radio\" onClick=\"Engine(3, this.value)\" value=\"3\" \/> 23 Plazas<br \/>\n    <\/font><\/p>\n    <p><font color=\"#990000\" size=\"4\" face=\"Verdana, Arial, Helvetica, sans-serif\"><b>4. \u00bfCu\u00e1l fue la causa de muerte del poeta L\u00f3pez Merino?<\/b><\/font><\/p>\n    <p><font color=\"#990000\" size=\"4\" face=\"Verdana, Arial, Helvetica, sans-serif\"><input type=\"radio\" onClick=\"Engine(4, this.value)\" value=\"1\" \/> Suicidio<br \/>\n    <input type=\"radio\" onClick=\"Engine(4, this.value)\" value=\"2\" \/> Accidente<br \/>\n    <input type=\"radio\" onClick=\"Engine(4, this.value)\" value=\"3\" \/> Enfermedad<br \/>\n    <\/font><\/p>\n    <p><font color=\"#990000\" size=\"4\" face=\"Verdana, Arial, Helvetica, sans-serif\"><b>5. \u00bfEn qu\u00e9 fecha se fund\u00f3 la Sociedad de Socorros Mutuos \u201cLa Protectora\u201d?<\/b><\/font><\/p>\n    <p><font color=\"#990000\" size=\"4\" face=\"Verdana, Arial, Helvetica, sans-serif\"><input type=\"radio\" onClick=\"Engine(5, this.value)\" value=\"1\" \/> 25 de febrero de 1890<br \/>\n    <input type=\"radio\" onClick=\"Engine(5, this.value)\" value=\"2\" \/> 19 de febrero de 1888<br \/>\n    <input type=\"radio\" onClick=\"Engine(5, this.value)\" value=\"3\" \/> 19 de noviembre de 1900<br \/>\n    <\/font><\/p>\n    <p><font color=\"#990000\" size=\"4\" face=\"Verdana, Arial, Helvetica, sans-serif\"><b>6. \u00bfEn qu\u00e9 a\u00f1o se inaugur\u00f3 el Cine Victoria de Berisso?\n<\/b><\/font><\/p>\n    <p><font color=\"#990000\" size=\"4\" face=\"Verdana, Arial, Helvetica, sans-serif\"><input type=\"radio\" onClick=\"Engine(6, this.value)\" value=\"1\" \/> A\u00f1o 1939<br \/>\n    <input type=\"radio\" onClick=\"Engine(6, this.value)\" value=\"2\" \/> A\u00f1o 1945<br \/>\n    <input type=\"radio\" onClick=\"Engine(6, this.value)\" value=\"3\" \/> A\u00f1o 1887<br \/>\n    <\/font><\/p>\n    <p><font color=\"#990000\" size=\"4\" face=\"Verdana, Arial, Helvetica, sans-serif\"><b>7. <\/b>&#8211;<b>\u00bfEn qu\u00e9 fecha falleci\u00f3 el poeta Roberto Them\u00eds Speroni?<\/b><br \/>\n    <\/font><\/p>\n    <p><font color=\"#990000\" size=\"4\" face=\"Verdana, Arial, Helvetica, sans-serif\"><input type=\"radio\" onClick=\"Engine(7, this.value)\" value=\"1\" \/> 1 de enero de 1970 <br \/>\n    <input type=\"radio\" onClick=\"Engine(7, this.value)\" value=\"2\" \/> 28 de septiembre de 1967<br \/>\n    <input type=\"radio\" onClick=\"Engine(7, this.value)\" value=\"3\" \/> 24 de abril de 1966 <br \/>\n    <\/font><\/p>\n    <p><font color=\"#990000\" size=\"4\" face=\"Verdana, Arial, Helvetica, sans-serif\"><b>8. <\/b><b>\u00bfEn qu\u00e9 fecha se inaugura el Coliseo Podest\u00e1?<\/b><br \/>\n    <\/font><\/p>\n    <p><font color=\"#990000\" size=\"4\" face=\"Verdana, Arial, Helvetica, sans-serif\"><input type=\"radio\" onClick=\"Engine(8, this.value)\" value=\"1\" \/> 19 de noviembre de 1884<br \/>\n    <input type=\"radio\" onClick=\"Engine(8, this.value)\" value=\"2\" \/> 19 de noviembre de 1900<br \/>\n    <input type=\"radio\" onClick=\"Engine(8, this.value)\" value=\"3\" \/> 19 de noviembre de 1886 <br \/>\n    <\/font><\/p>\n    <p><font color=\"#990000\" size=\"4\" face=\"Verdana, Arial, Helvetica, sans-serif\"><b>9.<\/b><b> <\/b><b>\u00bfQu\u00e9 cargo ocupo el Dr. Alfredo Palacios en La Plata?<\/b><\/font><\/p>\n    <p><font color=\"#990000\" size=\"4\" face=\"Verdana, Arial, Helvetica, sans-serif\"><input type=\"radio\" onClick=\"Engine(9, this.value)\" value=\"1\" \/> Presidente de la C\u00e1mara de Diputados<br \/>\n    <input type=\"radio\" onClick=\"Engine(9, this.value)\" value=\"2\" \/> Presidente de la Universidad Nacional de La Plata<br \/>\n    <input type=\"radio\" onClick=\"Engine(9, this.value)\" value=\"3\" \/> Presidente del Jockey Club<br \/>\n    <\/font><\/p>\n    <p><font color=\"#990000\" size=\"4\" face=\"Verdana, Arial, Helvetica, sans-serif\"><b>10. \u00bfEn qu\u00e9 fecha consigui\u00f3 la Autonom\u00eda Municipal Ensenada?<\/b><\/font><\/p>\n    <p align=\"left\"><font color=\"#990000\" size=\"4\" face=\"Verdana, Arial, Helvetica, sans-serif\"><input type=\"radio\" onClick=\"Engine(10, this.value)\" value=\"1\" \/> 3 de abril de 1957<br \/>\n    <input type=\"radio\" onClick=\"Engine(10, this.value)\" value=\"2\" \/> 3 de abril de 1960<br \/>\n    <input type=\"radio\" onClick=\"Engine(10, this.value)\" value=\"3\" \/> 3 de abril de 1945 <\/font><\/p>\n    <hr \/>\n    <p>&nbsp;<\/p>\n    <center><font color=\"#990000\" size=\"4\" face=\"Verdana, Arial, Helvetica, sans-serif\"><input type=\"button\" onclick=\"NextLevel()\" value=\"Presione para ver el resultado\" \/><\/font><\/center>\n<\/form>\n<hr \/>\n<script language=\"JavaScript\">\n\nvar ans = new Array;\nvar done = new Array;\nvar score = 0;\n\nans[1] = \"2\";\nans[2] = \"3\";\nans[3] = \"3\";\nans[4] = \"1\";\nans[5] = \"1\";\nans[6] = \"1\";\nans[7] = \"2\";\nans[8] = \"3\";\nans[9] = \"2\";\nans[10] = \"1\";\n\nfunction Engine(question, answer) {\n\n        if (answer != ans[question]) {\n                if (!done[question]) {\n                        done[question] = -1;\n                        alert(\"Respuesta Incorrecta!\\n\\nSu puntaje todavia es: \" + score);\n                        }\n                else {\n                        alert(\"Respuesta Incorrecta!\\n\\nUsted ya contesto esta pregunta.\");\n                        }\n                }\n        else {\n                if (!done[question]) {\n                        done[question] = -1;\n                        score++;\n                        alert(\"Respuesta Correcta!\\n\\nSu puntaje acumulado es: \" + score);\n                        }\n                else {\n                        alert(\"Respuesta Correcta!\\n\\nUsted ya contesto esta pregunta.\");\n                        }\n                }\n}\n\nfunction NextLevel () {\n        if (score > 10) {\n                alert(\"Haciendo trampa!\");\n                }\n        if (score >= 7 && score < 10) {\n                alert(\"Felicitaciones!  Usted es un verdadero conocedor de la ciudad de La Plata. \\n\\n                                 Su puntaje final es: \" + score)\n\n                }\n        if (score == 10) {\n                alert(\"Excelente!  Usted es un verdadero fan\u00e1tico de la ciudad de La Plata. \\n\\n                           Su puntaje final es: \" + score)\n\n                }\n        if (score < 7) {\n                alert(\"A\u00fan no conoce la ciudad de La Plata.  Debe actualizar la p\u00e1gina, para jugar nuevamente. \\n\\n                                             Su puntaje final es: \" + score)\n                }\n}\n<\/script>\n\n\n\n<p class=\"has-text-align-center\"><strong>Ir a>>> \u00bfQu\u00e9 sabe usted de La Plata\u00a0<a href=\"http:\/\/www.laplatamagica.com.ar\/?page_id=4651\">1<\/a>\u00a0<a href=\"http:\/\/www.laplatamagica.com.ar\/?page_id=4662\">2\u00a0<\/a><a href=\"http:\/\/www.laplatamagica.com.ar\/?page_id=4678\">3<\/a>\u00a0<a href=\"http:\/\/www.laplatamagica.com.ar\/?page_id=4688\">4<\/a>\u00a0<a href=\"http:\/\/www.laplatamagica.com.ar\/?page_id=4699\">5<\/a>\u00a0<a href=\"http:\/\/www.laplatamagica.com.ar\/?page_id=4716\">6<\/a>\u00a0<a href=\"http:\/\/www.laplatamagica.com.ar\/?page_id=4849\">7\u00a0<\/a><a href=\"http:\/\/www.laplatamagica.com.ar\/?page_id=10282\">8<\/a> <a href=\"https:\/\/laplatamagica.com.ar\/?page_id=12325\">9<\/a>?<\/strong><\/p>\n","protected":false},"excerpt":{"rendered":"<p>Ir a&gt;&gt;&gt; \u00bfQu\u00e9 sabe usted de La Plata&nbsp;1&nbsp;2&nbsp;3&nbsp;4&nbsp;5&nbsp;6&nbsp;7&nbsp;8 9? >> \u00bfQu\u00e9 sabe usted de La Plata\u00a01\u00a02\u00a03\u00a04\u00a05\u00a06\u00a07\u00a08 9?<\/p>\n","protected":false},"author":1,"featured_media":0,"parent":0,"menu_order":0,"comment_status":"closed","ping_status":"closed","template":"","meta":{"switch_pages_title":"","h5ap_radio_sources":[],"footnotes":""},"class_list":["post-12325","page","type-page","status-publish","hentry"],"_links":{"self":[{"href":"https:\/\/laplatamagica.ar\/index.php?rest_route=\/wp\/v2\/pages\/12325","targetHints":{"allow":["GET"]}}],"collection":[{"href":"https:\/\/laplatamagica.ar\/index.php?rest_route=\/wp\/v2\/pages"}],"about":[{"href":"https:\/\/laplatamagica.ar\/index.php?rest_route=\/wp\/v2\/types\/page"}],"author":[{"embeddable":true,"href":"https:\/\/laplatamagica.ar\/index.php?rest_route=\/wp\/v2\/users\/1"}],"replies":[{"embeddable":true,"href":"https:\/\/laplatamagica.ar\/index.php?rest_route=%2Fwp%2Fv2%2Fcomments&post=12325"}],"version-history":[{"count":11,"href":"https:\/\/laplatamagica.ar\/index.php?rest_route=\/wp\/v2\/pages\/12325\/revisions"}],"predecessor-version":[{"id":12354,"href":"https:\/\/laplatamagica.ar\/index.php?rest_route=\/wp\/v2\/pages\/12325\/revisions\/12354"}],"wp:attachment":[{"href":"https:\/\/laplatamagica.ar\/index.php?rest_route=%2Fwp%2Fv2%2Fmedia&parent=12325"}],"curies":[{"name":"wp","href":"https:\/\/api.w.org\/{rel}","templated":true}]}}