{"id":1287,"date":"2019-09-03T10:55:41","date_gmt":"2019-09-03T13:55:41","guid":{"rendered":"http:\/\/www.laplatamagica.com.ar\/?page_id=1287"},"modified":"2026-04-18T14:09:36","modified_gmt":"2026-04-18T17:09:36","slug":"1287-2","status":"publish","type":"page","link":"https:\/\/laplatamagica.ar\/","title":{"rendered":"La Plata M\u00e1gica"},"content":{"rendered":"\n<p class=\"has-text-align-center\" style=\"font-size:12px\"><strong><a href=\"http:\/\/www.laplatamagica.com.ar\/?page_id=4243\">Web Declarada de Inter\u00e9s Municipal por el Honorable Concejo Deliberante de La Plata <\/a><\/strong><\/p>\n\n\n\n\n\n<meta name=\"google-site-verification\" content=\"M7MLd8EiK6vH3vKiaxJhArPjny-NOmeNFIymND3QUrI\" \/>\n\n\n\n<p class=\"has-text-align-center\" style=\"font-size:30px\"><strong>Bienvenido a la Ciudad de La Plata<br> Capital de la Provincia de Buenos Aires<\/strong><\/p>\n\n\n\n<p class=\"has-text-align-right\"><strong><em>Roberto G. <\/em><\/strong>Abrodos<\/p>\n\n\n\n<figure class=\"wp-block-gallery aligncenter has-nested-images columns-default is-cropped wp-block-gallery-1 is-layout-flex wp-block-gallery-is-layout-flex\">\n<figure class=\"wp-block-image size-medium\"><img loading=\"lazy\" decoding=\"async\" width=\"219\" height=\"300\" data-id=\"12410\" src=\"https:\/\/laplatamagica.ar\/wp-content\/uploads\/2023\/11\/Apuntes02AAAA-219x300.png\" alt=\"\" class=\"wp-image-12410\" srcset=\"https:\/\/laplatamagica.ar\/wp-content\/uploads\/2023\/11\/Apuntes02AAAA-219x300.png 219w, https:\/\/laplatamagica.ar\/wp-content\/uploads\/2023\/11\/Apuntes02AAAA.png 666w\" sizes=\"auto, (max-width: 219px) 85vw, 219px\" \/><\/figure>\n<\/figure>\n\n\n\n<p class=\"has-text-align-center\"><strong>En venta en las librer\u00edas tradicionales de la ciudad.<\/strong><\/p>\n\n\n<div class=\"wp-block-image\">\n<figure class=\"aligncenter size-full is-resized\"><a href=\"https:\/\/laplatamagica.ar\/?page_id=13296\" target=\"_blank\" rel=\" noreferrer noopener\"><img loading=\"lazy\" decoding=\"async\" width=\"600\" height=\"375\" src=\"https:\/\/laplatamagica.ar\/wp-content\/uploads\/2026\/02\/sofi02.jpg\" alt=\"\" class=\"wp-image-13339\" style=\"width:285px;height:auto\" srcset=\"https:\/\/laplatamagica.ar\/wp-content\/uploads\/2026\/02\/sofi02.jpg 600w, https:\/\/laplatamagica.ar\/wp-content\/uploads\/2026\/02\/sofi02-300x188.jpg 300w\" sizes=\"auto, (max-width: 600px) 85vw, 600px\" \/><\/a><\/figure>\n<\/div>\n\n<div class=\"wp-block-image\">\n<figure class=\"aligncenter size-full is-resized\"><a href=\"https:\/\/laplatamagica.ar\/?page_id=10978\" target=\"_blank\" rel=\"noreferrer noopener\"><img loading=\"lazy\" decoding=\"async\" width=\"300\" height=\"198\" src=\"https:\/\/laplatamagica.ar\/wp-content\/uploads\/2024\/05\/poesia-5.jpg\" alt=\"\" class=\"wp-image-12617\" style=\"width:126px;height:auto\"\/><\/a><\/figure>\n<\/div>\n\n<div class=\"wp-block-image\">\n<figure class=\"aligncenter size-full is-resized\"><a href=\"https:\/\/laplatamagica.ar\/?page_id=11301\" target=\"_blank\" rel=\" noreferrer noopener\"><img loading=\"lazy\" decoding=\"async\" width=\"1024\" height=\"1024\" src=\"https:\/\/laplatamagica.ar\/wp-content\/uploads\/2026\/02\/archivodela-palabra-2.png\" alt=\"\" class=\"wp-image-13316\" style=\"width:339px;height:auto\" srcset=\"https:\/\/laplatamagica.ar\/wp-content\/uploads\/2026\/02\/archivodela-palabra-2.png 1024w, https:\/\/laplatamagica.ar\/wp-content\/uploads\/2026\/02\/archivodela-palabra-2-300x300.png 300w, https:\/\/laplatamagica.ar\/wp-content\/uploads\/2026\/02\/archivodela-palabra-2-150x150.png 150w, https:\/\/laplatamagica.ar\/wp-content\/uploads\/2026\/02\/archivodela-palabra-2-768x768.png 768w\" sizes=\"auto, (max-width: 709px) 85vw, (max-width: 909px) 67vw, (max-width: 1362px) 62vw, 840px\" \/><\/a><\/figure>\n<\/div>\n\n\n\n\n<pre class=\"wp-block-code\"><code><\/code><\/pre>\n\n\n\n<p class=\"has-text-align-left has-x-large-font-size\"><\/p>\n\n\n\n<figure class=\"wp-block-gallery has-nested-images columns-default is-cropped wp-block-gallery-2 is-layout-flex wp-block-gallery-is-layout-flex\"><\/figure>\n\n\n<div class=\"wp-block-image\">\n<figure class=\"aligncenter is-resized\"><a href=\"http:\/\/www.laplatamagica.com.ar\/?page_id=9845\" target=\"_blank\" rel=\"noreferrer noopener\"><img loading=\"lazy\" decoding=\"async\" width=\"226\" height=\"95\" src=\"http:\/\/www.laplatamagica.com.ar\/wp-content\/uploads\/2021\/06\/podcast.png\" alt=\"Escucha Podcast de La Plata. \" class=\"wp-image-9873\" style=\"width:170px;height:71px\"\/><\/a><\/figure>\n<\/div>\n\n\n<p class=\"has-text-align-center has-white-color has-light-gray-background-color has-text-color has-background has-medium-font-size\"><strong><a rel=\"noreferrer noopener\" aria-label=\"\u00bfQu\u00e9 hacer en La Plata?, fijate que actividades te puedes gustar de una gran oferta que ofrece la ciudad. (opens in a new tab)\" href=\"http:\/\/www.laplatamagica.com.ar\/?page_id=10178\" target=\"_blank\">\u00bfQu\u00e9 hacer en La Plata?, fijate que actividades te pueden gustar de una gran oferta que ofrece la ciudad.<\/a><\/strong><\/p>\n\n\n<div class=\"wp-block-image\">\n<figure class=\"aligncenter size-full\"><a class=\"Cronos Tiempo de Noticias Bonaerenses\" href=\"https:\/\/infocronos.com.ar\/\" target=\"_blank\" rel=\"noreferrer noopener\"><img loading=\"lazy\" decoding=\"async\" width=\"435\" height=\"126\" src=\"https:\/\/laplatamagica.ar\/wp-content\/uploads\/2024\/01\/cronos.jpg\" alt=\"\" class=\"wp-image-12465\" style=\"aspect-ratio:3.4523809523809526\" srcset=\"https:\/\/laplatamagica.ar\/wp-content\/uploads\/2024\/01\/cronos.jpg 435w, https:\/\/laplatamagica.ar\/wp-content\/uploads\/2024\/01\/cronos-300x87.jpg 300w\" sizes=\"auto, (max-width: 435px) 85vw, 435px\" \/><\/a><\/figure>\n<\/div>\n\n<div class=\"wp-block-image\">\n<figure class=\"aligncenter is-resized\"><a href=\"https:\/\/90lineas.com\/\" target=\"_blank\" rel=\"noreferrer noopener\"><img loading=\"lazy\" decoding=\"async\" width=\"300\" height=\"82\" src=\"http:\/\/www.laplatamagica.com.ar\/wp-content\/uploads\/2021\/05\/noventalineas.jpg\" alt=\"\" class=\"wp-image-9793\" style=\"width:184px;height:50px\"\/><\/a><figcaption class=\"wp-element-caption\"><strong>Periodismo de Autor Diario   Digital de La Pla<\/strong>ta<\/figcaption><\/figure>\n<\/div>\n\n\n<h3 class=\"wp-block-heading has-text-align-center\">Esta p\u00e1gina est\u00e1 realizada sin fines de lucro.<\/h3>\n\n\n<div class=\"wp-block-image\">\n<figure class=\"aligncenter\"><a href=\"http:\/\/www.laplatamagica.com.ar\/?page_id=3389#agro\" target=\"_blank\" rel=\" noreferrer noopener\"><img loading=\"lazy\" decoding=\"async\" width=\"400\" height=\"230\" src=\"http:\/\/www.laplatamagica.com.ar\/wp-content\/uploads\/2020\/08\/agro-1.jpg\" alt=\"\" class=\"wp-image-7998\" srcset=\"https:\/\/laplatamagica.ar\/wp-content\/uploads\/2020\/08\/agro-1.jpg 400w, https:\/\/laplatamagica.ar\/wp-content\/uploads\/2020\/08\/agro-1-300x173.jpg 300w\" sizes=\"auto, (max-width: 400px) 85vw, 400px\" \/><\/a><\/figure>\n<\/div>\n\n\n<h6 class=\"wp-block-heading has-text-align-center\">Esta p\u00e1gina no se hubiera podido realizar sin la desinteresada participaci\u00f3n del Webmaster Andres Greco.<\/h6>\n\n\n\n<p class=\"has-text-align-center has-small-font-size\"><strong>El nombre de esta p\u00e1gina fue inspirado por una frase que encontr\u00e9 en un libro de Pedro Luis Barcia &#8220;La Plata vista por los viajeros 1882 -1912&#8221; y que dice: &#8220;Una ciudad encantada en la llanura que surgi\u00f3 como por arte de magia&#8221;, pertenece a un viajero, Thomas A. Turner, que pas\u00f3 por estas tierras en el a\u00f1o 1890.<\/strong> <\/p>\n\n\n","protected":false},"excerpt":{"rendered":"<p>Web Declarada de Inter\u00e9s Municipal por el Honorable Concejo Deliberante de La Plata Bienvenido a la Ciudad de La Plata Capital de la Provincia de Buenos Aires Roberto G. Abrodos En venta en las librer\u00edas tradicionales de la ciudad. \u00bfQu\u00e9 hacer en La Plata?, fijate que actividades te pueden gustar de una gran oferta que &hellip; <a href=\"https:\/\/laplatamagica.ar\/\" class=\"more-link\">Continuar leyendo<span class=\"screen-reader-text\"> &#8220;La Plata M\u00e1gica&#8221;<\/span><\/a><\/p>\n","protected":false},"author":1,"featured_media":0,"parent":0,"menu_order":0,"comment_status":"closed","ping_status":"closed","template":"","meta":{"switch_pages_title":"","h5ap_radio_sources":[],"footnotes":""},"class_list":["post-1287","page","type-page","status-publish","hentry"],"_links":{"self":[{"href":"https:\/\/laplatamagica.ar\/index.php?rest_route=\/wp\/v2\/pages\/1287","targetHints":{"allow":["GET"]}}],"collection":[{"href":"https:\/\/laplatamagica.ar\/index.php?rest_route=\/wp\/v2\/pages"}],"about":[{"href":"https:\/\/laplatamagica.ar\/index.php?rest_route=\/wp\/v2\/types\/page"}],"author":[{"embeddable":true,"href":"https:\/\/laplatamagica.ar\/index.php?rest_route=\/wp\/v2\/users\/1"}],"replies":[{"embeddable":true,"href":"https:\/\/laplatamagica.ar\/index.php?rest_route=%2Fwp%2Fv2%2Fcomments&post=1287"}],"version-history":[{"count":86,"href":"https:\/\/laplatamagica.ar\/index.php?rest_route=\/wp\/v2\/pages\/1287\/revisions"}],"predecessor-version":[{"id":13382,"href":"https:\/\/laplatamagica.ar\/index.php?rest_route=\/wp\/v2\/pages\/1287\/revisions\/13382"}],"wp:attachment":[{"href":"https:\/\/laplatamagica.ar\/index.php?rest_route=%2Fwp%2Fv2%2Fmedia&parent=1287"}],"curies":[{"name":"wp","href":"https:\/\/api.w.org\/{rel}","templated":true}]}}