{"id":1909,"date":"2019-09-19T06:06:21","date_gmt":"2019-09-19T09:06:21","guid":{"rendered":"http:\/\/www.laplatamagica.com.ar\/?page_id=1909"},"modified":"2019-10-08T16:21:46","modified_gmt":"2019-10-08T19:21:46","slug":"coleccion-juan-a-greco-4-2","status":"publish","type":"page","link":"https:\/\/laplatamagica.ar\/?page_id=1909","title":{"rendered":"Colecci\u00f3n Juan A. Greco 4"},"content":{"rendered":"\n<h5 class=\"wp-block-heading\" style=\"text-align:center\" id=\"mce_0\"><br><strong>Postales y Fotos de Juan A. Greco &gt;&gt;&gt; <\/strong><a href=\"http:\/\/www.laplatamagica.com.ar\/?page_id=1615\"><strong>1<\/strong><\/a><strong>  <a href=\"http:\/\/www.laplatamagica.com.ar\/?page_id=1727\">2<\/a>  <a href=\"http:\/\/www.laplatamagica.com.ar\/?page_id=1822\">3<\/a>  <a href=\"http:\/\/www.laplatamagica.com.ar\/?page_id=1909\">4<\/a><\/strong> <\/h5>\n\n\n\n<div class=\"wp-block-image\"><figure class=\"aligncenter\"><img loading=\"lazy\" decoding=\"async\" width=\"1000\" height=\"635\" src=\"http:\/\/www.laplatamagica.com.ar\/wp-content\/uploads\/2019\/09\/postaH1.jpg\" alt=\"\" class=\"wp-image-1915\" srcset=\"https:\/\/laplatamagica.ar\/wp-content\/uploads\/2019\/09\/postaH1.jpg 1000w, https:\/\/laplatamagica.ar\/wp-content\/uploads\/2019\/09\/postaH1-300x191.jpg 300w, https:\/\/laplatamagica.ar\/wp-content\/uploads\/2019\/09\/postaH1-768x488.jpg 768w\" sizes=\"auto, (max-width: 709px) 85vw, (max-width: 909px) 67vw, (max-width: 1362px) 62vw, 840px\" \/><figcaption><strong>El palacio de Gobierno, con sus rejas primeras y la tranquilidad de otros tiempos.<\/strong><\/figcaption><\/figure><\/div>\n\n\n\n<div class=\"wp-block-image\"><figure class=\"aligncenter\"><img loading=\"lazy\" decoding=\"async\" width=\"1000\" height=\"651\" src=\"http:\/\/www.laplatamagica.com.ar\/wp-content\/uploads\/2019\/09\/postaH2.jpg\" alt=\"\" class=\"wp-image-1917\" srcset=\"https:\/\/laplatamagica.ar\/wp-content\/uploads\/2019\/09\/postaH2.jpg 1000w, https:\/\/laplatamagica.ar\/wp-content\/uploads\/2019\/09\/postaH2-300x195.jpg 300w, https:\/\/laplatamagica.ar\/wp-content\/uploads\/2019\/09\/postaH2-768x500.jpg 768w\" sizes=\"auto, (max-width: 709px) 85vw, (max-width: 909px) 67vw, (max-width: 1362px) 62vw, 840px\" \/><figcaption><strong>Imagen nocturna de la Plaza San Mart\u00edn, en v\u00edsperas de cincuentenario de la ciudad.<\/strong><\/figcaption><\/figure><\/div>\n\n\n\n<div class=\"wp-block-image\"><figure class=\"aligncenter\"><img loading=\"lazy\" decoding=\"async\" width=\"992\" height=\"635\" src=\"http:\/\/www.laplatamagica.com.ar\/wp-content\/uploads\/2019\/09\/postaH3.jpg\" alt=\"\" class=\"wp-image-1919\" srcset=\"https:\/\/laplatamagica.ar\/wp-content\/uploads\/2019\/09\/postaH3.jpg 992w, https:\/\/laplatamagica.ar\/wp-content\/uploads\/2019\/09\/postaH3-300x192.jpg 300w, https:\/\/laplatamagica.ar\/wp-content\/uploads\/2019\/09\/postaH3-768x492.jpg 768w\" sizes=\"auto, (max-width: 709px) 85vw, (max-width: 909px) 67vw, (max-width: 1362px) 62vw, 840px\" \/><figcaption><strong>Campo de juego del Club de Gimnasia y Esgrima La Plata, inaugurado 26 de abril de 1924 el chalet que se observa fue el primer vestuario con que contaron los usuarios del natatorio. El 26 de abril de 1924 fueran inauguradas las obras de la platea, con la presencia del Gobernador de aquel entonces, el Dr. Cantilo. Si bien la ceremonia oficial se posterg\u00f3 hasta el Aniversario de la Ciudad de La Plata donde Gimnasia disput\u00f3 un amistoso con Pe\u00f1arol de Montevideo. Si la casilla estuviera hoy, estar\u00eda tapada por la tribuna techada.<\/strong><\/figcaption><\/figure><\/div>\n\n\n\n<div class=\"wp-block-image\"><figure class=\"aligncenter\"><img loading=\"lazy\" decoding=\"async\" width=\"647\" height=\"1024\" src=\"http:\/\/www.laplatamagica.com.ar\/wp-content\/uploads\/2019\/09\/postaH4-647x1024.jpg\" alt=\"\" class=\"wp-image-1921\" srcset=\"https:\/\/laplatamagica.ar\/wp-content\/uploads\/2019\/09\/postaH4-647x1024.jpg 647w, https:\/\/laplatamagica.ar\/wp-content\/uploads\/2019\/09\/postaH4-189x300.jpg 189w, https:\/\/laplatamagica.ar\/wp-content\/uploads\/2019\/09\/postaH4.jpg 689w\" sizes=\"auto, (max-width: 647px) 85vw, 647px\" \/><figcaption><strong>En la mitolog\u00eda romana Ceres era la diosa de la agricultura, las cosechas y la fecundidad. Su equivalente en la mitolog\u00eda griega era Dem\u00e9ter. De ella reciben su nombre los cereales. Ceres era hija de Saturno y Ops, hermana de J\u00fapiter, madre de Proserpina y hermana de Juno, Vesta, Neptuno y Plut\u00f3n. Ense\u00f1\u00f3 a los hombres el arte de cultivar la tierra, de sembrar, recoger el trigo y elaborar pan, lo que hizo que fuese considerada diosa de la agricultura. Su hermano J\u00fapiter, prendado de su belleza, engendr\u00f3 con ella a Proserpina (asimilada a Pers\u00e9fone en la mitolog\u00eda griega). Tambi\u00e9n Neptuno se enamor\u00f3 de ella, y para escapar de \u00e9ste Ceres se transform\u00f3 en yegua, pero el dios se dio cuenta y se transform\u00f3 a su vez en caballo, siendo as\u00ed Ceres madre del caballo Ari\u00f3n.<\/strong><\/figcaption><\/figure><\/div>\n\n\n\n<div class=\"wp-block-image\"><figure class=\"aligncenter\"><img loading=\"lazy\" decoding=\"async\" width=\"1000\" height=\"622\" src=\"http:\/\/www.laplatamagica.com.ar\/wp-content\/uploads\/2019\/09\/postaH5.jpg\" alt=\"\" class=\"wp-image-1923\" srcset=\"https:\/\/laplatamagica.ar\/wp-content\/uploads\/2019\/09\/postaH5.jpg 1000w, https:\/\/laplatamagica.ar\/wp-content\/uploads\/2019\/09\/postaH5-300x187.jpg 300w, https:\/\/laplatamagica.ar\/wp-content\/uploads\/2019\/09\/postaH5-768x478.jpg 768w\" sizes=\"auto, (max-width: 709px) 85vw, (max-width: 909px) 67vw, (max-width: 1362px) 62vw, 840px\" \/><figcaption><strong>Plaza 1\u00b0Junta y al fondo la Legislatura de la Provincia de Buenos Aires.<\/strong><\/figcaption><\/figure><\/div>\n\n\n\n<div class=\"wp-block-image\"><figure class=\"aligncenter\"><img loading=\"lazy\" decoding=\"async\" width=\"1000\" height=\"652\" src=\"http:\/\/www.laplatamagica.com.ar\/wp-content\/uploads\/2019\/09\/postaH6.jpg\" alt=\"\" class=\"wp-image-1925\" srcset=\"https:\/\/laplatamagica.ar\/wp-content\/uploads\/2019\/09\/postaH6.jpg 1000w, https:\/\/laplatamagica.ar\/wp-content\/uploads\/2019\/09\/postaH6-300x196.jpg 300w, https:\/\/laplatamagica.ar\/wp-content\/uploads\/2019\/09\/postaH6-768x501.jpg 768w\" sizes=\"auto, (max-width: 709px) 85vw, (max-width: 909px) 67vw, (max-width: 1362px) 62vw, 840px\" \/><figcaption><strong>La Ensenada de Barrag\u00e1n se ubica en la costa oeste del estuario del r\u00edo de la Plata, en una especie de recodo \u00f3 seno ribere\u00f1o limitado al Noroeste por la punta de Lara (o Punta Ballena, actual Punta Lara), y la Punta Santiago, al Sudeste. En dicha ensenada desembocaba el r\u00edo Santiago, pero sucesivas deposiciones aluvionales \u2018\u2019cerraron\u2019\u2019 el estuario de este r\u00edo, cambiando la conformaci\u00f3n de la misma, tal cual la hab\u00edan contemplado los navegantes espa\u00f1oles a mediados del siglo XVIII.<\/strong><\/figcaption><\/figure><\/div>\n\n\n\n<div class=\"wp-block-image\"><figure class=\"aligncenter\"><img loading=\"lazy\" decoding=\"async\" width=\"1000\" height=\"636\" src=\"http:\/\/www.laplatamagica.com.ar\/wp-content\/uploads\/2019\/09\/postaH7.jpg\" alt=\"\" class=\"wp-image-1927\" srcset=\"https:\/\/laplatamagica.ar\/wp-content\/uploads\/2019\/09\/postaH7.jpg 1000w, https:\/\/laplatamagica.ar\/wp-content\/uploads\/2019\/09\/postaH7-300x191.jpg 300w, https:\/\/laplatamagica.ar\/wp-content\/uploads\/2019\/09\/postaH7-768x488.jpg 768w\" sizes=\"auto, (max-width: 709px) 85vw, (max-width: 909px) 67vw, (max-width: 1362px) 62vw, 840px\" \/><figcaption><strong>Traducci\u00f3n: \u201cLocomotora para el transporte pasajeros y mercanc\u00edas de hierro de La Plata\u201d<\/strong><\/figcaption><\/figure><\/div>\n\n\n\n<div class=\"wp-block-image\"><figure class=\"aligncenter\"><img loading=\"lazy\" decoding=\"async\" width=\"1000\" height=\"629\" src=\"http:\/\/www.laplatamagica.com.ar\/wp-content\/uploads\/2019\/09\/postaH8.jpg\" alt=\"\" class=\"wp-image-1929\" srcset=\"https:\/\/laplatamagica.ar\/wp-content\/uploads\/2019\/09\/postaH8.jpg 1000w, https:\/\/laplatamagica.ar\/wp-content\/uploads\/2019\/09\/postaH8-300x189.jpg 300w, https:\/\/laplatamagica.ar\/wp-content\/uploads\/2019\/09\/postaH8-768x483.jpg 768w\" sizes=\"auto, (max-width: 709px) 85vw, (max-width: 909px) 67vw, (max-width: 1362px) 62vw, 840px\" \/><figcaption><strong>El lago Ameghino en el Zool\u00f3gico de La Plata con la escultura en su centro, hoy en otro sitio.<\/strong><\/figcaption><\/figure><\/div>\n\n\n\n<div class=\"wp-block-image\"><figure class=\"aligncenter\"><img loading=\"lazy\" decoding=\"async\" width=\"1000\" height=\"630\" src=\"http:\/\/www.laplatamagica.com.ar\/wp-content\/uploads\/2019\/09\/postaH9.jpg\" alt=\"\" class=\"wp-image-1931\" srcset=\"https:\/\/laplatamagica.ar\/wp-content\/uploads\/2019\/09\/postaH9.jpg 1000w, https:\/\/laplatamagica.ar\/wp-content\/uploads\/2019\/09\/postaH9-300x189.jpg 300w, https:\/\/laplatamagica.ar\/wp-content\/uploads\/2019\/09\/postaH9-768x484.jpg 768w\" sizes=\"auto, (max-width: 709px) 85vw, (max-width: 909px) 67vw, (max-width: 1362px) 62vw, 840px\" \/><figcaption><strong>Antiguo teatro del bosque que fue demolido y en 1949 inaugurado el actual.<\/strong><\/figcaption><\/figure><\/div>\n\n\n\n<div class=\"wp-block-image\"><figure class=\"aligncenter\"><img loading=\"lazy\" decoding=\"async\" width=\"1000\" height=\"639\" src=\"http:\/\/www.laplatamagica.com.ar\/wp-content\/uploads\/2019\/09\/postaH10.jpg\" alt=\"\" class=\"wp-image-1933\" srcset=\"https:\/\/laplatamagica.ar\/wp-content\/uploads\/2019\/09\/postaH10.jpg 1000w, https:\/\/laplatamagica.ar\/wp-content\/uploads\/2019\/09\/postaH10-300x192.jpg 300w, https:\/\/laplatamagica.ar\/wp-content\/uploads\/2019\/09\/postaH10-768x491.jpg 768w\" sizes=\"auto, (max-width: 709px) 85vw, (max-width: 909px) 67vw, (max-width: 1362px) 62vw, 840px\" \/><figcaption><strong>Hermosa postal con un enfoque de la actual plaza San Martin, que tenemos la posibilidad de disfrutar gracias a la generosidad de Juan Antonio Greco mi amigo, colaborador desinteresado de esta p\u00e1gina y gran conocedor de la historia de nuestra ciudad.<\/strong><\/figcaption><\/figure><\/div>\n\n\n\n<div class=\"wp-block-image\"><figure class=\"aligncenter\"><img loading=\"lazy\" decoding=\"async\" width=\"1000\" height=\"630\" src=\"http:\/\/www.laplatamagica.com.ar\/wp-content\/uploads\/2019\/09\/postaH11.jpg\" alt=\"\" class=\"wp-image-1935\" srcset=\"https:\/\/laplatamagica.ar\/wp-content\/uploads\/2019\/09\/postaH11.jpg 1000w, https:\/\/laplatamagica.ar\/wp-content\/uploads\/2019\/09\/postaH11-300x189.jpg 300w, https:\/\/laplatamagica.ar\/wp-content\/uploads\/2019\/09\/postaH11-768x484.jpg 768w\" sizes=\"auto, (max-width: 709px) 85vw, (max-width: 909px) 67vw, (max-width: 1362px) 62vw, 840px\" \/><figcaption><strong>Hermosa vista de la Municipalidad en la plaza Mariano Moreno, se aprecia el desaparecido Teatro Argentino y la ciudad que fue, tranquila y hermosa.<\/strong><\/figcaption><\/figure><\/div>\n\n\n\n<div class=\"wp-block-image\"><figure class=\"aligncenter\"><img loading=\"lazy\" decoding=\"async\" width=\"1000\" height=\"614\" src=\"http:\/\/www.laplatamagica.com.ar\/wp-content\/uploads\/2019\/09\/postaH12.jpg\" alt=\"\" class=\"wp-image-1937\" srcset=\"https:\/\/laplatamagica.ar\/wp-content\/uploads\/2019\/09\/postaH12.jpg 1000w, https:\/\/laplatamagica.ar\/wp-content\/uploads\/2019\/09\/postaH12-300x184.jpg 300w, https:\/\/laplatamagica.ar\/wp-content\/uploads\/2019\/09\/postaH12-768x472.jpg 768w\" sizes=\"auto, (max-width: 709px) 85vw, (max-width: 909px) 67vw, (max-width: 1362px) 62vw, 840px\" \/><figcaption><strong>Hermosa toma de avenida 7 entre 49 y 50 de principios de siglo XX, Estaci\u00f3n La Plata, hoy pasaje Dardo Rocha.<\/strong><\/figcaption><\/figure><\/div>\n\n\n\n<div class=\"wp-block-image\"><figure class=\"aligncenter\"><img loading=\"lazy\" decoding=\"async\" width=\"1000\" height=\"651\" src=\"http:\/\/www.laplatamagica.com.ar\/wp-content\/uploads\/2019\/09\/postaH13.jpg\" alt=\"\" class=\"wp-image-1939\" srcset=\"https:\/\/laplatamagica.ar\/wp-content\/uploads\/2019\/09\/postaH13.jpg 1000w, https:\/\/laplatamagica.ar\/wp-content\/uploads\/2019\/09\/postaH13-300x195.jpg 300w, https:\/\/laplatamagica.ar\/wp-content\/uploads\/2019\/09\/postaH13-768x500.jpg 768w\" sizes=\"auto, (max-width: 709px) 85vw, (max-width: 909px) 67vw, (max-width: 1362px) 62vw, 840px\" \/><figcaption><strong>Hermosa vista de la estaci\u00f3n &#8220;19 de Noviembre&#8221; sobre calle 7 y 50 actual pasaje Dardo Rocha a principios del siglo pasado.<\/strong><\/figcaption><\/figure><\/div>\n\n\n\n<div class=\"wp-block-image\"><figure class=\"aligncenter\"><img loading=\"lazy\" decoding=\"async\" width=\"1000\" height=\"668\" src=\"http:\/\/www.laplatamagica.com.ar\/wp-content\/uploads\/2019\/09\/postaH14.jpg\" alt=\"\" class=\"wp-image-1941\" srcset=\"https:\/\/laplatamagica.ar\/wp-content\/uploads\/2019\/09\/postaH14.jpg 1000w, https:\/\/laplatamagica.ar\/wp-content\/uploads\/2019\/09\/postaH14-300x200.jpg 300w, https:\/\/laplatamagica.ar\/wp-content\/uploads\/2019\/09\/postaH14-768x513.jpg 768w\" sizes=\"auto, (max-width: 709px) 85vw, (max-width: 909px) 67vw, (max-width: 1362px) 62vw, 840px\" \/><figcaption><strong>Vista de la estaci\u00f3n de ferrocarril por la ma\u00f1ana, transito tranviario y operarios arreglando el empedrado.<\/strong><\/figcaption><\/figure><\/div>\n\n\n\n<div class=\"wp-block-image\"><figure class=\"aligncenter\"><img loading=\"lazy\" decoding=\"async\" width=\"1000\" height=\"722\" src=\"http:\/\/www.laplatamagica.com.ar\/wp-content\/uploads\/2019\/09\/postaH15.jpg\" alt=\"\" class=\"wp-image-1943\" srcset=\"https:\/\/laplatamagica.ar\/wp-content\/uploads\/2019\/09\/postaH15.jpg 1000w, https:\/\/laplatamagica.ar\/wp-content\/uploads\/2019\/09\/postaH15-300x217.jpg 300w, https:\/\/laplatamagica.ar\/wp-content\/uploads\/2019\/09\/postaH15-768x554.jpg 768w\" sizes=\"auto, (max-width: 709px) 85vw, (max-width: 909px) 67vw, (max-width: 1362px) 62vw, 840px\" \/><figcaption><strong>Tranv\u00eda 7 detenido frente a la estaci\u00f3n de La Plata en calle 1 entre 43 y 44, al fondo a la derecha se observa el cartel del &#8220;Cine Roca&#8221;.<\/strong><\/figcaption><\/figure><\/div>\n\n\n\n<div class=\"wp-block-image\"><figure class=\"aligncenter\"><img loading=\"lazy\" decoding=\"async\" width=\"1000\" height=\"718\" src=\"http:\/\/www.laplatamagica.com.ar\/wp-content\/uploads\/2019\/09\/postaH156.jpg\" alt=\"\" class=\"wp-image-1945\" srcset=\"https:\/\/laplatamagica.ar\/wp-content\/uploads\/2019\/09\/postaH156.jpg 1000w, https:\/\/laplatamagica.ar\/wp-content\/uploads\/2019\/09\/postaH156-300x215.jpg 300w, https:\/\/laplatamagica.ar\/wp-content\/uploads\/2019\/09\/postaH156-768x551.jpg 768w\" sizes=\"auto, (max-width: 709px) 85vw, (max-width: 909px) 67vw, (max-width: 1362px) 62vw, 840px\" \/><figcaption><strong><br>Tranv\u00eda 25 transitando por la Avenida 60. <\/strong><\/figcaption><\/figure><\/div>\n\n\n\n<div class=\"wp-block-image\"><figure class=\"aligncenter\"><img loading=\"lazy\" decoding=\"async\" width=\"1000\" height=\"819\" src=\"http:\/\/www.laplatamagica.com.ar\/wp-content\/uploads\/2019\/09\/postaH157.jpg\" alt=\"\" class=\"wp-image-1946\" srcset=\"https:\/\/laplatamagica.ar\/wp-content\/uploads\/2019\/09\/postaH157.jpg 1000w, https:\/\/laplatamagica.ar\/wp-content\/uploads\/2019\/09\/postaH157-300x246.jpg 300w, https:\/\/laplatamagica.ar\/wp-content\/uploads\/2019\/09\/postaH157-768x629.jpg 768w\" sizes=\"auto, (max-width: 709px) 85vw, (max-width: 909px) 67vw, (max-width: 1362px) 62vw, 840px\" \/><figcaption><strong> <br>Los tranv\u00edas n\u00famero 5 y 2 por calle 1 y 45. <\/strong><\/figcaption><\/figure><\/div>\n\n\n\n<div class=\"wp-block-image\"><figure class=\"aligncenter\"><img loading=\"lazy\" decoding=\"async\" width=\"1000\" height=\"630\" src=\"http:\/\/www.laplatamagica.com.ar\/wp-content\/uploads\/2019\/09\/postaH158.jpg\" alt=\"\" class=\"wp-image-1948\" srcset=\"https:\/\/laplatamagica.ar\/wp-content\/uploads\/2019\/09\/postaH158.jpg 1000w, https:\/\/laplatamagica.ar\/wp-content\/uploads\/2019\/09\/postaH158-300x189.jpg 300w, https:\/\/laplatamagica.ar\/wp-content\/uploads\/2019\/09\/postaH158-768x484.jpg 768w\" sizes=\"auto, (max-width: 709px) 85vw, (max-width: 909px) 67vw, (max-width: 1362px) 62vw, 840px\" \/><figcaption><strong> <br>Hermosa postal que muestra el sector de 1 y 44, a\u00f1o 1920 aproximadamente. <\/strong><\/figcaption><\/figure><\/div>\n\n\n\n<div class=\"wp-block-image\"><figure class=\"aligncenter\"><img loading=\"lazy\" decoding=\"async\" width=\"1000\" height=\"644\" src=\"http:\/\/www.laplatamagica.com.ar\/wp-content\/uploads\/2019\/09\/postaH159.jpg\" alt=\"\" class=\"wp-image-1950\" srcset=\"https:\/\/laplatamagica.ar\/wp-content\/uploads\/2019\/09\/postaH159.jpg 1000w, https:\/\/laplatamagica.ar\/wp-content\/uploads\/2019\/09\/postaH159-300x193.jpg 300w, https:\/\/laplatamagica.ar\/wp-content\/uploads\/2019\/09\/postaH159-768x495.jpg 768w\" sizes=\"auto, (max-width: 709px) 85vw, (max-width: 909px) 67vw, (max-width: 1362px) 62vw, 840px\" \/><figcaption><strong>Postal que muestra el arroyo del zool\u00f3gico y sus ambientes para los animales.<\/strong><\/figcaption><\/figure><\/div>\n\n\n\n<div class=\"wp-block-image\"><figure class=\"aligncenter\"><img loading=\"lazy\" decoding=\"async\" width=\"996\" height=\"644\" src=\"http:\/\/www.laplatamagica.com.ar\/wp-content\/uploads\/2019\/09\/postaH160.jpg\" alt=\"\" class=\"wp-image-1952\" srcset=\"https:\/\/laplatamagica.ar\/wp-content\/uploads\/2019\/09\/postaH160.jpg 996w, https:\/\/laplatamagica.ar\/wp-content\/uploads\/2019\/09\/postaH160-300x194.jpg 300w, https:\/\/laplatamagica.ar\/wp-content\/uploads\/2019\/09\/postaH160-768x497.jpg 768w\" sizes=\"auto, (max-width: 709px) 85vw, (max-width: 909px) 67vw, (max-width: 1362px) 62vw, 840px\" \/><figcaption><strong>Antigua postal vista de paisaje t\u00edpico de Ensenada.<\/strong><\/figcaption><\/figure><\/div>\n\n\n\n<div class=\"wp-block-image\"><figure class=\"aligncenter\"><img loading=\"lazy\" decoding=\"async\" width=\"1000\" height=\"654\" src=\"http:\/\/www.laplatamagica.com.ar\/wp-content\/uploads\/2019\/09\/postaH161.jpg\" alt=\"\" class=\"wp-image-1954\" srcset=\"https:\/\/laplatamagica.ar\/wp-content\/uploads\/2019\/09\/postaH161.jpg 1000w, https:\/\/laplatamagica.ar\/wp-content\/uploads\/2019\/09\/postaH161-300x196.jpg 300w, https:\/\/laplatamagica.ar\/wp-content\/uploads\/2019\/09\/postaH161-768x502.jpg 768w\" sizes=\"auto, (max-width: 709px) 85vw, (max-width: 909px) 67vw, (max-width: 1362px) 62vw, 840px\" \/><figcaption><strong>Postal de la estaci\u00f3n de La Plata, se observa el antiguo sistema de barreras y la calle 1 con la circulaci\u00f3n del pasado.<\/strong><\/figcaption><\/figure><\/div>\n\n\n\n<div class=\"wp-block-image\"><figure class=\"aligncenter\"><img loading=\"lazy\" decoding=\"async\" width=\"1000\" height=\"668\" src=\"http:\/\/www.laplatamagica.com.ar\/wp-content\/uploads\/2019\/09\/postaH162.jpg\" alt=\"\" class=\"wp-image-1956\" srcset=\"https:\/\/laplatamagica.ar\/wp-content\/uploads\/2019\/09\/postaH162.jpg 1000w, https:\/\/laplatamagica.ar\/wp-content\/uploads\/2019\/09\/postaH162-300x200.jpg 300w, https:\/\/laplatamagica.ar\/wp-content\/uploads\/2019\/09\/postaH162-768x513.jpg 768w\" sizes=\"auto, (max-width: 709px) 85vw, (max-width: 909px) 67vw, (max-width: 1362px) 62vw, 840px\" \/><figcaption><strong><br>Postal de la diagonal 80 hacia el Sur. <\/strong><\/figcaption><\/figure><\/div>\n\n\n\n<div class=\"wp-block-image\"><figure class=\"aligncenter\"><img loading=\"lazy\" decoding=\"async\" width=\"1000\" height=\"685\" src=\"http:\/\/www.laplatamagica.com.ar\/wp-content\/uploads\/2019\/09\/postaH163.jpg\" alt=\"\" class=\"wp-image-1958\" srcset=\"https:\/\/laplatamagica.ar\/wp-content\/uploads\/2019\/09\/postaH163.jpg 1000w, https:\/\/laplatamagica.ar\/wp-content\/uploads\/2019\/09\/postaH163-300x206.jpg 300w, https:\/\/laplatamagica.ar\/wp-content\/uploads\/2019\/09\/postaH163-768x526.jpg 768w\" sizes=\"auto, (max-width: 709px) 85vw, (max-width: 909px) 67vw, (max-width: 1362px) 62vw, 840px\" \/><figcaption> <br><strong>En los primeros d\u00edas de marzo de 1933 reabr\u00eda sus puertas al p\u00fablico la sala del cine y teatro Par\u00eds de 7 entre 47 y 48, la empresa Arnaldo Roca despu\u00e9s de trabajar durante un mes y medio. La aristocr\u00e1tica sala platense reabri\u00f3 sus puertas convertida totalmente, al punto de presentar el aspecto de las construcciones modernas. No se ha intentado agrandarla sino que por el contrario, la supresi\u00f3n de los palcos anteriores, le rest\u00f3 capacidad, pero en cambio, el conjunto presenta un aspecto m\u00e1s atrayente y distinguido. Lo primero que despierta el inter\u00e9s del p\u00fablico, es el foyer, que fue construido totalmente a nuevo, el interior de la sala, se destaca igualmente el trabajo decorativo, realizado por un artista alem\u00e1n, el Se\u00f1or Carlos Janhel que hizo lo propio en el teatro Astral de la Capital Federal, para armonizar con las butacas que son de cuero rojo guarnecida por metal cromado. <\/strong><\/figcaption><\/figure><\/div>\n\n\n\n<div class=\"wp-block-image\"><figure class=\"aligncenter\"><img loading=\"lazy\" decoding=\"async\" width=\"562\" height=\"900\" src=\"http:\/\/www.laplatamagica.com.ar\/wp-content\/uploads\/2019\/09\/postaH164-1.jpg\" alt=\"\" class=\"wp-image-1961\" srcset=\"https:\/\/laplatamagica.ar\/wp-content\/uploads\/2019\/09\/postaH164-1.jpg 562w, https:\/\/laplatamagica.ar\/wp-content\/uploads\/2019\/09\/postaH164-1-187x300.jpg 187w\" sizes=\"auto, (max-width: 562px) 85vw, 562px\" \/><figcaption><strong>Monumento al maratonista en la esquina de calle 7 y 53.<\/strong><\/figcaption><\/figure><\/div>\n\n\n\n<div class=\"wp-block-image\"><figure class=\"aligncenter\"><img loading=\"lazy\" decoding=\"async\" width=\"800\" height=\"508\" src=\"http:\/\/www.laplatamagica.com.ar\/wp-content\/uploads\/2019\/09\/postaH165.jpg\" alt=\"\" class=\"wp-image-1963\" srcset=\"https:\/\/laplatamagica.ar\/wp-content\/uploads\/2019\/09\/postaH165.jpg 800w, https:\/\/laplatamagica.ar\/wp-content\/uploads\/2019\/09\/postaH165-300x191.jpg 300w, https:\/\/laplatamagica.ar\/wp-content\/uploads\/2019\/09\/postaH165-768x488.jpg 768w\" sizes=\"auto, (max-width: 800px) 85vw, 800px\" \/><figcaption><strong>Vista de la calle 9, al fondo campanario del Sagrado Coraz\u00f3n.<\/strong><\/figcaption><\/figure><\/div>\n\n\n\n<div class=\"wp-block-image\"><figure class=\"aligncenter\"><img loading=\"lazy\" decoding=\"async\" width=\"996\" height=\"639\" src=\"http:\/\/www.laplatamagica.com.ar\/wp-content\/uploads\/2019\/09\/postaH166.jpg\" alt=\"\" class=\"wp-image-1965\" srcset=\"https:\/\/laplatamagica.ar\/wp-content\/uploads\/2019\/09\/postaH166.jpg 996w, https:\/\/laplatamagica.ar\/wp-content\/uploads\/2019\/09\/postaH166-300x192.jpg 300w, https:\/\/laplatamagica.ar\/wp-content\/uploads\/2019\/09\/postaH166-768x493.jpg 768w\" sizes=\"auto, (max-width: 709px) 85vw, (max-width: 909px) 67vw, (max-width: 1362px) 62vw, 840px\" \/><figcaption><strong>Antigua postal del Lago del Bosque.<\/strong><\/figcaption><\/figure><\/div>\n\n\n\n<div class=\"wp-block-image\"><figure class=\"aligncenter\"><img loading=\"lazy\" decoding=\"async\" width=\"500\" height=\"365\" src=\"http:\/\/www.laplatamagica.com.ar\/wp-content\/uploads\/2019\/10\/greco1.jpg\" alt=\"\" class=\"wp-image-3688\" srcset=\"https:\/\/laplatamagica.ar\/wp-content\/uploads\/2019\/10\/greco1.jpg 500w, https:\/\/laplatamagica.ar\/wp-content\/uploads\/2019\/10\/greco1-300x219.jpg 300w\" sizes=\"auto, (max-width: 500px) 85vw, 500px\" \/><figcaption><strong>Una vista de calle 7 y 51 alla por el a\u00f1o 1905.<\/strong><br><br><\/figcaption><\/figure><\/div>\n\n\n\n<div class=\"wp-block-image\"><figure class=\"aligncenter\"><img loading=\"lazy\" decoding=\"async\" width=\"629\" height=\"398\" src=\"http:\/\/www.laplatamagica.com.ar\/wp-content\/uploads\/2019\/10\/greco2.jpg\" alt=\"\" class=\"wp-image-3690\" srcset=\"https:\/\/laplatamagica.ar\/wp-content\/uploads\/2019\/10\/greco2.jpg 629w, https:\/\/laplatamagica.ar\/wp-content\/uploads\/2019\/10\/greco2-300x190.jpg 300w\" sizes=\"auto, (max-width: 629px) 85vw, 629px\" \/><figcaption><strong>Una imagen del desaparecido Teatro Argentino.<\/strong><\/figcaption><\/figure><\/div>\n\n\n\n<h5 class=\"wp-block-heading\" style=\"text-align:center\" id=\"mce_0\">Sector 4<\/h5>\n\n\n\n<p style=\"text-align:center\" class=\"has-medium-font-size\"><br><strong>Postales y Fotos de Juan A. Greco &gt;&gt;&gt; <\/strong><a href=\"http:\/\/www.laplatamagica.com.ar\/?page_id=1615\"><strong>1<\/strong><\/a><strong>  <\/strong><a href=\"http:\/\/www.laplatamagica.com.ar\/?page_id=1727\"><strong>2<\/strong><\/a><strong>  <\/strong><a href=\"http:\/\/www.laplatamagica.com.ar\/?page_id=1822\"><strong>3<\/strong><\/a><strong>  <\/strong><a href=\"http:\/\/www.laplatamagica.com.ar\/?page_id=1909\"><strong>4<\/strong><\/a><strong> <\/strong><\/p>\n","protected":false},"excerpt":{"rendered":"<p>Postales y Fotos de Juan A. Greco &gt;&gt;&gt; 1 2 3 4 Sector 4 Postales y Fotos de Juan A. Greco &gt;&gt;&gt; 1 2 3 4<\/p>\n","protected":false},"author":1,"featured_media":0,"parent":0,"menu_order":0,"comment_status":"closed","ping_status":"closed","template":"","meta":{"switch_pages_title":"","h5ap_radio_sources":[],"footnotes":""},"class_list":["post-1909","page","type-page","status-publish","hentry"],"_links":{"self":[{"href":"https:\/\/laplatamagica.ar\/index.php?rest_route=\/wp\/v2\/pages\/1909","targetHints":{"allow":["GET"]}}],"collection":[{"href":"https:\/\/laplatamagica.ar\/index.php?rest_route=\/wp\/v2\/pages"}],"about":[{"href":"https:\/\/laplatamagica.ar\/index.php?rest_route=\/wp\/v2\/types\/page"}],"author":[{"embeddable":true,"href":"https:\/\/laplatamagica.ar\/index.php?rest_route=\/wp\/v2\/users\/1"}],"replies":[{"embeddable":true,"href":"https:\/\/laplatamagica.ar\/index.php?rest_route=%2Fwp%2Fv2%2Fcomments&post=1909"}],"version-history":[{"count":0,"href":"https:\/\/laplatamagica.ar\/index.php?rest_route=\/wp\/v2\/pages\/1909\/revisions"}],"wp:attachment":[{"href":"https:\/\/laplatamagica.ar\/index.php?rest_route=%2Fwp%2Fv2%2Fmedia&parent=1909"}],"curies":[{"name":"wp","href":"https:\/\/api.w.org\/{rel}","templated":true}]}}