{"id":2032,"date":"2019-10-03T16:01:01","date_gmt":"2019-10-03T19:01:01","guid":{"rendered":"http:\/\/www.laplatamagica.com.ar\/?page_id=2032"},"modified":"2020-03-26T15:44:49","modified_gmt":"2020-03-26T18:44:49","slug":"fotos-actuales-2-2","status":"publish","type":"page","link":"https:\/\/laplatamagica.ar\/?page_id=2032","title":{"rendered":"Fotos Actuales 2"},"content":{"rendered":"\n<p style=\"font-size:25px;text-align:center\"><strong>Fotos actuales <a href=\"http:\/\/www.laplatamagica.com.ar\/?page_id=2910\">1<\/a> <a href=\"http:\/\/www.laplatamagica.com.ar\/?page_id=2032\"> 2<\/a>  <a href=\"http:\/\/www.laplatamagica.com.ar\/?page_id=3023\">3<\/a> <a href=\"http:\/\/www.laplatamagica.com.ar\/?page_id=5561\"> 4  <\/a><a href=\"http:\/\/www.laplatamagica.com.ar\/?page_id=6414\">5<\/a><\/strong><\/p>\n\n\n\n<div class=\"wp-block-image\"><figure class=\"aligncenter\"><img loading=\"lazy\" decoding=\"async\" width=\"1000\" height=\"750\" src=\"http:\/\/www.laplatamagica.com.ar\/wp-content\/uploads\/2019\/10\/laplatak0214.jpg\" alt=\"\" class=\"wp-image-2977\" srcset=\"https:\/\/laplatamagica.ar\/wp-content\/uploads\/2019\/10\/laplatak0214.jpg 1000w, https:\/\/laplatamagica.ar\/wp-content\/uploads\/2019\/10\/laplatak0214-300x225.jpg 300w, https:\/\/laplatamagica.ar\/wp-content\/uploads\/2019\/10\/laplatak0214-768x576.jpg 768w\" sizes=\"auto, (max-width: 709px) 85vw, (max-width: 909px) 67vw, (max-width: 1362px) 62vw, 840px\" \/><\/figure><\/div>\n\n\n\n<p style=\"text-align:center\"><strong>Calle 7 de norte a sur, entre las calles 47 y 48.<\/strong><\/p>\n\n\n\n<div class=\"wp-block-image\"><figure class=\"aligncenter\"><img loading=\"lazy\" decoding=\"async\" width=\"1000\" height=\"729\" src=\"http:\/\/www.laplatamagica.com.ar\/wp-content\/uploads\/2019\/10\/laplatak02145.jpg\" alt=\"\" class=\"wp-image-2979\" srcset=\"https:\/\/laplatamagica.ar\/wp-content\/uploads\/2019\/10\/laplatak02145.jpg 1000w, https:\/\/laplatamagica.ar\/wp-content\/uploads\/2019\/10\/laplatak02145-300x219.jpg 300w, https:\/\/laplatamagica.ar\/wp-content\/uploads\/2019\/10\/laplatak02145-768x560.jpg 768w\" sizes=\"auto, (max-width: 709px) 85vw, (max-width: 909px) 67vw, (max-width: 1362px) 62vw, 840px\" \/><\/figure><\/div>\n\n\n\n<p style=\"text-align:center\"><strong>Vista de la fuente ubicada en la plazoleta de 5, 48 y la intersecci\u00f3n con la diagonal 80, frenta a la Iglesia San Ponciano.<\/strong><\/p>\n\n\n\n<div class=\"wp-block-image\"><figure class=\"aligncenter\"><img loading=\"lazy\" decoding=\"async\" width=\"1000\" height=\"647\" src=\"http:\/\/www.laplatamagica.com.ar\/wp-content\/uploads\/2019\/10\/laplatak0215.jpg\" alt=\"\" class=\"wp-image-2981\" srcset=\"https:\/\/laplatamagica.ar\/wp-content\/uploads\/2019\/10\/laplatak0215.jpg 1000w, https:\/\/laplatamagica.ar\/wp-content\/uploads\/2019\/10\/laplatak0215-300x194.jpg 300w, https:\/\/laplatamagica.ar\/wp-content\/uploads\/2019\/10\/laplatak0215-768x497.jpg 768w\" sizes=\"auto, (max-width: 709px) 85vw, (max-width: 909px) 67vw, (max-width: 1362px) 62vw, 840px\" \/><\/figure><\/div>\n\n\n\n<p style=\"text-align:center\"><strong>La Casa-Museo Dardo Rocha es la casa del fundador de la ciudad, en esa casona dise\u00f1ada por Pedro Benoit,all\u00ed funciona hoy el Museo y Archivo, su patrimonio incluye mobiliario, vajilla, indumentaria, obras de arte, piezas medall\u00edsticas, documentos y fotograf\u00edas. Tambi\u00e9n cabe destacar su importante biblioteca y archivo especializados en materiales sobre la Ciudad, la mapoteca y la hemeroteca. La visita al museo es una inmersi\u00f3n en la historia desde la misma entrada. En el zagu\u00e1n es posible admirar los pisos y el farol originales y en el Hall de Exposiciones se exhiben testimonios de la construcci\u00f3n de la Ciudad- como la Pala Fundacional- as\u00ed como otras piezas de la Colecci\u00f3n Dardo Rocha. Calle 50 N\u00ba 933 e\/ 13 y 14 Tel\u00e9fono: 427-5591 Horario Museo: Lunes a viernes de 10 a 13 y de 15 a 18; s\u00e1bados y domingos 15 a 18hs. Horario bilioteca: Lunes a viernes de 14 a 18 hs. Visitas guiadas: 427-5591<\/strong><\/p>\n\n\n\n<div class=\"wp-block-image\"><figure class=\"aligncenter\"><img loading=\"lazy\" decoding=\"async\" width=\"1000\" height=\"750\" src=\"http:\/\/www.laplatamagica.com.ar\/wp-content\/uploads\/2019\/10\/laplatak0216.jpg\" alt=\"\" class=\"wp-image-2983\" srcset=\"https:\/\/laplatamagica.ar\/wp-content\/uploads\/2019\/10\/laplatak0216.jpg 1000w, https:\/\/laplatamagica.ar\/wp-content\/uploads\/2019\/10\/laplatak0216-300x225.jpg 300w, https:\/\/laplatamagica.ar\/wp-content\/uploads\/2019\/10\/laplatak0216-768x576.jpg 768w\" sizes=\"auto, (max-width: 709px) 85vw, (max-width: 909px) 67vw, (max-width: 1362px) 62vw, 840px\" \/><\/figure><\/div>\n\n\n\n<p style=\"text-align:center\"><strong>Monumento al maratonista en la esquina de calle 7 y 53.<\/strong><\/p>\n\n\n\n<div class=\"wp-block-image\"><figure class=\"aligncenter\"><img loading=\"lazy\" decoding=\"async\" width=\"1000\" height=\"750\" src=\"http:\/\/www.laplatamagica.com.ar\/wp-content\/uploads\/2019\/10\/laplatak0217.jpg\" alt=\"\" class=\"wp-image-2985\" srcset=\"https:\/\/laplatamagica.ar\/wp-content\/uploads\/2019\/10\/laplatak0217.jpg 1000w, https:\/\/laplatamagica.ar\/wp-content\/uploads\/2019\/10\/laplatak0217-300x225.jpg 300w, https:\/\/laplatamagica.ar\/wp-content\/uploads\/2019\/10\/laplatak0217-768x576.jpg 768w\" sizes=\"auto, (max-width: 709px) 85vw, (max-width: 909px) 67vw, (max-width: 1362px) 62vw, 840px\" \/><\/figure><\/div>\n\n\n\n<p style=\"text-align:center\"><strong>Paseando por la calle 53.<\/strong><\/p>\n\n\n\n<div class=\"wp-block-image\"><figure class=\"aligncenter\"><img loading=\"lazy\" decoding=\"async\" width=\"1000\" height=\"671\" src=\"http:\/\/www.laplatamagica.com.ar\/wp-content\/uploads\/2019\/10\/laplatak0218.jpg\" alt=\"\" class=\"wp-image-2987\" srcset=\"https:\/\/laplatamagica.ar\/wp-content\/uploads\/2019\/10\/laplatak0218.jpg 1000w, https:\/\/laplatamagica.ar\/wp-content\/uploads\/2019\/10\/laplatak0218-300x201.jpg 300w, https:\/\/laplatamagica.ar\/wp-content\/uploads\/2019\/10\/laplatak0218-768x515.jpg 768w\" sizes=\"auto, (max-width: 709px) 85vw, (max-width: 909px) 67vw, (max-width: 1362px) 62vw, 840px\" \/><figcaption><br><\/figcaption><\/figure><\/div>\n\n\n\n<p style=\"text-align:center\"><strong>Casa de Gobierno y monumento al General San Mart\u00edn.<\/strong><\/p>\n\n\n\n<div class=\"wp-block-image\"><figure class=\"aligncenter\"><img loading=\"lazy\" decoding=\"async\" width=\"1000\" height=\"669\" src=\"http:\/\/www.laplatamagica.com.ar\/wp-content\/uploads\/2019\/10\/laplatak0219.jpg\" alt=\"\" class=\"wp-image-2989\" srcset=\"https:\/\/laplatamagica.ar\/wp-content\/uploads\/2019\/10\/laplatak0219.jpg 1000w, https:\/\/laplatamagica.ar\/wp-content\/uploads\/2019\/10\/laplatak0219-300x201.jpg 300w, https:\/\/laplatamagica.ar\/wp-content\/uploads\/2019\/10\/laplatak0219-768x514.jpg 768w\" sizes=\"auto, (max-width: 709px) 85vw, (max-width: 909px) 67vw, (max-width: 1362px) 62vw, 840px\" \/><\/figure><\/div>\n\n\n\n<p style=\"text-align:center\"><strong>La tradicional esquina de 6 y 54, en pleno centro de nuestra ciudad, con su t\u00edpica arquitectura, lugar que alberga al Club de Ajedrez La Plata desde 1952. El norteamericano Bobby Fischer y el genio ruso Garry Kasparov, tal vez las dos m\u00e1s grandes figuras de la historia del juego, visitaron el club, despertando la admiraci\u00f3n de los aficionados locales.<\/strong><\/p>\n\n\n\n<div class=\"wp-block-image\"><figure class=\"aligncenter\"><img loading=\"lazy\" decoding=\"async\" width=\"1000\" height=\"750\" src=\"http:\/\/www.laplatamagica.com.ar\/wp-content\/uploads\/2019\/10\/laplatak0220.jpg\" alt=\"\" class=\"wp-image-2992\" srcset=\"https:\/\/laplatamagica.ar\/wp-content\/uploads\/2019\/10\/laplatak0220.jpg 1000w, https:\/\/laplatamagica.ar\/wp-content\/uploads\/2019\/10\/laplatak0220-300x225.jpg 300w, https:\/\/laplatamagica.ar\/wp-content\/uploads\/2019\/10\/laplatak0220-768x576.jpg 768w\" sizes=\"auto, (max-width: 709px) 85vw, (max-width: 909px) 67vw, (max-width: 1362px) 62vw, 840px\" \/><\/figure><\/div>\n\n\n\n<p style=\"text-align:center\"><strong>Edificio del ex Hotel Provincial en la calle 8 entre 50 y 51.<\/strong><\/p>\n\n\n\n<div class=\"wp-block-image\"><figure class=\"aligncenter\"><img loading=\"lazy\" decoding=\"async\" width=\"1000\" height=\"798\" src=\"http:\/\/www.laplatamagica.com.ar\/wp-content\/uploads\/2019\/10\/laplatak0221.jpg\" alt=\"\" class=\"wp-image-2994\" srcset=\"https:\/\/laplatamagica.ar\/wp-content\/uploads\/2019\/10\/laplatak0221.jpg 1000w, https:\/\/laplatamagica.ar\/wp-content\/uploads\/2019\/10\/laplatak0221-300x239.jpg 300w, https:\/\/laplatamagica.ar\/wp-content\/uploads\/2019\/10\/laplatak0221-768x613.jpg 768w\" sizes=\"auto, (max-width: 709px) 85vw, (max-width: 909px) 67vw, (max-width: 1362px) 62vw, 840px\" \/><\/figure><\/div>\n\n\n\n<p style=\"text-align:center\"><strong>Monumento a los cinco sabios, hemiciclo que se encuentra en el Paseo del Bosque frente al museo, con los bustos de Spegazzini, Vucetich, Korn, Almafuerte y Ameghino, los bustos fueron realizados por el artista M\u00e1ximo Maldonado, y el monumento fue donado por la Universidad Nacional de La Plata he inaugurado el 19-11-1942 siendo el presidente de la Universidad el Dr. Alfredo Palacios.<\/strong><\/p>\n\n\n\n<div class=\"wp-block-image\"><figure class=\"aligncenter\"><img loading=\"lazy\" decoding=\"async\" width=\"1000\" height=\"750\" src=\"http:\/\/www.laplatamagica.com.ar\/wp-content\/uploads\/2019\/10\/nuevas1y.jpg\" alt=\"\" class=\"wp-image-2997\" srcset=\"https:\/\/laplatamagica.ar\/wp-content\/uploads\/2019\/10\/nuevas1y.jpg 1000w, https:\/\/laplatamagica.ar\/wp-content\/uploads\/2019\/10\/nuevas1y-300x225.jpg 300w, https:\/\/laplatamagica.ar\/wp-content\/uploads\/2019\/10\/nuevas1y-768x576.jpg 768w\" sizes=\"auto, (max-width: 709px) 85vw, (max-width: 909px) 67vw, (max-width: 1362px) 62vw, 840px\" \/><\/figure><\/div>\n\n\n\n<p style=\"text-align:center\"><strong>Vista del lago del Parque Saavedra.<\/strong><\/p>\n\n\n\n<div class=\"wp-block-image\"><figure class=\"aligncenter\"><img loading=\"lazy\" decoding=\"async\" width=\"1000\" height=\"700\" src=\"http:\/\/www.laplatamagica.com.ar\/wp-content\/uploads\/2019\/10\/nuevas2y.jpg\" alt=\"\" class=\"wp-image-2999\" srcset=\"https:\/\/laplatamagica.ar\/wp-content\/uploads\/2019\/10\/nuevas2y.jpg 1000w, https:\/\/laplatamagica.ar\/wp-content\/uploads\/2019\/10\/nuevas2y-300x210.jpg 300w, https:\/\/laplatamagica.ar\/wp-content\/uploads\/2019\/10\/nuevas2y-768x538.jpg 768w\" sizes=\"auto, (max-width: 709px) 85vw, (max-width: 909px) 67vw, (max-width: 1362px) 62vw, 840px\" \/><\/figure><\/div>\n\n\n\n<p style=\"text-align:center\"><strong>Vista de la \u00fanica obra de Le Corbusier en la Argentina es la Casa Curutchet, una vivienda unifamiliar construida en nuestra ciudad, entre los a\u00f1os 1949 y 1953.<\/strong><\/p>\n\n\n\n<div class=\"wp-block-image\"><figure class=\"aligncenter\"><img loading=\"lazy\" decoding=\"async\" width=\"1000\" height=\"750\" src=\"http:\/\/www.laplatamagica.com.ar\/wp-content\/uploads\/2019\/10\/nuevasy3.jpg\" alt=\"\" class=\"wp-image-3002\" srcset=\"https:\/\/laplatamagica.ar\/wp-content\/uploads\/2019\/10\/nuevasy3.jpg 1000w, https:\/\/laplatamagica.ar\/wp-content\/uploads\/2019\/10\/nuevasy3-300x225.jpg 300w, https:\/\/laplatamagica.ar\/wp-content\/uploads\/2019\/10\/nuevasy3-768x576.jpg 768w\" sizes=\"auto, (max-width: 709px) 85vw, (max-width: 909px) 67vw, (max-width: 1362px) 62vw, 840px\" \/><\/figure><\/div>\n\n\n\n<p style=\"text-align:center\"><strong>Toma a\u00e9rea de la Diagonal 80 donde se observa, la estaci\u00f3n de ferrocarril, en una vista de norte a sur.<\/strong><\/p>\n\n\n\n<div class=\"wp-block-image\"><figure class=\"aligncenter\"><img loading=\"lazy\" decoding=\"async\" width=\"1000\" height=\"587\" src=\"http:\/\/www.laplatamagica.com.ar\/wp-content\/uploads\/2019\/10\/la-plata-aereas22.jpg\" alt=\"\" class=\"wp-image-3004\" srcset=\"https:\/\/laplatamagica.ar\/wp-content\/uploads\/2019\/10\/la-plata-aereas22.jpg 1000w, https:\/\/laplatamagica.ar\/wp-content\/uploads\/2019\/10\/la-plata-aereas22-300x176.jpg 300w, https:\/\/laplatamagica.ar\/wp-content\/uploads\/2019\/10\/la-plata-aereas22-768x451.jpg 768w\" sizes=\"auto, (max-width: 709px) 85vw, (max-width: 909px) 67vw, (max-width: 1362px) 62vw, 840px\" \/><\/figure><\/div>\n\n\n\n<p style=\"text-align:center\"><strong>El Estadio Ciudad de La Plata est\u00e1 ubicado en la ciudad de La Plata, Argentina. Tambi\u00e9n se lo conoce popularmente con el nombre anterior de Estadio \u00danico y es propiedad de la Provincia de Buenos Aires. Fue dise\u00f1ado por el arquitecto Roberto Ferreira. En su inauguraci\u00f3n, fue considerado el estadio m\u00e1s moderno de Am\u00e9rica Latina, tiene una capacidad 53.000 espectadores. Se encuentra ubicado dentro de un predio parquizado entre las avenidas 32 y 526, 25 y la calle 21, en realidad se encuentra fuera del trazado fundacional de la ciudad de La Plat<\/strong>a.<\/p>\n\n\n\n<div class=\"wp-block-image\"><figure class=\"aligncenter\"><img loading=\"lazy\" decoding=\"async\" width=\"1000\" height=\"750\" src=\"http:\/\/www.laplatamagica.com.ar\/wp-content\/uploads\/2019\/10\/Lago-del-Bosque.jpg\" alt=\"\" class=\"wp-image-3006\" srcset=\"https:\/\/laplatamagica.ar\/wp-content\/uploads\/2019\/10\/Lago-del-Bosque.jpg 1000w, https:\/\/laplatamagica.ar\/wp-content\/uploads\/2019\/10\/Lago-del-Bosque-300x225.jpg 300w, https:\/\/laplatamagica.ar\/wp-content\/uploads\/2019\/10\/Lago-del-Bosque-768x576.jpg 768w\" sizes=\"auto, (max-width: 709px) 85vw, (max-width: 909px) 67vw, (max-width: 1362px) 62vw, 840px\" \/><\/figure><\/div>\n\n\n\n<p style=\"text-align:center\"><strong>Lago y gruta del bosque, en el paseo que re\u00fane al Museo de Ciencias Naturales, y el Zool\u00f3gico y los distintos paseos que comprenden este gran pulm\u00f3n verde de la ciudad.<\/strong><\/p>\n\n\n\n<div class=\"wp-block-image\"><figure class=\"aligncenter\"><img loading=\"lazy\" decoding=\"async\" width=\"1000\" height=\"750\" src=\"http:\/\/www.laplatamagica.com.ar\/wp-content\/uploads\/2019\/10\/nuevasy4.jpg\" alt=\"\" class=\"wp-image-3008\" srcset=\"https:\/\/laplatamagica.ar\/wp-content\/uploads\/2019\/10\/nuevasy4.jpg 1000w, https:\/\/laplatamagica.ar\/wp-content\/uploads\/2019\/10\/nuevasy4-300x225.jpg 300w, https:\/\/laplatamagica.ar\/wp-content\/uploads\/2019\/10\/nuevasy4-768x576.jpg 768w\" sizes=\"auto, (max-width: 709px) 85vw, (max-width: 909px) 67vw, (max-width: 1362px) 62vw, 840px\" \/><\/figure><\/div>\n\n\n\n<p style=\"text-align:center\"><strong>Vista del centenario colegio San Jos\u00e9, el tradicional establecimiento de la congregaci\u00f3n de sacerdotes del Sagrado Coraz\u00f3n de Jes\u00fas del Betharram sobre la calle 11 entre 51 y 53.<\/strong><\/p>\n\n\n\n<div class=\"wp-block-image\"><figure class=\"aligncenter\"><img loading=\"lazy\" decoding=\"async\" width=\"1000\" height=\"750\" src=\"http:\/\/www.laplatamagica.com.ar\/wp-content\/uploads\/2019\/10\/nuevasy5.jpg\" alt=\"\" class=\"wp-image-3010\" srcset=\"https:\/\/laplatamagica.ar\/wp-content\/uploads\/2019\/10\/nuevasy5.jpg 1000w, https:\/\/laplatamagica.ar\/wp-content\/uploads\/2019\/10\/nuevasy5-300x225.jpg 300w, https:\/\/laplatamagica.ar\/wp-content\/uploads\/2019\/10\/nuevasy5-768x576.jpg 768w\" sizes=\"auto, (max-width: 709px) 85vw, (max-width: 909px) 67vw, (max-width: 1362px) 62vw, 840px\" \/><\/figure><\/div>\n\n\n\n<p style=\"text-align:center\"><strong>Vista de la plaza San Mart\u00edn donde se aprecia el edificio de la Legislatura bonaerense.<\/strong><\/p>\n\n\n\n<div class=\"wp-block-image\"><figure class=\"aligncenter\"><img loading=\"lazy\" decoding=\"async\" width=\"1000\" height=\"676\" src=\"http:\/\/www.laplatamagica.com.ar\/wp-content\/uploads\/2019\/10\/nuevasy6.jpg\" alt=\"\" class=\"wp-image-3012\" srcset=\"https:\/\/laplatamagica.ar\/wp-content\/uploads\/2019\/10\/nuevasy6.jpg 1000w, https:\/\/laplatamagica.ar\/wp-content\/uploads\/2019\/10\/nuevasy6-300x203.jpg 300w, https:\/\/laplatamagica.ar\/wp-content\/uploads\/2019\/10\/nuevasy6-768x519.jpg 768w\" sizes=\"auto, (max-width: 709px) 85vw, (max-width: 909px) 67vw, (max-width: 1362px) 62vw, 840px\" \/><\/figure><\/div>\n\n\n\n<p style=\"text-align:center\"><strong>Vista del Ministerio de Educaci\u00f3n en la calle 13 entre 56 y 57.<\/strong><\/p>\n\n\n\n<div class=\"wp-block-image\"><figure class=\"aligncenter\"><img loading=\"lazy\" decoding=\"async\" width=\"1000\" height=\"942\" src=\"http:\/\/www.laplatamagica.com.ar\/wp-content\/uploads\/2019\/10\/nuevasy7.jpg\" alt=\"\" class=\"wp-image-3014\" srcset=\"https:\/\/laplatamagica.ar\/wp-content\/uploads\/2019\/10\/nuevasy7.jpg 1000w, https:\/\/laplatamagica.ar\/wp-content\/uploads\/2019\/10\/nuevasy7-300x283.jpg 300w, https:\/\/laplatamagica.ar\/wp-content\/uploads\/2019\/10\/nuevasy7-768x723.jpg 768w\" sizes=\"auto, (max-width: 709px) 85vw, (max-width: 909px) 67vw, (max-width: 1362px) 62vw, 840px\" \/><\/figure><\/div>\n\n\n\n<p style=\"text-align:center\"><strong>Hermosa propiedad con la denominada arquitectura pintoresca, se encuentra en 43 entre 5 y 6, por el a\u00f1o 62, funcionaba el Sanatorio de la Carne, es decir all\u00ed se atend\u00edan los pacientes del Frigor\u00edfico Swift y Armour hoy es el Instituto San Nicolas (geri\u00e1trico) encuentra en muy buenas condiciones. Foto Cortes\u00eda:Andres Giudice<\/strong><\/p>\n\n\n\n<div class=\"wp-block-image\"><figure class=\"aligncenter\"><img loading=\"lazy\" decoding=\"async\" width=\"971\" height=\"800\" src=\"http:\/\/www.laplatamagica.com.ar\/wp-content\/uploads\/2019\/10\/Diagonal73.jpg\" alt=\"\" class=\"wp-image-3016\" srcset=\"https:\/\/laplatamagica.ar\/wp-content\/uploads\/2019\/10\/Diagonal73.jpg 971w, https:\/\/laplatamagica.ar\/wp-content\/uploads\/2019\/10\/Diagonal73-300x247.jpg 300w, https:\/\/laplatamagica.ar\/wp-content\/uploads\/2019\/10\/Diagonal73-768x633.jpg 768w\" sizes=\"auto, (max-width: 709px) 85vw, (max-width: 909px) 67vw, (max-width: 1362px) 62vw, 840px\" \/><\/figure><\/div>\n\n\n\n<p style=\"text-align:center\"><strong>Sendero viol\u00e1ceo de los jacaranda de la Diagonal 73, hermosa postal, donde se camina por un suelo cubierto de flores.<\/strong><\/p>\n\n\n\n<div class=\"wp-block-image\"><figure class=\"aligncenter\"><img loading=\"lazy\" decoding=\"async\" width=\"748\" height=\"1024\" src=\"http:\/\/www.laplatamagica.com.ar\/wp-content\/uploads\/2019\/10\/nuevasy8-748x1024.jpg\" alt=\"\" class=\"wp-image-3018\" srcset=\"https:\/\/laplatamagica.ar\/wp-content\/uploads\/2019\/10\/nuevasy8-748x1024.jpg 748w, https:\/\/laplatamagica.ar\/wp-content\/uploads\/2019\/10\/nuevasy8-219x300.jpg 219w, https:\/\/laplatamagica.ar\/wp-content\/uploads\/2019\/10\/nuevasy8-768x1051.jpg 768w, https:\/\/laplatamagica.ar\/wp-content\/uploads\/2019\/10\/nuevasy8.jpg 900w\" sizes=\"auto, (max-width: 748px) 85vw, 748px\" \/><\/figure><\/div>\n\n\n\n<p style=\"text-align:center\"><strong>Una nueva obra fue inaugurada el 14 de marzo de 2014 en la ciudad, se trata de \u201cEl \u00c1ngel de la Providencia\u201d, que se emplazo en la peque\u00f1a plazoleta de diagonal 73 entre 16 y 47 durante un acto por el 50\u00ba aniversario de creaci\u00f3n de la Universidad Cat\u00f3lica de La Plata &#8211; UCALP. La alegor\u00eda religiosa se ubicar\u00e1 frente al Museo de Arte Beato Ang\u00e9lico y representa a la figura protectora de los pintores. La escultura, realizada con distintos metales (b\u00e1sicamente acero inoxidable y hierro) y desarrollada en una altura que junto al pedestal donde se apoya alcanza 1,60 metro, fue concebida por el artista pl\u00e1stico y restaurador de obras de arte Eduardo Migo, quien cre\u00f3 en esta oportunidad una imagen et\u00e9rea conformada por una serie de laminados con cierta luz de distancia entre placa y placa, una t\u00e9cnica que le otorga a la obra cierta idea de transparencia.<\/strong><\/p>\n\n\n\n<div class=\"wp-block-image\"><figure class=\"aligncenter\"><img loading=\"lazy\" decoding=\"async\" width=\"1000\" height=\"474\" src=\"http:\/\/www.laplatamagica.com.ar\/wp-content\/uploads\/2019\/10\/calle53a1.jpg\" alt=\"\" class=\"wp-image-4344\" srcset=\"https:\/\/laplatamagica.ar\/wp-content\/uploads\/2019\/10\/calle53a1.jpg 1000w, https:\/\/laplatamagica.ar\/wp-content\/uploads\/2019\/10\/calle53a1-300x142.jpg 300w, https:\/\/laplatamagica.ar\/wp-content\/uploads\/2019\/10\/calle53a1-768x364.jpg 768w\" sizes=\"auto, (max-width: 709px) 85vw, (max-width: 909px) 67vw, (max-width: 1362px) 62vw, 840px\" \/><\/figure><\/div>\n\n\n\n<p style=\"text-align:center\"><strong>Remodelaci\u00f3n del sector central de la calle 53 a partir de calle 6.<\/strong><\/p>\n\n\n\n<hr class=\"wp-block-separator\"\/>\n\n\n\n<p style=\"font-size:25px;text-align:center\"><strong>Sector 2<\/strong><\/p>\n\n\n\n<p style=\"font-size:30px;text-align:center\"><strong>Fotos actuales <a href=\"http:\/\/www.laplatamagica.com.ar\/?page_id=2910\">1<\/a> <a href=\"http:\/\/www.laplatamagica.com.ar\/?page_id=2032\"> 2<\/a>  <a href=\"http:\/\/www.laplatamagica.com.ar\/?page_id=3023\">3<\/a> <a href=\"http:\/\/www.laplatamagica.com.ar\/?page_id=5561\"> 4  <\/a><a href=\"http:\/\/www.laplatamagica.com.ar\/?page_id=6414\">5<\/a><\/strong><\/p>\n","protected":false},"excerpt":{"rendered":"<p>Fotos actuales 1 2 3 4 5 Calle 7 de norte a sur, entre las calles 47 y 48. Vista de la fuente ubicada en la plazoleta de 5, 48 y la intersecci\u00f3n con la diagonal 80, frenta a la Iglesia San Ponciano. La Casa-Museo Dardo Rocha es la casa del fundador de la ciudad, &hellip; <a href=\"https:\/\/laplatamagica.ar\/?page_id=2032\" class=\"more-link\">Continuar leyendo<span class=\"screen-reader-text\"> &#8220;Fotos Actuales 2&#8221;<\/span><\/a><\/p>\n","protected":false},"author":1,"featured_media":0,"parent":0,"menu_order":0,"comment_status":"closed","ping_status":"closed","template":"","meta":{"switch_pages_title":"","h5ap_radio_sources":[],"footnotes":""},"class_list":["post-2032","page","type-page","status-publish","hentry"],"_links":{"self":[{"href":"https:\/\/laplatamagica.ar\/index.php?rest_route=\/wp\/v2\/pages\/2032","targetHints":{"allow":["GET"]}}],"collection":[{"href":"https:\/\/laplatamagica.ar\/index.php?rest_route=\/wp\/v2\/pages"}],"about":[{"href":"https:\/\/laplatamagica.ar\/index.php?rest_route=\/wp\/v2\/types\/page"}],"author":[{"embeddable":true,"href":"https:\/\/laplatamagica.ar\/index.php?rest_route=\/wp\/v2\/users\/1"}],"replies":[{"embeddable":true,"href":"https:\/\/laplatamagica.ar\/index.php?rest_route=%2Fwp%2Fv2%2Fcomments&post=2032"}],"version-history":[{"count":0,"href":"https:\/\/laplatamagica.ar\/index.php?rest_route=\/wp\/v2\/pages\/2032\/revisions"}],"wp:attachment":[{"href":"https:\/\/laplatamagica.ar\/index.php?rest_route=%2Fwp%2Fv2%2Fmedia&parent=2032"}],"curies":[{"name":"wp","href":"https:\/\/api.w.org\/{rel}","templated":true}]}}