{"id":2855,"date":"2019-10-03T11:04:25","date_gmt":"2019-10-03T14:04:25","guid":{"rendered":"http:\/\/www.laplatamagica.com.ar\/?page_id=2855"},"modified":"2020-09-02T19:53:55","modified_gmt":"2020-09-02T22:53:55","slug":"tolosa-fotos-actuales","status":"publish","type":"page","link":"https:\/\/laplatamagica.ar\/?page_id=2855","title":{"rendered":"Tolosa Fotos Actuales"},"content":{"rendered":"\n<h5 class=\"wp-block-heading\" style=\"text-align:center\"><strong>Testigo de la historia<\/strong><\/h5>\n\n\n\n<p style=\"text-align:center\"><strong><a href=\"http:\/\/www.laplatamagica.com.ar\/?page_id=2488#tolo1\">Primeros Habitantes<\/a> &#8211; <a href=\"http:\/\/www.laplatamagica.com.ar\/?page_id=2488#ejes9\">Talleres<\/a> &#8211; <a href=\"http:\/\/www.laplatamagica.com.ar\/wp-admin\/post.php?post=2536&amp;action=edit#tolo2\">Progresos Comerciales<\/a> &#8211;<a href=\"http:\/\/www.laplatamagica.com.ar\/?page_id=2488#tolo3\"> Las Graser\u00edas Mataderos y Saladeros<\/a>  &#8211;  <a href=\"http:\/\/www.laplatamagica.com.ar\/?page_id=2536#ejes1\">Las Quintas<\/a>  &#8211;  <a href=\"http:\/\/www.laplatamagica.com.ar\/?page_id=2488#tolo5\">El ferrocarril y Talleres<\/a><\/strong> &#8211;<strong><a href=\"http:\/\/www.laplatamagica.com.ar\/?page_id=2536#ejes2\">Banco de la Provincia<\/a>  &#8211;  <a href=\"http:\/\/www.laplatamagica.com.ar\/?page_id=2536#ejes7\">Los primeros peri\u00f3dicos<\/a>  &#8211;  <a href=\"http:\/\/www.laplatamagica.com.ar\/?page_id=2536#ejes5\">La primera l\u00ednea de tranv\u00edas<\/a>  &#8211;  <a href=\"http:\/\/www.laplatamagica.com.ar\/?page_id=2536#ejes6\">Molino &#8220;La Julia&#8221;<\/a>   <a href=\"http:\/\/www.laplatamagica.com.ar\/?page_id=2536#ejes7\">Primeros Avisos en el diario<\/a>  &#8211;  <a href=\"http:\/\/www.laplatamagica.com.ar\/?page_id=2536#ejes8\">El Alumbrado y Polic\u00eda <\/a> &#8211; <a href=\"http:\/\/www.laplatamagica.com.ar\/?page_id=2536#ejes4\"> Las &#8220;Mil Casas&#8221;<\/a>  &#8211; <a href=\"http:\/\/www.laplatamagica.com.ar\/?page_id=2674#ejes10\">Personalidades<\/a>  &#8211;  <a href=\"http:\/\/www.laplatamagica.com.ar\/?page_id=2488#tolo4\">El Cementerio<\/a> &#8211;    <a href=\"http:\/\/www.laplatamagica.com.ar\/wp-admin\/post.php?post=2588&amp;action=edit#ejes10\">An\u00e9cdotas, Curiosidades y enlaces<\/a>  &#8211;  <a href=\"http:\/\/www.laplatamagica.com.ar\/?page_id=2855\">Fotos actuales<\/a>  &#8211;  <a href=\"http:\/\/www.laplatamagica.com.ar\/?page_id=2749\">Fotos Antiguas<\/a> &#8211;  <a href=\"http:\/\/www.laplatamagica.com.ar\/?page_id=2674#weber2\">Fecha de fundaci\u00f3n y controversia<\/a>  &#8211; <a href=\"http:\/\/www.laplatamagica.com.ar\/?page_id=2588#weber\"> Aniversario de Los Tolosanos<\/a> &#8211; <a href=\"http:\/\/www.laplatamagica.com.ar\/?page_id=2711#weber3\"> Club<\/a> <a href=\"http:\/\/www.laplatamagica.com.ar\/?page_id=2711#weber3\">Uni\u00f3n y Fuerza<\/a> &#8211;   <a href=\"http:\/\/www.laplatamagica.com.ar\/?page_id=2711#weber4\">Celebraciones y conmemoraciones<\/a><\/strong><\/p>\n\n\n\n<hr class=\"wp-block-separator\"\/>\n\n\n\n<div class=\"wp-block-image\"><figure class=\"aligncenter\"><img loading=\"lazy\" decoding=\"async\" width=\"1000\" height=\"750\" src=\"http:\/\/www.laplatamagica.com.ar\/wp-content\/uploads\/2019\/10\/tolosa\u00d107.jpg\" alt=\"\" class=\"wp-image-2860\" srcset=\"https:\/\/laplatamagica.ar\/wp-content\/uploads\/2019\/10\/tolosa\u00d107.jpg 1000w, https:\/\/laplatamagica.ar\/wp-content\/uploads\/2019\/10\/tolosa\u00d107-300x225.jpg 300w, https:\/\/laplatamagica.ar\/wp-content\/uploads\/2019\/10\/tolosa\u00d107-768x576.jpg 768w\" sizes=\"auto, (max-width: 709px) 85vw, (max-width: 909px) 67vw, (max-width: 1362px) 62vw, 840px\" \/><\/figure><\/div>\n\n\n\n<p style=\"text-align:center\"><strong>Tolosa fundada en 1871, espectador privilegiado de todos los grandes cambios que se han producido en la zona, principalmente el de la fundaci\u00f3n y construcci\u00f3n de la nueva capital, aportando albergue y solaz a los obreros que construyeron la ciudad de La Plata, en esta foto se puede ver el puente peatonal sobre las v\u00edas del ferrocarril, este puente data de 1927.<\/strong><\/p>\n\n\n\n<div class=\"wp-block-image\"><figure class=\"aligncenter\"><img loading=\"lazy\" decoding=\"async\" width=\"863\" height=\"1000\" src=\"http:\/\/www.laplatamagica.com.ar\/wp-content\/uploads\/2019\/10\/tolosa\u00d108.jpg\" alt=\"\" class=\"wp-image-2862\" srcset=\"https:\/\/laplatamagica.ar\/wp-content\/uploads\/2019\/10\/tolosa\u00d108.jpg 863w, https:\/\/laplatamagica.ar\/wp-content\/uploads\/2019\/10\/tolosa\u00d108-259x300.jpg 259w, https:\/\/laplatamagica.ar\/wp-content\/uploads\/2019\/10\/tolosa\u00d108-768x890.jpg 768w\" sizes=\"auto, (max-width: 709px) 85vw, (max-width: 909px) 67vw, (max-width: 1362px) 62vw, 840px\" \/><\/figure><\/div>\n\n\n\n<p style=\"text-align:center\"><strong>Plaza Iraola, busto y homenaje a Mart\u00edn Iraola que fue el fundador de la localidad que vio nacer a La Plata, era de familia Vasca, emprendedor y visionario sobre las claras perspectivas de adelanto que ven\u00eda ofreciendo la vecina localidad de la Ensenada de Barrag\u00e1n, no s\u00f3lo a trav\u00e9s del apreciable aumento de su poblaci\u00f3n vegetativa y desarrollo comercial, sino de las muchas e importantes obras anunciadas, algunas de las cuales se ven\u00edan realizando, mientras otras se hallaban en inminente o cercana terminaci\u00f3n. Sobre los m\u00f3viles que llevaron a Iraola a acelerar la fundaci\u00f3n del nuevo pueblo hay tantos rumores como historiadores que se dedicaron a escribir sobre esta materia. Uno de ellos se refer\u00eda al \u00e9xodo producido entre los habitantes de Buenos Aires por la gravedad de la epidemia de la fiebre amarilla que la flagel\u00f3 durante el primer semestre de 1871. Aunque luego fue catalogado como un mito, \u00e9sta versi\u00f3n jam\u00e1s se desestim\u00f3 por completo. Ya resuelto, Mart\u00edn Iraola se present\u00f3 el 10 de octubre de 1871 al Superior Gobierno de la Provincia de Buenos Aires, iniciando un expediente que fue caratulado de la siguiente manera: Expediente promovido por Mart\u00edn Iraola en 1871, a fin de que se autorice la fundaci\u00f3n de un pueblo en las \u201cLomas de Ensenada\u201d, y que el nuevo pueblo se llame Tolosa. Pasado el expediente por los vericuetos administrativos, la Provincia elev\u00f3 el tr\u00e1mite, el 2 de noviembre 1871, al departamento Topogr\u00e1fico, organismo que contest\u00f3 diciendo que despu\u00e9s de haber examinado la traza del nuevo pueblo de Tolosa, solo hab\u00eda que observar la situaci\u00f3n de la plaza proyectada, ya que deb\u00eda ocupar las manzanas que actualmente responden a las avenidas 1 y 32, para darle frente a las dos arterias que atraviesan el pueblo.<\/strong><\/p>\n\n\n\n<div class=\"wp-block-image\"><figure class=\"aligncenter\"><img loading=\"lazy\" decoding=\"async\" width=\"900\" height=\"611\" src=\"http:\/\/www.laplatamagica.com.ar\/wp-content\/uploads\/2019\/10\/tolosa\u00d109.jpg\" alt=\"\" class=\"wp-image-2864\" srcset=\"https:\/\/laplatamagica.ar\/wp-content\/uploads\/2019\/10\/tolosa\u00d109.jpg 900w, https:\/\/laplatamagica.ar\/wp-content\/uploads\/2019\/10\/tolosa\u00d109-300x204.jpg 300w, https:\/\/laplatamagica.ar\/wp-content\/uploads\/2019\/10\/tolosa\u00d109-768x521.jpg 768w\" sizes=\"auto, (max-width: 709px) 85vw, (max-width: 909px) 67vw, (max-width: 1362px) 62vw, 840px\" \/><\/figure><\/div>\n\n\n\n<p style=\"text-align:center\"><strong>Tolosa es atravesada por la v\u00eda f\u00e9rrea trav\u00e9s de la calle 1, es as\u00ed que el paso de los trenes es un ruido incorporado y cl\u00e1sico para los tolosanos, fue un barrio donde sus habitantes trabajaban o depend\u00edan en su mayor\u00eda del ferrocarril. Hoy el ferrocarril es electrico la fisonomia ha cambiado.<\/strong><\/p>\n\n\n\n<div class=\"wp-block-image\"><figure class=\"aligncenter\"><img loading=\"lazy\" decoding=\"async\" width=\"1000\" height=\"745\" src=\"http:\/\/www.laplatamagica.com.ar\/wp-content\/uploads\/2019\/10\/tolosa\u00d1010.jpg\" alt=\"\" class=\"wp-image-2867\" srcset=\"https:\/\/laplatamagica.ar\/wp-content\/uploads\/2019\/10\/tolosa\u00d1010.jpg 1000w, https:\/\/laplatamagica.ar\/wp-content\/uploads\/2019\/10\/tolosa\u00d1010-300x224.jpg 300w, https:\/\/laplatamagica.ar\/wp-content\/uploads\/2019\/10\/tolosa\u00d1010-768x572.jpg 768w\" sizes=\"auto, (max-width: 709px) 85vw, (max-width: 909px) 67vw, (max-width: 1362px) 62vw, 840px\" \/><\/figure><\/div>\n\n\n\n<p style=\"text-align:center\"><strong>La tradicional Parroquia de Nuestra Se\u00f1ora del Carmen, ubicada en calle 115 entre 530 y 531, celebro su primer centenario. La iglesia, cuya torre pueden divisar los visitantes que ingresan a nuestra ciudad por la Autopista La Plata-Buenos Aires, cuenta, a lo largo de sus 100 a\u00f1os con el orgullo de haber celebrado infinidad de casamientos y el bautismo de miles de ni\u00f1os.<\/strong><\/p>\n\n\n\n<div class=\"wp-block-image\"><figure class=\"aligncenter\"><img loading=\"lazy\" decoding=\"async\" width=\"1000\" height=\"750\" src=\"http:\/\/www.laplatamagica.com.ar\/wp-content\/uploads\/2019\/10\/tolosa\u00d1011.jpg\" alt=\"\" class=\"wp-image-2869\" srcset=\"https:\/\/laplatamagica.ar\/wp-content\/uploads\/2019\/10\/tolosa\u00d1011.jpg 1000w, https:\/\/laplatamagica.ar\/wp-content\/uploads\/2019\/10\/tolosa\u00d1011-300x225.jpg 300w, https:\/\/laplatamagica.ar\/wp-content\/uploads\/2019\/10\/tolosa\u00d1011-768x576.jpg 768w\" sizes=\"auto, (max-width: 709px) 85vw, (max-width: 909px) 67vw, (max-width: 1362px) 62vw, 840px\" \/><\/figure><\/div>\n\n\n\n<p style=\"text-align:center\"><strong>Plaza de la Ingenier\u00eda Argentina: Fuente y faro remplazados con motivo del centenario de la fundaci\u00f3n de la ciudad de La Plata, por Ordenanza N\u00b0 5142 y 5353 en la calle 7 y 528 la obra es del escultor G. Kosice.<\/strong><\/p>\n\n\n\n<div class=\"wp-block-image\"><figure class=\"aligncenter\"><img loading=\"lazy\" decoding=\"async\" width=\"1000\" height=\"569\" src=\"http:\/\/www.laplatamagica.com.ar\/wp-content\/uploads\/2019\/10\/tolosa\u00d1012.jpg\" alt=\"\" class=\"wp-image-2871\" srcset=\"https:\/\/laplatamagica.ar\/wp-content\/uploads\/2019\/10\/tolosa\u00d1012.jpg 1000w, https:\/\/laplatamagica.ar\/wp-content\/uploads\/2019\/10\/tolosa\u00d1012-300x171.jpg 300w, https:\/\/laplatamagica.ar\/wp-content\/uploads\/2019\/10\/tolosa\u00d1012-768x437.jpg 768w\" sizes=\"auto, (max-width: 709px) 85vw, (max-width: 909px) 67vw, (max-width: 1362px) 62vw, 840px\" \/><\/figure><\/div>\n\n\n\n<p style=\"text-align:center\"><strong>La importante presencia de la comunidad italiana de principios de siglo en La Plata se reflej\u00f3 en el trabajo que desarroll\u00f3 la \u201cSociedad Femmenile Italiana\u201d y su incansable motor: su presidenta Mar\u00eda Luisa Servente de Servente. Los esfuerzos desarrollados durante los 14 a\u00f1os que van a partir de 1920 se cristalizaron con la puesta en funcionamiento en 1934 de este inmueble ubicado en el ingreso al caso urbano, de m\u00e1s de 3200m2 en medio de un importante parque, cuya noble misi\u00f3n consisti\u00f3 en dar subsistencia y educaci\u00f3n a las ni\u00f1as desvalidas de la regi\u00f3n. Durante los a\u00f1os comprendidos entre 1934 y 1977, bajo el amparo de la Sociedad y con el apoyo infatigable de las \u201cHermanas del Divino Rostro de Santa Catalina de Siena\u201d primero y despu\u00e9s, por las \u201cHermanas de Santa Dorotea\u201d, la instituci\u00f3n desarroll\u00f3 su encomiable tarea social, brindando educaci\u00f3n y cobijo a la enorme cantidad de ni\u00f1as que all\u00ed se alojaron, hoy remozado el edificio da cobijo al Conservatorio Gilardo Gilardi.<\/strong><\/p>\n\n\n\n<div class=\"wp-block-image\"><figure class=\"aligncenter\"><img loading=\"lazy\" decoding=\"async\" width=\"1000\" height=\"831\" src=\"http:\/\/www.laplatamagica.com.ar\/wp-content\/uploads\/2019\/10\/tolosa\u00d1013.jpg\" alt=\"\" class=\"wp-image-2873\" srcset=\"https:\/\/laplatamagica.ar\/wp-content\/uploads\/2019\/10\/tolosa\u00d1013.jpg 1000w, https:\/\/laplatamagica.ar\/wp-content\/uploads\/2019\/10\/tolosa\u00d1013-300x249.jpg 300w, https:\/\/laplatamagica.ar\/wp-content\/uploads\/2019\/10\/tolosa\u00d1013-768x638.jpg 768w\" sizes=\"auto, (max-width: 709px) 85vw, (max-width: 909px) 67vw, (max-width: 1362px) 62vw, 840px\" \/><\/figure><\/div>\n\n\n\n<p style=\"text-align:center\"><strong>Un\ufeffa\ufeff \ufeffi\ufeffm\ufeffa\ufeffg\ufeffe\ufeffn\ufeff \ufeffi\ufeffn\ufeffa\ufeffl\ufefft\ufeffe\ufeffr\ufeffa\ufeffb\ufeffl\ufeffe\ufeff \ufeffe\ufeffn\ufeff \ufeffe\ufeffl\ufeff \ufefft\ufeffi\ufeffe\ufeffm\ufeffp\ufeffo\ufeff,\ufeff \ufeffe\ufeffl\ufeff \ufeffc\ufeffa\ufeffr\ufefft\ufeffe\ufeffl\ufeff \ufeffd\ufeffe\ufeff \ufeffl\ufeffa\ufeff \ufeffe\ufeffs\ufefft\ufeffa\ufeffc\ufeffi\ufeff\u00f3\ufeffn\ufeff \ufeffd\ufeffe\ufeff \ufeffT\ufeffo\ufeffl\ufeffo\ufeffs\ufeffa\ufeff \ufeffy\ufeff \ufeffa\ufefft\ufeffr\ufeff\u00e1\ufeffs\ufeff \ufeffl\ufeffa\ufeff \ufeffv\ufeffi\ufeffs\ufefft\ufeffa\ufeff \ufeffd\ufeffe\ufeffl\ufeff \ufeffp\ufeffu\ufeffe\ufeffn\ufefft\ufeffe\ufeff \ufeffp\ufeffe\ufeffa\ufefft\ufeffo\ufeffn\ufeffa\ufeffl\ufeff.<\/strong><\/p>\n\n\n\n<div class=\"wp-block-image\"><figure class=\"aligncenter\"><img loading=\"lazy\" decoding=\"async\" width=\"1000\" height=\"579\" src=\"http:\/\/www.laplatamagica.com.ar\/wp-content\/uploads\/2020\/09\/puentedetolosa.jpg\" alt=\"Vista del puente peatonal de Tolosa.\" class=\"wp-image-8097\" srcset=\"https:\/\/laplatamagica.ar\/wp-content\/uploads\/2020\/09\/puentedetolosa.jpg 1000w, https:\/\/laplatamagica.ar\/wp-content\/uploads\/2020\/09\/puentedetolosa-300x174.jpg 300w, https:\/\/laplatamagica.ar\/wp-content\/uploads\/2020\/09\/puentedetolosa-768x445.jpg 768w\" sizes=\"auto, (max-width: 709px) 85vw, (max-width: 909px) 67vw, (max-width: 1362px) 62vw, 840px\" \/><\/figure><\/div>\n\n\n\n<p style=\"text-align:center\"><strong>Otra vista del puente peatonal de Tolosa, foto tomada a espaldas de la calle 2.<\/strong><\/p>\n\n\n\n<div class=\"wp-block-image\"><figure class=\"aligncenter\"><img loading=\"lazy\" decoding=\"async\" width=\"900\" height=\"599\" src=\"http:\/\/www.laplatamagica.com.ar\/wp-content\/uploads\/2019\/10\/tolosa\u00d1014.jpg\" alt=\"\" class=\"wp-image-2875\" srcset=\"https:\/\/laplatamagica.ar\/wp-content\/uploads\/2019\/10\/tolosa\u00d1014.jpg 900w, https:\/\/laplatamagica.ar\/wp-content\/uploads\/2019\/10\/tolosa\u00d1014-300x200.jpg 300w, https:\/\/laplatamagica.ar\/wp-content\/uploads\/2019\/10\/tolosa\u00d1014-768x511.jpg 768w\" sizes=\"auto, (max-width: 709px) 85vw, (max-width: 909px) 67vw, (max-width: 1362px) 62vw, 840px\" \/><\/figure><\/div>\n\n\n\n<p style=\"text-align:center\"><strong>Tolosa en una imagen, en este caso cortes\u00eda del amigo Mario Leyes, fot\u00f3grafo, que refleja en esta toma la barriada tolosana, la v\u00eda f\u00e9rrea, un sin\u00f3nimo de su pasado laborioso, el l\u00edmpido cielo y la imagen que domina y cuida, Nuestra Se\u00f1ora del Carmen.<\/strong><\/p>\n\n\n\n<div class=\"wp-block-image\"><figure class=\"aligncenter\"><img loading=\"lazy\" decoding=\"async\" width=\"1000\" height=\"725\" src=\"http:\/\/www.laplatamagica.com.ar\/wp-content\/uploads\/2020\/08\/tolosa05.jpg\" alt=\"\" class=\"wp-image-8025\" srcset=\"https:\/\/laplatamagica.ar\/wp-content\/uploads\/2020\/08\/tolosa05.jpg 1000w, https:\/\/laplatamagica.ar\/wp-content\/uploads\/2020\/08\/tolosa05-300x218.jpg 300w, https:\/\/laplatamagica.ar\/wp-content\/uploads\/2020\/08\/tolosa05-768x557.jpg 768w\" sizes=\"auto, (max-width: 709px) 85vw, (max-width: 909px) 67vw, (max-width: 1362px) 62vw, 840px\" \/><\/figure><\/div>\n\n\n\n<p style=\"text-align:center\">Durante muchos a\u00f1os este fue el Registro Civil de Tolosa en la calle 115 y 530, muchas parejas se casaron all\u00ed en la d\u00e9cada del cincuenta y sesenta.<\/p>\n\n\n\n<div class=\"wp-block-image\"><figure class=\"aligncenter\"><img loading=\"lazy\" decoding=\"async\" width=\"750\" height=\"1000\" src=\"http:\/\/www.laplatamagica.com.ar\/wp-content\/uploads\/2019\/10\/tolosa\u00d1015.jpg\" alt=\"\" class=\"wp-image-2877\" srcset=\"https:\/\/laplatamagica.ar\/wp-content\/uploads\/2019\/10\/tolosa\u00d1015.jpg 750w, https:\/\/laplatamagica.ar\/wp-content\/uploads\/2019\/10\/tolosa\u00d1015-225x300.jpg 225w\" sizes=\"auto, (max-width: 750px) 85vw, 750px\" \/><\/figure><\/div>\n\n\n\n<p style=\"text-align:center\"><strong><br>Monumento a Carlos Gardel inaugurado el 24 de junio de 1997, en el Mercado de Tolosa, calle 520 y 117.<\/strong><\/p>\n\n\n\n<div class=\"wp-block-image\"><figure class=\"aligncenter\"><img loading=\"lazy\" decoding=\"async\" width=\"1000\" height=\"601\" src=\"http:\/\/www.laplatamagica.com.ar\/wp-content\/uploads\/2019\/10\/tolosa\u00d1016.jpg\" alt=\"\" class=\"wp-image-2879\" srcset=\"https:\/\/laplatamagica.ar\/wp-content\/uploads\/2019\/10\/tolosa\u00d1016.jpg 1000w, https:\/\/laplatamagica.ar\/wp-content\/uploads\/2019\/10\/tolosa\u00d1016-300x180.jpg 300w, https:\/\/laplatamagica.ar\/wp-content\/uploads\/2019\/10\/tolosa\u00d1016-768x462.jpg 768w\" sizes=\"auto, (max-width: 709px) 85vw, (max-width: 909px) 67vw, (max-width: 1362px) 62vw, 840px\" \/><\/figure><\/div>\n\n\n\n<p style=\"text-align:center\"> <br><strong>Mercado Regional La Plata: El cierre del Mercado La Plata hizo que todo el comercio de frutas y verduras se unificara en el Mercado Buenos Aires, que cerr\u00f3 sus puertas, el 30 de Noviembre de 1972 se inaugur\u00f3 en Tolosa calle 520 y 116 el Mercado Regional La Plata.<\/strong> <\/p>\n\n\n\n<div class=\"wp-block-image\"><figure class=\"aligncenter\"><img loading=\"lazy\" decoding=\"async\" width=\"1000\" height=\"647\" src=\"http:\/\/www.laplatamagica.com.ar\/wp-content\/uploads\/2019\/10\/tolosa\u00d1017.jpg\" alt=\"\" class=\"wp-image-2881\" srcset=\"https:\/\/laplatamagica.ar\/wp-content\/uploads\/2019\/10\/tolosa\u00d1017.jpg 1000w, https:\/\/laplatamagica.ar\/wp-content\/uploads\/2019\/10\/tolosa\u00d1017-300x194.jpg 300w, https:\/\/laplatamagica.ar\/wp-content\/uploads\/2019\/10\/tolosa\u00d1017-768x497.jpg 768w\" sizes=\"auto, (max-width: 709px) 85vw, (max-width: 909px) 67vw, (max-width: 1362px) 62vw, 840px\" \/><\/figure><\/div>\n\n\n\n<p style=\"text-align:center\"> <br><strong>Los hoy abandonados talleres tuvieron su momento de esplendor a partir del decreto del gobernador Carlos D\u2019Amico, del 20 de julio de 1886, ya desde La Plata, se dispon\u00eda el traslado a los nuevos talleres de Tolosa de todo el material, \u00fatiles, obrajes y personal de los talleres \u201cdel 11 de Septiembre\u201d (la denominaci\u00f3n Centro Am\u00e9rica hab\u00eda desaparecido hac\u00eda casi 8 a\u00f1os), debiendo quedar donde entonces se encontraba, nada m\u00e1s que lo indispensable para atender las exigencias del servicio de las l\u00edneas que all\u00ed terminaban. El traslado se efectiviz\u00f3 a partir del 1\u00ba de enero de 1887, finalizando en mayo. As\u00ed el 29 de agosto de 1887, 30\u00ba aniversario de la inauguraci\u00f3n del Ferrocarril Oeste, a las 13.30 hs. se habilitaban con toda pompa los nuevos y monumentales talleres de Tolosa.<\/strong> Hoy todo esto ya no existe.<\/p>\n\n\n\n<div class=\"wp-block-image\"><figure class=\"aligncenter\"><img loading=\"lazy\" decoding=\"async\" width=\"1000\" height=\"733\" src=\"http:\/\/www.laplatamagica.com.ar\/wp-content\/uploads\/2019\/10\/tolosa\u00d1018.jpg\" alt=\"\" class=\"wp-image-2883\" srcset=\"https:\/\/laplatamagica.ar\/wp-content\/uploads\/2019\/10\/tolosa\u00d1018.jpg 1000w, https:\/\/laplatamagica.ar\/wp-content\/uploads\/2019\/10\/tolosa\u00d1018-300x220.jpg 300w, https:\/\/laplatamagica.ar\/wp-content\/uploads\/2019\/10\/tolosa\u00d1018-768x563.jpg 768w\" sizes=\"auto, (max-width: 709px) 85vw, (max-width: 909px) 67vw, (max-width: 1362px) 62vw, 840px\" \/><\/figure><\/div>\n\n\n\n<p style=\"text-align:center\"><strong> <br>Monumento a la madre en la calle 117 y 529 de Tolosa, inaugurado el 21 de octubre 1962 con el aporte de todos los vecinos. <\/strong><\/p>\n\n\n\n<p style=\"text-align:center\"><strong>&#8220;En Tolosa, localidad de la ciudad de La Plata, a los veinte d\u00edas del mes de julio de 1962 y siendo las diez y media. Reun\u00edos un grupo de simpatizantes en el Club Los Tolosanos de la calle 118 e\/528 y 529 para formar una comisi\u00f3n provisoria que ser\u00e1 la organizadora Pro monumento a la Madre&#8230;&#8221;<br> Extracto del libro de actas del monumento a la Madre que fue inaugurado el d\u00eda 21 de Octubre de 1962 emplazado en la avenida 117 y 529 de Tolosa.<br> Fiel reflejo de lo que se logra con la unidad de los vecinos.<\/strong>&#8211;<\/p>\n\n\n\n<p style=\"text-align:center\">El monumento fue inaugurado el 21 de octubre de 1962 a las 11 por la comisi\u00f3n fundadora que estaba integrada por Hip\u00f3lito Frangi, Enrique Perrota , Leonora S. de Arizabalo, Jos\u00e9 Corchete, Mario Polillo, Aurelia F. de Rossi, Pedro E. Arizabalo, Ana Q. de Balaguer, Ofelia G. de Gomez, Eladio I. Arizabalo, Delia B. de Biloni, Lidia P. de Arizabalo, Isabel P. de Corchete, Carmen Alcolcel, Alfonso Petriella, Cristina M. de Mart\u00ednez, Jorge Almandoz, Herminia N.de Stockdale, Gino Caci, Oscar Rusconi, Mario Quaglia, y los padrinos del evento Dr. Isaac Rodolfo Dorna , Rita M. de Lagomarsino, Dr. Juan Carlos Aguirre Bengoa y Ema C. de Perrota, esta comisi\u00f3n encomend\u00f3 el trabajo al escultor profesor Ram\u00f3n Peralta y tuvo un costo de $ 40.000 pesos y la placa que se encuentra al pie de la obra fue donada por la Escuela Naval.<\/p>\n\n\n\n<div class=\"wp-block-image\"><figure class=\"aligncenter is-resized\"><img loading=\"lazy\" decoding=\"async\" src=\"http:\/\/www.laplatamagica.com.ar\/wp-content\/uploads\/2020\/08\/monumentoa-la-madre.jpg\" alt=\"\" class=\"wp-image-8058\" width=\"511\" height=\"668\" srcset=\"https:\/\/laplatamagica.ar\/wp-content\/uploads\/2020\/08\/monumentoa-la-madre.jpg 612w, https:\/\/laplatamagica.ar\/wp-content\/uploads\/2020\/08\/monumentoa-la-madre-230x300.jpg 230w\" sizes=\"auto, (max-width: 511px) 85vw, 511px\" \/><\/figure><\/div>\n\n\n\n<p style=\"text-align:center\"><strong>Ese 21 de octubre de 1962 todo dio comienzo a las 11 donde se descubre el monumento a la madre emplazado en 117 y 529 con el siguiente programaci\u00f3n: se dio inicio disparando bombas de estruendo, seguido con la entonaci\u00f3n de Himno Nacional a cargo de la Banda de Polic\u00eda, izamiento de la bandera al toque de Diana y cantando los presentes la canci\u00f3n Aurora, a continuaci\u00f3n arrojando flores desde un avi\u00f3n perteneciente al Aeroclub de Tolosa. <\/strong><\/p>\n\n\n\n<p><strong>La bendici\u00f3n del monumento estuvo a cargo del Presb\u00edtero Callejas, acto seguido se descubre la placa y colocaci\u00f3n de una corona de flores. En el acto estuvieron presentes representantes de la casa de Gobierno y Ministerios, comisionado de la Municipalidad de La Plata y de Tolosa, autoridades de la Base Naval , Jefatura de Polic\u00eda Jefe de Bomberos de La Plata y Ensenada, entre otros.<\/strong><\/p>\n\n\n\n<h2 class=\"wp-block-heading\"><\/h2>\n\n\n\n<div class=\"wp-block-image\"><figure class=\"aligncenter\"><img loading=\"lazy\" decoding=\"async\" width=\"800\" height=\"640\" src=\"http:\/\/www.laplatamagica.com.ar\/wp-content\/uploads\/2019\/10\/tolosa\u00d1019.jpg\" alt=\"\" class=\"wp-image-2885\" srcset=\"https:\/\/laplatamagica.ar\/wp-content\/uploads\/2019\/10\/tolosa\u00d1019.jpg 800w, https:\/\/laplatamagica.ar\/wp-content\/uploads\/2019\/10\/tolosa\u00d1019-300x240.jpg 300w, https:\/\/laplatamagica.ar\/wp-content\/uploads\/2019\/10\/tolosa\u00d1019-768x614.jpg 768w\" sizes=\"auto, (max-width: 800px) 85vw, 800px\" \/><\/figure><\/div>\n\n\n\n<p style=\"text-align:center\"> <br><strong>Placa en el monumento a la madre en Tolosa con la nomina de la Comisi\u00f3n Fundadora.<\/strong> <\/p>\n\n\n\n<div class=\"wp-block-image\"><figure class=\"aligncenter\"><img loading=\"lazy\" decoding=\"async\" width=\"1000\" height=\"701\" src=\"http:\/\/www.laplatamagica.com.ar\/wp-content\/uploads\/2019\/10\/tolosa\u00d1020.jpg\" alt=\"\" class=\"wp-image-2887\" srcset=\"https:\/\/laplatamagica.ar\/wp-content\/uploads\/2019\/10\/tolosa\u00d1020.jpg 1000w, https:\/\/laplatamagica.ar\/wp-content\/uploads\/2019\/10\/tolosa\u00d1020-300x210.jpg 300w, https:\/\/laplatamagica.ar\/wp-content\/uploads\/2019\/10\/tolosa\u00d1020-768x538.jpg 768w\" sizes=\"auto, (max-width: 709px) 85vw, (max-width: 909px) 67vw, (max-width: 1362px) 62vw, 840px\" \/><\/figure><\/div>\n\n\n\n<p style=\"text-align:center\"> <br><strong>Desde el domingo 8 de mayo de 2011 los barrios El Churrasco y El Mercadito ya tienen templo propio. Se trata de la parroquia &#8220;Sor Mar\u00eda Ludovica&#8221;, inaugurada ayer con un acto del que participaron numerosos vecinos, autoridades eclesi\u00e1sticas y funcionarios municipales. Erigida en un predio de 524 entre 120 y 121 cedido por la Comuna al arzobispado platense, la sencilla construcci\u00f3n de madera con techo a dos aguas es el primer paso de un ambicioso proyecto que incluye la instalaci\u00f3n de una casa sacerdotal y varias dependencias de usos m\u00faltiples destinadas a la actividad pastoral. <\/strong><br><\/p>\n","protected":false},"excerpt":{"rendered":"<p>Testigo de la historia Primeros Habitantes &#8211; Talleres &#8211; Progresos Comerciales &#8211; Las Graser\u00edas Mataderos y Saladeros &#8211; Las Quintas &#8211; El ferrocarril y Talleres &#8211;Banco de la Provincia &#8211; Los primeros peri\u00f3dicos &#8211; La primera l\u00ednea de tranv\u00edas &#8211; Molino &#8220;La Julia&#8221; Primeros Avisos en el diario &#8211; El Alumbrado y Polic\u00eda &#8211; Las &hellip; <a href=\"https:\/\/laplatamagica.ar\/?page_id=2855\" class=\"more-link\">Continuar leyendo<span class=\"screen-reader-text\"> &#8220;Tolosa Fotos Actuales&#8221;<\/span><\/a><\/p>\n","protected":false},"author":1,"featured_media":0,"parent":0,"menu_order":0,"comment_status":"closed","ping_status":"closed","template":"","meta":{"switch_pages_title":"","h5ap_radio_sources":[],"footnotes":""},"class_list":["post-2855","page","type-page","status-publish","hentry"],"_links":{"self":[{"href":"https:\/\/laplatamagica.ar\/index.php?rest_route=\/wp\/v2\/pages\/2855","targetHints":{"allow":["GET"]}}],"collection":[{"href":"https:\/\/laplatamagica.ar\/index.php?rest_route=\/wp\/v2\/pages"}],"about":[{"href":"https:\/\/laplatamagica.ar\/index.php?rest_route=\/wp\/v2\/types\/page"}],"author":[{"embeddable":true,"href":"https:\/\/laplatamagica.ar\/index.php?rest_route=\/wp\/v2\/users\/1"}],"replies":[{"embeddable":true,"href":"https:\/\/laplatamagica.ar\/index.php?rest_route=%2Fwp%2Fv2%2Fcomments&post=2855"}],"version-history":[{"count":0,"href":"https:\/\/laplatamagica.ar\/index.php?rest_route=\/wp\/v2\/pages\/2855\/revisions"}],"wp:attachment":[{"href":"https:\/\/laplatamagica.ar\/index.php?rest_route=%2Fwp%2Fv2%2Fmedia&parent=2855"}],"curies":[{"name":"wp","href":"https:\/\/api.w.org\/{rel}","templated":true}]}}