{"id":3357,"date":"2019-10-06T08:55:09","date_gmt":"2019-10-06T11:55:09","guid":{"rendered":"http:\/\/www.laplatamagica.com.ar\/?page_id=3357"},"modified":"2024-09-08T15:49:07","modified_gmt":"2024-09-08T18:49:07","slug":"pinceladas-de-ensenada","status":"publish","type":"page","link":"https:\/\/laplatamagica.ar\/?page_id=3357","title":{"rendered":"Pinceladas de Ensenada"},"content":{"rendered":"\n<meta name=\"google-site-verification\" content=\"M7MLd8EiK6vH3vKiaxJhArPjny-NOmeNFIymND3QUrI\" \/>\n\n\n<div class=\"wp-block-image\">\n<figure class=\"aligncenter\"><img loading=\"lazy\" decoding=\"async\" width=\"600\" height=\"286\" src=\"http:\/\/www.laplatamagica.com.ar\/wp-content\/uploads\/2019\/10\/ensenada1.jpg\" alt=\"\" class=\"wp-image-3358\" srcset=\"https:\/\/laplatamagica.ar\/wp-content\/uploads\/2019\/10\/ensenada1.jpg 600w, https:\/\/laplatamagica.ar\/wp-content\/uploads\/2019\/10\/ensenada1-300x143.jpg 300w\" sizes=\"auto, (max-width: 600px) 85vw, 600px\" \/><\/figure>\n<\/div>\n\n\n<p>La &#8220;ensenada&#8221; es una caleta en el sector sudoeste de la costa, desde Punta Lara hasta Punta Santiago. Fue muy buen puerto de la margen occidental del R\u00edo de la Plata. Se encuentra aproximadamente a 60 Km. de Buenos Aires.<\/p>\n\n\n\n<p>Ubicaci\u00f3n aproximada de la Ensenada de Barrag\u00e1n que se presenta en una especie de seno o recodo que limita al noroeste con la Punta Lara (ex Punta Ballena), y la Punta Santiago, al sudeste. En dicha ensenada desembocaba el r\u00edo Santiago, pero deposiciones aluvionales cerraron su estuario, cambiando radicalmente la forma de la misma.<\/p>\n\n\n\n<p>Su ocupaci\u00f3n se remonta al siglo XVII, con Hernandarias da en &#8220;merced&#8221; las tierras cercanas a la caleta, a Bartolom\u00e9 L\u00f3pez. \u00c9ste, las vende en 1629 a Antonio Guti\u00e9rrez Barrag\u00e1n, cuyo apellido materno se fue fijando e hizo pie en la toponimia de la zona.<\/p>\n\n\n\n<p>7 de febrero de 1520, sin desembarcar Hernando de Magallanes descubre la ensenada, explorando las costas del R\u00edo de La Plata.<\/p>\n\n\n\n<p>1730 el Gobernador de Buenos Aires, Bruno Mauricio de Zabala, se dirige al Rey, para confirmarle sobre el descubrimiento de una ensenada y puerto, y pidiendo la construcci\u00f3n de una sola bater\u00eda en su entrada. No fue aceptada su propuesta.<\/p>\n\n\n<div class=\"wp-block-image\">\n<figure class=\"aligncenter\"><img loading=\"lazy\" decoding=\"async\" width=\"1000\" height=\"680\" src=\"http:\/\/www.laplatamagica.com.ar\/wp-content\/uploads\/2019\/10\/ensenada3.jpg\" alt=\"\" class=\"wp-image-3360\" srcset=\"https:\/\/laplatamagica.ar\/wp-content\/uploads\/2019\/10\/ensenada3.jpg 1000w, https:\/\/laplatamagica.ar\/wp-content\/uploads\/2019\/10\/ensenada3-300x204.jpg 300w, https:\/\/laplatamagica.ar\/wp-content\/uploads\/2019\/10\/ensenada3-768x522.jpg 768w\" sizes=\"auto, (max-width: 709px) 85vw, (max-width: 909px) 67vw, (max-width: 1362px) 62vw, 840px\" \/><figcaption class=\"wp-element-caption\"><br><strong>Reconocimiento oficial de la \u201censenada\u201d .<\/strong><\/figcaption><\/figure>\n<\/div>\n\n\n<p>1736 el contrabando de Portugal y sus pretensiones, llevan a realizar una precaria bater\u00eda. Las importantes crecidas del r\u00edo de la Plata arruinaban sistem\u00e1ticamente la bater\u00eda, que debi\u00f3 ser reconstruida en 1765, 1771, 1782<br>\ndiciembre de 1800 un temporal desploma el Puerto de Buenos Aires, llegando la inundaci\u00f3n hasta la Plaza Mayor. Los comerciantes reclaman al virrey que habilite el &#8220;Puerto de Ensenada\u201d.<\/p>\n\n\n<div class=\"wp-block-image\">\n<figure class=\"aligncenter\"><img loading=\"lazy\" decoding=\"async\" width=\"700\" height=\"379\" src=\"http:\/\/www.laplatamagica.com.ar\/wp-content\/uploads\/2019\/10\/1-6-Calle-Rep\u00fablica-y-Puente.jpg\" alt=\"\" class=\"wp-image-3367\" srcset=\"https:\/\/laplatamagica.ar\/wp-content\/uploads\/2019\/10\/1-6-Calle-Rep\u00fablica-y-Puente.jpg 700w, https:\/\/laplatamagica.ar\/wp-content\/uploads\/2019\/10\/1-6-Calle-Rep\u00fablica-y-Puente-300x162.jpg 300w\" sizes=\"auto, (max-width: 700px) 85vw, 700px\" \/><\/figure>\n<\/div>\n\n\n<p>2 de enero de 1801 el Virrey Marqu\u00e9s de Avil\u00e9s abre al arribo de buques de comercio dicho puerto (en ese mismo decreto dispone fundar Ensenada, orden\u00e1ndole al Coronel Pedro Cervi\u00f1o la traza del pueblo). Adem\u00e1s el virrey hace construir la definitiva muralla del fuerte.<\/p>\n\n\n\n<p>Queda lista la Bater\u00eda, a meses de haberse fundado el pueblo de la Ensenada. La bater\u00eda era de buena mamposter\u00eda, con ocho ca\u00f1ones, dos garitas, dos almacenes, cuadra para la tropa, cuarto para el oficial, y cocina.<\/p>\n\n\n\n<p>24 de junio de 1806 Santiago de Liniers, a cargo de la bater\u00eda, rechaza el desembarco de las tropas inglesas comandadas por el General Berersford, en la 1\u00aa invasi\u00f3n inglesa. Los ocho buques ingleses (al comando de Sir Home Riggs Popham), intentan entonces el desembarco frente a Punta Lara, interviniendo la Fragata Neptuno que entra en acci\u00f3n, con la huida de los invasores, que desembarcan en Quilmes.<\/p>\n\n\n\n<p>28 de junio de 1807, las tropas al mando de John Witerloche, de la 2\u00aa invasi\u00f3n inglesa desembarcan en la Ensenada, al estar sin guarnici\u00f3n el fuerte.<\/p>\n\n\n<div class=\"wp-block-image\">\n<figure class=\"aligncenter\"><img loading=\"lazy\" decoding=\"async\" width=\"441\" height=\"600\" src=\"http:\/\/www.laplatamagica.com.ar\/wp-content\/uploads\/2019\/10\/ensenada7.jpg\" alt=\"\" class=\"wp-image-3368\" srcset=\"https:\/\/laplatamagica.ar\/wp-content\/uploads\/2019\/10\/ensenada7.jpg 441w, https:\/\/laplatamagica.ar\/wp-content\/uploads\/2019\/10\/ensenada7-221x300.jpg 221w\" sizes=\"auto, (max-width: 441px) 85vw, 441px\" \/><figcaption class=\"wp-element-caption\"> <br><strong>En la calle La Merced 133 aun hoy se puede ver esta particular construcci\u00f3n.<\/strong><\/figcaption><\/figure>\n<\/div>\n\n\n<p>Abril de 1820 el Gobernador Sarratea elimina la Comandancia Militar de la Ensenada, cesando la funci\u00f3n militar del conjunto defensivo.<\/p>\n\n\n\n<p>1855, el Ing. Pedro Benoit hace reconstruir la edificaci\u00f3n.<\/p>\n\n\n\n<p>1857 se habilita el edificio para Cuarentena de pasajeros y de tripulaci\u00f3n de buques, en raz\u00f3n de la epidemia de fiebre amarilla que atacaba a Montevideo.<\/p>\n\n\n\n<p>3 de abril de 1957 Se restituyo la Autonom\u00eda Municipal a Ensenada.<\/p>\n\n\n<div class=\"wp-block-image\">\n<figure class=\"aligncenter\"><img loading=\"lazy\" decoding=\"async\" width=\"600\" height=\"169\" src=\"http:\/\/www.laplatamagica.com.ar\/wp-content\/uploads\/2019\/10\/ensenada2.jpg\" alt=\"\" class=\"wp-image-3359\" srcset=\"https:\/\/laplatamagica.ar\/wp-content\/uploads\/2019\/10\/ensenada2.jpg 600w, https:\/\/laplatamagica.ar\/wp-content\/uploads\/2019\/10\/ensenada2-300x85.jpg 300w\" sizes=\"auto, (max-width: 600px) 85vw, 600px\" \/><\/figure>\n<\/div>\n\n<div class=\"wp-block-image\">\n<figure class=\"aligncenter\"><img loading=\"lazy\" decoding=\"async\" width=\"700\" height=\"471\" src=\"http:\/\/www.laplatamagica.com.ar\/wp-content\/uploads\/2019\/10\/ensenada5.jpg\" alt=\"\" class=\"wp-image-3362\" srcset=\"https:\/\/laplatamagica.ar\/wp-content\/uploads\/2019\/10\/ensenada5.jpg 700w, https:\/\/laplatamagica.ar\/wp-content\/uploads\/2019\/10\/ensenada5-300x202.jpg 300w\" sizes=\"auto, (max-width: 700px) 85vw, 700px\" \/><figcaption class=\"wp-element-caption\"> <br><strong>Momento en que el Interventor Federal Emilio Bonnecarrere firma el acta de la Autonom\u00eda Municipal de Ensenada en el A\u00f1o 1957. <\/strong><\/figcaption><\/figure>\n<\/div>\n\n\n<p><strong>Ensenada fue capital durante siete meses.<\/strong><\/p>\n\n\n\n<p>Pocos sabr\u00e1n que Ensenada fue declarada por la y capital de la provincia siete meses antes de ser colocada la piedra fundamental de nuestra ciudad hac\u00eda ya un a\u00f1o que hubo o armaba la provincia el doctor Dardo Rocha siendo su principal preocupaci\u00f3n resolver el complejo problema de dar a la provincia su nueva capital.<\/p>\n\n\n\n<p>Dos antiguas localidades, Ensenada y Tolosa, rivalizaron en la aspiraci\u00f3n de sus vecindarios respectivos para que se les declarase asiento definitivo de las altas autoridades, convirti\u00e9ndoles en la nueva capital.<\/p>\n\n\n<div class=\"wp-block-image\">\n<figure class=\"aligncenter\"><img loading=\"lazy\" decoding=\"async\" width=\"800\" height=\"545\" src=\"http:\/\/www.laplatamagica.com.ar\/wp-content\/uploads\/2019\/10\/ensenada4.jpg\" alt=\"\" class=\"wp-image-3361\" srcset=\"https:\/\/laplatamagica.ar\/wp-content\/uploads\/2019\/10\/ensenada4.jpg 800w, https:\/\/laplatamagica.ar\/wp-content\/uploads\/2019\/10\/ensenada4-300x204.jpg 300w, https:\/\/laplatamagica.ar\/wp-content\/uploads\/2019\/10\/ensenada4-768x523.jpg 768w\" sizes=\"auto, (max-width: 800px) 85vw, 800px\" \/><figcaption class=\"wp-element-caption\"><br><strong>Calle Rep\u00fablica, actual Ortiz de Rosas vista desde el puerto<\/strong> .<\/figcaption><\/figure>\n<\/div>\n\n\n<p>Que la provincia tanto necesitaba. Hubo un momento en que las opiniones predominantes inclinabans\u00e9 en favor de Ensenada, por su vecindad con el puerto de La Plata, llamado a darle un gran impulso a esa poblaci\u00f3n, hasta entonces casi dormida por la inactividad portuaria fue por la y que declar\u00f3 ser Ensenada capital de la provincia.<\/p>\n\n\n\n<p>La legislatura comunic\u00f3 su sanci\u00f3n al poder ejecutivo el 27 abril 1882. Su texto establec\u00eda que se proceder\u00eda a fundar inmediatamente una ciudad que se denominar\u00eda La Plata, frente al puerto de la Ensenada y sobre los terrenos altos.<\/p>\n\n\n\n<p>Agregaba la ley que el ejido de la ciudad que se mandaba crear ser\u00eda de seis leguas cuadradas y 22 cm de otra que el poder ejecutivo mandar\u00eda deslindar y dividir en solares, quintas y Charcas, y amojonarlas debidamente.<\/p>\n\n\n\n<p>Declaradse, asimismo, que hab\u00eda utilidad p\u00fablica en las apropiaci\u00f3n de las tierras necesarias a los objetos de los art\u00edculos 2 y 3 que sus l\u00edmites ser\u00edan al noreste ejido de la Ensenada y Jorge Bell al noroeste Jorge Bell al suroeste Alfonso de Mar\u00eda y Francisco Writgh al sudeste Nicanor Sixto, Gabriel Llano de la Roca y G. Villegas Villar Aldo de Jim\u00e9nez al sur Ceferino Merlo.<\/p>\n\n\n<div class=\"wp-block-image\">\n<figure class=\"aligncenter\"><img loading=\"lazy\" decoding=\"async\" width=\"600\" height=\"632\" src=\"http:\/\/www.laplatamagica.com.ar\/wp-content\/uploads\/2019\/10\/ensenada6.jpg\" alt=\"\" class=\"wp-image-3365\" srcset=\"https:\/\/laplatamagica.ar\/wp-content\/uploads\/2019\/10\/ensenada6.jpg 600w, https:\/\/laplatamagica.ar\/wp-content\/uploads\/2019\/10\/ensenada6-285x300.jpg 285w\" sizes=\"auto, (max-width: 600px) 85vw, 600px\" \/><figcaption class=\"wp-element-caption\"><strong>Sobre Canal Oeste Avenida Almafuerte esquina Italia se encontraba el puente levadizo de origen holand\u00e9s hoy solo quedan las bases del puente.<\/strong><\/figcaption><\/figure>\n<\/div>\n\n\n<p>La ley expresada que era indispensable la adquisici\u00f3n de los terrenos indicados para edificar la nueva capital. A los efectos de cubrir el valor de la expropiaci\u00f3n se autorizaba disponer del producto de la ley de 6 julio 1881, adem\u00e1s de cifras adem\u00e1s de otras disposiciones de esta manera la localidad de Ensenada que, por espacio de s\u00f3lo siete meses, mientras edificaba la ciudad de La Plata, capital provisional de la provincia por cierto que el vecindarios en ensenadenses anhelaban que fuese esa localidad la sede definitiva de las autoridades.<\/p>\n\n\n\n<figure class=\"wp-block-gallery aligncenter has-nested-images columns-default is-cropped wp-block-gallery-1 is-layout-flex wp-block-gallery-is-layout-flex\">\n<figure class=\"wp-block-image\"><img loading=\"lazy\" decoding=\"async\" width=\"1000\" height=\"738\" data-id=\"10359\" src=\"https:\/\/laplatamagica.ar\/wp-content\/uploads\/2021\/10\/fuerte.jpg\" alt=\"\" class=\"wp-image-10359\" srcset=\"https:\/\/laplatamagica.ar\/wp-content\/uploads\/2021\/10\/fuerte.jpg 1000w, https:\/\/laplatamagica.ar\/wp-content\/uploads\/2021\/10\/fuerte-300x221.jpg 300w, https:\/\/laplatamagica.ar\/wp-content\/uploads\/2021\/10\/fuerte-768x567.jpg 768w\" sizes=\"auto, (max-width: 709px) 85vw, (max-width: 909px) 67vw, (max-width: 1362px) 62vw, 840px\" \/><\/figure>\n<\/figure>\n\n\n\n<p class=\"has-small-font-size\">Ruinas del Fuerte Barrag\u00e1n.<\/p>\n\n\n\n<p>El interventor Federal a la Provincia de Buenos Aires, General Emilio A. Bonecarrere le dio la autonom\u00eda el d\u00eda 3 de abril por Decreto Ley 4656, creando los partidos de Ensenada y Berisso. En esa fecha se nombr\u00f3 quien ser\u00eda su primer comisionado, Gilberto Gaggino, que permaneci\u00f3 en el cargo hasta el 30 de abril de 1958.<br>\nContinuaron al frente del Gobierno.<\/p>\n\n\n\n<ul class=\"wp-block-list\">\n<li><strong><em>Agust\u00edn Roggerone <\/em><\/strong>01\/05\/58 hasta el 30\/04\/62 (Intendente<\/li>\n\n\n\n<li><strong><em>Antonio Salvador Campestre <\/em><\/strong>del 01\/05\/62 hasta el 13\/07\/62 (Comisionado)<\/li>\n\n\n\n<li><strong><em>Juan Galeazzi <\/em><\/strong>del 13\/07\/62 hasta el 31\/03\/63 (Comisionado)<\/li>\n\n\n\n<li><strong><em>Carlos Zammarelli<\/em><\/strong> del 01\/04\/63 hasta el 30\/06\/63 (Intendente)<\/li>\n\n\n\n<li><strong><em>Domingo Cozzi<\/em><\/strong> del 01\/07\/63 hasta el 17\/10\/63 (Intendente)<\/li>\n\n\n\n<li><strong><em>Jos\u00e9 Fingerhut <\/em><\/strong>del 18\/10\/63 hasta el 30\/06\/66 (Intendente)<\/li>\n\n\n\n<li><strong><em>Rodolfo Alberto Crespo <\/em><\/strong>del 25\/07\/66 al 30\/04\/70 (Intendente)<\/li>\n\n\n\n<li><strong><em>Domingo Frugoni <\/em><\/strong>del 01\/05\/70 al 25\/05\/73 (Intendente)<\/li>\n\n\n\n<li><strong><em>Arduino Ghio<\/em><\/strong> del 26\/05\/73 al 23\/03\/76 (Intendente)<\/li>\n\n\n\n<li><strong><em>Guillermo Jim\u00e9nez<\/em><\/strong> del 24\/03\/76 al 09\/05\/76 (Comisionado)<\/li>\n\n\n\n<li><em><strong>Eduardo Pizzagali <\/strong><\/em>del 10\/05\/76 al 17\/10\/79 (Intendente)<\/li>\n\n\n\n<li><strong><em>Oscar A. Boragina<\/em><\/strong> del 17\/10\/79 al 18\/05\/81 (Intendente)<\/li>\n\n\n\n<li><strong><em>Oscar J. Rolandelli<\/em><\/strong> del 18\/05\/81 al 11\/12\/83 (Intendente)<\/li>\n\n\n\n<li><strong><em>Jos\u00e9 Del Carmen Ginevri<\/em><\/strong> del 11\/12\/83 al 31\/05\/84 (Intendente)<\/li>\n\n\n\n<li><strong><em>Cirilo Caraballo <\/em><\/strong>del 01\/06\/84 al 30\/08\/84 como intendente interino) y el 01\/09\/84 fue electo concluyendo su mandato el 12\/02\/91<\/li>\n\n\n\n<li><strong><em>Juan Angel Quartara <\/em><\/strong>del 12\/02\/91 al 11\/12\/91 (Intendente)<\/li>\n\n\n\n<li><strong><em>Adalberto Rodolfo Del Negr<\/em><\/strong>o desde 11\/12\/91 hasta el 10\/12\/03 (Intendente)<\/li>\n\n\n\n<li><strong><em>Mario Carlos Secco<\/em><\/strong> desde 10\/12\/03 (Intendente), reelecto en 2007 hasta la actualidad.<\/li>\n<\/ul>\n\n\n\n<p class=\"has-small-font-size\"><em>La nomina es cortes\u00eda de la periodista <strong>Maria Elina Apreda<\/strong><\/em><\/p>\n\n\n\n<figure class=\"wp-block-embed is-type-video is-provider-youtube wp-block-embed-youtube wp-embed-aspect-16-9 wp-has-aspect-ratio\"><div class=\"wp-block-embed__wrapper\">\n<iframe loading=\"lazy\" title=\"Fuerte Barrag\u00e1n.\" width=\"840\" height=\"473\" src=\"https:\/\/www.youtube.com\/embed\/tbYyavagoJk?feature=oembed\" frameborder=\"0\" allow=\"accelerometer; autoplay; clipboard-write; encrypted-media; gyroscope; picture-in-picture\" allowfullscreen><\/iframe>\n<\/div><\/figure>\n\n\n\n<p>Ensenada tiene una gran historia los arriba mencionados son solo algunos hitos importantes de esta gran ciudad que es hoy Ensenada, sus habitantes tienen un especial orgullo y no es para menos en los \u00faltimos a\u00f1os a tenido un desarrollo important\u00edsimo. <\/p>\n\n\n<div class=\"wp-block-image\">\n<figure class=\"aligncenter\"><img loading=\"lazy\" decoding=\"async\" width=\"1000\" height=\"673\" src=\"http:\/\/www.laplatamagica.com.ar\/wp-content\/uploads\/2019\/12\/Microcolorww.jpg\" alt=\"\" class=\"wp-image-5430\" srcset=\"https:\/\/laplatamagica.ar\/wp-content\/uploads\/2019\/12\/Microcolorww.jpg 1000w, https:\/\/laplatamagica.ar\/wp-content\/uploads\/2019\/12\/Microcolorww-300x202.jpg 300w, https:\/\/laplatamagica.ar\/wp-content\/uploads\/2019\/12\/Microcolorww-768x517.jpg 768w\" sizes=\"auto, (max-width: 709px) 85vw, (max-width: 909px) 67vw, (max-width: 1362px) 62vw, 840px\" \/><figcaption class=\"wp-element-caption\"><strong>En 1948 la Municipalidad de La Plata cre\u00f3 la Administraci\u00f3n General de Transporte de Pasajeros, que se hizo cargo del sistema tranviario local y fund\u00f3 nuevas l\u00edneas de autotransporte cuya explotaci\u00f3n realizo.  En la foto del colectivo de la l\u00ednea 21, que un\u00eda el cementerio con Punta Lara y hac\u00eda recorridos locales, la empresa abri\u00f3 sus puertas en julio del 1943 y cerro en 1948.<\/strong><\/figcaption><\/figure>\n<\/div>\n\n<div class=\"wp-block-image\">\n<figure class=\"aligncenter\"><img loading=\"lazy\" decoding=\"async\" width=\"1000\" height=\"664\" src=\"http:\/\/www.laplatamagica.com.ar\/wp-content\/uploads\/2019\/12\/monumentoensenada.jpg\" alt=\"\" class=\"wp-image-5721\" srcset=\"https:\/\/laplatamagica.ar\/wp-content\/uploads\/2019\/12\/monumentoensenada.jpg 1000w, https:\/\/laplatamagica.ar\/wp-content\/uploads\/2019\/12\/monumentoensenada-300x199.jpg 300w, https:\/\/laplatamagica.ar\/wp-content\/uploads\/2019\/12\/monumentoensenada-768x510.jpg 768w\" sizes=\"auto, (max-width: 709px) 85vw, (max-width: 909px) 67vw, (max-width: 1362px) 62vw, 840px\" \/><figcaption class=\"wp-element-caption\"><strong>Inauguraci\u00f3n de busto del Almirante Brown en el Instituto de Menores hogar granja que se encontraba en el Palacio Piria el 28 de noviembre de 1957.<\/strong><\/figcaption><\/figure>\n<\/div>\n\n<div class=\"wp-block-image\">\n<figure class=\"aligncenter\"><img loading=\"lazy\" decoding=\"async\" width=\"1000\" height=\"696\" src=\"http:\/\/www.laplatamagica.com.ar\/wp-content\/uploads\/2020\/06\/escanear0033.jpg\" alt=\"\" class=\"wp-image-7141\" srcset=\"https:\/\/laplatamagica.ar\/wp-content\/uploads\/2020\/06\/escanear0033.jpg 1000w, https:\/\/laplatamagica.ar\/wp-content\/uploads\/2020\/06\/escanear0033-300x209.jpg 300w, https:\/\/laplatamagica.ar\/wp-content\/uploads\/2020\/06\/escanear0033-768x535.jpg 768w\" sizes=\"auto, (max-width: 709px) 85vw, (max-width: 909px) 67vw, (max-width: 1362px) 62vw, 840px\" \/><\/figure>\n<\/div>\n\n<div class=\"wp-block-image\">\n<figure class=\"aligncenter\"><img loading=\"lazy\" decoding=\"async\" width=\"1000\" height=\"645\" src=\"http:\/\/www.laplatamagica.com.ar\/wp-content\/uploads\/2020\/06\/escanear0034.jpg\" alt=\"\" class=\"wp-image-7143\" srcset=\"https:\/\/laplatamagica.ar\/wp-content\/uploads\/2020\/06\/escanear0034.jpg 1000w, https:\/\/laplatamagica.ar\/wp-content\/uploads\/2020\/06\/escanear0034-300x194.jpg 300w, https:\/\/laplatamagica.ar\/wp-content\/uploads\/2020\/06\/escanear0034-768x495.jpg 768w\" sizes=\"auto, (max-width: 709px) 85vw, (max-width: 909px) 67vw, (max-width: 1362px) 62vw, 840px\" \/><figcaption class=\"wp-element-caption\"> <br><strong>Hospital terminado sobre la calle San Mart\u00edn. <\/strong><\/figcaption><\/figure>\n<\/div>\n\n<div class=\"wp-block-image\">\n<figure class=\"aligncenter\"><img loading=\"lazy\" decoding=\"async\" width=\"1000\" height=\"613\" src=\"http:\/\/www.laplatamagica.com.ar\/wp-content\/uploads\/2021\/12\/ensenada.jpg\" alt=\"Municipalidad ubicada en Calle Don Bosco y La Merced. Edificaci\u00f3n neocl\u00e1sica de dos plantas. \" class=\"wp-image-10400\" srcset=\"https:\/\/laplatamagica.ar\/wp-content\/uploads\/2021\/12\/ensenada.jpg 1000w, https:\/\/laplatamagica.ar\/wp-content\/uploads\/2021\/12\/ensenada-300x184.jpg 300w, https:\/\/laplatamagica.ar\/wp-content\/uploads\/2021\/12\/ensenada-768x471.jpg 768w\" sizes=\"auto, (max-width: 709px) 85vw, (max-width: 909px) 67vw, (max-width: 1362px) 62vw, 840px\" \/><figcaption class=\"wp-element-caption\"><strong>Municipalidad ubicada en Calle Don Bosco y La Merced. Edificaci\u00f3n neocl\u00e1sica de dos plantas. El inmueble original fue ampliado a partir de los balcones hacia ambos lados durante la d\u00e9cada del \u00b420. Rematando la ochava hab\u00eda un reloj flanqueado por figuras aleg\u00f3ricas de importantes dimensiones. El edificio tuvo m\u00e1s ampliaciones.<\/strong><\/figcaption><\/figure>\n<\/div>\n\n\n<h3 class=\"wp-block-heading\"> La C\u00e1mara de Comercio e Industria de Ensenada <\/h3>\n\n\n\n<p>La C\u00e1mara\nde Comercio e Industria de Ensenada cumpl\u00eda su 90\u00ba aniversario. Esta fecha\nespecial, 12 de octubre de 1998 para la prestigiosa entidad, la encontraba en aquel\nmomento en plena expansi\u00f3n de sus diligencias con el enorme esfuerzo de su\ncomisi\u00f3n directiva, socios y allegados. Algunos de los nuevos integrantes de su\ncomisi\u00f3n directiva que eran los siguientes: <em>presidente,\nJorge Asprea, vicepresidente, Daniel Galeazzi, directorio ejecutivo, Amadeo\nFrezzini, Luis Marchetti, Gerardo Irigotti, N\u00e9stor L\u00f3pez, Susana Alonso y Rub\u00e9n\nBarrag\u00e1n. Son vocales titulares, H\u00e9ctor Tettoni, Adolfo Bologna, Carlos Solari,\nRoberto Vietri, Miguel Laserre, Marcelo Burriel, Antonio Sano, Roberto Tegaldi,\nVictor Yacucci, Jos\u00e9 Tranquilini, Juan Zampaglione, H. Vodenicharooff, Carlos\nMoto, Rub\u00e9n Da Costa y Gustavo Esperanza.<\/em><\/p>\n\n\n<div class=\"wp-block-image\">\n<figure class=\"aligncenter\"><img loading=\"lazy\" decoding=\"async\" width=\"1000\" height=\"691\" src=\"http:\/\/www.laplatamagica.com.ar\/wp-content\/uploads\/2022\/03\/casaderosas.jpg\" alt=\"Casa atribuida a Juan Manuel de Rosas, que podr\u00eda haberla utilizado como posta durante los viajes entre Buenos Aires y sus estancias del centro bonaerense, a la orilla del Salado.\" class=\"wp-image-10585\" srcset=\"https:\/\/laplatamagica.ar\/wp-content\/uploads\/2022\/03\/casaderosas.jpg 1000w, https:\/\/laplatamagica.ar\/wp-content\/uploads\/2022\/03\/casaderosas-300x207.jpg 300w, https:\/\/laplatamagica.ar\/wp-content\/uploads\/2022\/03\/casaderosas-768x531.jpg 768w\" sizes=\"auto, (max-width: 709px) 85vw, (max-width: 909px) 67vw, (max-width: 1362px) 62vw, 840px\" \/><\/figure>\n<\/div>\n\n\n<p>En la confluencia de las calles Aristobulo del Valle y Ecuador del partido de Ensenada seg\u00fan los historiadores, en su suntuosa casa cuyos jardines ocupaban una fracci\u00f3n importante de la manzana, en ella el comerciante federal llamado Carlos Puppo Puppo sol\u00eda recibir a altas autoridades. Y posiblemente a Juan Manuel de Rosas, que podr\u00eda haberla utilizado como posta durante los viajes entre Buenos Aires y sus estancias del centro bonaerense, a la orilla del Salado.<br>La opini\u00f3n popular va m\u00e1s all\u00e1; se dice que el caudillo, gobernador de Buenos Aires y l\u00edder de la Confederaci\u00f3n Argentina durante m\u00e1s de dos d\u00e9cadas, frecuentaba la ribera de Ensenada porque all\u00ed lo esperaba una amante. Que llegaba a caballo acompa\u00f1ado por abundante guardia, que vigilaba el horizonte desde la planta alta de la casona, y que cada vez que &#8220;lo buscaban&#8221; hu\u00eda en canoa por el r\u00edo, por entonces a escasos metros del inmueble. Hoy la casona no existe m\u00e1s, se vino abajo en el 2005 aproximadamente.<\/p>\n\n\n\n<hr class=\"wp-block-separator has-css-opacity is-style-wide\"\/>\n","protected":false},"excerpt":{"rendered":"<p>La &#8220;ensenada&#8221; es una caleta en el sector sudoeste de la costa, desde Punta Lara hasta Punta Santiago. Fue muy buen puerto de la margen occidental del R\u00edo de la Plata. Se encuentra aproximadamente a 60 Km. de Buenos Aires. Ubicaci\u00f3n aproximada de la Ensenada de Barrag\u00e1n que se presenta en una especie de seno &hellip; <a href=\"https:\/\/laplatamagica.ar\/?page_id=3357\" class=\"more-link\">Continuar leyendo<span class=\"screen-reader-text\"> &#8220;Pinceladas de Ensenada&#8221;<\/span><\/a><\/p>\n","protected":false},"author":1,"featured_media":0,"parent":0,"menu_order":0,"comment_status":"closed","ping_status":"closed","template":"","meta":{"switch_pages_title":"","h5ap_radio_sources":[],"footnotes":""},"class_list":["post-3357","page","type-page","status-publish","hentry"],"_links":{"self":[{"href":"https:\/\/laplatamagica.ar\/index.php?rest_route=\/wp\/v2\/pages\/3357","targetHints":{"allow":["GET"]}}],"collection":[{"href":"https:\/\/laplatamagica.ar\/index.php?rest_route=\/wp\/v2\/pages"}],"about":[{"href":"https:\/\/laplatamagica.ar\/index.php?rest_route=\/wp\/v2\/types\/page"}],"author":[{"embeddable":true,"href":"https:\/\/laplatamagica.ar\/index.php?rest_route=\/wp\/v2\/users\/1"}],"replies":[{"embeddable":true,"href":"https:\/\/laplatamagica.ar\/index.php?rest_route=%2Fwp%2Fv2%2Fcomments&post=3357"}],"version-history":[{"count":1,"href":"https:\/\/laplatamagica.ar\/index.php?rest_route=\/wp\/v2\/pages\/3357\/revisions"}],"predecessor-version":[{"id":12761,"href":"https:\/\/laplatamagica.ar\/index.php?rest_route=\/wp\/v2\/pages\/3357\/revisions\/12761"}],"wp:attachment":[{"href":"https:\/\/laplatamagica.ar\/index.php?rest_route=%2Fwp%2Fv2%2Fmedia&parent=3357"}],"curies":[{"name":"wp","href":"https:\/\/api.w.org\/{rel}","templated":true}]}}