{"id":3372,"date":"2019-10-06T10:10:28","date_gmt":"2019-10-06T13:10:28","guid":{"rendered":"http:\/\/www.laplatamagica.com.ar\/?page_id=3372"},"modified":"2019-10-06T10:28:55","modified_gmt":"2019-10-06T13:28:55","slug":"pinceladas-de-berisso","status":"publish","type":"page","link":"https:\/\/laplatamagica.ar\/?page_id=3372","title":{"rendered":"Pinceladas de Berisso"},"content":{"rendered":"\n<div class=\"wp-block-image\"><figure class=\"aligncenter\"><img loading=\"lazy\" decoding=\"async\" width=\"600\" height=\"286\" src=\"http:\/\/www.laplatamagica.com.ar\/wp-content\/uploads\/2019\/10\/berisso1.jpg\" alt=\"\" class=\"wp-image-3373\" srcset=\"https:\/\/laplatamagica.ar\/wp-content\/uploads\/2019\/10\/berisso1.jpg 600w, https:\/\/laplatamagica.ar\/wp-content\/uploads\/2019\/10\/berisso1-300x143.jpg 300w\" sizes=\"auto, (max-width: 600px) 85vw, 600px\" \/><\/figure><\/div>\n\n\n\n<div class=\"wp-block-image\"><figure class=\"alignleft\"><img loading=\"lazy\" decoding=\"async\" width=\"244\" height=\"300\" src=\"http:\/\/www.laplatamagica.com.ar\/wp-content\/uploads\/2019\/10\/berisso2.jpg\" alt=\"\" class=\"wp-image-3374\"\/><figcaption><strong>Juan B. Berisso<\/strong><\/figcaption><\/figure><\/div>\n\n\n\n<p>La primitiva poblaci\u00f3n se n\u00facleo en torno de los primeros establecimientos fabriles en 1871, Juan Berisso inaugur\u00f3 el saladero &#8220;San Juan&#8221;, ubicado al sur del pueblo de la Ensenada de Barrag\u00e1n, mientras que al a\u00f1o siguiente, Antonio Cambaceres puso en marcha otro saladero el &#8220;Tres de Febrero&#8221;, al norte de Ensenada.<\/p>\n\n\n\n<p><br> Entre los dos ocuparon 2.000 trabajadores de la carne, n\u00famero que aument\u00f3 cuando Juan Turay Berisso abri\u00f3 el &#8220;San Luis&#8221; en 1879, en las inmediaciones del primero. Los saladeros y el rancher\u00edo adyacente formaron parte del pueblo de Ensenada, cabecera del Partido del mismo nombre, pero cuando Buenos Aires pas\u00f3 de capital provincial a capital de la Naci\u00f3n, el gobierno de la Provincia tuvo que abandonar la ciudad porte\u00f1a e instalarse en otro lugar, para tal fin se decidi\u00f3 crear una nueva capital, que ser\u00eda La Plata.<\/p>\n\n\n\n<p>La ley de 1882 que cre\u00f3 la nueva capital provincial dispuso que Ensenada y el rancher\u00edo contiguo a los saladeros &#8220;San Juan&#8221; y &#8220;San Luis&#8221; pasasen a integrar el partido de La Plata, de esta forma Ensenada perdi\u00f3 su condici\u00f3n de cabecera comunal.<\/p>\n\n\n\n<p>Cuando se cre\u00f3 el Puerto de La Plata se dispuso la expropiaci\u00f3n de una franja de terreno de 1200 metros, desde el R\u00edo Santiago hasta los alrededores de La Plata, por consider\u00e1rsela de utilidad p\u00fablica, de modo que Berisso qued\u00f3 separado de Ensenada.<\/p>\n\n\n\n<div class=\"wp-block-image\"><figure class=\"aligncenter\"><img loading=\"lazy\" decoding=\"async\" width=\"900\" height=\"568\" src=\"http:\/\/www.laplatamagica.com.ar\/wp-content\/uploads\/2019\/10\/berisso4.jpg\" alt=\"\" class=\"wp-image-3376\" srcset=\"https:\/\/laplatamagica.ar\/wp-content\/uploads\/2019\/10\/berisso4.jpg 900w, https:\/\/laplatamagica.ar\/wp-content\/uploads\/2019\/10\/berisso4-300x189.jpg 300w, https:\/\/laplatamagica.ar\/wp-content\/uploads\/2019\/10\/berisso4-768x485.jpg 768w\" sizes=\"auto, (max-width: 709px) 85vw, (max-width: 909px) 67vw, (max-width: 1362px) 62vw, 840px\" \/><\/figure><\/div>\n\n\n\n<p>La actividad portuaria cre\u00f3 un clima de progreso e inter\u00e9s por las tierras, las contiguas al saladero San Juan se subdividieron, en 1887, lote\u00e1ndose bajo el nombre de Villa Banco Constructor.<\/p>\n\n\n\n<p>En 1909 se hizo lo mismo con las situadas frente al saladero y as\u00ed comenz\u00f3 a formarse un caser\u00edo sin ning\u00fan trazado urban\u00edstico. Villa Banco Constructor permanece semi bald\u00eda hasta que con la instalaci\u00f3n del primer frigor\u00edfico en 1911 denominado &#8220;La Plata Cold Storage&#8221;, las tierras fueron ocup\u00e1ndose paulatinamente de trabajadores con sus familias reviviendo al poblado que ya comenzaba a llamarse Berisso.<\/p>\n\n\n\n<p>Juan Bautista Berisso naci\u00f3 el 15 de febrero de 1834 en la ciudad italiana de G\u00e9nova, en la zona del Valle de Los Berisso, en Lavagna desde donde proviene la familia del fundador.<br>\nEl primer integrante de los Berisso en llegar Argentina fue Juan Bautista en 1848 cuando ten\u00eda s\u00f3lo 15 a\u00f1os de edad demostrando ya su esp\u00edritu emprendedor, que lo guiar\u00eda en su vida.<\/p>\n\n\n\n<p>Juan era hijo de Jos\u00e9 Berisso y de Teresa Berisso de Berisso, quienes tuvieron otros ocho hijos; Mar\u00eda, Rosa, Luis, Colomba, Manuela, Catalina, Esteban, Jos\u00e9 y Maria \u00c1ngelaSalvo Mar\u00eda y Rosa, los dem\u00e1s hermanos y los hijos de Rosa se radicaron y formaron familias en Argentina. Su padre falleci\u00f3 en 1865 en Italia.<\/p>\n\n\n\n<p>A los ocho a\u00f1os Juan empez\u00f3 ayudar a su padre trabajando a su lado, hasta que a los 15 a\u00f1os se traslad\u00f3 a Buenos Aires en un buque a vela, su \u00fanico capital era una moneda de plata espa\u00f1ola que ten\u00eda un peso fuerte de valor, la que entreg\u00f3 a las autoridades mar\u00edtimas italianas, qued\u00e1ndole solo algunas prendas de vestir.<\/p>\n\n\n\n<p>El \u00e9xito de los Berisso en la industria saladeril hab\u00eda trascendido a su lugar de origen. Tal vez a ello se deba que en la segunda mitad del siglo XIX llegan a la Argentina varios Berisso procedentes de Lavagna, Cogorno y Santa Julia. Eran \u00e9pocas en que Argentina era un pa\u00eds de atracci\u00f3n para los inmigrantes y el \u00e9xito de los primeros alentaba a otros.<\/p>\n\n\n\n<div class=\"wp-block-image\"><figure class=\"aligncenter\"><img loading=\"lazy\" decoding=\"async\" width=\"700\" height=\"455\" src=\"http:\/\/www.laplatamagica.com.ar\/wp-content\/uploads\/2019\/10\/berisso5.jpg\" alt=\"\" class=\"wp-image-3377\" srcset=\"https:\/\/laplatamagica.ar\/wp-content\/uploads\/2019\/10\/berisso5.jpg 700w, https:\/\/laplatamagica.ar\/wp-content\/uploads\/2019\/10\/berisso5-300x195.jpg 300w\" sizes=\"auto, (max-width: 700px) 85vw, 700px\" \/><figcaption> <br><strong>Publicidad de remates de terrenos en Berisso frente al centro c\u00edvico la publicaciones es de 1909.<\/strong><\/figcaption><\/figure><\/div>\n\n\n\n<p>Con respecto a otros pa\u00edses, s\u00f3lo se han encontrado Berisso en Per\u00fa, donde se radic\u00f3 Elsa Luisa Berisso, en Uruguay donde tuvo una actuaci\u00f3n destacada Ces\u00e1reo L. Berisso, y en Chile se radic\u00f3 Miguel Berisso quien tuvo tres hijos y una hija. En EE.UU. se han instalado descendientes argentinos.<\/p>\n\n\n\n<p>Adem\u00e1s de ser adoptado para designar a la actual capital provincial del Inmigrante, el nombre Berisso fue tomado por un paraje de la ciudad de Bs. As, una calle de la ciudad de Avellaneda (Bs. As), una peque\u00f1a colonia de Entre R\u00edos y la base naval de Ushuaia, Tierra del Fuego, bautizada Almirante Berisso.<\/p>\n\n\n\n<p>El primer trabajo de Juan Berisso fue un una chancher\u00eda de la calle Independencia entre Salta y Lima, donde gan\u00f3 $120 papel moneda de Bs. As al mes. Trabaj\u00f3 d\u00eda y noche aumentando su remuneraci\u00f3n a $300 por mensuales, durante tres a\u00f1os y acumulando su primer capital en un pa\u00eds que comenzaba a conocer.<\/p>\n\n\n\n<p>A los pocos d\u00edas de dejar su empleo, abri\u00f3 en la calle Defensa un despacho de carne, que le dejaba la utilidad de $50 al d\u00eda. Pasados cinco meses vendi\u00f3 y abri\u00f3 otro en los alrededores de la Iglesia Concepci\u00f3n. A veces solo, otras asociado a terceros, trabaj\u00f3 algunos meses m\u00e1s en Buenos Aires y reunido un capital de $ 24.000 moneda nacional se lanz\u00f3 a La Campa\u00f1a donde continu\u00f3 acrecentando su fortuna.<\/p>\n\n\n\n<p>Una terrible tormenta lo dej\u00f3 sin la tropa y el ganado que hab\u00eda adquirido para el cual emple\u00f3 todo cuanto pose\u00eda, Juan Berisso volvi\u00f3 a encontrarse de nuevo pobre, vendi\u00f3 sus buenas prendas y recomenz\u00f3 su actividad primitiva, asoci\u00e1ndose con otros, que al tiempo fugo llev\u00e1ndose el capital social. Berisso volvi\u00f3 al trabajo y se une a tres nuevos socios y comienza una nueva actividad: la beneficiaci\u00f3n de yeguas, con la cual obtuvo grandes ganancias, continuando con esa empresa hasta 1863, cuando comienza la actividad industrial dando trabajo a centenares de hombres.<\/p>\n\n\n\n<div class=\"wp-block-image\"><figure class=\"aligncenter\"><img loading=\"lazy\" decoding=\"async\" width=\"800\" height=\"497\" src=\"http:\/\/www.laplatamagica.com.ar\/wp-content\/uploads\/2019\/10\/berisso6.jpg\" alt=\"\" class=\"wp-image-3378\" srcset=\"https:\/\/laplatamagica.ar\/wp-content\/uploads\/2019\/10\/berisso6.jpg 800w, https:\/\/laplatamagica.ar\/wp-content\/uploads\/2019\/10\/berisso6-300x186.jpg 300w, https:\/\/laplatamagica.ar\/wp-content\/uploads\/2019\/10\/berisso6-768x477.jpg 768w\" sizes=\"auto, (max-width: 800px) 85vw, 800px\" \/><\/figure><\/div>\n\n\n\n<p>Reconstituye su econom\u00eda y emprende una actividad a gran escala cuando se asocia con Juan Solari y Tom\u00e1s Vignale con el objeto de fundar saladeros (con los que luego llegar\u00eda a esta zona), astilleros, taller mec\u00e1nico, compa\u00f1\u00eda mar\u00edtima y estancias.<\/p>\n\n\n\n<p>En 1880 adquiri\u00f3 una destiler\u00eda y f\u00e1brica de alcohol ya existente, la que modifica y perfecciona cambiando la administraci\u00f3n, revirtiendo en grand\u00edsimas utilidades una f\u00e1brica que a sus anteriores propietarios hab\u00eda dado grandes p\u00e9rdidas.<\/p>\n\n\n\n<p>Al mismo tiempo construye en un terreno de la Av. Montes de Oca, once grandes casas y una espaciosa elaboradora de aceite vegetal. Berisso estableci\u00f3 en 1882 un astillero y un taller mec\u00e1nico en la zona de La Boca donde se construyeron barcos a vapor de gran porte, adem\u00e1s de embarcaciones menores, reparaciones navales, trabajos de calderer\u00eda y fabricaci\u00f3n de equipos a pedidos entre otras tareas. Adem\u00e1s desarroll\u00f3 la cr\u00eda de ganado habiendo adquirido estancias a tal efecto en la provincia de Entre R\u00edos.<\/p>\n\n\n\n<div class=\"wp-block-image\"><figure class=\"aligncenter\"><img loading=\"lazy\" decoding=\"async\" width=\"600\" height=\"366\" src=\"http:\/\/www.laplatamagica.com.ar\/wp-content\/uploads\/2019\/10\/berisso10.jpg\" alt=\"\" class=\"wp-image-3385\" srcset=\"https:\/\/laplatamagica.ar\/wp-content\/uploads\/2019\/10\/berisso10.jpg 600w, https:\/\/laplatamagica.ar\/wp-content\/uploads\/2019\/10\/berisso10-300x183.jpg 300w\" sizes=\"auto, (max-width: 600px) 85vw, 600px\" \/><\/figure><\/div>\n\n\n\n<p>Desde el instante que vio levantarse su fortuna sobre bases s\u00f3lidas, Juan Berisso llam\u00f3 a sus hermanos, se rode\u00f3 de sus parientes y estimuladores, les dio empleo y los asoci\u00f3 a sus negocios poniendo a servicio de ellos un capital y su gran cr\u00e9dito, sus conocimientos y el caudal inmenso de su existencia. Juan Berisso falleci\u00f3 en Bs. As el 23 de Enero de 1893 a los 58 a\u00f1os. Fue sepultado en la Recoleta junto a su madre, en una b\u00f3veda que todav\u00eda existe y en la cual se observan varias esculturas de m\u00e1rmol de carrara encargadas personalmente por Juan en Italia.<\/p>\n\n\n\n<p>Juan Berisso se cas\u00f3 con Luisa Bianchetti el 2 de Febrero de 1860, con la cual tuvo ocho hijos varones: Pedro, Juan Jos\u00e9, Juan Antonio, Luis Gregorio, Manuel Enrique, Alfredo Federico Esteban, Federico, Emilio Jos\u00e9.<br>\nSu esposa fallece el 25 de octubre de 1881 y en abril de 1884 contrajo nuevo matrimonio con Victoria Solari, con la cual tuvo dos hijos: Jer\u00f3nimo Jos\u00e9 F\u00e9lix y An\u00e9lida M\u00e1xima Catalina.<\/p>\n\n\n\n<p>Juan Berisso vivi\u00f3 muchos a\u00f1os en una casona de la Av. Santa Fe N\u00ba 2325 en esa casa falleci\u00f3 su madre y su esposa Luisa Bianchetti.<\/p>\n\n\n\n<p>Berisso es hoy una ciudad pujante, alumbrada por el crisol de razas de sus colectividades.<\/p>\n\n\n\n<p class=\"has-medium-font-size\"><strong>Los inmigrantes<\/strong><\/p>\n\n\n\n<div class=\"wp-block-image\"><figure class=\"alignleft\"><img loading=\"lazy\" decoding=\"async\" width=\"360\" height=\"216\" src=\"http:\/\/www.laplatamagica.com.ar\/wp-content\/uploads\/2019\/10\/berisso3.jpg\" alt=\"\" class=\"wp-image-3375\" srcset=\"https:\/\/laplatamagica.ar\/wp-content\/uploads\/2019\/10\/berisso3.jpg 360w, https:\/\/laplatamagica.ar\/wp-content\/uploads\/2019\/10\/berisso3-300x180.jpg 300w\" sizes=\"auto, (max-width: 360px) 85vw, 360px\" \/><figcaption> <br><strong>Bandera de Berisso <\/strong><\/figcaption><\/figure><\/div>\n\n\n\n<p>\u201cCon la instalaci\u00f3n de los Saladero si la construcci\u00f3n del puerto de La Plata, esa corriente se van incrementando fines del siglo XIX y se intensifican al comenzar el siglo XX con la puesta en marcha de los grandes frigor\u00edficos. Pueblos asolados por la miseria y el peligro de la guerra buscaron reconstruir sus vidas en este nuevo pa\u00eds. Pero era imposible dejar atr\u00e1s el pasado, olvidar las costumbres o sus parientes que quedaron la tierra de origen. La necesidad de mantener sus tradiciones y al mismo tiempo prestar ayuda mutua entre paisanos, los lleva a reunirse fundando clubes o entidades donde poder expresarse.<\/p>\n\n\n\n<p>En 1907 se funda la Sociedad Albanesa. En 1909 los lituanos se re\u00fanen en la Sociedad Mutual Varedienes, luego N\u00e9munas. Posteriormente en 1931 se forma la sociedad Mindaugas de la misma nacionalidad. Los griegos fundan en 1911 la Fraternidad de los Chios Adamandios Corais que con el tiempo se transforma en la actual Colectividad Hel\u00e9nica. En 1913 surge la Uni\u00f3n Polaca.<\/p>\n\n\n\n<p>En 1917 se funda la Sociedad Isl\u00e1mica que unida a otras entidades \u00e1rabes dan lugar al actual Hogar \u00c1rabe Argentino. En 1918 se funda la Sociedad Italiana, en 1924 la Sociedad Ucraniana Prosvita y en 1933 la Sociedad Renacimiento de la misma nacionalidad. La Sociedad Armenia se fund\u00f3 en 1924, la Bielo Rusa &#8220;Vostok&#8221; en 1928, la B\u00falgara que hab\u00eda sido fundado en 1932 con el nombre &#8220;Kiril y Metodio&#8221; fue posteriormente en refundada en 1955 con el nombre &#8220;Ivan Vasoff\u201d.<\/p>\n\n\n\n<p>En 1907 se funda la Sociedad Albanesa. En 1909 los lituanos se re\u00fanen en la Sociedad Mutual Varedienes, luego N\u00e9munas. Posteriormente en 1931 se forma la sociedad Mindaugas de la misma nacionalidad. Los griegos fundan en 1911 la Fraternidad de los Chios Adamandios Corais que con el tiempo se transforma en la actual Colectividad Hel\u00e9nica. En 1913 surge la Uni\u00f3n Polaca.<br>\nPor 1915 funciona la hoy desaparecida Sociedad Portuguesa y en ese mismo a\u00f1o se se crea la Sociedad San Patricio de la colectividad El irlandesa que volvi\u00f3 a ser refundada hace pocos a\u00f1os.<\/p>\n\n\n\n<div class=\"wp-block-image\"><figure class=\"aligncenter\"><img loading=\"lazy\" decoding=\"async\" width=\"700\" height=\"431\" src=\"http:\/\/www.laplatamagica.com.ar\/wp-content\/uploads\/2019\/10\/berisso7.jpg\" alt=\"\" class=\"wp-image-3381\" srcset=\"https:\/\/laplatamagica.ar\/wp-content\/uploads\/2019\/10\/berisso7.jpg 700w, https:\/\/laplatamagica.ar\/wp-content\/uploads\/2019\/10\/berisso7-300x185.jpg 300w\" sizes=\"auto, (max-width: 700px) 85vw, 700px\" \/><\/figure><\/div>\n\n\n\n<p>En 1917 se funda la Sociedad Isl\u00e1mica que unida a otras entidades \u00e1rabes dan lugar al actual Hogar \u00c1rabe Argentino. En 1918 se funda la Sociedad Italiana, en 1924 la Sociedad Ucraniana Prosvita y en 1933 la Sociedad Renacimiento de la misma nacionalidad. La Sociedad Armenia se fund\u00f3 en 1924, la Bielo Rusa &#8220;Vostok&#8221; en 1928, la B\u00falgara que hab\u00eda sido fundado en 1932 con el nombre &#8220;Kiril y Metodio&#8221; fue posteriormente en refundada en 1955 con el nombre &#8220;Ivan Vasoff\u201d.<\/p>\n\n\n\n<p>La Colectividad Espa\u00f1ola que tuvo una fugaz aparici\u00f3n en ocasi\u00f3n de la guerra civil en 1937 para concurrir en ayuda de la Rep\u00fablica, nace como instituci\u00f3n en 1978. La Sociedad Eslovaca nace en 1977 de la fusi\u00f3n del Club Eslovaco Estefanic fundado en 1931 y el Hogar Checoslovaco Domov fundado en 1925. La Juventud Israelita Argentina se funda en 1915 en 1934 se funda la Sociedad Yugoslavia libre.<\/p>\n\n\n\n<p>Eran a\u00f1os de guerra y la casi totalidad de las entidades concurr\u00edan en ayuda de sus lejanos pa\u00edses. Tambi\u00e9n la Colectividad Alemana fundada en 1924 lleg\u00f3 a tener sede y escuela en Villa Arg\u00fcello.<\/p>\n\n\n\n<div class=\"wp-block-image\"><figure class=\"aligncenter\"><img loading=\"lazy\" decoding=\"async\" width=\"600\" height=\"435\" src=\"http:\/\/www.laplatamagica.com.ar\/wp-content\/uploads\/2019\/10\/berisso9.jpg\" alt=\"\" class=\"wp-image-3383\" srcset=\"https:\/\/laplatamagica.ar\/wp-content\/uploads\/2019\/10\/berisso9.jpg 600w, https:\/\/laplatamagica.ar\/wp-content\/uploads\/2019\/10\/berisso9-300x218.jpg 300w\" sizes=\"auto, (max-width: 600px) 85vw, 600px\" \/><\/figure><\/div>\n\n\n\n<p><br> Toda esa activa presencia extranjera da lugar a la formaci\u00f3n de la Federaci\u00f3n de Entidades Extranjeras que desde 1977 organizar la Fiesta del Inmigrante y al actual se suman las autoridades provinciales designando a Berisso &#8220;Capital Provincial del Inmigrante&#8221; en 1978.<\/p>\n\n\n\n<p>Se integran as\u00ed distintas etnias a la adaptadas a las costumbres del pa\u00eds que los cobij\u00f3 tratando de mantener muchos de los elementos culturales heredados, aun cuando sus apellidos por esas mismas razones de integraci\u00f3n, a veces no se correspondan con la sangre que corre por sus venas ni por su car\u00e1cter es las raciales\u201d.<\/p>\n\n\n\n<p class=\"has-medium-font-size\"><strong>Nomina de Intendentes<\/strong><\/p>\n\n\n\n<p><strong><em>Ra\u00fal Filgueira<\/em><\/strong> (primer comisionado), que est\u00e1 al frente desde el 12 de julio de 1957 al 30 de abril de 1958.<br> <strong><em>Edgard Aschieri<\/em><\/strong>, intendente electo por el pueblo (5\/58 al 7\/62)<br><strong><em> H\u00e9ctor Lauri,<\/em><\/strong> comisionado de facto (7\/62 al 12\/62)<br> <strong><em>Comodoro Espinosa Viale<\/em><\/strong>, comisionado de facto (5\/63 al 10\/63)<br> <strong><em>Andr\u00e9s Bruzzone<\/em><\/strong>, intendente electo por el pueblo (10\/63 al 7\/66)<br> <strong><em>Capit\u00e1n de Fragata (RE.) Santiago Bassani<\/em><\/strong>, intendente de facto (7\/66 al 9\/72)<br><em><strong> Dr. Horacio Urbanski<\/strong><\/em>, intendente de facto (9\/72 al 5\/73)<br><strong><em> Jorge Matkovic<\/em><\/strong>, intendente electo por el pueblo, depuesto por el golpe militar (5\/73 al 3\/76)<br><strong><em> Capit\u00e1n de Corbeta Alfredo Fari\u00f1a,<\/em><\/strong> intendente de facto (3\/76 al 6\/76)<br><strong><em> Comisario General Ricardo Cers\u00e9simo<\/em><\/strong>, intendente de facto (6\/76 al 9\/80)<br><strong><em> Arq. Roberto Ar\u00fan,<\/em><\/strong> intendente de facto (9\/80 al 12\/83)<br> <strong><em>Ing. Carlos Alberto Nazar<\/em><\/strong>, intendente electo por el pueblo (12\/83 al 12\/87)<br><strong><em> Dr. Juan Enrique Nadeff,<\/em><\/strong> intendente electo por el pueblo (12\/87 al 12\/91)<br><strong><em> Eugenio Juzwa,<\/em><\/strong> intendente electo por el pueblo (12\/91 al 12\/95)<br><em><strong> N\u00e9stor Juzwa,<\/strong><\/em> intendente electo por el pueblo (12\/95 al 12\/03)<br><strong><em> Enrique Slezack,<\/em><\/strong> intendente electo por el pueblo en el 2003 y reelecto en los a\u00f1os 2007 y 2011.<br> <strong>Jorge Nedela, <\/strong>intendente electo por el pueblo en 2015.<\/p>\n","protected":false},"excerpt":{"rendered":"<p>La primitiva poblaci\u00f3n se n\u00facleo en torno de los primeros establecimientos fabriles en 1871, Juan Berisso inaugur\u00f3 el saladero &#8220;San Juan&#8221;, ubicado al sur del pueblo de la Ensenada de Barrag\u00e1n, mientras que al a\u00f1o siguiente, Antonio Cambaceres puso en marcha otro saladero el &#8220;Tres de Febrero&#8221;, al norte de Ensenada. Entre los dos ocuparon &hellip; <a href=\"https:\/\/laplatamagica.ar\/?page_id=3372\" class=\"more-link\">Continuar leyendo<span class=\"screen-reader-text\"> &#8220;Pinceladas de Berisso&#8221;<\/span><\/a><\/p>\n","protected":false},"author":1,"featured_media":0,"parent":0,"menu_order":0,"comment_status":"closed","ping_status":"closed","template":"","meta":{"switch_pages_title":"","h5ap_radio_sources":[],"footnotes":""},"class_list":["post-3372","page","type-page","status-publish","hentry"],"_links":{"self":[{"href":"https:\/\/laplatamagica.ar\/index.php?rest_route=\/wp\/v2\/pages\/3372","targetHints":{"allow":["GET"]}}],"collection":[{"href":"https:\/\/laplatamagica.ar\/index.php?rest_route=\/wp\/v2\/pages"}],"about":[{"href":"https:\/\/laplatamagica.ar\/index.php?rest_route=\/wp\/v2\/types\/page"}],"author":[{"embeddable":true,"href":"https:\/\/laplatamagica.ar\/index.php?rest_route=\/wp\/v2\/users\/1"}],"replies":[{"embeddable":true,"href":"https:\/\/laplatamagica.ar\/index.php?rest_route=%2Fwp%2Fv2%2Fcomments&post=3372"}],"version-history":[{"count":0,"href":"https:\/\/laplatamagica.ar\/index.php?rest_route=\/wp\/v2\/pages\/3372\/revisions"}],"wp:attachment":[{"href":"https:\/\/laplatamagica.ar\/index.php?rest_route=%2Fwp%2Fv2%2Fmedia&parent=3372"}],"curies":[{"name":"wp","href":"https:\/\/api.w.org\/{rel}","templated":true}]}}