{"id":3467,"date":"2019-10-07T15:52:34","date_gmt":"2019-10-07T18:52:34","guid":{"rendered":"http:\/\/www.laplatamagica.com.ar\/?page_id=3467"},"modified":"2024-09-26T17:41:55","modified_gmt":"2024-09-26T20:41:55","slug":"futbol-platense","status":"publish","type":"page","link":"https:\/\/laplatamagica.ar\/?page_id=3467","title":{"rendered":"F\u00fatbol Amateur platense"},"content":{"rendered":"\n<meta name=\"google-site-verification\" content=\"M7MLd8EiK6vH3vKiaxJhArPjny-NOmeNFIymND3QUrI\" \/>\n\n\n\n<p class=\"has-text-align-center has-large-font-size\"><strong><a href=\"http:\/\/www.laplatamagica.com.ar\/?page_id=4350\">Estadio Ciudad de La Plata<\/a><\/strong><\/p>\n\n\n\n<p class=\"has-small-font-size\"><em>Roberto G. Abrodos<\/em><\/p>\n\n\n\n<hr class=\"wp-block-separator has-css-opacity is-style-wide\"\/>\n\n\n\n<p>A no dudarlo, es nuestro fervor superior, ya sea por herencia familiar o tradici\u00f3n, en cualquier circunstancia, naci\u00f3 como uno m\u00e1s, tra\u00eddo por esos \u201cingleses locos\u201d. Nuestra ciudad fundada en 1882 a casi cuatro a\u00f1os de comenzar a funcionar como capital provincial, ya contaba con una entidad deportiva que fue escalonando su evoluci\u00f3n al ritmo de la metr\u00f3poli joven.<\/p>\n\n\n<div class=\"wp-block-image\">\n<figure class=\"alignleft\"><img loading=\"lazy\" decoding=\"async\" width=\"271\" height=\"400\" src=\"http:\/\/www.laplatamagica.com.ar\/wp-content\/uploads\/2019\/10\/gelp.jpg\" alt=\"\" class=\"wp-image-3468\" srcset=\"https:\/\/laplatamagica.ar\/wp-content\/uploads\/2019\/10\/gelp.jpg 271w, https:\/\/laplatamagica.ar\/wp-content\/uploads\/2019\/10\/gelp-203x300.jpg 203w\" sizes=\"auto, (max-width: 271px) 85vw, 271px\" \/><\/figure>\n<\/div>\n\n\n<p> Fue Gimnasia y Esgrima la primera instituci\u00f3n platense que se distingui\u00f3 por su firme aspiraci\u00f3n de servir a los nobles postulados de su creaci\u00f3n. <br> En la asamblea constitutiva realizada el 3 de junio de 1887, en lo que hoy es pleno centro, en la Sala Comercial de 7 entre 46 y 47, tuvo como presidente al Sr. Saturnino Perdriel y en aquella acta fundadora figuraban personalidades como Ignacio D. Irigoyen, Luis Monteverde  (la calle 7 lleva su nombre), Ram\u00f3n L. Falc\u00f3n que fue el primer cadete del Colegio Militar, al que ingres\u00f3 en 1870, durante la presidencia de Domingo F. Sarmiento, Jos\u00e9 Mar\u00eda Ni\u00f1o, periodista decano del diario La Naci\u00f3n, Julio Llanos, periodista y editor que contraer\u00eda matrimonio con Emma de la Barra, por nombrar solo algunos. De all\u00ed se design\u00f3 una comisi\u00f3n formada por los Sres. Domingo Echeverri,  Dante Pelanda, Guillermo Pintos, Ram\u00f3n L. Falc\u00f3n y Julio Llanos para confeccionar el anteproyecto de estatuto.<\/p>\n\n\n<div class=\"wp-block-image\">\n<figure class=\"alignleft\"><img loading=\"lazy\" decoding=\"async\" width=\"355\" height=\"500\" src=\"http:\/\/www.laplatamagica.com.ar\/wp-content\/uploads\/2019\/10\/Luis-Monteverde.jpg\" alt=\"\" class=\"wp-image-3469\" srcset=\"https:\/\/laplatamagica.ar\/wp-content\/uploads\/2019\/10\/Luis-Monteverde.jpg 355w, https:\/\/laplatamagica.ar\/wp-content\/uploads\/2019\/10\/Luis-Monteverde-213x300.jpg 213w\" sizes=\"auto, (max-width: 355px) 85vw, 355px\" \/><figcaption class=\"wp-element-caption\"><strong>Luis Monteverde<\/strong><\/figcaption><\/figure>\n<\/div>\n\n\n<p><br> En otra asamblea presidida por Saturnino Perdriel, se procedi\u00f3 a la elecci\u00f3n de autoridades quedando constituida con el citado Perdriel como presidente, Dr. Nicol\u00e1s E. Videla, Florencio Madero, Dante Pelanda, Domingo Echeverri, Guillermo Pintos, Teodoro V. Granel, Francisco Uzal, Jos\u00e9 Mar\u00eda Ni\u00f1o, Luis Monteverde, Mart\u00edn Bermejo, Sergio Garc\u00eda Uriburu, Jos\u00e9 Maria P\u00e9rez, Antonio Delfino, Ram\u00f3n L. Falc\u00f3n y Diego J. Arana.<br> Comenz\u00f3 as\u00ed la vida del nuevo club, instalando su primera sede en la calle 3 esquina 54  el 1 de agosto de 1887 y el 30 de noviembre de 1889 pas\u00f3 a 53 entre 4 y 5 donde exist\u00eda un front\u00f3n. Hasta entonces las actividades del club se hab\u00edan desarrollado en locales cerrados, pero la expansi\u00f3n del mismo oblig\u00f3 en 1900 a la construcci\u00f3n de una gran plaza atl\u00e9tica, este trabajo lo llevaron a cabo Miguel Guti\u00e9rrez, Jacinto Castellanos y  Jos\u00e9 Miguel Sagastume, ya para ese entonces presidia el club Edelmiro Palacios y con el fin de reunir fondos para el campo de deportes, situado en la calle 1 y 47, en el circo \u201cHirling\u201d, se efectu\u00f3 una funci\u00f3n a beneficio.<\/p>\n\n\n\n<p> <br> Contando con instalaciones muy modestas, a Gimnasia y Esgrima le corresponde disputar el c\u00e9lebre partido de futbol, que ser\u00eda el primero en la ciudad de La Plata, este juego se realiz\u00f3 el 21 de abril de 1901, como inauguraci\u00f3n oficial del campo de juego. Asistieron a la fiesta un p\u00fablico numeroso que presenci\u00f3 las interpretaciones de las Bandas de Polic\u00eda y de Artes y Oficios.<\/p>\n\n\n<div class=\"wp-block-image\">\n<figure class=\"aligncenter\"><img loading=\"lazy\" decoding=\"async\" width=\"700\" height=\"214\" src=\"http:\/\/www.laplatamagica.com.ar\/wp-content\/uploads\/2019\/10\/futbol.jpg\" alt=\"\" class=\"wp-image-3470\" srcset=\"https:\/\/laplatamagica.ar\/wp-content\/uploads\/2019\/10\/futbol.jpg 700w, https:\/\/laplatamagica.ar\/wp-content\/uploads\/2019\/10\/futbol-300x92.jpg 300w\" sizes=\"auto, (max-width: 700px) 85vw, 700px\" \/><\/figure>\n<\/div>\n\n\n<p><br> Acto seguido se jug\u00f3 un partido de f\u00fatbol entre dos alineaciones o dos (teams como se le dec\u00eda en aquella \u00e9poca, ya que en este deporte, predominaban las denominaciones inglesas), integrados por socios de Gimnasia que formaron:<\/p>\n\n\n\n<p><br>  <em>Azules: E. Graham (capit\u00e1n), C. Carocino y F. Diaz; N. Loizaga, L. Berrotar\u00e1n y F. Yalur; S. Fuentes, J. Magallanez, J. Mendy, J. Duarte y J. Traiman. <br> Colorados: G. Mongan (capit\u00e1n), F de la Fuente y A. Lartgui; J. Lames, M. Lessieux y H. Casco; Benito Lynch, R. Gasc\u00f3n, M. Laborda, Afrench y J. Ves Lozada. <\/em><br> El Juez fue el se\u00f1or H. Field, ganando el partido los Azules. Las acciones de este juego fueron seguidas, por gran cantidad de p\u00fablico, incluyendo se\u00f1oras y ni\u00f1as, y a prop\u00f3sito hab\u00eda cierta verg\u00fcenza en aquellos \u201cplayers\u201d a mostrar sus piernas, de all\u00ed aquellos largos pantalones cortos de los jugadores de anta\u00f1o. <\/p>\n\n\n\n<p><br> Los que asistieron a aquel memorable encuentro ni en sue\u00f1os se imaginaron que el f\u00fatbol en nuestra ciudad ser\u00eda unos de los m\u00e1s importantes bastiones, donde la rivalidad llegar\u00eda a separar las pasiones y este maravilloso juego ser\u00eda vilmente transformado por el dinero. <br> Adem\u00e1s de Gimnasia, Sarmiento, La Plata F.C., Nacional se constituyeron otras entidades en las distintas barriadas: Royal, Brown, Friend&#8217;s, San Mart\u00edn, Platense, San Jos\u00e9, Defensores, Reconquista, Liniers, Ensenada, Aparicio Saravia, San Lorenzo de Tolosa y Liceo Argentino. Adem\u00e1s del campo de los mens-sanas, se cont\u00f3 con el de Belgrano en 51 y 20 y el de Friend&#8217;s en el Vel\u00f3dromo del Bosque.<\/p>\n\n\n<div class=\"wp-block-image\">\n<figure class=\"aligncenter\"><img loading=\"lazy\" decoding=\"async\" width=\"383\" height=\"386\" src=\"http:\/\/www.laplatamagica.com.ar\/wp-content\/uploads\/2019\/10\/pelota-1.jpg\" alt=\"\" class=\"wp-image-3472\" srcset=\"https:\/\/laplatamagica.ar\/wp-content\/uploads\/2019\/10\/pelota-1.jpg 383w, https:\/\/laplatamagica.ar\/wp-content\/uploads\/2019\/10\/pelota-1-150x150.jpg 150w, https:\/\/laplatamagica.ar\/wp-content\/uploads\/2019\/10\/pelota-1-298x300.jpg 298w\" sizes=\"auto, (max-width: 383px) 85vw, 383px\" \/><\/figure>\n<\/div>\n\n\n<p><br> La Plata F.C., que tambi\u00e9n se inici\u00f3 en las competiciones usaba la plaza atl\u00e9tica de Gimnasia. Luego,  se funda otra instituci\u00f3n que m\u00e1s tarde ser\u00eda propulsora del f\u00fatbol platense con la denominaci\u00f3n de &#8220;El Cimarr\u00f3n&#8221; que en 1914 cambia su nombre por el de &#8220;Club Sarmiento&#8221;.<br> Se funda tambi\u00e9n el club Nacional, que llegar\u00e1 m\u00e1s tarde a ser una columna s\u00f3lida del f\u00fatbol amateur platense. Para el a\u00f1o 1904 se observa ya un gran entusiasmo y a la vez un notable crecimiento en la cantidad de instituciones que practicaban ese deporte en La Plata.<br> En 1905 es de remarcar el progreso para el f\u00fatbol de la ciudad al incorporarse los platenses a la Argentine Foot Ball Asociation siendo Gimnasia y Esgrima La Plata el primero en afiliarse. Tambi\u00e9n ese a\u00f1o nace el club 25 de Mayo, que cambiar\u00eda m\u00e1s tarde su denominaci\u00f3n por la de Everton. Ya la existencia de varios clubes y la necesidad de organizaci\u00f3n de los torneos, hizo que el 24 de junio de 1905 se formara la Liga Platense que tuvo su sede en 51 N\u00b0 361.<\/p>\n\n\n<div class=\"wp-block-image\">\n<figure class=\"aligncenter\"><img loading=\"lazy\" decoding=\"async\" width=\"800\" height=\"527\" src=\"http:\/\/www.laplatamagica.com.ar\/wp-content\/uploads\/2019\/10\/estudiantes1.jpg\" alt=\"\" class=\"wp-image-3482\" srcset=\"https:\/\/laplatamagica.ar\/wp-content\/uploads\/2019\/10\/estudiantes1.jpg 800w, https:\/\/laplatamagica.ar\/wp-content\/uploads\/2019\/10\/estudiantes1-300x198.jpg 300w, https:\/\/laplatamagica.ar\/wp-content\/uploads\/2019\/10\/estudiantes1-768x506.jpg 768w\" sizes=\"auto, (max-width: 800px) 85vw, 800px\" \/><\/figure>\n<\/div>\n\n\n<p><br> En esos tiempos los gimnasistas ten\u00edan diferencias. Mientras unos quer\u00edan practicar juegos al aire libre, otros m\u00e1s conservadores entend\u00edan que deb\u00edan hacerse en salas y con aparatos. De esa disidencia nace el Club Estudiantes el 4 de agosto de 1905. Se reunieron 20 j\u00f3venes en la zapater\u00eda Nueva York, en Avenida 7 entre 57 y 58, y firmaron el acta de fundaci\u00f3n <em>Jorge Isla, Emilio Fern\u00e1ndez, Ricardo Sancet, Antonio Ferreiroa, Alejandro Fern\u00e1ndez, Carlos A. Isla, Jorge Contreras, David Ramsay, Antonio Mouzo, Ismael Schedden, Uberto Vignart, Ra\u00fal Salas, Hugo E. Ferrando, Carlos Sagastume, Horacio Tolosa, Joaqu\u00edn Sese, F\u00e9lix D\u00edaz, Alfredo M. Lartigue y Antonio Moreda.<br> El primer presidente fue el Cnel. Miguel Guti\u00e9rrez<\/em> quien curiosamente hab\u00eda sido presidente del club de Gimnasia y Esgrima. El primer campo de juego utilizado por Estudiantes se encontraba entre las calles 19 entre 50 y 51, donde actualmente se localiza la Plaza Islas Malvinas.<\/p>\n\n\n\n<p>En 1905 es de remarcar el progreso para el f\u00fatbol de la ciudad al incorporarse los platenses a la Argentine Foot Ball Asociation siendo Gimnasia y Esgrima La Plata el primero en afiliarse. Tambi\u00e9n ese a\u00f1o nace el club 25 de Mayo, que cambiar\u00eda m\u00e1s tarde su denominaci\u00f3n por la de Everton. Ya la existencia de varios clubes y la necesidad de organizaci\u00f3n de los torneos, hizo que el 24 de junio de 1905 se formara la Liga Platense que tuvo su sede en 51 N\u00b0 361.<\/p>\n\n\n<div class=\"wp-block-image\">\n<figure class=\"aligncenter\"><img loading=\"lazy\" decoding=\"async\" width=\"800\" height=\"641\" src=\"http:\/\/www.laplatamagica.com.ar\/wp-content\/uploads\/2019\/10\/profesores.jpg\" alt=\"\" class=\"wp-image-3694\" srcset=\"https:\/\/laplatamagica.ar\/wp-content\/uploads\/2019\/10\/profesores.jpg 800w, https:\/\/laplatamagica.ar\/wp-content\/uploads\/2019\/10\/profesores-300x240.jpg 300w, https:\/\/laplatamagica.ar\/wp-content\/uploads\/2019\/10\/profesores-768x615.jpg 768w\" sizes=\"auto, (max-width: 800px) 85vw, 800px\" \/><\/figure>\n<\/div>\n\n\n<p>Al iniciarse la temporada de 1906, se incorporan a la Argentina Football Association dos entidades: Estudiantes y Friend&#8217;s, supliendo as\u00ed la ausencia de Gimnasia y Esgrima que desert\u00f3 por la falta de campo de f\u00fatbol y tambi\u00e9n por el prop\u00f3sito de su dirigencia de practicar deportes en locales cerrados.<\/p>\n\n\n\n<p>El Gobierno provincial otorga a Gimnasia una indemnizaci\u00f3n y le cede un terreno en 4 y 51 para construir all\u00ed su sede social. <\/p>\n\n\n\n<p>Ya para 1911, el f\u00fatbol platense marc\u00f3 un notable adelanto, porque Estudiantes obtiene el ascenso a la categor\u00eda privilegiada, contando adem\u00e1s con la participaci\u00f3n de otros tres clubes en los concursos porte\u00f1os: La Plata Jockey Club, Independencia La Plata y Gral. Belgrano.<\/p>\n\n\n\n<p>En el a\u00f1o 1912 se produce la divisi\u00f3n del f\u00fatbol al crearse la Federaci\u00f3n Argentina.<\/p>\n\n\n\n<p>En 1913, Estudiantes obtuvo el t\u00edtulo de campe\u00f3n de primera divisi\u00f3n militando en la Federaci\u00f3n Argentina. El a\u00f1o 1915 fue de relevancia para Gimnasia y Esgrima ya que luego de una gran campa\u00f1a logra el ascenso a primera divisi\u00f3n.<\/p>\n\n\n<div class=\"wp-block-image\">\n<figure class=\"aligncenter\"><img loading=\"lazy\" decoding=\"async\" width=\"900\" height=\"617\" src=\"http:\/\/www.laplatamagica.com.ar\/wp-content\/uploads\/2019\/10\/gimnasia1915-2.jpg\" alt=\"\" class=\"wp-image-3480\" srcset=\"https:\/\/laplatamagica.ar\/wp-content\/uploads\/2019\/10\/gimnasia1915-2.jpg 900w, https:\/\/laplatamagica.ar\/wp-content\/uploads\/2019\/10\/gimnasia1915-2-300x206.jpg 300w, https:\/\/laplatamagica.ar\/wp-content\/uploads\/2019\/10\/gimnasia1915-2-768x527.jpg 768w\" sizes=\"auto, (max-width: 709px) 85vw, (max-width: 909px) 67vw, (max-width: 1362px) 62vw, 840px\" \/><\/figure>\n<\/div>\n\n\n<p>El comienzo de las luchas entre Estudiantes y Gimnasia data del a\u00f1o 1916. Los albirrojos hab\u00edan ascendido en 1911, mientras que los mens sana lo hicieron cuatro a\u00f1os m\u00e1s tarde. Se lleg\u00f3 as\u00ed a 1916, donde deb\u00edan enfrentarse las &#8220;ramas de un mismo \u00e1rbol&#8221;. El ansiado partido tuvo lugar en 57 y 1, ante un p\u00fablico r\u00e9cord para aquellos a\u00f1os, que no repar\u00f3 en abonar por primera vez dos pesos la oficial. El precio se consider\u00f3 excesivo y fue criticado por los diarios.<\/p>\n\n\n\n<p>Hubo un solo gol en el cotejo, aunque las vallas pasaron muchos trances de apremio. La \u00fanica conquista, a favor de Gimnasia, la se\u00f1al\u00f3 Ludovico Pastor, batiendo su propio arco. Quiso el zaguero salvar a su valla de un momento de angustia y procur\u00f3 tirar la pelota al c\u00f3rner, evitando de ese modo la arremetida del &#8220;Iindio&#8221; Alvarez,  en medio de la desesperaci\u00f3n de Duarte Indart, qued\u00f3 batida su valla. A partir de entonces se desmoraliz\u00f3 el cuadro local y aunque m\u00e1s tarde se recuper\u00f3, supieron los mens sana mantener la ventaja. Se luci\u00f3 Roberto Felices, a quien secund\u00f3 brillantemente Emilio Fern\u00e1ndez.<\/p>\n\n\n\n<p><em>Gimnasia y Esgrima present\u00f3 este equipo: Emilio Fern\u00e1ndez; Di\u00f3medes Bernasconi y Andr\u00e9s Varela; Heleodoro Negri, Roberto Felices y Jos\u00e9 Iglesias; Am\u00e9rico Girotto, Angel Bottaro, Ernesto Guruciaga, Manuel Alvarez y Ricardo Arr\u00faa. Se lament\u00f3 la ausencia de Ricardo Na\u00f3n, el mejor half platense de entonces.<\/em><\/p>\n\n\n\n<p><em>Estudiantes: Ovidio Duarte Indart; Ludovico Pastor y Carlos Galup Lan\u00fas; Jos\u00e9 Aranguren, Edmundo Ferreiroa y Juan J. Cilley; Jorge A. Calandra, Delf\u00edn Lazcano, Juan J. Lamas, Alfredo Letamendi y Oscar Hirschi. Estim\u00f3se desacertada la confecci\u00f3n de la delantera albirroja. El \u00e1rbitro se\u00f1or Hugo Gondra, estuvo impecable en sus fallos. El partido de intermedia la gan\u00f3 Estudiantes por 2 a 1.<\/em><\/p>\n\n\n<div class=\"wp-block-image\">\n<figure class=\"aligncenter\"><img loading=\"lazy\" decoding=\"async\" width=\"900\" height=\"696\" src=\"http:\/\/www.laplatamagica.com.ar\/wp-content\/uploads\/2019\/10\/rivales.jpg\" alt=\"\" class=\"wp-image-3483\" srcset=\"https:\/\/laplatamagica.ar\/wp-content\/uploads\/2019\/10\/rivales.jpg 900w, https:\/\/laplatamagica.ar\/wp-content\/uploads\/2019\/10\/rivales-300x232.jpg 300w, https:\/\/laplatamagica.ar\/wp-content\/uploads\/2019\/10\/rivales-768x594.jpg 768w\" sizes=\"auto, (max-width: 709px) 85vw, (max-width: 909px) 67vw, (max-width: 1362px) 62vw, 840px\" \/><\/figure>\n<\/div>\n\n\n<p>Los partidarios de Gimnasia esperaron a sus jugadores y con una gran bandera al frente recorrieron las calles de la ciudad en manifestaci\u00f3n, era la primera vez que hac\u00eda explosi\u00f3n el j\u00fabilo gimnasista frente al que ser\u00eda el tradicional adversario de la ciudad. En 1916, dos equipos representan a nuestra ciudad en la primera divisi\u00f3n: Estudiantes y Gimnasia y Esgrima.<\/p>\n\n\n\n<p>Estudiantes en 1923 se retira de la Asociaci\u00f3n Argentina y se incorpora a la Asociaci\u00f3n Amateur en 1926. Ese a\u00f1o se sum\u00f3 otra instituci\u00f3n platense a los campeonatos de la Capital Federal, al ingresar Sud Am\u00e9rica en la Categor\u00eda Intermedia de la Asociaci\u00f3n Amateur. Ya en 1927 se incorpora a la Asociaci\u00f3n el Club Gutenberg.<\/p>\n\n\n<div class=\"wp-block-image\">\n<figure class=\"aligncenter\"><img loading=\"lazy\" decoding=\"async\" width=\"800\" height=\"655\" src=\"http:\/\/www.laplatamagica.com.ar\/wp-content\/uploads\/2019\/10\/Gimnasia-en-Europa-en-1931.jpg\" alt=\"\" class=\"wp-image-3692\" srcset=\"https:\/\/laplatamagica.ar\/wp-content\/uploads\/2019\/10\/Gimnasia-en-Europa-en-1931.jpg 800w, https:\/\/laplatamagica.ar\/wp-content\/uploads\/2019\/10\/Gimnasia-en-Europa-en-1931-300x246.jpg 300w, https:\/\/laplatamagica.ar\/wp-content\/uploads\/2019\/10\/Gimnasia-en-Europa-en-1931-768x629.jpg 768w\" sizes=\"auto, (max-width: 800px) 85vw, 800px\" \/><\/figure>\n<\/div>\n\n\n<p>Ya antes de 1929 se hab\u00eda comenzado a hablar en los ambientes de f\u00fatbol de profesionalismo encubierto, lo que no constitu\u00eda una novedad para nadie y a la vez la ciudad asist\u00eda al nacimiento de una delantera extraordinaria: la denominada &#8220;Los Profesores&#8221; integrada por: Lauri, Scopelli, Zozaya, Ferreira y Guaita jugadores de Estudiantes que con sus actuaciones individuales y colectivas tan brillantes acaparaban la atenci\u00f3n.<\/p>\n\n\n\n<p>Por el lado de Gimnasia el plantel superior se consagr\u00f3 campe\u00f3n disputando la final con Boca en la Capital Federal provocando en la entidad decana una de sus jornadas m\u00e1s gloriosas. Jugaba para Gimnasia Francisco Varallo un platense que particip\u00f3 de la primera final del Campeonato Mundial disputado en Montevideo (Uruguay) en 1930 defendiendo la casaca Argentina.<\/p>\n\n\n\n<p>Para el a\u00f1o 1930 y ya en los albores del profesionalismo el f\u00fatbol era todo un acontecimiento, que sumaba pasiones y discusiones en La Plata, los cl\u00e1sicos entre los grandes de la ciudad se comenzaban a vivir una semana antes y la pol\u00e9mica continuaba una semana despu\u00e9s. En este \u00faltimo a\u00f1o de &#8220;amateurismo&#8221;, en realidad hac\u00eda a\u00f1os que los jugadores cobraban, el amateurismo marr\u00f3n (es decir, el falso amateurismo).<\/p>\n\n\n<div class=\"wp-block-image\">\n<figure class=\"aligncenter\"><img loading=\"lazy\" decoding=\"async\" width=\"696\" height=\"381\" src=\"http:\/\/www.laplatamagica.com.ar\/wp-content\/uploads\/2019\/10\/enlanieve.jpg\" alt=\"\" class=\"wp-image-3485\" srcset=\"https:\/\/laplatamagica.ar\/wp-content\/uploads\/2019\/10\/enlanieve.jpg 696w, https:\/\/laplatamagica.ar\/wp-content\/uploads\/2019\/10\/enlanieve-300x164.jpg 300w\" sizes=\"auto, (max-width: 696px) 85vw, 696px\" \/><figcaption class=\"wp-element-caption\">Gimnasia y Esgrima La Plata jugando en la nive.<\/figcaption><\/figure>\n<\/div>\n\n\n<p>Gimnasia realiz\u00f3 una gira en el invierno europeo disputando partidos en Espa\u00f1a, Alemania, Austria, Checoslovaquia, Portugal, Italia, Francia y Brasil, haciendo conocer la ciudad deportivamente y disputando 27 partidos en total. Jugando con el Real de Madrid, el Sparta de Praga (el campe\u00f3n europeo) y el Barcelona que se encontraban entre los m\u00e1s poderosos de Europa.<\/p>\n\n\n<div class=\"wp-block-image\">\n<figure class=\"aligncenter\"><img loading=\"lazy\" decoding=\"async\" width=\"600\" height=\"347\" src=\"http:\/\/www.laplatamagica.com.ar\/wp-content\/uploads\/2019\/10\/estadio1.jpg\" alt=\"\" class=\"wp-image-3487\" srcset=\"https:\/\/laplatamagica.ar\/wp-content\/uploads\/2019\/10\/estadio1.jpg 600w, https:\/\/laplatamagica.ar\/wp-content\/uploads\/2019\/10\/estadio1-300x174.jpg 300w\" sizes=\"auto, (max-width: 600px) 85vw, 600px\" \/><figcaption class=\"wp-element-caption\"><strong>Tribuna techada del club de Gimnasia y Esgrima La Plata.<\/strong><\/figcaption><\/figure>\n<\/div>\n\n\n<p> En 1931 m\u00e1s precisamente el 31 de mayo de 1931 comienzan a disputarse los campeonatos en forma profesional, realizando Estudiantes de La Plata una campa\u00f1a excepcional. Se terminaba as\u00ed una etapa rom\u00e1ntica del f\u00fatbol y nac\u00eda otra, donde comenzaban a imponerse otros valores, donde ganar a toda costa ser\u00eda lo m\u00e1s importante ya que el triunfo tendr\u00eda otras implicancias.<\/p>\n\n\n\n<hr class=\"wp-block-separator has-css-opacity is-style-wide\"\/>\n\n\n\n<p class=\"has-text-align-center has-large-font-size\"><strong><a href=\"http:\/\/www.laplatamagica.com.ar\/?page_id=4350\">Estadio Ciudad de La Plata<\/a><\/strong><\/p>\n\n\n\n<p><br>                                                                                                        <\/p>\n","protected":false},"excerpt":{"rendered":"<p>Estadio Ciudad de La Plata Roberto G. Abrodos A no dudarlo, es nuestro fervor superior, ya sea por herencia familiar o tradici\u00f3n, en cualquier circunstancia, naci\u00f3 como uno m\u00e1s, tra\u00eddo por esos \u201cingleses locos\u201d. Nuestra ciudad fundada en 1882 a casi cuatro a\u00f1os de comenzar a funcionar como capital provincial, ya contaba con una entidad &hellip; <a href=\"https:\/\/laplatamagica.ar\/?page_id=3467\" class=\"more-link\">Continuar leyendo<span class=\"screen-reader-text\"> &#8220;F\u00fatbol Amateur platense&#8221;<\/span><\/a><\/p>\n","protected":false},"author":1,"featured_media":0,"parent":0,"menu_order":0,"comment_status":"closed","ping_status":"closed","template":"","meta":{"switch_pages_title":"","h5ap_radio_sources":[],"footnotes":""},"class_list":["post-3467","page","type-page","status-publish","hentry"],"_links":{"self":[{"href":"https:\/\/laplatamagica.ar\/index.php?rest_route=\/wp\/v2\/pages\/3467","targetHints":{"allow":["GET"]}}],"collection":[{"href":"https:\/\/laplatamagica.ar\/index.php?rest_route=\/wp\/v2\/pages"}],"about":[{"href":"https:\/\/laplatamagica.ar\/index.php?rest_route=\/wp\/v2\/types\/page"}],"author":[{"embeddable":true,"href":"https:\/\/laplatamagica.ar\/index.php?rest_route=\/wp\/v2\/users\/1"}],"replies":[{"embeddable":true,"href":"https:\/\/laplatamagica.ar\/index.php?rest_route=%2Fwp%2Fv2%2Fcomments&post=3467"}],"version-history":[{"count":1,"href":"https:\/\/laplatamagica.ar\/index.php?rest_route=\/wp\/v2\/pages\/3467\/revisions"}],"predecessor-version":[{"id":12803,"href":"https:\/\/laplatamagica.ar\/index.php?rest_route=\/wp\/v2\/pages\/3467\/revisions\/12803"}],"wp:attachment":[{"href":"https:\/\/laplatamagica.ar\/index.php?rest_route=%2Fwp%2Fv2%2Fmedia&parent=3467"}],"curies":[{"name":"wp","href":"https:\/\/api.w.org\/{rel}","templated":true}]}}