{"id":3491,"date":"2019-10-07T17:57:19","date_gmt":"2019-10-07T20:57:19","guid":{"rendered":"http:\/\/www.laplatamagica.com.ar\/?page_id=3491"},"modified":"2024-09-08T15:48:20","modified_gmt":"2024-09-08T18:48:20","slug":"noticias-de-historia","status":"publish","type":"page","link":"https:\/\/laplatamagica.ar\/?page_id=3491","title":{"rendered":"Noticias de Historia"},"content":{"rendered":"<div class=\"wp-block-image\">\n<figure class=\"alignleft is-resized\"><img loading=\"lazy\" decoding=\"async\" width=\"500\" height=\"518\" src=\"http:\/\/www.laplatamagica.com.ar\/wp-content\/uploads\/2019\/10\/Logo-2.jpg\" alt=\"Logo de &quot;Noticias de Historia&quot; www.laplatamagica.com.ar\" class=\"wp-image-3494\" style=\"width:188px;height:195px\" srcset=\"https:\/\/laplatamagica.ar\/wp-content\/uploads\/2019\/10\/Logo-2.jpg 500w, https:\/\/laplatamagica.ar\/wp-content\/uploads\/2019\/10\/Logo-2-290x300.jpg 290w\" sizes=\"auto, (max-width: 500px) 85vw, 500px\" \/><\/figure>\n<\/div>\n\n\n<p style=\"font-size:23px\"><strong>Un programa de radio que te cuenta la historia de la ciudad en dos emisoras <em>Radio Olazabal y Radio Revoluci\u00f3n 98.9 <\/em>idea y conducci\u00f3n<em> Roberto G. Abrodos<\/em><\/strong><\/p>\n\n\n\n<figure class=\"wp-block-audio\"><audio controls src=\"http:\/\/www.laplatamagica.com.ar\/wp-content\/uploads\/2020\/01\/Noticias-de-Historia.mp3\"><\/audio><figcaption class=\"wp-element-caption\"><strong>Todos los d\u00edas&#8230;<\/strong><\/figcaption><\/figure>\n\n\n\n<meta name=\"google-site-verification\" content=\"M7MLd8EiK6vH3vKiaxJhArPjny-NOmeNFIymND3QUrI\" \/>\n\n\n<div class=\"wp-block-image\">\n<figure class=\"aligncenter\"><img loading=\"lazy\" decoding=\"async\" width=\"1000\" height=\"399\" src=\"http:\/\/www.laplatamagica.com.ar\/wp-content\/uploads\/2019\/10\/Roberto-Abrodos.jpg\" alt=\"Un programa de radio que te cuenta la historia de la ciudad en dos emisoras Radio Olazabal y Radio Revoluci\u00f3n 98.9 idea y conducci\u00f3n Roberto G. Abrodos\" class=\"wp-image-4261\" srcset=\"https:\/\/laplatamagica.ar\/wp-content\/uploads\/2019\/10\/Roberto-Abrodos.jpg 1000w, https:\/\/laplatamagica.ar\/wp-content\/uploads\/2019\/10\/Roberto-Abrodos-300x120.jpg 300w, https:\/\/laplatamagica.ar\/wp-content\/uploads\/2019\/10\/Roberto-Abrodos-768x306.jpg 768w\" sizes=\"auto, (max-width: 709px) 85vw, (max-width: 909px) 67vw, (max-width: 1362px) 62vw, 840px\" \/><\/figure>\n<\/div>\n\n\n<p class=\"has-text-align-center\" style=\"font-size:27px\"><strong>Audios de &#8220;Noticias de Historia&#8221;<\/strong><\/p>\n\n\n\n<p class=\"has-text-align-center\"><strong>En los programas radiales que se citan aqu\u00ed abajo se pueden escuchar m\u00e1s historias de la ciudad.<\/strong><\/p>\n\n\n\n<audio class=\"wp-audio-shortcode\" id=\"audio-3491-1\" preload=\"none\" style=\"width: 100%;\" controls=\"controls\"><source type=\"audio\/mpeg\" src=\"http:\/\/www.laplatamagica.com.ar\/wp-content\/uploads\/2019\/10\/Noticias-de-Historia-N-268.mp3?_=1\" \/><a href=\"http:\/\/www.laplatamagica.com.ar\/wp-content\/uploads\/2019\/10\/Noticias-de-Historia-N-268.mp3\">http:\/\/www.laplatamagica.com.ar\/wp-content\/uploads\/2019\/10\/Noticias-de-Historia-N-268.mp3<\/a><\/audio>\n\n\n\n<audio class=\"wp-audio-shortcode\" id=\"audio-3491-2\" preload=\"none\" style=\"width: 100%;\" controls=\"controls\"><source type=\"audio\/mpeg\" src=\"http:\/\/www.laplatamagica.com.ar\/wp-content\/uploads\/2019\/10\/Noticias-de-Historia-N-257.mp3?_=2\" \/><a href=\"http:\/\/www.laplatamagica.com.ar\/wp-content\/uploads\/2019\/10\/Noticias-de-Historia-N-257.mp3\">http:\/\/www.laplatamagica.com.ar\/wp-content\/uploads\/2019\/10\/Noticias-de-Historia-N-257.mp3<\/a><\/audio>\n\n\n\n<audio class=\"wp-audio-shortcode\" id=\"audio-3491-3\" preload=\"none\" style=\"width: 100%;\" controls=\"controls\"><source type=\"audio\/mpeg\" src=\"http:\/\/www.laplatamagica.com.ar\/wp-content\/uploads\/2019\/10\/Noticias-de-Historia-N-2.mp3?_=3\" \/><a href=\"http:\/\/www.laplatamagica.com.ar\/wp-content\/uploads\/2019\/10\/Noticias-de-Historia-N-2.mp3\">http:\/\/www.laplatamagica.com.ar\/wp-content\/uploads\/2019\/10\/Noticias-de-Historia-N-2.mp3<\/a><\/audio>\n\n\n<div class=\"wp-block-image\">\n<figure class=\"aligncenter\"><a href=\"http:\/\/www.radioolazabal.com.ar\/portal\/\" target=\"_blank\" rel=\"noreferrer noopener\"><img loading=\"lazy\" decoding=\"async\" width=\"817\" height=\"290\" src=\"http:\/\/www.laplatamagica.com.ar\/wp-content\/uploads\/2019\/10\/olazabal.jpg\" alt=\"Noticias de Historia en Radio Olazabal.\ufeff www.radiolazabal.com.ar\" class=\"wp-image-3495\" srcset=\"https:\/\/laplatamagica.ar\/wp-content\/uploads\/2019\/10\/olazabal.jpg 817w, https:\/\/laplatamagica.ar\/wp-content\/uploads\/2019\/10\/olazabal-300x106.jpg 300w, https:\/\/laplatamagica.ar\/wp-content\/uploads\/2019\/10\/olazabal-768x273.jpg 768w\" sizes=\"auto, (max-width: 817px) 85vw, 817px\" \/><\/a><figcaption class=\"wp-element-caption\"><strong>Noticias de Historia en Radio Olazabal.<\/strong><br><\/figcaption><\/figure>\n<\/div>\n\n\n<figure class=\"wp-block-image\"><img decoding=\"async\" src=\"http:\/\/www.laplatamagica.com.ar\/wp-content\/uploads\/2020\/02\/revoouci\u00f3n01.jpg\" alt=\"\" class=\"wp-image-5901\"\/><figcaption class=\"wp-element-caption\"><strong>Noticias de Historia en Revoluci\u00f3n 98.9<\/strong><\/figcaption><\/figure>\n\n\n<div class=\"wp-block-image\">\n<figure class=\"aligncenter\"><img loading=\"lazy\" decoding=\"async\" width=\"893\" height=\"596\" src=\"http:\/\/www.laplatamagica.com.ar\/wp-content\/uploads\/2020\/02\/revoouci\u00f3n02.jpg\" alt=\"Un programa de radio que te cuenta la historia de la ciudad en Radio Revoluci\u00f3n 98.9 idea y conducci\u00f3n Roberto G. Abrodos en la foto Alberto Raimundi.\" class=\"wp-image-5904\" srcset=\"https:\/\/laplatamagica.ar\/wp-content\/uploads\/2020\/02\/revoouci\u00f3n02.jpg 893w, https:\/\/laplatamagica.ar\/wp-content\/uploads\/2020\/02\/revoouci\u00f3n02-300x200.jpg 300w, https:\/\/laplatamagica.ar\/wp-content\/uploads\/2020\/02\/revoouci\u00f3n02-768x513.jpg 768w\" sizes=\"auto, (max-width: 709px) 85vw, (max-width: 909px) 67vw, (max-width: 1362px) 62vw, 840px\" \/><figcaption class=\"wp-element-caption\"><strong><a href=\"http:\/\/www.revolucion989.com.ar\">En  www.revolucion989.com.ar<\/a><\/strong><\/figcaption><\/figure>\n<\/div>\n\n\n<p>En<a href=\"http:\/\/www.revoluci\u00f3n989.com.ar\" target=\"_blank\" rel=\"noreferrer noopener\" aria-label=\" www.revolucion989.com.ar (abre en una nueva pesta\u00f1a)\"> www.revolucion989.com.ar<\/a><\/p>\n\n\n\n<hr class=\"wp-block-separator has-css-opacity is-style-dots\"\/>\n\n\n\n\n\n<p class=\"has-text-align-center\" style=\"font-size:30px\"><strong>La historia de la ciudad de La Plata<\/strong><\/p>\n","protected":false},"excerpt":{"rendered":"<p>Un programa de radio que te cuenta la historia de la ciudad en dos emisoras Radio Olazabal y Radio Revoluci\u00f3n 98.9 idea y conducci\u00f3n Roberto G. Abrodos Audios de &#8220;Noticias de Historia&#8221; En los programas radiales que se citan aqu\u00ed abajo se pueden escuchar m\u00e1s historias de la ciudad. http:\/\/www.laplatamagica.com.ar\/wp-content\/uploads\/2019\/10\/Noticias-de-Historia-N-268.mp3 http:\/\/www.laplatamagica.com.ar\/wp-content\/uploads\/2019\/10\/Noticias-de-Historia-N-257.mp3 http:\/\/www.laplatamagica.com.ar\/wp-content\/uploads\/2019\/10\/Noticias-de-Historia-N-2.mp3 En www.revolucion989.com.ar La &hellip; <a href=\"https:\/\/laplatamagica.ar\/?page_id=3491\" class=\"more-link\">Continuar leyendo<span class=\"screen-reader-text\"> &#8220;Noticias de Historia&#8221;<\/span><\/a><\/p>\n","protected":false},"author":1,"featured_media":0,"parent":0,"menu_order":0,"comment_status":"closed","ping_status":"closed","template":"","meta":{"switch_pages_title":"","h5ap_radio_sources":[],"footnotes":""},"class_list":["post-3491","page","type-page","status-publish","hentry"],"_links":{"self":[{"href":"https:\/\/laplatamagica.ar\/index.php?rest_route=\/wp\/v2\/pages\/3491","targetHints":{"allow":["GET"]}}],"collection":[{"href":"https:\/\/laplatamagica.ar\/index.php?rest_route=\/wp\/v2\/pages"}],"about":[{"href":"https:\/\/laplatamagica.ar\/index.php?rest_route=\/wp\/v2\/types\/page"}],"author":[{"embeddable":true,"href":"https:\/\/laplatamagica.ar\/index.php?rest_route=\/wp\/v2\/users\/1"}],"replies":[{"embeddable":true,"href":"https:\/\/laplatamagica.ar\/index.php?rest_route=%2Fwp%2Fv2%2Fcomments&post=3491"}],"version-history":[{"count":1,"href":"https:\/\/laplatamagica.ar\/index.php?rest_route=\/wp\/v2\/pages\/3491\/revisions"}],"predecessor-version":[{"id":12760,"href":"https:\/\/laplatamagica.ar\/index.php?rest_route=\/wp\/v2\/pages\/3491\/revisions\/12760"}],"wp:attachment":[{"href":"https:\/\/laplatamagica.ar\/index.php?rest_route=%2Fwp%2Fv2%2Fmedia&parent=3491"}],"curies":[{"name":"wp","href":"https:\/\/api.w.org\/{rel}","templated":true}]}}