{"id":3666,"date":"2019-10-08T15:27:08","date_gmt":"2019-10-08T18:27:08","guid":{"rendered":"http:\/\/www.laplatamagica.com.ar\/?page_id=3666"},"modified":"2024-09-26T17:39:58","modified_gmt":"2024-09-26T20:39:58","slug":"centenario-de-la-plata","status":"publish","type":"page","link":"https:\/\/laplatamagica.ar\/?page_id=3666","title":{"rendered":"Centenario de La Plata"},"content":{"rendered":"\n<meta name=\"google-site-verification\" content=\"M7MLd8EiK6vH3vKiaxJhArPjny-NOmeNFIymND3QUrI\" \/>\n\n\n\n<h2 class=\"wp-block-heading has-text-align-center\">19 de noviembre de 1982<\/h2>\n\n\n<div class=\"wp-block-image\">\n<figure class=\"alignleft\"><img loading=\"lazy\" decoding=\"async\" width=\"320\" height=\"316\" src=\"http:\/\/www.laplatamagica.com.ar\/wp-content\/uploads\/2019\/10\/sellopostal.jpg\" alt=\"\" class=\"wp-image-3667\" srcset=\"https:\/\/laplatamagica.ar\/wp-content\/uploads\/2019\/10\/sellopostal.jpg 320w, https:\/\/laplatamagica.ar\/wp-content\/uploads\/2019\/10\/sellopostal-300x296.jpg 300w\" sizes=\"auto, (max-width: 320px) 85vw, 320px\" \/><figcaption class=\"wp-element-caption\"> <br><strong>Sello postal. <\/strong><\/figcaption><\/figure>\n<\/div>\n\n\n<p>Nuestra Ciudad en aquel ya lejano 1982 cumpli\u00f3 su primer centenario, una Capital para la Provincia nacida de la nada, si bien los tiempos no eran los mejores\u2026 en los d\u00edas previos se viv\u00eda un clima de fiesta: En el centro de la Plaza se comenzaron los trabajos tendientes a descubrir los dones fundacionales, aquellos que el mismo Dardo Rocha conjuntamente con su grupo de trabajo hab\u00edan depositado cien a\u00f1os antes para la posteridad. Un gran contador en la Plaza Moreno, indicaba los d\u00edas que faltaban para tan magno acontecimiento\u2026<\/p>\n\n\n\n<p>Muchas cosas nos dej\u00f3 el centenario, primero una Capital distinta, conservada en su trazado pero con cambios en su edificaci\u00f3n, con muchos tesoros perdidos del que s\u00f3lo quedan fotograf\u00edas. Las demoliciones que a lo largo del tiempo fueron devastando la memoria arqui\u00adtect\u00f3nica encontraron un l\u00edmite, en el reconocimiento que en su momento hizo el Municipio con buen criterio, pero en el cu\u00e1l se debe continuar trabajando con el prop\u00f3sito de ampliar los cuidados de casas y cosas que hasta ese momento estaban expuestos a perderse.<\/p>\n\n\n\n<p>Creo que para lamentarse ya es tarde, debemos los ciudadanos instar a la preservaci\u00f3n de los edificios fundacionales, procurar el resguardo de nuestro patrimonio, restaurar para que las generaciones futuras puedan conocer y disfrutar, continuar con el proyecto de forestaci\u00f3n que desde siempre nos ha diferenciado de otras ciudades y llegar de esta manera a ocupar un plano de relevancia, en primer lugar para los que vivimos en la Ciudad y en segundo lugar contar con un lugar deseoso de ser conocido por visitantes\u2026<\/p>\n\n\n\n<p>Para finalizar invito a disfrutar de esta serie de fotos gentilmente cedidas por <em>Alejandro Paulucci<\/em>. <\/p>\n\n\n<div class=\"wp-block-image\">\n<figure class=\"aligncenter\"><img loading=\"lazy\" decoding=\"async\" width=\"1000\" height=\"667\" src=\"http:\/\/www.laplatamagica.com.ar\/wp-content\/uploads\/2019\/10\/centenario01.jpg\" alt=\"\" class=\"wp-image-3668\" srcset=\"https:\/\/laplatamagica.ar\/wp-content\/uploads\/2019\/10\/centenario01.jpg 1000w, https:\/\/laplatamagica.ar\/wp-content\/uploads\/2019\/10\/centenario01-300x200.jpg 300w, https:\/\/laplatamagica.ar\/wp-content\/uploads\/2019\/10\/centenario01-768x512.jpg 768w\" sizes=\"auto, (max-width: 709px) 85vw, (max-width: 909px) 67vw, (max-width: 1362px) 62vw, 840px\" \/><figcaption class=\"wp-element-caption\"><strong>D\u00edas del centenario: Los platenses estaban disfrutando de un d\u00eda muy esperado, que tuvo su momento culminante cuando las autoridades descubrieron los dones fundacionales dejados por Dardo Rocha en 1882, que estaban cubiertos por la bandera.<\/strong><br><br><\/figcaption><\/figure>\n<\/div>\n\n<div class=\"wp-block-image\">\n<figure class=\"aligncenter\"><img loading=\"lazy\" decoding=\"async\" width=\"1000\" height=\"984\" src=\"http:\/\/www.laplatamagica.com.ar\/wp-content\/uploads\/2019\/10\/centenario02.jpg\" alt=\"\" class=\"wp-image-3669\" srcset=\"https:\/\/laplatamagica.ar\/wp-content\/uploads\/2019\/10\/centenario02.jpg 1000w, https:\/\/laplatamagica.ar\/wp-content\/uploads\/2019\/10\/centenario02-300x295.jpg 300w, https:\/\/laplatamagica.ar\/wp-content\/uploads\/2019\/10\/centenario02-768x756.jpg 768w\" sizes=\"auto, (max-width: 709px) 85vw, (max-width: 909px) 67vw, (max-width: 1362px) 62vw, 840px\" \/><figcaption class=\"wp-element-caption\"> <br><strong>Noviembre de 1982: Cien a\u00f1os de la ciudad, expectativas, la curiosidad generalizada, \u00faltimo a\u00f1o de gobierno de facto. <\/strong><\/figcaption><\/figure>\n<\/div>\n\n<div class=\"wp-block-image\">\n<figure class=\"aligncenter\"><img loading=\"lazy\" decoding=\"async\" width=\"1000\" height=\"656\" src=\"http:\/\/www.laplatamagica.com.ar\/wp-content\/uploads\/2019\/10\/centenario03.jpg\" alt=\"\" class=\"wp-image-3673\" srcset=\"https:\/\/laplatamagica.ar\/wp-content\/uploads\/2019\/10\/centenario03.jpg 1000w, https:\/\/laplatamagica.ar\/wp-content\/uploads\/2019\/10\/centenario03-300x197.jpg 300w, https:\/\/laplatamagica.ar\/wp-content\/uploads\/2019\/10\/centenario03-768x504.jpg 768w\" sizes=\"auto, (max-width: 709px) 85vw, (max-width: 909px) 67vw, (max-width: 1362px) 62vw, 840px\" \/><figcaption class=\"wp-element-caption\"><strong>Una vista tomada desde un avi\u00f3n, en la tarde del 19 de noviembre, se puede apreciar la ciudad casi igual, con m\u00e1s edificaciones de altura y la catedral sin completar.<\/strong><\/figcaption><\/figure>\n<\/div>\n\n<div class=\"wp-block-image\">\n<figure class=\"aligncenter\"><img loading=\"lazy\" decoding=\"async\" width=\"1000\" height=\"689\" src=\"http:\/\/www.laplatamagica.com.ar\/wp-content\/uploads\/2019\/10\/centenario04.jpg\" alt=\"\" class=\"wp-image-3675\" srcset=\"https:\/\/laplatamagica.ar\/wp-content\/uploads\/2019\/10\/centenario04.jpg 1000w, https:\/\/laplatamagica.ar\/wp-content\/uploads\/2019\/10\/centenario04-300x207.jpg 300w, https:\/\/laplatamagica.ar\/wp-content\/uploads\/2019\/10\/centenario04-768x529.jpg 768w\" sizes=\"auto, (max-width: 709px) 85vw, (max-width: 909px) 67vw, (max-width: 1362px) 62vw, 840px\" \/><figcaption class=\"wp-element-caption\"> <br><strong>Plaza Italia, con una imagen para comparar, algo cambi\u00f3, algunas construcciones comenzadas y otras no existentes\u2026 todav\u00eda&#8230;<\/strong><\/figcaption><\/figure>\n<\/div>\n\n<div class=\"wp-block-image\">\n<figure class=\"aligncenter\"><img loading=\"lazy\" decoding=\"async\" width=\"986\" height=\"667\" src=\"http:\/\/www.laplatamagica.com.ar\/wp-content\/uploads\/2019\/10\/centenario05-1.jpg\" alt=\"\" class=\"wp-image-3678\" srcset=\"https:\/\/laplatamagica.ar\/wp-content\/uploads\/2019\/10\/centenario05-1.jpg 986w, https:\/\/laplatamagica.ar\/wp-content\/uploads\/2019\/10\/centenario05-1-300x203.jpg 300w, https:\/\/laplatamagica.ar\/wp-content\/uploads\/2019\/10\/centenario05-1-768x520.jpg 768w\" sizes=\"auto, (max-width: 709px) 85vw, (max-width: 909px) 67vw, (max-width: 1362px) 62vw, 840px\" \/><figcaption class=\"wp-element-caption\"><strong>Actividad administrativa nula en la ciudad, d\u00eda de fiesta y fuegos artificiales en una noche inolvidable.<\/strong><\/figcaption><\/figure>\n<\/div>\n\n\n<figure class=\"wp-block-image size-full\"><a href=\"http:\/\/www.revolucion989.com.ar\" target=\"_blank\" rel=\"noreferrer noopener\"><img decoding=\"async\" src=\"https:\/\/laplatamagica.ar\/wp-content\/uploads\/2023\/02\/baner.jpg\" alt=\"\" class=\"wp-image-11913\"\/><\/a><\/figure>\n\n\n<div class=\"wp-block-image\">\n<figure class=\"aligncenter\"><img loading=\"lazy\" decoding=\"async\" width=\"1000\" height=\"428\" src=\"http:\/\/www.laplatamagica.com.ar\/wp-content\/uploads\/2019\/10\/centenario06.jpg\" alt=\"\" class=\"wp-image-3680\" srcset=\"https:\/\/laplatamagica.ar\/wp-content\/uploads\/2019\/10\/centenario06.jpg 1000w, https:\/\/laplatamagica.ar\/wp-content\/uploads\/2019\/10\/centenario06-300x128.jpg 300w, https:\/\/laplatamagica.ar\/wp-content\/uploads\/2019\/10\/centenario06-768x329.jpg 768w\" sizes=\"auto, (max-width: 709px) 85vw, (max-width: 909px) 67vw, (max-width: 1362px) 62vw, 840px\" \/><figcaption class=\"wp-element-caption\"><strong>Dos tomas fotogr\u00e1ficas y un distinto \u00e1ngulo, en ambas se aprecia el ala del avi\u00f3n.<\/strong><\/figcaption><\/figure>\n<\/div>\n\n<div class=\"wp-block-image\">\n<figure class=\"aligncenter\"><img loading=\"lazy\" decoding=\"async\" width=\"1000\" height=\"675\" src=\"http:\/\/www.laplatamagica.com.ar\/wp-content\/uploads\/2019\/10\/centenario07.jpg\" alt=\"\" class=\"wp-image-3681\" srcset=\"https:\/\/laplatamagica.ar\/wp-content\/uploads\/2019\/10\/centenario07.jpg 1000w, https:\/\/laplatamagica.ar\/wp-content\/uploads\/2019\/10\/centenario07-300x203.jpg 300w, https:\/\/laplatamagica.ar\/wp-content\/uploads\/2019\/10\/centenario07-768x518.jpg 768w\" sizes=\"auto, (max-width: 709px) 85vw, (max-width: 909px) 67vw, (max-width: 1362px) 62vw, 840px\" \/><figcaption class=\"wp-element-caption\"><strong>Plaza Moreno y todo dispuesto para los festejos, a la derecha se observa la carpa donde estaba la gran torta con el trazado de nuestra ciudad, los ingredientes se pueden encontrar en el sector &#8220;curiosidades&#8221;. En otros puntos se observan distintos puestos. <\/strong><\/figcaption><\/figure>\n<\/div>\n\n<div class=\"wp-block-image\">\n<figure class=\"aligncenter\"><img loading=\"lazy\" decoding=\"async\" width=\"1000\" height=\"680\" src=\"http:\/\/www.laplatamagica.com.ar\/wp-content\/uploads\/2019\/10\/centenario08.jpg\" alt=\"\" class=\"wp-image-3683\" srcset=\"https:\/\/laplatamagica.ar\/wp-content\/uploads\/2019\/10\/centenario08.jpg 1000w, https:\/\/laplatamagica.ar\/wp-content\/uploads\/2019\/10\/centenario08-300x204.jpg 300w, https:\/\/laplatamagica.ar\/wp-content\/uploads\/2019\/10\/centenario08-768x522.jpg 768w\" sizes=\"auto, (max-width: 709px) 85vw, (max-width: 909px) 67vw, (max-width: 1362px) 62vw, 840px\" \/><figcaption class=\"wp-element-caption\"><strong>Foto que muestra el lateral de la Catedral, una flecha indica el Museo y Archivo Dardo Rocha, que fuera la casa del fundador de la ciudad, conocida por la &#8220;casa de los cuarenta d\u00edas&#8221;. Actualmente muestra lo exhumado en el sitio fundacional, todas las r\u00e9plicas del legado para el bicentenario y una biblioteca de consulta sobre temas de la ciudad. Con atenci\u00f3n se pueden ver las aulas de la escuela, en aquel momento, denominada Escuela Normal Nacional N\u00ba1 Mary O`Graham.<\/strong><\/figcaption><\/figure>\n<\/div>\n\n<div class=\"wp-block-image\">\n<figure class=\"aligncenter\"><img loading=\"lazy\" decoding=\"async\" width=\"1000\" height=\"686\" src=\"http:\/\/www.laplatamagica.com.ar\/wp-content\/uploads\/2019\/10\/centenario09.jpg\" alt=\"\" class=\"wp-image-3685\" srcset=\"https:\/\/laplatamagica.ar\/wp-content\/uploads\/2019\/10\/centenario09.jpg 1000w, https:\/\/laplatamagica.ar\/wp-content\/uploads\/2019\/10\/centenario09-300x206.jpg 300w, https:\/\/laplatamagica.ar\/wp-content\/uploads\/2019\/10\/centenario09-768x527.jpg 768w\" sizes=\"auto, (max-width: 709px) 85vw, (max-width: 909px) 67vw, (max-width: 1362px) 62vw, 840px\" \/><figcaption class=\"wp-element-caption\"><br><strong>Todos los homenajes previstos, las m\u00e1s altas autoridades, grupos de escolares y p\u00fablico en general comenzaban a colmar la plaza.<\/strong><\/figcaption><\/figure>\n<\/div>\n\n<div class=\"wp-block-image\">\n<figure class=\"aligncenter\"><img loading=\"lazy\" decoding=\"async\" width=\"1000\" height=\"694\" src=\"http:\/\/www.laplatamagica.com.ar\/wp-content\/uploads\/2019\/10\/funda1-1.jpg\" alt=\"\" class=\"wp-image-4271\" srcset=\"https:\/\/laplatamagica.ar\/wp-content\/uploads\/2019\/10\/funda1-1.jpg 1000w, https:\/\/laplatamagica.ar\/wp-content\/uploads\/2019\/10\/funda1-1-300x208.jpg 300w, https:\/\/laplatamagica.ar\/wp-content\/uploads\/2019\/10\/funda1-1-768x533.jpg 768w\" sizes=\"auto, (max-width: 709px) 85vw, (max-width: 909px) 67vw, (max-width: 1362px) 62vw, 840px\" \/><figcaption class=\"wp-element-caption\"><strong>Ya se ha llegado al sitio de la piedra fundamental y se han extra\u00eddo los dones dejados por los fundadores. Hoy el lugar esta igual pero cubierto y con los objetos que ser\u00e1n extra\u00eddos en el a\u00f1o 2082.<\/strong><\/figcaption><\/figure>\n<\/div>\n\n<div class=\"wp-block-image\">\n<figure class=\"aligncenter\"><img loading=\"lazy\" decoding=\"async\" width=\"1000\" height=\"667\" src=\"http:\/\/www.laplatamagica.com.ar\/wp-content\/uploads\/2019\/10\/funda2-1.jpg\" alt=\"\" class=\"wp-image-4274\" srcset=\"https:\/\/laplatamagica.ar\/wp-content\/uploads\/2019\/10\/funda2-1.jpg 1000w, https:\/\/laplatamagica.ar\/wp-content\/uploads\/2019\/10\/funda2-1-300x200.jpg 300w, https:\/\/laplatamagica.ar\/wp-content\/uploads\/2019\/10\/funda2-1-768x512.jpg 768w\" sizes=\"auto, (max-width: 709px) 85vw, (max-width: 909px) 67vw, (max-width: 1362px) 62vw, 840px\" \/><figcaption class=\"wp-element-caption\"><strong>Otra imagen del sitio fundacional en 1882.<\/strong><\/figcaption><\/figure>\n<\/div>\n\n<div class=\"wp-block-image\">\n<figure class=\"aligncenter\"><img loading=\"lazy\" decoding=\"async\" width=\"1000\" height=\"674\" src=\"http:\/\/www.laplatamagica.com.ar\/wp-content\/uploads\/2019\/10\/funda3.jpg\" alt=\"\" class=\"wp-image-4276\" srcset=\"https:\/\/laplatamagica.ar\/wp-content\/uploads\/2019\/10\/funda3.jpg 1000w, https:\/\/laplatamagica.ar\/wp-content\/uploads\/2019\/10\/funda3-300x202.jpg 300w, https:\/\/laplatamagica.ar\/wp-content\/uploads\/2019\/10\/funda3-768x518.jpg 768w\" sizes=\"auto, (max-width: 709px) 85vw, (max-width: 909px) 67vw, (max-width: 1362px) 62vw, 840px\" \/><figcaption class=\"wp-element-caption\"><strong>Esta es la piedra fundamental de la ciudad de La Plata reci\u00e9n extra\u00edda.<\/strong><\/figcaption><\/figure>\n<\/div>\n\n\n<figure class=\"wp-block-image size-full\"><img loading=\"lazy\" decoding=\"async\" width=\"1000\" height=\"673\" src=\"https:\/\/laplatamagica.ar\/wp-content\/uploads\/2022\/11\/tortacente000.jpg\" alt=\"Torta del centenario de la ciudad de La Plata- Argentina.\" class=\"wp-image-11809\" srcset=\"https:\/\/laplatamagica.ar\/wp-content\/uploads\/2022\/11\/tortacente000.jpg 1000w, https:\/\/laplatamagica.ar\/wp-content\/uploads\/2022\/11\/tortacente000-300x202.jpg 300w, https:\/\/laplatamagica.ar\/wp-content\/uploads\/2022\/11\/tortacente000-768x517.jpg 768w\" sizes=\"auto, (max-width: 709px) 85vw, (max-width: 909px) 67vw, (max-width: 1362px) 62vw, 840px\" \/><\/figure>\n\n\n\n<p class=\"has-text-align-center\">Torta del centenario el 19 de noviembre de 1982<\/p>\n\n\n<div class=\"wp-block-image\">\n<figure class=\"aligncenter\"><img loading=\"lazy\" decoding=\"async\" width=\"1000\" height=\"742\" src=\"http:\/\/www.laplatamagica.com.ar\/wp-content\/uploads\/2019\/10\/funda4.jpg\" alt=\"\" class=\"wp-image-4278\" srcset=\"https:\/\/laplatamagica.ar\/wp-content\/uploads\/2019\/10\/funda4.jpg 1000w, https:\/\/laplatamagica.ar\/wp-content\/uploads\/2019\/10\/funda4-300x223.jpg 300w, https:\/\/laplatamagica.ar\/wp-content\/uploads\/2019\/10\/funda4-768x570.jpg 768w\" sizes=\"auto, (max-width: 709px) 85vw, (max-width: 909px) 67vw, (max-width: 1362px) 62vw, 840px\" \/><figcaption class=\"wp-element-caption\"><strong>Vista de la plaza Moreno el 19 de noviembre de  1982.<\/strong><\/figcaption><\/figure>\n<\/div>","protected":false},"excerpt":{"rendered":"<p>19 de noviembre de 1982 Nuestra Ciudad en aquel ya lejano 1982 cumpli\u00f3 su primer centenario, una Capital para la Provincia nacida de la nada, si bien los tiempos no eran los mejores\u2026 en los d\u00edas previos se viv\u00eda un clima de fiesta: En el centro de la Plaza se comenzaron los trabajos tendientes a &hellip; <a href=\"https:\/\/laplatamagica.ar\/?page_id=3666\" class=\"more-link\">Continuar leyendo<span class=\"screen-reader-text\"> &#8220;Centenario de La Plata&#8221;<\/span><\/a><\/p>\n","protected":false},"author":1,"featured_media":0,"parent":0,"menu_order":0,"comment_status":"closed","ping_status":"closed","template":"","meta":{"switch_pages_title":"","h5ap_radio_sources":[],"footnotes":""},"class_list":["post-3666","page","type-page","status-publish","hentry"],"_links":{"self":[{"href":"https:\/\/laplatamagica.ar\/index.php?rest_route=\/wp\/v2\/pages\/3666","targetHints":{"allow":["GET"]}}],"collection":[{"href":"https:\/\/laplatamagica.ar\/index.php?rest_route=\/wp\/v2\/pages"}],"about":[{"href":"https:\/\/laplatamagica.ar\/index.php?rest_route=\/wp\/v2\/types\/page"}],"author":[{"embeddable":true,"href":"https:\/\/laplatamagica.ar\/index.php?rest_route=\/wp\/v2\/users\/1"}],"replies":[{"embeddable":true,"href":"https:\/\/laplatamagica.ar\/index.php?rest_route=%2Fwp%2Fv2%2Fcomments&post=3666"}],"version-history":[{"count":1,"href":"https:\/\/laplatamagica.ar\/index.php?rest_route=\/wp\/v2\/pages\/3666\/revisions"}],"predecessor-version":[{"id":12800,"href":"https:\/\/laplatamagica.ar\/index.php?rest_route=\/wp\/v2\/pages\/3666\/revisions\/12800"}],"wp:attachment":[{"href":"https:\/\/laplatamagica.ar\/index.php?rest_route=%2Fwp%2Fv2%2Fmedia&parent=3666"}],"curies":[{"name":"wp","href":"https:\/\/api.w.org\/{rel}","templated":true}]}}