{"id":3696,"date":"2019-10-08T17:23:18","date_gmt":"2019-10-08T20:23:18","guid":{"rendered":"http:\/\/www.laplatamagica.com.ar\/?page_id=3696"},"modified":"2022-07-04T13:30:54","modified_gmt":"2022-07-04T16:30:54","slug":"completamiento-de-la-catedral","status":"publish","type":"page","link":"https:\/\/laplatamagica.ar\/?page_id=3696","title":{"rendered":"Completamiento de la Catedral"},"content":{"rendered":"<div class=\"wp-block-image\">\n<figure class=\"alignleft\"><img loading=\"lazy\" decoding=\"async\" width=\"200\" height=\"300\" src=\"http:\/\/www.laplatamagica.com.ar\/wp-content\/uploads\/2019\/10\/catedral-de-la-plata-1-4.jpg\" alt=\"\" class=\"wp-image-3729\"\/><\/figure>\n<\/div>\n\n\n<p>Las fotos son gentileza del T\u00e9cnico Electricista <em><strong>Sr. Omar Oviedo<\/strong><\/em><strong> <\/strong>y el Pintor <em><strong>Miguel \u00c1ngel Cima <\/strong><\/em>que trabajaron en el obrador de la Catedral, que estaba en la calle 53 en el a\u00f1o 1998 y hasta la finalizaci\u00f3n de las obras de completamiento de nuestro templo mayor. Tanto estos como sus compa\u00f1eros trabajaron en altura, con el riesgo que ello implica. Este sector es un homenaje a todos los que contribuyeron a la culminaci\u00f3n de esta magnifica obra.<\/p>\n\n\n\n<p><\/p>\n\n\n<div class=\"wp-block-image\">\n<figure class=\"aligncenter\"><img loading=\"lazy\" decoding=\"async\" width=\"1000\" height=\"494\" src=\"http:\/\/www.laplatamagica.com.ar\/wp-content\/uploads\/2019\/10\/altura1.jpg\" alt=\"\" class=\"wp-image-3697\" srcset=\"https:\/\/laplatamagica.ar\/wp-content\/uploads\/2019\/10\/altura1.jpg 1000w, https:\/\/laplatamagica.ar\/wp-content\/uploads\/2019\/10\/altura1-300x148.jpg 300w, https:\/\/laplatamagica.ar\/wp-content\/uploads\/2019\/10\/altura1-768x379.jpg 768w\" sizes=\"auto, (max-width: 709px) 85vw, (max-width: 909px) 67vw, (max-width: 1362px) 62vw, 840px\" \/><figcaption> <br><strong>Trabajos de pintura se realizaron en nuestro templo mayor, en la foto con arn\u00e9s y su casco de seguridad, se aprecia en la foto la magnitud de la obra y el riesgo de los obreros que trabajaron en el completamiento de la Catedral de nuestra ciudad. <\/strong><\/figcaption><\/figure>\n<\/div>\n\n<div class=\"wp-block-image\">\n<figure class=\"aligncenter\"><img loading=\"lazy\" decoding=\"async\" width=\"583\" height=\"900\" src=\"http:\/\/www.laplatamagica.com.ar\/wp-content\/uploads\/2019\/10\/altura2.jpg\" alt=\"\" class=\"wp-image-3698\" srcset=\"https:\/\/laplatamagica.ar\/wp-content\/uploads\/2019\/10\/altura2.jpg 583w, https:\/\/laplatamagica.ar\/wp-content\/uploads\/2019\/10\/altura2-194x300.jpg 194w\" sizes=\"auto, (max-width: 583px) 85vw, 583px\" \/><figcaption> <br><strong>Un alto en las tarea de pintura, en esta foto en la que aparece Miguel \u00c4ngel Cima y un compa\u00f1ero de tareas, se aprecia al fondo la calle 53 y 15. <\/strong><\/figcaption><\/figure>\n<\/div>\n\n<div class=\"wp-block-image\">\n<figure class=\"aligncenter\"><img loading=\"lazy\" decoding=\"async\" width=\"1000\" height=\"686\" src=\"http:\/\/www.laplatamagica.com.ar\/wp-content\/uploads\/2019\/10\/altura3.jpg\" alt=\"\" class=\"wp-image-3701\" srcset=\"https:\/\/laplatamagica.ar\/wp-content\/uploads\/2019\/10\/altura3.jpg 1000w, https:\/\/laplatamagica.ar\/wp-content\/uploads\/2019\/10\/altura3-300x206.jpg 300w, https:\/\/laplatamagica.ar\/wp-content\/uploads\/2019\/10\/altura3-768x527.jpg 768w\" sizes=\"auto, (max-width: 709px) 85vw, (max-width: 909px) 67vw, (max-width: 1362px) 62vw, 840px\" \/><figcaption> <br><strong>Foto tomada desde la otra torre, ya todo el montaje de las dos torres estaba listo para comenzar la otra etapa. Se observa la ciudad de norte a sur, se distingue con claridad el Asilo Marin. <\/strong><\/figcaption><\/figure>\n<\/div>\n\n<div class=\"wp-block-image\">\n<figure class=\"aligncenter\"><img loading=\"lazy\" decoding=\"async\" width=\"800\" height=\"846\" src=\"http:\/\/www.laplatamagica.com.ar\/wp-content\/uploads\/2019\/10\/altura15.jpg\" alt=\"\" class=\"wp-image-3723\" srcset=\"https:\/\/laplatamagica.ar\/wp-content\/uploads\/2019\/10\/altura15.jpg 800w, https:\/\/laplatamagica.ar\/wp-content\/uploads\/2019\/10\/altura15-284x300.jpg 284w, https:\/\/laplatamagica.ar\/wp-content\/uploads\/2019\/10\/altura15-768x812.jpg 768w\" sizes=\"auto, (max-width: 800px) 85vw, 800px\" \/><figcaption><strong>Comienzo de la colocaci\u00f3n de las torres.<\/strong><\/figcaption><\/figure>\n<\/div>\n\n<div class=\"wp-block-image\">\n<figure class=\"aligncenter\"><img loading=\"lazy\" decoding=\"async\" width=\"1000\" height=\"648\" src=\"http:\/\/www.laplatamagica.com.ar\/wp-content\/uploads\/2019\/10\/altura4.jpg\" alt=\"\" class=\"wp-image-3703\" srcset=\"https:\/\/laplatamagica.ar\/wp-content\/uploads\/2019\/10\/altura4.jpg 1000w, https:\/\/laplatamagica.ar\/wp-content\/uploads\/2019\/10\/altura4-300x194.jpg 300w, https:\/\/laplatamagica.ar\/wp-content\/uploads\/2019\/10\/altura4-768x498.jpg 768w\" sizes=\"auto, (max-width: 709px) 85vw, (max-width: 909px) 67vw, (max-width: 1362px) 62vw, 840px\" \/><figcaption><br><strong>Vista de la torre de Mar\u00eda sobre la calle 51 se pueden observar los andamios y sobre el fondo dependencias de la escuela ex Normal Nacional N\u00ba1. <\/strong><\/figcaption><\/figure>\n<\/div>\n\n<div class=\"wp-block-image\">\n<figure class=\"aligncenter\"><img loading=\"lazy\" decoding=\"async\" width=\"1000\" height=\"684\" src=\"http:\/\/www.laplatamagica.com.ar\/wp-content\/uploads\/2019\/10\/altura6.jpg\" alt=\"\" class=\"wp-image-3705\" srcset=\"https:\/\/laplatamagica.ar\/wp-content\/uploads\/2019\/10\/altura6.jpg 1000w, https:\/\/laplatamagica.ar\/wp-content\/uploads\/2019\/10\/altura6-300x205.jpg 300w, https:\/\/laplatamagica.ar\/wp-content\/uploads\/2019\/10\/altura6-768x525.jpg 768w\" sizes=\"auto, (max-width: 709px) 85vw, (max-width: 909px) 67vw, (max-width: 1362px) 62vw, 840px\" \/><figcaption><br><strong>Impresionante vista desde la catedral, se puede ver con claridad el circuito tur\u00edstico, entre las calle 51 y 53, en primer t\u00e9rmino el Palacio Municipal, y m\u00e1s atr\u00e1s el Teatro Argentino y el resto de los edificios fundacionales. <\/strong><\/figcaption><\/figure>\n<\/div>\n\n<div class=\"wp-block-image\">\n<figure class=\"aligncenter\"><img decoding=\"async\" src=\"http:\/\/www.laplatamagica.com.ar\/wp-content\/uploads\/2019\/11\/campanascate.jpg\" alt=\"\" class=\"wp-image-5334\"\/><figcaption><strong>Llegada de las campanas.<\/strong><\/figcaption><\/figure>\n<\/div>\n\n<div class=\"wp-block-image\">\n<figure class=\"aligncenter\"><img loading=\"lazy\" decoding=\"async\" width=\"1000\" height=\"642\" src=\"http:\/\/www.laplatamagica.com.ar\/wp-content\/uploads\/2019\/10\/altura7.jpg\" alt=\"\" class=\"wp-image-3707\" srcset=\"https:\/\/laplatamagica.ar\/wp-content\/uploads\/2019\/10\/altura7.jpg 1000w, https:\/\/laplatamagica.ar\/wp-content\/uploads\/2019\/10\/altura7-300x193.jpg 300w, https:\/\/laplatamagica.ar\/wp-content\/uploads\/2019\/10\/altura7-768x493.jpg 768w\" sizes=\"auto, (max-width: 709px) 85vw, (max-width: 909px) 67vw, (max-width: 1362px) 62vw, 840px\" \/><figcaption> <br><strong>Una de las campanas en el momento que est\u00e1 siendo ajustada a su lugar, se puede apreciar la inscripci\u00f3n que corresponde a un Obispo. <\/strong><\/figcaption><\/figure>\n<\/div>\n\n<div class=\"wp-block-image\">\n<figure class=\"aligncenter\"><img loading=\"lazy\" decoding=\"async\" width=\"1000\" height=\"673\" src=\"http:\/\/www.laplatamagica.com.ar\/wp-content\/uploads\/2019\/10\/altura8.jpg\" alt=\"\" class=\"wp-image-3709\" srcset=\"https:\/\/laplatamagica.ar\/wp-content\/uploads\/2019\/10\/altura8.jpg 1000w, https:\/\/laplatamagica.ar\/wp-content\/uploads\/2019\/10\/altura8-300x202.jpg 300w, https:\/\/laplatamagica.ar\/wp-content\/uploads\/2019\/10\/altura8-768x517.jpg 768w\" sizes=\"auto, (max-width: 709px) 85vw, (max-width: 909px) 67vw, (max-width: 1362px) 62vw, 840px\" \/><figcaption><br><strong>Fin de la jornada de trabajo en la cima de la Catedral, la noche de fondo, las luces de la ciudad y el Sr. Oviedo (sentado) con sus compa\u00f1eros de labor. <\/strong><\/figcaption><\/figure>\n<\/div>\n\n<div class=\"wp-block-image\">\n<figure class=\"aligncenter\"><img loading=\"lazy\" decoding=\"async\" width=\"1000\" height=\"676\" src=\"http:\/\/www.laplatamagica.com.ar\/wp-content\/uploads\/2019\/10\/altura9.jpg\" alt=\"\" class=\"wp-image-3711\" srcset=\"https:\/\/laplatamagica.ar\/wp-content\/uploads\/2019\/10\/altura9.jpg 1000w, https:\/\/laplatamagica.ar\/wp-content\/uploads\/2019\/10\/altura9-300x203.jpg 300w, https:\/\/laplatamagica.ar\/wp-content\/uploads\/2019\/10\/altura9-768x519.jpg 768w\" sizes=\"auto, (max-width: 709px) 85vw, (max-width: 909px) 67vw, (max-width: 1362px) 62vw, 840px\" \/><figcaption> <br><strong>Toda la sensaci\u00f3n de la altura en una vista del sector de calle 14, la escalinata de la entrada principal y los elementos de trabajo del obrador. <\/strong><\/figcaption><\/figure>\n<\/div>\n\n<div class=\"wp-block-image\">\n<figure class=\"aligncenter\"><img loading=\"lazy\" decoding=\"async\" width=\"1000\" height=\"669\" src=\"http:\/\/www.laplatamagica.com.ar\/wp-content\/uploads\/2019\/10\/altura10.jpg\" alt=\"\" class=\"wp-image-3713\" srcset=\"https:\/\/laplatamagica.ar\/wp-content\/uploads\/2019\/10\/altura10.jpg 1000w, https:\/\/laplatamagica.ar\/wp-content\/uploads\/2019\/10\/altura10-300x201.jpg 300w, https:\/\/laplatamagica.ar\/wp-content\/uploads\/2019\/10\/altura10-768x514.jpg 768w\" sizes=\"auto, (max-width: 709px) 85vw, (max-width: 909px) 67vw, (max-width: 1362px) 62vw, 840px\" \/><figcaption><strong>Vista de la torre hacia la calle 53.<\/strong><\/figcaption><\/figure>\n<\/div>\n\n<div class=\"wp-block-image\">\n<figure class=\"aligncenter\"><img loading=\"lazy\" decoding=\"async\" width=\"667\" height=\"1000\" src=\"http:\/\/www.laplatamagica.com.ar\/wp-content\/uploads\/2019\/11\/campanascate1.jpg\" alt=\"\" class=\"wp-image-5338\" srcset=\"https:\/\/laplatamagica.ar\/wp-content\/uploads\/2019\/11\/campanascate1.jpg 667w, https:\/\/laplatamagica.ar\/wp-content\/uploads\/2019\/11\/campanascate1-200x300.jpg 200w\" sizes=\"auto, (max-width: 667px) 85vw, 667px\" \/><figcaption><strong>Estado de las obras.<\/strong><\/figcaption><\/figure>\n<\/div>\n\n<div class=\"wp-block-image\">\n<figure class=\"aligncenter\"><img loading=\"lazy\" decoding=\"async\" width=\"972\" height=\"1024\" src=\"http:\/\/www.laplatamagica.com.ar\/wp-content\/uploads\/2019\/10\/altura11-972x1024.jpg\" alt=\"\" class=\"wp-image-3715\" srcset=\"https:\/\/laplatamagica.ar\/wp-content\/uploads\/2019\/10\/altura11-972x1024.jpg 972w, https:\/\/laplatamagica.ar\/wp-content\/uploads\/2019\/10\/altura11-285x300.jpg 285w, https:\/\/laplatamagica.ar\/wp-content\/uploads\/2019\/10\/altura11-768x809.jpg 768w, https:\/\/laplatamagica.ar\/wp-content\/uploads\/2019\/10\/altura11.jpg 1000w\" sizes=\"auto, (max-width: 709px) 85vw, (max-width: 909px) 67vw, (max-width: 1362px) 62vw, 840px\" \/><figcaption> <br><strong>Dos im\u00e1genes de los trabajos sobre el sector de la calle 51, donde se observa el esqueleto de las torres. <\/strong><\/figcaption><\/figure>\n<\/div>\n\n<div class=\"wp-block-image\">\n<figure class=\"aligncenter\"><img loading=\"lazy\" decoding=\"async\" width=\"972\" height=\"1024\" src=\"http:\/\/www.laplatamagica.com.ar\/wp-content\/uploads\/2019\/10\/altura12-972x1024.jpg\" alt=\"\" class=\"wp-image-3717\" srcset=\"https:\/\/laplatamagica.ar\/wp-content\/uploads\/2019\/10\/altura12-972x1024.jpg 972w, https:\/\/laplatamagica.ar\/wp-content\/uploads\/2019\/10\/altura12-285x300.jpg 285w, https:\/\/laplatamagica.ar\/wp-content\/uploads\/2019\/10\/altura12-768x809.jpg 768w, https:\/\/laplatamagica.ar\/wp-content\/uploads\/2019\/10\/altura12.jpg 1000w\" sizes=\"auto, (max-width: 709px) 85vw, (max-width: 909px) 67vw, (max-width: 1362px) 62vw, 840px\" \/><figcaption> <br><strong>La intervenci\u00f3n en las piezas ornamentales consisti\u00f3 en la recuperaci\u00f3n de los revestimientos,vitrales y de la estructura met\u00e1lica, se aprecia una hilera de g\u00e1rgolas de cobre antes de ser colocadas en las torres. <\/strong><\/figcaption><\/figure>\n<\/div>\n\n<div class=\"wp-block-image\">\n<figure class=\"aligncenter\"><img loading=\"lazy\" decoding=\"async\" width=\"1000\" height=\"644\" src=\"http:\/\/www.laplatamagica.com.ar\/wp-content\/uploads\/2019\/10\/altura13.jpg\" alt=\"\" class=\"wp-image-3719\" srcset=\"https:\/\/laplatamagica.ar\/wp-content\/uploads\/2019\/10\/altura13.jpg 1000w, https:\/\/laplatamagica.ar\/wp-content\/uploads\/2019\/10\/altura13-300x193.jpg 300w, https:\/\/laplatamagica.ar\/wp-content\/uploads\/2019\/10\/altura13-768x495.jpg 768w\" sizes=\"auto, (max-width: 709px) 85vw, (max-width: 909px) 67vw, (max-width: 1362px) 62vw, 840px\" \/><figcaption><br><strong>Comienzo de jornada de trabajo de pintura, se aprecia la colocaci\u00f3n de andamios y se aprecia la nave central de la catedral y las casas circundantes. <\/strong><\/figcaption><\/figure>\n<\/div>\n\n\n<figure class=\"wp-block-image\"><img loading=\"lazy\" decoding=\"async\" width=\"1000\" height=\"968\" src=\"http:\/\/www.laplatamagica.com.ar\/wp-content\/uploads\/2021\/03\/catedralantes.jpg\" alt=\"Vista de la Catedral antes de su completamiento.\" class=\"wp-image-9746\" srcset=\"https:\/\/laplatamagica.ar\/wp-content\/uploads\/2021\/03\/catedralantes.jpg 1000w, https:\/\/laplatamagica.ar\/wp-content\/uploads\/2021\/03\/catedralantes-300x290.jpg 300w, https:\/\/laplatamagica.ar\/wp-content\/uploads\/2021\/03\/catedralantes-768x743.jpg 768w\" sizes=\"auto, (max-width: 709px) 85vw, (max-width: 909px) 67vw, (max-width: 1362px) 62vw, 840px\" \/><figcaption><strong>Vista de la Catedral antes de su completamiento.<\/strong><\/figcaption><\/figure>\n\n\n<div class=\"wp-block-image\">\n<figure class=\"aligncenter\"><img loading=\"lazy\" decoding=\"async\" width=\"698\" height=\"1000\" src=\"http:\/\/www.laplatamagica.com.ar\/wp-content\/uploads\/2019\/10\/altura14.jpg\" alt=\"\" class=\"wp-image-3721\" srcset=\"https:\/\/laplatamagica.ar\/wp-content\/uploads\/2019\/10\/altura14.jpg 698w, https:\/\/laplatamagica.ar\/wp-content\/uploads\/2019\/10\/altura14-209x300.jpg 209w\" sizes=\"auto, (max-width: 698px) 85vw, 698px\" \/><figcaption> <br><strong>Se congrega una multitud para celebrar la inauguraci\u00f3n de la fachada de la Catedral el 19 de noviembre de 1999. El trabajo ya estaba terminado. <\/strong><\/figcaption><\/figure>\n<\/div>","protected":false},"excerpt":{"rendered":"<p>Las fotos son gentileza del T\u00e9cnico Electricista Sr. Omar Oviedo y el Pintor Miguel \u00c1ngel Cima que trabajaron en el obrador de la Catedral, que estaba en la calle 53 en el a\u00f1o 1998 y hasta la finalizaci\u00f3n de las obras de completamiento de nuestro templo mayor. Tanto estos como sus compa\u00f1eros trabajaron en altura, &hellip; <a href=\"https:\/\/laplatamagica.ar\/?page_id=3696\" class=\"more-link\">Continuar leyendo<span class=\"screen-reader-text\"> &#8220;Completamiento de la Catedral&#8221;<\/span><\/a><\/p>\n","protected":false},"author":1,"featured_media":0,"parent":0,"menu_order":0,"comment_status":"closed","ping_status":"closed","template":"","meta":{"switch_pages_title":"","h5ap_radio_sources":[],"footnotes":""},"class_list":["post-3696","page","type-page","status-publish","hentry"],"_links":{"self":[{"href":"https:\/\/laplatamagica.ar\/index.php?rest_route=\/wp\/v2\/pages\/3696","targetHints":{"allow":["GET"]}}],"collection":[{"href":"https:\/\/laplatamagica.ar\/index.php?rest_route=\/wp\/v2\/pages"}],"about":[{"href":"https:\/\/laplatamagica.ar\/index.php?rest_route=\/wp\/v2\/types\/page"}],"author":[{"embeddable":true,"href":"https:\/\/laplatamagica.ar\/index.php?rest_route=\/wp\/v2\/users\/1"}],"replies":[{"embeddable":true,"href":"https:\/\/laplatamagica.ar\/index.php?rest_route=%2Fwp%2Fv2%2Fcomments&post=3696"}],"version-history":[{"count":0,"href":"https:\/\/laplatamagica.ar\/index.php?rest_route=\/wp\/v2\/pages\/3696\/revisions"}],"wp:attachment":[{"href":"https:\/\/laplatamagica.ar\/index.php?rest_route=%2Fwp%2Fv2%2Fmedia&parent=3696"}],"curies":[{"name":"wp","href":"https:\/\/api.w.org\/{rel}","templated":true}]}}