{"id":3750,"date":"2019-10-13T10:10:03","date_gmt":"2019-10-13T13:10:03","guid":{"rendered":"http:\/\/www.laplatamagica.com.ar\/?page_id=3750"},"modified":"2019-10-13T10:35:04","modified_gmt":"2019-10-13T13:35:04","slug":"lectura-de-libros","status":"publish","type":"page","link":"https:\/\/laplatamagica.ar\/?page_id=3750","title":{"rendered":"Lectura de Libros"},"content":{"rendered":"\n<p style=\"font-size:28px;text-align:center\"><strong>Gu\u00eda de Bibliotecas Populares<\/strong><\/p>\n\n\n\n<hr class=\"wp-block-separator is-style-wide\"\/>\n\n\n\n<div class=\"wp-block-image\"><figure class=\"aligncenter\"><img loading=\"lazy\" decoding=\"async\" width=\"523\" height=\"300\" src=\"http:\/\/www.laplatamagica.com.ar\/wp-content\/uploads\/2019\/10\/biblioteca.jpg\" alt=\"\" class=\"wp-image-3753\" srcset=\"https:\/\/laplatamagica.ar\/wp-content\/uploads\/2019\/10\/biblioteca.jpg 523w, https:\/\/laplatamagica.ar\/wp-content\/uploads\/2019\/10\/biblioteca-300x172.jpg 300w\" sizes=\"auto, (max-width: 523px) 85vw, 523px\" \/><figcaption><strong>Biblioteca de la Universidad  Nacional de La Plata Plaza Rocha N\u00b0137<\/strong><br><br><\/figcaption><\/figure><\/div>\n\n\n\n<p><strong><a rel=\"noreferrer noopener\" aria-label=\"Biblioteca de la Universidad Nacional de La Plata: (abre en una nueva pesta\u00f1a)\" href=\"https:\/\/www.biblio.unlp.edu.ar\/#la-biblioteca\" target=\"_blank\">Biblioteca de la Universidad Nacional de La Plata:<\/a> <\/strong> Plaza Rocha N\u00b0137 (7 y 60) Tel +54 (0221) 423-6607  Mail: secretaria@biblio.unlp.edu.ar<\/p>\n\n\n\n<p><strong>Instituto Platense de Cultura Hisp\u00e1nica Biblioteca Popular<\/strong> &#8220;Enrique Larreta&#8221; Direcci\u00f3n 6 N\u00b0 1040 e\/53 y 54 Tel:422-6327 E-Mail: bibliolarreta@yahoo.com.ar Horario de Atenci\u00f3n Lunes a Viernes de 12.30 a 17.30 hs.<\/p>\n\n\n\n<p><br><strong> Museo y Archivo Dardo Rocha<\/strong> Direcci\u00f3n 50 N\u00b0 933 e\/13 y 14 Tel: 427-5591 E-Mail: museoyarchivodardorocha@hotmail.com Horario de Atenci\u00f3n: Lunes a Viernes de 14 a 18 hs.<\/p>\n\n\n\n<p><br><strong> Asociaci\u00f3n Cultural Alborada y Biblioteca Popular &#8220;Florentino Ameghino&#8221; <\/strong>Direcci\u00f3n 58 N\u00b0 774 e\/10 y 11 Tel:424-1631 E-Mail: bb001027@abc.gov.ar Horario de Atenci\u00f3n Lunes a Viernes de 14 a 20 hs.<\/p>\n\n\n\n<div class=\"wp-block-image\"><figure class=\"aligncenter\"><img loading=\"lazy\" decoding=\"async\" width=\"225\" height=\"225\" src=\"http:\/\/www.laplatamagica.com.ar\/wp-content\/uploads\/2019\/10\/biblioteca1.jpg\" alt=\"\" class=\"wp-image-3757\" srcset=\"https:\/\/laplatamagica.ar\/wp-content\/uploads\/2019\/10\/biblioteca1.jpg 225w, https:\/\/laplatamagica.ar\/wp-content\/uploads\/2019\/10\/biblioteca1-150x150.jpg 150w\" sizes=\"auto, (max-width: 225px) 85vw, 225px\" \/><\/figure><\/div>\n\n\n\n<p><br><strong> Biblioteca Eufori\u00f3n y Biblioteca Popular &#8220;Juan Bautista Alberdi&#8221; <\/strong>Direcci\u00f3n: Diag.79 N\u00b0 371 e\/62 y 63 Tel: 427-3019 Fax: 483-4270 E-Mail: euforion@netverk.com.ar Horario de Atenci\u00f3n: Lunes a Viernes de 14 a 20 hs.<\/p>\n\n\n\n<p><br><strong> Centro de Fomento y Cultura Circunvalaci\u00f3n Biblioteca Popular &#8220;Dr. Nicol\u00e1s Avellaneda&#8221;<\/strong> Direcci\u00f3n 7 N\u00b0 2241 e\/ 77 y 78 Tel:452-0543 Horario de Atenci\u00f3n: Lunes a Viernes de 8 a 12 hs. y 13 a 17 hs.<\/p>\n\n\n\n<p><br><strong>Centro de Fomento Avenida 44 Zona Sudoeste Biblioteca Popular &#8220;Fray Justo Santa Mar\u00eda de Oro&#8221;<\/strong> Direcci\u00f3n 44 esq. 29 Horario de Atenci\u00f3n: Lunes, Miercoles y Viernes de 12 a 18 hs. y Martes y Jueves de 10 a 16 hs.<\/p>\n\n\n\n<p><br><strong>Centro de Fomento Meridiano V\u00b0 Biblioteca Popular &#8220;Enrique Gononino&#8221; <\/strong>Direcci\u00f3n 67 N\u00b0 1080 e\/16 y 17 Tel: 451-0357 E-Mail: bibliotecameridianov@hotmail.com Horario de Atenci\u00f3n: Lunes a Viernes de 16 a 20 hs.<\/p>\n\n\n\n<p><br><strong>Centro de Fomento y Biblioteca Popular &#8220;General San Mart\u00edn&#8221; <\/strong>Direcci\u00f3n: 22 N\u00b0 986 e\/ 51 y 53 Tel-Fax: 457-3670 E-Mail: biblo024@uol.com.ar Horario de Atenci\u00f3n: Lunes a Viernes de 9 a 18 hs.<\/p>\n\n\n\n<p><br><strong>Federaci\u00f3n de Instituciones Culturales y Deportivas de La Plata Biblioteca Popular &#8220;Mariano Moreno&#8221;<\/strong> Direcci\u00f3n 3 N\u00b0 967 Tel: 427-5031 Fax: 483-9813 Horario de Atenci\u00f3n: Lunes y Jueves de 13 a 20 hs. y Martes, Miercoles y Viernes de 8 a 12 hs. y 16 a 20 hs.<\/p>\n\n\n\n<p><br><strong> Casa del Tango y Biblioteca Popular &#8220;Carlos Gardel&#8221;<\/strong> Direcci\u00f3n: 43 N\u00b0 413 Tel: 422-6737 Horario de Atenci\u00f3n: Lunes a Viernes de 15 a 21 hs.<br> Ateneo Popular Alejandro Korn Bliblioteca Popular &#8220;Francisco Romero Delgado&#8221; Direcci\u00f3n 49 N\u00b0 731 Tel: 483-6606 Horario de Atenci\u00f3n: Lunes a Viernes de 16 a 21 hs.<\/p>\n\n\n\n<div class=\"wp-block-image\"><figure class=\"aligncenter\"><img loading=\"lazy\" decoding=\"async\" width=\"600\" height=\"232\" src=\"http:\/\/www.laplatamagica.com.ar\/wp-content\/uploads\/2019\/10\/biblioteca2.jpg\" alt=\"\" class=\"wp-image-3759\" srcset=\"https:\/\/laplatamagica.ar\/wp-content\/uploads\/2019\/10\/biblioteca2.jpg 600w, https:\/\/laplatamagica.ar\/wp-content\/uploads\/2019\/10\/biblioteca2-300x116.jpg 300w\" sizes=\"auto, (max-width: 600px) 85vw, 600px\" \/><\/figure><\/div>\n\n\n\n<p><br><strong> Asociaci\u00f3n Cultural y Deportiva Universal Biblioteca Popular &#8220;Florentino Ameghino&#8221;<\/strong> Direcci\u00f3n: Avda. 25 N\u00b0 1226\/32 e\/57 y 58 Tel-Fax: 457-6921 Horario de Atenci\u00f3n: Lunes a Viernes de 14.30 a 20.30 hs.<\/p>\n\n\n\n<p><br> C<strong>lub Deportivo La Plata y Biblioteca Popular &#8220;Dardo Rocha&#8221;<\/strong> Direcci\u00f3n 71 N\u00b0 331 e\/1 y 2 Tel: 421-2008 E-Mail: dlpybcapdrocha@yahoo.com.ar Horario de Atenci\u00f3n: Lunes a Viernes de 18 a 21 hs.<\/p>\n\n\n\n<p><br><strong>Biblioteca Popular &#8220;Alejo Iglesias&#8221;<\/strong> Direcci\u00f3n 12 N\u00b0 1086 e\/ 43 y 44 Tel-Fax:473-0649 E-Mail: biblio_aiglesias@yahoo.com.ar Horario de Atenci\u00f3n: Lunes a Viernes de 8.30 a 12.30 hs. y de 15 a 20 hs.<\/p>\n\n\n\n<p><br> <strong>Biblioteca Popular &#8220;Enrique Santos Disc\u00e9polo&#8221;<\/strong> Para la Cultura Nacional Direcci\u00f3n 13 N\u00b0 2226 Tel: 451-0982 E-Mail: discepolobiblioteca@yahoo.com.ar Horario de Atenci\u00f3n: Lunes a Viernes de 15 a 19 hs.<\/p>\n\n\n\n<div class=\"wp-block-image\"><figure class=\"aligncenter\"><img loading=\"lazy\" decoding=\"async\" width=\"303\" height=\"154\" src=\"http:\/\/www.laplatamagica.com.ar\/wp-content\/uploads\/2019\/10\/biblioteca4.jpg\" alt=\"\" class=\"wp-image-3762\" srcset=\"https:\/\/laplatamagica.ar\/wp-content\/uploads\/2019\/10\/biblioteca4.jpg 303w, https:\/\/laplatamagica.ar\/wp-content\/uploads\/2019\/10\/biblioteca4-300x152.jpg 300w\" sizes=\"auto, (max-width: 303px) 85vw, 303px\" \/><\/figure><\/div>\n\n\n\n<p><br> <strong>Asociaci\u00f3n de Fomento Cultural y Social Libertad Biblioteca Popular &#8220;Bernardo de Monteagudo&#8221;<\/strong> Direcci\u00f3n 51 N\u00b0 1088 e\/16 y 17 Tel: 453-1352 Horario de Atenci\u00f3n: Lunes a Viernes de 13.30 a 19.30 hs.<\/p>\n\n\n\n<p><br><strong> C\u00edrculo de Periodistas de la Pcia. de Buenos Aires Biblioteca Popular &#8220;Jacinto Calvo&#8221;<\/strong> Direcci\u00f3n 48 N\u00b0 530 entre 5 y 6 Tel: 483-2606 Horario de Atenci\u00f3n: Lunes a Viernes de 9 a 17 hs.<\/p>\n\n\n\n<p><br><strong> Asociaci\u00f3n de Fomento y Biblioteca &#8220;Lavalle Billar Club&#8221;<\/strong> Direcci\u00f3n 34 N\u00b0 737 Tel: 424-9385 Horario de Atenci\u00f3n Lunes , Mi\u00e9rcoles y Viernes de 10.45 a 14.30 hs. Martes y Jueves de 17.30 hs a 21.30hs y S\u00e1bado de 11 a 13.45 hs.<\/p>\n\n\n\n<p><br><strong> Club Ateneo Popular Biblioteca Popular &#8220;Bernardino Rivadavia&#8221;<\/strong> Direcci\u00f3n 39 N\u00b0 223 entre 115 y 116 Tel: 427-7795 Horario de Atenci\u00f3n: Lunes a Viernes de 17 a 21 hs. y Jueves de 8.30 a 13 hs.<\/p>\n\n\n\n<div class=\"wp-block-image\"><figure class=\"aligncenter\"><img loading=\"lazy\" decoding=\"async\" width=\"275\" height=\"183\" src=\"http:\/\/www.laplatamagica.com.ar\/wp-content\/uploads\/2019\/10\/biblioteca3.jpg\" alt=\"\" class=\"wp-image-3761\"\/><\/figure><\/div>\n\n\n\n<p><br><strong> Club Everton Biblioteca Popular &#8220;Mario Sureda&#8221;<\/strong> Direcci\u00f3n 14 N\u00b0 1528 e\/63 y 64 E-Mail: biblioeverton@yahoo.com.ar Horario de Atenci\u00f3n: Lunes a Viernes de 16 a 20 hs.<\/p>\n\n\n\n<p><br><strong> Club Social Cultural y Deportivo El Fort\u00edn de Zona Sur Biblioteca Popular &#8220;Benito Lynch&#8221;<\/strong> Direcci\u00f3n 68 N\u00b0 1478 e\/24 y 25 Horario de Atenci\u00f3n: Lunes, Miercoles y Viernes de 13 a 19 hs. Martes y Jueves de 8 a 14 hs.<\/p>\n","protected":false},"excerpt":{"rendered":"<p>Gu\u00eda de Bibliotecas Populares Biblioteca de la Universidad Nacional de La Plata: Plaza Rocha N\u00b0137 (7 y 60) Tel +54 (0221) 423-6607 Mail: secretaria@biblio.unlp.edu.ar Instituto Platense de Cultura Hisp\u00e1nica Biblioteca Popular &#8220;Enrique Larreta&#8221; Direcci\u00f3n 6 N\u00b0 1040 e\/53 y 54 Tel:422-6327 E-Mail: bibliolarreta@yahoo.com.ar Horario de Atenci\u00f3n Lunes a Viernes de 12.30 a 17.30 hs. Museo &hellip; <a href=\"https:\/\/laplatamagica.ar\/?page_id=3750\" class=\"more-link\">Continuar leyendo<span class=\"screen-reader-text\"> &#8220;Lectura de Libros&#8221;<\/span><\/a><\/p>\n","protected":false},"author":1,"featured_media":0,"parent":0,"menu_order":0,"comment_status":"closed","ping_status":"closed","template":"","meta":{"switch_pages_title":"","h5ap_radio_sources":[],"footnotes":""},"class_list":["post-3750","page","type-page","status-publish","hentry"],"_links":{"self":[{"href":"https:\/\/laplatamagica.ar\/index.php?rest_route=\/wp\/v2\/pages\/3750","targetHints":{"allow":["GET"]}}],"collection":[{"href":"https:\/\/laplatamagica.ar\/index.php?rest_route=\/wp\/v2\/pages"}],"about":[{"href":"https:\/\/laplatamagica.ar\/index.php?rest_route=\/wp\/v2\/types\/page"}],"author":[{"embeddable":true,"href":"https:\/\/laplatamagica.ar\/index.php?rest_route=\/wp\/v2\/users\/1"}],"replies":[{"embeddable":true,"href":"https:\/\/laplatamagica.ar\/index.php?rest_route=%2Fwp%2Fv2%2Fcomments&post=3750"}],"version-history":[{"count":0,"href":"https:\/\/laplatamagica.ar\/index.php?rest_route=\/wp\/v2\/pages\/3750\/revisions"}],"wp:attachment":[{"href":"https:\/\/laplatamagica.ar\/index.php?rest_route=%2Fwp%2Fv2%2Fmedia&parent=3750"}],"curies":[{"name":"wp","href":"https:\/\/api.w.org\/{rel}","templated":true}]}}