{"id":4060,"date":"2019-10-16T11:21:33","date_gmt":"2019-10-16T14:21:33","guid":{"rendered":"http:\/\/www.laplatamagica.com.ar\/?page_id=4060"},"modified":"2020-04-06T11:03:40","modified_gmt":"2020-04-06T14:03:40","slug":"descripcion-de-edificios-publicos","status":"publish","type":"page","link":"https:\/\/laplatamagica.ar\/?page_id=4060","title":{"rendered":"Descripci\u00f3n de edificios p\u00fablicos"},"content":{"rendered":"\n<p>El paisaje de nuestra ciudad y sus edificios fundacionales que lo caracterizan, entendidos como espacios de representaci\u00f3n del orden gubernamental en un medio en formaci\u00f3n, llegar\u00e1n a ser materializados a trav\u00e9s del significativo aporte inmigratorio. <\/p>\n\n\n\n<p><br> El Eje C\u00edvico tambi\u00e9n conocido como Eje Fundacional o Eje Monumental de La Plata es un conjunto de edificios p\u00fablicos de escala monumental que forman el centro c\u00edvico de la ciudad, a lo largo de las avenidas 51 y 53, entre las Plazas Moreno y San Mart\u00edn. El \u201ceje\u201d fue trazado y planificado por el ingeniero Pedro Benoit por encargo del Gobierno de la Provincia de Buenos Aires a cargo de Dardo Rocha, en el a\u00f1o 1882. El trazado de las calles comenz\u00f3 ese a\u00f1o, y la construcci\u00f3n de los edificios p\u00fablicos avanz\u00f3 durante los primeros a\u00f1os de la ciudad y son descriptos a continuaci\u00f3n.<\/p>\n\n\n\n<ul class=\"wp-block-list\"><li><strong><a href=\"#banco01\">Banco de la Provincia<\/a><\/strong><\/li><li><strong><a href=\"#tear\">Biblioteca de la Universidad y Facultad de Bellas Artes<\/a><\/strong><\/li><li><strong><a href=\"#curuchet\">Casa Curutchet<\/a><\/strong><\/li><li><strong><a href=\"#gobierno01\">Casa de Gobierno<\/a><\/strong><\/li><li><strong><a href=\"#monumental\">Catedral<\/a><\/strong><\/li><li><strong><a href=\"#obito\">Cementerio<\/a><\/strong><\/li><li><strong><a href=\"#autoridad\">Departamento de Polic\u00eda<\/a><\/strong><\/li><li><strong><a href=\"#colegio\">Direcci\u00f3n General de Escuelas y Cultura<\/a><\/strong><\/li><li><strong><a href=\"#ferroca\">Estaci\u00f3n de Ferrocarril<\/a><\/strong><\/li><li><strong><a href=\"#equinos\">Hip\u00f3dromo<\/a><\/strong><\/li><li><strong><a href=\"#iglesia01\">Iglesia San Ponciano<\/a><\/strong><\/li><\/ul>\n\n\n\n<p><\/p>\n\n\n\n<hr class=\"wp-block-separator is-style-wide\"\/>\n\n\n\n<p id=\"banco01\" style=\"font-size:30px;text-align:center\"><strong> Banco de la Provincia <\/strong><\/p>\n\n\n\n<div class=\"wp-block-image\"><figure class=\"aligncenter\"><img loading=\"lazy\" decoding=\"async\" width=\"800\" height=\"589\" src=\"http:\/\/www.laplatamagica.com.ar\/wp-content\/uploads\/2019\/10\/bancoprovincia.jpg\" alt=\"\nBanco de la Provincia de Buenos Aires ubicado en la manzana de las calles 6,7, 47 y 48 .\" class=\"wp-image-4064\" srcset=\"https:\/\/laplatamagica.ar\/wp-content\/uploads\/2019\/10\/bancoprovincia.jpg 800w, https:\/\/laplatamagica.ar\/wp-content\/uploads\/2019\/10\/bancoprovincia-300x221.jpg 300w, https:\/\/laplatamagica.ar\/wp-content\/uploads\/2019\/10\/bancoprovincia-768x565.jpg 768w\" sizes=\"auto, (max-width: 800px) 85vw, 800px\" \/><figcaption><strong>Ubicado en la manzana de las calles 6,7, 47 y 48 <\/strong><\/figcaption><\/figure><\/div>\n\n\n\n<p>La Casa matriz de este banco fue proyectada por los arquitectos Juan A. Buschiazzo y Luis Viglione. Se construy\u00f3 durante los primeros a\u00f1os de la fundaci\u00f3n y fue ampliado en 1913. El interior de este edificio est\u00e1 centralizado en el sal\u00f3n de operaciones que constituya un gran espacio cubierto.<\/p>\n\n\n\n<p>En la d\u00e9cada del 70 se construyo el sector nuevo en lo que eran los jardines que daban a calle 6. Las l\u00edneas de este edificio contrastan con las del original, ya que se encuadra dentro de la corriente aequitect\u00f3nica denominada &#8220;brutalismo&#8221; que se caracteriza por la exhibici\u00f3n del hormig\u00f3n armado en bruto.<\/p>\n\n\n\n<hr class=\"wp-block-separator is-style-wide\"\/>\n\n\n\n<p id=\"tear\" style=\"font-size:30px;text-align:center\"><strong> Biblioteca de la Universidad y Facultad de Bellas Artes <\/strong><\/p>\n\n\n\n<div class=\"wp-block-image\"><figure class=\"aligncenter\"><img loading=\"lazy\" decoding=\"async\" width=\"800\" height=\"533\" src=\"http:\/\/www.laplatamagica.com.ar\/wp-content\/uploads\/2019\/10\/artes1.jpg\" alt=\"Biblioteca de la Universidad Nacional de La PLata.  La Plata m\u00e1gica\" class=\"wp-image-4069\" srcset=\"https:\/\/laplatamagica.ar\/wp-content\/uploads\/2019\/10\/artes1.jpg 800w, https:\/\/laplatamagica.ar\/wp-content\/uploads\/2019\/10\/artes1-300x200.jpg 300w, https:\/\/laplatamagica.ar\/wp-content\/uploads\/2019\/10\/artes1-768x512.jpg 768w\" sizes=\"auto, (max-width: 800px) 85vw, 800px\" \/><figcaption> <br><strong>Plaza Rocha  7 y 60 y por Diagonal 78 Bellas Artes.<\/strong><\/figcaption><\/figure><\/div>\n\n\n\n<p>Este edificio, que data de 1935, fue proyectado por la Direcci\u00f3n de Arquitectura del Ministerio de Obras P\u00fablicas. Las dos instituciones que all\u00ed funcionan tienen accesos independientes, adem\u00e1s de un tercero para el Sal\u00f3n de Actos.<\/p>\n\n\n\n<p>Por el acceso de diagonal 78 se ingresa a la Facultad de Bellas Artes, creada el 13 de diciembre de 1923 como Escuela Superior de Bellas Artes.<\/p>\n\n\n\n<hr class=\"wp-block-separator is-style-wide\"\/>\n\n\n\n<p id=\"curuchet\" style=\"font-size:30px;text-align:center\"><strong> Casa Curutchet <\/strong><\/p>\n\n\n\n<div class=\"wp-block-image\"><figure class=\"aligncenter\"><img loading=\"lazy\" decoding=\"async\" width=\"748\" height=\"1000\" src=\"http:\/\/www.laplatamagica.com.ar\/wp-content\/uploads\/2019\/10\/curuchet.jpg\" alt=\"Esta vivienda es la \u00fanica en la Argentina, y una de las dos en Am\u00e9rica, proyectada por el famoso arquitecto suizo-frances Charles Edouard Jeanneret Le Corbusier.\" class=\"wp-image-4073\" srcset=\"https:\/\/laplatamagica.ar\/wp-content\/uploads\/2019\/10\/curuchet.jpg 748w, https:\/\/laplatamagica.ar\/wp-content\/uploads\/2019\/10\/curuchet-224x300.jpg 224w\" sizes=\"auto, (max-width: 748px) 85vw, 748px\" \/><figcaption><strong>Calle 53 N\u00ba 320 entre 1 y 2 <\/strong><\/figcaption><\/figure><\/div>\n\n\n\n<p>Esta vivienda es la \u00fanica en la Argentina, y una de las dos en Am\u00e9rica, proyectada por el famoso arquitecto suizo-frances Charles Edouard Jeanneret Le Corbusier.<\/p>\n\n\n\n<p>La vivienda le fue encargada en 1948 por el Dr. Pedro Curutchet.<\/p>\n\n\n\n<p>El edificio, que se compone de vivienda familiar y consultorio presenta los postulados b\u00e1sicos de la teor\u00eda arquitect\u00f3nica de Le Corbusier; la planta libre, los pilotes, la terraza jard\u00edn, los aventamiento horizontales y la fachada libre.<\/p>\n\n\n\n<p>El planteo basado en la consideraci\u00f3n de las caracter\u00edsticas de un lote estrecho entre medianeras, rescatada la buena orientaci\u00f3n y vista hacia la plaza.  Se la puede visitar de lunes a viernes de 10:30 a 14:30 hs. <\/p>\n\n\n\n<hr class=\"wp-block-separator is-style-wide\"\/>\n\n\n\n<p id=\"gobierno01\" style=\"font-size:30px;text-align:center\"><strong> Casa de Gobierno <\/strong><\/p>\n\n\n\n<div class=\"wp-block-image\"><figure class=\"aligncenter\"><img loading=\"lazy\" decoding=\"async\" width=\"800\" height=\"600\" src=\"http:\/\/www.laplatamagica.com.ar\/wp-content\/uploads\/2019\/10\/gobierno.jpg\" alt=\"Casa de Gobierno en La Plata.\" class=\"wp-image-4079\" srcset=\"https:\/\/laplatamagica.ar\/wp-content\/uploads\/2019\/10\/gobierno.jpg 800w, https:\/\/laplatamagica.ar\/wp-content\/uploads\/2019\/10\/gobierno-300x225.jpg 300w, https:\/\/laplatamagica.ar\/wp-content\/uploads\/2019\/10\/gobierno-768x576.jpg 768w\" sizes=\"auto, (max-width: 800px) 85vw, 800px\" \/><figcaption><br><strong>Calle 6 entre 51 y 53. <\/strong><\/figcaption><\/figure><\/div>\n\n\n\n<p>Se encuentra ubicado en la calle 6 entre 51 y 53 se construyo de acuerdo a un proyecto del Departamento de Ingenieros. El arquitecto Julio Domal de origen belga fue su autor.<\/p>\n\n\n\n<p>La construcci\u00f3n es de estilo renacimiento flamenco, esta caracterizada por la combinaci\u00f3n de s\u00edmil piedra y ladrillo a la vista y es de ornamentaci\u00f3n ostentosa. Su inmensa c\u00fapula presenta una alegor\u00eda de la Patria y sus paredes est\u00e1n ornamentadas con retratos de pr\u00f3ceres enmarcados en \u00f3valos dorados. <\/p>\n\n\n\n<p>Consta de dos plantas y mansarda. El reloj, que a\u00fan funciona, perteneci\u00f3 al Dr. Dardo Rocha (fundador de la ciudad). Cuenta con varios salones, el<br> Sal\u00f3n Rojo antiguamente utilizado como despacho del Gobernador, el Sal\u00f3n del Acuerdo, con aislaci\u00f3n ac\u00fastica y equipamiento para proyecci\u00f3n de pel\u00edculas y audiovisuales, y el Sal\u00f3n Dorado, de 11 x 24 m, con decoraci\u00f3n barroca. Otros atractivos de este edificio son sus escalinatas y el Patio de las<br> Palmeras.<\/p>\n\n\n\n<hr class=\"wp-block-separator is-style-wide\"\/>\n\n\n\n<p id=\"monumental\" style=\"font-size:30px;text-align:center\"><strong> Catedral <\/strong><\/p>\n\n\n\n<div class=\"wp-block-image\"><figure class=\"aligncenter\"><img loading=\"lazy\" decoding=\"async\" width=\"800\" height=\"485\" src=\"http:\/\/www.laplatamagica.com.ar\/wp-content\/uploads\/2019\/10\/catedral001.jpg\" alt=\"Plaza Moreno y Catedral de La Plata. www.laplatamagica.com.ar\" class=\"wp-image-4082\" srcset=\"https:\/\/laplatamagica.ar\/wp-content\/uploads\/2019\/10\/catedral001.jpg 800w, https:\/\/laplatamagica.ar\/wp-content\/uploads\/2019\/10\/catedral001-300x182.jpg 300w, https:\/\/laplatamagica.ar\/wp-content\/uploads\/2019\/10\/catedral001-768x466.jpg 768w\" sizes=\"auto, (max-width: 800px) 85vw, 800px\" \/><figcaption><strong>Ubicada en la manzana comprendida por las calles 14 y 15 y las avenidas 51 y 53.<\/strong><\/figcaption><\/figure><\/div>\n\n\n\n<p>Este hermoso templo de estilo neog\u00f3tico, que al no haberse realizado el revestimiento quedan al desnudo los ladrillos con que fue construida.<\/p>\n\n\n\n<p>Cabe acotar que es una de las pocas catedrales g\u00f3tica realizadas en este material.<\/p>\n\n\n\n<p>Su capacidad aproximada es de 14.000 personas. En 1884 se coloc\u00f3 la piedra fundamental; al a\u00f1o siguiente se inici\u00f3 su construcci\u00f3n y en 1932 qued\u00f3 habilitada es la mayor de Am\u00e9rica y una de las m\u00e1s grandes del mundo.<\/p>\n\n\n\n<p>Como dato significativo es de se\u00f1alar que ser\u00e1 la \u00faltima Catedral g\u00f3tica que se termino en el mundo. Un grupo de restauradores y vitralistas desarrollo un aporte fundamental para la vigencia del emprendimiento.<\/p>\n\n\n\n<p>Las dos torres principales se realizaron en etapas, primero: la ejecuci\u00f3n de una estructura resistente, segundo: la estructura met\u00e1lica y por \u00faltimo el recubrimiento de las mismas en cobre.<\/p>\n\n\n\n<p>Las torres proyectadas en 1885, se elevan a 111,99 metros de altura y permiten la visualizaci\u00f3n de las mismas desde gran distancia tal cual lo preve\u00eda el proyecto original del Ingeniero Benoit, &#8220;Desde la cofa de los buques de ultramar&#8221;.  <\/p>\n\n\n\n<p>En el a\u00f1o 1999 en que se finalizaron las obras con la terminaci\u00f3n de sus dos torres. Tiene 7.000 metros cuadrados de superficie, mide 120 metros de altura y 76 m de ancho. Consta de nueve torres. Vista de frente, la torre mayor de la derecha representa a la Virgen Mar\u00eda, all\u00ed se encuentra el campanario; la de la izquierda representa a Jesucristo. Un aspecto deslumbrante es el vitral del roset\u00f3n en la ojiva central. Funciona en su interior un museo con servicio de visitas guiadas y un ascensor que permite acceder a una vista panor\u00e1mica de la ciudad y a observar detalles del edificio. Funciona all\u00ed una confiter\u00eda.<\/p>\n\n\n\n<hr class=\"wp-block-separator is-style-wide\"\/>\n\n\n\n<p id=\"obito\" style=\"font-size:30px;text-align:center\"><strong> Cementerio <\/strong><\/p>\n\n\n\n<div class=\"wp-block-image\"><figure class=\"aligncenter\"><img loading=\"lazy\" decoding=\"async\" width=\"800\" height=\"616\" src=\"http:\/\/www.laplatamagica.com.ar\/wp-content\/uploads\/2019\/10\/cementerio11.jpg\" alt=\"Cementerio de la ciudad de La Plata en Argentina.\" class=\"wp-image-4088\" srcset=\"https:\/\/laplatamagica.ar\/wp-content\/uploads\/2019\/10\/cementerio11.jpg 800w, https:\/\/laplatamagica.ar\/wp-content\/uploads\/2019\/10\/cementerio11-300x231.jpg 300w, https:\/\/laplatamagica.ar\/wp-content\/uploads\/2019\/10\/cementerio11-768x591.jpg 768w\" sizes=\"auto, (max-width: 800px) 85vw, 800px\" \/><figcaption><strong>Calle 131 y 72.<\/strong><\/figcaption><\/figure><\/div>\n\n\n\n<p>Se destino para el cementerio un sector en el sur de la ciudad en el extremo de la diagonal 74.<\/p>\n\n\n\n<p>Sus planos fueron aprobados en octubre de 1884 y quedo librado al p\u00fablico en enero de 1887, fecha en la que tambi\u00e9n se clausur\u00f3 el cementerio de Tolosa. Le corresponde el dise\u00f1o al ingeniero Pedro Benoit, quien replic\u00f3 en el trazado de la necr\u00f3polis las caracter\u00edsticas de la ciudad de La Plata: calles ortogonales, diagonales, plazas y plazoletas y  se realizan visitas tur\u00edsticas. <\/p>\n\n\n\n<p>Se destaca el p\u00f3rtico de acceso proyectado por Pedro Benoit de estilo neocl\u00e1sico con columnas d\u00f3ricas y frontis.  En el sector de avenida 72 se ubica el cementerio israelita.<\/p>\n\n\n\n<hr class=\"wp-block-separator is-style-wide\"\/>\n\n\n\n<p id=\"autoridad\" style=\"font-size:30px;text-align:center\"><strong> Departamento de Polic\u00eda <\/strong><\/p>\n\n\n\n<div class=\"wp-block-image\"><figure class=\"aligncenter\"><img loading=\"lazy\" decoding=\"async\" width=\"800\" height=\"600\" src=\"http:\/\/www.laplatamagica.com.ar\/wp-content\/uploads\/2019\/10\/jefatura.jpg\" alt=\"Jefatura de Polic\u00eda La Plata \" class=\"wp-image-4092\" srcset=\"https:\/\/laplatamagica.ar\/wp-content\/uploads\/2019\/10\/jefatura.jpg 800w, https:\/\/laplatamagica.ar\/wp-content\/uploads\/2019\/10\/jefatura-300x225.jpg 300w, https:\/\/laplatamagica.ar\/wp-content\/uploads\/2019\/10\/jefatura-768x576.jpg 768w\" sizes=\"auto, (max-width: 800px) 85vw, 800px\" \/><figcaption><strong>Ubicado en la calle 2 entre 51 y 53.<\/strong><\/figcaption><\/figure><\/div>\n\n\n\n<p>Fue uno del los edificios fundacionales. Proyectados por el Ing. Pedro Benoit, la construcci\u00f3n se inici\u00f3 en 1883.<\/p>\n\n\n\n<p>Estaba dividido en tres partes: Departamento de Polic\u00eda, C\u00e1rcel de Detenidos y Cuartel de Bomberos.<\/p>\n\n\n\n<p>Posteriormente fue ampliado el sector sobre calle 2, agreg\u00e1ndose el piso superior. Actualmente el Cuartel de Bomberos fue trasladado.<\/p>\n\n\n\n<hr class=\"wp-block-separator is-style-wide\"\/>\n\n\n\n<p id=\"colegio\" style=\"font-size:30px;text-align:center\"><strong> Direcci\u00f3n General de Escuelas y Cultura <\/strong><\/p>\n\n\n\n<div class=\"wp-block-image\"><figure class=\"aligncenter\"><img loading=\"lazy\" decoding=\"async\" width=\"800\" height=\"472\" src=\"http:\/\/www.laplatamagica.com.ar\/wp-content\/uploads\/2019\/10\/educaci\u00f3n.jpg\" alt=\"Ministerio de Educaci\u00f3n www.laplatamagica.com.ar \" class=\"wp-image-4097\" srcset=\"https:\/\/laplatamagica.ar\/wp-content\/uploads\/2019\/10\/educaci\u00f3n.jpg 800w, https:\/\/laplatamagica.ar\/wp-content\/uploads\/2019\/10\/educaci\u00f3n-300x177.jpg 300w, https:\/\/laplatamagica.ar\/wp-content\/uploads\/2019\/10\/educaci\u00f3n-768x453.jpg 768w\" sizes=\"auto, (max-width: 800px) 85vw, 800px\" \/><figcaption><br><strong>Calle 13 entre 56 y 57 <\/strong><\/figcaption><\/figure><\/div>\n\n\n\n<p>El proyecto pertenece al arquitecto argentino Carlos Altgelt, quien se hab\u00eda formado en la Real Academia de Berl\u00edn especializ\u00e1ndose en arquitectura escolar.<\/p>\n\n\n\n<p>La piedra fundamental fue colocada el 30 de noviembre de 1883. A su inauguraci\u00f3n asisti\u00f3 Sarmiento, entusiasta defensor de la arquitectura cl\u00e1sica, quien expres\u00f3 que la Direcci\u00f3n General de Escuelas y Cultura era el mejor monumento levantado a la educaci\u00f3n en Am\u00e9rica.<\/p>\n\n\n\n<p>El edificio, declarado Monumento Hist\u00f3rico Nacional, est\u00e1 resuelto en base a un esquema academicista, con elementos ornamentales de origen diverso.<\/p>\n\n\n\n<hr class=\"wp-block-separator is-style-wide\"\/>\n\n\n\n<p id=\"ferroca\" style=\"font-size:30px;text-align:center\"><strong> Estaci\u00f3n de Ferrocarril <\/strong><\/p>\n\n\n\n<div class=\"wp-block-image\"><figure class=\"aligncenter\"><img loading=\"lazy\" decoding=\"async\" width=\"800\" height=\"563\" src=\"http:\/\/www.laplatamagica.com.ar\/wp-content\/uploads\/2019\/10\/ferrocarril.jpg\" alt=\"Estaci\u00f3n ferroviaria de la ciudad de La Plata. www.laplatamagica.com.ar\" class=\"wp-image-4103\" srcset=\"https:\/\/laplatamagica.ar\/wp-content\/uploads\/2019\/10\/ferrocarril.jpg 800w, https:\/\/laplatamagica.ar\/wp-content\/uploads\/2019\/10\/ferrocarril-300x211.jpg 300w, https:\/\/laplatamagica.ar\/wp-content\/uploads\/2019\/10\/ferrocarril-768x540.jpg 768w\" sizes=\"auto, (max-width: 800px) 85vw, 800px\" \/><figcaption><strong>Calle 1 y 44.<\/strong><\/figcaption><\/figure><\/div>\n\n\n\n<p>Ante los inconvenientes que causaba la llegada del tren a la primitiva estaci\u00f3n (hoy Pasaje Dardo Rocha), se resolvi\u00f3 su traslado a una zona m\u00e1s alejada.<\/p>\n\n\n\n<p>As\u00ed se opt\u00f3 por el actual emplazamiento, los actores del proyecto que data de 1903 fueron los arquitectos Louis Newbery Thomas y Paul Bell Chambers.<\/p>\n\n\n\n<p>Newbery Thomas era estadounidense y estaba en la Argentina de 1887, en tanto Chambers era oriundo de Inglaterra.<\/p>\n\n\n\n<p>Este edifico de la estaci\u00f3n re\u00fane elementos cl\u00e1sicos y del Art Nouveau. Pose\u00eda originalmente ornamentaciones acordes a las corrientes de la \u00e9poca que fueron retiradas posteriormente. La construcci\u00f3n se inici\u00f3 en 1904 y el edificio fue inaugurado en 1906.<\/p>\n\n\n\n<p>Se destacan la c\u00fapula con revestimiento de may\u00f3lica y las marquesinas de hierro de los accesos por avenida 1.<\/p>\n\n\n\n<hr class=\"wp-block-separator is-style-wide\"\/>\n\n\n\n<p id=\"equinos\" style=\"font-size:30px;text-align:center\"><strong> Hip\u00f3dromo <\/strong><\/p>\n\n\n\n<div class=\"wp-block-image\"><figure class=\"aligncenter\"><img loading=\"lazy\" decoding=\"async\" width=\"800\" height=\"533\" src=\"http:\/\/www.laplatamagica.com.ar\/wp-content\/uploads\/2019\/10\/hipodromo.jpg\" alt=\"Hip\u00f3dromo de la Ciudad de La Plata Argentina - La Plata m\u00e1gica.\" class=\"wp-image-4107\" srcset=\"https:\/\/laplatamagica.ar\/wp-content\/uploads\/2019\/10\/hipodromo.jpg 800w, https:\/\/laplatamagica.ar\/wp-content\/uploads\/2019\/10\/hipodromo-300x200.jpg 300w, https:\/\/laplatamagica.ar\/wp-content\/uploads\/2019\/10\/hipodromo-768x512.jpg 768w\" sizes=\"auto, (max-width: 800px) 85vw, 800px\" \/><\/figure><\/div>\n\n\n\n<p>En diciembre de 1882, el Dr. Dardo Rocha firma un decreto por el cual se crea una comisi\u00f3n, presidida por Santiago Luro, encargada de planificar e instalar un circo de carrera.<\/p>\n\n\n\n<p>El Ing. espa\u00f1ol Joaqu\u00edn Mosqueda proyect\u00f3 las instalaciones que fueron inauguradas en 1884. Entre 1927 y 1930 permaneci\u00f3 cerrado, iniciando luego un periodo de gran impulso en el que nuevas construcciones, proyectadas por el Ing Julio A. Barrios reemplazaron a las anteriores.<\/p>\n\n\n\n<p>En 1964 se inaugur\u00f3 el sistema de  iluminaci\u00f3n que permiti\u00f3, por primera vez en el pa\u00eds, la realizaci\u00f3n de carreras nocturnas.<\/p>\n\n\n\n<hr class=\"wp-block-separator is-style-wide\"\/>\n\n\n\n<p id=\"iglesia01\" style=\"font-size:30px;text-align:center\"><strong> Iglesia San Ponciano <\/strong><\/p>\n\n\n\n<div class=\"wp-block-image\"><figure class=\"aligncenter\"><img loading=\"lazy\" decoding=\"async\" width=\"800\" height=\"675\" src=\"http:\/\/www.laplatamagica.com.ar\/wp-content\/uploads\/2019\/10\/San-ponciano02.jpg\" alt=\"Iglesia de San Ponciano La Plata Argentina.\" class=\"wp-image-4111\" srcset=\"https:\/\/laplatamagica.ar\/wp-content\/uploads\/2019\/10\/San-ponciano02.jpg 800w, https:\/\/laplatamagica.ar\/wp-content\/uploads\/2019\/10\/San-ponciano02-300x253.jpg 300w, https:\/\/laplatamagica.ar\/wp-content\/uploads\/2019\/10\/San-ponciano02-768x648.jpg 768w\" sizes=\"auto, (max-width: 800px) 85vw, 800px\" \/><figcaption> <br><strong>Calle 48 entre 5 y Diagonal 80.<\/strong><\/figcaption><\/figure><\/div>\n\n\n\n<p>Esta iglesia la primera construida en La Plata tiene su origen el 12 de abril de 1883, cuando fueron aprobados los planos realizados por Pedro Benoit para la construcci\u00f3n de una capilla.<\/p>\n\n\n\n<p>El 12 de junio de ese a\u00f1o fue colocada la piedra fundamental con el padrinazgo de Dardo Rocha y Paula Arana, su esposa.<\/p>\n\n\n\n<p>Las obras se iniciaron en julio; el 16 de noviembre un decreto erig\u00eda la capilla en parroquia, con jurisdicci\u00f3n en todo el ejido de la capital provincial, y el 19 de noviembre, coincidiendo con el primer aniversario de la ciudad, la capilla fue bendecida y se celebro el primer tedeum en La Plata.<\/p>\n\n\n\n<p>Inicialmente ten\u00eda una sola nave; en 1885 fu\u00e9 construida la torre y se coloc\u00f3 el reloj. En el a\u00f1o 1889, dado que su capacidad era insuficiente, fue ampliada con el agregado de dos naves laterales.<\/p>\n\n\n\n<p>El exterior de este edificio se caracteriza por su ornamentaci\u00f3n de estilo neog\u00f3tico. Los vitrales de la puerta de acceso, que representan escenas de la vida de Jes\u00fas y las figuras de los ap\u00f3stoles, son de la firma Theo Mayr Rohrerhohe, de Coblenza.<\/p>\n\n\n\n<p>En su interior, sobre el lado derecho de la iglesia, se encuentra el camar\u00edn de la Virgen de Luj\u00e1n, donado en 1904 por Monse\u00f1or Juan N. Terrero, segundo obispo de La Plata. Este camar\u00edn es de estilo barroco con planta el\u00edptica, c\u00fapula y con profusi\u00f3n del dorado en su ornamentaci\u00f3n.<\/p>\n\n\n\n<hr class=\"wp-block-separator is-style-wide\"\/>\n\n\n\n<p id=\"ministe\" style=\"font-size:30px;text-align:center\"><strong> Ministerio de Econom\u00eda <\/strong><\/p>\n\n\n\n<div class=\"wp-block-image\"><figure class=\"aligncenter\"><img loading=\"lazy\" decoding=\"async\" width=\"800\" height=\"600\" src=\"http:\/\/www.laplatamagica.com.ar\/wp-content\/uploads\/2019\/10\/Ministerio-economia.jpg\" alt=\"Ministerio de Economia de la Provincia de Buenos Aires. La Plata Argentina.\" class=\"wp-image-4113\" srcset=\"https:\/\/laplatamagica.ar\/wp-content\/uploads\/2019\/10\/Ministerio-economia.jpg 800w, https:\/\/laplatamagica.ar\/wp-content\/uploads\/2019\/10\/Ministerio-economia-300x225.jpg 300w, https:\/\/laplatamagica.ar\/wp-content\/uploads\/2019\/10\/Ministerio-economia-768x576.jpg 768w\" sizes=\"auto, (max-width: 800px) 85vw, 800px\" \/><figcaption><strong>Entre Calle 7, 8 entre 45 y 46.<\/strong><\/figcaption><\/figure><\/div>\n\n\n\n<p>El primer edificio del Ministerio de Hacienda, cuyas obras se iniciaron en 1883, hab\u00eda sido proyectado por Pedro Benoit e inclu\u00eda la residencia de Ministro sobre el sector de calle 8.<\/p>\n\n\n\n<p>Mientras se finalizaban las obras de la Casa de Gobierno, una secci\u00f3n del Ministerio fue utilizada como despacho del Gobernador.<\/p>\n\n\n\n<p>El edificio original fue ampliado en 1939, ocupando los jardines circundantes, que es como se aprecia hoy.<\/p>\n\n\n\n<p>Es esta oportunidad, el proyecto estuvo a cargo del Arq. Reynaldo Rivas y el Ing. Carlos Terradas, quienes pertenec\u00edan a la Direcci\u00f3n de Arquitectura del Ministerio de Obras P\u00fablicas.<\/p>\n\n\n\n<hr class=\"wp-block-separator is-style-wide\"\/>\n\n\n\n<p style=\"font-size:25px;text-align:center\"><strong><a href=\"http:\/\/www.laplatamagica.com.ar\/?page_id=4115\">Ver m\u00e1s edificios p\u00fablicos<\/a><\/strong><\/p>\n\n\n\n<p style=\"font-size:25px;text-align:center\"><strong><a href=\"http:\/\/www.laplatamagica.com.ar\/?page_id=4212#comollegar\">Como ubicarse en La Plata<\/a><\/strong><\/p>\n\n\n\n<p style=\"font-size:25px;text-align:center\"><strong><a href=\"http:\/\/www.laplatamagica.com.ar\/?page_id=4212\">Mapa de La Plata<\/a><\/strong><\/p>\n\n\n\n<p style=\"text-align:center\" class=\"has-medium-font-size\"><strong><a href=\"http:\/\/www.laplatamagica.com.ar\/?page_id=4178\">Profesionales que intervinieron trabajos de la fundaci\u00f3n<\/a><\/strong><\/p>\n","protected":false},"excerpt":{"rendered":"<p>El paisaje de nuestra ciudad y sus edificios fundacionales que lo caracterizan, entendidos como espacios de representaci\u00f3n del orden gubernamental en un medio en formaci\u00f3n, llegar\u00e1n a ser materializados a trav\u00e9s del significativo aporte inmigratorio. El Eje C\u00edvico tambi\u00e9n conocido como Eje Fundacional o Eje Monumental de La Plata es un conjunto de edificios p\u00fablicos &hellip; <a href=\"https:\/\/laplatamagica.ar\/?page_id=4060\" class=\"more-link\">Continuar leyendo<span class=\"screen-reader-text\"> &#8220;Descripci\u00f3n de edificios p\u00fablicos&#8221;<\/span><\/a><\/p>\n","protected":false},"author":1,"featured_media":0,"parent":0,"menu_order":0,"comment_status":"closed","ping_status":"closed","template":"","meta":{"switch_pages_title":"","h5ap_radio_sources":[],"footnotes":""},"class_list":["post-4060","page","type-page","status-publish","hentry"],"_links":{"self":[{"href":"https:\/\/laplatamagica.ar\/index.php?rest_route=\/wp\/v2\/pages\/4060","targetHints":{"allow":["GET"]}}],"collection":[{"href":"https:\/\/laplatamagica.ar\/index.php?rest_route=\/wp\/v2\/pages"}],"about":[{"href":"https:\/\/laplatamagica.ar\/index.php?rest_route=\/wp\/v2\/types\/page"}],"author":[{"embeddable":true,"href":"https:\/\/laplatamagica.ar\/index.php?rest_route=\/wp\/v2\/users\/1"}],"replies":[{"embeddable":true,"href":"https:\/\/laplatamagica.ar\/index.php?rest_route=%2Fwp%2Fv2%2Fcomments&post=4060"}],"version-history":[{"count":0,"href":"https:\/\/laplatamagica.ar\/index.php?rest_route=\/wp\/v2\/pages\/4060\/revisions"}],"wp:attachment":[{"href":"https:\/\/laplatamagica.ar\/index.php?rest_route=%2Fwp%2Fv2%2Fmedia&parent=4060"}],"curies":[{"name":"wp","href":"https:\/\/api.w.org\/{rel}","templated":true}]}}