{"id":4115,"date":"2019-10-16T15:55:02","date_gmt":"2019-10-16T18:55:02","guid":{"rendered":"http:\/\/www.laplatamagica.com.ar\/?page_id=4115"},"modified":"2022-07-05T18:03:04","modified_gmt":"2022-07-05T21:03:04","slug":"descripcion-de-edificios-publicos-2","status":"publish","type":"page","link":"https:\/\/laplatamagica.ar\/?page_id=4115","title":{"rendered":"Descripci\u00f3n de edificios p\u00fablicos 2"},"content":{"rendered":"\n<ul class=\"wp-block-list\"><li><strong><a href=\"#saludos\">Ministerio de Salud<\/a><\/strong><\/li><li><strong><a href=\"#ciencias02\">Museo de Ciencias Naturales o Museo de La Plata<\/a><\/strong><\/li><li><strong><a href=\"#observa\">Observatorio Astron\u00f3mico<\/a><\/strong><\/li><li><strong><a href=\"#curas\">Palacio D\u00b4Amico o Curia Eclesi\u00e1stica<\/a><\/strong><\/li><li><strong><a href=\"#justas\">Palacio de Justicia<\/a><\/strong><\/li><li><strong><a href=\"#legisla\">Palacio de la Legislatura Provincial<\/a><\/strong><\/li><li><strong><a href=\"#conceja\">Palacio Municipalidad de La Plata<\/a><\/strong><\/li><li><strong><a href=\"#pasaje\">Pasaje Dardo Rocha<\/a><\/strong><\/li><li><strong><a href=\"#fueros\">Poder Judicial Fuero Penal ex Direcci\u00f3n de Vialidad<\/a><\/strong><\/li><li><strong><a href=\"#teatros\">Teatro Argentino<\/a><\/strong><\/li><li><strong><a href=\"#coliseo\">Teatro Coliseo Podest\u00e1<\/a><\/strong><\/li><li><strong><a href=\"#universo\">Universidad Nacional de La Plata<\/a><\/strong><\/li><\/ul>\n\n\n\n<hr class=\"wp-block-separator has-css-opacity\"\/>\n\n\n\n<hr class=\"wp-block-separator has-css-opacity is-style-wide\"\/>\n\n\n\n<p id=\"saludos\" style=\"font-size:30px;text-align:center\"><strong> Ministerio de Salud <\/strong><\/p>\n\n\n<div class=\"wp-block-image\">\n<figure class=\"aligncenter\"><img loading=\"lazy\" decoding=\"async\" width=\"800\" height=\"488\" src=\"http:\/\/www.laplatamagica.com.ar\/wp-content\/uploads\/2019\/10\/ministeriodesalud.jpg\" alt=\"Ministerio de Salud ciudad de La Plata - Argentina. \" class=\"wp-image-4123\" srcset=\"https:\/\/laplatamagica.ar\/wp-content\/uploads\/2019\/10\/ministeriodesalud.jpg 800w, https:\/\/laplatamagica.ar\/wp-content\/uploads\/2019\/10\/ministeriodesalud-300x183.jpg 300w, https:\/\/laplatamagica.ar\/wp-content\/uploads\/2019\/10\/ministeriodesalud-768x468.jpg 768w\" sizes=\"auto, (max-width: 800px) 85vw, 800px\" \/><figcaption> <br><strong>Calle 51 entre 17 y 18. <\/strong><\/figcaption><\/figure>\n<\/div>\n\n\n<p>El edificio fue construido en 1886, con destino de Monte de Piedad.<\/p>\n\n\n\n<p>Entre 1892 y 1905 funcion\u00f3 aqu\u00ed el Colegio Provincial de Instrucci\u00f3n Secundaria, antecesor del actual Colegi\u00f3 Nacional.<\/p>\n\n\n\n<p>Al ser trasladado este, ocup\u00f3 el edificio la Direcci\u00f3n de Salubridad, que luego pas\u00f3 a ser Ministerio de Salud P\u00fablica destino que hasta hoy mantiene.<\/p>\n\n\n\n<hr class=\"wp-block-separator has-css-opacity is-style-wide\"\/>\n\n\n\n<p id=\"ciencias02\" style=\"font-size:30px;text-align:center\"><strong> Museo de Ciencias Naturales o Museo de La Plata <\/strong><\/p>\n\n\n<div class=\"wp-block-image\">\n<figure class=\"aligncenter\"><img loading=\"lazy\" decoding=\"async\" width=\"800\" height=\"600\" src=\"http:\/\/www.laplatamagica.com.ar\/wp-content\/uploads\/2019\/10\/Museo-de-La-Plata.jpg\" alt=\"Museo de Ciencias Naturales Paseo del Bosque La Plata Argentina.\" class=\"wp-image-4126\" srcset=\"https:\/\/laplatamagica.ar\/wp-content\/uploads\/2019\/10\/Museo-de-La-Plata.jpg 800w, https:\/\/laplatamagica.ar\/wp-content\/uploads\/2019\/10\/Museo-de-La-Plata-300x225.jpg 300w, https:\/\/laplatamagica.ar\/wp-content\/uploads\/2019\/10\/Museo-de-La-Plata-768x576.jpg 768w\" sizes=\"auto, (max-width: 800px) 85vw, 800px\" \/><figcaption> <br><strong>Paseo del Bosque .<\/strong><\/figcaption><\/figure>\n<\/div>\n\n\n<p>Es el m\u00e1s importante en Sudamerica, y a nivel mundial es el&nbsp;cuarto&nbsp;en el mundo, y se encuentra en lo que se conoce como Paseo del Bosque.<\/p>\n\n\n\n<p>Este Museo de Ciencias Naturales que se origin\u00f3 a partir de la colecci\u00f3n particular de Francisco Pascacio Moreno. Con estas piezas, que el naturalista comenz\u00f3 a coleccionar desde muy joven y con las posteriormente recolect\u00f3 en la laguna Vitel y en la Patagonia, cre\u00f3 un museo que se encontraba en una quinta propiedad de su familia, ubicada en lo que hoy es el Instituto Bernasconi de la Capital Federal.<\/p>\n\n\n\n<p>En 1887 don\u00f3 estas piezas a la Provincia de Buenos Aires, ya como Museo Antropol\u00f3gico y Arqueol\u00f3gico.El edificio combina elementos neocl\u00e1sicos y barrocos con motivos ornamentales tomado de culturas americanas precolombinas.<\/p>\n\n\n\n<p>El p\u00f3rtico de acceso neocl\u00e1sico muestra un frontis sostenido por seis columnas corintias y flanqueando la escalinata est\u00e1 representado el Smilod\u00f3n, tigre pampeano de grandes caninos, extinguido diez mil a\u00f1os atr\u00e1s.<\/p>\n\n\n\n<p>Sobre la fachada principal se hallan los bustos de hombres mundialmente destacados en el campo de las ciencias naturales. Estos bustos y el grupo escult\u00f3rico fueron realizados por el artista V\u00edctor De Pol.<\/p>\n\n\n\n<figure class=\"wp-block-image size-full\"><img loading=\"lazy\" decoding=\"async\" width=\"976\" height=\"480\" src=\"https:\/\/laplatamagica.ar\/wp-content\/uploads\/2022\/07\/meda03.jpg\" alt=\"\" class=\"wp-image-10930\" srcset=\"https:\/\/laplatamagica.ar\/wp-content\/uploads\/2022\/07\/meda03.jpg 976w, https:\/\/laplatamagica.ar\/wp-content\/uploads\/2022\/07\/meda03-300x148.jpg 300w, https:\/\/laplatamagica.ar\/wp-content\/uploads\/2022\/07\/meda03-768x378.jpg 768w\" sizes=\"auto, (max-width: 709px) 85vw, (max-width: 909px) 67vw, (max-width: 1362px) 62vw, 840px\" \/><figcaption>Centenario del Museo<\/figcaption><\/figure>\n\n\n\n<p>Al ingresar el hall de planta circular y doble altura puede verse el busto de Francisco P. Moreno y varios murales realizados por artistas argentinos como Speroni, Coutaret y Gi\u00fadice entre otros.<\/p>\n\n\n\n<hr class=\"wp-block-separator has-css-opacity is-style-wide\"\/>\n\n\n\n<p id=\"observa\" style=\"font-size:30px;text-align:center\"><strong> Observatorio Astron\u00f3mico <\/strong><\/p>\n\n\n<div class=\"wp-block-image\">\n<figure class=\"aligncenter\"><img loading=\"lazy\" decoding=\"async\" width=\"631\" height=\"800\" src=\"http:\/\/www.laplatamagica.com.ar\/wp-content\/uploads\/2019\/10\/Observatorio-3.jpg\" alt=\" Paseo del Bosque, avenida 52 y 118 .Observatorio Astronomico La Plata Argentina.\" class=\"wp-image-4131\" srcset=\"https:\/\/laplatamagica.ar\/wp-content\/uploads\/2019\/10\/Observatorio-3.jpg 631w, https:\/\/laplatamagica.ar\/wp-content\/uploads\/2019\/10\/Observatorio-3-237x300.jpg 237w\" sizes=\"auto, (max-width: 631px) 85vw, 631px\" \/><figcaption><strong> Paseo del Bosque, avenida 52 y 118 .<\/strong><\/figcaption><\/figure>\n<\/div>\n\n\n<p>La iniciativa del Dr. Dardo Rocha y un acontecimiento astron\u00f3mico poco frecuente, que ocurriera por \u00faltima vez en 1882, est\u00e1 vinculada a la creaci\u00f3n del Observatorio Astron\u00f3mico.<\/p>\n\n\n\n<p>Por ley del 18 de octubre de 1882 se ordeno su construcci\u00f3n, la que comenz\u00f3 en noviembre del siguiente a\u00f1o en que tambi\u00e9n se designa al marino franc\u00e9s y director del observatorio Naval de Tol\u00f3n , Francisco Beuf, como director del Observatorio Astron\u00f3mico de La Plata.<\/p>\n\n\n\n<p>Su inauguraci\u00f3n se produjo en 1884.<\/p>\n\n\n\n<p>A partir de entonces y en el transcurso de los a\u00f1os se lo fue dotando de mas instrumental.<\/p>\n\n\n\n<p>En 1905 el Dr. Joaqu\u00edn V. Gonz\u00e1lez gestaba la creaci\u00f3n de la Universidad Nacional de La Plata y el Observatorio astron\u00f3mico pas\u00f3 a integrar la nueva universidad.<\/p>\n\n\n\n<hr class=\"wp-block-separator has-css-opacity is-style-wide\"\/>\n\n\n\n<p id=\"curas\" style=\"font-size:30px;text-align:center\"><strong> Palacio D\u00b4Amico o Curia Eclesi\u00e1stica <\/strong><\/p>\n\n\n<div class=\"wp-block-image\">\n<figure class=\"aligncenter\"><img loading=\"lazy\" decoding=\"async\" width=\"800\" height=\"621\" src=\"http:\/\/www.laplatamagica.com.ar\/wp-content\/uploads\/2019\/10\/Curia-1.jpg\" alt=\"Curia Eclisi\u00e1stica La Plata Argentina.\" class=\"wp-image-4135\" srcset=\"https:\/\/laplatamagica.ar\/wp-content\/uploads\/2019\/10\/Curia-1.jpg 800w, https:\/\/laplatamagica.ar\/wp-content\/uploads\/2019\/10\/Curia-1-300x233.jpg 300w, https:\/\/laplatamagica.ar\/wp-content\/uploads\/2019\/10\/Curia-1-768x596.jpg 768w\" sizes=\"auto, (max-width: 800px) 85vw, 800px\" \/><figcaption> <br><strong> Calle 14 entre 53 y 54. <\/strong><\/figcaption><\/figure>\n<\/div>\n\n\n<p>Perteneci\u00f3 originalmente al Dr. Carlos D\u00b4Amico, Ministro de Gobierno de Dardo Rocha y luego Gobernador provincial, fue proyectado por el Arquitecto Rocchi, el edificio, sede de importantes acontecimientos sociales de la \u00e9poca, estaba decorado con tapices de Persia, muebles de \u00e9bano, estatuas de bronce y m\u00e1rmol,&nbsp;Bajorrelieves y pinturas.<\/p>\n\n\n\n<p>Adem\u00e1s de contar en sus jardines con una gruta, pajareras, front\u00f3n y cocheras. Su vida como residencia particular no pas\u00f3 los dos a\u00f1os y medio, ya que el Dr. D\u00b4Amico debi\u00f3 dejar el pa\u00eds por razones pol\u00edticas. En 1905 el Arzobispado de La Plata, a trav\u00e9s de Monse\u00f1or Terrero, adquiri\u00f3 el palacio en remate p\u00fablico.<\/p>\n\n\n\n<hr class=\"wp-block-separator has-css-opacity is-style-wide\"\/>\n\n\n\n<p id=\"justas\" style=\"font-size:30px;text-align:center\"><strong> Palacio de Justicia <\/strong><\/p>\n\n\n<div class=\"wp-block-image\">\n<figure class=\"aligncenter\"><img loading=\"lazy\" decoding=\"async\" width=\"800\" height=\"600\" src=\"http:\/\/www.laplatamagica.com.ar\/wp-content\/uploads\/2019\/10\/justicia.jpg\" alt=\"Palacio de Justicia ciudad de La Plata Argentina.\" class=\"wp-image-4140\" srcset=\"https:\/\/laplatamagica.ar\/wp-content\/uploads\/2019\/10\/justicia.jpg 800w, https:\/\/laplatamagica.ar\/wp-content\/uploads\/2019\/10\/justicia-300x225.jpg 300w, https:\/\/laplatamagica.ar\/wp-content\/uploads\/2019\/10\/justicia-768x576.jpg 768w\" sizes=\"auto, (max-width: 800px) 85vw, 800px\" \/><figcaption> <br><strong>Calle 13 entre 47 y 48. <\/strong><\/figcaption><\/figure>\n<\/div>\n\n\n<p>El autor de la construcci\u00f3n es el arquitecto Adolfo Bultner y se caracteriza por un severo estilo cl\u00e1sico.<\/p>\n\n\n\n<p>La Suprema Corte de Justicia de la Provincia de Buenos Aires y los juzgados civiles y comerciales funcionan en este edificio.<\/p>\n\n\n\n<p>En su interior se destaca el Sal\u00f3n de audiencias, donde los magistrados prestan juramento y el Sal\u00f3n de Acuerdos de Verano, con ornamentaci\u00f3n y mobiliario original, esta sala esta emplazada en el centro de la planta alta.<\/p>\n\n\n\n<p>Originariamente cumpli\u00f3 las funciones antes se\u00f1aladas y actualmente se utiliza como Sala para reuniones especiales de la Suprema Corte.<\/p>\n\n\n\n<hr class=\"wp-block-separator has-css-opacity is-style-wide\"\/>\n\n\n\n<p id=\"legisla\" style=\"font-size:30px;text-align:center\"><strong> Palacio de la Legislatura Provincial <\/strong><\/p>\n\n\n<div class=\"wp-block-image\">\n<figure class=\"aligncenter\"><img loading=\"lazy\" decoding=\"async\" width=\"800\" height=\"453\" src=\"http:\/\/www.laplatamagica.com.ar\/wp-content\/uploads\/2019\/10\/legislatura3.jpg\" alt=\"Palacio de la Legislatura Provincial - Ciudad de La plata Argentina.\" class=\"wp-image-4145\" srcset=\"https:\/\/laplatamagica.ar\/wp-content\/uploads\/2019\/10\/legislatura3.jpg 800w, https:\/\/laplatamagica.ar\/wp-content\/uploads\/2019\/10\/legislatura3-300x170.jpg 300w, https:\/\/laplatamagica.ar\/wp-content\/uploads\/2019\/10\/legislatura3-768x435.jpg 768w\" sizes=\"auto, (max-width: 800px) 85vw, 800px\" \/><figcaption> <br><strong>Calle 7 entre 51 y 53. <\/strong><\/figcaption><\/figure>\n<\/div>\n\n\n<p>Este hermoso edificio se encuentra en la manzana correspondiente a las calles 7 y 8, 51 y 53, es uno de los ganadores del Concurso Internacional de Proyectos convocados por el gobierno provincial en 1881.<\/p>\n\n\n\n<p>Los arquitectos alemanes Gustav Heine y Gorge Hagerman de Hanover fueron los autores. La construcci\u00f3n de estilo cl\u00e1sico con elementos del renacimiento alem\u00e1n, se inici\u00f3 bajo la direcci\u00f3n del arquitecto Carlos Nordman.<\/p>\n\n\n\n<p>En sus tres entradas, sobre sus entablamientos j\u00f3nicos, presenta grupos escult\u00f3ricos que simbolizan: El Derecho sobre la avenida 7, la Constituci\u00f3n avenida 51 y la Gloria avenida 53.<\/p>\n\n\n\n<p>Sus tres fachadas est\u00e1n adornadas con altorrelieves que muestran la historia y la riqueza de nuestra patria.<\/p>\n\n\n\n<p>Estas obras pertenecen al artista veneciano V\u00edctor del Pol. En el hall del edificio, una escalera de m\u00e1rmol lleva a los palcos de los recintos. Los dos accesos para legisladores llevan al Sal\u00f3n de los Pasos Perdidos.<\/p>\n\n\n\n<hr class=\"wp-block-separator has-css-opacity is-style-wide\"\/>\n\n\n\n<p id=\"conceja\" style=\"font-size:30px;text-align:center\"><strong> Palacio Municipal <\/strong><\/p>\n\n\n<div class=\"wp-block-image\">\n<figure class=\"aligncenter\"><img loading=\"lazy\" decoding=\"async\" width=\"800\" height=\"600\" src=\"http:\/\/www.laplatamagica.com.ar\/wp-content\/uploads\/2019\/10\/Municipalidad-01.jpg\" alt=\"Palacio Municipal Ciudad de La Plata Argentina.\" class=\"wp-image-4148\" srcset=\"https:\/\/laplatamagica.ar\/wp-content\/uploads\/2019\/10\/Municipalidad-01.jpg 800w, https:\/\/laplatamagica.ar\/wp-content\/uploads\/2019\/10\/Municipalidad-01-300x225.jpg 300w, https:\/\/laplatamagica.ar\/wp-content\/uploads\/2019\/10\/Municipalidad-01-768x576.jpg 768w\" sizes=\"auto, (max-width: 800px) 85vw, 800px\" \/><figcaption><strong>Calle 12 entre 51 y 53.<\/strong><\/figcaption><\/figure>\n<\/div>\n\n\n<p>El edificio ocupa una superficie de 14.400 m2. Posee la t\u00edpica torre con<br>un reloj que, originalmente se encontraba en la antigua estaci\u00f3n del<br>ferrocarril, hoy Pasaje Dardo Rocha. Hasta 1910, los jardines estaban<br>circundados por una reja. En su parte posterior hay una estatua de<br>bronce &#8220;El Le\u00f1ador&#8221;, obra de V\u00edctor de Pol. <\/p>\n\n\n\n<p>El Sal\u00f3n Dorado es el recinto de mayor inter\u00e9s del edificio, donde se celebran los actos de mayor importancia. La decoraci\u00f3n renacentista con elementos barrocos, combina elementos ornamentales alemanes y franceses, como la flor de liz, columnas estucadas con rostros guerreros, vitrales. <\/p>\n\n\n\n<p>Las ara\u00f1as de bronce (primeras ara\u00f1as el\u00e9ctricas llegadas a Sudam\u00e9rica) tienen el monograma y el escudo municipal ba\u00f1ados en oro 24 quilates. El piso est\u00e1 realizado en roble de Eslavonia.<\/p>\n\n\n\n<hr class=\"wp-block-separator has-css-opacity is-style-wide\"\/>\n\n\n\n<p id=\"pasaje\" style=\"font-size:30px;text-align:center\"><strong> Pasaje Dardo Rocha <\/strong><\/p>\n\n\n<div class=\"wp-block-image\">\n<figure class=\"aligncenter\"><img loading=\"lazy\" decoding=\"async\" width=\"800\" height=\"511\" src=\"http:\/\/www.laplatamagica.com.ar\/wp-content\/uploads\/2019\/10\/pasajedardorocha.jpg\" alt=\"Pasaje Dardo Rocha Ciudad de La Plata Argentina.\" class=\"wp-image-4152\" srcset=\"https:\/\/laplatamagica.ar\/wp-content\/uploads\/2019\/10\/pasajedardorocha.jpg 800w, https:\/\/laplatamagica.ar\/wp-content\/uploads\/2019\/10\/pasajedardorocha-300x192.jpg 300w, https:\/\/laplatamagica.ar\/wp-content\/uploads\/2019\/10\/pasajedardorocha-768x491.jpg 768w\" sizes=\"auto, (max-width: 800px) 85vw, 800px\" \/><figcaption><strong>Calle 50 entre 6 y 7.<\/strong><\/figcaption><\/figure>\n<\/div>\n\n\n<p>Ya en 1883 el Ferrocarril del Oeste empez\u00f3 a construir la estaci\u00f3n ferroviaria \u00ab19 de Noviembre\u00bb, dise\u00f1ada por el arquitecto italiano Francesco Pinaroli con un estilo ecl\u00e9ctico que combinaba elementos del neorrenacimiento italiano con una mansarda de fuerte influencia francesa. La estaci\u00f3n fue inaugurada reci\u00e9n el 30 de agosto de 1887, tras haber sufrido un gran incendio que dej\u00f3 al edificio sin mansarda durante sus primeras d\u00e9cadas, ya que luego del siniestro se decidi\u00f3 techarlo con una losa plana.\u200b<\/p>\n\n\n\n<p>Luego, el pasaje fue sede provisoria del Ministerio de Acci\u00f3n Social, de LS 11 Radio Provincia, de la Direcci\u00f3n de Tel\u00e9grafos, Asesor\u00eda Letrada, Ministerio de Trabajo y Archivo Hist\u00f3rico de la Provincia. <\/p>\n\n\n\n<p>En 1944 se estableci\u00f3 el Correo hasta que se mud\u00f3 a su nueva sede. Al quedar nuevamente vac\u00edo, el Pasaje fue ocupado para que cumpliera de manera alternada aquellas funciones para las que fue remodelado en 1928, cuando adquiri\u00f3 su aspecto de palacio franc\u00e9s.<\/p>\n\n\n\n<hr class=\"wp-block-separator has-css-opacity is-style-wide\"\/>\n\n\n\n<p id=\"fueros\" style=\"font-size:30px;text-align:center\"><strong> Poder Judicial Fuero Penal ex Direcci\u00f3n de Vialidad <\/strong><\/p>\n\n\n<div class=\"wp-block-image\">\n<figure class=\"aligncenter\"><img loading=\"lazy\" decoding=\"async\" width=\"800\" height=\"600\" src=\"http:\/\/www.laplatamagica.com.ar\/wp-content\/uploads\/2019\/10\/vialidad.jpg\" alt=\"Poder JUdicial Fuero Penal La Plata Argentina.  www.laplatamagica.com.ar\" class=\"wp-image-4157\" srcset=\"https:\/\/laplatamagica.ar\/wp-content\/uploads\/2019\/10\/vialidad.jpg 800w, https:\/\/laplatamagica.ar\/wp-content\/uploads\/2019\/10\/vialidad-300x225.jpg 300w, https:\/\/laplatamagica.ar\/wp-content\/uploads\/2019\/10\/vialidad-768x576.jpg 768w\" sizes=\"auto, (max-width: 800px) 85vw, 800px\" \/><figcaption> <br><strong>Calle 7 entre 56 y 57. <\/strong><\/figcaption><\/figure>\n<\/div>\n\n\n<p>Su construcci\u00f3n se inici\u00f3 en mayo de 1883 y en diciembre de ese a\u00f1o se habilit\u00f3 una de sus secciones, con que se transform\u00f3 en el primer edificio p\u00fablico habilitado en la ciudad.<\/p>\n\n\n\n<p>Fue proyectado por Pedro Benoit quien, luego de calcular la estructura met\u00e1lica que cubre el patio de este edifico, solicito que se le entregara el t\u00edtulo de arquitecto.<\/p>\n\n\n\n<p>Su fachada est\u00e1 compuesta en base a elementos de distintos estilos franceses y su interior se organiza a partir de un espacio central al que convergen varias alas de oficinas.<\/p>\n\n\n\n<p>Originalmente fue la sede del Departamento de Ingenieros. Al ser trasladados los poderes p\u00fablicos a La Plata en abril de 1884 el Poder Legislativo se instal\u00f3 provisoriamente en este edificio.<\/p>\n\n\n\n<hr class=\"wp-block-separator has-css-opacity is-style-wide\"\/>\n\n\n\n<p id=\"teatros\" style=\"font-size:30px;text-align:center\"><strong> Teatro Argentino <\/strong><\/p>\n\n\n<div class=\"wp-block-image\">\n<figure class=\"aligncenter\"><img loading=\"lazy\" decoding=\"async\" width=\"800\" height=\"599\" src=\"http:\/\/www.laplatamagica.com.ar\/wp-content\/uploads\/2019\/10\/elargentino.jpg\" alt=\"Teatro Argentino de La Plata Argentina.\" class=\"wp-image-4161\" srcset=\"https:\/\/laplatamagica.ar\/wp-content\/uploads\/2019\/10\/elargentino.jpg 800w, https:\/\/laplatamagica.ar\/wp-content\/uploads\/2019\/10\/elargentino-300x225.jpg 300w, https:\/\/laplatamagica.ar\/wp-content\/uploads\/2019\/10\/elargentino-768x575.jpg 768w\" sizes=\"auto, (max-width: 800px) 85vw, 800px\" \/><figcaption> <br><strong>Calles 51, 53, 9 y 10.<\/strong> <\/figcaption><\/figure>\n<\/div>\n\n\n<p>El teatro inaugurado en reemplazo del que se incendio en el a\u00f1o 1977, cuenta con una sala l\u00edrica para 2.200 espectadores distribuidos en 1600 butacas y en palcos.<\/p>\n\n\n\n<p>El escenario tiene una boca de 10 metros extensible a 20 y, adem\u00e1s, posee cinco mecanismos.<\/p>\n\n\n\n<p>El central tiene una construcci\u00f3n en forma de damero que permitir\u00e1 subir y bajar las partes independientemente; habr\u00e1 dos laterales que se desplazar\u00e1n para cubrir el central, y dos mecanismos giratorios que posibilitar\u00e1n el desplazamiento de los distintos telones escenogr\u00e1ficos.<\/p>\n\n\n\n<p>En los niveles inferiores y en la coronaci\u00f3n superior funcionan los dep\u00f3sitos, el microcine y las cocheras.<\/p>\n\n\n\n<hr class=\"wp-block-separator has-css-opacity is-style-wide\"\/>\n\n\n\n<p id=\"coliseo\" style=\"font-size:30px;text-align:center\"><strong> Teatro Coliseo Podest\u00e1 <\/strong><\/p>\n\n\n<div class=\"wp-block-image\">\n<figure class=\"aligncenter\"><img loading=\"lazy\" decoding=\"async\" width=\"800\" height=\"600\" src=\"http:\/\/www.laplatamagica.com.ar\/wp-content\/uploads\/2019\/10\/podesta-1.jpg\" alt=\"Teatro Coliseo Podest\u00e1 - Ciudad de La Plata Argentina.\" class=\"wp-image-4170\" srcset=\"https:\/\/laplatamagica.ar\/wp-content\/uploads\/2019\/10\/podesta-1.jpg 800w, https:\/\/laplatamagica.ar\/wp-content\/uploads\/2019\/10\/podesta-1-300x225.jpg 300w, https:\/\/laplatamagica.ar\/wp-content\/uploads\/2019\/10\/podesta-1-768x576.jpg 768w\" sizes=\"auto, (max-width: 800px) 85vw, 800px\" \/><figcaption><strong>Calle 10 entre 46 y 47.<\/strong><\/figcaption><\/figure>\n<\/div>\n\n\n<p>El Teatro Politeama Olimpo fue inaugurado con la presencia del Gobernador de la Provincia Dr. D\u00b4Amico el 19 de noviembre de 1886.<\/p>\n\n\n\n<p>En la funci\u00f3n inaugural se canto la \u00f3pera &#8220;El Barbero de Sevilla&#8221;. En 1887 fue adquirido por los hermanos Podest\u00e1: Pepe, Ger\u00f3nimo, Juan Pablo y Antonio. Poco despu\u00e9s, como no era negocio rentable para todos, dada la crisis de la d\u00e9cada del a\u00f1o 1890, Pepe Podesta, mediante una hipoteca, abon\u00f3 la parte proporcional a sus hermanos.<\/p>\n\n\n\n<p>Para amortizar esa deuda trabaj\u00f3 en circos que ambulaban por la provincia con su famoso personaje &#8220;Pepino el 88&#8221; hasta que forma su propia compania en la que participan muchos de sus familiares, convirti\u00e9ndose en el pionero del teatro rioplatense.<\/p>\n\n\n\n<p>En 1920, el Politeana Olimpo fue rebautizado Coliseo Podest\u00e1 en homenaje a su familia.<\/p>\n\n\n\n<p>Desde 1896 hasta la d\u00e9cada del 40 estuvo administrado por esta tradicional familia teatral. Posteriormente a la muerta de Podest\u00e1, se hace cargo del edificio la empresa A.I.A, que incorpora una cabina cinematogr\u00e1fica.<\/p>\n\n\n\n<p>A partir de all\u00ed el edificio no recibe ning\u00fan tipo de mantenimiento. En 1981, la Municipalidad de la Plata adquiere el inmueble, quedando cerrado hasta mayo  de 1983, fecha en que se inician las obras tendientes a su puesta en valor.<\/p>\n\n\n\n<p>El 19 de noviembre de 1986, es decir al cumplirse el Centenario del Coliseo, la sala y el foyer de la planta baja y del primer piso se encontraban luciendo plenamente despu\u00e9s de los trabajos realizados.<\/p>\n\n\n\n<hr class=\"wp-block-separator has-css-opacity is-style-wide\"\/>\n\n\n\n<p id=\"universo\" style=\"font-size:30px;text-align:center\"><strong> Universidad Nacional de La Plata <\/strong><\/p>\n\n\n<div class=\"wp-block-image\">\n<figure class=\"aligncenter\"><img loading=\"lazy\" decoding=\"async\" width=\"768\" height=\"1024\" src=\"http:\/\/www.laplatamagica.com.ar\/wp-content\/uploads\/2019\/10\/Edificio-rectorado1-768x1024.jpg\" alt=\"Presidencia de la Universidad Nacioanl de La Plata Argentina.\" class=\"wp-image-4172\" srcset=\"https:\/\/laplatamagica.ar\/wp-content\/uploads\/2019\/10\/Edificio-rectorado1-768x1024.jpg 768w, https:\/\/laplatamagica.ar\/wp-content\/uploads\/2019\/10\/Edificio-rectorado1-225x300.jpg 225w, https:\/\/laplatamagica.ar\/wp-content\/uploads\/2019\/10\/Edificio-rectorado1.jpg 800w\" sizes=\"auto, (max-width: 768px) 85vw, 768px\" \/><\/figure>\n<\/div>\n\n\n<p>El edificio que hoy ocupa la presidencia de la Universidad Nacional de La Plata fue proyectado por los arquitectos Buschiazzo y Viglione para sede del Banco Hipotecario Nacional.<\/p>\n\n\n\n<p>Presenta l\u00edneas sobrias, con algunos elementos del renacimiento franc\u00e9s y sus dependenciasest\u00e1n dispuestas cuadrando dos grnades pat\u00edos interiores.<\/p>\n\n\n\n<p>Frente al acceso principal se encuentra la imagen de Joaqu\u00edn V. Gonz\u00e1lez realizado en bronce por Hernn\u00e1n Cullen, en 1930.<\/p>\n\n\n\n<hr class=\"wp-block-separator has-css-opacity is-style-wide\"\/>\n\n\n\n<p class=\"has-text-align-center\">Descripci\u00f3n de edificios p\u00fablicos 2<\/p>\n\n\n\n<p class=\"has-text-align-center has-medium-font-size\"><strong><a href=\"http:\/\/www.laplatamagica.com.ar\/?page_id=4060\">Descripci\u00f3n de edificios p\u00fablicos 1<\/a><\/strong><\/p>\n\n\n\n<p class=\"has-medium-font-size\"><strong><a href=\"http:\/\/www.laplatamagica.com.ar\/?page_id=4178\">Profesionales que intervinieron trabajos de la fundaci\u00f3n<\/a><\/strong><\/p>\n","protected":false},"excerpt":{"rendered":"<p>Ministerio de Salud Museo de Ciencias Naturales o Museo de La Plata Observatorio Astron\u00f3mico Palacio D\u00b4Amico o Curia Eclesi\u00e1stica Palacio de Justicia Palacio de la Legislatura Provincial Palacio Municipalidad de La Plata Pasaje Dardo Rocha Poder Judicial Fuero Penal ex Direcci\u00f3n de Vialidad Teatro Argentino Teatro Coliseo Podest\u00e1 Universidad Nacional de La Plata Ministerio de &hellip; <a href=\"https:\/\/laplatamagica.ar\/?page_id=4115\" class=\"more-link\">Continuar leyendo<span class=\"screen-reader-text\"> &#8220;Descripci\u00f3n de edificios p\u00fablicos 2&#8221;<\/span><\/a><\/p>\n","protected":false},"author":1,"featured_media":0,"parent":0,"menu_order":0,"comment_status":"closed","ping_status":"closed","template":"","meta":{"switch_pages_title":"","h5ap_radio_sources":[],"footnotes":""},"class_list":["post-4115","page","type-page","status-publish","hentry"],"_links":{"self":[{"href":"https:\/\/laplatamagica.ar\/index.php?rest_route=\/wp\/v2\/pages\/4115","targetHints":{"allow":["GET"]}}],"collection":[{"href":"https:\/\/laplatamagica.ar\/index.php?rest_route=\/wp\/v2\/pages"}],"about":[{"href":"https:\/\/laplatamagica.ar\/index.php?rest_route=\/wp\/v2\/types\/page"}],"author":[{"embeddable":true,"href":"https:\/\/laplatamagica.ar\/index.php?rest_route=\/wp\/v2\/users\/1"}],"replies":[{"embeddable":true,"href":"https:\/\/laplatamagica.ar\/index.php?rest_route=%2Fwp%2Fv2%2Fcomments&post=4115"}],"version-history":[{"count":0,"href":"https:\/\/laplatamagica.ar\/index.php?rest_route=\/wp\/v2\/pages\/4115\/revisions"}],"wp:attachment":[{"href":"https:\/\/laplatamagica.ar\/index.php?rest_route=%2Fwp%2Fv2%2Fmedia&parent=4115"}],"curies":[{"name":"wp","href":"https:\/\/api.w.org\/{rel}","templated":true}]}}