{"id":4212,"date":"2019-10-17T15:05:04","date_gmt":"2019-10-17T18:05:04","guid":{"rendered":"http:\/\/www.laplatamagica.com.ar\/?page_id=4212"},"modified":"2020-05-09T10:09:09","modified_gmt":"2020-05-09T13:09:09","slug":"mapa-de-la-plata-2","status":"publish","type":"page","link":"https:\/\/laplatamagica.ar\/?page_id=4212","title":{"rendered":"Mapa de La Plata"},"content":{"rendered":"\n<hr class=\"wp-block-separator is-style-wide\"\/>\n\n\n\n<p style=\"font-size:25px;text-align:center\"><strong><a href=\"#comollegar\">Como ubicarse en La Plata<\/a><\/strong><\/p>\n\n\n\n<iframe loading=\"lazy\" src=\"https:\/\/www.google.com\/maps\/embed?pb=!1m21!1m12!1m3!1d13085.412407320262!2d-57.950048092590336!3d-34.922680329943525!2m3!1f0!2f0!3f0!3m2!1i1024!2i768!4f13.1!4m6!3e0!4m3!3m2!1d-34.9161528!2d-57.947687699999996!4m0!5e0!3m2!1ses-419!2sar!4v1571335248249!5m2!1ses-419!2sar\" style=\"border:0;\" allowfullscreen=\"\" width=\"700\" height=\"550\" frameborder=\"0\"><\/iframe>\n\n\n\n<p style=\"font-size:25px;text-align:center\"><strong><a href=\"http:\/\/www.laplatamagica.com.ar\/?page_id=4212#geograficamente\">Posici\u00f3n Geogr\u00e1fica<\/a><\/strong><\/p>\n\n\n\n<p style=\"text-align:center\" class=\"has-medium-font-size\"><strong>La ciudad de La Plata tiene una plaza cada seis cuadras.<\/strong><\/p>\n\n\n\n<p style=\"font-size:18px;text-align:center\"><strong><a href=\"http:\/\/www.laplatamagica.com.ar\/?page_id=4368\">Se pueden conocer las caracter\u00edsticas de cada plaza o parque aqu\u00ed <\/a><\/strong><\/p>\n\n\n\n<ul class=\"wp-block-list\"><li> <strong>Plaza Valentin y Adolfo Alsina: 1 y 38 y Dg.74<\/strong><\/li><li><strong> Plaza General Olaz\u00e1bal: 7 y 38<\/strong><\/li><li><strong> Plaza Italia: 7 y 44<\/strong><\/li><li><strong> Plaza General San Mart\u00edn: 7 y 51<\/strong><\/li><li><strong> Plaza Dardo Rocha: 7 y 60<\/strong><\/li><li><strong> Plaza Espa\u00f1a: 7 y 66<\/strong><\/li><li><strong> Plaza Manuel Belgrano: 12, 14 y 39 y 40<\/strong><\/li><li><strong> Plaza Gral. Mart\u00edn Miguel de G\u00fcemes: 19 y 38<\/strong><\/li><li><strong> Parque: Manuel Alberti: 24, 26,37 y 39<\/strong><\/li><li><strong> Plaza Juan J. Paso: 13 y 44<\/strong><\/li><li><strong> Plaza Miguel de Azcuenaga: 44 y 19<\/strong><\/li><li><strong> Plaza 19 de Noviembre: 44 y 25<\/strong><\/li><li><strong> Plaza Rivadavia: 1,2, 51 y 53<\/strong><\/li><li><strong> Plaza Mariano Moreno: 12, 14, 50 y 54<\/strong><\/li><li><strong> Plaza Islas Malvinas: 19, 20 50 y 54<\/strong><\/li><li><strong> Parque Juan Vucetich: 23, 27, 50 y 54<\/strong><\/li><li><strong> Plaza Juan Manuel de Rosas: 13 y 60<\/strong><\/li><li><strong> Plaza Hipolito Yrigoyen: 19 y 60<\/strong><\/li><li><strong> Plaza Coronel Federico Brandsen: 25 y 60<\/strong><\/li><li><strong> Plaza Domingo Matheu: 1 y 66<\/strong><\/li><li><strong> Parque Saavedra: 12,14,64 y 68<\/strong><\/li><li><strong> Plaza Sarmiento: 19 y 66<\/strong><\/li><li><strong> Parque Juan J. Casteli: 24,26, 65 y 67<\/strong><\/li><\/ul>\n\n\n\n<p id=\"comollegar\" style=\"font-size:30px;text-align:center\"><strong> Como ubicarse en La Plata<\/strong><\/p>\n\n\n\n<p style=\"text-align:center\" class=\"has-medium-font-size\"><strong>Calles paralelas a Avenida 7:<\/strong><\/p>\n\n\n\n<p style=\"text-align:center\">Se multiplica la\nprimera cifra (o las dos) por 2 y se le suman 32, despu\u00e9s de la calle 52 se le\nsuman 33.<\/p>\n\n\n\n<p style=\"text-align:center\">Ejemplo: 15 N\u00b0 336\n: 3 x 2= 6 + 32 = 38<\/p>\n\n\n\n<p style=\"text-align:center\">ser\u00eda 15 N\u00b0 336\nentre 38 y 39<\/p>\n\n\n\n<p style=\"text-align:center\">Ejemplo: 18 N\u00b0\n1336: 13 x 2= 26 + 33= 59<\/p>\n\n\n\n<p style=\"text-align:center\">ser\u00eda 18 N\u00b0 1336\nentre 59 y 60<\/p>\n\n\n\n<p style=\"text-align:center\" class=\"has-medium-font-size\"><strong>Calles paralelas a calle 50:<\/strong><\/p>\n\n\n\n<p style=\"text-align:center\">Se multiplica la\nprimera cifra (o las dos) por 2 y se le restan 5<\/p>\n\n\n\n<p style=\"text-align:center\">Ejemplo: 59 N\u00b0\n732: 7 x 2 = 14 &#8211; 5 = 9<\/p>\n\n\n\n<p style=\"text-align:center\">ser\u00eda 59 N\u00b0 732\nentre 9 y 10<\/p>\n\n\n\n<p style=\"text-align:center\">Ejemplo: 43 N\u00b0 1732:\n17 x 2 = 34 &#8211; 5 = 29<\/p>\n\n\n\n<p style=\"text-align:center\">ser\u00eda 43 N\u00b0 1732\nentre 29 y 30<\/p>\n\n\n\n<p style=\"text-align:center\" class=\"has-medium-font-size\"><strong>Diagonales:<\/strong><\/p>\n\n\n\n<div class=\"wp-block-image\"><figure class=\"aligncenter\"><img loading=\"lazy\" decoding=\"async\" width=\"378\" height=\"584\" src=\"http:\/\/www.laplatamagica.com.ar\/wp-content\/uploads\/2019\/10\/calcular.jpg\" alt=\"\" class=\"wp-image-4223\" srcset=\"https:\/\/laplatamagica.ar\/wp-content\/uploads\/2019\/10\/calcular.jpg 378w, https:\/\/laplatamagica.ar\/wp-content\/uploads\/2019\/10\/calcular-194x300.jpg 194w\" sizes=\"auto, (max-width: 378px) 85vw, 378px\" \/><\/figure><\/div>\n\n\n\n<p style=\"text-align:center\" class=\"has-medium-font-size\"><strong>Rep\u00fablica Argentina<\/strong><\/p>\n\n\n\n<div class=\"wp-block-image\"><figure class=\"aligncenter\"><img loading=\"lazy\" decoding=\"async\" width=\"654\" height=\"1000\" src=\"http:\/\/www.laplatamagica.com.ar\/wp-content\/uploads\/2019\/10\/republica.jpg\" alt=\"\" class=\"wp-image-4236\" srcset=\"https:\/\/laplatamagica.ar\/wp-content\/uploads\/2019\/10\/republica.jpg 654w, https:\/\/laplatamagica.ar\/wp-content\/uploads\/2019\/10\/republica-196x300.jpg 196w\" sizes=\"auto, (max-width: 654px) 85vw, 654px\" \/><\/figure><\/div>\n\n\n\n<p id=\"geograficamente\" style=\"font-size:30px;text-align:center\"><strong> Posici\u00f3n Geogr\u00e1fica<\/strong><\/p>\n\n\n\n<div class=\"wp-block-image\"><figure class=\"aligncenter is-resized\"><img loading=\"lazy\" decoding=\"async\" src=\"http:\/\/www.laplatamagica.com.ar\/wp-content\/uploads\/2019\/10\/brujula.jpg\" alt=\"\" class=\"wp-image-4233\" width=\"177\" height=\"182\"\/><\/figure><\/div>\n\n\n\n<p style=\"text-align:center\">La Plata est\u00e1\nubicada a 56 km al sudeste de la Capital Federal<\/p>\n\n\n\n<p style=\"text-align:center\">Latitud:34\u00ba 55\u00b4Sur<\/p>\n\n\n\n<p style=\"text-align:center\">Longitud: 57\u00ba\n17\u00b4Oeste<\/p>\n\n\n\n<p style=\"text-align:center\">Altura al nivel\ndel mar: 9,87 metros<\/p>\n\n\n\n<p style=\"text-align:center\">Superficie: 940,38\nKm2<\/p>\n\n\n\n<p style=\"text-align:center\" class=\"has-medium-font-size\"><strong>L\u00edmites<\/strong><\/p>\n\n\n\n<p style=\"text-align:center\">Al N.O. partidos\nde Florencio Varela y Berazategui.<\/p>\n\n\n\n<p style=\"text-align:center\">Al S.O. partidos\nde San Vicente y Brandsen.<\/p>\n\n\n\n<p style=\"text-align:center\">Al S.E. partidos\nde Brandsen y Magdalena.<\/p>\n\n\n\n<p style=\"text-align:center\">Al N.E. partidos\nde Ensenada y Beriso<\/p>\n\n\n\n<p style=\"text-align:center\" class=\"has-medium-font-size\"><strong>Clima<\/strong><\/p>\n\n\n\n<p style=\"text-align:center\">Temperatura media\n26,3\u00baC<\/p>\n\n\n\n<p style=\"text-align:center\">Precipitaciones:\nla media anual est\u00e1 calculada en 1023mm, con una distribuci\u00f3n promedio de 93\ndias anuales, funda,mentalmente en marzo, abril y octubre.<\/p>\n\n\n\n<p style=\"text-align:center\">Humedad: la media\nanual es de 77,6%<\/p>\n\n\n\n<p style=\"text-align:center\">Vientos: el\ndominante es el S.E., que se manifiesta durante 4 meses al a\u00f1o.<\/p>\n\n\n\n<p style=\"text-align:center\" class=\"has-medium-font-size\"><strong>Habitantes<\/strong><\/p>\n\n\n\n<p style=\"text-align:center\">La ciudad tiene\nuna poblaci\u00f3n de 753 378 habitantes y su aglomerado urbano, el Gran La Plata,\ncompuesto por los partidos de La Plata, Berisso y Ensenada, con una poblaci\u00f3n\nde 899.523 habitantes.\u200b\u200b\u200b<\/p>\n\n\n\n<hr class=\"wp-block-separator is-style-wide\"\/>\n","protected":false},"excerpt":{"rendered":"<p>Como ubicarse en La Plata Posici\u00f3n Geogr\u00e1fica La ciudad de La Plata tiene una plaza cada seis cuadras. Se pueden conocer las caracter\u00edsticas de cada plaza o parque aqu\u00ed Plaza Valentin y Adolfo Alsina: 1 y 38 y Dg.74 Plaza General Olaz\u00e1bal: 7 y 38 Plaza Italia: 7 y 44 Plaza General San Mart\u00edn: 7 &hellip; <a href=\"https:\/\/laplatamagica.ar\/?page_id=4212\" class=\"more-link\">Continuar leyendo<span class=\"screen-reader-text\"> &#8220;Mapa de La Plata&#8221;<\/span><\/a><\/p>\n","protected":false},"author":1,"featured_media":0,"parent":0,"menu_order":0,"comment_status":"closed","ping_status":"closed","template":"","meta":{"switch_pages_title":"","h5ap_radio_sources":[],"footnotes":""},"class_list":["post-4212","page","type-page","status-publish","hentry"],"_links":{"self":[{"href":"https:\/\/laplatamagica.ar\/index.php?rest_route=\/wp\/v2\/pages\/4212","targetHints":{"allow":["GET"]}}],"collection":[{"href":"https:\/\/laplatamagica.ar\/index.php?rest_route=\/wp\/v2\/pages"}],"about":[{"href":"https:\/\/laplatamagica.ar\/index.php?rest_route=\/wp\/v2\/types\/page"}],"author":[{"embeddable":true,"href":"https:\/\/laplatamagica.ar\/index.php?rest_route=\/wp\/v2\/users\/1"}],"replies":[{"embeddable":true,"href":"https:\/\/laplatamagica.ar\/index.php?rest_route=%2Fwp%2Fv2%2Fcomments&post=4212"}],"version-history":[{"count":0,"href":"https:\/\/laplatamagica.ar\/index.php?rest_route=\/wp\/v2\/pages\/4212\/revisions"}],"wp:attachment":[{"href":"https:\/\/laplatamagica.ar\/index.php?rest_route=%2Fwp%2Fv2%2Fmedia&parent=4212"}],"curies":[{"name":"wp","href":"https:\/\/api.w.org\/{rel}","templated":true}]}}