{"id":4243,"date":"2019-10-18T13:41:10","date_gmt":"2019-10-18T16:41:10","guid":{"rendered":"http:\/\/www.laplatamagica.com.ar\/?page_id=4243"},"modified":"2024-09-26T17:47:25","modified_gmt":"2024-09-26T20:47:25","slug":"web-declarada-de-interes-municipal","status":"publish","type":"page","link":"https:\/\/laplatamagica.ar\/?page_id=4243","title":{"rendered":"Web declarada de inter\u00e9s municipal"},"content":{"rendered":"\n<meta name=\"google-site-verification\" content=\"M7MLd8EiK6vH3vKiaxJhArPjny-NOmeNFIymND3QUrI\" \/>\n\n\n\n<p class=\"has-text-align-center\"><strong>El 8 de septiembre de 2010 por intermedio de los concejales Jos\u00e9 R. Arteaga, J. &#8220;Poly&#8221; Triten y la mediaci\u00f3n Jos\u00e9 M. Sobrado Ferreira por Decreto del Honorable Consejo Deliberante en su Sesi\u00f3n  Ordinaria N\u00ba 21 fue  declara de Inter\u00e9s Municipal con la firma del Presidente del Concejo Deliberante Prof. Javier Pacharotti el Portal de Internet denominado &#8220;La Plata M\u00e1gica&#8221;.<\/strong><\/p>\n\n\n<div class=\"wp-block-image\">\n<figure class=\"aligncenter\"><img loading=\"lazy\" decoding=\"async\" width=\"870\" height=\"1024\" src=\"http:\/\/www.laplatamagica.com.ar\/wp-content\/uploads\/2019\/10\/deinteres-870x1024.jpg\" alt=\"\" class=\"wp-image-4244\" srcset=\"https:\/\/laplatamagica.ar\/wp-content\/uploads\/2019\/10\/deinteres-870x1024.jpg 870w, https:\/\/laplatamagica.ar\/wp-content\/uploads\/2019\/10\/deinteres-255x300.jpg 255w, https:\/\/laplatamagica.ar\/wp-content\/uploads\/2019\/10\/deinteres-768x904.jpg 768w, https:\/\/laplatamagica.ar\/wp-content\/uploads\/2019\/10\/deinteres.jpg 900w\" sizes=\"auto, (max-width: 709px) 85vw, (max-width: 909px) 67vw, (max-width: 1362px) 62vw, 840px\" \/><\/figure>\n<\/div>","protected":false},"excerpt":{"rendered":"<p>El 8 de septiembre de 2010 por intermedio de los concejales Jos\u00e9 R. Arteaga, J. &#8220;Poly&#8221; Triten y la mediaci\u00f3n Jos\u00e9 M. Sobrado Ferreira por Decreto del Honorable Consejo Deliberante en su Sesi\u00f3n Ordinaria N\u00ba 21 fue declara de Inter\u00e9s Municipal con la firma del Presidente del Concejo Deliberante Prof. Javier Pacharotti el Portal de &hellip; <a href=\"https:\/\/laplatamagica.ar\/?page_id=4243\" class=\"more-link\">Continuar leyendo<span class=\"screen-reader-text\"> &#8220;Web declarada de inter\u00e9s municipal&#8221;<\/span><\/a><\/p>\n","protected":false},"author":1,"featured_media":0,"parent":0,"menu_order":0,"comment_status":"closed","ping_status":"closed","template":"","meta":{"switch_pages_title":"","h5ap_radio_sources":[],"footnotes":""},"class_list":["post-4243","page","type-page","status-publish","hentry"],"_links":{"self":[{"href":"https:\/\/laplatamagica.ar\/index.php?rest_route=\/wp\/v2\/pages\/4243","targetHints":{"allow":["GET"]}}],"collection":[{"href":"https:\/\/laplatamagica.ar\/index.php?rest_route=\/wp\/v2\/pages"}],"about":[{"href":"https:\/\/laplatamagica.ar\/index.php?rest_route=\/wp\/v2\/types\/page"}],"author":[{"embeddable":true,"href":"https:\/\/laplatamagica.ar\/index.php?rest_route=\/wp\/v2\/users\/1"}],"replies":[{"embeddable":true,"href":"https:\/\/laplatamagica.ar\/index.php?rest_route=%2Fwp%2Fv2%2Fcomments&post=4243"}],"version-history":[{"count":1,"href":"https:\/\/laplatamagica.ar\/index.php?rest_route=\/wp\/v2\/pages\/4243\/revisions"}],"predecessor-version":[{"id":12813,"href":"https:\/\/laplatamagica.ar\/index.php?rest_route=\/wp\/v2\/pages\/4243\/revisions\/12813"}],"wp:attachment":[{"href":"https:\/\/laplatamagica.ar\/index.php?rest_route=%2Fwp%2Fv2%2Fmedia&parent=4243"}],"curies":[{"name":"wp","href":"https:\/\/api.w.org\/{rel}","templated":true}]}}