{"id":4250,"date":"2019-10-18T14:36:48","date_gmt":"2019-10-18T17:36:48","guid":{"rendered":"http:\/\/www.laplatamagica.com.ar\/?page_id=4250"},"modified":"2020-08-08T10:15:24","modified_gmt":"2020-08-08T13:15:24","slug":"mi-canal-de-yotube","status":"publish","type":"page","link":"https:\/\/laplatamagica.ar\/?page_id=4250","title":{"rendered":"Mi Canal de Youtube"},"content":{"rendered":"\n<figure class=\"wp-block-embed-youtube wp-block-embed is-type-video is-provider-youtube wp-embed-aspect-16-9 wp-has-aspect-ratio\"><div class=\"wp-block-embed__wrapper\">\n<iframe loading=\"lazy\" width=\"840\" height=\"473\" src=\"https:\/\/www.youtube.com\/embed\/xgRAC8P4Dn0?feature=oembed\" frameborder=\"0\" allow=\"accelerometer; autoplay; encrypted-media; gyroscope; picture-in-picture\" allowfullscreen><\/iframe>\n<\/div><figcaption> <br><\/figcaption><\/figure>\n\n\n\n<p style=\"text-align:center\"><strong>La historia de la ciudad de La Plata contada en d\u00e9cadas. <\/strong><\/p>\n\n\n\n<figure class=\"wp-block-embed-youtube wp-block-embed is-type-video is-provider-youtube wp-embed-aspect-16-9 wp-has-aspect-ratio\"><div class=\"wp-block-embed__wrapper\">\n<iframe loading=\"lazy\" width=\"840\" height=\"473\" src=\"https:\/\/www.youtube.com\/embed\/_-xRpUkpNQA?feature=oembed\" frameborder=\"0\" allow=\"accelerometer; autoplay; encrypted-media; gyroscope; picture-in-picture\" allowfullscreen><\/iframe>\n<\/div><figcaption><br><\/figcaption><\/figure>\n\n\n\n<p style=\"text-align:center\"><strong>Fotos antiguas coloreadas del pasado de la ciudad de La Plata con m\u00fasica y voz en off de Roberto G. Abrodos.<\/strong><\/p>\n\n\n\n<figure class=\"wp-block-embed-youtube aligncenter wp-block-embed is-type-video is-provider-youtube wp-embed-aspect-4-3 wp-has-aspect-ratio\"><div class=\"wp-block-embed__wrapper\">\n<iframe loading=\"lazy\" width=\"840\" height=\"630\" src=\"https:\/\/www.youtube.com\/embed\/aSKVcCztIzc?feature=oembed\" frameborder=\"0\" allow=\"accelerometer; autoplay; encrypted-media; gyroscope; picture-in-picture\" allowfullscreen><\/iframe>\n<\/div><figcaption><br><\/figcaption><\/figure>\n\n\n\n<p style=\"text-align:center\"><strong>Tolosa una barriada, fundada en 1871, testigo de la fundaci\u00f3n de La Plata, calles tranquilas, el ferrocarril y el puente peatonal.\ufeff<\/strong><\/p>\n\n\n\n<figure class=\"wp-block-embed-youtube wp-block-embed is-type-video is-provider-youtube wp-embed-aspect-4-3 wp-has-aspect-ratio\"><div class=\"wp-block-embed__wrapper\">\n<iframe loading=\"lazy\" width=\"840\" height=\"630\" src=\"https:\/\/www.youtube.com\/embed\/cI5g4PRQ5hs?feature=oembed\" frameborder=\"0\" allow=\"accelerometer; autoplay; encrypted-media; gyroscope; picture-in-picture\" allowfullscreen><\/iframe>\n<\/div><\/figure>\n\n\n\n<p style=\"text-align:center\"><strong> Una vista de la Plaza Moreno, sitio donde fue fundada la nueva capital,  La Plata, se puede observar la catedral, una de las m\u00e1s importantes del mundo y el palacio municipal en una vista a\u00e9rea muy particular. <\/strong><\/p>\n","protected":false},"excerpt":{"rendered":"<p>La historia de la ciudad de La Plata contada en d\u00e9cadas. Fotos antiguas coloreadas del pasado de la ciudad de La Plata con m\u00fasica y voz en off de Roberto G. Abrodos. Tolosa una barriada, fundada en 1871, testigo de la fundaci\u00f3n de La Plata, calles tranquilas, el ferrocarril y el puente peatonal.\ufeff Una vista &hellip; <a href=\"https:\/\/laplatamagica.ar\/?page_id=4250\" class=\"more-link\">Continuar leyendo<span class=\"screen-reader-text\"> &#8220;Mi Canal de Youtube&#8221;<\/span><\/a><\/p>\n","protected":false},"author":1,"featured_media":0,"parent":0,"menu_order":0,"comment_status":"closed","ping_status":"closed","template":"","meta":{"switch_pages_title":"","h5ap_radio_sources":[],"footnotes":""},"class_list":["post-4250","page","type-page","status-publish","hentry"],"_links":{"self":[{"href":"https:\/\/laplatamagica.ar\/index.php?rest_route=\/wp\/v2\/pages\/4250","targetHints":{"allow":["GET"]}}],"collection":[{"href":"https:\/\/laplatamagica.ar\/index.php?rest_route=\/wp\/v2\/pages"}],"about":[{"href":"https:\/\/laplatamagica.ar\/index.php?rest_route=\/wp\/v2\/types\/page"}],"author":[{"embeddable":true,"href":"https:\/\/laplatamagica.ar\/index.php?rest_route=\/wp\/v2\/users\/1"}],"replies":[{"embeddable":true,"href":"https:\/\/laplatamagica.ar\/index.php?rest_route=%2Fwp%2Fv2%2Fcomments&post=4250"}],"version-history":[{"count":0,"href":"https:\/\/laplatamagica.ar\/index.php?rest_route=\/wp\/v2\/pages\/4250\/revisions"}],"wp:attachment":[{"href":"https:\/\/laplatamagica.ar\/index.php?rest_route=%2Fwp%2Fv2%2Fmedia&parent=4250"}],"curies":[{"name":"wp","href":"https:\/\/api.w.org\/{rel}","templated":true}]}}