{"id":4302,"date":"2019-10-22T08:46:01","date_gmt":"2019-10-22T11:46:01","guid":{"rendered":"http:\/\/www.laplatamagica.com.ar\/?page_id=4302"},"modified":"2023-11-04T16:12:09","modified_gmt":"2023-11-04T19:12:09","slug":"madinter-argentina","status":"publish","type":"page","link":"https:\/\/laplatamagica.ar\/?page_id=4302","title":{"rendered":"Madinter Argentina"},"content":{"rendered":"<div class=\"wp-block-image\">\n<figure class=\"aligncenter\"><img loading=\"lazy\" decoding=\"async\" width=\"900\" height=\"423\" src=\"http:\/\/www.laplatamagica.com.ar\/wp-content\/uploads\/2019\/10\/madinter01.jpg\" alt=\"\" class=\"wp-image-4303\" srcset=\"https:\/\/laplatamagica.ar\/wp-content\/uploads\/2019\/10\/madinter01.jpg 900w, https:\/\/laplatamagica.ar\/wp-content\/uploads\/2019\/10\/madinter01-300x141.jpg 300w, https:\/\/laplatamagica.ar\/wp-content\/uploads\/2019\/10\/madinter01-768x361.jpg 768w\" sizes=\"auto, (max-width: 709px) 85vw, (max-width: 909px) 67vw, (max-width: 1362px) 62vw, 840px\" \/><\/figure>\n<\/div>\n\n\n<p class=\"has-text-align-center\"><strong>La unidad no es sin\u00f3nimo de unanimidad, la unidad es estar de acuerdo a pesar de la diversidad Alcanzar la unidad en la diversidad es un proceso que muchas veces implica encuentros dif\u00edciles, nunca hay que temer a eso ni pensar que esta mal, pero siempre hay que mantener actitudes correctas y positivas VIVIR EN COMUNIDAD es importante, el hombre por naturaleza necesita de la comunicaci\u00f3n y ayuda de los dem\u00e1s\u2026la diversidad es una gran riqueza que en definitiva nos permite conjugar las soluciones de las problem\u00e1ticas que en com\u00fan tenemos todos por igual.<\/strong><\/p>\n\n\n<div class=\"wp-block-image\">\n<figure class=\"aligncenter\"><img loading=\"lazy\" decoding=\"async\" width=\"586\" height=\"1024\" src=\"http:\/\/www.laplatamagica.com.ar\/wp-content\/uploads\/2019\/11\/Madinter-hoy-586x1024.jpg\" alt=\"\" class=\"wp-image-4890\" srcset=\"https:\/\/laplatamagica.ar\/wp-content\/uploads\/2019\/11\/Madinter-hoy-586x1024.jpg 586w, https:\/\/laplatamagica.ar\/wp-content\/uploads\/2019\/11\/Madinter-hoy-172x300.jpg 172w, https:\/\/laplatamagica.ar\/wp-content\/uploads\/2019\/11\/Madinter-hoy-768x1342.jpg 768w, https:\/\/laplatamagica.ar\/wp-content\/uploads\/2019\/11\/Madinter-hoy.jpg 900w\" sizes=\"auto, (max-width: 586px) 85vw, 586px\" \/><\/figure>\n<\/div>\n\n\n<p> Conferencia &#8220;Inmigraci\u00f3n, fuente de Interculturalidad e Interreligiosidad &#8221; organizada por el Secretario de Culto de la Pcia, de La Pampa, Ram\u00f3n Alberto G\u00f3mez, invitada la C\u00e1tedra Libre La Inmigraci\u00f3n de Madinter Argentina UNLP, con la presencia de Autoridades locales, el Obispo de La Pampa, Ra\u00fal Martin, lideres religiosos representantes de la Mesa Interreligiosa de La Pampa y medios period\u00edsticos. Fue una rica experiencia para nosotros y los presentes. <\/p>\n\n\n<div class=\"wp-block-image\">\n<figure class=\"aligncenter\"><img loading=\"lazy\" decoding=\"async\" width=\"758\" height=\"1024\" src=\"http:\/\/www.laplatamagica.com.ar\/wp-content\/uploads\/2019\/10\/madinter002-758x1024.jpg\" alt=\"\" class=\"wp-image-4304\" srcset=\"https:\/\/laplatamagica.ar\/wp-content\/uploads\/2019\/10\/madinter002-758x1024.jpg 758w, https:\/\/laplatamagica.ar\/wp-content\/uploads\/2019\/10\/madinter002-222x300.jpg 222w, https:\/\/laplatamagica.ar\/wp-content\/uploads\/2019\/10\/madinter002-768x1037.jpg 768w, https:\/\/laplatamagica.ar\/wp-content\/uploads\/2019\/10\/madinter002.jpg 948w\" sizes=\"auto, (max-width: 758px) 85vw, 758px\" \/><figcaption class=\"wp-element-caption\"><strong>Visita a La Pampa el 12 de octubre de 2019.<\/strong><\/figcaption><\/figure>\n<\/div>\n\n<div class=\"wp-block-image\">\n<figure class=\"aligncenter\"><img loading=\"lazy\" decoding=\"async\" width=\"800\" height=\"586\" src=\"http:\/\/www.laplatamagica.com.ar\/wp-content\/uploads\/2019\/10\/madinter003.jpg\" alt=\"\" class=\"wp-image-4305\" srcset=\"https:\/\/laplatamagica.ar\/wp-content\/uploads\/2019\/10\/madinter003.jpg 800w, https:\/\/laplatamagica.ar\/wp-content\/uploads\/2019\/10\/madinter003-300x220.jpg 300w, https:\/\/laplatamagica.ar\/wp-content\/uploads\/2019\/10\/madinter003-768x563.jpg 768w\" sizes=\"auto, (max-width: 800px) 85vw, 800px\" \/><figcaption class=\"wp-element-caption\"><strong>Entregando un ejemplar del libro &#8220;La Plata en D\u00e9cadas al Obispo de La Pampa.<\/strong><\/figcaption><\/figure>\n<\/div>\n\n\n<p>La C\u00e1tedra Libre &#8220;La Inmigraci\u00f3n &#8220;de Madinter Argentina en la Universiad Nacional de La Plata, invitada por el Secretario de Culto de la Provincia de La Pampa Sr. Ram\u00f3n Alberto Gomez, asisti\u00f3 al encuentro de \u201cInmigraci\u00f3n Fuente de Interculturalidad e Interreligiosidad&#8221;, en Santa Rosa La Pampa los d\u00edas 10 y 11 de octubre pr\u00f3ximo pasados.<\/p>\n\n\n\n<p><br> Los temas que se trataron:<br> La Inmigraci\u00f3n; Dra. Lic. Patricia Rivero.<br> La Inmigraci\u00f3n y la Interculturalidad en la Ciudad de La Plata- Escritor Roberto G Abrodos.<br> Dialogo Interreligioso-Mesas Interreligiosas:  Dra Adriana Di Camillo.<br> Las Oficinas de Culto y su Relaci\u00f3n con Otras \u00c1reas Del Estado &#8211; Profesora en Sociolog\u00eda por la UNLP, Mar\u00eda Pilar Bossio.<\/p>\n\n\n\n<hr class=\"wp-block-separator has-css-opacity is-style-wide\"\/>\n\n\n\n<p>La C\u00e1tedra Libre La Inmigraci\u00f3n de Madinter Argentina anuncia la presento la Mesa de Dialogo Interreligiosa de La Plata y Regi\u00f3n Capital Bonaerense . Inmigrantes de cada culto nos contaron su historia en nuestras tierras y su encuentro con su culto. Fue el viernes 4 de octubre a las 17,30hs en el aula 304 del Edificio Karakachof de la Universidad Nacional de La Plata.<\/p>\n\n\n\n<figure class=\"wp-block-image\"><img loading=\"lazy\" decoding=\"async\" width=\"871\" height=\"944\" src=\"http:\/\/www.laplatamagica.com.ar\/wp-content\/uploads\/2019\/10\/madinter004.jpg\" alt=\"\" class=\"wp-image-4312\" srcset=\"https:\/\/laplatamagica.ar\/wp-content\/uploads\/2019\/10\/madinter004.jpg 871w, https:\/\/laplatamagica.ar\/wp-content\/uploads\/2019\/10\/madinter004-277x300.jpg 277w, https:\/\/laplatamagica.ar\/wp-content\/uploads\/2019\/10\/madinter004-768x832.jpg 768w\" sizes=\"auto, (max-width: 709px) 85vw, (max-width: 909px) 67vw, (max-width: 1362px) 62vw, 840px\" \/><\/figure>\n\n\n\n<figure class=\"wp-block-image\"><img loading=\"lazy\" decoding=\"async\" width=\"1000\" height=\"469\" src=\"http:\/\/www.laplatamagica.com.ar\/wp-content\/uploads\/2019\/10\/madinter005.jpg\" alt=\"\" class=\"wp-image-4313\" srcset=\"https:\/\/laplatamagica.ar\/wp-content\/uploads\/2019\/10\/madinter005.jpg 1000w, https:\/\/laplatamagica.ar\/wp-content\/uploads\/2019\/10\/madinter005-300x141.jpg 300w, https:\/\/laplatamagica.ar\/wp-content\/uploads\/2019\/10\/madinter005-768x360.jpg 768w\" sizes=\"auto, (max-width: 709px) 85vw, (max-width: 909px) 67vw, (max-width: 1362px) 62vw, 840px\" \/><figcaption class=\"wp-element-caption\"><strong>Mesa de dialogo.<\/strong><\/figcaption><\/figure>\n\n\n\n<hr class=\"wp-block-separator has-css-opacity is-style-wide\"\/>\n\n\n\n<p>Reunidos en la Casa de Sarmiento como Representante de la C\u00e1tedra la Inmigraci\u00f3n de Madinter Argentina se entrega de un certificado de agradecimiento de la Universidad Nacional de La Plata junto con el libro La Plata en D\u00e9cadas 1882-1851 del escritor Roberto G. Abrodos a la Directora del Museo y Biblioteca Casa Natal de Sarmiento Arq. Mar\u00eda Rosa Plana. Posteriormente nos invitaron a una guiada cultural , terminando en los jardines de Do\u00f1a Paula junto a las Amigas de la Casa Natal de Sarmiento con las t\u00edpicas empanadas sanjuaninas. <\/p>\n\n\n<div class=\"wp-block-image\">\n<figure class=\"aligncenter\"><img loading=\"lazy\" decoding=\"async\" width=\"826\" height=\"598\" src=\"http:\/\/www.laplatamagica.com.ar\/wp-content\/uploads\/2019\/10\/madinter006.jpg\" alt=\"\" class=\"wp-image-4316\" srcset=\"https:\/\/laplatamagica.ar\/wp-content\/uploads\/2019\/10\/madinter006.jpg 826w, https:\/\/laplatamagica.ar\/wp-content\/uploads\/2019\/10\/madinter006-300x217.jpg 300w, https:\/\/laplatamagica.ar\/wp-content\/uploads\/2019\/10\/madinter006-768x556.jpg 768w\" sizes=\"auto, (max-width: 826px) 85vw, 826px\" \/><figcaption class=\"wp-element-caption\"><strong>Junto a la higuera de do\u00f1a Paula Albaracin de Sarmiento.<\/strong><\/figcaption><\/figure>\n<\/div>\n\n<div class=\"wp-block-image\">\n<figure class=\"aligncenter\"><img loading=\"lazy\" decoding=\"async\" width=\"1000\" height=\"455\" src=\"http:\/\/www.laplatamagica.com.ar\/wp-content\/uploads\/2019\/10\/madinter007.jpg\" alt=\"\" class=\"wp-image-4317\" srcset=\"https:\/\/laplatamagica.ar\/wp-content\/uploads\/2019\/10\/madinter007.jpg 1000w, https:\/\/laplatamagica.ar\/wp-content\/uploads\/2019\/10\/madinter007-300x137.jpg 300w, https:\/\/laplatamagica.ar\/wp-content\/uploads\/2019\/10\/madinter007-768x349.jpg 768w\" sizes=\"auto, (max-width: 709px) 85vw, (max-width: 909px) 67vw, (max-width: 1362px) 62vw, 840px\" \/><figcaption class=\"wp-element-caption\"><strong>Charla en la casa de Sarmiento.<\/strong><\/figcaption><\/figure>\n<\/div>\n\n<div class=\"wp-block-image\">\n<figure class=\"aligncenter\"><img loading=\"lazy\" decoding=\"async\" width=\"776\" height=\"1024\" src=\"http:\/\/www.laplatamagica.com.ar\/wp-content\/uploads\/2019\/10\/madinter008-776x1024.jpg\" alt=\"\" class=\"wp-image-4319\" srcset=\"https:\/\/laplatamagica.ar\/wp-content\/uploads\/2019\/10\/madinter008-776x1024.jpg 776w, https:\/\/laplatamagica.ar\/wp-content\/uploads\/2019\/10\/madinter008-227x300.jpg 227w, https:\/\/laplatamagica.ar\/wp-content\/uploads\/2019\/10\/madinter008-768x1014.jpg 768w, https:\/\/laplatamagica.ar\/wp-content\/uploads\/2019\/10\/madinter008.jpg 1000w\" sizes=\"auto, (max-width: 776px) 85vw, 776px\" \/><figcaption class=\"wp-element-caption\"><strong>Con las damas de la Asociaci\u00f3n amigos de la Casa Sarmiento.<\/strong><\/figcaption><\/figure>\n<\/div>","protected":false},"excerpt":{"rendered":"<p>La unidad no es sin\u00f3nimo de unanimidad, la unidad es estar de acuerdo a pesar de la diversidad Alcanzar la unidad en la diversidad es un proceso que muchas veces implica encuentros dif\u00edciles, nunca hay que temer a eso ni pensar que esta mal, pero siempre hay que mantener actitudes correctas y positivas VIVIR EN &hellip; <a href=\"https:\/\/laplatamagica.ar\/?page_id=4302\" class=\"more-link\">Continuar leyendo<span class=\"screen-reader-text\"> &#8220;Madinter Argentina&#8221;<\/span><\/a><\/p>\n","protected":false},"author":1,"featured_media":0,"parent":0,"menu_order":0,"comment_status":"closed","ping_status":"closed","template":"","meta":{"switch_pages_title":"","h5ap_radio_sources":[],"footnotes":""},"class_list":["post-4302","page","type-page","status-publish","hentry"],"_links":{"self":[{"href":"https:\/\/laplatamagica.ar\/index.php?rest_route=\/wp\/v2\/pages\/4302","targetHints":{"allow":["GET"]}}],"collection":[{"href":"https:\/\/laplatamagica.ar\/index.php?rest_route=\/wp\/v2\/pages"}],"about":[{"href":"https:\/\/laplatamagica.ar\/index.php?rest_route=\/wp\/v2\/types\/page"}],"author":[{"embeddable":true,"href":"https:\/\/laplatamagica.ar\/index.php?rest_route=\/wp\/v2\/users\/1"}],"replies":[{"embeddable":true,"href":"https:\/\/laplatamagica.ar\/index.php?rest_route=%2Fwp%2Fv2%2Fcomments&post=4302"}],"version-history":[{"count":1,"href":"https:\/\/laplatamagica.ar\/index.php?rest_route=\/wp\/v2\/pages\/4302\/revisions"}],"predecessor-version":[{"id":12399,"href":"https:\/\/laplatamagica.ar\/index.php?rest_route=\/wp\/v2\/pages\/4302\/revisions\/12399"}],"wp:attachment":[{"href":"https:\/\/laplatamagica.ar\/index.php?rest_route=%2Fwp%2Fv2%2Fmedia&parent=4302"}],"curies":[{"name":"wp","href":"https:\/\/api.w.org\/{rel}","templated":true}]}}