{"id":4350,"date":"2019-10-24T12:17:29","date_gmt":"2019-10-24T15:17:29","guid":{"rendered":"http:\/\/www.laplatamagica.com.ar\/?page_id=4350"},"modified":"2020-02-03T16:06:47","modified_gmt":"2020-02-03T19:06:47","slug":"estadio-ciudad-de-la-plata","status":"publish","type":"page","link":"https:\/\/laplatamagica.ar\/?page_id=4350","title":{"rendered":"Estadio ciudad de La Plata"},"content":{"rendered":"\n<div class=\"wp-block-image\"><figure class=\"alignleft\"><img loading=\"lazy\" decoding=\"async\" width=\"400\" height=\"275\" src=\"http:\/\/www.laplatamagica.com.ar\/wp-content\/uploads\/2019\/10\/estadio01.jpg\" alt=\"\" class=\"wp-image-4351\" srcset=\"https:\/\/laplatamagica.ar\/wp-content\/uploads\/2019\/10\/estadio01.jpg 400w, https:\/\/laplatamagica.ar\/wp-content\/uploads\/2019\/10\/estadio01-300x206.jpg 300w\" sizes=\"auto, (max-width: 400px) 85vw, 400px\" \/><\/figure><\/div>\n\n\n\n<p>En 1972, al promover a La Plata como subsede de la Copa\nMundial de F\u00fatbol de 1978, el Estado Nacional promovi\u00f3 el primer Concurso de\nAnteproyectos para la realizaci\u00f3n de la obra.<\/p>\n\n\n\n<p>De esta manera, en 1989, a partir de la convocatoria del Gobierno de la Provincia de Buenos Aires y de la Municipalidad de La Plata, los clubes platenses,  Gimnasia y  Estudiantes , constituyeron una comisi\u00f3n para la construcci\u00f3n y la administraci\u00f3n de un complejo dedicado, integralmente, a la pr\u00e1ctica de f\u00fatbol y otras disciplinas deportivas.<\/p>\n\n\n\n<div class=\"wp-block-image\"><figure class=\"aligncenter\"><img loading=\"lazy\" decoding=\"async\" width=\"1000\" height=\"665\" src=\"http:\/\/www.laplatamagica.com.ar\/wp-content\/uploads\/2019\/10\/estadio1AA.jpg\" alt=\"\" class=\"wp-image-4352\" srcset=\"https:\/\/laplatamagica.ar\/wp-content\/uploads\/2019\/10\/estadio1AA.jpg 1000w, https:\/\/laplatamagica.ar\/wp-content\/uploads\/2019\/10\/estadio1AA-300x200.jpg 300w, https:\/\/laplatamagica.ar\/wp-content\/uploads\/2019\/10\/estadio1AA-768x511.jpg 768w\" sizes=\"auto, (max-width: 709px) 85vw, (max-width: 909px) 67vw, (max-width: 1362px) 62vw, 840px\" \/><\/figure><\/div>\n\n\n\n<p>As\u00ed, tras analizar varias alternativas, se determin\u00f3 la construcci\u00f3n de la cancha en el terreno del Centro de Educaci\u00f3n F\u00edsica N\u00ba 2, dado que reun\u00eda las mejores condiciones de localizaci\u00f3n y accesibilidad. En enero de 1992 se promulg\u00f3 la ley N\u00ba 11.118, la cual establec\u00eda afectar ese predio para la construcci\u00f3n de la misma. El 21 de abril de 1992 qued\u00f3 constituida la &#8220;Fundaci\u00f3n Estadio Ciudad de La Plata&#8221;, instituci\u00f3n integrada por el estado provincial, el estado municipal e igualitariamente por representantes de los clubes de Gimnasia y Estudiantes.<\/p>\n\n\n\n<div class=\"wp-block-image\"><figure class=\"aligncenter\"><img loading=\"lazy\" decoding=\"async\" width=\"1000\" height=\"662\" src=\"http:\/\/www.laplatamagica.com.ar\/wp-content\/uploads\/2019\/10\/estadio2AA.jpg\" alt=\"\" class=\"wp-image-4353\" srcset=\"https:\/\/laplatamagica.ar\/wp-content\/uploads\/2019\/10\/estadio2AA.jpg 1000w, https:\/\/laplatamagica.ar\/wp-content\/uploads\/2019\/10\/estadio2AA-300x199.jpg 300w, https:\/\/laplatamagica.ar\/wp-content\/uploads\/2019\/10\/estadio2AA-768x508.jpg 768w\" sizes=\"auto, (max-width: 709px) 85vw, (max-width: 909px) 67vw, (max-width: 1362px) 62vw, 840px\" \/><\/figure><\/div>\n\n\n\n<p>Luego se llam\u00f3 a Concurso Nacional de Anteproyectos,\njunto a los Colegios de Arquitectos e Ingenieros, y en abril de 1993, sobre un\ntotal de 79 trabajos, el jurado (integrado por la Fundaci\u00f3n y los Colegios\nprofesionales) le otorg\u00f3 el primer premio a la propuesta del arquitecto argentino\nRoberto Ferreira, quien reside en Barcelona, Espa\u00f1a.<\/p>\n\n\n\n<p>En 1996 se estableci\u00f3 por ley que el Poder Ejecutivo\nprovincial se adjudicaba la administraci\u00f3n y ejecuci\u00f3n de las obras y, al a\u00f1o\nsiguiente, que la Unidad Ejecutora convocaba a concurso p\u00fablico de ofertas para\nla ejecuci\u00f3n del trabajo.<\/p>\n\n\n\n<p>Un a\u00f1o despu\u00e9s se comenzaron a construir los soportes del techo. Y en 1998, se coloc\u00f3 la piedra fundacional para dar oficialmente inicio a los trabajos en el Estadio. Las obras estuvieron detenidas por problemas econ\u00f3micos y en el a\u00f1o 2000 se llam\u00f3 a una nueva licitaci\u00f3n para la adjudicaci\u00f3n de la inversi\u00f3n con vistas a su habilitaci\u00f3n en mayo de 2003. La inauguraci\u00f3n se realiz\u00f3 el 7 de junio de ese a\u00f1o.<\/p>\n\n\n\n<div class=\"wp-block-image\"><figure class=\"aligncenter\"><img loading=\"lazy\" decoding=\"async\" width=\"1000\" height=\"664\" src=\"http:\/\/www.laplatamagica.com.ar\/wp-content\/uploads\/2019\/10\/estadio3AA.jpg\" alt=\"\" class=\"wp-image-4356\" srcset=\"https:\/\/laplatamagica.ar\/wp-content\/uploads\/2019\/10\/estadio3AA.jpg 1000w, https:\/\/laplatamagica.ar\/wp-content\/uploads\/2019\/10\/estadio3AA-300x199.jpg 300w, https:\/\/laplatamagica.ar\/wp-content\/uploads\/2019\/10\/estadio3AA-768x510.jpg 768w\" sizes=\"auto, (max-width: 709px) 85vw, (max-width: 909px) 67vw, (max-width: 1362px) 62vw, 840px\" \/><\/figure><\/div>\n\n\n\n<p>En 2008 el Gobernador tom\u00f3 la decisi\u00f3n pol\u00edtica de\nreanudar las obras de finalizaci\u00f3n del estadio y el techado; estas se llevaron\nadelante a lo largo de dos a\u00f1os junto con la colocaci\u00f3n de un cubo central de\npantalla LED, la construcci\u00f3n de palcos y plateas VIP, la disposici\u00f3n de nuevos\nestacionamientos dentro del predio, la iluminaci\u00f3n compatible con la televisi\u00f3n\nde alta definici\u00f3n y un campo de juego m\u00f3vil que permite ser desmontado en 48\nhoras para la realizaci\u00f3n de otros eventos y espect\u00e1culos art\u00edsticos,\nculturales y deportivos.<\/p>\n\n\n\n<div class=\"wp-block-image\"><figure class=\"aligncenter\"><img loading=\"lazy\" decoding=\"async\" width=\"1000\" height=\"664\" src=\"http:\/\/www.laplatamagica.com.ar\/wp-content\/uploads\/2019\/10\/estadio4AA.jpg\" alt=\"\" class=\"wp-image-4358\" srcset=\"https:\/\/laplatamagica.ar\/wp-content\/uploads\/2019\/10\/estadio4AA.jpg 1000w, https:\/\/laplatamagica.ar\/wp-content\/uploads\/2019\/10\/estadio4AA-300x199.jpg 300w, https:\/\/laplatamagica.ar\/wp-content\/uploads\/2019\/10\/estadio4AA-768x510.jpg 768w\" sizes=\"auto, (max-width: 709px) 85vw, (max-width: 909px) 67vw, (max-width: 1362px) 62vw, 840px\" \/><\/figure><\/div>\n\n\n\n<p>Estas caracter\u00edsticas fueron presentadas en el acto de apertura realizado el 17 de febrero de 2011 que cont\u00f3 con la presencia de la Presidenta de la Naci\u00f3n. El espect\u00e1culo inaugural se desarroll\u00f3 sobre el campo de juego con un despliegue de 1200 personas en escena.<\/p>\n\n\n\n<div class=\"wp-block-image\"><figure class=\"aligncenter\"><img loading=\"lazy\" decoding=\"async\" width=\"1000\" height=\"719\" src=\"http:\/\/www.laplatamagica.com.ar\/wp-content\/uploads\/2019\/10\/estadio5AA.jpg\" alt=\"\" class=\"wp-image-4359\" srcset=\"https:\/\/laplatamagica.ar\/wp-content\/uploads\/2019\/10\/estadio5AA.jpg 1000w, https:\/\/laplatamagica.ar\/wp-content\/uploads\/2019\/10\/estadio5AA-300x216.jpg 300w, https:\/\/laplatamagica.ar\/wp-content\/uploads\/2019\/10\/estadio5AA-768x552.jpg 768w\" sizes=\"auto, (max-width: 709px) 85vw, (max-width: 909px) 67vw, (max-width: 1362px) 62vw, 840px\" \/><\/figure><\/div>\n\n\n\n<p>El campo de juego es m\u00f3vil, \u00fanico en su tipo en Latinoam\u00e9rica. Esta conformado por 5.796 m\u00f3dulos de PVC (tipo macetas) de 1.16 m por 1.16 m que contiene el c\u00e9sped y su sistema de drenaje. Esta modalidad permite que el campo de juego pueda ser desmontado en 48 horas para la realizaci\u00f3n de otros eventos o espect\u00e1culos, sin afectar el c\u00e9sped. <\/p>\n\n\n\n<div class=\"wp-block-image\"><figure class=\"aligncenter\"><img loading=\"lazy\" decoding=\"async\" width=\"1000\" height=\"700\" src=\"http:\/\/www.laplatamagica.com.ar\/wp-content\/uploads\/2019\/10\/estadio6AA.jpg\" alt=\"\" class=\"wp-image-4360\" srcset=\"https:\/\/laplatamagica.ar\/wp-content\/uploads\/2019\/10\/estadio6AA.jpg 1000w, https:\/\/laplatamagica.ar\/wp-content\/uploads\/2019\/10\/estadio6AA-300x210.jpg 300w, https:\/\/laplatamagica.ar\/wp-content\/uploads\/2019\/10\/estadio6AA-768x538.jpg 768w\" sizes=\"auto, (max-width: 709px) 85vw, (max-width: 909px) 67vw, (max-width: 1362px) 62vw, 840px\" \/><\/figure><\/div>\n\n\n\n<p style=\"text-align:left\">Posee un sistema de iluminaci\u00f3n con una potencia de 2.400 lux, que est\u00e1 montado sobre la estructura que conforma el techo, en un sector de pasarelas previsto para tal fin. En total son 220 los artefactos que proveen la iluminaci\u00f3n cuya potencia es compatible con la televisi\u00f3n de alta definici\u00f3n (HDTV).<\/p>\n\n\n\n<div class=\"wp-block-image\"><figure class=\"aligncenter\"><img loading=\"lazy\" decoding=\"async\" width=\"1000\" height=\"706\" src=\"http:\/\/www.laplatamagica.com.ar\/wp-content\/uploads\/2019\/10\/estadio7AA.jpg\" alt=\"\" class=\"wp-image-4362\" srcset=\"https:\/\/laplatamagica.ar\/wp-content\/uploads\/2019\/10\/estadio7AA.jpg 1000w, https:\/\/laplatamagica.ar\/wp-content\/uploads\/2019\/10\/estadio7AA-300x212.jpg 300w, https:\/\/laplatamagica.ar\/wp-content\/uploads\/2019\/10\/estadio7AA-768x542.jpg 768w\" sizes=\"auto, (max-width: 709px) 85vw, (max-width: 909px) 67vw, (max-width: 1362px) 62vw, 840px\" \/><\/figure><\/div>\n\n\n\n<hr class=\"wp-block-separator is-style-wide\"\/>\n","protected":false},"excerpt":{"rendered":"<p>En 1972, al promover a La Plata como subsede de la Copa Mundial de F\u00fatbol de 1978, el Estado Nacional promovi\u00f3 el primer Concurso de Anteproyectos para la realizaci\u00f3n de la obra. De esta manera, en 1989, a partir de la convocatoria del Gobierno de la Provincia de Buenos Aires y de la Municipalidad de &hellip; <a href=\"https:\/\/laplatamagica.ar\/?page_id=4350\" class=\"more-link\">Continuar leyendo<span class=\"screen-reader-text\"> &#8220;Estadio ciudad de La Plata&#8221;<\/span><\/a><\/p>\n","protected":false},"author":1,"featured_media":0,"parent":0,"menu_order":0,"comment_status":"closed","ping_status":"closed","template":"","meta":{"switch_pages_title":"","h5ap_radio_sources":[],"footnotes":""},"class_list":["post-4350","page","type-page","status-publish","hentry"],"_links":{"self":[{"href":"https:\/\/laplatamagica.ar\/index.php?rest_route=\/wp\/v2\/pages\/4350","targetHints":{"allow":["GET"]}}],"collection":[{"href":"https:\/\/laplatamagica.ar\/index.php?rest_route=\/wp\/v2\/pages"}],"about":[{"href":"https:\/\/laplatamagica.ar\/index.php?rest_route=\/wp\/v2\/types\/page"}],"author":[{"embeddable":true,"href":"https:\/\/laplatamagica.ar\/index.php?rest_route=\/wp\/v2\/users\/1"}],"replies":[{"embeddable":true,"href":"https:\/\/laplatamagica.ar\/index.php?rest_route=%2Fwp%2Fv2%2Fcomments&post=4350"}],"version-history":[{"count":0,"href":"https:\/\/laplatamagica.ar\/index.php?rest_route=\/wp\/v2\/pages\/4350\/revisions"}],"wp:attachment":[{"href":"https:\/\/laplatamagica.ar\/index.php?rest_route=%2Fwp%2Fv2%2Fmedia&parent=4350"}],"curies":[{"name":"wp","href":"https:\/\/api.w.org\/{rel}","templated":true}]}}