{"id":4581,"date":"2019-10-26T18:41:11","date_gmt":"2019-10-26T21:41:11","guid":{"rendered":"http:\/\/www.laplatamagica.com.ar\/?page_id=4581"},"modified":"2019-10-27T10:52:30","modified_gmt":"2019-10-27T13:52:30","slug":"caracteristicas-del-monumento-a-dardo-rocha","status":"publish","type":"page","link":"https:\/\/laplatamagica.ar\/?page_id=4581","title":{"rendered":"Caracter\u00edsticas del monumento a Dardo Rocha"},"content":{"rendered":"\n<div class=\"wp-block-image\"><figure class=\"aligncenter\"><img loading=\"lazy\" decoding=\"async\" width=\"800\" height=\"548\" src=\"http:\/\/www.laplatamagica.com.ar\/wp-content\/uploads\/2019\/10\/homenajeaRocha.jpg\" alt=\"\" class=\"wp-image-4586\" srcset=\"https:\/\/laplatamagica.ar\/wp-content\/uploads\/2019\/10\/homenajeaRocha.jpg 800w, https:\/\/laplatamagica.ar\/wp-content\/uploads\/2019\/10\/homenajeaRocha-300x206.jpg 300w, https:\/\/laplatamagica.ar\/wp-content\/uploads\/2019\/10\/homenajeaRocha-768x526.jpg 768w\" sizes=\"auto, (max-width: 800px) 85vw, 800px\" \/><figcaption><strong>Homenaje a Dardo Rocha en el centro de la escena se ve al hijo del fundador Carlos Rocha junto a su esposa.<\/strong><\/figcaption><\/figure><\/div>\n\n\n\n<p><strong>Friso escult\u00f3rico:<\/strong> mide en su desarrollo 14.80 m y contiene 12 figuras en altorrelieve esculpidos en piedra de Punta Mogotes, material que remite todo el monumento. Dos de esas figuras miden 3.40 m y las restantes 2.80 m. Adem\u00e1s, aparece la figura de un ni\u00f1o de 1.50 m. Todas esas figuras pertenecen en conjunto a ocho motivos escult\u00f3ricos distintos.<\/p>\n\n\n\n<p>En el frente principal, el motivo central es <strong>\u00abEl despertar de la creaci\u00f3n\u00bb: <\/strong><\/p>\n\n\n\n<div class=\"wp-block-image\"><figure class=\"aligncenter\"><img loading=\"lazy\" decoding=\"async\" width=\"530\" height=\"600\" src=\"http:\/\/www.laplatamagica.com.ar\/wp-content\/uploads\/2019\/10\/rochad01.jpg\" alt=\"\" class=\"wp-image-4588\" srcset=\"https:\/\/laplatamagica.ar\/wp-content\/uploads\/2019\/10\/rochad01.jpg 530w, https:\/\/laplatamagica.ar\/wp-content\/uploads\/2019\/10\/rochad01-265x300.jpg 265w\" sizes=\"auto, (max-width: 530px) 85vw, 530px\" \/><\/figure><\/div>\n\n\n\n<p>Representada por un\ndesnudo de mujer cuyos brazos se alzan al cielo en muestra de total esplendor.\nLa rodean los elementos de la naturaleza: el agua (sintetizada en estos d\u00edas r\u00edtmicos);\nla tierra (en el ramaje); el fuego (en la llamarada) y el aire (en el ave que\ndesciende del espacio a conmover a la belleza con su canto).<\/p>\n\n\n\n<p>A su derecha est\u00e1 <strong>\u00abEl crecimiento pobladores\u00bb:<\/strong>El artista entreve\u00eda los primeros pobladores, hombres fuertes y optimistas que forman hogares arrollados por anhelos de progreso. El hombre, protector de su compa\u00f1era extiende la vista cubriendo con un manto la figura de una mujer. Un ni\u00f1o, fruto del amor, es el s\u00edmbolo de la nueva generaci\u00f3n, le ofreci\u00f3 su madre un manojo de laurel, expresi\u00f3n del ideal triunfante.<\/p>\n\n\n\n<div class=\"wp-block-image\"><figure class=\"aligncenter\"><img loading=\"lazy\" decoding=\"async\" width=\"750\" height=\"782\" src=\"http:\/\/www.laplatamagica.com.ar\/wp-content\/uploads\/2019\/10\/rochad06.jpg\" alt=\"\" class=\"wp-image-4595\" srcset=\"https:\/\/laplatamagica.ar\/wp-content\/uploads\/2019\/10\/rochad06.jpg 750w, https:\/\/laplatamagica.ar\/wp-content\/uploads\/2019\/10\/rochad06-288x300.jpg 288w\" sizes=\"auto, (max-width: 750px) 85vw, 750px\" \/><figcaption><strong>Plaza Rocha desde el aire.<\/strong><\/figcaption><\/figure><\/div>\n\n\n\n<p><strong>A la izquierda del motivo central, la armon\u00eda y la sabidur\u00eda: <\/strong>Es la visi\u00f3n est\u00e9tica de la vida espiritual de la Ciudad universitaria, acentuaban su prestigio por el Museo de Ciencias Naturales. Las dos figuras de la composici\u00f3n, armon\u00eda y sabidur\u00eda, dirigen el mundo del intelecto. Detr\u00e1s de la sabidur\u00eda, una rama del \u00e1rbol de la ciencia.<\/p>\n\n\n\n<p><strong>El motivo central de contrafrente:<\/strong> Es la paz nacional, figura fuertemente plantada y vigorosa cuya cabeza serena, de suelta cabecera, impone a los herederos de una misma tierra, la paz y el nacionalismo, simbolizados respectivamente en la rama de olivos y en la bandera que sostiene en la diestra. La representaci\u00f3n pl\u00e1stica interpreta un momento hist\u00f3rico definitivo para el pa\u00eds. La fundaci\u00f3n de La Plata aquiet\u00f3 el interior de postreros resquemores.<\/p>\n\n\n\n<div class=\"wp-block-image\"><figure class=\"aligncenter\"><img loading=\"lazy\" decoding=\"async\" width=\"729\" height=\"1000\" src=\"http:\/\/www.laplatamagica.com.ar\/wp-content\/uploads\/2019\/10\/rochad02.jpg\" alt=\"\" class=\"wp-image-4589\" srcset=\"https:\/\/laplatamagica.ar\/wp-content\/uploads\/2019\/10\/rochad02.jpg 729w, https:\/\/laplatamagica.ar\/wp-content\/uploads\/2019\/10\/rochad02-219x300.jpg 219w\" sizes=\"auto, (max-width: 729px) 85vw, 729px\" \/><\/figure><\/div>\n\n\n\n<p><strong>A la derecha de la figura central el tiempo del trabajo: <\/strong>La columna, s\u00edmbolo eterno de la humana obra de todas las edades objetiviza aqu\u00ed a la ciudad que se fue construyendo por la decidida voluntad de los hombres, pueblo y gobierno.<\/p>\n\n\n\n<p><strong>A la izquierda de la figura central, La Conciliaci\u00f3n: <\/strong>Los poderes Nacional y Provincial corporizados en las dos figuras de hermanos luchadores sellan definitivamente su resoluci\u00f3n inteligente de conciliar. Los brazos robustos sobre el roble de la Fuerza en cuyas ramas descansa el gran libro abierto de la Constituci\u00f3n Nacional. Con las dos figuras siguientes el escultor interpreta las virtudes del fundador.<\/p>\n\n\n\n<p><strong>La pureza:<\/strong> Es el desnudo de un adolescente que sostiene en la mano la palma de la Virtud C\u00edvica. Pl\u00e1sticamente el autor quiere transmitir en esta figura la visi\u00f3n de una vida interior idealista.<\/p>\n\n\n\n<p><strong>La Voluntad:<\/strong> Figura vigorosa y firme del hombre de acci\u00f3n a qui\u00e9n ni las piedras pueden quebrantar en su posici\u00f3n de triunfar. La piel del le\u00f3n vencido se dobla sobre sus muslos y se arrolla en su brazo.<\/p>\n\n\n\n<div class=\"wp-block-image\"><figure class=\"alignleft is-resized\"><img loading=\"lazy\" decoding=\"async\" src=\"http:\/\/www.laplatamagica.com.ar\/wp-content\/uploads\/2019\/10\/Cesar-Sforza.jpg\" alt=\"\" class=\"wp-image-4590\" width=\"269\" height=\"358\" srcset=\"https:\/\/laplatamagica.ar\/wp-content\/uploads\/2019\/10\/Cesar-Sforza.jpg 406w, https:\/\/laplatamagica.ar\/wp-content\/uploads\/2019\/10\/Cesar-Sforza-226x300.jpg 226w\" sizes=\"auto, (max-width: 269px) 85vw, 269px\" \/><figcaption> <br><strong>El autor del monumento C\u00e9sar Sforza<\/strong><\/figcaption><\/figure><\/div>\n\n\n\n<p>El autor del\nmonumento C\u00e9sar Sforza naci\u00f3 en la Capital Federal el 24 de septiembre de 1893.\nEstudi\u00f3 como alumno libre de los cursos superiores en la Academia Nacional de\nBellas Artes. Concurri\u00f3 a los salones oficiales de 1918, 1919, 1920, 1921, 1922\ny 1924, conquistando en el de 1920 el primer premio con su escultura\n\u00abCari\u00e1tide\u00bb. Gan\u00f3 el primer premio municipal en 1922 con su obra \u00abTorso de\nmujer\u00bb. Con estas distinciones qued\u00f3 fuera de concurso para las muestras\nposteriores. En la Exposici\u00f3n Internacional de Venecia de 1921, Sforza estuvo\nrepresentado por un bronce: \u00abCabeza de ni\u00f1a\u00bb. En 1927 y 1931 se present\u00f3\nindividualmente en Amigos del Arte, obteniendo \u00e9xitos resonantes en R\u00edo de\nJaneiro (1933), Nueva York y San Francisco (1939). <\/p>\n\n\n\n<p>Han integrado en numerosas oportunidades los jurados de salones nacionales como representante de los pl\u00e1sticos. Presidi\u00f3 durante dos per\u00edodos consecutivos la Sociedad de Artistas Argentinos. Miembro del consejo asesor de la Direcci\u00f3n Nacional de Bellas Artes y fundador de la revista Imagen. <\/p>\n\n\n\n<p>En la escuela de Bellas Artes de nuestra Universidad tuvo a su cargo la ense\u00f1anza de cultura, c\u00e1tedra que conquist\u00f3 por concurso en 1933. Sforza es autor de varias obras monumentales emplazadas en lugares p\u00fablicos de la metr\u00f3poli y de ciudades de nuestra provincia. En la Capital Federal se hallan: en la plaza Almagro, una fuente de piedra, titulada \u00abPastoral\u00bb, adquirida por el Concejo Deliberante en 1928; y frente a la ribera del Riachuelo, en la Boca, el monumento al ingeniero Luis A. Huergo (1928). En Flores hay una estatua del doctor Domingo Arosteguy (1925), y en Bah\u00eda Blanca el \u00abMonumento a los fundadores\u00bb (1931).<\/p>\n\n\n\n<p>Adem\u00e1s, Sforza ha realizado las medallas conmemorativas del centenario de A. Volta, del Instituto Pasteur, de la Escuela Paula Albarracin de Sarmiento, de la Escuela de Bellas Artes de La Plata, del Matadero Municipal de Buenos Aires, del Hospital Pirovano. C\u00e9sar Sforza, falleci\u00f3 el 20 de septiembre de 1983, en Buenos Aires, a los 89 a\u00f1os de edad.<\/p>\n\n\n\n<hr class=\"wp-block-separator is-style-wide\"\/>\n\n\n\n<p style=\"font-size:32px;text-align:center\"><strong><a href=\"http:\/\/www.laplatamagica.com.ar\/?page_id=4467\">Volver a Plaza y Monumentos>>><\/a><\/strong><\/p>\n","protected":false},"excerpt":{"rendered":"<p>Friso escult\u00f3rico: mide en su desarrollo 14.80 m y contiene 12 figuras en altorrelieve esculpidos en piedra de Punta Mogotes, material que remite todo el monumento. Dos de esas figuras miden 3.40 m y las restantes 2.80 m. Adem\u00e1s, aparece la figura de un ni\u00f1o de 1.50 m. Todas esas figuras pertenecen en conjunto a &hellip; <a href=\"https:\/\/laplatamagica.ar\/?page_id=4581\" class=\"more-link\">Continuar leyendo<span class=\"screen-reader-text\"> &#8220;Caracter\u00edsticas del monumento a Dardo Rocha&#8221;<\/span><\/a><\/p>\n","protected":false},"author":1,"featured_media":0,"parent":0,"menu_order":0,"comment_status":"closed","ping_status":"closed","template":"","meta":{"switch_pages_title":"","h5ap_radio_sources":[],"footnotes":""},"class_list":["post-4581","page","type-page","status-publish","hentry"],"_links":{"self":[{"href":"https:\/\/laplatamagica.ar\/index.php?rest_route=\/wp\/v2\/pages\/4581","targetHints":{"allow":["GET"]}}],"collection":[{"href":"https:\/\/laplatamagica.ar\/index.php?rest_route=\/wp\/v2\/pages"}],"about":[{"href":"https:\/\/laplatamagica.ar\/index.php?rest_route=\/wp\/v2\/types\/page"}],"author":[{"embeddable":true,"href":"https:\/\/laplatamagica.ar\/index.php?rest_route=\/wp\/v2\/users\/1"}],"replies":[{"embeddable":true,"href":"https:\/\/laplatamagica.ar\/index.php?rest_route=%2Fwp%2Fv2%2Fcomments&post=4581"}],"version-history":[{"count":0,"href":"https:\/\/laplatamagica.ar\/index.php?rest_route=\/wp\/v2\/pages\/4581\/revisions"}],"wp:attachment":[{"href":"https:\/\/laplatamagica.ar\/index.php?rest_route=%2Fwp%2Fv2%2Fmedia&parent=4581"}],"curies":[{"name":"wp","href":"https:\/\/api.w.org\/{rel}","templated":true}]}}