{"id":4678,"date":"2019-10-28T13:33:12","date_gmt":"2019-10-28T16:33:12","guid":{"rendered":"http:\/\/www.laplatamagica.com.ar\/?page_id=4678"},"modified":"2023-10-06T15:40:49","modified_gmt":"2023-10-06T18:40:49","slug":"que-sabe-usted-de-la-plata-3","status":"publish","type":"page","link":"https:\/\/laplatamagica.ar\/?page_id=4678","title":{"rendered":"\u00bfQu\u00e9 sabe usted de La Plata? 3"},"content":{"rendered":"\n<p class=\"has-text-align-center\" style=\"font-size:22px\"> <br><strong>Ir a&gt;&gt;&gt; \u00bfQu\u00e9 sabe usted de La Plata <a href=\"http:\/\/www.laplatamagica.com.ar\/?page_id=4651\">1<\/a> <a href=\"http:\/\/www.laplatamagica.com.ar\/?page_id=4662\"> 2 <\/a><a href=\"http:\/\/www.laplatamagica.com.ar\/?page_id=4678\">3<\/a> <a href=\"http:\/\/www.laplatamagica.com.ar\/?page_id=4688\">4<\/a> <a href=\"http:\/\/www.laplatamagica.com.ar\/?page_id=4699\">5<\/a> <a href=\"http:\/\/www.laplatamagica.com.ar\/?page_id=4716\">6<\/a>  <a href=\"http:\/\/www.laplatamagica.com.ar\/?page_id=4849\">7 <\/a><a href=\"http:\/\/www.laplatamagica.com.ar\/?page_id=10282\">8<\/a> <a href=\"https:\/\/laplatamagica.com.ar\/?page_id=12325\">9<\/a>?<\/strong> <\/p>\n\n\n\n<div style=\"text-align: center\"><b><big><font color=\"#990000\" size=\"6\" face=\"Verdana, Arial, Helvetica, sans-serif\"><\/font><\/big><\/b><br>\n<hr>\n<font color=\"#990000\" size=\"4\" face=\"Verdana, Arial, Helvetica, sans-serif\"><b>Conozca cuanto sabe de la ciudad de La Plata, respondiendo este cuestionario de 10 preguntas.<br>\nCada respuesta correcta vale 4 punto. Buena suerte y a jugar&#8230;<\/b><\/font><br>\n<font color=\"#990000\" size=\"4\" face=\"Verdana, Arial, Helvetica, sans-serif\">(Todas las respuestas del cuestionario se encuentran en estas p\u00e1ginas)<\/font><br>\n<noscript><font size=\"1\" face=\"Verdana, Arial, Helvetica, sans-serif\" color=\"#990000\">JavaScript esta <b><i>desabilitado<\/i><\/b>. Debe tener activado JavaScript<\/font><\/noscript><\/div>\n<hr>\n<form>\n    <p><font color=\"#990000\" size=\"4\" face=\"Verdana, Arial, Helvetica, sans-serif\"><b>1. \u00bfCu\u00e1l es el nombre de la calle 36?<\/b><\/font><\/p>\n    <p><font color=\"#990000\" size=\"4\" face=\"Verdana, Arial, Helvetica, sans-serif\"><input type=\"radio\" onclick=\"Engine(1, this.value)\" value=\"1\"> Constituyentes de la Naci\u00f3n 1949 <br>\n    <input type=\"radio\" onclick=\"Engine(1, this.value)\" value=\"2\"> Ministro Villamayor <br>\n    <input type=\"radio\" onclick=\"Engine(1, this.value)\" value=\"3\"> Mariano Necochea <br>\n    <\/font><\/p>\n    <p><font color=\"#990000\" size=\"4\" face=\"Verdana, Arial, Helvetica, sans-serif\"><b>2. \u00bfCu\u00e1l es la capacidad de espectadores del Estadio Ciudad de La Plata?<br>\n    <\/b><\/font><\/p>\n    <p><font color=\"#990000\" size=\"4\" face=\"Verdana, Arial, Helvetica, sans-serif\"><input type=\"radio\" onclick=\"Engine(2, this.value)\" value=\"1\"> 55.000 espectadores<br>\n    <input type=\"radio\" onclick=\"Engine(2, this.value)\" value=\"2\"> 45.000 espectadores <br>\n    <input type=\"radio\" onclick=\"Engine(2, this.value)\" value=\"3\"> 35.000 espectadores<br>\n    <\/font><\/p>\n    <p><font color=\"#990000\" size=\"4\" face=\"Verdana, Arial, Helvetica, sans-serif\"><b>3. \u00bfCu\u00e1l era el nombre del Pasaje, actualmente denominado Dardo Rocha?<br>\n    <\/b><\/font><\/p>\n    <p><font color=\"#990000\" size=\"4\" face=\"Verdana, Arial, Helvetica, sans-serif\"><input type=\"radio\" onclick=\"Engine(3, this.value)\" value=\"1\"> Pasaje 19 de Noviembre <br>\n    <input type=\"radio\" onclick=\"Engine(3, this.value)\" value=\"2\"> Pasaje Monteverde<br>\n    <input type=\"radio\" onclick=\"Engine(3, this.value)\" value=\"3\"> Pasaje Benoit<br>\n    <\/font><\/p>\n    <p><font color=\"#990000\" size=\"4\" face=\"Verdana, Arial, Helvetica, sans-serif\"><b>4. \u00bfCual de estos tres arquitectos es uno de los inspiradores de la traza fundacional de la ciudad?<\/b><\/font><\/p>\n    <p><font color=\"#990000\" size=\"4\" face=\"Verdana, Arial, Helvetica, sans-serif\"><input type=\"radio\" onclick=\"Engine(4, this.value)\" value=\"1\"> Buschiazzo<br>\n    <input type=\"radio\" onclick=\"Engine(4, this.value)\" value=\"2\"> Lanusse<br>\n    <input type=\"radio\" onclick=\"Engine(4, this.value)\" value=\"3\"> Burgos<br>\n    <\/font><\/p>\n    <p><font color=\"#990000\" size=\"4\" face=\"Verdana, Arial, Helvetica, sans-serif\"><b>5. \u00bfCu\u00e1ndo brind\u00f3 su primer concierto el Coro Universitario de La Plata?<\/b><\/font><\/p>\n    <p><font color=\"#990000\" size=\"4\" face=\"Verdana, Arial, Helvetica, sans-serif\"><input type=\"radio\" onclick=\"Engine(5, this.value)\" value=\"1\"> 19 de septiembre de 1942<br>\n    <input type=\"radio\" onclick=\"Engine(5, this.value)\" value=\"2\"> 19 de Noviembre de 1952<br>\n    <input type=\"radio\" onclick=\"Engine(5, this.value)\" value=\"3\"> 19 de Junio de 1962<br>\n    <\/font><\/p>\n    <p><font color=\"#990000\" size=\"4\" face=\"Verdana, Arial, Helvetica, sans-serif\"><b>6. \u00bfEn qu\u00e9 fecha se produjo el incendio en la Facultad de Veterinaria de la Universidad de La Plata?<\/b><\/font><\/p>\n    <p><font color=\"#990000\" size=\"4\" face=\"Verdana, Arial, Helvetica, sans-serif\"><input type=\"radio\" onclick=\"Engine(6, this.value)\" value=\"1\"> 2 de diciembre de 1999<br>\n    <input type=\"radio\" onclick=\"Engine(6, this.value)\" value=\"2\"> 6 de marzo de 2000<br>\n    <input type=\"radio\" onclick=\"Engine(6, this.value)\" value=\"3\"> 23 de Agosto de 2001<br>\n    <\/font><\/p>\n    <p><font color=\"#990000\" size=\"4\" face=\"Verdana, Arial, Helvetica, sans-serif\"><b>7.<\/b> <b>\u00bfEn la d\u00e9cadada del cincuenta, los corsos, a que calle se desplazaron?<\/b><br>\n    <\/font><\/p>\n    <p><font color=\"#990000\" size=\"4\" face=\"Verdana, Arial, Helvetica, sans-serif\"><input type=\"radio\" onclick=\"Engine(7, this.value)\" value=\"1\"> Calle 1<br>\n    <input type=\"radio\" onclick=\"Engine(7, this.value)\" value=\"2\"> Calle 7<br>\n    <input type=\"radio\" onclick=\"Engine(7, this.value)\" value=\"3\"> Calle 12<br>\n    <\/font><\/p>\n    <p><font color=\"#990000\" size=\"4\" face=\"Verdana, Arial, Helvetica, sans-serif\"><b>8. <\/b><b>\u00bfCu\u00e1l es el domicilio del Teatro Municipal Coliseo Podest\u00e1?<\/b><br>\n    <\/font><\/p>\n    <p><font color=\"#990000\" size=\"4\" face=\"Verdana, Arial, Helvetica, sans-serif\"><input type=\"radio\" onclick=\"Engine(8, this.value)\" value=\"1\"> Facultad de Ciencias Exactas 47 y 115<br>\n    <input type=\"radio\" onclick=\"Engine(8, this.value)\" value=\"2\"> Calle 10 e\/ 46 y 47 <br>\n    <input type=\"radio\" onclick=\"Engine(8, this.value)\" value=\"3\"> Calle 50 e\/ 19 y 20<br>\n    <\/font><\/p>\n    <p><font color=\"#990000\" size=\"4\" face=\"Verdana, Arial, Helvetica, sans-serif\"><b>9.<\/b><b> \u00bfCu\u00e1l era el parentezco entre Jos\u00e9 Hern\u00e1ndez (autor del Mart\u00edn Fierro) y Rafael Hern\u00e1ndez (Fundador de la Universidad Nacional de La Plata)?<\/b><\/font><\/p>\n    <p><font color=\"#990000\" size=\"4\" face=\"Verdana, Arial, Helvetica, sans-serif\"><input type=\"radio\" onclick=\"Engine(9, this.value)\" value=\"1\"> Padre e hijo.<br>\n    <input type=\"radio\" onclick=\"Engine(9, this.value)\" value=\"2\"> Primos.<br>\n    <input type=\"radio\" onclick=\"Engine(9, this.value)\" value=\"3\"> Hermanos<br>\n    <\/font><\/p>\n    <p><font color=\"#990000\" size=\"4\" face=\"Verdana, Arial, Helvetica, sans-serif\"><b>10. \u00bfQue diario en el a\u00f1o 1907, renov\u00f3 el debate sobre la ubicaci\u00f3n elegida para la nueva capital?<\/b><\/font><\/p>\n    <p align=\"left\"><font color=\"#990000\" size=\"4\" face=\"Verdana, Arial, Helvetica, sans-serif\"><input type=\"radio\" onclick=\"Engine(10, this.value)\" value=\"1\"> El Nacional<br>\n    <input type=\"radio\" onclick=\"Engine(10, this.value)\" value=\"2\"> La Rep\u00fablica<br>\n    <input type=\"radio\" onclick=\"Engine(10, this.value)\" value=\"3\"> La Reforma <\/font><\/p>\n    <hr>\n    <p>&nbsp;<\/p>\n    <center><font color=\"#990000\" size=\"4\" face=\"Verdana, Arial, Helvetica, sans-serif\"><input type=\"button\" onclick=\"NextLevel()\" value=\"Presione para ver el resultado\"><\/font><\/center>\n<\/form>\n<hr>\n<script language=\"JavaScript\">\n\nvar ans = new Array;\nvar done = new Array;\nvar score = 0;\n\nans&#91;1] = \"2\";\nans&#91;2] = \"1\";\nans&#91;3] = \"2\";\nans&#91;4] = \"3\";\nans&#91;5] = \"1\";\nans&#91;6] = \"1\";\nans&#91;7] = \"3\";\nans&#91;8] = \"2\";\nans&#91;9] = \"3\";\nans&#91;10] = \"3\";\n\nfunction Engine(question, answer) {\n\n        if (answer != ans&#91;question]) {\n                if (!done&#91;question]) {\n                        done&#91;question] = -1;\n                        alert(\"Respuesta Incorrecta!\\n\\nSu puntaje todavia es: \" + score);\n                        }\n                else {\n                        alert(\"Respuesta Incorrecta!\\n\\nUsted ya contesto esta pregunta.\");\n                        }\n                }\n        else {\n                if (!done&#91;question]) {\n                        done&#91;question] = -1;\n                        score++;\n                        alert(\"Respuesta Correcta!\\n\\nSu puntaje acumulado es: \" + score);\n                        }\n                else {\n                        alert(\"Respuesta Correcta!\\n\\nUsted ya contesto esta pregunta.\");\n                        }\n                }\n}\n\nfunction NextLevel () {\n        if (score > 10) {\n                alert(\"Haciendo trampa!\");\n                }\n        if (score >= 7 && score < 10) {\n                alert(\"Felicitaciones!  Usted es un verdadero conocedor de la ciudad de La Plata. \\n\\n                                 Su puntaje final es: \" + score)\n\n                }\n        if (score == 10) {\n                alert(\"Excelente!  Usted es un verdadero fan\u00e1tico de la ciudad de La Plata. \\n\\n                           Su puntaje final es: \" + score)\n\n                }\n        if (score < 7) {\n                alert(\"A\u00fan no conoce la ciudad de La Plata.  Debe actualizar la p\u00e1gina, para jugar nuevamente. \\n\\n                                             Su puntaje final es: \" + score)\n                }\n}\n<\/script>\n\n\n\n<pre class=\"wp-block-code\"><code><\/code><\/pre>\n\n\n\n<p class=\"has-text-align-center\"><strong>&nbsp;Usted est\u00e1 en la serie de preguntas 3<\/strong><\/p>\n\n\n\n<p class=\"has-text-align-center\" style=\"font-size:22px\"> <br><strong>Ir a>>> \u00bfQu\u00e9 sabe usted de La Plata\u00a0<a href=\"http:\/\/www.laplatamagica.com.ar\/?page_id=4651\">1<\/a>\u00a0<a href=\"http:\/\/www.laplatamagica.com.ar\/?page_id=4662\">2\u00a0<\/a><a href=\"http:\/\/www.laplatamagica.com.ar\/?page_id=4678\">3<\/a>\u00a0<a href=\"http:\/\/www.laplatamagica.com.ar\/?page_id=4688\">4<\/a>\u00a0<a href=\"http:\/\/www.laplatamagica.com.ar\/?page_id=4699\">5<\/a>\u00a0<a href=\"http:\/\/www.laplatamagica.com.ar\/?page_id=4716\">6<\/a>\u00a0<a href=\"http:\/\/www.laplatamagica.com.ar\/?page_id=4849\">7\u00a0<\/a><a href=\"http:\/\/www.laplatamagica.com.ar\/?page_id=10282\">8<\/a>\u00a0<a href=\"https:\/\/laplatamagica.com.ar\/?page_id=12325\">9<\/a>?<\/strong><\/p>\n","protected":false},"excerpt":{"rendered":"<p>Ir a&gt;&gt;&gt; \u00bfQu\u00e9 sabe usted de La Plata 1 2 3 4 5 6 7 8 9? Conozca cuanto sabe de la ciudad de La Plata, respondiendo este cuestionario de 10 preguntas. Cada respuesta correcta vale 4 punto. Buena suerte y a jugar&#8230; (Todas las respuestas del cuestionario se encuentran en estas p\u00e1ginas) JavaScript esta &hellip; <a href=\"https:\/\/laplatamagica.ar\/?page_id=4678\" class=\"more-link\">Continuar leyendo<span class=\"screen-reader-text\"> &#8220;\u00bfQu\u00e9 sabe usted de La Plata? 3&#8221;<\/span><\/a><\/p>\n","protected":false},"author":1,"featured_media":0,"parent":0,"menu_order":0,"comment_status":"closed","ping_status":"closed","template":"","meta":{"switch_pages_title":"","h5ap_radio_sources":[],"footnotes":""},"class_list":["post-4678","page","type-page","status-publish","hentry"],"_links":{"self":[{"href":"https:\/\/laplatamagica.ar\/index.php?rest_route=\/wp\/v2\/pages\/4678","targetHints":{"allow":["GET"]}}],"collection":[{"href":"https:\/\/laplatamagica.ar\/index.php?rest_route=\/wp\/v2\/pages"}],"about":[{"href":"https:\/\/laplatamagica.ar\/index.php?rest_route=\/wp\/v2\/types\/page"}],"author":[{"embeddable":true,"href":"https:\/\/laplatamagica.ar\/index.php?rest_route=\/wp\/v2\/users\/1"}],"replies":[{"embeddable":true,"href":"https:\/\/laplatamagica.ar\/index.php?rest_route=%2Fwp%2Fv2%2Fcomments&post=4678"}],"version-history":[{"count":5,"href":"https:\/\/laplatamagica.ar\/index.php?rest_route=\/wp\/v2\/pages\/4678\/revisions"}],"predecessor-version":[{"id":12363,"href":"https:\/\/laplatamagica.ar\/index.php?rest_route=\/wp\/v2\/pages\/4678\/revisions\/12363"}],"wp:attachment":[{"href":"https:\/\/laplatamagica.ar\/index.php?rest_route=%2Fwp%2Fv2%2Fmedia&parent=4678"}],"curies":[{"name":"wp","href":"https:\/\/api.w.org\/{rel}","templated":true}]}}