{"id":4688,"date":"2019-10-28T16:42:58","date_gmt":"2019-10-28T19:42:58","guid":{"rendered":"http:\/\/www.laplatamagica.com.ar\/?page_id=4688"},"modified":"2025-06-19T15:14:58","modified_gmt":"2025-06-19T18:14:58","slug":"que-sabe-usted-de-la-plata-4","status":"publish","type":"page","link":"https:\/\/laplatamagica.ar\/?page_id=4688","title":{"rendered":"\u00bfQu\u00e9 sabe usted de La Plata? 4"},"content":{"rendered":"\n<p class=\"has-text-align-center\" style=\"font-size:22px\"> <br><strong>Ir a&gt;&gt;&gt; <strong>\u00bfQu\u00e9 sabe usted de La Plata <a href=\"http:\/\/www.laplatamagica.com.ar\/?page_id=4651\">1<\/a> <a href=\"http:\/\/www.laplatamagica.com.ar\/?page_id=4662\"> 2 <\/a><a href=\"http:\/\/www.laplatamagica.com.ar\/?page_id=4678\">3<\/a> <a href=\"http:\/\/www.laplatamagica.com.ar\/?page_id=4688\">4<\/a> <a href=\"http:\/\/www.laplatamagica.com.ar\/?page_id=4699\">5<\/a> <a href=\"http:\/\/www.laplatamagica.com.ar\/?page_id=4716\">6<\/a>  <a href=\"http:\/\/www.laplatamagica.com.ar\/?page_id=4849\">7 <\/a><a href=\"http:\/\/www.laplatamagica.com.ar\/?page_id=10282\">8<\/a> <a href=\"https:\/\/laplatamagica.com.ar\/?page_id=12325\">9<\/a>?<\/strong> <\/strong>  <\/p>\n\n\n\n<figure class=\"wp-block-image size-full\"><a href=\"https:\/\/revolucion989.com.ar\/\" target=\"_blank\" rel=\" noreferrer noopener\"><img decoding=\"async\" src=\"https:\/\/laplatamagica.ar\/wp-content\/uploads\/2025\/04\/baner-1.jpg\" alt=\"\" class=\"wp-image-13120\"\/><\/a><\/figure>\n\n\n\n<div style=\"text-align: center\"><b><big><font color=\"#990000\" size=\"6\" face=\"Verdana, Arial, Helvetica, sans-serif\"<\/font><\/big><\/b><br \/>\n<hr \/>\n<font color=\"#990000\" size=\"4\" face=\"Verdana, Arial, Helvetica, sans-serif\"><b>Conozca cuanto sabe de la ciudad de La Plata, respondiendo este cuestionario de 10 preguntas.<br \/>\nCada respuesta correcta vale 1 punto. Buena suerte y a jugar&#8230;<\/b><\/font><br \/>\n<font color=\"#990000\" size=\"4\" face=\"Verdana, Arial, Helvetica, sans-serif\">(Todas las respuestas del cuestionario se encuentran en estas p&aacute;ginas)<\/font><br \/>\n<noscript><font size=\"1\" face=\"Verdana, Arial, Helvetica, sans-serif\" color=\"#990000\">JavaScript esta <b><i>desabilitado<\/b><\/i>. Debe tener activado JavaScript<\/font><\/noscript><\/div>\n<hr \/>\n<form>\n    <p><font color=\"#990000\" size=\"4\" face=\"Verdana, Arial, Helvetica, sans-serif\"><b>1.<\/b><b> \u00bfD\u00f3nde se encuentra el Museo de los  trabajadores \u201cEvita\u201d?<\/b><\/font><\/p>\n    <p><font color=\"#990000\" size=\"4\" face=\"Verdana, Arial, Helvetica, sans-serif\"><input type=\"radio\" onClick=\"Engine(1, this.value)\" value=\"1\" \/> Av. 51 N\u00b0 417 e\/ 3 y 4 <br \/>\n    <input type=\"radio\" onClick=\"Engine(1, this.value)\" value=\"2\" \/> Calle 46 esquina 6 <br \/>\n    <input type=\"radio\" onClick=\"Engine(1, this.value)\" value=\"3\" \/> Calle 50 N\u00b0 330 <br \/>\n    <\/font><\/p>\n    <p><font color=\"#990000\" size=\"4\" face=\"Verdana, Arial, Helvetica, sans-serif\"><b>2. \u00bfD\u00f3nde se encuentra la Plaza Azcu\u00e9naga?<br \/>\n    <\/b><\/font><\/p>\n    <p><font color=\"#990000\" size=\"4\" face=\"Verdana, Arial, Helvetica, sans-serif\"><input type=\"radio\" onClick=\"Engine(2, this.value)\" value=\"1\" \/> En 13 y 60 <br \/>\n    <input type=\"radio\" onClick=\"Engine(2, this.value)\" value=\"2\" \/> En 19 y 44 <br \/>\n    <input type=\"radio\" onClick=\"Engine(2, this.value)\" value=\"3\" \/> 66 y 25<br \/>\n    <\/font><\/p>\n    <p><font color=\"#990000\" size=\"4\" face=\"Verdana, Arial, Helvetica, sans-serif\"><b>3. \u00bfEn qu\u00e9 a\u00f1o se inauguraron las torres de la Catedral?<br \/>\n    <\/b><\/font><\/p>\n    <p><font color=\"#990000\" size=\"4\" face=\"Verdana, Arial, Helvetica, sans-serif\"><input type=\"radio\" onClick=\"Engine(3, this.value)\" value=\"1\" \/> A\u00f1o 2000 <br \/>\n    <input type=\"radio\" onClick=\"Engine(3, this.value)\" value=\"2\" \/> A\u00f1o 1995<br \/>\n    <input type=\"radio\" onClick=\"Engine(3, this.value)\" value=\"3\" \/> A\u00f1o 1999<br \/>\n    <\/font><\/p>\n    <p><font color=\"#990000\" size=\"4\" face=\"Verdana, Arial, Helvetica, sans-serif\"><b>4. \u00bfCu\u00e1ntas figuras en alto relieve tienen el monumento a Rocha?<\/b><\/font><\/p>\n    <p><font color=\"#990000\" size=\"4\" face=\"Verdana, Arial, Helvetica, sans-serif\"><input type=\"radio\" onClick=\"Engine(4, this.value)\" value=\"1\" \/> 66<br \/>\n    <input type=\"radio\" onClick=\"Engine(4, this.value)\" value=\"2\" \/> 12<br \/>\n    <input type=\"radio\" onClick=\"Engine(4, this.value)\" value=\"3\" \/> 14<br \/>\n    <\/font><\/p>\n    <p><font color=\"#990000\" size=\"4\" face=\"Verdana, Arial, Helvetica, sans-serif\"><b>5. \u00bfEn qu\u00e9 a\u00f1o dejaron de funcionar los tranv\u00edas?<\/b><\/font><\/p>\n    <p><font color=\"#990000\" size=\"4\" face=\"Verdana, Arial, Helvetica, sans-serif\"><input type=\"radio\" onClick=\"Engine(5, this.value)\" value=\"1\" \/> 1960<br \/>\n    <input type=\"radio\" onClick=\"Engine(5, this.value)\" value=\"2\" \/> 1963<br \/>\n    <input type=\"radio\" onClick=\"Engine(5, this.value)\" value=\"3\" \/> 1966<br \/>\n    <\/font><\/p>\n    <p><font color=\"#990000\" size=\"4\" face=\"Verdana, Arial, Helvetica, sans-serif\"><b>6. \u00bfEn qu\u00e9 a\u00f1o se inaugur\u00f3 la Rep\u00fablica de los Ni\u00f1os?<\/b><\/font><\/p>\n    <p><font color=\"#990000\" size=\"4\" face=\"Verdana, Arial, Helvetica, sans-serif\"><input type=\"radio\" onClick=\"Engine(6, this.value)\" value=\"1\" \/> 1945<br \/>\n    <input type=\"radio\" onClick=\"Engine(6, this.value)\" value=\"2\" \/> 1951<br \/>\n    <input type=\"radio\" onClick=\"Engine(6, this.value)\" value=\"3\" \/> 1950<br \/>\n    <\/font><\/p>\n    <p><font color=\"#990000\" size=\"4\" face=\"Verdana, Arial, Helvetica, sans-serif\"><b>7. <\/b>&#8211;<b>\u00bfEn qu\u00e9 a\u00f1o se incorpora Paturuz\u00fa a la tira diaria del diario El D\u00eda?<\/b><br \/>\n    <\/font><\/p>\n    <p><font color=\"#990000\" size=\"4\" face=\"Verdana, Arial, Helvetica, sans-serif\"><input type=\"radio\" onClick=\"Engine(7, this.value)\" value=\"1\" \/> 1941 <br \/>\n    <input type=\"radio\" onClick=\"Engine(7, this.value)\" value=\"2\" \/> 1935<br \/>\n    <input type=\"radio\" onClick=\"Engine(7, this.value)\" value=\"3\" \/> 1955 <br \/>\n    <\/font><\/p>\n    <p><font color=\"#990000\" size=\"4\" face=\"Verdana, Arial, Helvetica, sans-serif\"><b>8. <\/b><b>\u00bfQui\u00e9n est\u00e1 sentado en los jardines de 7 y 47?<\/b><br \/>\n    <\/font><\/p>\n    <p><font color=\"#990000\" size=\"4\" face=\"Verdana, Arial, Helvetica, sans-serif\"><input type=\"radio\" onClick=\"Engine(8, this.value)\" value=\"1\" \/> Sarmiento<br \/>\n    <input type=\"radio\" onClick=\"Engine(8, this.value)\" value=\"2\" \/> Ugarte<br \/>\n    <input type=\"radio\" onClick=\"Engine(8, this.value)\" value=\"3\" \/> Gonz\u00e1lez <br \/>\n    <\/font><\/p>\n    <p><font color=\"#990000\" size=\"4\" face=\"Verdana, Arial, Helvetica, sans-serif\"><b>9.<\/b><b> <\/b><b>\u00bfQu\u00e9 calle se denomina calle real?<\/b><\/font><\/p>\n    <p><font color=\"#990000\" size=\"4\" face=\"Verdana, Arial, Helvetica, sans-serif\"><input type=\"radio\" onClick=\"Engine(9, this.value)\" value=\"1\" \/> La 7<br \/>\n    <input type=\"radio\" onClick=\"Engine(9, this.value)\" value=\"2\" \/> La 1<br \/>\n    <input type=\"radio\" onClick=\"Engine(9, this.value)\" value=\"3\" \/> La 13<br \/>\n    <\/font><\/p>\n    <p><font color=\"#990000\" size=\"4\" face=\"Verdana, Arial, Helvetica, sans-serif\"><b>10. \u00bfCu\u00e1ndo se ensay\u00f3 el tranv\u00eda el\u00e9ctrico en la ciudad?<\/b><\/font><\/p>\n    <p align=\"left\"><font color=\"#990000\" size=\"4\" face=\"Verdana, Arial, Helvetica, sans-serif\"><input type=\"radio\" onClick=\"Engine(10, this.value)\" value=\"1\" \/> 1890<br \/>\n    <input type=\"radio\" onClick=\"Engine(10, this.value)\" value=\"2\" \/> 1910<br \/>\n    <input type=\"radio\" onClick=\"Engine(10, this.value)\" value=\"3\" \/> 1892 <\/font><\/p>\n    <hr \/>\n    <p>&nbsp;<\/p>\n    <center><font color=\"#990000\" size=\"4\" face=\"Verdana, Arial, Helvetica, sans-serif\"><input type=\"button\" onclick=\"NextLevel()\" value=\"Presione para ver el resultado\" \/><\/font><\/center>\n<\/form>\n<hr \/>\n<script language=\"JavaScript\">\n\nvar ans = new Array;\nvar done = new Array;\nvar score = 0;\n\nans[1] = \"1\";\nans[2] = \"2\";\nans[3] = \"3\";\nans[4] = \"2\";\nans[5] = \"3\";\nans[6] = \"2\";\nans[7] = \"2\";\nans[8] = \"2\";\nans[9] = \"2\";\nans[10] = \"3\";\n\nfunction Engine(question, answer) {\n\n        if (answer != ans[question]) {\n                if (!done[question]) {\n                        done[question] = -1;\n                        alert(\"Respuesta Incorrecta!\\n\\nSu puntaje todavia es: \" + score);\n                        }\n                else {\n                        alert(\"Respuesta Incorrecta!\\n\\nUsted ya contesto esta pregunta.\");\n                        }\n                }\n        else {\n                if (!done[question]) {\n                        done[question] = -1;\n                        score++;\n                        alert(\"Respuesta Correcta!\\n\\nSu puntaje acumulado es: \" + score);\n                        }\n                else {\n                        alert(\"Respuesta Correcta!\\n\\nUsted ya contesto esta pregunta.\");\n                        }\n                }\n}\n\nfunction NextLevel () {\n        if (score > 10) {\n                alert(\"Haciendo trampa!\");\n                }\n        if (score >= 7 && score < 10) {\n                alert(\"Felicitaciones!  Usted es un verdadero conocedor de la ciudad de La Plata. \\n\\n                                 Su puntaje final es: \" + score)\n\n                }\n        if (score == 10) {\n                alert(\"Excelente!  Usted es un verdadero fan\u00e1tico de la ciudad de La Plata. \\n\\n                           Su puntaje final es: \" + score)\n\n                }\n        if (score < 7) {\n                alert(\"A\u00fan no conoce la ciudad de La Plata.  Debe actualizar la p\u00e1gina, para jugar nuevamente. \\n\\n                                             Su puntaje final es: \" + score)\n                }\n}\n<\/script>\n\n\n\n<p class=\"has-text-align-center\"><strong>&nbsp;Usted est\u00e1 en la serie de preguntas 4<\/strong><\/p>\n\n\n\n<p class=\"has-text-align-center\" style=\"font-size:22px\"> <br><strong>Ir a&gt;&gt;&gt; \u00bfQu\u00e9 sabe usted de La Plata&nbsp;<a href=\"http:\/\/www.laplatamagica.com.ar\/?page_id=4651\">1<\/a>&nbsp;<a href=\"http:\/\/www.laplatamagica.com.ar\/?page_id=4662\">2&nbsp;<\/a><a href=\"http:\/\/www.laplatamagica.com.ar\/?page_id=4678\">3<\/a>&nbsp;<a href=\"http:\/\/www.laplatamagica.com.ar\/?page_id=4688\">4<\/a>&nbsp;<a href=\"http:\/\/www.laplatamagica.com.ar\/?page_id=4699\">5<\/a>&nbsp;<a href=\"http:\/\/www.laplatamagica.com.ar\/?page_id=4716\">6<\/a>&nbsp;<a href=\"http:\/\/www.laplatamagica.com.ar\/?page_id=4849\">7&nbsp;<\/a><a href=\"http:\/\/www.laplatamagica.com.ar\/?page_id=10282\">8<\/a>&nbsp;<a href=\"https:\/\/laplatamagica.com.ar\/?page_id=12325\">9<\/a>?<\/strong>   <\/p>\n\n\n<p><!-- \/wp:post-content --><\/p>\n<p><!-- wp:paragraph --><\/p>\n<\/p>\n<p><!-- \/wp:paragraph --><\/p>","protected":false},"excerpt":{"rendered":"<p>Ir a&gt;&gt;&gt; \u00bfQu\u00e9 sabe usted de La Plata 1 2 3 4 5 6 7 8 9?<\/p>\n","protected":false},"author":1,"featured_media":0,"parent":0,"menu_order":0,"comment_status":"closed","ping_status":"closed","template":"","meta":{"switch_pages_title":"","h5ap_radio_sources":[],"footnotes":""},"class_list":["post-4688","page","type-page","status-publish","hentry"],"_links":{"self":[{"href":"https:\/\/laplatamagica.ar\/index.php?rest_route=\/wp\/v2\/pages\/4688","targetHints":{"allow":["GET"]}}],"collection":[{"href":"https:\/\/laplatamagica.ar\/index.php?rest_route=\/wp\/v2\/pages"}],"about":[{"href":"https:\/\/laplatamagica.ar\/index.php?rest_route=\/wp\/v2\/types\/page"}],"author":[{"embeddable":true,"href":"https:\/\/laplatamagica.ar\/index.php?rest_route=\/wp\/v2\/users\/1"}],"replies":[{"embeddable":true,"href":"https:\/\/laplatamagica.ar\/index.php?rest_route=%2Fwp%2Fv2%2Fcomments&post=4688"}],"version-history":[{"count":3,"href":"https:\/\/laplatamagica.ar\/index.php?rest_route=\/wp\/v2\/pages\/4688\/revisions"}],"predecessor-version":[{"id":13178,"href":"https:\/\/laplatamagica.ar\/index.php?rest_route=\/wp\/v2\/pages\/4688\/revisions\/13178"}],"wp:attachment":[{"href":"https:\/\/laplatamagica.ar\/index.php?rest_route=%2Fwp%2Fv2%2Fmedia&parent=4688"}],"curies":[{"name":"wp","href":"https:\/\/api.w.org\/{rel}","templated":true}]}}