{"id":4699,"date":"2019-10-28T17:58:04","date_gmt":"2019-10-28T20:58:04","guid":{"rendered":"http:\/\/www.laplatamagica.com.ar\/?page_id=4699"},"modified":"2023-10-06T15:39:41","modified_gmt":"2023-10-06T18:39:41","slug":"que-sabe-usted-de-la-plata-5","status":"publish","type":"page","link":"https:\/\/laplatamagica.ar\/?page_id=4699","title":{"rendered":"\u00bfQu\u00e9 sabe usted de La Plata? 5"},"content":{"rendered":"\n<p class=\"has-text-align-center\" style=\"font-size:21px\"> <br><strong>Ir a&gt;&gt;&gt;\u00bfQu\u00e9 sabe usted de La Plata <a href=\"http:\/\/www.laplatamagica.com.ar\/?page_id=4651\">1<\/a> <a href=\"http:\/\/www.laplatamagica.com.ar\/?page_id=4662\"> 2 <\/a><a href=\"http:\/\/www.laplatamagica.com.ar\/?page_id=4678\">3<\/a> <a href=\"http:\/\/www.laplatamagica.com.ar\/?page_id=4688\">4<\/a> <a href=\"http:\/\/www.laplatamagica.com.ar\/?page_id=4699\">5<\/a> <a href=\"http:\/\/www.laplatamagica.com.ar\/?page_id=4716\">6<\/a>  <a href=\"http:\/\/www.laplatamagica.com.ar\/?page_id=4849\">7 <\/a><a href=\"http:\/\/www.laplatamagica.com.ar\/?page_id=10282\">8<\/a> <a href=\"https:\/\/laplatamagica.com.ar\/?page_id=12325\">9<\/a>?<\/strong> <\/p>\n\n\n\n<div style=\"text-align: center\"><b><big><font color=\"#990000\" size=\"6\" face=\"Verdana, Arial, Helvetica, sans-serif\"<\/font><\/big><\/b><br \/>\n<hr \/>\n<font color=\"#990000\" size=\"4\" face=\"Verdana, Arial, Helvetica, sans-serif\"><b>Conozca cuanto sabe de la ciudad de La Plata, respondiendo este cuestionario de 10 preguntas.<br \/>\nCada respuesta correcta vale 1 punto. Buena suerte y a jugar&#8230;<\/b><\/font><br \/>\n<font color=\"#990000\" size=\"4\" face=\"Verdana, Arial, Helvetica, sans-serif\">(Todas las respuestas del cuestionario se encuentran en estas p&aacute;ginas)<\/font><br \/>\n<noscript><font size=\"1\" face=\"Verdana, Arial, Helvetica, sans-serif\" color=\"#990000\">JavaScript esta <b><i>desabilitado<\/b><\/i>. Debe tener activado JavaScript<\/font><\/noscript><\/div>\n<hr \/>\n<form>\n    <p><font color=\"#990000\" size=\"4\" face=\"Verdana, Arial, Helvetica, sans-serif\"><b>1.<\/b><b> \u00bfQu\u00e9 hay en la calle 1 y 52?\u201d?<\/b><\/font><\/p>\n    <p><font color=\"#990000\" size=\"4\" face=\"Verdana, Arial, Helvetica, sans-serif\"><input type=\"radio\" onClick=\"Engine(1, this.value)\" value=\"1\" \/> No existe <br \/>\n    <input type=\"radio\" onClick=\"Engine(1, this.value)\" value=\"2\" \/> La plaza Almirante Brown <br \/>\n    <input type=\"radio\" onClick=\"Engine(1, this.value)\" value=\"3\" \/> Un monolito <br \/>\n    <\/font><\/p>\n    <p><font color=\"#990000\" size=\"4\" face=\"Verdana, Arial, Helvetica, sans-serif\"><b>2. \u00bfEn qu\u00e9 a\u00f1o se inaugur\u00f3 el monumento a Don Bosco en Diag. 73 y 58?<br \/>\n    <\/b><\/font><\/p>\n    <p><font color=\"#990000\" size=\"4\" face=\"Verdana, Arial, Helvetica, sans-serif\"><input type=\"radio\" onClick=\"Engine(2, this.value)\" value=\"1\" \/> 1920 <br \/>\n    <input type=\"radio\" onClick=\"Engine(2, this.value)\" value=\"2\" \/> 1940 <br \/>\n    <input type=\"radio\" onClick=\"Engine(2, this.value)\" value=\"3\" \/> 1930<br \/>\n    <\/font><\/p>\n    <p><font color=\"#990000\" size=\"4\" face=\"Verdana, Arial, Helvetica, sans-serif\"><b>3. \u00bfQu\u00e9 era el molino \u201cLa Julia\u201d?<br \/>\n    <\/b><\/font><\/p>\n    <p><font color=\"#990000\" size=\"4\" face=\"Verdana, Arial, Helvetica, sans-serif\"><input type=\"radio\" onClick=\"Engine(3, this.value)\" value=\"1\" \/> Una estancia <br \/>\n    <input type=\"radio\" onClick=\"Engine(3, this.value)\" value=\"2\" \/> Una f\u00e1brica de galletitas<br \/>\n    <input type=\"radio\" onClick=\"Engine(3, this.value)\" value=\"3\" \/> Una embotelladora de soda<br \/>\n    <\/font><\/p>\n    <p><font color=\"#990000\" size=\"4\" face=\"Verdana, Arial, Helvetica, sans-serif\"><b>4. \u00bfEn qu\u00e9 a\u00f1o se puso la piedra fundacional del templo Sagrado Coraz\u00f3n?<\/b><\/font><\/p>\n    <p><font color=\"#990000\" size=\"4\" face=\"Verdana, Arial, Helvetica, sans-serif\"><input type=\"radio\" onClick=\"Engine(4, this.value)\" value=\"1\" \/> En 1898<br \/>\n    <input type=\"radio\" onClick=\"Engine(4, this.value)\" value=\"2\" \/> En 1903<br \/>\n    <input type=\"radio\" onClick=\"Engine(4, this.value)\" value=\"3\" \/> En 1890<br \/>\n    <\/font><\/p>\n    <p><font color=\"#990000\" size=\"4\" face=\"Verdana, Arial, Helvetica, sans-serif\"><b>5. \u00bfEn qu\u00e9 a\u00f1o fue el cincuentenario de Tolosa?<\/b><\/font><\/p>\n    <p><font color=\"#990000\" size=\"4\" face=\"Verdana, Arial, Helvetica, sans-serif\"><input type=\"radio\" onClick=\"Engine(5, this.value)\" value=\"1\" \/> 1931<br \/>\n    <input type=\"radio\" onClick=\"Engine(5, this.value)\" value=\"2\" \/> 1921<br \/>\n    <input type=\"radio\" onClick=\"Engine(5, this.value)\" value=\"3\" \/> 1925<br \/>\n    <\/font><\/p>\n    <p><font color=\"#990000\" size=\"4\" face=\"Verdana, Arial, Helvetica, sans-serif\"><b>6. \u00bfEn qu\u00e9 a\u00f1o fue inaugurada la estaci\u00f3n 19 de Noviembre actual pasaje Rocha?\n<\/b><\/font><\/p>\n    <p><font color=\"#990000\" size=\"4\" face=\"Verdana, Arial, Helvetica, sans-serif\"><input type=\"radio\" onClick=\"Engine(6, this.value)\" value=\"1\" \/> 1890<br \/>\n    <input type=\"radio\" onClick=\"Engine(6, this.value)\" value=\"2\" \/> 1905<br \/>\n    <input type=\"radio\" onClick=\"Engine(6, this.value)\" value=\"3\" \/> 1887<br \/>\n    <\/font><\/p>\n    <p><font color=\"#990000\" size=\"4\" face=\"Verdana, Arial, Helvetica, sans-serif\"><b>7. <\/b>&#8211;<b>\u00bfEn qu\u00e9 a\u00f1o falleci\u00f3 Dardo Rocha?<\/b><br \/>\n    <\/font><\/p>\n    <p><font color=\"#990000\" size=\"4\" face=\"Verdana, Arial, Helvetica, sans-serif\"><input type=\"radio\" onClick=\"Engine(7, this.value)\" value=\"1\" \/> 1911 <br \/>\n    <input type=\"radio\" onClick=\"Engine(7, this.value)\" value=\"2\" \/> 1921<br \/>\n    <input type=\"radio\" onClick=\"Engine(7, this.value)\" value=\"3\" \/> 1905 <br \/>\n    <\/font><\/p>\n    <p><font color=\"#990000\" size=\"4\" face=\"Verdana, Arial, Helvetica, sans-serif\"><b>8. <\/b><b>\u00bfPor la Diagonal 74 cu\u00e1l es la \u00faltima plaza antes del cementerio?<\/b><br \/>\n    <\/font><\/p>\n    <p><font color=\"#990000\" size=\"4\" face=\"Verdana, Arial, Helvetica, sans-serif\"><input type=\"radio\" onClick=\"Engine(8, this.value)\" value=\"1\" \/> 19 de Noviembre<br \/>\n    <input type=\"radio\" onClick=\"Engine(8, this.value)\" value=\"2\" \/> Plaza Paso<br \/>\n    <input type=\"radio\" onClick=\"Engine(8, this.value)\" value=\"3\" \/> Plaza Castelli <br \/>\n    <\/font><\/p>\n    <p><font color=\"#990000\" size=\"4\" face=\"Verdana, Arial, Helvetica, sans-serif\"><b>9.<\/b><b> <\/b><b>\u00bfD\u00f3nde se encuentra la Plaza Juan D. Per\u00f3n?<\/b><\/font><\/p>\n    <p><font color=\"#990000\" size=\"4\" face=\"Verdana, Arial, Helvetica, sans-serif\"><input type=\"radio\" onClick=\"Engine(9, this.value)\" value=\"1\" \/> En 60 y 25<br \/>\n    <input type=\"radio\" onClick=\"Engine(9, this.value)\" value=\"2\" \/> En 13 y 60<br \/>\n    <input type=\"radio\" onClick=\"Engine(9, this.value)\" value=\"3\" \/> En 1 y 66<br \/>\n    <\/font><\/p>\n    <p><font color=\"#990000\" size=\"4\" face=\"Verdana, Arial, Helvetica, sans-serif\"><b>10. \u00bfEn qu\u00e9 a\u00f1o se inaugur\u00f3 el Obelisco de nuestra ciudad?<\/b><\/font><\/p>\n    <p align=\"left\"><font color=\"#990000\" size=\"4\" face=\"Verdana, Arial, Helvetica, sans-serif\"><input type=\"radio\" onClick=\"Engine(10, this.value)\" value=\"1\" \/> 1940<br \/>\n    <input type=\"radio\" onClick=\"Engine(10, this.value)\" value=\"2\" \/> 1932<br \/>\n    <input type=\"radio\" onClick=\"Engine(10, this.value)\" value=\"3\" \/> 1960 <\/font><\/p>\n    <hr \/>\n    <p>&nbsp;<\/p>\n    <center><font color=\"#990000\" size=\"4\" face=\"Verdana, Arial, Helvetica, sans-serif\"><input type=\"button\" onclick=\"NextLevel()\" value=\"Presione para ver el resultado\" \/><\/font><\/center>\n<\/form>\n<hr \/>\n<script language=\"JavaScript\">\n\nvar ans = new Array;\nvar done = new Array;\nvar score = 0;\n\nans[1] = \"2\";\nans[2] = \"3\";\nans[3] = \"2\";\nans[4] = \"1\";\nans[5] = \"2\";\nans[6] = \"3\";\nans[7] = \"2\";\nans[8] = \"3\";\nans[9] = \"1\";\nans[10] = \"2\";\n\nfunction Engine(question, answer) {\n\n        if (answer != ans[question]) {\n                if (!done[question]) {\n                        done[question] = -1;\n                        alert(\"Respuesta Incorrecta!\\n\\nSu puntaje todavia es: \" + score);\n                        }\n                else {\n                        alert(\"Respuesta Incorrecta!\\n\\nUsted ya contesto esta pregunta.\");\n                        }\n                }\n        else {\n                if (!done[question]) {\n                        done[question] = -1;\n                        score++;\n                        alert(\"Respuesta Correcta!\\n\\nSu puntaje acumulado es: \" + score);\n                        }\n                else {\n                        alert(\"Respuesta Correcta!\\n\\nUsted ya contesto esta pregunta.\");\n                        }\n                }\n}\n\nfunction NextLevel () {\n        if (score > 10) {\n                alert(\"Haciendo trampa!\");\n                }\n        if (score >= 7 && score < 10) {\n                alert(\"Felicitaciones!  Usted es un verdadero conocedor de la ciudad de La Plata. \\n\\n                                 Su puntaje final es: \" + score)\n\n                }\n        if (score == 10) {\n                alert(\"Excelente!  Usted es un verdadero fan\u00e1tico de la ciudad de La Plata. \\n\\n                           Su puntaje final es: \" + score)\n\n                }\n        if (score < 7) {\n                alert(\"A\u00fan no conoce la ciudad de La Plata.  Debe actualizar la p\u00e1gina, para jugar nuevamente. \\n\\n                                             Su puntaje final es: \" + score)\n                }\n}\n<\/script>\n\n\n\n<p class=\"has-text-align-center\"><strong> Usted est\u00e1 en la serie de preguntas 5 <\/strong><\/p>\n\n\n\n<p class=\"has-text-align-center\" style=\"font-size:21px\"><strong>Ir a>>> \u00bfQu\u00e9 sabe usted de La Plata\u00a0<a href=\"http:\/\/www.laplatamagica.com.ar\/?page_id=4651\">1<\/a>\u00a0<a href=\"http:\/\/www.laplatamagica.com.ar\/?page_id=4662\">2\u00a0<\/a><a href=\"http:\/\/www.laplatamagica.com.ar\/?page_id=4678\">3<\/a>\u00a0<a href=\"http:\/\/www.laplatamagica.com.ar\/?page_id=4688\">4<\/a>\u00a0<a href=\"http:\/\/www.laplatamagica.com.ar\/?page_id=4699\">5<\/a>\u00a0<a href=\"http:\/\/www.laplatamagica.com.ar\/?page_id=4716\">6<\/a>\u00a0<a href=\"http:\/\/www.laplatamagica.com.ar\/?page_id=4849\">7\u00a0<\/a><a href=\"http:\/\/www.laplatamagica.com.ar\/?page_id=10282\">8<\/a>\u00a0<a href=\"https:\/\/laplatamagica.com.ar\/?page_id=12325\">9<\/a>?<\/strong>   <\/p>\n\n\n<p><!-- \/wp:post-content --><\/p>","protected":false},"excerpt":{"rendered":"<p>Ir a&gt;&gt;&gt;\u00bfQu\u00e9 sabe usted de La Plata 1 2 3 4 5 6 7 8 9? >> \u00bfQu\u00e9 sabe usted de La Plata\u00a01\u00a02\u00a03\u00a04\u00a05\u00a06\u00a07\u00a08\u00a09?<\/p>\n","protected":false},"author":1,"featured_media":0,"parent":0,"menu_order":0,"comment_status":"closed","ping_status":"closed","template":"","meta":{"switch_pages_title":"","h5ap_radio_sources":[],"footnotes":""},"class_list":["post-4699","page","type-page","status-publish","hentry"],"_links":{"self":[{"href":"https:\/\/laplatamagica.ar\/index.php?rest_route=\/wp\/v2\/pages\/4699","targetHints":{"allow":["GET"]}}],"collection":[{"href":"https:\/\/laplatamagica.ar\/index.php?rest_route=\/wp\/v2\/pages"}],"about":[{"href":"https:\/\/laplatamagica.ar\/index.php?rest_route=\/wp\/v2\/types\/page"}],"author":[{"embeddable":true,"href":"https:\/\/laplatamagica.ar\/index.php?rest_route=\/wp\/v2\/users\/1"}],"replies":[{"embeddable":true,"href":"https:\/\/laplatamagica.ar\/index.php?rest_route=%2Fwp%2Fv2%2Fcomments&post=4699"}],"version-history":[{"count":2,"href":"https:\/\/laplatamagica.ar\/index.php?rest_route=\/wp\/v2\/pages\/4699\/revisions"}],"predecessor-version":[{"id":12361,"href":"https:\/\/laplatamagica.ar\/index.php?rest_route=\/wp\/v2\/pages\/4699\/revisions\/12361"}],"wp:attachment":[{"href":"https:\/\/laplatamagica.ar\/index.php?rest_route=%2Fwp%2Fv2%2Fmedia&parent=4699"}],"curies":[{"name":"wp","href":"https:\/\/api.w.org\/{rel}","templated":true}]}}