{"id":4759,"date":"2019-10-29T11:25:52","date_gmt":"2019-10-29T14:25:52","guid":{"rendered":"http:\/\/www.laplatamagica.com.ar\/?page_id=4759"},"modified":"2021-02-14T08:51:37","modified_gmt":"2021-02-14T11:51:37","slug":"denominacion-de-la-calles","status":"publish","type":"page","link":"https:\/\/laplatamagica.ar\/?page_id=4759","title":{"rendered":"Denominaci\u00f3n de la calles"},"content":{"rendered":"\n<div class=\"wp-block-image\"><figure class=\"aligncenter\"><img loading=\"lazy\" decoding=\"async\" width=\"900\" height=\"265\" src=\"http:\/\/www.laplatamagica.com.ar\/wp-content\/uploads\/2019\/10\/datacion.jpg\" alt=\"\" class=\"wp-image-4765\" srcset=\"https:\/\/laplatamagica.ar\/wp-content\/uploads\/2019\/10\/datacion.jpg 900w, https:\/\/laplatamagica.ar\/wp-content\/uploads\/2019\/10\/datacion-300x88.jpg 300w, https:\/\/laplatamagica.ar\/wp-content\/uploads\/2019\/10\/datacion-768x226.jpg 768w\" sizes=\"auto, (max-width: 709px) 85vw, (max-width: 909px) 67vw, (max-width: 1362px) 62vw, 840px\" \/><\/figure><\/div>\n\n\n\n<p style=\"text-align:left\" class=\"has-normal-font-size\"><strong>1:  Dr. Joaqu\u00edn V. Gonz\u00e1lez; esquina de 1 y 57: Osvaldo Zubeld\u00eda<\/strong><\/p>\n\n\n\n<div class=\"wp-block-image\"><figure class=\"aligncenter\"><img loading=\"lazy\" decoding=\"async\" width=\"353\" height=\"295\" src=\"http:\/\/www.laplatamagica.com.ar\/wp-content\/uploads\/2019\/10\/gonzales.jpg\" alt=\"\" class=\"wp-image-4767\" srcset=\"https:\/\/laplatamagica.ar\/wp-content\/uploads\/2019\/10\/gonzales.jpg 353w, https:\/\/laplatamagica.ar\/wp-content\/uploads\/2019\/10\/gonzales-300x251.jpg 300w\" sizes=\"auto, (max-width: 353px) 85vw, 353px\" \/><figcaption> <br><strong>Calle 1 Dr. Joaqu\u00edn V. Gonz\u00e1lez <\/strong><\/figcaption><\/figure><\/div>\n\n\n\n<p><strong>2:  Mariano Moreno<\/strong><\/p>\n\n\n\n<p style=\"text-align:left\"><strong>3:  Cornelio Saavedra<\/strong><\/p>\n\n\n\n<p><strong>4:  Manuel Belgrano<\/strong><\/p>\n\n\n\n<p style=\"text-align:left\"><strong>5: De 32 a 54 Mons. Roberto Lodigiani; de 54 a 66 Juan Jos\u00e9 Castelli; de 66 a 72 Ren\u00e9 Favaloro<\/strong><\/p>\n\n\n\n<div class=\"wp-block-image\"><figure class=\"aligncenter\"><img loading=\"lazy\" decoding=\"async\" width=\"700\" height=\"407\" src=\"http:\/\/www.laplatamagica.com.ar\/wp-content\/uploads\/2019\/10\/lodiginai-y-favaloro.jpg\" alt=\"\" class=\"wp-image-4769\" srcset=\"https:\/\/laplatamagica.ar\/wp-content\/uploads\/2019\/10\/lodiginai-y-favaloro.jpg 700w, https:\/\/laplatamagica.ar\/wp-content\/uploads\/2019\/10\/lodiginai-y-favaloro-300x174.jpg 300w\" sizes=\"auto, (max-width: 700px) 85vw, 700px\" \/><figcaption><strong>Dr. Rene Favaloro y Monse\u00f1or Roberto Lodigiani.<\/strong><\/figcaption><\/figure><\/div>\n\n\n\n<p><strong>6: de 32 a 50 Luis Mar\u00eda Doyhenard; de 50 a 72 Domingo Mercante; 6 y 56 \u201cEsquina del Tango\u201d<\/strong><\/p>\n\n\n\n<p><strong>7: Ingeniero Luis Monteverde<\/strong><\/p>\n\n\n\n<p><strong>8: Miguel de Azcu\u00e9naga<\/strong><\/p>\n\n\n\n<p><strong>9: Juan Jos\u00e9 Paso<\/strong><\/p>\n\n\n\n<div class=\"wp-block-image\"><figure class=\"aligncenter\"><img loading=\"lazy\" decoding=\"async\" width=\"339\" height=\"335\" src=\"http:\/\/www.laplatamagica.com.ar\/wp-content\/uploads\/2019\/10\/Carmelo-Amerise.jpg\" alt=\"\" class=\"wp-image-4771\" srcset=\"https:\/\/laplatamagica.ar\/wp-content\/uploads\/2019\/10\/Carmelo-Amerise.jpg 339w, https:\/\/laplatamagica.ar\/wp-content\/uploads\/2019\/10\/Carmelo-Amerise-300x296.jpg 300w\" sizes=\"auto, (max-width: 339px) 85vw, 339px\" \/><\/figure><\/div>\n\n\n\n<p><strong>10: de 32 a 38 Jos\u00e9 Carmelo Amerise, de 38 a 72 Domingo Matheu<\/strong><\/p>\n\n\n\n<p><strong>11: Manuel Alberti<\/strong><\/p>\n\n\n\n<p><strong>12: Juan Larrea<\/strong><\/p>\n\n\n\n<p><strong>13: Gral. Justo Jos\u00e9 de Urquiza<\/strong><\/p>\n\n\n\n<p><strong>14: de 32 a 51 Hugo Alfredo Anzorreguy; de 51 a 60 Beata Madre Teresa de Calcuta; de 60 a 72 Beata Sor Mar\u00eda Ludovica<\/strong><\/p>\n\n\n\n<div class=\"wp-block-image\"><figure class=\"aligncenter\"><img loading=\"lazy\" decoding=\"async\" width=\"300\" height=\"306\" src=\"http:\/\/www.laplatamagica.com.ar\/wp-content\/uploads\/2019\/10\/Dr.-Marin.jpg\" alt=\"\" class=\"wp-image-4772\" srcset=\"https:\/\/laplatamagica.ar\/wp-content\/uploads\/2019\/10\/Dr.-Marin.jpg 300w, https:\/\/laplatamagica.ar\/wp-content\/uploads\/2019\/10\/Dr.-Marin-294x300.jpg 294w\" sizes=\"auto, (max-width: 300px) 85vw, 300px\" \/><\/figure><\/div>\n\n\n\n<p><strong>15: de 32 a 60 Juan Pablo II; de 60 a 72  Dr. Pl\u00e1cido Mar\u00edn<\/strong><\/p>\n\n\n\n<p><strong>16: Pres. Hip\u00f3lito Irigoyen<\/strong><\/p>\n\n\n\n<p><strong>17: Dr. Rodolfo P. Sarrat<\/strong><\/p>\n\n\n\n<p><strong>18: Presidente Salvador Allende<\/strong><\/p>\n\n\n\n<p><strong>19: Alejandro Korn<\/strong><\/p>\n\n\n\n<div class=\"wp-block-image\"><figure class=\"aligncenter\"><img loading=\"lazy\" decoding=\"async\" width=\"316\" height=\"270\" src=\"http:\/\/www.laplatamagica.com.ar\/wp-content\/uploads\/2019\/10\/Korn.jpg\" alt=\"\" class=\"wp-image-4773\" srcset=\"https:\/\/laplatamagica.ar\/wp-content\/uploads\/2019\/10\/Korn.jpg 316w, https:\/\/laplatamagica.ar\/wp-content\/uploads\/2019\/10\/Korn-300x256.jpg 300w\" sizes=\"auto, (max-width: 316px) 85vw, 316px\" \/><\/figure><\/div>\n\n\n\n<p><strong>20: Victoriano E. Montes<\/strong><\/p>\n\n\n\n<p><strong>21: Ing. Silvio Lanfranco<\/strong><\/p>\n\n\n\n<p><strong>22: Francisco Florencio Arisnavarreta<\/strong><\/p>\n\n\n\n<p><strong>23: Escribano Antonio Schiffino<\/strong><\/p>\n\n\n\n<div class=\"wp-block-image\"><figure class=\"aligncenter\"><img loading=\"lazy\" decoding=\"async\" width=\"312\" height=\"400\" src=\"http:\/\/www.laplatamagica.com.ar\/wp-content\/uploads\/2019\/10\/Mose\u00f1or-Alberti.jpg\" alt=\"\" class=\"wp-image-4774\" srcset=\"https:\/\/laplatamagica.ar\/wp-content\/uploads\/2019\/10\/Mose\u00f1or-Alberti.jpg 312w, https:\/\/laplatamagica.ar\/wp-content\/uploads\/2019\/10\/Mose\u00f1or-Alberti-234x300.jpg 234w\" sizes=\"auto, (max-width: 312px) 85vw, 312px\" \/><\/figure><\/div>\n\n\n\n<p><strong>24: Monse\u00f1or Francisco Alberti<\/strong><\/p>\n\n\n\n<p><strong>25: <\/strong>  Aquiles Zacar\u00eda <br><\/p>\n\n\n\n<p><strong>26: Concejal Abel M. Romano<\/strong><\/p>\n\n\n\n<p><strong>27: Intendente Marcos J. Levalle<\/strong><\/p>\n\n\n\n<p><strong>28: El Indio<\/strong><\/p>\n\n\n\n<p><strong>29: Pedro Haramboure<\/strong><\/p>\n\n\n\n<p><strong>30: Jos\u00e9 Mar\u00eda Rey<\/strong><\/p>\n\n\n\n<div class=\"wp-block-image\"><figure class=\"aligncenter is-resized\"><img loading=\"lazy\" decoding=\"async\" src=\"http:\/\/www.laplatamagica.com.ar\/wp-content\/uploads\/2019\/10\/Jos\u00e9-Maria-Rey.jpg\" alt=\"\" class=\"wp-image-4776\" width=\"204\" height=\"330\" srcset=\"https:\/\/laplatamagica.ar\/wp-content\/uploads\/2019\/10\/Jos\u00e9-Maria-Rey.jpg 226w, https:\/\/laplatamagica.ar\/wp-content\/uploads\/2019\/10\/Jos\u00e9-Maria-Rey-185x300.jpg 185w\" sizes=\"auto, (max-width: 204px) 85vw, 204px\" \/><\/figure><\/div>\n\n\n\n<p><strong>31: de 32 a 60 Leandro N. Alem, de 60 a 72 Roberto Mouras<\/strong><\/p>\n\n\n\n<p><strong>131: Dr. Arturo Arc\u00e1ngel Arturi<\/strong><\/p>\n\n\n\n<p><strong>32: Leandro N. Alem<\/strong><\/p>\n\n\n\n<p><strong>33: Alejandro Mar\u00eda Aguado<\/strong><\/p>\n\n\n\n<p><strong>34: Jos\u00e9 J. Podest\u00e1<\/strong><\/p>\n\n\n\n<p><strong>35: Constituyentes de la Naci\u00f3n de 1853<\/strong><\/p>\n\n\n\n<p><strong>36: Ministro Villamayor<\/strong><\/p>\n\n\n\n<p><strong>37: Almirante Guillermo Brown<\/strong><\/p>\n\n\n\n<p><strong>38: Presidente Per\u00f3n<\/strong><\/p>\n\n\n\n<p><strong>39: Roald Amundsen<\/strong><\/p>\n\n\n\n<div class=\"wp-block-image\"><figure class=\"aligncenter\"><img loading=\"lazy\" decoding=\"async\" width=\"251\" height=\"329\" src=\"http:\/\/www.laplatamagica.com.ar\/wp-content\/uploads\/2019\/10\/Roald-Amundsen.jpg\" alt=\"\" class=\"wp-image-4778\" srcset=\"https:\/\/laplatamagica.ar\/wp-content\/uploads\/2019\/10\/Roald-Amundsen.jpg 251w, https:\/\/laplatamagica.ar\/wp-content\/uploads\/2019\/10\/Roald-Amundsen-229x300.jpg 229w\" sizes=\"auto, (max-width: 251px) 85vw, 251px\" \/><\/figure><\/div>\n\n\n\n<p><strong>40: Rep. Oriental del Uruguay; de 121 a 122 Antonio Derli G\u00f3mez<\/strong><\/p>\n\n\n\n<p><strong>41: Coronel Tom\u00e1s Espora; de 25 a 28 Madre Mercedes del Carmen Pacheco<\/strong><\/p>\n\n\n\n<div class=\"wp-block-image\"><figure class=\"aligncenter\"><img loading=\"lazy\" decoding=\"async\" width=\"200\" height=\"300\" src=\"http:\/\/www.laplatamagica.com.ar\/wp-content\/uploads\/2019\/10\/Madre-Mercedes-del-Carmen-Pacheco.jpg\" alt=\"\" class=\"wp-image-4779\"\/><\/figure><\/div>\n\n\n\n<p><strong>42: C\u00f3rdoba<\/strong><\/p>\n\n\n\n<p><strong>43: Almafuerte<\/strong><\/p>\n\n\n\n<p><strong>44: Gobernador Dr. Marcelino Ugarte<\/strong><\/p>\n\n\n\n<p><strong>45: Gobernador Jos\u00e9 Luis Cantilo; de 1 a 2 Estudiantes Desaparecidos<\/strong><\/p>\n\n\n\n<p><strong>46: Corrientes<\/strong><\/p>\n\n\n\n<div class=\"wp-block-image\"><figure class=\"aligncenter\"><img loading=\"lazy\" decoding=\"async\" width=\"252\" height=\"352\" src=\"http:\/\/www.laplatamagica.com.ar\/wp-content\/uploads\/2019\/10\/Ezequiel-Mart\u00ednez-Estrada.jpg\" alt=\"\" class=\"wp-image-4781\" srcset=\"https:\/\/laplatamagica.ar\/wp-content\/uploads\/2019\/10\/Ezequiel-Mart\u00ednez-Estrada.jpg 252w, https:\/\/laplatamagica.ar\/wp-content\/uploads\/2019\/10\/Ezequiel-Mart\u00ednez-Estrada-215x300.jpg 215w\" sizes=\"auto, (max-width: 252px) 85vw, 252px\" \/><\/figure><\/div>\n\n\n\n<p><strong>47: desde las v\u00edas del ferrocarril a Avda. 1 Ezequiel Mart\u00ednez Estrada; de 1 a 31 Entre R\u00edos<\/strong><\/p>\n\n\n\n<p><strong>48: Santa Fe; de 6 a 7 Rodolfo Achem y Carlos Miguel<\/strong><\/p>\n\n\n\n<p><strong>49: Dr. Ricardo Balb\u00edn<\/strong><\/p>\n\n\n\n<p><strong>50: de 122 a Avda. 1 Pedro Henr\u00edquez Ure\u00f1a; entre 1 y 3 Dr. Antonio Bautista Bettini Sp\u00edndola; de 3 a 31 Gobernador Dr. Valent\u00edn Vergara<\/strong><\/p>\n\n\n\n<div class=\"wp-block-image\"><figure class=\"aligncenter\"><img loading=\"lazy\" decoding=\"async\" width=\"532\" height=\"354\" src=\"http:\/\/www.laplatamagica.com.ar\/wp-content\/uploads\/2019\/10\/Goitia-y-Prado.jpg\" alt=\"\" class=\"wp-image-4783\" srcset=\"https:\/\/laplatamagica.ar\/wp-content\/uploads\/2019\/10\/Goitia-y-Prado.jpg 532w, https:\/\/laplatamagica.ar\/wp-content\/uploads\/2019\/10\/Goitia-y-Prado-300x200.jpg 300w\" sizes=\"auto, (max-width: 532px) 85vw, 532px\" \/><\/figure><\/div>\n\n\n\n<p><strong>51: 25 de Mayo; de 3 a 4 Avenida del Trabajador; rambla entre 1 y 6 Ana Goit\u00eda de Cafiero; de 20 a 23 Jos\u00e9 Mar\u00eda Prado<\/strong><\/p>\n\n\n\n<p><strong>52: Jos\u00e9 Hern\u00e1ndez<\/strong><\/p>\n\n\n\n<p><strong>53: 9 de Julio; rambla entre 7 y 8 Presidente Ra\u00fal Ricardo Alfons\u00edn; de 20 a 23 Horacio Ch\u00e1vez<\/strong><\/p>\n\n\n\n<p><strong>54: de Avda. 1 a 14 Eva Per\u00f3n; de 14 a 31 Mariano Necochea<\/strong><\/p>\n\n\n\n<p><strong>55: San Juan<\/strong><\/p>\n\n\n\n<p><strong>56: Coronel Julio Campos<\/strong><\/p>\n\n\n\n<p><strong>57: de 115 a Avda 1. Dr. Julio Santiago Alegre; de 1 a 17 Consejo Escolar de La Plata; de 17 a 25 Mat\u00edas Behety: de 25 a 31 F\u00e9lix Larrubia<\/strong><\/p>\n\n\n\n<p><strong>58: Don Bosco<\/strong><\/p>\n\n\n\n<p><strong>59: Jujuy<\/strong><\/p>\n\n\n\n<p><strong>60: Bartolom\u00e9 Mitre<\/strong><\/p>\n\n\n\n<div class=\"wp-block-image\"><figure class=\"aligncenter\"><img loading=\"lazy\" decoding=\"async\" width=\"350\" height=\"432\" src=\"http:\/\/www.laplatamagica.com.ar\/wp-content\/uploads\/2020\/08\/Mitre.jpg\" alt=\"\" class=\"wp-image-8048\" srcset=\"https:\/\/laplatamagica.ar\/wp-content\/uploads\/2020\/08\/Mitre.jpg 350w, https:\/\/laplatamagica.ar\/wp-content\/uploads\/2020\/08\/Mitre-243x300.jpg 243w\" sizes=\"auto, (max-width: 350px) 85vw, 350px\" \/><\/figure><\/div>\n\n\n\n<p><strong>61: Dr. Tom\u00e1s R. Garc\u00eda<\/strong><\/p>\n\n\n\n<p><strong>62: Dante Alighieri<\/strong><\/p>\n\n\n\n<p><strong>63: Dr. Estanislao Bejarano<\/strong><\/p>\n\n\n\n<div class=\"wp-block-image\"><figure class=\"aligncenter is-resized\"><img loading=\"lazy\" decoding=\"async\" src=\"http:\/\/www.laplatamagica.com.ar\/wp-content\/uploads\/2019\/10\/Dr.-Estanislao-Bejarano.jpg\" alt=\"\" class=\"wp-image-4785\" width=\"286\" height=\"257\" srcset=\"https:\/\/laplatamagica.ar\/wp-content\/uploads\/2019\/10\/Dr.-Estanislao-Bejarano.jpg 320w, https:\/\/laplatamagica.ar\/wp-content\/uploads\/2019\/10\/Dr.-Estanislao-Bejarano-300x270.jpg 300w\" sizes=\"auto, (max-width: 286px) 85vw, 286px\" \/><\/figure><\/div>\n\n\n\n<p><strong>64: Intendente Chaumeil<\/strong><\/p>\n\n\n\n<p><strong>65: Comandante Ram\u00f3n Franco<\/strong><\/p>\n\n\n\n<p><strong>66: Ingeniero Pedro Benoit<\/strong><\/p>\n\n\n\n<div class=\"wp-block-image\"><figure class=\"aligncenter\"><img loading=\"lazy\" decoding=\"async\" width=\"350\" height=\"322\" src=\"http:\/\/www.laplatamagica.com.ar\/wp-content\/uploads\/2020\/08\/Pedro-Benoit.jpg\" alt=\"\" class=\"wp-image-8045\" srcset=\"https:\/\/laplatamagica.ar\/wp-content\/uploads\/2020\/08\/Pedro-Benoit.jpg 350w, https:\/\/laplatamagica.ar\/wp-content\/uploads\/2020\/08\/Pedro-Benoit-300x276.jpg 300w\" sizes=\"auto, (max-width: 350px) 85vw, 350px\" \/><\/figure><\/div>\n\n\n\n<p><strong>67: Profesor Pedro Fausto \u00c1lvarez<\/strong><\/p>\n\n\n\n<p><strong>68: Manuel F. Gnecco<\/strong><\/p>\n\n\n\n<p><strong>69: San Francisco de As\u00eds<\/strong><\/p>\n\n\n\n<p><strong>70: Concejal Fortunato V. Pisani<\/strong><\/p>\n\n\n\n<p><strong>71: Ingeniero Juan Allan<\/strong><\/p>\n\n\n\n<p><strong>72: Leandro N. Alem<\/strong><\/p>\n\n\n\n<p><strong>Boulevard 84: Dr. Nicodemo Scenna<\/strong><\/p>\n\n\n\n<div class=\"wp-block-image\"><figure class=\"aligncenter\"><img loading=\"lazy\" decoding=\"async\" width=\"257\" height=\"300\" src=\"http:\/\/www.laplatamagica.com.ar\/wp-content\/uploads\/2019\/10\/Dr.-Nicodemo-Scenna.jpg\" alt=\"\" class=\"wp-image-4787\"\/><\/figure><\/div>\n\n\n\n<p><strong>115: Manuel Rocha; entre 60 y 69 Carlos Ennio Pierini; entre 40 y 41 Jos\u00e9 Manuel Boqu\u00edn<\/strong><\/p>\n\n\n\n<p><strong>116: Dr. Carlos Spegazzini<\/strong><\/p>\n\n\n\n<p><strong>117: Evaristo Carriego<\/strong><\/p>\n\n\n\n<p><strong>118: Jos\u00e9 Ingenieros<\/strong><\/p>\n\n\n\n<div class=\"wp-block-image\"><figure class=\"aligncenter\"><img loading=\"lazy\" decoding=\"async\" width=\"302\" height=\"300\" src=\"http:\/\/www.laplatamagica.com.ar\/wp-content\/uploads\/2019\/10\/Jos\u00e9-Ingenieros.jpg\" alt=\"\" class=\"wp-image-4789\" srcset=\"https:\/\/laplatamagica.ar\/wp-content\/uploads\/2019\/10\/Jos\u00e9-Ingenieros.jpg 302w, https:\/\/laplatamagica.ar\/wp-content\/uploads\/2019\/10\/Jos\u00e9-Ingenieros-150x150.jpg 150w, https:\/\/laplatamagica.ar\/wp-content\/uploads\/2019\/10\/Jos\u00e9-Ingenieros-300x298.jpg 300w\" sizes=\"auto, (max-width: 302px) 85vw, 302px\" \/><\/figure><\/div>\n\n\n\n<p><strong>119: Guillermo Hudson<\/strong><\/p>\n\n\n\n<p><strong>120: Jos\u00e9 Manuel Estrada<\/strong><\/p>\n\n\n\n<p><strong>121: Carlos Gardel<\/strong><\/p>\n\n\n\n<p><strong>122: Manuel L. M\u00edguez<\/strong><\/p>\n\n\n\n<p class=\"has-medium-font-size\"><strong>DIAGONALES<\/strong><\/p>\n\n\n\n<p><strong>Diag. 73: Jos\u00e9 de San Mart\u00edn<\/strong><\/p>\n\n\n\n<div class=\"wp-block-image\"><figure class=\"aligncenter\"><img loading=\"lazy\" decoding=\"async\" width=\"355\" height=\"274\" src=\"http:\/\/www.laplatamagica.com.ar\/wp-content\/uploads\/2020\/08\/San-Mart\u00edn.jpg\" alt=\"\" class=\"wp-image-8046\" srcset=\"https:\/\/laplatamagica.ar\/wp-content\/uploads\/2020\/08\/San-Mart\u00edn.jpg 355w, https:\/\/laplatamagica.ar\/wp-content\/uploads\/2020\/08\/San-Mart\u00edn-300x232.jpg 300w\" sizes=\"auto, (max-width: 355px) 85vw, 355px\" \/><\/figure><\/div>\n\n\n\n<p><strong>Diag. 74: Sim\u00f3n Bol\u00edvar<\/strong><\/p>\n\n\n\n<p><strong>Diag. 75: Florencio S\u00e1nchez<\/strong><\/p>\n\n\n\n<p><strong>Diag. 76: Luis Braille<\/strong><\/p>\n\n\n\n<p><strong>Diag. 77: de Avda. 1 a Plaza Italia Dr. David Kraiselburd; de Plaza Italia a 12 Gral. Juan Jos\u00e9 Rondeau<\/strong><\/p>\n\n\n\n<div class=\"wp-block-image\"><figure class=\"aligncenter\"><img loading=\"lazy\" decoding=\"async\" width=\"257\" height=\"300\" src=\"http:\/\/www.laplatamagica.com.ar\/wp-content\/uploads\/2019\/10\/Dr.-David-Kraiselburd.jpg\" alt=\"\" class=\"wp-image-4791\"\/><\/figure><\/div>\n\n\n\n<p><strong>Diag. 78: Carlos Mar\u00eda de Alvear<\/strong><\/p>\n\n\n\n<p><strong>Diag. 79: Jos\u00e9 Antonio Gonz\u00e1lez Balcarce<\/strong><\/p>\n\n\n\n<p><strong>Diag. 80: Florentino Ameghino<\/strong><\/p>\n\n\n\n<p><strong>Diag. 93: Estados Unidos del Brasil<\/strong><\/p>\n\n\n\n<p><strong>Diag. 94: Inmigrantes<\/strong><\/p>\n\n\n\n<p><strong>Diag. 95: M\u00e1rtires de Chicago<\/strong><\/p>\n\n\n\n<p><strong>Diag. 96: Tucum\u00e1n<\/strong><\/p>\n\n\n\n<p><strong>Diag. 105: de 18 a Plaza G\u00fcemes Dr. Luis Dellepiane; de Plaza G\u00fcemes a 20 Sacerdote Agust\u00edn E. Luchino<\/strong><\/p>\n\n\n\n<p><strong>Diag. 106: Profesora Dra. Dolores L\u00f3pez Aranguren<\/strong><\/p>\n\n\n\n<p><strong>Diag. 107: Pedro Mario Delheye<\/strong><\/p>\n\n\n\n<div class=\"wp-block-image\"><figure class=\"aligncenter\"><img loading=\"lazy\" decoding=\"async\" width=\"221\" height=\"300\" src=\"http:\/\/www.laplatamagica.com.ar\/wp-content\/uploads\/2019\/10\/Alberto-Mendioroz.jpg\" alt=\"\" class=\"wp-image-4793\"\/><\/figure><\/div>\n\n\n\n<p><strong>Diag. 108: Alberto Mendioroz<\/strong><\/p>\n\n\n\n<p><strong>Diag. 109: Juan Ram\u00f3n Jim\u00e9nez<\/strong><\/p>\n\n\n\n<p><strong>Diag. 110: Federico Garc\u00eda Lorca<\/strong><\/p>\n\n\n\n<p><strong>Diag. 111: Francisco L\u00f3pez Merino<\/strong><\/p>\n\n\n\n<div class=\"wp-block-image\"><figure class=\"aligncenter\"><img loading=\"lazy\" decoding=\"async\" width=\"233\" height=\"298\" src=\"http:\/\/www.laplatamagica.com.ar\/wp-content\/uploads\/2019\/10\/Francisco-L\u00f3pez-Merino.jpg\" alt=\"\" class=\"wp-image-4795\"\/><\/figure><\/div>\n\n\n\n<p><strong>Diag. 112: H\u00e9ctor Ripa Alberdi<\/strong><\/p>\n\n\n\n<p><strong>Diag. 113: Juan B. Justo<\/strong><\/p>\n\n\n\n<p><strong>Diag. 114: Juan B. Ambrosetti<\/strong><\/p>\n\n\n\n<div class=\"wp-block-image\"><figure class=\"aligncenter\"><img loading=\"lazy\" decoding=\"async\" width=\"217\" height=\"321\" src=\"http:\/\/www.laplatamagica.com.ar\/wp-content\/uploads\/2019\/10\/Juan-B.-Ambrosetti.jpg\" alt=\"\" class=\"wp-image-4797\" srcset=\"https:\/\/laplatamagica.ar\/wp-content\/uploads\/2019\/10\/Juan-B.-Ambrosetti.jpg 217w, https:\/\/laplatamagica.ar\/wp-content\/uploads\/2019\/10\/Juan-B.-Ambrosetti-203x300.jpg 203w\" sizes=\"auto, (max-width: 217px) 85vw, 217px\" \/><\/figure><\/div>\n\n\n\n<figure class=\"wp-block-image\"><a href=\"http:\/\/www.revolucion989.com.ar\" target=\"_blank\" rel=\"noreferrer noopener\"><img decoding=\"async\" src=\"http:\/\/www.laplatamagica.com.ar\/wp-content\/uploads\/2021\/02\/banerpropaganda-1.jpg\" alt=\"\" class=\"wp-image-9665\"\/><\/a><\/figure>\n\n\n\n<hr class=\"wp-block-separator is-style-wide\"\/>\n","protected":false},"excerpt":{"rendered":"<p>1: Dr. Joaqu\u00edn V. Gonz\u00e1lez; esquina de 1 y 57: Osvaldo Zubeld\u00eda 2: Mariano Moreno 3: Cornelio Saavedra 4: Manuel Belgrano 5: De 32 a 54 Mons. Roberto Lodigiani; de 54 a 66 Juan Jos\u00e9 Castelli; de 66 a 72 Ren\u00e9 Favaloro 6: de 32 a 50 Luis Mar\u00eda Doyhenard; de 50 a 72 Domingo &hellip; <a href=\"https:\/\/laplatamagica.ar\/?page_id=4759\" class=\"more-link\">Continuar leyendo<span class=\"screen-reader-text\"> &#8220;Denominaci\u00f3n de la calles&#8221;<\/span><\/a><\/p>\n","protected":false},"author":1,"featured_media":0,"parent":0,"menu_order":0,"comment_status":"closed","ping_status":"closed","template":"","meta":{"switch_pages_title":"","h5ap_radio_sources":[],"footnotes":""},"class_list":["post-4759","page","type-page","status-publish","hentry"],"_links":{"self":[{"href":"https:\/\/laplatamagica.ar\/index.php?rest_route=\/wp\/v2\/pages\/4759","targetHints":{"allow":["GET"]}}],"collection":[{"href":"https:\/\/laplatamagica.ar\/index.php?rest_route=\/wp\/v2\/pages"}],"about":[{"href":"https:\/\/laplatamagica.ar\/index.php?rest_route=\/wp\/v2\/types\/page"}],"author":[{"embeddable":true,"href":"https:\/\/laplatamagica.ar\/index.php?rest_route=\/wp\/v2\/users\/1"}],"replies":[{"embeddable":true,"href":"https:\/\/laplatamagica.ar\/index.php?rest_route=%2Fwp%2Fv2%2Fcomments&post=4759"}],"version-history":[{"count":0,"href":"https:\/\/laplatamagica.ar\/index.php?rest_route=\/wp\/v2\/pages\/4759\/revisions"}],"wp:attachment":[{"href":"https:\/\/laplatamagica.ar\/index.php?rest_route=%2Fwp%2Fv2%2Fmedia&parent=4759"}],"curies":[{"name":"wp","href":"https:\/\/api.w.org\/{rel}","templated":true}]}}