{"id":4849,"date":"2019-10-31T15:11:05","date_gmt":"2019-10-31T18:11:05","guid":{"rendered":"http:\/\/www.laplatamagica.com.ar\/?page_id=4849"},"modified":"2023-10-06T15:37:58","modified_gmt":"2023-10-06T18:37:58","slug":"que-sabe-usted-de-la-plata-7","status":"publish","type":"page","link":"https:\/\/laplatamagica.ar\/?page_id=4849","title":{"rendered":"\u00bfQu\u00e9 sabe usted de La Plata? 7"},"content":{"rendered":"\n<p class=\"has-text-align-center\" style=\"font-size:21px\"> <br><strong>Ir a&gt;&gt;&gt; \u00bfQu\u00e9 sabe usted de La Plata <a href=\"http:\/\/www.laplatamagica.com.ar\/?page_id=4651\">1<\/a> <a href=\"http:\/\/www.laplatamagica.com.ar\/?page_id=4662\"> 2 <\/a><a href=\"http:\/\/www.laplatamagica.com.ar\/?page_id=4678\">3<\/a> <a href=\"http:\/\/www.laplatamagica.com.ar\/?page_id=4688\">4<\/a> <a href=\"http:\/\/www.laplatamagica.com.ar\/?page_id=4699\">5<\/a> <a href=\"http:\/\/www.laplatamagica.com.ar\/?page_id=4716\">6<\/a>  <a href=\"http:\/\/www.laplatamagica.com.ar\/?page_id=4849\">7 <\/a><a href=\"http:\/\/www.laplatamagica.com.ar\/?page_id=10282\">8<\/a> <a href=\"https:\/\/laplatamagica.com.ar\/?page_id=12325\">9<\/a>?<\/strong> <\/p>\n\n\n\n<div style=\"text-align: center\"><b><big><font color=\"#990000\" size=\"6\" face=\"Verdana, Arial, Helvetica, sans-serif\"<\/font><\/big><\/b><br \/>\n<hr \/>\n<font color=\"#990000\" size=\"4\" face=\"Verdana, Arial, Helvetica, sans-serif\"><b>Conozca cuanto sabe de la ciudad de La Plata, respondiendo este cuestionario de 10 preguntas.<br \/>\nCada respuesta correcta vale 1 punto. Buena suerte y a jugar&#8230;<\/b><\/font><br \/>\n<font color=\"#990000\" size=\"4\" face=\"Verdana, Arial, Helvetica, sans-serif\">(Todas las respuestas del cuestionario se encuentran en estas p&aacute;ginas)<\/font><br \/>\n<noscript><font size=\"1\" face=\"Verdana, Arial, Helvetica, sans-serif\" color=\"#990000\">JavaScript esta <b><i>desabilitado<\/b><\/i>. Debe tener activado JavaScript<\/font><\/noscript><\/div>\n<hr \/>\n<form>\n    <p><font color=\"#990000\" size=\"4\" face=\"Verdana, Arial, Helvetica, sans-serif\"><b>1.<\/b><b> \u00bfC\u00f3mo se llama la calle 61?<\/b><\/font><\/p>\n    <p><font color=\"#990000\" size=\"4\" face=\"Verdana, Arial, Helvetica, sans-serif\"><input type=\"radio\" onClick=\"Engine(1, this.value)\" value=\"1\" \/> Aguado <br \/>\n    <input type=\"radio\" onClick=\"Engine(1, this.value)\" value=\"2\" \/> Bejarano <br \/>\n    <input type=\"radio\" onClick=\"Engine(1, this.value)\" value=\"3\" \/>  Garcia <br \/>\n    <\/font><\/p>\n    <p><font color=\"#990000\" size=\"4\" face=\"Verdana, Arial, Helvetica, sans-serif\"><b>2. \u00bfDardo Rocha a que pa\u00eds fue en misi\u00f3n diplom\u00e1tica?<br \/>\n    <\/b><\/font><\/p>\n    <p><font color=\"#990000\" size=\"4\" face=\"Verdana, Arial, Helvetica, sans-serif\"><input type=\"radio\" onClick=\"Engine(2, this.value)\" value=\"1\" \/>  Bolivia <br \/>\n    <input type=\"radio\" onClick=\"Engine(2, this.value)\" value=\"2\" \/>  Paraguay <br \/>\n    <input type=\"radio\" onClick=\"Engine(2, this.value)\" value=\"3\" \/> Uruguay<br \/>\n    <\/font><\/p>\n    <p><font color=\"#990000\" size=\"4\" face=\"Verdana, Arial, Helvetica, sans-serif\"><b>3. \u00bfEn qu\u00e9 a\u00f1o se coloc\u00f3 la piedra fundamental de la Biblioteca P\u00fablica de la Universidad Nacional de La Plata?\n<br \/>\n    <\/b><\/font><\/p>\n    <p><font color=\"#990000\" size=\"4\" face=\"Verdana, Arial, Helvetica, sans-serif\"><input type=\"radio\" onClick=\"Engine(3, this.value)\" value=\"1\" \/> 19 de noviembre de 1925 <br \/>\n    <input type=\"radio\" onClick=\"Engine(3, this.value)\" value=\"2\" \/> 19 de noviembre de 1932<br \/>\n    <input type=\"radio\" onClick=\"Engine(3, this.value)\" value=\"3\" \/>  19 de noviembre de  1934<br \/>\n    <\/font><\/p>\n    <p><font color=\"#990000\" size=\"4\" face=\"Verdana, Arial, Helvetica, sans-serif\"><b>4. \u00bfEn qu\u00e9 a\u00f1o nos visit\u00f3  Albert Bruce Sabin creador de la vacuna Sabin Oral?<\/b><\/font><\/p>\n    <p><font color=\"#990000\" size=\"4\" face=\"Verdana, Arial, Helvetica, sans-serif\"><input type=\"radio\" onClick=\"Engine(4, this.value)\" value=\"1\" \/> 28 de julio de 1967<br \/>\n    <input type=\"radio\" onClick=\"Engine(4, this.value)\" value=\"2\" \/> 28 de julio de 1970<br \/>\n    <input type=\"radio\" onClick=\"Engine(4, this.value)\" value=\"3\" \/> 28 de julio de 1976<br \/>\n    <\/font><\/p>\n    <p><font color=\"#990000\" size=\"4\" face=\"Verdana, Arial, Helvetica, sans-serif\"><b>5. \u00bfEn qu\u00e9 a\u00f1o fue inaugurado el Jard\u00edn de la Paz?<\/b><\/font><\/p>\n    <p><font color=\"#990000\" size=\"4\" face=\"Verdana, Arial, Helvetica, sans-serif\"><input type=\"radio\" onClick=\"Engine(5, this.value)\" value=\"1\" \/> 1932<br \/>\n    <input type=\"radio\" onClick=\"Engine(5, this.value)\" value=\"2\" \/> 1936<br \/>\n    <input type=\"radio\" onClick=\"Engine(5, this.value)\" value=\"3\" \/> 1942<br \/>\n    <\/font><\/p>\n    <p><font color=\"#990000\" size=\"4\" face=\"Verdana, Arial, Helvetica, sans-serif\"><b>6. \u00bfD\u00f3nde se encuentra la Plaza de la Ingenier\u00eda Argentina?\n<\/b><\/font><\/p>\n    <p><font color=\"#990000\" size=\"4\" face=\"Verdana, Arial, Helvetica, sans-serif\"><input type=\"radio\" onClick=\"Engine(6, this.value)\" value=\"1\" \/> 7 y 32<br \/>\n    <input type=\"radio\" onClick=\"Engine(6, this.value)\" value=\"2\" \/> 7 y 528<br \/>\n    <input type=\"radio\" onClick=\"Engine(6, this.value)\" value=\"3\" \/> 7 y 66<br \/>\n    <\/font><\/p>\n    <p><font color=\"#990000\" size=\"4\" face=\"Verdana, Arial, Helvetica, sans-serif\"><b>7. <\/b>&#8211;<b>\u00bfUn monumento a Gardel hay en el Bosque, y el otro monumento d\u00f3nde est\u00e1?<\/b><br \/>\n    <\/font><\/p>\n    <p><font color=\"#990000\" size=\"4\" face=\"Verdana, Arial, Helvetica, sans-serif\"><input type=\"radio\" onClick=\"Engine(7, this.value)\" value=\"1\" \/> En Ensenada <br \/>\n    <input type=\"radio\" onClick=\"Engine(7, this.value)\" value=\"2\" \/> En Tolosa<br \/>\n    <input type=\"radio\" onClick=\"Engine(7, this.value)\" value=\"3\" \/> En Berisso <br \/>\n    <\/font><\/p>\n    <p><font color=\"#990000\" size=\"4\" face=\"Verdana, Arial, Helvetica, sans-serif\"><b>8. <\/b><b>\u00bfQu\u00e9 ciudad fue capital de la Provincia por 7 meses antes que La Plata?\n<\/b><br \/>\n    <\/font><\/p>\n    <p><font color=\"#990000\" size=\"4\" face=\"Verdana, Arial, Helvetica, sans-serif\"><input type=\"radio\" onClick=\"Engine(8, this.value)\" value=\"1\" \/> Tolosa <br \/>\n    <input type=\"radio\" onClick=\"Engine(8, this.value)\" value=\"2\" \/> Berisso<br \/>\n    <input type=\"radio\" onClick=\"Engine(8, this.value)\" value=\"3\" \/> Ensenada\n <br \/>\n    <\/font><\/p>\n    <p><font color=\"#990000\" size=\"4\" face=\"Verdana, Arial, Helvetica, sans-serif\"><b>9.<\/b><b> <\/b><b>\u00bfD\u00f3nde se encuentra el Memorial Ren\u00e9 G. Favaloro?\n<\/b><\/font><\/p>\n    <p><font color=\"#990000\" size=\"4\" face=\"Verdana, Arial, Helvetica, sans-serif\"><input type=\"radio\" onClick=\"Engine(9, this.value)\" value=\"1\" \/> En la Facultad de Medicina<br \/>\n    <input type=\"radio\" onClick=\"Engine(9, this.value)\" value=\"2\" \/> En el Bosque<br \/>\n    <input type=\"radio\" onClick=\"Engine(9, this.value)\" value=\"3\" \/> Instituto Gral. San Mart\u00edn<br \/>\n    <\/font><\/p>\n    <p><font color=\"#990000\" size=\"4\" face=\"Verdana, Arial, Helvetica, sans-serif\"><b>10. \u00bfD\u00f3nde se encontraba la Villa Banco Constructor?<\/b><\/font><\/p>\n    <p align=\"left\"><font color=\"#990000\" size=\"4\" face=\"Verdana, Arial, Helvetica, sans-serif\"><input type=\"radio\" onClick=\"Engine(10, this.value)\" value=\"1\" \/> Berisso<br \/>\n    <input type=\"radio\" onClick=\"Engine(10, this.value)\" value=\"2\" \/> Ensenada<br \/>\n    <input type=\"radio\" onClick=\"Engine(10, this.value)\" value=\"3\" \/> Tolosa\n <\/font><\/p>\n    <hr \/>\n    <p>&nbsp;<\/p>\n    <center><font color=\"#990000\" size=\"4\" face=\"Verdana, Arial, Helvetica, sans-serif\"><input type=\"button\" onclick=\"NextLevel()\" value=\"Presione para ver el resultado\" \/><\/font><\/center>\n<\/form>\n<hr \/>\n<script language=\"JavaScript\">\n\nvar ans = new Array;\nvar done = new Array;\nvar score = 0;\n\nans[1] = \"3\";\nans[2] = \"1\";\nans[3] = \"3\";\nans[4] = \"1\";\nans[5] = \"2\";\nans[6] = \"2\";\nans[7] = \"2\";\nans[8] = \"3\";\nans[9] = \"2\";\nans[10] = \"1\";\n\nfunction Engine(question, answer) {\n\n        if (answer != ans[question]) {\n                if (!done[question]) {\n                        done[question] = -1;\n                        alert(\"Respuesta Incorrecta!\\n\\nSu puntaje todavia es: \" + score);\n                        }\n                else {\n                        alert(\"Respuesta Incorrecta!\\n\\nUsted ya contesto esta pregunta.\");\n                        }\n                }\n        else {\n                if (!done[question]) {\n                        done[question] = -1;\n                        score++;\n                        alert(\"Respuesta Correcta!\\n\\nSu puntaje acumulado es: \" + score);\n                        }\n                else {\n                        alert(\"Respuesta Correcta!\\n\\nUsted ya contesto esta pregunta.\");\n                        }\n                }\n}\n\nfunction NextLevel () {\n        if (score > 10) {\n                alert(\"Haciendo trampa!\");\n                }\n        if (score >= 7 && score < 10) {\n                alert(\"Felicitaciones!  Usted es un verdadero conocedor de la ciudad de La Plata. \\n\\n                                 Su puntaje final es: \" + score)\n\n                }\n        if (score == 10) {\n                alert(\"Excelente!  Usted es un verdadero fan\u00e1tico de la ciudad de La Plata. \\n\\n                           Su puntaje final es: \" + score)\n\n                }\n        if (score < 7) {\n                alert(\"A\u00fan no conoce la ciudad de La Plata.  Debe actualizar la p\u00e1gina, para jugar nuevamente. \\n\\n                                             Su puntaje final es: \" + score)\n                }\n}\n<\/script>\n\n\n\n<p class=\"has-text-align-center\">Esta en sector 7<\/p>\n\n\n\n<p class=\"has-text-align-center\"><strong>Ir a>>> \u00bfQu\u00e9 sabe usted de La Plata\u00a0<a href=\"http:\/\/www.laplatamagica.com.ar\/?page_id=4651\">1<\/a>\u00a0<a href=\"http:\/\/www.laplatamagica.com.ar\/?page_id=4662\">2\u00a0<\/a><a href=\"http:\/\/www.laplatamagica.com.ar\/?page_id=4678\">3<\/a>\u00a0<a href=\"http:\/\/www.laplatamagica.com.ar\/?page_id=4688\">4<\/a>\u00a0<a href=\"http:\/\/www.laplatamagica.com.ar\/?page_id=4699\">5<\/a>\u00a0<a href=\"http:\/\/www.laplatamagica.com.ar\/?page_id=4716\">6<\/a>\u00a0<a href=\"http:\/\/www.laplatamagica.com.ar\/?page_id=4849\">7\u00a0<\/a><a href=\"http:\/\/www.laplatamagica.com.ar\/?page_id=10282\">8<\/a>\u00a0<a href=\"https:\/\/laplatamagica.com.ar\/?page_id=12325\">9<\/a>?<\/strong><\/p>\n\n\n\n<p class=\"has-text-align-center\"> <br><\/p>\n","protected":false},"excerpt":{"rendered":"<p>Ir a&gt;&gt;&gt; \u00bfQu\u00e9 sabe usted de La Plata 1 2 3 4 5 6 7 8 9? >> \u00bfQu\u00e9 sabe usted de La Plata\u00a01\u00a02\u00a03\u00a04\u00a05\u00a06\u00a07\u00a08\u00a09?<\/p>\n","protected":false},"author":1,"featured_media":0,"parent":0,"menu_order":0,"comment_status":"closed","ping_status":"closed","template":"","meta":{"switch_pages_title":"","h5ap_radio_sources":[],"footnotes":""},"class_list":["post-4849","page","type-page","status-publish","hentry"],"_links":{"self":[{"href":"https:\/\/laplatamagica.ar\/index.php?rest_route=\/wp\/v2\/pages\/4849","targetHints":{"allow":["GET"]}}],"collection":[{"href":"https:\/\/laplatamagica.ar\/index.php?rest_route=\/wp\/v2\/pages"}],"about":[{"href":"https:\/\/laplatamagica.ar\/index.php?rest_route=\/wp\/v2\/types\/page"}],"author":[{"embeddable":true,"href":"https:\/\/laplatamagica.ar\/index.php?rest_route=\/wp\/v2\/users\/1"}],"replies":[{"embeddable":true,"href":"https:\/\/laplatamagica.ar\/index.php?rest_route=%2Fwp%2Fv2%2Fcomments&post=4849"}],"version-history":[{"count":2,"href":"https:\/\/laplatamagica.ar\/index.php?rest_route=\/wp\/v2\/pages\/4849\/revisions"}],"predecessor-version":[{"id":12360,"href":"https:\/\/laplatamagica.ar\/index.php?rest_route=\/wp\/v2\/pages\/4849\/revisions\/12360"}],"wp:attachment":[{"href":"https:\/\/laplatamagica.ar\/index.php?rest_route=%2Fwp%2Fv2%2Fmedia&parent=4849"}],"curies":[{"name":"wp","href":"https:\/\/api.w.org\/{rel}","templated":true}]}}