{"id":5052,"date":"2019-11-05T06:25:19","date_gmt":"2019-11-05T09:25:19","guid":{"rendered":"http:\/\/www.laplatamagica.com.ar\/?page_id=5052"},"modified":"2024-09-26T17:42:20","modified_gmt":"2024-09-26T20:42:20","slug":"plazoletas","status":"publish","type":"page","link":"https:\/\/laplatamagica.ar\/?page_id=5052","title":{"rendered":"Plazoletas"},"content":{"rendered":"\n<p class=\"has-text-align-center has-medium-font-size\"><strong><a href=\"http:\/\/www.laplatamagica.com.ar\/?page_id=5099\">Plazoletas 1<\/a><\/strong><\/p>\n\n\n\n<meta name=\"google-site-verification\" content=\"M7MLd8EiK6vH3vKiaxJhArPjny-NOmeNFIymND3QUrI\" \/>\n\n\n\n<p><strong>El t\u00e9rmino \u201cplazoleta\u201d\nseg\u00fan el Diccionario de la Real Academia Espa\u00f1ola indica que es:<\/strong><\/p>\n\n\n\n<p><strong>Del diminutivo. de plazuela.<\/strong><\/p>\n\n\n\n<p><strong><em>1. f. Espacio, a manera de plaza peque\u00f1a, que suele haber en jardines y alamedas.<\/em><\/strong><\/p>\n\n\n\n<p>Nuestra ciudad tiene muchas plazoletas,  donde tenemos, seg\u00fan su estado, la posibilidad de sentarnos, vamos a conocer algunas de ellas. A veces son s\u00f3lo denominaciones. Agradezco a <a rel=\"noreferrer noopener\" aria-label=\"Gogle Maps (abre en una nueva pesta\u00f1a)\" href=\"https:\/\/www.google.com.ar\/maps\/@-34.919056,-57.9503485,15z\" target=\"_blank\">Gogle Maps<\/a> por algunas fotos tomadas con el sistema.<\/p>\n\n\n\n<p>Las que aqu\u00ed se muestran son las que se encuentran dentro del trazado fundacional de la ciudad de La Plata. <\/p>\n\n\n\n<hr class=\"wp-block-separator has-css-opacity\"\/>\n\n\n\n<p class=\"has-text-align-center has-medium-font-size\"><strong>En Diagonal 76 entre las calles 24 y 49<\/strong><\/p>\n\n\n<div class=\"wp-block-image\">\n<figure class=\"aligncenter\"><img loading=\"lazy\" decoding=\"async\" width=\"1000\" height=\"650\" src=\"http:\/\/www.laplatamagica.com.ar\/wp-content\/uploads\/2019\/11\/plazoleta1.jpg\" alt=\"\" class=\"wp-image-5053\" srcset=\"https:\/\/laplatamagica.ar\/wp-content\/uploads\/2019\/11\/plazoleta1.jpg 1000w, https:\/\/laplatamagica.ar\/wp-content\/uploads\/2019\/11\/plazoleta1-300x195.jpg 300w, https:\/\/laplatamagica.ar\/wp-content\/uploads\/2019\/11\/plazoleta1-768x499.jpg 768w\" sizes=\"auto, (max-width: 709px) 85vw, (max-width: 909px) 67vw, (max-width: 1362px) 62vw, 840px\" \/><figcaption class=\"wp-element-caption\"> <br><strong>&#8220;Castilla y Le\u00f3n&#8221; es la plazoleta ubicada en Diagonal 76 entre las calles 24 y 49. <\/strong><\/figcaption><\/figure>\n<\/div>\n\n\n<p class=\"has-text-align-center has-medium-font-size\"><strong> <\/strong> <strong>Avenidas 1 y 60  <\/strong><\/p>\n\n\n\n<figure class=\"wp-block-image\"><img loading=\"lazy\" decoding=\"async\" width=\"1000\" height=\"658\" src=\"http:\/\/www.laplatamagica.com.ar\/wp-content\/uploads\/2019\/11\/plazoleta2-1.jpg\" alt=\"\" class=\"wp-image-5055\" srcset=\"https:\/\/laplatamagica.ar\/wp-content\/uploads\/2019\/11\/plazoleta2-1.jpg 1000w, https:\/\/laplatamagica.ar\/wp-content\/uploads\/2019\/11\/plazoleta2-1-300x197.jpg 300w, https:\/\/laplatamagica.ar\/wp-content\/uploads\/2019\/11\/plazoleta2-1-768x505.jpg 768w\" sizes=\"auto, (max-width: 709px) 85vw, (max-width: 909px) 67vw, (max-width: 1362px) 62vw, 840px\" \/><figcaption class=\"wp-element-caption\"><strong>Se designa con el nombre de &#8220;Escuela Tecnol\u00f3gica Albert Thomas&#8221;.<\/strong><\/figcaption><\/figure>\n\n\n\n<p class=\"has-text-align-center has-medium-font-size\"><strong>Calle 22, 57 y Diagonal 75 <\/strong><\/p>\n\n\n<div class=\"wp-block-image\">\n<figure class=\"aligncenter\"><img loading=\"lazy\" decoding=\"async\" width=\"1000\" height=\"542\" src=\"http:\/\/www.laplatamagica.com.ar\/wp-content\/uploads\/2019\/11\/plazoleta3.jpg\" alt=\"\" class=\"wp-image-5059\" srcset=\"https:\/\/laplatamagica.ar\/wp-content\/uploads\/2019\/11\/plazoleta3.jpg 1000w, https:\/\/laplatamagica.ar\/wp-content\/uploads\/2019\/11\/plazoleta3-300x163.jpg 300w, https:\/\/laplatamagica.ar\/wp-content\/uploads\/2019\/11\/plazoleta3-768x416.jpg 768w\" sizes=\"auto, (max-width: 709px) 85vw, (max-width: 909px) 67vw, (max-width: 1362px) 62vw, 840px\" \/><figcaption class=\"wp-element-caption\"> <br><strong> Plazoleta &#8220;Florencio Sanchez&#8221;.<\/strong> <\/figcaption><\/figure>\n<\/div>\n\n\n<p class=\"has-text-align-center has-medium-font-size\"><strong> Plazoleta ubicada en calle 61, Diagonal 78 y 8  <\/strong><\/p>\n\n\n<div class=\"wp-block-image\">\n<figure class=\"aligncenter\"><img loading=\"lazy\" decoding=\"async\" width=\"1000\" height=\"646\" src=\"http:\/\/www.laplatamagica.com.ar\/wp-content\/uploads\/2019\/11\/plazoleta4.jpg\" alt=\"\" class=\"wp-image-5061\" srcset=\"https:\/\/laplatamagica.ar\/wp-content\/uploads\/2019\/11\/plazoleta4.jpg 1000w, https:\/\/laplatamagica.ar\/wp-content\/uploads\/2019\/11\/plazoleta4-300x194.jpg 300w, https:\/\/laplatamagica.ar\/wp-content\/uploads\/2019\/11\/plazoleta4-768x496.jpg 768w\" sizes=\"auto, (max-width: 709px) 85vw, (max-width: 909px) 67vw, (max-width: 1362px) 62vw, 840px\" \/><figcaption class=\"wp-element-caption\"><strong>Designada con el nombre de &#8220;La Noche de los Lapices&#8221;.<\/strong><\/figcaption><\/figure>\n<\/div>\n\n\n<p class=\"has-text-align-center has-medium-font-size\"><strong>En las calles 33 y 28 del barrio de La Loma.<\/strong><\/p>\n\n\n<div class=\"wp-block-image\">\n<figure class=\"aligncenter\"><img loading=\"lazy\" decoding=\"async\" width=\"1000\" height=\"642\" src=\"http:\/\/www.laplatamagica.com.ar\/wp-content\/uploads\/2019\/11\/plazoleta5.jpg\" alt=\"\" class=\"wp-image-5063\" srcset=\"https:\/\/laplatamagica.ar\/wp-content\/uploads\/2019\/11\/plazoleta5.jpg 1000w, https:\/\/laplatamagica.ar\/wp-content\/uploads\/2019\/11\/plazoleta5-300x193.jpg 300w, https:\/\/laplatamagica.ar\/wp-content\/uploads\/2019\/11\/plazoleta5-768x493.jpg 768w\" sizes=\"auto, (max-width: 709px) 85vw, (max-width: 909px) 67vw, (max-width: 1362px) 62vw, 840px\" \/><figcaption class=\"wp-element-caption\"><strong>Designa con el nombre de Hugo Eloy Ren\u00e9 Sivori. <\/strong><\/figcaption><\/figure>\n<\/div>\n\n\n<p class=\"has-text-align-center has-medium-font-size\"><strong> Calles 55, 15 y Diagonal 74<\/strong><\/p>\n\n\n\n<figure class=\"wp-block-image\"><img loading=\"lazy\" decoding=\"async\" width=\"1000\" height=\"642\" src=\"http:\/\/www.laplatamagica.com.ar\/wp-content\/uploads\/2019\/11\/plazoleta6.jpg\" alt=\"\" class=\"wp-image-5066\" srcset=\"https:\/\/laplatamagica.ar\/wp-content\/uploads\/2019\/11\/plazoleta6.jpg 1000w, https:\/\/laplatamagica.ar\/wp-content\/uploads\/2019\/11\/plazoleta6-300x193.jpg 300w, https:\/\/laplatamagica.ar\/wp-content\/uploads\/2019\/11\/plazoleta6-768x493.jpg 768w\" sizes=\"auto, (max-width: 709px) 85vw, (max-width: 909px) 67vw, (max-width: 1362px) 62vw, 840px\" \/><figcaption class=\"wp-element-caption\"><strong>Designada con el nombre &#8220;Alejandro Olmos&#8221;.<\/strong><\/figcaption><\/figure>\n\n\n\n<p class=\"has-text-align-center has-medium-font-size\"><strong>Avenidas 1 y 72<\/strong><\/p>\n\n\n\n<figure class=\"wp-block-image\"><img loading=\"lazy\" decoding=\"async\" width=\"1000\" height=\"642\" src=\"http:\/\/www.laplatamagica.com.ar\/wp-content\/uploads\/2019\/11\/plazoleta7.jpg\" alt=\"\" class=\"wp-image-5068\" srcset=\"https:\/\/laplatamagica.ar\/wp-content\/uploads\/2019\/11\/plazoleta7.jpg 1000w, https:\/\/laplatamagica.ar\/wp-content\/uploads\/2019\/11\/plazoleta7-300x193.jpg 300w, https:\/\/laplatamagica.ar\/wp-content\/uploads\/2019\/11\/plazoleta7-768x493.jpg 768w\" sizes=\"auto, (max-width: 709px) 85vw, (max-width: 909px) 67vw, (max-width: 1362px) 62vw, 840px\" \/><figcaption class=\"wp-element-caption\"><strong>Designada con el nombre de Escribano Juan Carlos Albert\u00ed.<\/strong><\/figcaption><\/figure>\n\n\n\n<p class=\"has-text-align-center has-medium-font-size\"><strong>En calle 58 entre Diagonal 78 y calle 5<\/strong><\/p>\n\n\n<div class=\"wp-block-image\">\n<figure class=\"aligncenter\"><img loading=\"lazy\" decoding=\"async\" width=\"1000\" height=\"642\" src=\"http:\/\/www.laplatamagica.com.ar\/wp-content\/uploads\/2019\/11\/plazoleta8.jpg\" alt=\"\" class=\"wp-image-5070\" srcset=\"https:\/\/laplatamagica.ar\/wp-content\/uploads\/2019\/11\/plazoleta8.jpg 1000w, https:\/\/laplatamagica.ar\/wp-content\/uploads\/2019\/11\/plazoleta8-300x193.jpg 300w, https:\/\/laplatamagica.ar\/wp-content\/uploads\/2019\/11\/plazoleta8-768x493.jpg 768w\" sizes=\"auto, (max-width: 709px) 85vw, (max-width: 909px) 67vw, (max-width: 1362px) 62vw, 840px\" \/><figcaption class=\"wp-element-caption\"><strong>Designada con el nombre de Almirante Irizar. <\/strong><\/figcaption><\/figure>\n<\/div>\n\n\n<p class=\"has-text-align-center has-medium-font-size\"><strong>Calle 56 en el cruce de calle 3 y Diagonal 78<\/strong><\/p>\n\n\n<div class=\"wp-block-image\">\n<figure class=\"aligncenter\"><img loading=\"lazy\" decoding=\"async\" width=\"1000\" height=\"642\" src=\"http:\/\/www.laplatamagica.com.ar\/wp-content\/uploads\/2019\/11\/plazoleta9.jpg\" alt=\"\" class=\"wp-image-5073\" srcset=\"https:\/\/laplatamagica.ar\/wp-content\/uploads\/2019\/11\/plazoleta9.jpg 1000w, https:\/\/laplatamagica.ar\/wp-content\/uploads\/2019\/11\/plazoleta9-300x193.jpg 300w, https:\/\/laplatamagica.ar\/wp-content\/uploads\/2019\/11\/plazoleta9-768x493.jpg 768w\" sizes=\"auto, (max-width: 709px) 85vw, (max-width: 909px) 67vw, (max-width: 1362px) 62vw, 840px\" \/><figcaption class=\"wp-element-caption\"><strong>Designada con el nombre de &#8220;La Vuelta de Obligado&#8221; <\/strong><\/figcaption><\/figure>\n<\/div>\n\n\n<p class=\"has-text-align-center has-medium-font-size\"><strong>Avenida 31 y calle 68<\/strong><\/p>\n\n\n<div class=\"wp-block-image\">\n<figure class=\"aligncenter\"><img loading=\"lazy\" decoding=\"async\" width=\"1000\" height=\"642\" src=\"http:\/\/www.laplatamagica.com.ar\/wp-content\/uploads\/2019\/11\/plazoleta10.jpg\" alt=\"\" class=\"wp-image-5074\" srcset=\"https:\/\/laplatamagica.ar\/wp-content\/uploads\/2019\/11\/plazoleta10.jpg 1000w, https:\/\/laplatamagica.ar\/wp-content\/uploads\/2019\/11\/plazoleta10-300x193.jpg 300w, https:\/\/laplatamagica.ar\/wp-content\/uploads\/2019\/11\/plazoleta10-768x493.jpg 768w\" sizes=\"auto, (max-width: 709px) 85vw, (max-width: 909px) 67vw, (max-width: 1362px) 62vw, 840px\" \/><figcaption class=\"wp-element-caption\"><strong>Designada con el nombre de &#8220;Placita de los Colore<\/strong>s&#8221;.<\/figcaption><\/figure>\n<\/div>\n\n\n<p class=\"has-text-align-center has-medium-font-size\"><strong> En calle 1 y 51 <\/strong><\/p>\n\n\n<div class=\"wp-block-image\">\n<figure class=\"aligncenter\"><img loading=\"lazy\" decoding=\"async\" width=\"1000\" height=\"642\" src=\"http:\/\/www.laplatamagica.com.ar\/wp-content\/uploads\/2019\/11\/plazoleta11.jpg\" alt=\"\" class=\"wp-image-5076\" srcset=\"https:\/\/laplatamagica.ar\/wp-content\/uploads\/2019\/11\/plazoleta11.jpg 1000w, https:\/\/laplatamagica.ar\/wp-content\/uploads\/2019\/11\/plazoleta11-300x193.jpg 300w, https:\/\/laplatamagica.ar\/wp-content\/uploads\/2019\/11\/plazoleta11-768x493.jpg 768w\" sizes=\"auto, (max-width: 709px) 85vw, (max-width: 909px) 67vw, (max-width: 1362px) 62vw, 840px\" \/><figcaption class=\"wp-element-caption\"><strong>Con el nombre de &#8220;Rep\u00fablica \u00c1rabe Siria&#8221;, posiblemente ten\u00eda otro nombre antes.<\/strong><\/figcaption><\/figure>\n<\/div>\n\n\n<p class=\"has-text-align-center has-medium-font-size\"><strong>Calle 41 y 120 <\/strong><\/p>\n\n\n<div class=\"wp-block-image\">\n<figure class=\"aligncenter\"><img loading=\"lazy\" decoding=\"async\" width=\"1000\" height=\"643\" src=\"http:\/\/www.laplatamagica.com.ar\/wp-content\/uploads\/2019\/11\/plazoleta12.jpg\" alt=\"\" class=\"wp-image-5078\" srcset=\"https:\/\/laplatamagica.ar\/wp-content\/uploads\/2019\/11\/plazoleta12.jpg 1000w, https:\/\/laplatamagica.ar\/wp-content\/uploads\/2019\/11\/plazoleta12-300x193.jpg 300w, https:\/\/laplatamagica.ar\/wp-content\/uploads\/2019\/11\/plazoleta12-768x494.jpg 768w\" sizes=\"auto, (max-width: 709px) 85vw, (max-width: 909px) 67vw, (max-width: 1362px) 62vw, 840px\" \/><figcaption class=\"wp-element-caption\"><strong>Reservado para la denominaci\u00f3n de &#8220;Ministro Pablo Pedro Marin&#8221;.<\/strong><\/figcaption><\/figure>\n<\/div>\n\n\n<p class=\"has-text-align-center has-medium-font-size\"> <strong>Avenida 72 desde calle 6 a 8<\/strong><\/p>\n\n\n<div class=\"wp-block-image\">\n<figure class=\"aligncenter\"><img loading=\"lazy\" decoding=\"async\" width=\"1000\" height=\"642\" src=\"http:\/\/www.laplatamagica.com.ar\/wp-content\/uploads\/2019\/11\/plazoleta13.jpg\" alt=\"\" class=\"wp-image-5080\" srcset=\"https:\/\/laplatamagica.ar\/wp-content\/uploads\/2019\/11\/plazoleta13.jpg 1000w, https:\/\/laplatamagica.ar\/wp-content\/uploads\/2019\/11\/plazoleta13-300x193.jpg 300w, https:\/\/laplatamagica.ar\/wp-content\/uploads\/2019\/11\/plazoleta13-768x493.jpg 768w\" sizes=\"auto, (max-width: 709px) 85vw, (max-width: 909px) 67vw, (max-width: 1362px) 62vw, 840px\" \/><figcaption class=\"wp-element-caption\"><strong>Designada con el nombre de &#8220;Plazoleta de los Inmigrantes&#8221;, al espacio verde.<\/strong><\/figcaption><\/figure>\n<\/div>\n\n\n<p class=\"has-text-align-center has-medium-font-size\"><strong> Calles 63, 15 y Diagonal 75 <\/strong><\/p>\n\n\n<div class=\"wp-block-image\">\n<figure class=\"aligncenter\"><img loading=\"lazy\" decoding=\"async\" width=\"1000\" height=\"650\" src=\"http:\/\/www.laplatamagica.com.ar\/wp-content\/uploads\/2019\/11\/plazoleta14.jpg\" alt=\"\" class=\"wp-image-5082\" srcset=\"https:\/\/laplatamagica.ar\/wp-content\/uploads\/2019\/11\/plazoleta14.jpg 1000w, https:\/\/laplatamagica.ar\/wp-content\/uploads\/2019\/11\/plazoleta14-300x195.jpg 300w, https:\/\/laplatamagica.ar\/wp-content\/uploads\/2019\/11\/plazoleta14-768x499.jpg 768w\" sizes=\"auto, (max-width: 709px) 85vw, (max-width: 909px) 67vw, (max-width: 1362px) 62vw, 840px\" \/><figcaption class=\"wp-element-caption\"><strong>Denominada &#8220;Plazoleta de los Piamonteses&#8221;.<\/strong><\/figcaption><\/figure>\n<\/div>\n\n\n<p class=\"has-text-align-center has-medium-font-size\"><strong> Diagonal 113, equina 61 y 117 <\/strong><\/p>\n\n\n<div class=\"wp-block-image\">\n<figure class=\"aligncenter\"><img loading=\"lazy\" decoding=\"async\" width=\"1000\" height=\"642\" src=\"http:\/\/www.laplatamagica.com.ar\/wp-content\/uploads\/2019\/11\/plazoleta15.jpg\" alt=\"\" class=\"wp-image-5083\" srcset=\"https:\/\/laplatamagica.ar\/wp-content\/uploads\/2019\/11\/plazoleta15.jpg 1000w, https:\/\/laplatamagica.ar\/wp-content\/uploads\/2019\/11\/plazoleta15-300x193.jpg 300w, https:\/\/laplatamagica.ar\/wp-content\/uploads\/2019\/11\/plazoleta15-768x493.jpg 768w\" sizes=\"auto, (max-width: 709px) 85vw, (max-width: 909px) 67vw, (max-width: 1362px) 62vw, 840px\" \/><figcaption class=\"wp-element-caption\"><strong>Imponen  el nombre de \u201cDiego Rodr\u00edguez Laguens\u201d.<\/strong><\/figcaption><\/figure>\n<\/div>\n\n\n<p class=\"has-text-align-center has-medium-font-size\"><strong> Diagonal 113 &#8211; 63 y 119  <\/strong><\/p>\n\n\n<div class=\"wp-block-image\">\n<figure class=\"aligncenter\"><img loading=\"lazy\" decoding=\"async\" width=\"1000\" height=\"491\" src=\"http:\/\/www.laplatamagica.com.ar\/wp-content\/uploads\/2019\/11\/plazoleta16.jpg\" alt=\"\" class=\"wp-image-5085\" srcset=\"https:\/\/laplatamagica.ar\/wp-content\/uploads\/2019\/11\/plazoleta16.jpg 1000w, https:\/\/laplatamagica.ar\/wp-content\/uploads\/2019\/11\/plazoleta16-300x147.jpg 300w, https:\/\/laplatamagica.ar\/wp-content\/uploads\/2019\/11\/plazoleta16-768x377.jpg 768w\" sizes=\"auto, (max-width: 709px) 85vw, (max-width: 909px) 67vw, (max-width: 1362px) 62vw, 840px\" \/><figcaption class=\"wp-element-caption\"><strong>Se designo con el nombre de &#8220;Ingeniero Agr\u00f3nomo Juan Ram\u00f3n de La Llosa&#8221;<\/strong><\/figcaption><\/figure>\n<\/div>\n\n\n<p class=\"has-text-align-center has-medium-font-size\"><strong>Calle 14 entre 50 y Avda. 51.<\/strong><\/p>\n\n\n<div class=\"wp-block-image\">\n<figure class=\"aligncenter\"><img loading=\"lazy\" decoding=\"async\" width=\"1000\" height=\"629\" src=\"http:\/\/www.laplatamagica.com.ar\/wp-content\/uploads\/2019\/11\/plazoleta17.jpg\" alt=\"\" class=\"wp-image-5089\" srcset=\"https:\/\/laplatamagica.ar\/wp-content\/uploads\/2019\/11\/plazoleta17.jpg 1000w, https:\/\/laplatamagica.ar\/wp-content\/uploads\/2019\/11\/plazoleta17-300x189.jpg 300w, https:\/\/laplatamagica.ar\/wp-content\/uploads\/2019\/11\/plazoleta17-768x483.jpg 768w\" sizes=\"auto, (max-width: 709px) 85vw, (max-width: 909px) 67vw, (max-width: 1362px) 62vw, 840px\" \/><figcaption class=\"wp-element-caption\"><strong>Es designada con el nombre de &#8220;Plazoleta del Agrimensor&#8221;.<\/strong><\/figcaption><\/figure>\n<\/div>\n\n\n<p class=\"has-text-align-center has-medium-font-size\"><strong> Calles 72 y 31 y Diagonal 74 <\/strong><\/p>\n\n\n<div class=\"wp-block-image\">\n<figure class=\"aligncenter\"><img loading=\"lazy\" decoding=\"async\" width=\"1000\" height=\"410\" src=\"http:\/\/www.laplatamagica.com.ar\/wp-content\/uploads\/2019\/11\/plazoleta19-1.jpg\" alt=\"\" class=\"wp-image-5092\" srcset=\"https:\/\/laplatamagica.ar\/wp-content\/uploads\/2019\/11\/plazoleta19-1.jpg 1000w, https:\/\/laplatamagica.ar\/wp-content\/uploads\/2019\/11\/plazoleta19-1-300x123.jpg 300w, https:\/\/laplatamagica.ar\/wp-content\/uploads\/2019\/11\/plazoleta19-1-768x315.jpg 768w\" sizes=\"auto, (max-width: 709px) 85vw, (max-width: 909px) 67vw, (max-width: 1362px) 62vw, 840px\" \/><figcaption class=\"wp-element-caption\"><strong>Lleva el nombre de \u201cDr. Ricardo Balb\u00edn\u201d.<\/strong><\/figcaption><\/figure>\n<\/div>\n\n\n<p class=\"has-text-align-center has-medium-font-size\"><strong>Calles 48, 23 y Diagonal 76<\/strong><\/p>\n\n\n<div class=\"wp-block-image\">\n<figure class=\"aligncenter\"><img loading=\"lazy\" decoding=\"async\" width=\"1000\" height=\"602\" src=\"http:\/\/www.laplatamagica.com.ar\/wp-content\/uploads\/2019\/11\/plazoleta20.jpg\" alt=\"\" class=\"wp-image-5094\" srcset=\"https:\/\/laplatamagica.ar\/wp-content\/uploads\/2019\/11\/plazoleta20.jpg 1000w, https:\/\/laplatamagica.ar\/wp-content\/uploads\/2019\/11\/plazoleta20-300x181.jpg 300w, https:\/\/laplatamagica.ar\/wp-content\/uploads\/2019\/11\/plazoleta20-768x462.jpg 768w\" sizes=\"auto, (max-width: 709px) 85vw, (max-width: 909px) 67vw, (max-width: 1362px) 62vw, 840px\" \/><figcaption class=\"wp-element-caption\"><strong>Designada con el nombre de &#8220;Rep\u00fablica de Egipto&#8221; <\/strong><\/figcaption><\/figure>\n<\/div>\n\n\n<p class=\"has-text-align-center has-medium-font-size\"><strong>Calles 47, 22 y Diagonal 76<\/strong><\/p>\n\n\n<div class=\"wp-block-image\">\n<figure class=\"aligncenter\"><img loading=\"lazy\" decoding=\"async\" width=\"1000\" height=\"632\" src=\"http:\/\/www.laplatamagica.com.ar\/wp-content\/uploads\/2019\/11\/plazoleta21.jpg\" alt=\"\" class=\"wp-image-5096\" srcset=\"https:\/\/laplatamagica.ar\/wp-content\/uploads\/2019\/11\/plazoleta21.jpg 1000w, https:\/\/laplatamagica.ar\/wp-content\/uploads\/2019\/11\/plazoleta21-300x190.jpg 300w, https:\/\/laplatamagica.ar\/wp-content\/uploads\/2019\/11\/plazoleta21-768x485.jpg 768w\" sizes=\"auto, (max-width: 709px) 85vw, (max-width: 909px) 67vw, (max-width: 1362px) 62vw, 840px\" \/><figcaption class=\"wp-element-caption\"><strong>Fue designa con el nombre del poeta \u201cJusto Mar\u00eda Aguilar\u201d. <\/strong><\/figcaption><\/figure>\n<\/div>\n\n\n<p class=\"has-text-align-center has-medium-font-size\"><strong> Avenida 60 y calle 122  <\/strong><\/p>\n\n\n\n<p class=\"has-text-align-center has-medium-font-size\"><strong><a href=\"http:\/\/www.laplatamagica.com.ar\/?page_id=5099\">Ir a Plazoletas 1<\/a><\/strong><\/p>\n","protected":false},"excerpt":{"rendered":"<p>Plazoletas 1 El t\u00e9rmino \u201cplazoleta\u201d seg\u00fan el Diccionario de la Real Academia Espa\u00f1ola indica que es: Del diminutivo. de plazuela. 1. f. Espacio, a manera de plaza peque\u00f1a, que suele haber en jardines y alamedas. Nuestra ciudad tiene muchas plazoletas, donde tenemos, seg\u00fan su estado, la posibilidad de sentarnos, vamos a conocer algunas de ellas. &hellip; <a href=\"https:\/\/laplatamagica.ar\/?page_id=5052\" class=\"more-link\">Continuar leyendo<span class=\"screen-reader-text\"> &#8220;Plazoletas&#8221;<\/span><\/a><\/p>\n","protected":false},"author":1,"featured_media":0,"parent":0,"menu_order":0,"comment_status":"closed","ping_status":"closed","template":"","meta":{"switch_pages_title":"","h5ap_radio_sources":[],"footnotes":""},"class_list":["post-5052","page","type-page","status-publish","hentry"],"_links":{"self":[{"href":"https:\/\/laplatamagica.ar\/index.php?rest_route=\/wp\/v2\/pages\/5052","targetHints":{"allow":["GET"]}}],"collection":[{"href":"https:\/\/laplatamagica.ar\/index.php?rest_route=\/wp\/v2\/pages"}],"about":[{"href":"https:\/\/laplatamagica.ar\/index.php?rest_route=\/wp\/v2\/types\/page"}],"author":[{"embeddable":true,"href":"https:\/\/laplatamagica.ar\/index.php?rest_route=\/wp\/v2\/users\/1"}],"replies":[{"embeddable":true,"href":"https:\/\/laplatamagica.ar\/index.php?rest_route=%2Fwp%2Fv2%2Fcomments&post=5052"}],"version-history":[{"count":1,"href":"https:\/\/laplatamagica.ar\/index.php?rest_route=\/wp\/v2\/pages\/5052\/revisions"}],"predecessor-version":[{"id":12804,"href":"https:\/\/laplatamagica.ar\/index.php?rest_route=\/wp\/v2\/pages\/5052\/revisions\/12804"}],"wp:attachment":[{"href":"https:\/\/laplatamagica.ar\/index.php?rest_route=%2Fwp%2Fv2%2Fmedia&parent=5052"}],"curies":[{"name":"wp","href":"https:\/\/api.w.org\/{rel}","templated":true}]}}