{"id":5221,"date":"2019-11-17T10:08:20","date_gmt":"2019-11-17T13:08:20","guid":{"rendered":"http:\/\/www.laplatamagica.com.ar\/?page_id=5221"},"modified":"2019-11-17T15:22:16","modified_gmt":"2019-11-17T18:22:16","slug":"que-hacemos-con-el-mundo","status":"publish","type":"page","link":"https:\/\/laplatamagica.ar\/?page_id=5221","title":{"rendered":"\u00bfQue hacemos con el mundo?"},"content":{"rendered":"\n<div class=\"wp-block-image\"><figure class=\"aligncenter\"><img loading=\"lazy\" decoding=\"async\" width=\"223\" height=\"208\" src=\"http:\/\/www.laplatamagica.com.ar\/wp-content\/uploads\/2019\/11\/mundoenfermo.jpg\" alt=\"\" class=\"wp-image-5225\"\/><\/figure><\/div>\n\n\n\n<p>Ya no es un problema del futuro el calentamiento global, con las conductas mundiales el futuro se acerca y no es bueno, es una situaci\u00f3n que debemos detener de inmediato o la cat\u00e1strofe del planeta ser\u00e1 irreversible. Sequ\u00edas, huracanes, hambre, pobreza y destrucci\u00f3n: estas son algunas de las terribles consecuencias que el calentamiento global provoca en nuestro planeta. <\/p>\n\n\n\n<div class=\"wp-block-image\"><figure class=\"aligncenter\"><img loading=\"lazy\" decoding=\"async\" width=\"550\" height=\"30\" src=\"http:\/\/www.laplatamagica.com.ar\/wp-content\/uploads\/2019\/11\/arbolesseparador.jpg\" alt=\"\" class=\"wp-image-5226\" srcset=\"https:\/\/laplatamagica.ar\/wp-content\/uploads\/2019\/11\/arbolesseparador.jpg 550w, https:\/\/laplatamagica.ar\/wp-content\/uploads\/2019\/11\/arbolesseparador-300x16.jpg 300w\" sizes=\"auto, (max-width: 550px) 85vw, 550px\" \/><\/figure><\/div>\n\n\n\n<p>Y algo podemos hacer en el d\u00eda a d\u00eda para activamente frenar sus efectos si queremos que las siguientes generaciones alcancen un mundo tal y como lo conocemos hoy. Preservar el medio ambiente es muy importante aunque no lo parezca hoy. <\/p>\n\n\n\n<p style=\"font-size:30px;text-align:center\"><strong>Algunos de sus efectos en el futuro son:<\/strong><\/p>\n\n\n\n<p class=\"has-medium-font-size\"><strong>Desaparici\u00f3n de especies animales<\/strong><\/p>\n\n\n\n<div class=\"wp-block-image\"><figure class=\"aligncenter\"><img loading=\"lazy\" decoding=\"async\" width=\"220\" height=\"148\" src=\"http:\/\/www.laplatamagica.com.ar\/wp-content\/uploads\/2019\/11\/mundoenfermo4.jpg\" alt=\"\" class=\"wp-image-5229\"\/><figcaption><strong>El oso polar no consigue su alimento.<\/strong><\/figcaption><\/figure><\/div>\n\n\n\n<p class=\"has-medium-font-size\"><strong>Propagaci\u00f3n de enfermedades<\/strong><\/p>\n\n\n\n<p class=\"has-medium-font-size\"><strong>Temperaturas m\u00e1s c\u00e1lidas<\/strong><\/p>\n\n\n\n<div class=\"wp-block-image\"><figure class=\"aligncenter\"><img loading=\"lazy\" decoding=\"async\" width=\"800\" height=\"582\" src=\"http:\/\/www.laplatamagica.com.ar\/wp-content\/uploads\/2019\/11\/mundoenfermo2.jpg\" alt=\"\" class=\"wp-image-5227\" srcset=\"https:\/\/laplatamagica.ar\/wp-content\/uploads\/2019\/11\/mundoenfermo2.jpg 800w, https:\/\/laplatamagica.ar\/wp-content\/uploads\/2019\/11\/mundoenfermo2-300x218.jpg 300w, https:\/\/laplatamagica.ar\/wp-content\/uploads\/2019\/11\/mundoenfermo2-768x559.jpg 768w\" sizes=\"auto, (max-width: 800px) 85vw, 800px\" \/><\/figure><\/div>\n\n\n\n<p class=\"has-medium-font-size\"><strong>Tormentas m\u00e1s intensas<\/strong><\/p>\n\n\n\n<p class=\"has-medium-font-size\"><strong>Olas de calor m\u00e1s fuertes<\/strong><\/p>\n\n\n\n<p class=\"has-medium-font-size\"><strong>Huracanes m\u00e1s peligrosos<\/strong><\/p>\n\n\n\n<div class=\"wp-block-image\"><figure class=\"aligncenter\"><img loading=\"lazy\" decoding=\"async\" width=\"276\" height=\"300\" src=\"http:\/\/www.laplatamagica.com.ar\/wp-content\/uploads\/2019\/11\/mundoenfermo5.jpg\" alt=\"\" class=\"wp-image-5230\"\/><\/figure><\/div>\n\n\n\n<p class=\"has-medium-font-size\"><strong>Cambio de los ecosistemas<\/strong><\/p>\n\n\n\n<p class=\"has-medium-font-size\"><strong>Derretimiento de los glaciares<\/strong><\/p>\n\n\n\n<p class=\"has-medium-font-size\"><strong>Aumento del nivel del mar<\/strong><\/p>\n\n\n\n<div class=\"wp-block-image\"><figure class=\"aligncenter\"><img loading=\"lazy\" decoding=\"async\" width=\"379\" height=\"214\" src=\"http:\/\/www.laplatamagica.com.ar\/wp-content\/uploads\/2019\/11\/mundoenfermo6.jpg\" alt=\"\" class=\"wp-image-5231\" srcset=\"https:\/\/laplatamagica.ar\/wp-content\/uploads\/2019\/11\/mundoenfermo6.jpg 379w, https:\/\/laplatamagica.ar\/wp-content\/uploads\/2019\/11\/mundoenfermo6-300x169.jpg 300w\" sizes=\"auto, (max-width: 379px) 85vw, 379px\" \/><\/figure><\/div>\n\n\n\n<p class=\"has-medium-font-size\"><strong>Alimentos m\u00e1s caros.<\/strong><\/p>\n\n\n\n<div class=\"wp-block-image\"><figure class=\"aligncenter is-resized\"><img loading=\"lazy\" decoding=\"async\" src=\"http:\/\/www.laplatamagica.com.ar\/wp-content\/uploads\/2019\/11\/mundoenfermo7.jpg\" alt=\"\" class=\"wp-image-5246\" width=\"773\" height=\"297\" srcset=\"https:\/\/laplatamagica.ar\/wp-content\/uploads\/2019\/11\/mundoenfermo7.jpg 887w, https:\/\/laplatamagica.ar\/wp-content\/uploads\/2019\/11\/mundoenfermo7-300x116.jpg 300w, https:\/\/laplatamagica.ar\/wp-content\/uploads\/2019\/11\/mundoenfermo7-768x296.jpg 768w\" sizes=\"auto, (max-width: 773px) 85vw, 773px\" \/><\/figure><\/div>\n","protected":false},"excerpt":{"rendered":"<p>Ya no es un problema del futuro el calentamiento global, con las conductas mundiales el futuro se acerca y no es bueno, es una situaci\u00f3n que debemos detener de inmediato o la cat\u00e1strofe del planeta ser\u00e1 irreversible. Sequ\u00edas, huracanes, hambre, pobreza y destrucci\u00f3n: estas son algunas de las terribles consecuencias que el calentamiento global provoca &hellip; <a href=\"https:\/\/laplatamagica.ar\/?page_id=5221\" class=\"more-link\">Continuar leyendo<span class=\"screen-reader-text\"> &#8220;\u00bfQue hacemos con el mundo?&#8221;<\/span><\/a><\/p>\n","protected":false},"author":1,"featured_media":0,"parent":0,"menu_order":0,"comment_status":"closed","ping_status":"closed","template":"","meta":{"switch_pages_title":"","h5ap_radio_sources":[],"footnotes":""},"class_list":["post-5221","page","type-page","status-publish","hentry"],"_links":{"self":[{"href":"https:\/\/laplatamagica.ar\/index.php?rest_route=\/wp\/v2\/pages\/5221","targetHints":{"allow":["GET"]}}],"collection":[{"href":"https:\/\/laplatamagica.ar\/index.php?rest_route=\/wp\/v2\/pages"}],"about":[{"href":"https:\/\/laplatamagica.ar\/index.php?rest_route=\/wp\/v2\/types\/page"}],"author":[{"embeddable":true,"href":"https:\/\/laplatamagica.ar\/index.php?rest_route=\/wp\/v2\/users\/1"}],"replies":[{"embeddable":true,"href":"https:\/\/laplatamagica.ar\/index.php?rest_route=%2Fwp%2Fv2%2Fcomments&post=5221"}],"version-history":[{"count":0,"href":"https:\/\/laplatamagica.ar\/index.php?rest_route=\/wp\/v2\/pages\/5221\/revisions"}],"wp:attachment":[{"href":"https:\/\/laplatamagica.ar\/index.php?rest_route=%2Fwp%2Fv2%2Fmedia&parent=5221"}],"curies":[{"name":"wp","href":"https:\/\/api.w.org\/{rel}","templated":true}]}}