{"id":5436,"date":"2019-12-02T12:28:24","date_gmt":"2019-12-02T15:28:24","guid":{"rendered":"http:\/\/www.laplatamagica.com.ar\/?page_id=5436"},"modified":"2019-12-06T10:30:01","modified_gmt":"2019-12-06T13:30:01","slug":"curriculum","status":"publish","type":"page","link":"https:\/\/laplatamagica.ar\/?page_id=5436","title":{"rendered":"Curr\u00edculum"},"content":{"rendered":"\n<p style=\"text-align:center\"><strong>DATOS PERSONALES<\/strong><\/p>\n\n\n\n<p>Nombre y Apellido: <strong>Osvaldo Daniel Fraboschi<\/strong><\/p>\n\n\n\n<p>Lugar\nde Nacimiento: Buenos Aires, Argentina<\/p>\n\n\n\n<p>Nacionalidad:\nArgentina<\/p>\n\n\n\n<p>Fecha\nde Nacimiento: 15-05-1950<\/p>\n\n\n\n<p><strong>ESTUDIOS<\/strong><\/p>\n\n\n\n<p>T\u00e9cnico Muse\u00f3grafo (Universidad del Museo Social Argentino)  Licenciado en Museolog\u00eda (Universidad del Museo Social Argentino)<\/p>\n\n\n\n<p><strong>SEMINARIOS, CURSOS,\nJORNADAS, ETC.<\/strong><\/p>\n\n\n\n<p>&#8211;\n&nbsp;Seminario \u201cMuseos y Museolog\u00eda\u201d, en el\nInstituto Argentino de Museolog\u00eda<\/p>\n\n\n\n<p>&nbsp;&nbsp;&nbsp; Lic. M\u00f3nica Garrido de Cilley<\/p>\n\n\n\n<p>&#8211;&nbsp; Seminario para Educadores de Museos, en el\nMuseo Nacional de Bellas Artes<\/p>\n\n\n\n<p>&nbsp;&nbsp; Prof. Amelia Arenas<\/p>\n\n\n\n<p>&#8211;&nbsp; Jornadas de Intercambio \u201cLa persona con\ndiscapacidad y su accesibilidad a los Museos\u201d, en el<\/p>\n\n\n\n<p>&nbsp;&nbsp; Museo Nacional de Arte Decorativo,\ncoordinadas por la Direcci\u00f3n Nacional de Museos y la<\/p>\n\n\n\n<p>&nbsp;&nbsp; Direcci\u00f3n Nacional de Rehabilitaci\u00f3n<\/p>\n\n\n\n<p>&#8211;\u00a0 II Jornadas de los Museos \u201cPatrimonio, Investigaci\u00f3n y Difusi\u00f3n\u201d, organizadas por la Comisi\u00f3n Buenos Aires en los Museos.<\/p>\n\n\n\n<p>&#8211;\u00a0 III Jornadas de los Museos \u201cPatrimonio, Investigaci\u00f3n y Difusi\u00f3n\u201d, organizadas por la Comisi\u00f3n Buenos Aires en los Museos<\/p>\n\n\n\n<p>&#8211;&nbsp; Primer Encuentro de Museos Municipales \u201cLos\nMuseos y la Gente\u201d, en el Museo del Cine \u201cPablo C. Ducros Hicken\u201d, coordinado por la Direcci\u00f3n General de Museos <\/p>\n\n\n\n<p>&#8211;&nbsp; Primer Encuentro Educativo \u201cEl Museo y la\nEscuela: Una relaci\u00f3n pedag\u00f3gica\u201d, en el Archivo y <\/p>\n\n\n\n<p>&nbsp;&nbsp; Museo Hist\u00f3ricos del Banco de la Provincia\nde Buenos Aires \u201cDr. Arturo Jauretche\u201d<\/p>\n\n\n\n<p>&#8211;&nbsp; Tercer Encuentro Educativo \u201cEl Museo y la\nEscuela: Un instrumento pedag\u00f3gico al servicio de la<\/p>\n\n\n\n<p> &nbsp;&nbsp; Ense\u00f1anza\u201d, en el Archivo y Museo Hist\u00f3ricos del Banco de la Provincia de Buenos Aires \u201cDr. Arturo Jauretche\u201d<\/p>\n\n\n\n<p>&#8211;&nbsp; Segundo Encuentro del Patrimonio Cultural y\nNatural del Conurbano Bonaerense, en el Archivo y <\/p>\n\n\n\n<p>&nbsp;&nbsp; Museo Hist\u00f3ricos del Banco de la Provincia\nde Buenos Aires \u201cDr. Arturo Jauretche\u201d<\/p>\n\n\n\n<p>&#8211;&nbsp; Curso \u201cArqueolog\u00eda y Cer\u00e1mica\u201d, en el Taller M\u00faltiple, Prof. Domingo L. Furioso y Prof. Graciela Mart\u00ednez Yantorno<\/p>\n\n\n\n<p>&#8211;&nbsp; Curso \u201cFundamentos de Montaje de una Exposici\u00f3n de Arte\u201d, en la Facultad de Filosof\u00eda y Letras de la Universidad de Buenos Aires, Lic. Julio S\u00e1nchez<\/p>\n\n\n\n<p>&#8211;&nbsp; Curso \u201cIntroducci\u00f3n al Arte de la India\u201d, en el Museo Nacional de Arte Oriental, Prof. Marta A. C. Arciprete de Reyes<\/p>\n\n\n\n<p> &#8211; Curso \u201cMuseos y Comunidad (formaci\u00f3n de gu\u00edas de museo)\u201d, en el Instituto Nacional de Antropolog\u00eda, Lic. Liliana Ema Lorenzo<\/p>\n\n\n\n<p>&#8211;&nbsp; Curso \u201cMuseos Did\u00e1cticos Comunitarios\u201d, realizado por la Organizaci\u00f3n de los Estados Americanos, Prof. Ionne Carvalho y Prof. Graciela Mas\u00eda <\/p>\n\n\n\n<p>&#8211;&nbsp; Curso \u201cEnmarcado Museol\u00f3gico\u201d, en el Instituto\nT\u00e9cnico de Restauraci\u00f3n, Prof. Graciela Mas\u00eda<\/p>\n\n\n\n<p>&#8211;&nbsp; Diversos cursos sobre \u201cHistoria de la Opera\u201d\ncon el music\u00f3logo Juan Andr\u00e9s Sala<\/p>\n\n\n\n<p>&#8211;&nbsp; Simposio Internacional \u201cLa Preservaci\u00f3n del Patrimonio Documental Iberoamericano\u201d, en la Universidad del Museo Social Argentino, Prof. C\u00e9sar A. Garc\u00eda Belsunce (Pte. del Comit\u00e9 Organizador)<\/p>\n\n\n\n<p>&#8211;&nbsp; Curso \u201cInventario de documentaci\u00f3n del patrimonio\u201d, Centro Internacional para la Conservaci\u00f3n del Patrimonio argentino, Arq. Jorge N. Bozzano<\/p>\n\n\n\n<p>&#8211;&nbsp; Segundas Jornadas \u201cAvances y problemas de\ncatalogaci\u00f3n\u201d, Instituto de Teor\u00eda e Historia del Arte \u201cJulio E. Payr\u00f3\u201d UBA, Dr. \u00c1ngel M. Navarro<\/p>\n\n\n\n<p>&#8211;&nbsp; Congreso Nacional \u201cMarketing para Museos y Sitios Hist\u00f3ricos\u201d, organizado por la Escuela Espa\u00f1ola de Negocios<\/p>\n\n\n\n<p><strong>ANTECEDENTES\nLABORALES<\/strong><\/p>\n\n\n\n<p><strong>1) Colaboraciones<\/strong><\/p>\n\n\n\n<p>&nbsp;&nbsp;&nbsp; 1970\/77: Programa radial \u201cMundo L\u00edrico\u201d,\ndel Dr. Gustavo Bigourdan<\/p>\n\n\n\n<p>&nbsp;&nbsp;&nbsp; 1992: Apertura del Museo Postal y\nTelegr\u00e1fico \u201cDr. Ram\u00f3n J. C\u00e1rcano\u201d<\/p>\n\n\n\n<p>&nbsp;&nbsp;&nbsp; 1993: Prof.&nbsp;\nAdjunto en el curso \u201cEl coleccionismo en la antig\u00fcedad\u201d, en el Museo\nNacional de Arte Decorativo, Lic. Delma Damonte de P\u00e9rez<\/p>\n\n\n\n<p> &nbsp;&nbsp; 2001: Instructor de agentes responsables en el proceso de conservaci\u00f3n y limpieza de discos de pasta (78 RPM)<\/p>\n\n\n\n<p><strong>2) Art\u00edculos y\nNotas<\/strong><\/p>\n\n\n\n<p>&nbsp;&nbsp;&nbsp; 1977\/80: Peri\u00f3dico \u201cCorreo Musical\nArgentino\u201d<\/p>\n\n\n\n<p>&nbsp;&nbsp;&nbsp; 1980\/82: Revista \u201cEsto es M\u00fasica\u201d<\/p>\n\n\n\n<p>&nbsp;&nbsp;&nbsp; 1982\/86: Revista \u201cM\u00fasica Hoy\u201d<\/p>\n\n\n\n<p><strong>3) Museo Argentino\nde Ciencias Naturales \u201cBernardino Rivadavia\u201d<\/strong><\/p>\n\n\n\n<p>&nbsp;&nbsp;&nbsp;&nbsp; 1991: Coordinador de los grupos visitantes\nen la Jornada para familias \u201cLos animales en movimiento\u201d<\/p>\n\n\n\n<p>&nbsp;&nbsp;&nbsp;&nbsp; 1991: Coordinador en la Jornada para\nfamilias \u201cHuellas\u201d<\/p>\n\n\n\n<p> &nbsp;&nbsp;&nbsp; 1992: Coordinador entre las mesas de demostraciones en las Jornadas de Actividades para familias \u201cHuellas\u201d<\/p>\n\n\n\n<p>&nbsp;&nbsp;&nbsp;&nbsp; 1992: Coordinador entre las mesas de\ndemostraciones en las Jornadas de Actividades para familias \u201cLos animales en movimiento\u201d<\/p>\n\n\n\n<p><strong>4) Escuela Superior de Bellas Artes de la Naci\u00f3n \u201cErnesto de la C\u00e1rcova\u201d- Direcci\u00f3n de Posgrado en Artes Visuales \u201cErnesto de la C\u00e1rcova\u201d \u2013 Museo de Calcos y Escultura Comparada \u201cErnesto la C\u00e1rcova\u201d<\/strong><\/p>\n\n\n\n<p><strong>&nbsp;&nbsp;&nbsp; a) Cargos:<\/strong><\/p>\n\n\n\n<p>&nbsp;&nbsp;&nbsp; 1986\/88: Preceptor <\/p>\n\n\n\n<p>&nbsp;&nbsp;&nbsp; 1987\/89: Colaborador de la Presidente de la\n\u201cFundaci\u00f3n Amigos Ernesto de la C\u00e1rcova\u201d<\/p>\n\n\n\n<p>&nbsp;&nbsp;&nbsp; 1988\/91: Ayudante de C\u00e1tedra afectado al\nMuseo de Calcos y Escultura Comparada <\/p>\n\n\n\n<p>&nbsp;&nbsp;&nbsp; 1989\/94: Agente Administrativo <\/p>\n\n\n\n<p>&nbsp;&nbsp;&nbsp; 1992\/01: Jefe General de Taller a Cargo del\nMuseo de Calcos y Escultura Comparada <\/p>\n\n\n\n<p>&nbsp;&nbsp;&nbsp; 2001\/08: Vicedirector del Museo de Calcos y\nEscultura Comparada <\/p>\n\n\n\n<p>&nbsp;&nbsp; &nbsp;2008\/16:\nJefe del Departamento del Museo <\/p>\n\n\n\n<p>&nbsp;&nbsp; <strong>b)<\/strong>\n<strong>Cursos Organizados:<\/strong><\/p>\n\n\n\n<p>&nbsp;&nbsp;&nbsp; \u201cLos Museos de Arte y la Museolog\u00eda\u201d,\ndictado por la Lic. Elena Francisca Schiavone<\/p>\n\n\n\n<p>&nbsp;&nbsp;&nbsp; \u201cArte Pre-Hisp\u00e1nico en Mesoam\u00e9rica\u201d,\ndictado por el Arq. Luis Armando Saracho<\/p>\n\n\n\n<p>&nbsp;&nbsp;&nbsp; \u201cFundamentos Museol\u00f3gicos de una Exposici\u00f3n\nde Arte\u201d, dictado por el Lic. Jorge Luis Carro<\/p>\n\n\n\n<p>&nbsp;&nbsp;&nbsp; \u201dEl Arte en la D\u00e9cada del \u201880\u201d, dictado por\nla Lic. Lydia Amabile Tomaino<\/p>\n\n\n\n<p>&nbsp;&nbsp;&nbsp;\n\u201cMedia, Semi\u00f3tica y Arte\u201d, dictado por el Arq. Iv\u00e1n Daniel Ivakhoff<\/p>\n\n\n\n<p>&nbsp;&nbsp;&nbsp; \u201cTaller de Psicomotricidad de Dibujo y\npintura\u201d, Prof. Eva Castell<\/p>\n\n\n\n<p>&nbsp;&nbsp;&nbsp; \u201dTaller para Artistas con capacidades\ndiferentes (I)\u201d, Prof. Eva Castell <\/p>\n\n\n\n<p>&nbsp;&nbsp;&nbsp; \u201cTaller para artistas con capacidades\ndiferentes (II)\u201d, Prof. Eva Castell<\/p>\n\n\n\n<p>&nbsp;&nbsp;&nbsp; \u201cTaller para artistas con capacidades\ndiferentes (III)\u201d, Prof. Eva Castell<\/p>\n\n\n\n<p>&nbsp;&nbsp; &nbsp;<strong>c)<\/strong> <strong>Charlas\nOrganizadas:<\/strong><\/p>\n\n\n\n<p>&nbsp;&nbsp;&nbsp; Charla del escultor Hern\u00e1n Domp\u00e9 para los\nalumnos del Establecimiento<\/p>\n\n\n\n<p>&nbsp;&nbsp;&nbsp; Charla del director Oscar Barney Finn para\nlos alumnos de Escenograf\u00eda<\/p>\n\n\n\n<p> &nbsp;&nbsp; Charla del arque\u00f3logo Gast\u00f3n Castillo sobre \u201cArqueolog\u00eda y Antropolog\u00eda en Chile y la Regi\u00f3n Andina\u201d para los alumnos del Establecimiento y de Museolog\u00eda<\/p>\n\n\n\n<p> &nbsp;&nbsp; Charla sobre la pieza teatral \u201cEva y Victoria\u201d a cargo de las Se\u00f1oras M\u00f3nica Ottino (autora) y &nbsp;China Zorrilla (actriz) para los alumnos del Establecimiento y p\u00fablico en general.<\/p>\n\n\n\n<p>&nbsp;&nbsp;&nbsp; <strong>d)<\/strong>\n<strong>Exhibiciones (Organizador y muse\u00f3logo):<\/strong><\/p>\n\n\n\n<p>&nbsp;&nbsp;&nbsp; \u201cCuerpos en fuga\u201d<\/p>\n\n\n\n<p>&nbsp;&nbsp;&nbsp; \u201cAbracadabra patadecabra\u201d <\/p>\n\n\n\n<p>&nbsp;&nbsp;&nbsp; <strong>e)<\/strong>\n<strong>Varios:<\/strong><\/p>\n\n\n\n<p><strong>&nbsp;&nbsp;&nbsp; &#8211; <\/strong>Diploma por la actividad laboral con artistas discapacitados en el Museo de Calcos y Escultura Comparada \u201cErnesto de la C\u00e1rcova\u201d, otorgado por Inter Arte Cultural y&nbsp; la Fundaci\u00f3n Artista Discapacitados, Sr. Alfonso Oscar Pinacchio<\/p>\n\n\n\n<p> &nbsp;&nbsp; &#8211; Felicitaci\u00f3n de la Embajada de Chile por la organizaci\u00f3n de talleres de arte para alumnos con capacidades diferentes (en ese momento \u00fanico en Latinoam\u00e9rica por tratarse de nivel terciario) en el Museo de Calcos y Escultura Comparada de la Direcci\u00f3n de Posgrado en Arte  Visuales \u201cErnesto de la C\u00e1rcova\u201d<\/p>\n\n\n\n<p> \u00a0\u00a0&#8211; Integr\u00f3 el \u201cInstituto de Investigaciones en Historia del Arte\u201d de la Direcci\u00f3n de Posgrado en Artes Visuales \u201cErnesto de la C\u00e1rcova\u201d, Prof. Dra. Perla Zayas de Lima.<\/p>\n\n\n\n<p><strong>INVESTIGACIONES<\/strong><\/p>\n\n\n\n<p><strong>&nbsp;&#8211; <\/strong>Informe Patrimonial Cultural I: Calcos (escrito para la superioridad con autorizaci\u00f3n del Prof. Alfredo Jorge Benavidez Bedoya)<\/p>\n\n\n\n<p>&#8211;&nbsp; El Teatro Argentino de La Plata (1890-1915)<\/p>\n\n\n\n<p>&#8211;&nbsp; La Escuela Superior de Bellas Artes \u201cErnesto de la C\u00e1rcova\u201d (1920-1923 \u201cLa Fundaci\u00f3n\u201d).<\/p>\n","protected":false},"excerpt":{"rendered":"<p>DATOS PERSONALES Nombre y Apellido: Osvaldo Daniel Fraboschi Lugar de Nacimiento: Buenos Aires, Argentina Nacionalidad: Argentina Fecha de Nacimiento: 15-05-1950 ESTUDIOS T\u00e9cnico Muse\u00f3grafo (Universidad del Museo Social Argentino) Licenciado en Museolog\u00eda (Universidad del Museo Social Argentino) SEMINARIOS, CURSOS, JORNADAS, ETC. &#8211; &nbsp;Seminario \u201cMuseos y Museolog\u00eda\u201d, en el Instituto Argentino de Museolog\u00eda &nbsp;&nbsp;&nbsp; Lic. M\u00f3nica Garrido &hellip; <a href=\"https:\/\/laplatamagica.ar\/?page_id=5436\" class=\"more-link\">Continuar leyendo<span class=\"screen-reader-text\"> &#8220;Curr\u00edculum&#8221;<\/span><\/a><\/p>\n","protected":false},"author":1,"featured_media":0,"parent":0,"menu_order":0,"comment_status":"closed","ping_status":"closed","template":"","meta":{"switch_pages_title":"","h5ap_radio_sources":[],"footnotes":""},"class_list":["post-5436","page","type-page","status-publish","hentry"],"_links":{"self":[{"href":"https:\/\/laplatamagica.ar\/index.php?rest_route=\/wp\/v2\/pages\/5436","targetHints":{"allow":["GET"]}}],"collection":[{"href":"https:\/\/laplatamagica.ar\/index.php?rest_route=\/wp\/v2\/pages"}],"about":[{"href":"https:\/\/laplatamagica.ar\/index.php?rest_route=\/wp\/v2\/types\/page"}],"author":[{"embeddable":true,"href":"https:\/\/laplatamagica.ar\/index.php?rest_route=\/wp\/v2\/users\/1"}],"replies":[{"embeddable":true,"href":"https:\/\/laplatamagica.ar\/index.php?rest_route=%2Fwp%2Fv2%2Fcomments&post=5436"}],"version-history":[{"count":0,"href":"https:\/\/laplatamagica.ar\/index.php?rest_route=\/wp\/v2\/pages\/5436\/revisions"}],"wp:attachment":[{"href":"https:\/\/laplatamagica.ar\/index.php?rest_route=%2Fwp%2Fv2%2Fmedia&parent=5436"}],"curies":[{"name":"wp","href":"https:\/\/api.w.org\/{rel}","templated":true}]}}