{"id":5487,"date":"2019-12-05T16:46:49","date_gmt":"2019-12-05T19:46:49","guid":{"rendered":"http:\/\/www.laplatamagica.com.ar\/?page_id=5487"},"modified":"2020-09-27T11:39:39","modified_gmt":"2020-09-27T14:39:39","slug":"noticias-del-pasado-platense","status":"publish","type":"page","link":"https:\/\/laplatamagica.ar\/?page_id=5487","title":{"rendered":"Noticias del pasado platense"},"content":{"rendered":"\n<hr class=\"wp-block-separator is-style-wide\"\/>\n\n\n\n<p>En la construcci\u00f3n de la identidad social platense, la prensa tuvo un papel fundamental, oper\u00f3 como portavoz y actor de los niveles sociales a los que cada publicaci\u00f3n estaba dirigida, un primer diario que tuvo la ciudad fundado en 1883 fue \u201cEl Ferrocarril\u201d y en el mismo a\u00f1o apareci\u00f3 \u201cLa Propaganda\u201d el 16-10-1883, curiosamente en su primer n\u00famero saluda a su colega con las siguientes l\u00edneas: \u201cde ahora en adelante seremos dos para defender a la ciudad de los pantanos\u201d.<\/p>\n\n\n\n<p><br> De representaci\u00f3n pol\u00edtica fueron La Plata (1885) El Municipio (1892) y La Tarde (1893) del Partido Autonomista. Los \u00f3rganos de la Uni\u00f3n C\u00edvica Nacional fueron El Mercurio (1890) y La Ma\u00f1ana (1894). La Uni\u00f3n C\u00edvica Radical tuvo como \u00f3rganos de prensa y El Tribuno) y El Pueblo ambos de (1891.<\/p>\n\n\n\n<p><br> Las ideolog\u00edas libertarias concentraron sus distintas tendencias en diversos medios gr\u00e1ficos. El anarquismo tuvo como \u00f3rganos de prensa a los peri\u00f3dicos La Lucha (1894) y La Anarqu\u00eda (1896) mientras el socialismo local se constitu\u00eda en los frigor\u00edficos de Berisso mediante la publicaci\u00f3n La Uni\u00f3n Obrera (1897) Otras publicaciones ten\u00edan como eje a dis\u00edmiles esferas de la poblaci\u00f3n: El Centinela (1890) revista dirigida al p\u00fablico femenino de clase media, La lectura del Domingo (1893) revista dominical cat\u00f3lica.  La Verdad diario de car\u00e1cter mas\u00f3nico. Otro agregado lo constituyeron los \u00f3rganos gr\u00e1ficos de las colectividades afincadas en la regi\u00f3n por ejemplo \u201cCorrieri Italiano\u201d (1890).<\/p>\n\n\n\n<div class=\"wp-block-image\"><figure class=\"aligncenter\"><img loading=\"lazy\" decoding=\"async\" width=\"1000\" height=\"710\" src=\"http:\/\/www.laplatamagica.com.ar\/wp-content\/uploads\/2019\/12\/noti001A-1.jpg\" alt=\"\" class=\"wp-image-5494\" srcset=\"https:\/\/laplatamagica.ar\/wp-content\/uploads\/2019\/12\/noti001A-1.jpg 1000w, https:\/\/laplatamagica.ar\/wp-content\/uploads\/2019\/12\/noti001A-1-300x213.jpg 300w, https:\/\/laplatamagica.ar\/wp-content\/uploads\/2019\/12\/noti001A-1-768x545.jpg 768w\" sizes=\"auto, (max-width: 709px) 85vw, (max-width: 909px) 67vw, (max-width: 1362px) 62vw, 840px\" \/><figcaption><strong>Diario &#8220;La Plata&#8221; 2 de enero de 1886.<\/strong><\/figcaption><\/figure><\/div>\n\n\n\n<div class=\"wp-block-image\"><figure class=\"aligncenter\"><img loading=\"lazy\" decoding=\"async\" width=\"1000\" height=\"759\" src=\"http:\/\/www.laplatamagica.com.ar\/wp-content\/uploads\/2019\/12\/noti002A.jpg\" alt=\"\" class=\"wp-image-5496\" srcset=\"https:\/\/laplatamagica.ar\/wp-content\/uploads\/2019\/12\/noti002A.jpg 1000w, https:\/\/laplatamagica.ar\/wp-content\/uploads\/2019\/12\/noti002A-300x228.jpg 300w, https:\/\/laplatamagica.ar\/wp-content\/uploads\/2019\/12\/noti002A-768x583.jpg 768w\" sizes=\"auto, (max-width: 709px) 85vw, (max-width: 909px) 67vw, (max-width: 1362px) 62vw, 840px\" \/><figcaption><strong>Diario &#8220;La Ma\u00f1ana&#8221; 4 de enero de 1890.<\/strong><\/figcaption><\/figure><\/div>\n\n\n\n<div class=\"wp-block-image\"><figure class=\"aligncenter\"><img loading=\"lazy\" decoding=\"async\" width=\"665\" height=\"1024\" src=\"http:\/\/www.laplatamagica.com.ar\/wp-content\/uploads\/2020\/09\/elmonitor1891-665x1024.jpg\" alt=\"\" class=\"wp-image-8275\" srcset=\"https:\/\/laplatamagica.ar\/wp-content\/uploads\/2020\/09\/elmonitor1891-665x1024.jpg 665w, https:\/\/laplatamagica.ar\/wp-content\/uploads\/2020\/09\/elmonitor1891-195x300.jpg 195w, https:\/\/laplatamagica.ar\/wp-content\/uploads\/2020\/09\/elmonitor1891-768x1183.jpg 768w, https:\/\/laplatamagica.ar\/wp-content\/uploads\/2020\/09\/elmonitor1891.jpg 900w\" sizes=\"auto, (max-width: 665px) 85vw, 665px\" \/><figcaption><strong>&#8220;El Monitor de la Educaci\u00f3n Com\u00fan&#8221;, Buenos Aires, 28 febrero 1891.<\/strong><\/figcaption><\/figure><\/div>\n\n\n\n<div class=\"wp-block-image\"><figure class=\"aligncenter\"><img loading=\"lazy\" decoding=\"async\" width=\"1000\" height=\"725\" src=\"http:\/\/www.laplatamagica.com.ar\/wp-content\/uploads\/2019\/12\/noti003A.jpg\" alt=\"\" class=\"wp-image-5500\" srcset=\"https:\/\/laplatamagica.ar\/wp-content\/uploads\/2019\/12\/noti003A.jpg 1000w, https:\/\/laplatamagica.ar\/wp-content\/uploads\/2019\/12\/noti003A-300x218.jpg 300w, https:\/\/laplatamagica.ar\/wp-content\/uploads\/2019\/12\/noti003A-768x557.jpg 768w\" sizes=\"auto, (max-width: 709px) 85vw, (max-width: 909px) 67vw, (max-width: 1362px) 62vw, 840px\" \/><figcaption><strong>Diario &#8220;La Libertad&#8221; 4 de enero de 1900.<\/strong><\/figcaption><\/figure><\/div>\n\n\n\n<div class=\"wp-block-image\"><figure class=\"aligncenter\"><img loading=\"lazy\" decoding=\"async\" width=\"792\" height=\"1024\" src=\"http:\/\/www.laplatamagica.com.ar\/wp-content\/uploads\/2019\/12\/info1896-792x1024.jpg\" alt=\"\" class=\"wp-image-5595\" srcset=\"https:\/\/laplatamagica.ar\/wp-content\/uploads\/2019\/12\/info1896-792x1024.jpg 792w, https:\/\/laplatamagica.ar\/wp-content\/uploads\/2019\/12\/info1896-232x300.jpg 232w, https:\/\/laplatamagica.ar\/wp-content\/uploads\/2019\/12\/info1896-768x993.jpg 768w, https:\/\/laplatamagica.ar\/wp-content\/uploads\/2019\/12\/info1896.jpg 1000w\" sizes=\"auto, (max-width: 792px) 85vw, 792px\" \/><figcaption><strong>Diario &#8220;La Verdad&#8221; 27 de enero de 1896.<\/strong><\/figcaption><\/figure><\/div>\n\n\n\n<div class=\"wp-block-image\"><figure class=\"aligncenter\"><img loading=\"lazy\" decoding=\"async\" width=\"855\" height=\"1024\" src=\"http:\/\/www.laplatamagica.com.ar\/wp-content\/uploads\/2019\/12\/noti004A-855x1024.jpg\" alt=\"\" class=\"wp-image-5503\" srcset=\"https:\/\/laplatamagica.ar\/wp-content\/uploads\/2019\/12\/noti004A-855x1024.jpg 855w, https:\/\/laplatamagica.ar\/wp-content\/uploads\/2019\/12\/noti004A-251x300.jpg 251w, https:\/\/laplatamagica.ar\/wp-content\/uploads\/2019\/12\/noti004A-768x919.jpg 768w, https:\/\/laplatamagica.ar\/wp-content\/uploads\/2019\/12\/noti004A.jpg 1000w\" sizes=\"auto, (max-width: 709px) 85vw, (max-width: 909px) 67vw, (max-width: 1362px) 62vw, 840px\" \/><figcaption><strong>Diario &#8220;El Argentino&#8221; 3 de agosto de 1906.<\/strong><\/figcaption><\/figure><\/div>\n\n\n\n<div class=\"wp-block-image\"><figure class=\"aligncenter\"><img loading=\"lazy\" decoding=\"async\" width=\"595\" height=\"624\" src=\"http:\/\/www.laplatamagica.com.ar\/wp-content\/uploads\/2019\/12\/noti001.jpg\" alt=\"\" class=\"wp-image-5488\" srcset=\"https:\/\/laplatamagica.ar\/wp-content\/uploads\/2019\/12\/noti001.jpg 595w, https:\/\/laplatamagica.ar\/wp-content\/uploads\/2019\/12\/noti001-286x300.jpg 286w\" sizes=\"auto, (max-width: 595px) 85vw, 595px\" \/><figcaption><strong>Diario &#8220;El Argentino&#8221; 11 de agosto de 1906<\/strong><\/figcaption><\/figure><\/div>\n\n\n\n<div class=\"wp-block-image\"><figure class=\"aligncenter\"><img loading=\"lazy\" decoding=\"async\" width=\"737\" height=\"1024\" src=\"http:\/\/www.laplatamagica.com.ar\/wp-content\/uploads\/2020\/09\/embellecerelbosque-737x1024.jpg\" alt=\"\" class=\"wp-image-8279\" srcset=\"https:\/\/laplatamagica.ar\/wp-content\/uploads\/2020\/09\/embellecerelbosque-737x1024.jpg 737w, https:\/\/laplatamagica.ar\/wp-content\/uploads\/2020\/09\/embellecerelbosque-216x300.jpg 216w, https:\/\/laplatamagica.ar\/wp-content\/uploads\/2020\/09\/embellecerelbosque-768x1067.jpg 768w, https:\/\/laplatamagica.ar\/wp-content\/uploads\/2020\/09\/embellecerelbosque.jpg 1000w\" sizes=\"auto, (max-width: 737px) 85vw, 737px\" \/><figcaption><strong>Diario El Argentino 4 de agosto de 1909.<\/strong><\/figcaption><\/figure><\/div>\n\n\n\n<div class=\"wp-block-image\"><figure class=\"aligncenter\"><img loading=\"lazy\" decoding=\"async\" width=\"1000\" height=\"767\" src=\"http:\/\/www.laplatamagica.com.ar\/wp-content\/uploads\/2020\/09\/departamentodeingenieros.jpg\" alt=\"Diario El Argentino, 24 de enero de 1912.\" class=\"wp-image-8277\" srcset=\"https:\/\/laplatamagica.ar\/wp-content\/uploads\/2020\/09\/departamentodeingenieros.jpg 1000w, https:\/\/laplatamagica.ar\/wp-content\/uploads\/2020\/09\/departamentodeingenieros-300x230.jpg 300w, https:\/\/laplatamagica.ar\/wp-content\/uploads\/2020\/09\/departamentodeingenieros-768x589.jpg 768w\" sizes=\"auto, (max-width: 709px) 85vw, (max-width: 909px) 67vw, (max-width: 1362px) 62vw, 840px\" \/><figcaption><strong>Diario El Argentino, 24 de enero de 1912.<\/strong><\/figcaption><\/figure><\/div>\n\n\n\n<div class=\"wp-block-image\"><figure class=\"aligncenter\"><img loading=\"lazy\" decoding=\"async\" width=\"1000\" height=\"729\" src=\"http:\/\/www.laplatamagica.com.ar\/wp-content\/uploads\/2019\/12\/info1960.jpg\" alt=\"\" class=\"wp-image-5581\" srcset=\"https:\/\/laplatamagica.ar\/wp-content\/uploads\/2019\/12\/info1960.jpg 1000w, https:\/\/laplatamagica.ar\/wp-content\/uploads\/2019\/12\/info1960-300x219.jpg 300w, https:\/\/laplatamagica.ar\/wp-content\/uploads\/2019\/12\/info1960-768x560.jpg 768w\" sizes=\"auto, (max-width: 709px) 85vw, (max-width: 909px) 67vw, (max-width: 1362px) 62vw, 840px\" \/><figcaption><strong>Diario &#8220;El D\u00eda&#8221; 4 de septiembre de 1960.<\/strong><\/figcaption><\/figure><\/div>\n\n\n\n<div class=\"wp-block-image\"><figure class=\"aligncenter\"><img loading=\"lazy\" decoding=\"async\" width=\"934\" height=\"1024\" src=\"http:\/\/www.laplatamagica.com.ar\/wp-content\/uploads\/2019\/12\/info196002-934x1024.jpg\" alt=\"\" class=\"wp-image-5585\" srcset=\"https:\/\/laplatamagica.ar\/wp-content\/uploads\/2019\/12\/info196002-934x1024.jpg 934w, https:\/\/laplatamagica.ar\/wp-content\/uploads\/2019\/12\/info196002-274x300.jpg 274w, https:\/\/laplatamagica.ar\/wp-content\/uploads\/2019\/12\/info196002-768x842.jpg 768w, https:\/\/laplatamagica.ar\/wp-content\/uploads\/2019\/12\/info196002.jpg 1000w\" sizes=\"auto, (max-width: 709px) 85vw, (max-width: 909px) 67vw, (max-width: 1362px) 62vw, 840px\" \/><figcaption><strong>Diario &#8220;El D\u00eda&#8221; 9 de septiembre de 1960.<\/strong><\/figcaption><\/figure><\/div>\n\n\n\n<div class=\"wp-block-image\"><figure class=\"aligncenter\"><img loading=\"lazy\" decoding=\"async\" width=\"1000\" height=\"719\" src=\"http:\/\/www.laplatamagica.com.ar\/wp-content\/uploads\/2019\/12\/info1963.jpg\" alt=\"\" class=\"wp-image-5586\" srcset=\"https:\/\/laplatamagica.ar\/wp-content\/uploads\/2019\/12\/info1963.jpg 1000w, https:\/\/laplatamagica.ar\/wp-content\/uploads\/2019\/12\/info1963-300x216.jpg 300w, https:\/\/laplatamagica.ar\/wp-content\/uploads\/2019\/12\/info1963-768x552.jpg 768w\" sizes=\"auto, (max-width: 709px) 85vw, (max-width: 909px) 67vw, (max-width: 1362px) 62vw, 840px\" \/><figcaption><strong>Diario &#8220;El D\u00eda&#8221; 17 de junio de 1963.<\/strong><\/figcaption><\/figure><\/div>\n\n\n\n<div class=\"wp-block-image\"><figure class=\"aligncenter\"><img loading=\"lazy\" decoding=\"async\" width=\"858\" height=\"1024\" src=\"http:\/\/www.laplatamagica.com.ar\/wp-content\/uploads\/2019\/12\/info1940-858x1024.jpg\" alt=\"\" class=\"wp-image-5589\" srcset=\"https:\/\/laplatamagica.ar\/wp-content\/uploads\/2019\/12\/info1940-858x1024.jpg 858w, https:\/\/laplatamagica.ar\/wp-content\/uploads\/2019\/12\/info1940-251x300.jpg 251w, https:\/\/laplatamagica.ar\/wp-content\/uploads\/2019\/12\/info1940-768x917.jpg 768w, https:\/\/laplatamagica.ar\/wp-content\/uploads\/2019\/12\/info1940.jpg 1000w\" sizes=\"auto, (max-width: 709px) 85vw, (max-width: 909px) 67vw, (max-width: 1362px) 62vw, 840px\" \/><figcaption><strong>Diario &#8220;El D\u00eda&#8221; 13 de septiembre de 1940.<\/strong><\/figcaption><\/figure><\/div>\n\n\n\n<div class=\"wp-block-image\"><figure class=\"aligncenter\"><img loading=\"lazy\" decoding=\"async\" width=\"793\" height=\"1024\" src=\"http:\/\/www.laplatamagica.com.ar\/wp-content\/uploads\/2019\/12\/info1936-793x1024.jpg\" alt=\"\" class=\"wp-image-5591\" srcset=\"https:\/\/laplatamagica.ar\/wp-content\/uploads\/2019\/12\/info1936-793x1024.jpg 793w, https:\/\/laplatamagica.ar\/wp-content\/uploads\/2019\/12\/info1936-232x300.jpg 232w, https:\/\/laplatamagica.ar\/wp-content\/uploads\/2019\/12\/info1936-768x992.jpg 768w, https:\/\/laplatamagica.ar\/wp-content\/uploads\/2019\/12\/info1936.jpg 1000w\" sizes=\"auto, (max-width: 793px) 85vw, 793px\" \/><figcaption><strong>Diario &#8220;El Argentino&#8221; 31 de octubre de 1936.<\/strong><\/figcaption><\/figure><\/div>\n","protected":false},"excerpt":{"rendered":"<p>En la construcci\u00f3n de la identidad social platense, la prensa tuvo un papel fundamental, oper\u00f3 como portavoz y actor de los niveles sociales a los que cada publicaci\u00f3n estaba dirigida, un primer diario que tuvo la ciudad fundado en 1883 fue \u201cEl Ferrocarril\u201d y en el mismo a\u00f1o apareci\u00f3 \u201cLa Propaganda\u201d el 16-10-1883, curiosamente en &hellip; <a href=\"https:\/\/laplatamagica.ar\/?page_id=5487\" class=\"more-link\">Continuar leyendo<span class=\"screen-reader-text\"> &#8220;Noticias del pasado platense&#8221;<\/span><\/a><\/p>\n","protected":false},"author":1,"featured_media":0,"parent":0,"menu_order":0,"comment_status":"closed","ping_status":"closed","template":"","meta":{"switch_pages_title":"","h5ap_radio_sources":[],"footnotes":""},"class_list":["post-5487","page","type-page","status-publish","hentry"],"_links":{"self":[{"href":"https:\/\/laplatamagica.ar\/index.php?rest_route=\/wp\/v2\/pages\/5487","targetHints":{"allow":["GET"]}}],"collection":[{"href":"https:\/\/laplatamagica.ar\/index.php?rest_route=\/wp\/v2\/pages"}],"about":[{"href":"https:\/\/laplatamagica.ar\/index.php?rest_route=\/wp\/v2\/types\/page"}],"author":[{"embeddable":true,"href":"https:\/\/laplatamagica.ar\/index.php?rest_route=\/wp\/v2\/users\/1"}],"replies":[{"embeddable":true,"href":"https:\/\/laplatamagica.ar\/index.php?rest_route=%2Fwp%2Fv2%2Fcomments&post=5487"}],"version-history":[{"count":0,"href":"https:\/\/laplatamagica.ar\/index.php?rest_route=\/wp\/v2\/pages\/5487\/revisions"}],"wp:attachment":[{"href":"https:\/\/laplatamagica.ar\/index.php?rest_route=%2Fwp%2Fv2%2Fmedia&parent=5487"}],"curies":[{"name":"wp","href":"https:\/\/api.w.org\/{rel}","templated":true}]}}