{"id":5847,"date":"2020-01-25T07:52:40","date_gmt":"2020-01-25T10:52:40","guid":{"rendered":"http:\/\/www.laplatamagica.com.ar\/?page_id=5847"},"modified":"2020-01-25T08:04:25","modified_gmt":"2020-01-25T11:04:25","slug":"presidentes-de-la-universidad","status":"publish","type":"page","link":"https:\/\/laplatamagica.ar\/?page_id=5847","title":{"rendered":"Presidentes de la Universidad"},"content":{"rendered":"\n<div class=\"wp-block-image\"><figure class=\"aligncenter\"><img loading=\"lazy\" decoding=\"async\" width=\"202\" height=\"235\" src=\"http:\/\/www.laplatamagica.com.ar\/wp-content\/uploads\/2020\/01\/Univer.jpg\" alt=\"\" class=\"wp-image-5854\"\/><\/figure><\/div>\n\n\n\n<p style=\"text-align:center\"><strong>Listado de Presidentes, Rectores Normalizadores e Interventores de Universidad Nacional de La Plata en los 114 a\u00f1os de vida como Universidad Nacional.<\/strong><\/p>\n\n\n\n<div class=\"wp-block-image\"><figure class=\"alignleft is-resized\"><img loading=\"lazy\" decoding=\"async\" src=\"http:\/\/www.laplatamagica.com.ar\/wp-content\/uploads\/2020\/01\/Joaqu\u00edn-V\u00edctor-Gonz\u00e1lez.jpg\" alt=\"\" class=\"wp-image-5848\" width=\"189\" height=\"183\"\/><\/figure><\/div>\n\n\n\n<p> <strong>1906-1909 Dr. Joaqu\u00edn V\u00edctor Gonz\u00e1lez<\/strong><\/p>\n\n\n\n<p><strong> 1909-1912 Dr. Joaqu\u00edn V\u00edctor Gonz\u00e1lez<\/strong><\/p>\n\n\n\n<p><strong> 1912-1915 Dr. Joaqu\u00edn V\u00edctor Gonz\u00e1lez<\/strong><\/p>\n\n\n\n<p><strong> 1915-1918 Dr. Joaqu\u00edn V\u00edctor Gonz\u00e1lez<\/strong><\/p>\n\n\n\n<p><strong> 1918-1920 Dr. Rodolfo Rivarola<\/strong><\/p>\n\n\n\n<p><strong> 1920-1921 Dr. Carlos F. Melo<\/strong><\/p>\n\n\n\n<p><strong> 1921 Ing. Eduardo Huergo<\/strong><\/p>\n\n\n\n<p><strong> 1921-1924 Dr. Benito Nazar Anchorena<\/strong><\/p>\n\n\n\n<p><strong> 1924-1927 Dr. Benito Nazar Anchorena<\/strong><\/p>\n\n\n\n<div class=\"wp-block-image\"><figure class=\"alignleft is-resized\"><img loading=\"lazy\" decoding=\"async\" src=\"http:\/\/www.laplatamagica.com.ar\/wp-content\/uploads\/2020\/01\/Benito-Nazar-Anchorena.jpg\" alt=\"\" class=\"wp-image-5850\" width=\"168\" height=\"227\"\/><\/figure><\/div>\n\n\n\n<p><strong> 1927-1930 Ram\u00f3n G. Loyarte<\/strong><\/p>\n\n\n\n<p><strong> 1930-1931 Dr. Ricardo Levene<\/strong><\/p>\n\n\n\n<p><strong> 1931 (interino) Ing. Juan A. Briano<\/strong><\/p>\n\n\n\n<p><strong> 1931-1932 (interventor) Dr. Federico L. Walter<\/strong><\/p>\n\n\n\n<p><strong> 1932 Ram\u00f3n G. Loyarte<\/strong><\/p>\n\n\n\n<p><strong> 1932 (interino) Dr. Pedro V. Vignau<\/strong><\/p>\n\n\n\n<p><strong> 1932-1935 Ricardo Levene<\/strong><\/p>\n\n\n\n<p><strong> 1935-1938 Ing. Julio R. Casti\u00f1eiras<\/strong><\/p>\n\n\n\n<div class=\"wp-block-image\"><figure class=\"alignleft is-resized\"><img loading=\"lazy\" decoding=\"async\" src=\"http:\/\/www.laplatamagica.com.ar\/wp-content\/uploads\/2020\/01\/Ricardo-Levene.jpg\" alt=\"\" class=\"wp-image-5852\" width=\"149\" height=\"204\"\/><\/figure><\/div>\n\n\n\n<p><strong> 1938-1941 Dr. Juan Carlos Rebora<\/strong><\/p>\n\n\n\n<p><strong> 1941-1943 Dr. Alfredo Palacios<\/strong><\/p>\n\n\n\n<p><strong> 1943-1945 Dr. Ricardo De Labougle<\/strong><\/p>\n\n\n\n<p><strong> 1945 (Interventor) Dr. Benjam\u00edn Villegas Basavilvaso<\/strong><\/p>\n\n\n\n<p><strong> 1945-1946 Dr. Alfredo Calc\u00e1gno<\/strong><\/p>\n\n\n\n<p><strong> 1946-1948 Dr. Oreste Adorni (Interventor)<\/strong><\/p>\n\n\n\n<p><strong> 1948-1949 (Interventor) Dr. Carlos Ignacio Rivas<\/strong><\/p>\n\n\n\n<p><strong> 1949-1950 JulioLaffite<\/strong><\/p>\n\n\n\n<p><strong> 1950-1952 Dr. Julio M. Irigoyen<\/strong><\/p>\n\n\n\n<p><strong> 1952-1953 Ing. Carlos Pascali<\/strong><\/p>\n\n\n\n<p><strong> 1953-1955 Dr. Marcos Anglada<\/strong><\/p>\n\n\n\n<div class=\"wp-block-image\"><figure class=\"alignleft is-resized\"><img loading=\"lazy\" decoding=\"async\" src=\"http:\/\/www.laplatamagica.com.ar\/wp-content\/uploads\/2020\/01\/Alfredo-Palacios.jpg\" alt=\"\" class=\"wp-image-5853\" width=\"145\" height=\"203\"\/><\/figure><\/div>\n\n\n\n<p><strong> 1955-1956 (interventor) Dr. benjam\u00edn Villegas Basavilvaso<\/strong><\/p>\n\n\n\n<p><strong> 1956-1957 (Interventor) Ing. Tom\u00e1s Casello<\/strong><\/p>\n\n\n\n<p><strong> 1957-1958 Dr. Jos\u00e9 Peco<\/strong><\/p>\n\n\n\n<p><strong> 1958-1961 Dr. Danilo Vucetich<\/strong><\/p>\n\n\n\n<p><strong> 1961-1964 Dr. Jos\u00e9 Peco<\/strong><\/p>\n\n\n\n<p><strong> 1964 Ing. Carlos Bianchi<\/strong><\/p>\n\n\n\n<p><strong> 1964-1966 Dr. Roberto Ciafardo<\/strong><\/p>\n\n\n\n<p><strong> 1966-1967 Dr. Santiago Gorostiague<\/strong><\/p>\n\n\n\n<p><strong> 1967-1969 Dr. Joaqu\u00edn Rodr\u00edguez Saumell<\/strong><\/p>\n\n\n\n<p><strong> 1969-1973 Dr. Roque Gatti<\/strong><\/p>\n\n\n\n<p><strong> 1973 Prof. Rodolfo Agoglia<\/strong><\/p>\n\n\n\n<p><strong> 1974 (Normalizador) Dr. Francisco Camperchioli Masciotra<\/strong><\/p>\n\n\n\n<p><strong> 1974-1975 (Interventor) Dr. Pedro Arrighi<\/strong><\/p>\n\n\n\n<p><strong> 1975-1976 (Normalizador) Dr. Hector Mercante<\/strong><\/p>\n\n\n\n<p><strong> 1976 (Delegado Interventor) Capit\u00e1n de Navio Eduardo Saccone<\/strong><\/p>\n\n\n\n<p><strong> 1976-1983 Dr. Guillermo Gallo<\/strong><\/p>\n\n\n\n<div class=\"wp-block-image\"><figure class=\"alignleft is-resized\"><img loading=\"lazy\" decoding=\"async\" src=\"http:\/\/www.laplatamagica.com.ar\/wp-content\/uploads\/2020\/01\/\u00c1ngel-Luis-Plastino.jpg\" alt=\"\" class=\"wp-image-5856\" width=\"168\" height=\"191\"\/><\/figure><\/div>\n\n\n\n<p><strong> 1983-1986 (Normalizador) Ing. Ra\u00fal A. Pessacq<\/strong><\/p>\n\n\n\n<p><strong> 1986-1989 Dr. \u00c1ngel Luis Plastino <\/strong><\/p>\n\n\n\n<p><strong> 1989-1992 Dr. \u00c1ngel Luis Plastino<\/strong><\/p>\n\n\n\n<p><strong> 1992-1995 Ing. Luis Juli\u00e1n Lima<\/strong><\/p>\n\n\n\n<p><strong> 1995-1998 Ing. Luis Juli\u00e1n Lima<\/strong><\/p>\n\n\n\n<p><strong> 1998-2001 Ing. Luis Juli\u00e1n Lima<\/strong><\/p>\n\n\n\n<p><strong> 2001-2004 Dr. Alberto Ricardo Dibben<\/strong><\/p>\n\n\n\n<p><strong> 2004-2007 Arq. Gustavo A. Azpiazu<\/strong><\/p>\n\n\n\n<div class=\"wp-block-image\"><figure class=\"alignleft is-resized\"><img loading=\"lazy\" decoding=\"async\" src=\"http:\/\/www.laplatamagica.com.ar\/wp-content\/uploads\/2020\/01\/Luis-Juli\u00e1n-Lima.jpg\" alt=\"\" class=\"wp-image-5857\" width=\"163\" height=\"178\"\/><\/figure><\/div>\n\n\n\n<p><strong> 2007-2010 Arq. Gustavo A. Azpiazu<\/strong><\/p>\n\n\n\n<p><strong> 2010-2014 Dr. Arq. Fernando A. Tauber<\/strong><\/p>\n\n\n\n<p><strong> 2014-2018 Lic. Ra\u00fal A. Perdomo<\/strong><\/p>\n\n\n\n<p><strong> 2018- a la actualidad Dr. Arq. Fernando A. Tauber<\/strong><\/p>\n\n\n\n<div class=\"wp-block-image\"><figure class=\"aligncenter\"><img loading=\"lazy\" decoding=\"async\" width=\"440\" height=\"330\" src=\"http:\/\/www.laplatamagica.com.ar\/wp-content\/uploads\/2020\/01\/Fernando-A.-Tauber.jpg\" alt=\"\" class=\"wp-image-5860\" srcset=\"https:\/\/laplatamagica.ar\/wp-content\/uploads\/2020\/01\/Fernando-A.-Tauber.jpg 440w, https:\/\/laplatamagica.ar\/wp-content\/uploads\/2020\/01\/Fernando-A.-Tauber-300x225.jpg 300w\" sizes=\"auto, (max-width: 440px) 85vw, 440px\" \/><\/figure><\/div>\n\n\n\n<hr class=\"wp-block-separator is-style-wide\"\/>\n\n\n\n<p style=\"text-align:center\"><strong>Fernando Tauber es un Arquitecto y Doctor en Comunicaci\u00f3n argentino. Desde 2018, ejerce por segunda vez el cargo de rector de la Universidad Nacional de La Plata, electo con el 96% de los votos, luego de su primer mandato durante el per\u00edodo 2010-2014.\u200b<\/strong><\/p>\n","protected":false},"excerpt":{"rendered":"<p>Listado de Presidentes, Rectores Normalizadores e Interventores de Universidad Nacional de La Plata en los 114 a\u00f1os de vida como Universidad Nacional. 1906-1909 Dr. Joaqu\u00edn V\u00edctor Gonz\u00e1lez 1909-1912 Dr. Joaqu\u00edn V\u00edctor Gonz\u00e1lez 1912-1915 Dr. Joaqu\u00edn V\u00edctor Gonz\u00e1lez 1915-1918 Dr. Joaqu\u00edn V\u00edctor Gonz\u00e1lez 1918-1920 Dr. Rodolfo Rivarola 1920-1921 Dr. Carlos F. Melo 1921 Ing. Eduardo Huergo &hellip; <a href=\"https:\/\/laplatamagica.ar\/?page_id=5847\" class=\"more-link\">Continuar leyendo<span class=\"screen-reader-text\"> &#8220;Presidentes de la Universidad&#8221;<\/span><\/a><\/p>\n","protected":false},"author":1,"featured_media":0,"parent":0,"menu_order":0,"comment_status":"closed","ping_status":"closed","template":"","meta":{"switch_pages_title":"","h5ap_radio_sources":[],"footnotes":""},"class_list":["post-5847","page","type-page","status-publish","hentry"],"_links":{"self":[{"href":"https:\/\/laplatamagica.ar\/index.php?rest_route=\/wp\/v2\/pages\/5847","targetHints":{"allow":["GET"]}}],"collection":[{"href":"https:\/\/laplatamagica.ar\/index.php?rest_route=\/wp\/v2\/pages"}],"about":[{"href":"https:\/\/laplatamagica.ar\/index.php?rest_route=\/wp\/v2\/types\/page"}],"author":[{"embeddable":true,"href":"https:\/\/laplatamagica.ar\/index.php?rest_route=\/wp\/v2\/users\/1"}],"replies":[{"embeddable":true,"href":"https:\/\/laplatamagica.ar\/index.php?rest_route=%2Fwp%2Fv2%2Fcomments&post=5847"}],"version-history":[{"count":0,"href":"https:\/\/laplatamagica.ar\/index.php?rest_route=\/wp\/v2\/pages\/5847\/revisions"}],"wp:attachment":[{"href":"https:\/\/laplatamagica.ar\/index.php?rest_route=%2Fwp%2Fv2%2Fmedia&parent=5847"}],"curies":[{"name":"wp","href":"https:\/\/api.w.org\/{rel}","templated":true}]}}