{"id":6022,"date":"2020-02-20T09:55:31","date_gmt":"2020-02-20T12:55:31","guid":{"rendered":"http:\/\/www.laplatamagica.com.ar\/?page_id=6022"},"modified":"2020-02-20T10:33:13","modified_gmt":"2020-02-20T13:33:13","slug":"banco-provincia","status":"publish","type":"page","link":"https:\/\/laplatamagica.ar\/?page_id=6022","title":{"rendered":"Banco Provincia"},"content":{"rendered":"\n<p class=\"has-medium-font-size\"><strong>El primer organismo de la ciudad<\/strong><\/p>\n\n\n\n<p class=\"has-medium-font-size\"><em>Roberto G. Abrodos<\/em><\/p>\n\n\n\n<div class=\"wp-block-image\"><figure class=\"alignleft is-resized\"><img loading=\"lazy\" decoding=\"async\" src=\"http:\/\/www.laplatamagica.com.ar\/wp-content\/uploads\/2020\/02\/Calle1y528.jpg\" alt=\"\" class=\"wp-image-6081\" width=\"358\" height=\"309\" srcset=\"https:\/\/laplatamagica.ar\/wp-content\/uploads\/2020\/02\/Calle1y528.jpg 900w, https:\/\/laplatamagica.ar\/wp-content\/uploads\/2020\/02\/Calle1y528-300x259.jpg 300w, https:\/\/laplatamagica.ar\/wp-content\/uploads\/2020\/02\/Calle1y528-768x662.jpg 768w\" sizes=\"auto, (max-width: 358px) 85vw, 358px\" \/><figcaption>I<strong>nstalaciones del primer Banco Provincia de la ciudad.<\/strong><\/figcaption><\/figure><\/div>\n\n\n\n<p>Dec\u00eda Rocha en su discurso <em>\u201cUna vez designado el punto en que ha de establecerse la nueva capital debemos esperar que en breve tiempo levantemos una ciudad populosa y floreciente que, para las necesidades administrativas y pol\u00edticas, remplace la antigua capital\u201d.<\/em><\/p>\n\n\n\n<p>La instituci\u00f3n bancaria\nm\u00e1s antigua es el Banco de la Provincia de Buenos Aires. El d\u00eda despu\u00e9s que el\ngobernador Dardo Rocha colocara la piedra fundamental de la capital bonaerense\nel Banco se instalaba en la localidad de Tolosa, prontamente esboz\u00f3 una casa\nadecuada a su jerarqu\u00eda.<\/p>\n\n\n\n<p>El decreto provincial del\n7 de mayo de 1881 dispon\u00eda que las entidades aut\u00e1rquicas de la administraci\u00f3n,\nentre ellas el Banco Provincia deb\u00edan programar por su cuenta el proyecto y\nconstrucci\u00f3n de los edificios para sus sedes centrales en la nueva capital.<\/p>\n\n\n\n<p>Carlos Casares tom\u00f3 una\nmedida de gran responsabilidad institucional y necesaria: decidi\u00f3 establecer\nuna filial bancaria, antes de la radicaci\u00f3n formal del Banco Provincia en el\nsitio que hoy se encuentra.<\/p>\n\n\n\n<p>El 8 de agosto de 1882 el\nPresidente dio noticias al Directorio acerca de su accionar, Casares hab\u00eda alquilado,\na 3.000 pesos m\/c, un edificio en la calle 1 (viejo Camino Real a Magdalena) y (hoy\n528), caracter\u00edstica esquina sin ochava que hasta hoy perdura. <\/p>\n\n\n\n<p>Sirvi\u00f3 para los primeros movimientos\nbancarios, tanto como para los ahorros de los obreros como asimismo de la\ntransferencia de los fondos que se necesitaban para la edificaci\u00f3n en progreso\nde la nueva capital. &nbsp;<\/p>\n\n\n\n<p>La propiedad alquilada\npara la sucursal pertenec\u00eda a Eduardo Miche, antiguo de la zona que se ocup\u00f3 de\nadministrar la estancia de Mart\u00edn Iraola. El lugar era ideal, la poblaci\u00f3n de\nTolosa era de 7.000 habitantes, pr\u00f3xima a la estaci\u00f3n del ferrocarril,\nhabilitada el 11 de octubre de 1882, hoy denominada Estaci\u00f3n Tolosa. El primer\n\u201cHotel Bruny\u201d, fondas, almacenes de ramos generales y varios dep\u00f3sitos de\nmateriales, cumpl\u00eda el entorno un respetable movimiento comercial casi invariable.\n<\/p>\n\n\n\n<p>El primer equipo de\ntrabajo estuvo constituido por Teodoro V. Granel Administrador (Gerente);\nDelf\u00edn M. Huergo, Tesorero; Mart\u00edn Bermejo, Tenedor de Libros; Victor Selso,\nPortero y Manuel Pe\u00f1a, Rond\u00edn.<\/p>\n\n\n\n<p>El inmueble sede de la\nSucursal, de modestas proporciones, luc\u00eda en su exterior una ornamentaci\u00f3n\nsobria y equilibrada compuesta por pilastras ubicadas r\u00edtmicamente, separando\ntres aberturas con arcos de medio punto, unificadas horizontalmente por un\nz\u00f3calo y en su parte superior una moldura sobre la cual se desarrollaba la\ntradicional balaustrada, este estilo italianizante fue el predilecto de la gran\nmayor\u00eda de las construcciones privadas realizadas en la ciudad por\nconstructores y mano de obra peninsulares que prevalec\u00edan.<\/p>\n\n\n\n<figure class=\"wp-block-image\"><img loading=\"lazy\" decoding=\"async\" width=\"1000\" height=\"682\" src=\"http:\/\/www.laplatamagica.com.ar\/wp-content\/uploads\/2020\/02\/Bancoprovincia.jpg\" alt=\"En la calle 7 entre 46 y 47\" class=\"wp-image-6078\" srcset=\"https:\/\/laplatamagica.ar\/wp-content\/uploads\/2020\/02\/Bancoprovincia.jpg 1000w, https:\/\/laplatamagica.ar\/wp-content\/uploads\/2020\/02\/Bancoprovincia-300x205.jpg 300w, https:\/\/laplatamagica.ar\/wp-content\/uploads\/2020\/02\/Bancoprovincia-768x524.jpg 768w\" sizes=\"auto, (max-width: 709px) 85vw, (max-width: 909px) 67vw, (max-width: 1362px) 62vw, 840px\" \/><figcaption><strong>Construcci\u00f3n del Banco de la Provincia en su ubicaci\u00f3n actual de calle 7 entre 47 y 48.<\/strong><\/figcaption><\/figure>\n\n\n\n<p>Tuvo influencia sobre los\ndistintos campos financieros de la ciudad y se traslad\u00f3 el 18 de mayo de 1884 a\nuna propiedad ubicada en el \u00e1rea c\u00e9ntrica platense, boulevard 51 entre 3 y 4,\narrendada a Antonio Vilar en 5.000 pesos moneda corriente, donde perdur\u00f3 hasta el\nlanzamiento de su edificio propio, el 19 de abril de 1886. As\u00ed llegamos al\nfinal de una parte de la historia de este tradicional organismo bancario. <\/p>\n","protected":false},"excerpt":{"rendered":"<p>El primer organismo de la ciudad Roberto G. Abrodos Dec\u00eda Rocha en su discurso \u201cUna vez designado el punto en que ha de establecerse la nueva capital debemos esperar que en breve tiempo levantemos una ciudad populosa y floreciente que, para las necesidades administrativas y pol\u00edticas, remplace la antigua capital\u201d. La instituci\u00f3n bancaria m\u00e1s antigua &hellip; <a href=\"https:\/\/laplatamagica.ar\/?page_id=6022\" class=\"more-link\">Continuar leyendo<span class=\"screen-reader-text\"> &#8220;Banco Provincia&#8221;<\/span><\/a><\/p>\n","protected":false},"author":1,"featured_media":0,"parent":0,"menu_order":0,"comment_status":"closed","ping_status":"closed","template":"","meta":{"switch_pages_title":"","h5ap_radio_sources":[],"footnotes":""},"class_list":["post-6022","page","type-page","status-publish","hentry"],"_links":{"self":[{"href":"https:\/\/laplatamagica.ar\/index.php?rest_route=\/wp\/v2\/pages\/6022","targetHints":{"allow":["GET"]}}],"collection":[{"href":"https:\/\/laplatamagica.ar\/index.php?rest_route=\/wp\/v2\/pages"}],"about":[{"href":"https:\/\/laplatamagica.ar\/index.php?rest_route=\/wp\/v2\/types\/page"}],"author":[{"embeddable":true,"href":"https:\/\/laplatamagica.ar\/index.php?rest_route=\/wp\/v2\/users\/1"}],"replies":[{"embeddable":true,"href":"https:\/\/laplatamagica.ar\/index.php?rest_route=%2Fwp%2Fv2%2Fcomments&post=6022"}],"version-history":[{"count":0,"href":"https:\/\/laplatamagica.ar\/index.php?rest_route=\/wp\/v2\/pages\/6022\/revisions"}],"wp:attachment":[{"href":"https:\/\/laplatamagica.ar\/index.php?rest_route=%2Fwp%2Fv2%2Fmedia&parent=6022"}],"curies":[{"name":"wp","href":"https:\/\/api.w.org\/{rel}","templated":true}]}}