{"id":6283,"date":"2020-03-11T11:28:38","date_gmt":"2020-03-11T14:28:38","guid":{"rendered":"http:\/\/www.laplatamagica.com.ar\/?page_id=6283"},"modified":"2025-06-19T15:58:12","modified_gmt":"2025-06-19T18:58:12","slug":"curiosidades-1913-a-1953-5","status":"publish","type":"page","link":"https:\/\/laplatamagica.ar\/?page_id=6283","title":{"rendered":"Curiosidades 1913 a 1953 &#8211; 5"},"content":{"rendered":"\n<div class=\"wp-block-group\"><div class=\"wp-block-group__inner-container is-layout-flow wp-block-group-is-layout-flow\"><\/div><\/div>\n\n\n\n<h3 class=\"wp-block-heading has-text-align-center\">Ir a Curiosidades 1913 a 1953 \u2013 \n<a href=\"http:\/\/www.laplatamagica.com.ar\/?page_id=406\">1<\/a> \n<a href=\"http:\/\/www.laplatamagica.com.ar\/?page_id=10889\">2<\/a> \n<a href=\"http:\/\/www.laplatamagica.com.ar\/?page_id=529\">3<\/a> \n<a href=\"http:\/\/www.laplatamagica.com.ar\/?page_id=550\">4 <\/a>\n<a href=\"http:\/\/www.laplatamagica.com.ar\/?page_id=6283\">5<\/a>\n<\/h3>\n\n\n\n<hr class=\"wp-block-separator has-css-opacity is-style-wide\"\/>\n\n\n<div class=\"wp-block-image\">\n<figure class=\"aligncenter\"><img loading=\"lazy\" decoding=\"async\" width=\"1000\" height=\"823\" src=\"http:\/\/www.laplatamagica.com.ar\/wp-content\/uploads\/2020\/03\/feriainternaciona02l.jpg\" alt=\"Imagen de la  Estaci\u00f3n de Ferrocarril (hoy pasaje Dardo Rocha) ciudad de La Plat argentina.\" class=\"wp-image-6305\" srcset=\"https:\/\/laplatamagica.ar\/wp-content\/uploads\/2020\/03\/feriainternaciona02l.jpg 1000w, https:\/\/laplatamagica.ar\/wp-content\/uploads\/2020\/03\/feriainternaciona02l-300x247.jpg 300w, https:\/\/laplatamagica.ar\/wp-content\/uploads\/2020\/03\/feriainternaciona02l-768x632.jpg 768w\" sizes=\"auto, (max-width: 709px) 85vw, (max-width: 909px) 67vw, (max-width: 1362px) 62vw, 840px\" \/><\/figure>\n<\/div>\n\n\n<p class=\"has-text-align-center\"><strong>Imagen de la que hab\u00eda sido la Estaci\u00f3n de Ferrocarril (hoy pasaje Dardo Rocha) en la Exposici\u00f3n internacional de Muestras, con la exhibici\u00f3n ya preparada.<\/strong><\/p>\n\n\n\n<p class=\"has-text-align-center\"><strong>Se se\u00f1alaba en aquel tiempo que las l\u00edneas 1 a 10 pertenec\u00edan a la compa\u00f1\u00eda de Tranv\u00edas El\u00e9ctricos de La Plata, las restantes a la compa\u00f1\u00eda La Nacional, se resaltaba en letra negrita en algunos recorridos que uno de los lugares de bajada era \u201cAntigua Estaci\u00f3n Ferroviaria, Tel\u00e9grafo de la Provincia, Sal\u00f3n de la mujer de la Segunda Exposici\u00f3n -Feria Internacional de Muestras, Plaza San Mart\u00edn.<\/strong><\/p>\n\n\n\n<figure class=\"wp-block-image size-full\"><img loading=\"lazy\" decoding=\"async\" width=\"1000\" height=\"536\" src=\"https:\/\/laplatamagica.ar\/wp-content\/uploads\/2025\/06\/medalla025.jpg\" alt=\"\" class=\"wp-image-13179\" srcset=\"https:\/\/laplatamagica.ar\/wp-content\/uploads\/2025\/06\/medalla025.jpg 1000w, https:\/\/laplatamagica.ar\/wp-content\/uploads\/2025\/06\/medalla025-300x161.jpg 300w, https:\/\/laplatamagica.ar\/wp-content\/uploads\/2025\/06\/medalla025-768x412.jpg 768w\" sizes=\"auto, (max-width: 709px) 85vw, (max-width: 909px) 67vw, (max-width: 1362px) 62vw, 840px\" \/><\/figure>\n\n\n\n<p class=\"has-text-align-center has-medium-font-size\"><strong>Servicios de Tranv\u00edas con Horario, Recorrido y Principales Lugares y Edificios de Paso en 1924.<\/strong><\/p>\n\n\n<div class=\"wp-block-image\">\n<figure class=\"aligncenter is-resized\"><img loading=\"lazy\" decoding=\"async\" width=\"682\" height=\"1024\" src=\"http:\/\/www.laplatamagica.com.ar\/wp-content\/uploads\/2020\/03\/tranvi01A-682x1024.jpg\" alt=\"Lineas de tranv\u00edas, ciudad de La Plata.\n\" class=\"wp-image-6284\" style=\"width:618px;height:927px\" srcset=\"https:\/\/laplatamagica.ar\/wp-content\/uploads\/2020\/03\/tranvi01A-682x1024.jpg 682w, https:\/\/laplatamagica.ar\/wp-content\/uploads\/2020\/03\/tranvi01A-200x300.jpg 200w, https:\/\/laplatamagica.ar\/wp-content\/uploads\/2020\/03\/tranvi01A-768x1153.jpg 768w, https:\/\/laplatamagica.ar\/wp-content\/uploads\/2020\/03\/tranvi01A.jpg 1000w\" sizes=\"auto, (max-width: 682px) 85vw, 682px\" \/><figcaption class=\"wp-element-caption\"><strong>Lineas 1 y 2<\/strong><\/figcaption><\/figure>\n<\/div>\n\n<div class=\"wp-block-image\">\n<figure class=\"aligncenter is-resized\"><img loading=\"lazy\" decoding=\"async\" width=\"383\" height=\"1024\" src=\"http:\/\/www.laplatamagica.com.ar\/wp-content\/uploads\/2020\/03\/tranvi03A-383x1024.jpg\" alt=\"Lineas de tranv\u00edas ciudad de La Plata.\" class=\"wp-image-6289\" style=\"width:614px;height:1641px\" srcset=\"https:\/\/laplatamagica.ar\/wp-content\/uploads\/2020\/03\/tranvi03A-383x1024.jpg 383w, https:\/\/laplatamagica.ar\/wp-content\/uploads\/2020\/03\/tranvi03A-112x300.jpg 112w, https:\/\/laplatamagica.ar\/wp-content\/uploads\/2020\/03\/tranvi03A-768x2056.jpg 768w, https:\/\/laplatamagica.ar\/wp-content\/uploads\/2020\/03\/tranvi03A.jpg 1000w\" sizes=\"auto, (max-width: 383px) 85vw, 383px\" \/><figcaption class=\"wp-element-caption\"><strong>Lineas 3, 4, 5, 6 y 8.<\/strong><\/figcaption><\/figure>\n<\/div>\n\n<div class=\"wp-block-image\">\n<figure class=\"aligncenter is-resized\"><img loading=\"lazy\" decoding=\"async\" width=\"744\" height=\"1024\" src=\"http:\/\/www.laplatamagica.com.ar\/wp-content\/uploads\/2020\/03\/DSC_6453-744x1024.jpg\" alt=\"Lineas de tranv\u00edas ciudad de La Plata.\" class=\"wp-image-6293\" style=\"width:639px;height:878px\" srcset=\"https:\/\/laplatamagica.ar\/wp-content\/uploads\/2020\/03\/DSC_6453-744x1024.jpg 744w, https:\/\/laplatamagica.ar\/wp-content\/uploads\/2020\/03\/DSC_6453-218x300.jpg 218w, https:\/\/laplatamagica.ar\/wp-content\/uploads\/2020\/03\/DSC_6453-768x1057.jpg 768w, https:\/\/laplatamagica.ar\/wp-content\/uploads\/2020\/03\/DSC_6453.jpg 1000w\" sizes=\"auto, (max-width: 744px) 85vw, 744px\" \/><figcaption class=\"wp-element-caption\"><strong>Lineas 9, 10, 12<\/strong><\/figcaption><\/figure>\n<\/div>\n\n<div class=\"wp-block-image\">\n<figure class=\"aligncenter is-resized\"><img loading=\"lazy\" decoding=\"async\" width=\"1000\" height=\"846\" src=\"http:\/\/www.laplatamagica.com.ar\/wp-content\/uploads\/2020\/03\/boletos.jpg\" alt=\"Boletos de tranv\u00edas ciudad de La Plata. Argentina.\" class=\"wp-image-6308\" style=\"width:623px;height:526px\" srcset=\"https:\/\/laplatamagica.ar\/wp-content\/uploads\/2020\/03\/boletos.jpg 1000w, https:\/\/laplatamagica.ar\/wp-content\/uploads\/2020\/03\/boletos-300x254.jpg 300w, https:\/\/laplatamagica.ar\/wp-content\/uploads\/2020\/03\/boletos-768x650.jpg 768w\" sizes=\"auto, (max-width: 709px) 85vw, (max-width: 909px) 67vw, (max-width: 1362px) 62vw, 840px\" \/><\/figure>\n<\/div>\n\n\n<p class=\"has-text-align-center\"><strong>Boletos de tranv\u00eda de la \u00e9poca y alguno anterior.<\/strong><\/p>\n\n\n<div class=\"wp-block-image\">\n<figure class=\"aligncenter is-resized\"><img loading=\"lazy\" decoding=\"async\" width=\"612\" height=\"1024\" src=\"http:\/\/www.laplatamagica.com.ar\/wp-content\/uploads\/2020\/03\/tranvi06-612x1024.jpg\" alt=\"\" class=\"wp-image-6296\" style=\"width:649px;height:1085px\" srcset=\"https:\/\/laplatamagica.ar\/wp-content\/uploads\/2020\/03\/tranvi06-612x1024.jpg 612w, https:\/\/laplatamagica.ar\/wp-content\/uploads\/2020\/03\/tranvi06-179x300.jpg 179w, https:\/\/laplatamagica.ar\/wp-content\/uploads\/2020\/03\/tranvi06-768x1286.jpg 768w, https:\/\/laplatamagica.ar\/wp-content\/uploads\/2020\/03\/tranvi06.jpg 1000w\" sizes=\"auto, (max-width: 612px) 85vw, 612px\" \/><figcaption class=\"wp-element-caption\"><strong>Lineas 14, 15 y 23<\/strong><\/figcaption><\/figure>\n<\/div>\n\n<div class=\"wp-block-image\">\n<figure class=\"aligncenter is-resized\"><img loading=\"lazy\" decoding=\"async\" width=\"880\" height=\"569\" src=\"http:\/\/www.laplatamagica.com.ar\/wp-content\/uploads\/2020\/03\/tranvia-n\u00b015.jpg\" alt=\"Tranv\u00eda 15 circulando por calle 6 en la ciudad de La Plata. Argentina.\" class=\"wp-image-6310\" style=\"width:644px;height:415px\" srcset=\"https:\/\/laplatamagica.ar\/wp-content\/uploads\/2020\/03\/tranvia-n\u00b015.jpg 880w, https:\/\/laplatamagica.ar\/wp-content\/uploads\/2020\/03\/tranvia-n\u00b015-300x194.jpg 300w, https:\/\/laplatamagica.ar\/wp-content\/uploads\/2020\/03\/tranvia-n\u00b015-768x497.jpg 768w\" sizes=\"auto, (max-width: 709px) 85vw, (max-width: 909px) 67vw, (max-width: 1362px) 62vw, 840px\" \/><figcaption class=\"wp-element-caption\"><strong>Tranv\u00eda 15 circulando por calle 6.<\/strong><\/figcaption><\/figure>\n<\/div>\n\n<div class=\"wp-block-image\">\n<figure class=\"aligncenter is-resized\"><img loading=\"lazy\" decoding=\"async\" width=\"1000\" height=\"624\" src=\"http:\/\/www.laplatamagica.com.ar\/wp-content\/uploads\/2020\/03\/tranvi07.jpg\" alt=\"\" class=\"wp-image-6299\" style=\"width:653px;height:407px\" srcset=\"https:\/\/laplatamagica.ar\/wp-content\/uploads\/2020\/03\/tranvi07.jpg 1000w, https:\/\/laplatamagica.ar\/wp-content\/uploads\/2020\/03\/tranvi07-300x187.jpg 300w, https:\/\/laplatamagica.ar\/wp-content\/uploads\/2020\/03\/tranvi07-768x479.jpg 768w\" sizes=\"auto, (max-width: 709px) 85vw, (max-width: 909px) 67vw, (max-width: 1362px) 62vw, 840px\" \/><figcaption class=\"wp-element-caption\"><strong>Linea 25<\/strong><\/figcaption><\/figure>\n<\/div>\n\n<div class=\"wp-block-image\">\n<figure class=\"aligncenter\"><img loading=\"lazy\" decoding=\"async\" width=\"1000\" height=\"730\" src=\"http:\/\/www.laplatamagica.com.ar\/wp-content\/uploads\/2020\/03\/feriainternacional.jpg\" alt=\"Feria Internacional de Muestras realizada en  1923 y ya se anunciaba la de 1924. ciudad de La Plata.\" class=\"wp-image-6303\" srcset=\"https:\/\/laplatamagica.ar\/wp-content\/uploads\/2020\/03\/feriainternacional.jpg 1000w, https:\/\/laplatamagica.ar\/wp-content\/uploads\/2020\/03\/feriainternacional-300x219.jpg 300w, https:\/\/laplatamagica.ar\/wp-content\/uploads\/2020\/03\/feriainternacional-768x561.jpg 768w\" sizes=\"auto, (max-width: 709px) 85vw, (max-width: 909px) 67vw, (max-width: 1362px) 62vw, 840px\" \/><figcaption class=\"wp-element-caption\"><strong>Feria Internacional de Muestras realizada en  1923 y ya se anunciaba la de 1924.<\/strong><br><\/figcaption><\/figure>\n<\/div>\n\n\n<figure class=\"wp-block-image\"><img loading=\"lazy\" decoding=\"async\" width=\"1000\" height=\"930\" src=\"http:\/\/www.laplatamagica.com.ar\/wp-content\/uploads\/2020\/09\/proclamaUgarte.jpg\" alt=\"En la foto se observa la proclamaci\u00f3n de la f\u00f3rmula Ugarte-Peralta que sosten\u00eda el Partido Conservador de la Provincia \" class=\"wp-image-8076\" srcset=\"https:\/\/laplatamagica.ar\/wp-content\/uploads\/2020\/09\/proclamaUgarte.jpg 1000w, https:\/\/laplatamagica.ar\/wp-content\/uploads\/2020\/09\/proclamaUgarte-300x279.jpg 300w, https:\/\/laplatamagica.ar\/wp-content\/uploads\/2020\/09\/proclamaUgarte-768x714.jpg 768w\" sizes=\"auto, (max-width: 709px) 85vw, (max-width: 909px) 67vw, (max-width: 1362px) 62vw, 840px\" \/><\/figure>\n\n\n\n<p>En la foto se observa la proclamaci\u00f3n de la f\u00f3rmula Ugarte-Peralta que sosten\u00eda el Partido Conservador de la Provincia para renovar el Ejecutivo y corresponde al Politeama Olimpo de 10 entre 46 y 47 que despu\u00e9s se llam\u00f3 Coliseo Podest\u00e1 y fue obtenida el 28 de noviembre de 1913. Finalmente fueron triunfadores Marcelino Ugarte como Gobernador de la provincia de Buenos Aires desde el 1 de mayo de 1914 al 25 de abril de 1917 y su Vicegobernador Vicente Peralta Alvear. <\/p>\n\n\n<div class=\"wp-block-image\">\n<figure class=\"aligncenter\"><img loading=\"lazy\" decoding=\"async\" width=\"800\" height=\"552\" src=\"http:\/\/www.laplatamagica.com.ar\/wp-content\/uploads\/2020\/12\/Estatuas.jpg\" alt=\"La Plata, las estatuas pertenecientes al monumento a la \u201cPrimera Junta\u201d fueron emplazadas en otros espacios p\u00fablicos. \" class=\"wp-image-8938\" srcset=\"https:\/\/laplatamagica.ar\/wp-content\/uploads\/2020\/12\/Estatuas.jpg 800w, https:\/\/laplatamagica.ar\/wp-content\/uploads\/2020\/12\/Estatuas-300x207.jpg 300w, https:\/\/laplatamagica.ar\/wp-content\/uploads\/2020\/12\/Estatuas-768x530.jpg 768w\" sizes=\"auto, (max-width: 800px) 85vw, 800px\" \/><\/figure>\n<\/div>\n\n\n<p class=\"has-text-align-center\"><strong>Las estatuas pertenecientes al monumento a la \u201cPrimera Junta\u201d fueron emplazadas en otros espacios p\u00fablicos. El 25 de mayo de 1920 de acuerdo a la resoluci\u00f3n municipal, fueron inauguradas, hablaron en nombre y representaci\u00f3n de la municipalidad, secretario Dr. Gualberto G. Arr\u00faa ante la estatua de Passo en 13 y 44, el asesor letrado Dr. Benigno Larrea, al pie de la de Saavedra en el parque de 12 y 66 y el director de paseos y jardines, ingeniero agr\u00f3nomo Arturo Albarracin Sarmiento, en Berisso, donde se erigi\u00f3 el monumento a Larrea. La de este \u00faltimo se descubrir\u00e1 a la 10 hs. El de Saavedra a las 13 y el de Passo a las 15 hs. Todas estas inauguraciones ser\u00e1n en un marco festivo, con la presencia de alumnos de las distintas escuelas de cada regi\u00f3n.<\/strong><\/p>\n\n\n\n<p class=\"has-text-align-center has-medium-font-size\"><strong>Inaugur\u00f3 su sucursal la casa Bonafide<\/strong><\/p>\n\n\n\n<p class=\"has-text-align-center\">Dec\u00eda el diario del 7 de abril de 1940:  Tenemos una grata noticia para nuestros lectores: La conocida casa &#8220;Bonafide&#8221; inaugur\u00f3 en nuestra ciudad su sucursal N* 34 destinada a la venta al por menor de Caf\u00e9, T\u00e9, Caramelos, Chocolates, Bombones, etc. Productos de su propia y exclusiva elaboraci\u00f3n que se expenden a los mismos precios de la Capital Federal, se trata de un establecimiento muy bien instalado, ubicado en pleno centro, calle 7 N\u00b0 909 (casi esquina 50). <\/p>\n\n\n\n<figure class=\"wp-block-image size-full\"><img loading=\"lazy\" decoding=\"async\" width=\"900\" height=\"576\" src=\"https:\/\/laplatamagica.ar\/wp-content\/uploads\/2022\/12\/bonafidea1.jpg\" alt=\"Hemos observado un extraordinario movimiento en esa casa reci\u00e9n inaugurada de Bonafide.\" class=\"wp-image-11835\" srcset=\"https:\/\/laplatamagica.ar\/wp-content\/uploads\/2022\/12\/bonafidea1.jpg 900w, https:\/\/laplatamagica.ar\/wp-content\/uploads\/2022\/12\/bonafidea1-300x192.jpg 300w, https:\/\/laplatamagica.ar\/wp-content\/uploads\/2022\/12\/bonafidea1-768x492.jpg 768w\" sizes=\"auto, (max-width: 709px) 85vw, (max-width: 909px) 67vw, (max-width: 1362px) 62vw, 840px\" \/><\/figure>\n\n\n\n<p class=\"has-text-align-center\">Hemos observado un extraordinario movimiento en esa casa reci\u00e9n inaugurada, y conversando con el Inspector General de Sucursales, se\u00f1or Jos\u00e9 A. Sterba, nos enteramos que todas las instalaciones de su sucursal han sido construidas por profesionales locales y que se trata de una casa importante que adem\u00e1s de \u00e9sta cuenta con 33 sucursales m\u00e1s, diseminadas en la Capital Federal e interior de la Rep\u00fablica. Nos dijo tambi\u00e9n que &#8220;Bonafide&#8221; elabora todo lo que vende en su propia y moderna f\u00e1brica en la Capital Federal y de ah\u00ed todas sus sucursales reciben diariamente mercader\u00edas frescas.<br>Vale la pena visitar esta casa, pues todo, concurrente, sin ning\u00fan compromiso de compra y a t\u00edtulo de propaganda es obsequiado con una senda taza de su riqu\u00edsimo Caf\u00e9, procedimiento que hemos notado, ha sido muy bien recibido por numeroso p\u00fablico, entre el que se destacaban muchas<br>Se\u00f1oras y Se\u00f1oritas. Francamente, tiene esta casa un sistema muy simp\u00e1tico de conquistar el benepl\u00e1cito de sus favorecedores, y es por eso que le auguramos el mejor de los \u00e9xitos.<\/p>\n\n\n\n<p class=\"has-text-align-center\"><strong>Usted est\u00e1 en el sector 5<\/strong><\/p>\n\n\n\n<h3 class=\"wp-block-heading has-text-align-center\">Ir a Curiosidades 1913 a 1953 \u2013 \n<a href=\"http:\/\/www.laplatamagica.com.ar\/?page_id=406\">1<\/a> \n<a href=\"http:\/\/www.laplatamagica.com.ar\/?page_id=10889\">2<\/a> \n<a href=\"http:\/\/www.laplatamagica.com.ar\/?page_id=529\">3<\/a> \n<a href=\"http:\/\/www.laplatamagica.com.ar\/?page_id=550\">4 <\/a>\n<a href=\"http:\/\/www.laplatamagica.com.ar\/?page_id=6283\">5<\/a>\n<\/h3>\n","protected":false},"excerpt":{"rendered":"<p>Ir a Curiosidades 1913 a 1953 \u2013 1 2 3 4 5 Imagen de la que hab\u00eda sido la Estaci\u00f3n de Ferrocarril (hoy pasaje Dardo Rocha) en la Exposici\u00f3n internacional de Muestras, con la exhibici\u00f3n ya preparada. Se se\u00f1alaba en aquel tiempo que las l\u00edneas 1 a 10 pertenec\u00edan a la compa\u00f1\u00eda de Tranv\u00edas El\u00e9ctricos &hellip; <a href=\"https:\/\/laplatamagica.ar\/?page_id=6283\" class=\"more-link\">Continuar leyendo<span class=\"screen-reader-text\"> &#8220;Curiosidades 1913 a 1953 &#8211; 5&#8221;<\/span><\/a><\/p>\n","protected":false},"author":1,"featured_media":0,"parent":0,"menu_order":0,"comment_status":"closed","ping_status":"closed","template":"","meta":{"switch_pages_title":"","h5ap_radio_sources":[],"footnotes":""},"class_list":["post-6283","page","type-page","status-publish","hentry"],"_links":{"self":[{"href":"https:\/\/laplatamagica.ar\/index.php?rest_route=\/wp\/v2\/pages\/6283","targetHints":{"allow":["GET"]}}],"collection":[{"href":"https:\/\/laplatamagica.ar\/index.php?rest_route=\/wp\/v2\/pages"}],"about":[{"href":"https:\/\/laplatamagica.ar\/index.php?rest_route=\/wp\/v2\/types\/page"}],"author":[{"embeddable":true,"href":"https:\/\/laplatamagica.ar\/index.php?rest_route=\/wp\/v2\/users\/1"}],"replies":[{"embeddable":true,"href":"https:\/\/laplatamagica.ar\/index.php?rest_route=%2Fwp%2Fv2%2Fcomments&post=6283"}],"version-history":[{"count":1,"href":"https:\/\/laplatamagica.ar\/index.php?rest_route=\/wp\/v2\/pages\/6283\/revisions"}],"predecessor-version":[{"id":13181,"href":"https:\/\/laplatamagica.ar\/index.php?rest_route=\/wp\/v2\/pages\/6283\/revisions\/13181"}],"wp:attachment":[{"href":"https:\/\/laplatamagica.ar\/index.php?rest_route=%2Fwp%2Fv2%2Fmedia&parent=6283"}],"curies":[{"name":"wp","href":"https:\/\/api.w.org\/{rel}","templated":true}]}}