{"id":6414,"date":"2020-03-26T15:14:31","date_gmt":"2020-03-26T18:14:31","guid":{"rendered":"http:\/\/www.laplatamagica.com.ar\/?page_id=6414"},"modified":"2025-06-11T17:13:27","modified_gmt":"2025-06-11T20:13:27","slug":"fotos-actuales-5","status":"publish","type":"page","link":"https:\/\/laplatamagica.ar\/?page_id=6414","title":{"rendered":"Fotos Actuales 5"},"content":{"rendered":"\n<p class=\"has-text-align-center\" style=\"font-size:30px\"><strong>Fotos actuales&nbsp;<a href=\"http:\/\/www.laplatamagica.com.ar\/?page_id=2910\">1<\/a>  <a href=\"http:\/\/www.laplatamagica.com.ar\/?page_id=2032\">2<\/a>  <a href=\"http:\/\/www.laplatamagica.com.ar\/?page_id=3023\">3<\/a>  <a href=\"http:\/\/www.laplatamagica.com.ar\/?page_id=5561\">4<\/a><\/strong>  <a href=\"http:\/\/www.laplatamagica.com.ar\/?page_id=6414\">5<\/a><\/p>\n\n\n\n<figure class=\"wp-block-image size-full\"><img loading=\"lazy\" decoding=\"async\" width=\"1000\" height=\"563\" src=\"https:\/\/laplatamagica.ar\/wp-content\/uploads\/2025\/06\/20250609_VN200308.jpg\" alt=\"\" class=\"wp-image-13164\" srcset=\"https:\/\/laplatamagica.ar\/wp-content\/uploads\/2025\/06\/20250609_VN200308.jpg 1000w, https:\/\/laplatamagica.ar\/wp-content\/uploads\/2025\/06\/20250609_VN200308-300x169.jpg 300w, https:\/\/laplatamagica.ar\/wp-content\/uploads\/2025\/06\/20250609_VN200308-768x432.jpg 768w\" sizes=\"auto, (max-width: 709px) 85vw, (max-width: 909px) 67vw, (max-width: 1362px) 62vw, 840px\" \/><\/figure>\n\n\n\n<p class=\"has-text-align-center\"><strong>Vista nocturna de la calle 7 y 49 en pleno centro platense.<\/strong><\/p>\n\n\n<div class=\"wp-block-image\">\n<figure class=\"aligncenter\"><img loading=\"lazy\" decoding=\"async\" width=\"681\" height=\"1024\" src=\"http:\/\/www.laplatamagica.com.ar\/wp-content\/uploads\/2021\/04\/palaciogibert-681x1024.jpg\" alt=\"\ufeffPalacio Gibert, en la Diagonal 80, n\u00famero 723.\" class=\"wp-image-9780\" srcset=\"https:\/\/laplatamagica.ar\/wp-content\/uploads\/2021\/04\/palaciogibert-681x1024.jpg 681w, https:\/\/laplatamagica.ar\/wp-content\/uploads\/2021\/04\/palaciogibert-200x300.jpg 200w, https:\/\/laplatamagica.ar\/wp-content\/uploads\/2021\/04\/palaciogibert-768x1154.jpg 768w, https:\/\/laplatamagica.ar\/wp-content\/uploads\/2021\/04\/palaciogibert.jpg 1000w\" sizes=\"auto, (max-width: 681px) 85vw, 681px\" \/><\/figure>\n<\/div>\n\n\n<p class=\"has-text-align-center\"><strong>Palacio Gibert, en la Diagonal 80, n\u00famero 723. Aunque la simetr\u00eda y el techo gris remiten al neoclasicismo, el palacio, realizado entre 1910-14 por el arquitecto, pintor, escen\u00f3grafo y escritor napolitano Guillermo Ru\u00f3tolo (1876-1951), resulta por todo y por los vitrales del interior, entre otros portentos uno de los emblemas del Art Nouveau de la ciudad. <\/strong><\/p>\n\n\n<div class=\"wp-block-image\">\n<figure class=\"aligncenter\"><img loading=\"lazy\" decoding=\"async\" width=\"1000\" height=\"556\" src=\"http:\/\/www.laplatamagica.com.ar\/wp-content\/uploads\/2020\/03\/aerea254.jpg\" alt=\"\" class=\"wp-image-6418\" srcset=\"https:\/\/laplatamagica.ar\/wp-content\/uploads\/2020\/03\/aerea254.jpg 1000w, https:\/\/laplatamagica.ar\/wp-content\/uploads\/2020\/03\/aerea254-300x167.jpg 300w, https:\/\/laplatamagica.ar\/wp-content\/uploads\/2020\/03\/aerea254-768x427.jpg 768w\" sizes=\"auto, (max-width: 709px) 85vw, (max-width: 909px) 67vw, (max-width: 1362px) 62vw, 840px\" \/><\/figure>\n<\/div>\n\n\n<p class=\"has-text-align-center\"><strong>Vista no tan actual de la zona de diagonal 74,16 y 56.<\/strong><\/p>\n\n\n<div class=\"wp-block-image\">\n<figure class=\"aligncenter\"><img loading=\"lazy\" decoding=\"async\" width=\"1000\" height=\"750\" src=\"http:\/\/www.laplatamagica.com.ar\/wp-content\/uploads\/2020\/03\/aerea257.jpg\" alt=\"\" class=\"wp-image-6419\" srcset=\"https:\/\/laplatamagica.ar\/wp-content\/uploads\/2020\/03\/aerea257.jpg 1000w, https:\/\/laplatamagica.ar\/wp-content\/uploads\/2020\/03\/aerea257-300x225.jpg 300w, https:\/\/laplatamagica.ar\/wp-content\/uploads\/2020\/03\/aerea257-768x576.jpg 768w\" sizes=\"auto, (max-width: 709px) 85vw, (max-width: 909px) 67vw, (max-width: 1362px) 62vw, 840px\" \/><\/figure>\n<\/div>\n\n\n<p class=\"has-text-align-center\"><strong>Plaza Malvinas, entre calles 19,20 y 54 y 54.<\/strong><\/p>\n\n\n<div class=\"wp-block-image\">\n<figure class=\"aligncenter\"><img loading=\"lazy\" decoding=\"async\" width=\"1000\" height=\"611\" src=\"http:\/\/www.laplatamagica.com.ar\/wp-content\/uploads\/2020\/03\/aerea247.jpg\" alt=\"\" class=\"wp-image-6421\" srcset=\"https:\/\/laplatamagica.ar\/wp-content\/uploads\/2020\/03\/aerea247.jpg 1000w, https:\/\/laplatamagica.ar\/wp-content\/uploads\/2020\/03\/aerea247-300x183.jpg 300w, https:\/\/laplatamagica.ar\/wp-content\/uploads\/2020\/03\/aerea247-768x469.jpg 768w\" sizes=\"auto, (max-width: 709px) 85vw, (max-width: 909px) 67vw, (max-width: 1362px) 62vw, 840px\" \/><\/figure>\n<\/div>\n\n\n<p class=\"has-text-align-center\"><strong>Tradicional esquina de calle 7 y 53, al fondo la Legislatura bonaerense.<\/strong><\/p>\n\n\n<div class=\"wp-block-image\">\n<figure class=\"aligncenter\"><img loading=\"lazy\" decoding=\"async\" width=\"1000\" height=\"532\" src=\"http:\/\/www.laplatamagica.com.ar\/wp-content\/uploads\/2020\/03\/cementerio012.jpg\" alt=\"\" class=\"wp-image-6423\" srcset=\"https:\/\/laplatamagica.ar\/wp-content\/uploads\/2020\/03\/cementerio012.jpg 1000w, https:\/\/laplatamagica.ar\/wp-content\/uploads\/2020\/03\/cementerio012-300x160.jpg 300w, https:\/\/laplatamagica.ar\/wp-content\/uploads\/2020\/03\/cementerio012-768x409.jpg 768w\" sizes=\"auto, (max-width: 709px) 85vw, (max-width: 909px) 67vw, (max-width: 1362px) 62vw, 840px\" \/><\/figure>\n<\/div>\n\n\n<p class=\"has-text-align-center\"><strong>Vista del Cementerio de la ciudad de La Plata.<\/strong><\/p>\n\n\n\n<figure class=\"wp-block-image\"><img loading=\"lazy\" decoding=\"async\" width=\"1000\" height=\"665\" src=\"http:\/\/www.laplatamagica.com.ar\/wp-content\/uploads\/2021\/12\/vistadelacuria.jpg\" alt=\"El Palacio Arzobispal o Palacio D'Amico es un edificio en la ciudad de La Plata (Argentina).\" class=\"wp-image-10430\" srcset=\"https:\/\/laplatamagica.ar\/wp-content\/uploads\/2021\/12\/vistadelacuria.jpg 1000w, https:\/\/laplatamagica.ar\/wp-content\/uploads\/2021\/12\/vistadelacuria-300x200.jpg 300w, https:\/\/laplatamagica.ar\/wp-content\/uploads\/2021\/12\/vistadelacuria-768x511.jpg 768w\" sizes=\"auto, (max-width: 709px) 85vw, (max-width: 909px) 67vw, (max-width: 1362px) 62vw, 840px\" \/><\/figure>\n\n\n\n<p class=\"has-text-align-center\"><strong>El Palacio Arzobispal o Palacio D&#8217;Amico es un edificio en la ciudad de La Plata (Argentina) que funciona como sede del Arzobispado de La Plata, en la esquina de la calle 14 y la Avenida 53, junto a la Catedral.Perteneci\u00f3 originalmente al Dr. Carlos D&#8217;Amico, Ministro de Gobierno de Dardo Rocha y luego Gobernador provincial, quien adquiri\u00f3 el lote en agosto de 1882, aunque reci\u00e9n en septiembre de 1884 gestion\u00f3 el pr\u00e9stamo con el que construy\u00f3 su residencia en la flamante ciudad. La obra fue finalmente inaugurada en enero de 1887, cuando su propietario ya hab\u00eda asumido sus funciones como gobernador, a pesar de que a\u00fan no hab\u00eda sido concluida totalmente su construcci\u00f3n. La residencia fue proyectado por el arquitecto Leopoldo Rocchi, quien se enmarc\u00f3 en el estilo del Renacimiento italiano y tambi\u00e9n ser\u00eda responsable de proyectar el primer Teatro Argentino de La Plata.<\/strong><\/p>\n\n\n\n<hr class=\"wp-block-separator has-css-opacity is-style-wide\"\/>\n\n\n\n<p class=\"has-text-align-center\"><strong>Fotos actuales 5<\/strong><\/p>\n\n\n\n<p class=\"has-text-align-center\" style=\"font-size:30px\"><strong>Fotos actuales&nbsp;<a href=\"http:\/\/www.laplatamagica.com.ar\/?page_id=2910\">1<\/a>  <a href=\"http:\/\/www.laplatamagica.com.ar\/?page_id=2032\">2<\/a>  <a href=\"http:\/\/www.laplatamagica.com.ar\/?page_id=3023\">3<\/a>  <a href=\"http:\/\/www.laplatamagica.com.ar\/?page_id=5561\">4<\/a><\/strong>  <a href=\"http:\/\/www.laplatamagica.com.ar\/?page_id=6414\">5<\/a><\/p>\n","protected":false},"excerpt":{"rendered":"<p>Fotos actuales&nbsp;1 2 3 4 5 Vista nocturna de la calle 7 y 49 en pleno centro platense. Palacio Gibert, en la Diagonal 80, n\u00famero 723. Aunque la simetr\u00eda y el techo gris remiten al neoclasicismo, el palacio, realizado entre 1910-14 por el arquitecto, pintor, escen\u00f3grafo y escritor napolitano Guillermo Ru\u00f3tolo (1876-1951), resulta por todo &hellip; <a href=\"https:\/\/laplatamagica.ar\/?page_id=6414\" class=\"more-link\">Continuar leyendo<span class=\"screen-reader-text\"> &#8220;Fotos Actuales 5&#8221;<\/span><\/a><\/p>\n","protected":false},"author":1,"featured_media":0,"parent":0,"menu_order":0,"comment_status":"closed","ping_status":"closed","template":"","meta":{"switch_pages_title":"","h5ap_radio_sources":[],"footnotes":""},"class_list":["post-6414","page","type-page","status-publish","hentry"],"_links":{"self":[{"href":"https:\/\/laplatamagica.ar\/index.php?rest_route=\/wp\/v2\/pages\/6414","targetHints":{"allow":["GET"]}}],"collection":[{"href":"https:\/\/laplatamagica.ar\/index.php?rest_route=\/wp\/v2\/pages"}],"about":[{"href":"https:\/\/laplatamagica.ar\/index.php?rest_route=\/wp\/v2\/types\/page"}],"author":[{"embeddable":true,"href":"https:\/\/laplatamagica.ar\/index.php?rest_route=\/wp\/v2\/users\/1"}],"replies":[{"embeddable":true,"href":"https:\/\/laplatamagica.ar\/index.php?rest_route=%2Fwp%2Fv2%2Fcomments&post=6414"}],"version-history":[{"count":1,"href":"https:\/\/laplatamagica.ar\/index.php?rest_route=\/wp\/v2\/pages\/6414\/revisions"}],"predecessor-version":[{"id":13166,"href":"https:\/\/laplatamagica.ar\/index.php?rest_route=\/wp\/v2\/pages\/6414\/revisions\/13166"}],"wp:attachment":[{"href":"https:\/\/laplatamagica.ar\/index.php?rest_route=%2Fwp%2Fv2%2Fmedia&parent=6414"}],"curies":[{"name":"wp","href":"https:\/\/api.w.org\/{rel}","templated":true}]}}