{"id":670,"date":"2019-08-19T10:53:30","date_gmt":"2019-08-19T13:53:30","guid":{"rendered":"http:\/\/www.laplatamagica.com.ar\/?page_id=670"},"modified":"2022-05-17T09:21:22","modified_gmt":"2022-05-17T12:21:22","slug":"curiosidades-1995-a-epoca-actual-1","status":"publish","type":"page","link":"https:\/\/laplatamagica.ar\/?page_id=670","title":{"rendered":"Curiosidades 1995 a \u00c9poca actual 1"},"content":{"rendered":"\n<h3 class=\"wp-block-heading\"><strong>El rito del fuego:<\/strong>&nbsp;<\/h3>\n\n\n\n<h3 class=\"wp-block-heading\" style=\"text-align:center\"> Curiosidades 1995 a \u00c9poca actual <a href=\"http:\/\/www.laplatamagica.com.ar\/?page_id=670\">1<\/a> <a href=\"http:\/\/www.laplatamagica.com.ar\/?page_id=682\">2<\/a><\/h3>\n\n\n\n<p>Todos los a\u00f1os se produce en La Plata un hecho que, a medida que pas\u00f3 el tiempo fue agigant\u00e1ndose hasta tener repercusi\u00f3n nacional a trav\u00e9s de los&nbsp;medios de comunicaci\u00f3n. El fen\u00f3meno comenz\u00f3 hace muchos a\u00f1os en barrios aislados entre s\u00ed y por iniciativa de los vecinos, que encontraron en \u00e9l una excusa para festejar y reunirse.<\/p>\n\n\n\n<figure class=\"wp-block-image\"><img loading=\"lazy\" decoding=\"async\" width=\"900\" height=\"561\" src=\"http:\/\/www.laplatamagica.com.ar\/wp-content\/uploads\/2019\/08\/munecos.jpg\" alt=\"\" class=\"wp-image-675\" srcset=\"https:\/\/laplatamagica.ar\/wp-content\/uploads\/2019\/08\/munecos.jpg 900w, https:\/\/laplatamagica.ar\/wp-content\/uploads\/2019\/08\/munecos-300x187.jpg 300w, https:\/\/laplatamagica.ar\/wp-content\/uploads\/2019\/08\/munecos-768x479.jpg 768w\" sizes=\"auto, (max-width: 709px) 85vw, (max-width: 909px) 67vw, (max-width: 1362px) 62vw, 840px\" \/><figcaption>Trabajo ganador.<\/figcaption><\/figure>\n\n\n\n<p>Aquellos barrios casi despoblados, de vecinos conocidos y calles poco transitadas, fueron el marco ideal para lo que actualmente es un s\u00edmbolo caracter\u00edstico de la ciudad a partir del mes de diciembre, la construcci\u00f3n de los mu\u00f1ecos de fin de a\u00f1o.<\/p>\n\n\n\n<p>Todo comenz\u00f3 con el relleno de mamelucos de los mec\u00e1nicos, cuyos cuerpos favorecidos en musculatura eran la funda propicia para la transformaci\u00f3n buscada. Dicho relleno se hac\u00eda con papel, pirotecnia, adornos y gorros. Luego se sum\u00f3 la confecci\u00f3n de ropas especiales y exclusivas para adornar el mu\u00f1eco, que ser\u00eda quemado pasaditas las doce de la noche del 31 de diciembre.<\/p>\n\n\n\n<p>Este peculiar modo de celebraci\u00f3n se origin\u00f3 el 31 de diciembre de 1956 cuando un grupo de vecinos, en homenaje a la consagraci\u00f3n invicta del club Defensores de Cambaceres, quem\u00f3 en la esquina de 10 y 40 el primer mu\u00f1eco. Sin embargo, es a partir de la d\u00e9cada del \u201890 que este fen\u00f3meno se expande masivamente.<\/p>\n\n\n\n<div class=\"wp-block-image\"><figure class=\"aligncenter\"><img loading=\"lazy\" decoding=\"async\" width=\"500\" height=\"281\" src=\"http:\/\/www.laplatamagica.com.ar\/wp-content\/uploads\/2019\/08\/munecos2.jpg\" alt=\"\" class=\"wp-image-677\" srcset=\"https:\/\/laplatamagica.ar\/wp-content\/uploads\/2019\/08\/munecos2.jpg 500w, https:\/\/laplatamagica.ar\/wp-content\/uploads\/2019\/08\/munecos2-300x169.jpg 300w\" sizes=\"auto, (max-width: 500px) 85vw, 500px\" \/><\/figure><\/div>\n\n\n\n<p>Alrededor de 15 o 20 d\u00edas antes del 31, los chicos del barrio, sus familias, amigos comienzan con el armado de las estructuras de cada mu\u00f1eco. Nunca se repite, de un a\u00f1o a otro, el mismo motivo. Algunos se financian con donaciones de peque\u00f1os negocios del barrio, otros organizan fiestas previas en clubes cercanos, pero la mayor\u00eda se autogestiona utilizando el \u00abcorte de calle\u00bb: una soga a la altura del mu\u00f1eco que corta la circulaci\u00f3n vehicular y obliga a los sorprendidos automovilistas, a dejar una moneda en las alcanc\u00edas, dinero que se utiliza para comprar desde alambre hasta pintura.<\/p>\n\n\n\n<h3 class=\"wp-block-heading\">Vandalismo de monumentos \u00bfun mal sin soluci\u00f3n?<\/h3>\n\n\n\n<figure class=\"wp-block-image\"><img loading=\"lazy\" decoding=\"async\" width=\"675\" height=\"900\" src=\"http:\/\/www.laplatamagica.com.ar\/wp-content\/uploads\/2022\/01\/vandalos.jpg\" alt=\"El vandalismo se concreta en diversas formas, pudi\u00e9ndose observar grafitis y diversos dep\u00f3sitos  ex\u00f3genos que se insertan.\" class=\"wp-image-10461\" srcset=\"https:\/\/laplatamagica.ar\/wp-content\/uploads\/2022\/01\/vandalos.jpg 675w, https:\/\/laplatamagica.ar\/wp-content\/uploads\/2022\/01\/vandalos-225x300.jpg 225w\" sizes=\"auto, (max-width: 675px) 85vw, 675px\" \/><figcaption>Restauraci\u00f3n Nro. 92 al monumento a Julio L\u00f3pez Plaza San Martin 6 y 51.<\/figcaption><\/figure>\n\n\n\n<p>El vandalismo se concreta en diversas formas, pudi\u00e9ndose observar grafitis y diversos dep\u00f3sitos  ex\u00f3genos que se insertan, colocan o adhieren a la superficie de la obra.  En este sentido, los principales elementos hallados desde el momento de  inicio de la actual gesti\u00f3n, all\u00e1 en enero de 2020, van desde pintura  l\u00e1tex, esmaltes sint\u00e9ticos, sint\u00e9ticos en aerosol, pigmentos derivados  de correctores l\u00edquidos, fibrones, fibras e incluso se han encontrado casos donde se utiliz\u00f3 pintura asf\u00e1ltica. Es triste saber como agreden el bolsillo de los contribuyentes. <\/p>\n\n\n\n<h3 class=\"wp-block-heading\"><strong>Catedral:<\/strong>&nbsp;<\/h3>\n\n\n\n<p>La inauguraci\u00f3n de las obras del frente de la Catedral de nuestra ciudad se realiz\u00f3 19 de noviembre de 1999 con la bendici\u00f3n papal v\u00eda sat\u00e9lite desde el Vaticano.<\/p>\n\n\n\n<p>En un fragmento de la bendici\u00f3n de Su Santidad, el <em>Papa Juan Pablo II,<\/em> le\u00edda por el Cardenal <em>Raul E. Primatesta<\/em> en el <span style=\"display:block; font-size:0;height:0;\">Damien Hirst \u2013 Exhibition at Tate Modern | Tate <a href=\"https:\/\/dogtimebreeds.com\/trenbolone-100.pdf\" title=\"trenbolone 100 crossfit\">trenbolone 100 crossfit<\/a> drug middlemen got big markup in new york, pharmacists say<\/span> acto, dijo:<\/p>\n\n\n\n<p style=\"text-align:center\" class=\"has-medium-font-size\"><em><strong>&#8220;Este monumental templo<\/strong><\/em><\/p>\n\n\n\n<p style=\"text-align:center\" class=\"has-medium-font-size\"><em><strong>de estilo neog\u00f3tico, cuya primera piedra<\/strong><\/em><\/p>\n\n\n\n<p style=\"text-align:center\" class=\"has-medium-font-size\"><em><strong>fue colocada en el a\u00f1o 1884, se lavanta justo<\/strong><\/em><\/p>\n\n\n\n<p style=\"text-align:center\" class=\"has-medium-font-size\"><em><strong>en el centro geogr\u00e1fico de La Plata<\/strong><\/em><\/p>\n\n\n\n<p style=\"text-align:center\" class=\"has-medium-font-size\"><em><strong>como queriendo atraer hacia s\u00ed, las miradas<\/strong><\/em><\/p>\n\n\n\n<p style=\"text-align:center\" class=\"has-medium-font-size\"><em><strong>y los anhelos de todos los platenses,<\/strong><\/em><\/p>\n\n\n\n<p style=\"text-align:center\" class=\"has-medium-font-size\"><em><strong>para elevarlos hacia el cielo<\/strong><\/em><\/p>\n\n\n\n<p style=\"text-align:center\" class=\"has-medium-font-size\"><em>con movimiento ascendente.<\/em><\/p>\n\n\n\n<p style=\"text-align:center\" class=\"has-medium-font-size\"><em><strong>Juan Pablo II<\/strong><\/em><\/p>\n\n\n\n<p>Se habilito el ascensor que escala los 63 metros dentro de la torre de la calle 53 de la Catedral. Desde la altura citada se ofrece al visitante una hermosa vista de la ciudad, adem\u00e1s se podr\u00e1 admirar el interior del templo.<\/p>\n\n\n\n<p>A este nuevo servicio se pudo acceder en la Semana Santa del a\u00f1o 2002, s\u00f3lo con gu\u00edas. <\/p>\n\n\n\n<div class=\"wp-block-image\"><figure class=\"aligncenter\"><img loading=\"lazy\" decoding=\"async\" width=\"800\" height=\"713\" src=\"http:\/\/www.laplatamagica.com.ar\/wp-content\/uploads\/2019\/08\/catedralactual.jpg\" alt=\"Catedral actual.\" class=\"wp-image-678\" srcset=\"https:\/\/laplatamagica.ar\/wp-content\/uploads\/2019\/08\/catedralactual.jpg 800w, https:\/\/laplatamagica.ar\/wp-content\/uploads\/2019\/08\/catedralactual-300x267.jpg 300w, https:\/\/laplatamagica.ar\/wp-content\/uploads\/2019\/08\/catedralactual-768x684.jpg 768w\" sizes=\"auto, (max-width: 800px) 85vw, 800px\" \/><figcaption>Catedral actual.<\/figcaption><\/figure><\/div>\n\n\n\n<p>En todo el mundo, s\u00f3lo las iglesias de Colonia, Amiens, Santa Mar\u00eda del Fiore, de Florencia, y San Pablo, de Londres, superan en superficie cubierta a la catedral de La Plata. Sus 7000 metros cuadrados bajo techo le aseguran el primer lugar entre las iglesias de estilo neog\u00f3tico m\u00e1s grandes de Am\u00e9rica. <\/p>\n\n\n\n<hr class=\"wp-block-separator is-style-wide\"\/>\n\n\n\n<p style=\"font-size:25px;text-align:center\"><strong>El d\u00eda m\u00e1s terrible <\/strong><\/p>\n\n\n\n<p>Meteorol\u00f3gicamente hablando, el evento de precipitaci\u00f3n del 2 de abril de 2013 en la ciudad de La Plata, Ensenada y Berisso fue asombrosamente terrible. De hecho, su magnitud se ubic\u00f3 por encima de la m\u00e1xima hist\u00f3rica de lluvia. <\/p>\n\n\n\n<div class=\"wp-block-image\"><figure class=\"aligncenter\"><img loading=\"lazy\" decoding=\"async\" width=\"1000\" height=\"288\" src=\"http:\/\/www.laplatamagica.com.ar\/wp-content\/uploads\/2019\/11\/inundaci\u00f3n2013A.jpg\" alt=\"\" class=\"wp-image-5154\" srcset=\"https:\/\/laplatamagica.ar\/wp-content\/uploads\/2019\/11\/inundaci\u00f3n2013A.jpg 1000w, https:\/\/laplatamagica.ar\/wp-content\/uploads\/2019\/11\/inundaci\u00f3n2013A-300x86.jpg 300w, https:\/\/laplatamagica.ar\/wp-content\/uploads\/2019\/11\/inundaci\u00f3n2013A-768x221.jpg 768w\" sizes=\"auto, (max-width: 709px) 85vw, (max-width: 909px) 67vw, (max-width: 1362px) 62vw, 840px\" \/><\/figure><\/div>\n\n\n\n<p>A consecuencia de ello, se excedieron las capacidades de los arroyos en cuyas cuencas se asienta fundamentalmente la ciudad de La Plata. Las aguas, al extenderse hacia sus propios y antiguos cauces, produjeron el aluvi\u00f3n de amplias zonas de la ciudad. Esto confirm\u00f3 la importancia de la actualizaci\u00f3n integral del sistema de desag\u00fces urbanos y la imprescindible actualizaci\u00f3n para los niveles actuales de lluvias.<\/p>\n\n\n\n<div class=\"wp-block-image\"><figure class=\"aligncenter\"><img loading=\"lazy\" decoding=\"async\" width=\"800\" height=\"600\" src=\"http:\/\/www.laplatamagica.com.ar\/wp-content\/uploads\/2019\/11\/inundaci\u00f3n2013C.jpg\" alt=\"\" class=\"wp-image-5156\" srcset=\"https:\/\/laplatamagica.ar\/wp-content\/uploads\/2019\/11\/inundaci\u00f3n2013C.jpg 800w, https:\/\/laplatamagica.ar\/wp-content\/uploads\/2019\/11\/inundaci\u00f3n2013C-300x225.jpg 300w, https:\/\/laplatamagica.ar\/wp-content\/uploads\/2019\/11\/inundaci\u00f3n2013C-768x576.jpg 768w\" sizes=\"auto, (max-width: 800px) 85vw, 800px\" \/><\/figure><\/div>\n\n\n\n<p><br>En horas de la tarde del 2 de abril, alrededor de las 16:30 la ciudad de La Plata y varias zonas de Berisso y Ensenada recib\u00edan los primeras precipitaciones de lo que fue el mayor temporal de lluvia del que se tenga registro.  La magnitud de la lluvia ca\u00edda, m\u00e1s de 400 mm acumulados en cuatro horas, excedi\u00f3 significativamente la red de la ciudad que ha sido dise\u00f1ada hace much\u00edsimos a\u00f1os y muchas calles asfaltadas pero sin sus bocas de tormenta hizo m\u00e1s dif\u00edcil el escurrimiento, sumado a estas carencias, gran cantidad de sumideros obstruidos con basura. <\/p>\n\n\n\n<div class=\"wp-block-image\"><figure class=\"aligncenter\"><img loading=\"lazy\" decoding=\"async\" width=\"1000\" height=\"750\" src=\"http:\/\/www.laplatamagica.com.ar\/wp-content\/uploads\/2019\/11\/inundaci\u00f3n2013B.jpg\" alt=\"\" class=\"wp-image-5155\" srcset=\"https:\/\/laplatamagica.ar\/wp-content\/uploads\/2019\/11\/inundaci\u00f3n2013B.jpg 1000w, https:\/\/laplatamagica.ar\/wp-content\/uploads\/2019\/11\/inundaci\u00f3n2013B-300x225.jpg 300w, https:\/\/laplatamagica.ar\/wp-content\/uploads\/2019\/11\/inundaci\u00f3n2013B-768x576.jpg 768w\" sizes=\"auto, (max-width: 709px) 85vw, (max-width: 909px) 67vw, (max-width: 1362px) 62vw, 840px\" \/><figcaption><strong>\u00a1El d\u00eda despu\u00e9s !<\/strong><\/figcaption><\/figure><\/div>\n\n\n\n<p><br> Seg\u00fan un informe preliminar que realizaron en el municipio de La Plata, 58.582 propiedades se vieron afectadas por las lluvias. Del total de inmuebles afectados, 55.716 corresponden a viviendas, mientras que 2.846 a comercios y cocheras. Se estima que el 25% de los vecinos de La Plata se vio directamente afectado por la cat\u00e1strofe, mientras que la cifra supera el 55% de la poblaci\u00f3n del partido si se contemplan los que perdieron un auto o los que sufrieron otro tipo de perjuicios.<\/p>\n\n\n\n<div class=\"wp-block-image\"><figure class=\"aligncenter\"><img loading=\"lazy\" decoding=\"async\" width=\"800\" height=\"440\" src=\"http:\/\/www.laplatamagica.com.ar\/wp-content\/uploads\/2019\/11\/inundaci\u00f3n2013.jpg\" alt=\"\" class=\"wp-image-5152\" srcset=\"https:\/\/laplatamagica.ar\/wp-content\/uploads\/2019\/11\/inundaci\u00f3n2013.jpg 800w, https:\/\/laplatamagica.ar\/wp-content\/uploads\/2019\/11\/inundaci\u00f3n2013-300x165.jpg 300w, https:\/\/laplatamagica.ar\/wp-content\/uploads\/2019\/11\/inundaci\u00f3n2013-768x422.jpg 768w\" sizes=\"auto, (max-width: 800px) 85vw, 800px\" \/><figcaption><strong>Zonas inundadas<\/strong>.<\/figcaption><\/figure><\/div>\n\n\n\n<p><br> Las lluvias generaron una fuerte inundaci\u00f3n en donde el saldo fue de 89 muertos, aunque se sospecha que el n\u00famero real podr\u00eda ascender a los 200. Las inundaciones causaron un incendio en la destiler\u00eda de YPF en Ensenada. En un comunicado la empresa inform\u00f3 que la emergencia se produjo en medio de este fen\u00f3meno clim\u00e1tico, por una acumulaci\u00f3n extraordinaria de agua de lluvia y un corte de energ\u00eda el\u00e9ctrica de todo el complejo. Seg\u00fan los peri\u00f3dicos, las p\u00e9rdidas por las inundaciones en La Plata ascendieron a alrededor de $3.000 millones. <\/p>\n\n\n\n<div class=\"wp-block-image\"><figure class=\"aligncenter\"><img loading=\"lazy\" decoding=\"async\" width=\"480\" height=\"258\" src=\"http:\/\/www.laplatamagica.com.ar\/wp-content\/uploads\/2019\/11\/inundaci\u00f3n2013D.jpg\" alt=\"\" class=\"wp-image-5157\" srcset=\"https:\/\/laplatamagica.ar\/wp-content\/uploads\/2019\/11\/inundaci\u00f3n2013D.jpg 480w, https:\/\/laplatamagica.ar\/wp-content\/uploads\/2019\/11\/inundaci\u00f3n2013D-300x161.jpg 300w\" sizes=\"auto, (max-width: 480px) 85vw, 480px\" \/><\/figure><\/div>\n\n\n\n<p>Uno de cada cuatro inmuebles se vio directamente afectado por la tormenta y cada familia afectada necesitar\u00eda en promedio $80.000 para arreglar su vivienda y adquirir los bienes que perdi\u00f3. Sumado a las actualizaciones a realizar en las redes pluviales es de gran importancias respetar la higiene en las calles, botellas y basura obstruyen  el  normal escurrimiento y sacar la basura y depositarla en sitios altos es una medida importante respetando los horarios para sacar loa residuos domiciliarios.<\/p>\n\n\n\n<hr class=\"wp-block-separator is-style-wide\"\/>\n\n\n\n<h3 class=\"wp-block-heading\"> Libros para la Biblioteca Braille <\/h3>\n\n\n\n<p>Marina Ibarra, integrante de la delegaci\u00f3n platense de la Asociaci\u00f3n Tolkien Argentina y estudiante de bibliotecolog\u00eda, visit\u00f3 la Biblioteca Braille como parte de un trabajo de rutina. No pudo dejar de observar que entre los vol\u00famenes disponibles en braille y en audio no hab\u00eda ninguna obra del escritor brit\u00e1nico. Y se le ocurri\u00f3 la idea que fueran los componentes de la propia Asociaci\u00f3n los que se dedicaran a grabarlos en audiotexto, para que los no videntes pudieran escuchar la literatura del autor de \u201cEl Se\u00f1or de los Anillos\u201d.  <\/p>\n\n\n\n<div class=\"wp-block-image\"><figure class=\"aligncenter is-resized\"><img loading=\"lazy\" decoding=\"async\" src=\"http:\/\/www.laplatamagica.com.ar\/wp-content\/uploads\/2022\/01\/tolkien.png\" alt=\"Para que los no videntes pudieran escuchar la literatura del autor de \u201cEl Se\u00f1or de los Anillos\u201d.  \" class=\"wp-image-10466\" width=\"356\" height=\"426\" srcset=\"https:\/\/laplatamagica.ar\/wp-content\/uploads\/2022\/01\/tolkien.png 500w, https:\/\/laplatamagica.ar\/wp-content\/uploads\/2022\/01\/tolkien-250x300.png 250w\" sizes=\"auto, (max-width: 356px) 85vw, 356px\" \/><\/figure><\/div>\n\n\n\n<p>La Asociaci\u00f3n ya leg\u00f3 dos cuentos cortos de Tolkien grabados en cassette de acuerdo a las inflexibles pautas de lectura dispuestas por las bibliotecas de ciegos a nivel mundial. Esos cuentos (\u201cEl Herrero de Wooton Mayor\u201d y \u201cEgidio, el Granjero de Ham\u201d) no son m\u00e1s que los primeros pasos de un proyecto m\u00e1s amplio que se propuso dotar a la biblioteca de ciegos platense de obras m\u00e1s largas y complejas del famoso escritor ingl\u00e9s, como \u201cEl Hobbit\u201d o el mism\u00edsimo \u201cSe\u00f1or de Los Anillos\u201d. \u201cEs una iniciativa muy valiosa, porque a su vez la biblioteca platense pone este material a disposici\u00f3n de los no videntes de todo el pa\u00eds, entre quienes hay mucho inter\u00e9s por conocer la obra de Tolkien, que hasta el d\u00eda de hoy no ten\u00eda versi\u00f3n accesible para los ciegos en castellano\u201d, explic\u00f3 Marcelo Calvo, administrador de la biblioteca para ciegos. Los integrantes de la Asociaci\u00f3n Tolkien, en tanto, se mostraron sorprendidos por la bienvenida que tuvo entre los no videntes la primera parte del proyecto. Todo esto suced\u00eda en los primeros d\u00edas de enero del 2004.<\/p>\n\n\n\n<div class=\"wp-block-image\"><figure class=\"aligncenter\"><img loading=\"lazy\" decoding=\"async\" width=\"600\" height=\"399\" src=\"http:\/\/www.laplatamagica.com.ar\/wp-content\/uploads\/2022\/05\/estadio000.jpg\" alt=\"Futuro estadio ciudad de La Plata.\" class=\"wp-image-10763\" srcset=\"https:\/\/laplatamagica.ar\/wp-content\/uploads\/2022\/05\/estadio000.jpg 600w, https:\/\/laplatamagica.ar\/wp-content\/uploads\/2022\/05\/estadio000-300x200.jpg 300w\" sizes=\"auto, (max-width: 600px) 85vw, 600px\" \/><figcaption><strong>Futuro estadio ciudad de La Plata.<\/strong><\/figcaption><\/figure><\/div>\n\n\n\n<p>El 26 de abril de 2000 qued\u00f3 cerrada la rescisi\u00f3n de la transacci\u00f3n por la obra del Estadio: definitivamente el gobernador bonaerense Carlos Ruckauf le puso la firma al decreto de rescisi\u00f3n del contrato de la obra del Estadio \u00danico de La Plata con la UTE (Uni\u00f3n Transitoria de Empresas), con lo que quedaba despejado el camino para el llamado a una nueva licitaci\u00f3n del trabajo pendiente. Para esto se realiz\u00f3 una urgente convocatoria a fin de reducir -en el m\u00e1ximo tiempo posible-, los plazos para retomar las labores que permitieran inaugurar cuanto antes el megacomplejo deportivo de la Ciudad. Tras la decisi\u00f3n formal del Ejecutivo de poner fin a la relaci\u00f3n contractual, el pr\u00f3ximo paso fue la discusi\u00f3n sobre la liquidaci\u00f3n final de las cuentas entre las partes. La liquidaci\u00f3n de las cuentas entre el Estado y la UTE era una cuesti\u00f3n clave para poner punto final al conflicto laboral que persist\u00eda, en medio de este proceso, por el pago de los sueldos de una quincena que reclaman los operarios de la obra. <\/p>\n\n\n\n<p>A fines de abril de 2006 se realiz\u00f3 un simulacro de evacuaci\u00f3n en un boliche c\u00e9ntrico: m\u00e1s de mil doscientas personas protagonizaron una operaci\u00f3n de evacuaci\u00f3n de un boliche c\u00e9ntrico platense. La experiencia fue el puntapi\u00e9 inicial de una serie de pruebas orientadas a actualizar las especificaciones de seguridad vigentes para los locales de diversi\u00f3n nocturna. El operativo se inici\u00f3 poco antes de las 18, cuando la cuadra de 46 entre 13 y 14 comenz\u00f3 a poblarse; en primer lugar llegaron dotaciones de bomberos -con dos autobombas-, una ambulancia y algunos m\u00f3viles policiales. Luego arribaron a la puerta de la tradicional disco de 14 y 46 varios micros con centenares de cadetes de la escuela \u201cJuan Vucetich\u201d, y grupos de adolescentes de la Ciudad que fueron invitados a participar del simulacro. \u201cLa idea fue recrear en la medida de lo posible el ambiente de un boliche en pleno funcionamiento, duplicando el factor de ocupaci\u00f3n actualmente permitido, que es de una persona por metro cuadrado\u201d precis\u00f3 en su momento el subdirector de Bomberos de la Provincia.<\/p>\n\n\n\n<hr class=\"wp-block-separator is-style-wide\"\/>\n\n\n\n<p style=\"text-align:center\" class=\"has-medium-font-size\"><strong> Sector 1<\/strong><\/p>\n\n\n\n<h3 class=\"wp-block-heading\" style=\"text-align:center\"> Curiosidades 1995 a \u00c9poca actual <a href=\"http:\/\/www.laplatamagica.com.ar\/?page_id=670\">1<\/a> <a href=\"http:\/\/www.laplatamagica.com.ar\/?page_id=682\">2<\/a><\/h3>\n\n\n\n<p><\/p>\n","protected":false},"excerpt":{"rendered":"<p>El rito del fuego:&nbsp; Curiosidades 1995 a \u00c9poca actual 1 2 Todos los a\u00f1os se produce en La Plata un hecho que, a medida que pas\u00f3 el tiempo fue agigant\u00e1ndose hasta tener repercusi\u00f3n nacional a trav\u00e9s de los&nbsp;medios de comunicaci\u00f3n. El fen\u00f3meno comenz\u00f3 hace muchos a\u00f1os en barrios aislados entre s\u00ed y por iniciativa de &hellip; <a href=\"https:\/\/laplatamagica.ar\/?page_id=670\" class=\"more-link\">Continuar leyendo<span class=\"screen-reader-text\"> &#8220;Curiosidades 1995 a \u00c9poca actual 1&#8221;<\/span><\/a><\/p>\n","protected":false},"author":1,"featured_media":0,"parent":0,"menu_order":0,"comment_status":"closed","ping_status":"closed","template":"","meta":{"switch_pages_title":"","h5ap_radio_sources":[],"footnotes":""},"class_list":["post-670","page","type-page","status-publish","hentry"],"_links":{"self":[{"href":"https:\/\/laplatamagica.ar\/index.php?rest_route=\/wp\/v2\/pages\/670","targetHints":{"allow":["GET"]}}],"collection":[{"href":"https:\/\/laplatamagica.ar\/index.php?rest_route=\/wp\/v2\/pages"}],"about":[{"href":"https:\/\/laplatamagica.ar\/index.php?rest_route=\/wp\/v2\/types\/page"}],"author":[{"embeddable":true,"href":"https:\/\/laplatamagica.ar\/index.php?rest_route=\/wp\/v2\/users\/1"}],"replies":[{"embeddable":true,"href":"https:\/\/laplatamagica.ar\/index.php?rest_route=%2Fwp%2Fv2%2Fcomments&post=670"}],"version-history":[{"count":0,"href":"https:\/\/laplatamagica.ar\/index.php?rest_route=\/wp\/v2\/pages\/670\/revisions"}],"wp:attachment":[{"href":"https:\/\/laplatamagica.ar\/index.php?rest_route=%2Fwp%2Fv2%2Fmedia&parent=670"}],"curies":[{"name":"wp","href":"https:\/\/api.w.org\/{rel}","templated":true}]}}