{"id":6706,"date":"2020-04-09T08:40:14","date_gmt":"2020-04-09T11:40:14","guid":{"rendered":"http:\/\/www.laplatamagica.com.ar\/?page_id=6706"},"modified":"2023-10-29T09:20:06","modified_gmt":"2023-10-29T12:20:06","slug":"fotos-antiguas-9","status":"publish","type":"page","link":"https:\/\/laplatamagica.ar\/?page_id=6706","title":{"rendered":"Fotos Antiguas 9"},"content":{"rendered":"<div class=\"wp-block-image\">\n<figure class=\"aligncenter is-resized\"><img loading=\"lazy\" decoding=\"async\" width=\"100\" height=\"127\" src=\"http:\/\/www.laplatamagica.com.ar\/wp-content\/uploads\/2019\/09\/fotografo.jpg\" alt=\"\" class=\"wp-image-1677\" style=\"width:86px;height:109px\"\/><\/figure>\n<\/div>\n\n\n<h5 class=\"wp-block-heading has-text-align-center\"> <br>Galer\u00eda de Fotos&gt;&nbsp;<a href=\"http:\/\/www.laplatamagica.com.ar\/?page_id=922\">1&nbsp;&nbsp;<\/a><a href=\"http:\/\/www.laplatamagica.com.ar\/?page_id=1010\">2&nbsp;&nbsp;<\/a><a href=\"http:\/\/www.laplatamagica.com.ar\/?page_id=1121\">3&nbsp;<\/a><a href=\"http:\/\/www.laplatamagica.com.ar\/?page_id=1245\">4&nbsp;<\/a><a href=\"http:\/\/www.laplatamagica.com.ar\/?page_id=1404\">5&nbsp;<\/a><a href=\"http:\/\/www.laplatamagica.com.ar\/?page_id=1508\">6&nbsp;<\/a><a href=\"http:\/\/www.laplatamagica.com.ar\/?page_id=5305\">7&nbsp;<\/a><a href=\"http:\/\/www.laplatamagica.com.ar\/?page_id=6133\">8 <\/a><a href=\"http:\/\/www.laplatamagica.com.ar\/?page_id=6706\">9 <\/a><a href=\"http:\/\/www.laplatamagica.com.ar\/?page_id=6987\">10 <\/a><a href=\"http:\/\/www.laplatamagica.com.ar\/?page_id=7599\">11 <\/a><a href=\"http:\/\/www.laplatamagica.com.ar\/?page_id=8208\">12 <\/a><a href=\"http:\/\/www.laplatamagica.com.ar\/?page_id=8725\">13 <\/a><a href=\"http:\/\/www.laplatamagica.com.ar\/?page_id=9158\">14<\/a> <br><\/h5>\n\n\n<div class=\"wp-block-image\">\n<figure class=\"aligncenter\"><img loading=\"lazy\" decoding=\"async\" width=\"1000\" height=\"630\" src=\"http:\/\/www.laplatamagica.com.ar\/wp-content\/uploads\/2020\/04\/Hospital-Italiano3.jpg\" alt=\"Construcci\u00f3n del Hospital Italiano de La Plata.\" class=\"wp-image-6712\" srcset=\"https:\/\/laplatamagica.ar\/wp-content\/uploads\/2020\/04\/Hospital-Italiano3.jpg 1000w, https:\/\/laplatamagica.ar\/wp-content\/uploads\/2020\/04\/Hospital-Italiano3-300x189.jpg 300w, https:\/\/laplatamagica.ar\/wp-content\/uploads\/2020\/04\/Hospital-Italiano3-768x484.jpg 768w\" sizes=\"auto, (max-width: 709px) 85vw, (max-width: 909px) 67vw, (max-width: 1362px) 62vw, 840px\" \/><\/figure>\n<\/div>\n\n\n<p class=\"has-text-align-center\"><strong>Construcci\u00f3n del Hospital Italiano en pleno campo.<\/strong>E<strong>l 8 de diciembre de 1889 se coloc\u00f3 la piedra fundamental del Hospital que desde entonces se encuentra en la manzana comprendida por las calles 50, 51, 29 y 30.<\/strong><\/p>\n\n\n<div class=\"wp-block-image\">\n<figure class=\"aligncenter\"><img loading=\"lazy\" decoding=\"async\" width=\"1000\" height=\"554\" src=\"http:\/\/www.laplatamagica.com.ar\/wp-content\/uploads\/2020\/04\/Hospital-Italiano4.jpg\" alt=\"\" class=\"wp-image-6716\" srcset=\"https:\/\/laplatamagica.ar\/wp-content\/uploads\/2020\/04\/Hospital-Italiano4.jpg 1000w, https:\/\/laplatamagica.ar\/wp-content\/uploads\/2020\/04\/Hospital-Italiano4-300x166.jpg 300w, https:\/\/laplatamagica.ar\/wp-content\/uploads\/2020\/04\/Hospital-Italiano4-768x425.jpg 768w\" sizes=\"auto, (max-width: 709px) 85vw, (max-width: 909px) 67vw, (max-width: 1362px) 62vw, 840px\" \/><\/figure>\n<\/div>\n\n\n<p class=\"has-text-align-center\"><strong>El frente del Hospital Italiano tras su inauguraci\u00f3n en 1903.<\/strong><\/p>\n\n\n<div class=\"wp-block-image\">\n<figure class=\"aligncenter\"><img loading=\"lazy\" decoding=\"async\" width=\"1000\" height=\"697\" src=\"http:\/\/www.laplatamagica.com.ar\/wp-content\/uploads\/2020\/04\/Hospital-Italiano.jpg\" alt=\"Hospital Italiano de la ciudad de La Plata.\" class=\"wp-image-6710\" srcset=\"https:\/\/laplatamagica.ar\/wp-content\/uploads\/2020\/04\/Hospital-Italiano.jpg 1000w, https:\/\/laplatamagica.ar\/wp-content\/uploads\/2020\/04\/Hospital-Italiano-300x209.jpg 300w, https:\/\/laplatamagica.ar\/wp-content\/uploads\/2020\/04\/Hospital-Italiano-768x535.jpg 768w\" sizes=\"auto, (max-width: 709px) 85vw, (max-width: 909px) 67vw, (max-width: 1362px) 62vw, 840px\" \/><\/figure>\n<\/div>\n\n\n<p class=\"has-text-align-center\"><strong>El Jard\u00edn del Hospital Italiano de La Plata en el a\u00f1o 1930.<\/strong><\/p>\n\n\n<div class=\"wp-block-image\">\n<figure class=\"aligncenter\"><img loading=\"lazy\" decoding=\"async\" width=\"1000\" height=\"601\" src=\"http:\/\/www.laplatamagica.com.ar\/wp-content\/uploads\/2020\/04\/Hospital-Italiano5.jpg\" alt=\"Integrantes de la Comisi\u00f3n directiva del Hospital Italiano de La Plata en 1903.\" class=\"wp-image-6720\" srcset=\"https:\/\/laplatamagica.ar\/wp-content\/uploads\/2020\/04\/Hospital-Italiano5.jpg 1000w, https:\/\/laplatamagica.ar\/wp-content\/uploads\/2020\/04\/Hospital-Italiano5-300x180.jpg 300w, https:\/\/laplatamagica.ar\/wp-content\/uploads\/2020\/04\/Hospital-Italiano5-768x462.jpg 768w\" sizes=\"auto, (max-width: 709px) 85vw, (max-width: 909px) 67vw, (max-width: 1362px) 62vw, 840px\" \/><\/figure>\n<\/div>\n\n\n<p class=\"has-text-align-center\"><strong>Integrantes de la Comisi\u00f3n Directiva a cargo de la administraci\u00f3n del Hospital en 1903, a\u00f1o de la inauguraci\u00f3n de su edificio en la ubicaci\u00f3n actual.<\/strong><\/p>\n\n\n<div class=\"wp-block-image\">\n<figure class=\"aligncenter\"><img loading=\"lazy\" decoding=\"async\" width=\"1000\" height=\"785\" src=\"http:\/\/www.laplatamagica.com.ar\/wp-content\/uploads\/2020\/04\/Hospital-Italiano6.jpg\" alt=\"Integrantes del primer cuerpo de profesionales sanitarios del Hospital Italiano de La Plata.\" class=\"wp-image-6722\" srcset=\"https:\/\/laplatamagica.ar\/wp-content\/uploads\/2020\/04\/Hospital-Italiano6.jpg 1000w, https:\/\/laplatamagica.ar\/wp-content\/uploads\/2020\/04\/Hospital-Italiano6-300x236.jpg 300w, https:\/\/laplatamagica.ar\/wp-content\/uploads\/2020\/04\/Hospital-Italiano6-768x603.jpg 768w\" sizes=\"auto, (max-width: 709px) 85vw, (max-width: 909px) 67vw, (max-width: 1362px) 62vw, 840px\" \/><\/figure>\n<\/div>\n\n\n<p class=\"has-text-align-center\"><strong>Integrantes del primer cuerpo de profesionales sanitarios del Hospital durante el a\u00f1o 1903.<\/strong><\/p>\n\n\n\n<figure class=\"wp-block-image size-full\"><a href=\"https:\/\/revolucion989.com.ar\/\" target=\"_blank\" rel=\"noreferrer noopener\"><img decoding=\"async\" src=\"https:\/\/laplatamagica.ar\/wp-content\/uploads\/2022\/11\/baner-1.jpg\" alt=\"\" class=\"wp-image-11769\"\/><\/a><\/figure>\n\n\n<div class=\"wp-block-image\">\n<figure class=\"aligncenter\"><img loading=\"lazy\" decoding=\"async\" width=\"1000\" height=\"633\" src=\"http:\/\/www.laplatamagica.com.ar\/wp-content\/uploads\/2020\/04\/Hospital-Italiano8.jpg\" alt=\"Hospital Italiano sobre calle 51 entre 29 y 30 en el a\u00f1o 1932. La Plata\" class=\"wp-image-6741\" srcset=\"https:\/\/laplatamagica.ar\/wp-content\/uploads\/2020\/04\/Hospital-Italiano8.jpg 1000w, https:\/\/laplatamagica.ar\/wp-content\/uploads\/2020\/04\/Hospital-Italiano8-300x190.jpg 300w, https:\/\/laplatamagica.ar\/wp-content\/uploads\/2020\/04\/Hospital-Italiano8-768x486.jpg 768w\" sizes=\"auto, (max-width: 709px) 85vw, (max-width: 909px) 67vw, (max-width: 1362px) 62vw, 840px\" \/><\/figure>\n<\/div>\n\n\n<p class=\"has-text-align-center\"><strong>Hospital Italiano sobre calle 51 entre 29 y 30 en el a\u00f1o 1932.<\/strong><\/p>\n\n\n\n<figure class=\"wp-block-image size-full\"><img loading=\"lazy\" decoding=\"async\" width=\"900\" height=\"716\" src=\"https:\/\/laplatamagica.ar\/wp-content\/uploads\/2023\/10\/DSCN1760color.jpg\" alt=\"\" class=\"wp-image-12381\" srcset=\"https:\/\/laplatamagica.ar\/wp-content\/uploads\/2023\/10\/DSCN1760color.jpg 900w, https:\/\/laplatamagica.ar\/wp-content\/uploads\/2023\/10\/DSCN1760color-300x239.jpg 300w, https:\/\/laplatamagica.ar\/wp-content\/uploads\/2023\/10\/DSCN1760color-768x611.jpg 768w\" sizes=\"auto, (max-width: 709px) 85vw, (max-width: 909px) 67vw, (max-width: 1362px) 62vw, 840px\" \/><\/figure>\n\n\n\n<p class=\"has-text-align-center\">En un comienzo la Uni\u00f3n Operai Italiani alquilaba un local en calle 5 entre 47 y 48 hasta que pudieron habilitar la sede social final en 12 entre 56 y 57 con un significativo sal\u00f3n. Ese edificio, al presente demolido, fue construido por el arquitecto italiano Guillermo R. Ru\u00f3tolo. El fin de la sociedad era difundir la lengua y tradiciones italianas entre los asociados, al punto de establecer por estatuto el uso forzoso del italiano en las reuniones de la Comisi\u00f3n Directiva a partir de 1905, lo que se va diluyendo paulatinamente durante la d\u00e9cada del 30. Adem\u00e1s, sobrellev\u00f3 en pleno apogeo un nuevo rompimiento, la congregaci\u00f3n \u201cItalia Unita\u201d que se fund\u00f3 el 9 de abril de 1905, a causa de los formulismos requeridos a los m\u00e9dicos sociales, a la severidad de los gastos de la farmacia social y a los enormes poderes de la Comisi\u00f3n Di\u00adrectiva. Luis Salessi fue el presidente de la nueva entidad, que a los tres d\u00edas ya ten\u00eda m\u00e1s de 300 socios. Hace a\u00f1os, Italia Unita se uni\u00f3 con el \u201cNuevo C\u00edrculo Napolitano. En la imagen se ve la antigua sede de calle 12, con tres entradas el sal\u00f3n de fiestas luego la farmacia y la administraci\u00f3n de la organizaci\u00f3n y en la esquina la zapateria \u201cLa Moderna\u201d. Las construcciones mencionadas fueron demolidas.<\/p>\n\n\n<div class=\"wp-block-image\">\n<figure class=\"aligncenter\"><img loading=\"lazy\" decoding=\"async\" width=\"502\" height=\"722\" src=\"http:\/\/www.laplatamagica.com.ar\/wp-content\/uploads\/2021\/01\/italianosplaza.jpg\" alt=\"Maqueta del monumento a la confraternidad \u00cdtalo Argentina del a\u00f1o 1928.\" class=\"wp-image-9091\" srcset=\"https:\/\/laplatamagica.ar\/wp-content\/uploads\/2021\/01\/italianosplaza.jpg 502w, https:\/\/laplatamagica.ar\/wp-content\/uploads\/2021\/01\/italianosplaza-209x300.jpg 209w\" sizes=\"auto, (max-width: 502px) 85vw, 502px\" \/><\/figure>\n<\/div>\n\n\n<p class=\"has-text-align-center\"><strong>Maqueta del monumento a la confraternidad \u00cdtalo Argentina del a\u00f1o 1928, que se encuentra instalado en la Plaza Italia de calle 7 y 44, como se puede apreciar el instalado se encuentra incompleto.<\/strong><\/p>\n\n\n<div class=\"wp-block-image\">\n<figure class=\"aligncenter\"><img loading=\"lazy\" decoding=\"async\" width=\"1000\" height=\"737\" src=\"http:\/\/www.laplatamagica.com.ar\/wp-content\/uploads\/2020\/04\/Imagen-210.jpg\" alt=\"Personajes pol\u00edticos de una \u00e9poca de la ciudad de La Plata.\" class=\"wp-image-6748\" srcset=\"https:\/\/laplatamagica.ar\/wp-content\/uploads\/2020\/04\/Imagen-210.jpg 1000w, https:\/\/laplatamagica.ar\/wp-content\/uploads\/2020\/04\/Imagen-210-300x221.jpg 300w, https:\/\/laplatamagica.ar\/wp-content\/uploads\/2020\/04\/Imagen-210-768x566.jpg 768w\" sizes=\"auto, (max-width: 709px) 85vw, (max-width: 909px) 67vw, (max-width: 1362px) 62vw, 840px\" \/><\/figure>\n<\/div>\n\n\n<p class=\"has-text-align-center\"><strong>Personajes pol\u00edticos de una \u00e9poca, de izquierda a derecha: El Ministro de Obras P\u00fablicas, Dr. Edgardo J. M\u00edguez, Vicegobernador  y luego gobernador por un corto per\u00edodo Dr. Ra\u00fal D\u00edaz, Intendente de Avellaneda Alberto Barcel\u00f3, Intendente de Dolores Juan Vilgre Lamadrid, el Intendente de  La Plata Dr. Luis Mar\u00eda Berro y el gobernador de la Provincia de Buenos Aires Federico Mart\u00ednez de Hoz, los dos restantes no fueron reconocidos.<\/strong><\/p>\n\n\n<div class=\"wp-block-image\">\n<figure class=\"aligncenter\"><img loading=\"lazy\" decoding=\"async\" width=\"1000\" height=\"671\" src=\"http:\/\/www.laplatamagica.com.ar\/wp-content\/uploads\/2020\/05\/Vista-parcial.jpg\" alt=\"\" class=\"wp-image-6978\" srcset=\"https:\/\/laplatamagica.ar\/wp-content\/uploads\/2020\/05\/Vista-parcial.jpg 1000w, https:\/\/laplatamagica.ar\/wp-content\/uploads\/2020\/05\/Vista-parcial-300x201.jpg 300w, https:\/\/laplatamagica.ar\/wp-content\/uploads\/2020\/05\/Vista-parcial-768x515.jpg 768w\" sizes=\"auto, (max-width: 709px) 85vw, (max-width: 909px) 67vw, (max-width: 1362px) 62vw, 840px\" \/><\/figure>\n<\/div>\n\n\n<p class=\"has-text-align-center\"><strong>Sector de la plaza Moreno que comprende la calle 54 desde calle 14 a la diagonal 73. A\u00f1o 1928.<\/strong><\/p>\n\n\n<div class=\"wp-block-image\">\n<figure class=\"aligncenter\"><img loading=\"lazy\" decoding=\"async\" width=\"1000\" height=\"681\" src=\"http:\/\/www.laplatamagica.com.ar\/wp-content\/uploads\/2021\/01\/universidadx2.jpg\" alt=\"Frente posterior y lateral en el a\u00f1o 1924, de la Universidad Nacional de La Plata en calle 6.\" class=\"wp-image-9095\" srcset=\"https:\/\/laplatamagica.ar\/wp-content\/uploads\/2021\/01\/universidadx2.jpg 1000w, https:\/\/laplatamagica.ar\/wp-content\/uploads\/2021\/01\/universidadx2-300x204.jpg 300w, https:\/\/laplatamagica.ar\/wp-content\/uploads\/2021\/01\/universidadx2-768x523.jpg 768w\" sizes=\"auto, (max-width: 709px) 85vw, (max-width: 909px) 67vw, (max-width: 1362px) 62vw, 840px\" \/><\/figure>\n<\/div>\n\n\n<p class=\"has-text-align-center\"><strong>Frente posterior y lateral en el a\u00f1o 1924, de la Universidad Nacional de La Plata en calle 6 entre 47 y 48. Para comprender esta foto mejor observe la imagen de abajo.<\/strong><\/p>\n\n\n<div class=\"wp-block-image\">\n<figure class=\"aligncenter\"><img loading=\"lazy\" decoding=\"async\" width=\"1000\" height=\"719\" src=\"http:\/\/www.laplatamagica.com.ar\/wp-content\/uploads\/2020\/04\/Imagen-243.jpg\" alt=\"\" class=\"wp-image-6752\" srcset=\"https:\/\/laplatamagica.ar\/wp-content\/uploads\/2020\/04\/Imagen-243.jpg 1000w, https:\/\/laplatamagica.ar\/wp-content\/uploads\/2020\/04\/Imagen-243-300x216.jpg 300w, https:\/\/laplatamagica.ar\/wp-content\/uploads\/2020\/04\/Imagen-243-768x552.jpg 768w\" sizes=\"auto, (max-width: 709px) 85vw, (max-width: 909px) 67vw, (max-width: 1362px) 62vw, 840px\" \/><\/figure>\n<\/div>\n\n\n<p class=\"has-text-align-center\"><strong>Sector de la calle 6 entre 47 y 48 d\u00e9cada de 1930.<\/strong><\/p>\n\n\n<div class=\"wp-block-image\">\n<figure class=\"aligncenter\"><img loading=\"lazy\" decoding=\"async\" width=\"475\" height=\"639\" src=\"http:\/\/www.laplatamagica.com.ar\/wp-content\/uploads\/2020\/04\/joaqiun44.jpg\" alt=\"\" class=\"wp-image-6833\" srcset=\"https:\/\/laplatamagica.ar\/wp-content\/uploads\/2020\/04\/joaqiun44.jpg 475w, https:\/\/laplatamagica.ar\/wp-content\/uploads\/2020\/04\/joaqiun44-223x300.jpg 223w\" sizes=\"auto, (max-width: 475px) 85vw, 475px\" \/><\/figure>\n<\/div>\n\n\n<p class=\"has-text-align-center\"><strong>Estatua en el jard\u00edn de la presidencia de la Universidad Nacional de La Plata en calle 7 entre 46 y 47.<\/strong><\/p>\n\n\n<div class=\"wp-block-image\">\n<figure class=\"aligncenter\"><img loading=\"lazy\" decoding=\"async\" width=\"881\" height=\"1024\" src=\"http:\/\/www.laplatamagica.com.ar\/wp-content\/uploads\/2020\/05\/Imagen-289-881x1024.jpg\" alt=\"Compa\u00f1\u00eda de electricidad Ubicada en la calle 5 entre calle 48 y diagonal 80. A\u00f1o 1932.\ufeff\" class=\"wp-image-6948\" srcset=\"https:\/\/laplatamagica.ar\/wp-content\/uploads\/2020\/05\/Imagen-289-881x1024.jpg 881w, https:\/\/laplatamagica.ar\/wp-content\/uploads\/2020\/05\/Imagen-289-258x300.jpg 258w, https:\/\/laplatamagica.ar\/wp-content\/uploads\/2020\/05\/Imagen-289-768x893.jpg 768w, https:\/\/laplatamagica.ar\/wp-content\/uploads\/2020\/05\/Imagen-289.jpg 900w\" sizes=\"auto, (max-width: 709px) 85vw, (max-width: 909px) 67vw, (max-width: 1362px) 62vw, 840px\" \/><\/figure>\n<\/div>\n\n\n<p class=\"has-text-align-center\"><strong>Ubicada en la calle 5 entre calle 48 y diagonal 80. A\u00f1o 1932.<\/strong><\/p>\n\n\n<div class=\"wp-block-image\">\n<figure class=\"aligncenter\"><img loading=\"lazy\" decoding=\"async\" width=\"1000\" height=\"858\" src=\"http:\/\/www.laplatamagica.com.ar\/wp-content\/uploads\/2020\/05\/Imagen-529-1.jpg\" alt=\"\" class=\"wp-image-6952\" srcset=\"https:\/\/laplatamagica.ar\/wp-content\/uploads\/2020\/05\/Imagen-529-1.jpg 1000w, https:\/\/laplatamagica.ar\/wp-content\/uploads\/2020\/05\/Imagen-529-1-300x257.jpg 300w, https:\/\/laplatamagica.ar\/wp-content\/uploads\/2020\/05\/Imagen-529-1-768x659.jpg 768w\" sizes=\"auto, (max-width: 709px) 85vw, (max-width: 909px) 67vw, (max-width: 1362px) 62vw, 840px\" \/><\/figure>\n<\/div>\n\n\n<p class=\"has-text-align-center\"><strong>Estado de la construcci\u00f3n de la Capilla del Colegio Nuestra Se\u00f1ora de Luj\u00e1n por la empresa de Le\u00f3n Valli en la calle 3 entre 60 y 61 el 8 de abril de 1947.<\/strong><\/p>\n\n\n<div class=\"wp-block-image\">\n<figure class=\"aligncenter\"><img loading=\"lazy\" decoding=\"async\" width=\"1000\" height=\"600\" src=\"http:\/\/www.laplatamagica.com.ar\/wp-content\/uploads\/2020\/04\/Imagen-041.jpg\" alt=\"Ni\u00f1os saliendo de la escuela de calla 9 entre 47 y 48 a\u00f1o 1957.\ufeff\" class=\"wp-image-6848\" srcset=\"https:\/\/laplatamagica.ar\/wp-content\/uploads\/2020\/04\/Imagen-041.jpg 1000w, https:\/\/laplatamagica.ar\/wp-content\/uploads\/2020\/04\/Imagen-041-300x180.jpg 300w, https:\/\/laplatamagica.ar\/wp-content\/uploads\/2020\/04\/Imagen-041-768x461.jpg 768w\" sizes=\"auto, (max-width: 709px) 85vw, (max-width: 909px) 67vw, (max-width: 1362px) 62vw, 840px\" \/><\/figure>\n<\/div>\n\n\n<p class=\"has-text-align-center\"><strong>Ni\u00f1os saliendo de la escuela de calle 9 entre 47 y 48 a\u00f1o 1957.<\/strong><\/p>\n\n\n<div class=\"wp-block-image\">\n<figure class=\"aligncenter\"><img loading=\"lazy\" decoding=\"async\" width=\"1000\" height=\"424\" src=\"http:\/\/www.laplatamagica.com.ar\/wp-content\/uploads\/2020\/04\/Imagen-274.jpg\" alt=\"Choque en la calle 13 y 32 posiblemente fines de los a\u00f1os 50.\" class=\"wp-image-6850\" srcset=\"https:\/\/laplatamagica.ar\/wp-content\/uploads\/2020\/04\/Imagen-274.jpg 1000w, https:\/\/laplatamagica.ar\/wp-content\/uploads\/2020\/04\/Imagen-274-300x127.jpg 300w, https:\/\/laplatamagica.ar\/wp-content\/uploads\/2020\/04\/Imagen-274-768x326.jpg 768w\" sizes=\"auto, (max-width: 709px) 85vw, (max-width: 909px) 67vw, (max-width: 1362px) 62vw, 840px\" \/><\/figure>\n<\/div>\n\n\n<p class=\"has-text-align-center\"><strong>Choque en la calle 13 y 32 posiblemente fines de los a\u00f1os 50.<\/strong><\/p>\n\n\n<div class=\"wp-block-image\">\n<figure class=\"aligncenter\"><img loading=\"lazy\" decoding=\"async\" width=\"1000\" height=\"625\" src=\"http:\/\/www.laplatamagica.com.ar\/wp-content\/uploads\/2020\/04\/parqeusaavedra.jpg\" alt=\"Sector del Parque Saavedra en una foto del pasado.\ufeff\" class=\"wp-image-6861\" srcset=\"https:\/\/laplatamagica.ar\/wp-content\/uploads\/2020\/04\/parqeusaavedra.jpg 1000w, https:\/\/laplatamagica.ar\/wp-content\/uploads\/2020\/04\/parqeusaavedra-300x188.jpg 300w, https:\/\/laplatamagica.ar\/wp-content\/uploads\/2020\/04\/parqeusaavedra-768x480.jpg 768w\" sizes=\"auto, (max-width: 709px) 85vw, (max-width: 909px) 67vw, (max-width: 1362px) 62vw, 840px\" \/><\/figure>\n<\/div>\n\n\n<p class=\"has-text-align-center\"><strong>Sector del Parque Saavedra en una foto del pasado.<\/strong><\/p>\n\n\n<div class=\"wp-block-image\">\n<figure class=\"aligncenter\"><img loading=\"lazy\" decoding=\"async\" width=\"1000\" height=\"1008\" src=\"http:\/\/www.laplatamagica.com.ar\/wp-content\/uploads\/2021\/10\/chaletsaavedra.jpg\" alt=\"\" class=\"wp-image-10351\" srcset=\"https:\/\/laplatamagica.ar\/wp-content\/uploads\/2021\/10\/chaletsaavedra.jpg 1000w, https:\/\/laplatamagica.ar\/wp-content\/uploads\/2021\/10\/chaletsaavedra-150x150.jpg 150w, https:\/\/laplatamagica.ar\/wp-content\/uploads\/2021\/10\/chaletsaavedra-298x300.jpg 298w, https:\/\/laplatamagica.ar\/wp-content\/uploads\/2021\/10\/chaletsaavedra-768x774.jpg 768w\" sizes=\"auto, (max-width: 709px) 85vw, (max-width: 909px) 67vw, (max-width: 1362px) 62vw, 840px\" \/><\/figure>\n<\/div>\n\n\n<p class=\"has-text-align-center\">Casilla fundacional que existi\u00f3 hasta la d\u00e9cada del 90 en el sector cerrado del parque Saavedra, lamentablemente incendiada. Foto cortes\u00eda de la Sra. Blanca Molinelli. <\/p>\n\n\n\n<figure class=\"wp-block-image size-full\"><img loading=\"lazy\" decoding=\"async\" width=\"1000\" height=\"710\" src=\"https:\/\/laplatamagica.ar\/wp-content\/uploads\/2023\/10\/aaaaaaabbbbbb-1.jpg\" alt=\"\" class=\"wp-image-12322\" srcset=\"https:\/\/laplatamagica.ar\/wp-content\/uploads\/2023\/10\/aaaaaaabbbbbb-1.jpg 1000w, https:\/\/laplatamagica.ar\/wp-content\/uploads\/2023\/10\/aaaaaaabbbbbb-1-300x213.jpg 300w, https:\/\/laplatamagica.ar\/wp-content\/uploads\/2023\/10\/aaaaaaabbbbbb-1-768x545.jpg 768w\" sizes=\"auto, (max-width: 709px) 85vw, (max-width: 909px) 67vw, (max-width: 1362px) 62vw, 840px\" \/><\/figure>\n\n\n\n<p class=\"has-text-align-center\">Bar Rivadavia en la esquina de 7 y 50, posteriormente se ubico en ese lugar la tienda <em>Gath y Chaves<\/em>.<\/p>\n\n\n\n<figure class=\"wp-block-image size-full is-style-default\"><img loading=\"lazy\" decoding=\"async\" width=\"1000\" height=\"642\" src=\"https:\/\/laplatamagica.ar\/wp-content\/uploads\/2023\/10\/confiteria-Victoria01.jpg\" alt=\"Confiter\u00eda Victoria en la esquina de calle 7 y 49 \" class=\"wp-image-12389\" srcset=\"https:\/\/laplatamagica.ar\/wp-content\/uploads\/2023\/10\/confiteria-Victoria01.jpg 1000w, https:\/\/laplatamagica.ar\/wp-content\/uploads\/2023\/10\/confiteria-Victoria01-300x193.jpg 300w, https:\/\/laplatamagica.ar\/wp-content\/uploads\/2023\/10\/confiteria-Victoria01-768x493.jpg 768w\" sizes=\"auto, (max-width: 709px) 85vw, (max-width: 909px) 67vw, (max-width: 1362px) 62vw, 840px\" \/><\/figure>\n\n\n\n<p class=\"has-text-align-center\">Confiter\u00eda Victoria en la esquina de calle 7 y 49 <\/p>\n\n\n\n<hr class=\"wp-block-separator has-css-opacity is-style-wide\"\/>\n\n\n\n<h5 class=\"wp-block-heading has-text-align-center\" id=\"mce_0\"> Galer\u00eda de fotos antiguas 9 <br> <br>Galer\u00eda de Fotos&gt;&nbsp;<a href=\"http:\/\/www.laplatamagica.com.ar\/?page_id=922\">1&nbsp;&nbsp;<\/a><a href=\"http:\/\/www.laplatamagica.com.ar\/?page_id=1010\">2&nbsp;&nbsp;<\/a><a href=\"http:\/\/www.laplatamagica.com.ar\/?page_id=1121\">3&nbsp;<\/a><a href=\"http:\/\/www.laplatamagica.com.ar\/?page_id=1245\">4&nbsp;<\/a><a href=\"http:\/\/www.laplatamagica.com.ar\/?page_id=1404\">5&nbsp;<\/a><a href=\"http:\/\/www.laplatamagica.com.ar\/?page_id=1508\">6&nbsp;<\/a><a href=\"http:\/\/www.laplatamagica.com.ar\/?page_id=5305\">7&nbsp;<\/a><a href=\"http:\/\/www.laplatamagica.com.ar\/?page_id=6133\">8 <\/a><a href=\"http:\/\/www.laplatamagica.com.ar\/?page_id=6706\">9 <\/a><a href=\"http:\/\/www.laplatamagica.com.ar\/?page_id=6987\">10 <\/a><a href=\"http:\/\/www.laplatamagica.com.ar\/?page_id=7599\">11 <\/a><a href=\"http:\/\/www.laplatamagica.com.ar\/?page_id=8208\">12 <\/a><a href=\"http:\/\/www.laplatamagica.com.ar\/?page_id=8725\">13 <\/a><a href=\"http:\/\/www.laplatamagica.com.ar\/?page_id=9158\">14<\/a> <\/h5>\n\n\n\n<p><\/p>\n\n\n\n<p>Imagen<\/p>\n","protected":false},"excerpt":{"rendered":"<p>Galer\u00eda de Fotos&gt;&nbsp;1&nbsp;&nbsp;2&nbsp;&nbsp;3&nbsp;4&nbsp;5&nbsp;6&nbsp;7&nbsp;8 9 10 11 12 13 14 Construcci\u00f3n del Hospital Italiano en pleno campo.El 8 de diciembre de 1889 se coloc\u00f3 la piedra fundamental del Hospital que desde entonces se encuentra en la manzana comprendida por las calles 50, 51, 29 y 30. El frente del Hospital Italiano tras su inauguraci\u00f3n en 1903. &hellip; <a href=\"https:\/\/laplatamagica.ar\/?page_id=6706\" class=\"more-link\">Continuar leyendo<span class=\"screen-reader-text\"> &#8220;Fotos Antiguas 9&#8221;<\/span><\/a><\/p>\n","protected":false},"author":1,"featured_media":0,"parent":0,"menu_order":0,"comment_status":"closed","ping_status":"closed","template":"","meta":{"switch_pages_title":"","h5ap_radio_sources":[],"footnotes":""},"class_list":["post-6706","page","type-page","status-publish","hentry"],"_links":{"self":[{"href":"https:\/\/laplatamagica.ar\/index.php?rest_route=\/wp\/v2\/pages\/6706","targetHints":{"allow":["GET"]}}],"collection":[{"href":"https:\/\/laplatamagica.ar\/index.php?rest_route=\/wp\/v2\/pages"}],"about":[{"href":"https:\/\/laplatamagica.ar\/index.php?rest_route=\/wp\/v2\/types\/page"}],"author":[{"embeddable":true,"href":"https:\/\/laplatamagica.ar\/index.php?rest_route=\/wp\/v2\/users\/1"}],"replies":[{"embeddable":true,"href":"https:\/\/laplatamagica.ar\/index.php?rest_route=%2Fwp%2Fv2%2Fcomments&post=6706"}],"version-history":[{"count":5,"href":"https:\/\/laplatamagica.ar\/index.php?rest_route=\/wp\/v2\/pages\/6706\/revisions"}],"predecessor-version":[{"id":12394,"href":"https:\/\/laplatamagica.ar\/index.php?rest_route=\/wp\/v2\/pages\/6706\/revisions\/12394"}],"wp:attachment":[{"href":"https:\/\/laplatamagica.ar\/index.php?rest_route=%2Fwp%2Fv2%2Fmedia&parent=6706"}],"curies":[{"name":"wp","href":"https:\/\/api.w.org\/{rel}","templated":true}]}}