{"id":744,"date":"2019-08-20T06:18:38","date_gmt":"2019-08-20T09:18:38","guid":{"rendered":"http:\/\/www.laplatamagica.com.ar\/?page_id=744"},"modified":"2024-09-26T17:44:06","modified_gmt":"2024-09-26T20:44:06","slug":"propagandas-de-antano","status":"publish","type":"page","link":"https:\/\/laplatamagica.ar\/?page_id=744","title":{"rendered":"Propagandas de Anta\u00f1o"},"content":{"rendered":"\n<meta name=\"google-site-verification\" content=\"M7MLd8EiK6vH3vKiaxJhArPjny-NOmeNFIymND3QUrI\" \/>\n\n\n\n<p class=\"has-text-align-center has-medium-font-size\"><strong>Propagandas de Anta\u00f1o &gt;&gt;&nbsp;<a href=\"http:\/\/www.laplatamagica.com.ar\/?page_id=744\">1<\/a>&#8211;<a href=\"http:\/\/www.laplatamagica.com.ar\/?page_id=775\">2<\/a><\/strong><br><\/p>\n\n\n\n<p class=\"has-text-align-center has-medium-font-size\"><strong>Desde el comienzo de los tiempos el comercio ha sido una forma de comunicaci\u00f3n y trato de las personas y los pueblos. Una herramienta se ha utilizado desde siempre, la publicidad. <\/strong><\/p>\n\n\n\n<p class=\"has-text-align-center has-medium-font-size\"><strong>La forma de hacer p\u00fablico un lugar, un producto o servicio ha cambiado mucho en estos \u00faltimos a\u00f1os por eso es importante recrear aquellas publicidades platenses de anta\u00f1o.<\/strong><\/p>\n\n\n\n<p class=\"has-text-align-center has-medium-font-size\">Distintos diarios ha tenido la ciudad desde su fundaci\u00f3n a\nla actualidad, algunos han desaparecido, y otros han tenido una corta existencia.<\/p>\n\n\n<div class=\"wp-block-image\">\n<figure class=\"aligncenter is-resized\"><img loading=\"lazy\" decoding=\"async\" width=\"770\" height=\"789\" src=\"http:\/\/www.laplatamagica.com.ar\/wp-content\/uploads\/2019\/08\/grupo-propagandas.jpg\" alt=\"\" class=\"wp-image-759\" style=\"width:620px;height:635px\" srcset=\"https:\/\/laplatamagica.ar\/wp-content\/uploads\/2019\/08\/grupo-propagandas.jpg 770w, https:\/\/laplatamagica.ar\/wp-content\/uploads\/2019\/08\/grupo-propagandas-293x300.jpg 293w, https:\/\/laplatamagica.ar\/wp-content\/uploads\/2019\/08\/grupo-propagandas-768x787.jpg 768w\" sizes=\"auto, (max-width: 770px) 85vw, 770px\" \/><\/figure>\n<\/div>\n\n<div class=\"wp-block-image\">\n<figure class=\"aligncenter\"><img loading=\"lazy\" decoding=\"async\" width=\"770\" height=\"789\" src=\"http:\/\/www.laplatamagica.com.ar\/wp-content\/uploads\/2019\/08\/grupo-propagandas2.jpg\" alt=\"\" class=\"wp-image-761\" srcset=\"https:\/\/laplatamagica.ar\/wp-content\/uploads\/2019\/08\/grupo-propagandas2.jpg 770w, https:\/\/laplatamagica.ar\/wp-content\/uploads\/2019\/08\/grupo-propagandas2-293x300.jpg 293w, https:\/\/laplatamagica.ar\/wp-content\/uploads\/2019\/08\/grupo-propagandas2-768x787.jpg 768w\" sizes=\"auto, (max-width: 770px) 85vw, 770px\" \/><\/figure>\n<\/div>\n\n<div class=\"wp-block-image\">\n<figure class=\"aligncenter is-resized\"><img loading=\"lazy\" decoding=\"async\" width=\"770\" height=\"789\" src=\"http:\/\/www.laplatamagica.com.ar\/wp-content\/uploads\/2019\/08\/grupo-propagandas4.jpg\" alt=\"\" class=\"wp-image-766\" style=\"width:614px;height:628px\" srcset=\"https:\/\/laplatamagica.ar\/wp-content\/uploads\/2019\/08\/grupo-propagandas4.jpg 770w, https:\/\/laplatamagica.ar\/wp-content\/uploads\/2019\/08\/grupo-propagandas4-293x300.jpg 293w, https:\/\/laplatamagica.ar\/wp-content\/uploads\/2019\/08\/grupo-propagandas4-768x787.jpg 768w\" sizes=\"auto, (max-width: 770px) 85vw, 770px\" \/><\/figure>\n<\/div>\n\n\n<figure class=\"wp-block-image\"><img loading=\"lazy\" decoding=\"async\" width=\"800\" height=\"789\" src=\"http:\/\/www.laplatamagica.com.ar\/wp-content\/uploads\/2019\/08\/grupo-propagandas5.jpg\" alt=\"\" class=\"wp-image-769\" srcset=\"https:\/\/laplatamagica.ar\/wp-content\/uploads\/2019\/08\/grupo-propagandas5.jpg 800w, https:\/\/laplatamagica.ar\/wp-content\/uploads\/2019\/08\/grupo-propagandas5-300x296.jpg 300w, https:\/\/laplatamagica.ar\/wp-content\/uploads\/2019\/08\/grupo-propagandas5-768x757.jpg 768w\" sizes=\"auto, (max-width: 800px) 85vw, 800px\" \/><\/figure>\n\n\n<div class=\"wp-block-image\">\n<figure class=\"aligncenter\"><img loading=\"lazy\" decoding=\"async\" width=\"671\" height=\"1000\" src=\"http:\/\/www.laplatamagica.com.ar\/wp-content\/uploads\/2020\/05\/SAM_1621.jpg\" alt=\"Diario El Argentino A\u00f1o 1919.\" class=\"wp-image-6964\" srcset=\"https:\/\/laplatamagica.ar\/wp-content\/uploads\/2020\/05\/SAM_1621.jpg 671w, https:\/\/laplatamagica.ar\/wp-content\/uploads\/2020\/05\/SAM_1621-201x300.jpg 201w\" sizes=\"auto, (max-width: 671px) 85vw, 671px\" \/><figcaption class=\"wp-element-caption\"><strong>Diario El Argentino a\u00f1o 1919.<\/strong><\/figcaption><\/figure>\n<\/div>\n\n<div class=\"wp-block-image\">\n<figure class=\"aligncenter\"><img loading=\"lazy\" decoding=\"async\" width=\"902\" height=\"560\" src=\"http:\/\/www.laplatamagica.com.ar\/wp-content\/uploads\/2020\/05\/dentadura.jpg\" alt=\"Diario La Ma\u00f1ana A\u00f1o 1896\" class=\"wp-image-6968\" srcset=\"https:\/\/laplatamagica.ar\/wp-content\/uploads\/2020\/05\/dentadura.jpg 902w, https:\/\/laplatamagica.ar\/wp-content\/uploads\/2020\/05\/dentadura-300x186.jpg 300w, https:\/\/laplatamagica.ar\/wp-content\/uploads\/2020\/05\/dentadura-768x477.jpg 768w\" sizes=\"auto, (max-width: 709px) 85vw, (max-width: 909px) 67vw, (max-width: 1362px) 62vw, 840px\" \/><figcaption class=\"wp-element-caption\"><strong>Diario La Ma\u00f1ana A\u00f1o 1896<\/strong><\/figcaption><\/figure>\n<\/div>\n\n<div class=\"wp-block-image\">\n<figure class=\"aligncenter\"><img loading=\"lazy\" decoding=\"async\" width=\"539\" height=\"1000\" src=\"http:\/\/www.laplatamagica.com.ar\/wp-content\/uploads\/2020\/05\/SAM_1665.jpg\" alt=\"Diario El Argentino 1920\" class=\"wp-image-6966\" srcset=\"https:\/\/laplatamagica.ar\/wp-content\/uploads\/2020\/05\/SAM_1665.jpg 539w, https:\/\/laplatamagica.ar\/wp-content\/uploads\/2020\/05\/SAM_1665-162x300.jpg 162w\" sizes=\"auto, (max-width: 539px) 85vw, 539px\" \/><figcaption class=\"wp-element-caption\"><strong>Diario El Argentino 1920<\/strong><\/figcaption><\/figure>\n<\/div>\n\n<div class=\"wp-block-image\">\n<figure class=\"aligncenter\"><img loading=\"lazy\" decoding=\"async\" width=\"800\" height=\"722\" src=\"http:\/\/www.laplatamagica.com.ar\/wp-content\/uploads\/2020\/05\/bazarx.jpg\" alt=\"&quot;Diario El D\u00eda&quot; a\u00f1o 1941.\ufeff\nBazar X\" class=\"wp-image-6971\" srcset=\"https:\/\/laplatamagica.ar\/wp-content\/uploads\/2020\/05\/bazarx.jpg 800w, https:\/\/laplatamagica.ar\/wp-content\/uploads\/2020\/05\/bazarx-300x271.jpg 300w, https:\/\/laplatamagica.ar\/wp-content\/uploads\/2020\/05\/bazarx-768x693.jpg 768w\" sizes=\"auto, (max-width: 800px) 85vw, 800px\" \/><figcaption class=\"wp-element-caption\"><strong>&#8220;Diario El D\u00eda&#8221; a\u00f1o 1941.<\/strong><\/figcaption><\/figure>\n<\/div>\n\n<div class=\"wp-block-image\">\n<figure class=\"aligncenter\"><img loading=\"lazy\" decoding=\"async\" width=\"853\" height=\"1024\" src=\"http:\/\/www.laplatamagica.com.ar\/wp-content\/uploads\/2020\/05\/colmado-853x1024.jpg\" alt=\"\" class=\"wp-image-6973\" srcset=\"https:\/\/laplatamagica.ar\/wp-content\/uploads\/2020\/05\/colmado-853x1024.jpg 853w, https:\/\/laplatamagica.ar\/wp-content\/uploads\/2020\/05\/colmado-250x300.jpg 250w, https:\/\/laplatamagica.ar\/wp-content\/uploads\/2020\/05\/colmado-768x922.jpg 768w, https:\/\/laplatamagica.ar\/wp-content\/uploads\/2020\/05\/colmado.jpg 1000w\" sizes=\"auto, (max-width: 709px) 85vw, (max-width: 909px) 67vw, (max-width: 1362px) 62vw, 840px\" \/><\/figure>\n<\/div>\n\n\n<p class=\"has-text-align-center has-medium-font-size\"><strong>Propagandas de Anta\u00f1o &gt;&gt;&nbsp;<a href=\"http:\/\/www.laplatamagica.com.ar\/?page_id=744\">1<\/a>&#8211;<a href=\"http:\/\/www.laplatamagica.com.ar\/?page_id=775\">2<\/a><\/strong><br><\/p>\n","protected":false},"excerpt":{"rendered":"<p>Propagandas de Anta\u00f1o &gt;&gt;&nbsp;1&#8211;2 Desde el comienzo de los tiempos el comercio ha sido una forma de comunicaci\u00f3n y trato de las personas y los pueblos. Una herramienta se ha utilizado desde siempre, la publicidad. La forma de hacer p\u00fablico un lugar, un producto o servicio ha cambiado mucho en estos \u00faltimos a\u00f1os por eso &hellip; <a href=\"https:\/\/laplatamagica.ar\/?page_id=744\" class=\"more-link\">Continuar leyendo<span class=\"screen-reader-text\"> &#8220;Propagandas de Anta\u00f1o&#8221;<\/span><\/a><\/p>\n","protected":false},"author":1,"featured_media":0,"parent":0,"menu_order":0,"comment_status":"closed","ping_status":"closed","template":"","meta":{"switch_pages_title":"","h5ap_radio_sources":[],"footnotes":""},"class_list":["post-744","page","type-page","status-publish","hentry"],"_links":{"self":[{"href":"https:\/\/laplatamagica.ar\/index.php?rest_route=\/wp\/v2\/pages\/744","targetHints":{"allow":["GET"]}}],"collection":[{"href":"https:\/\/laplatamagica.ar\/index.php?rest_route=\/wp\/v2\/pages"}],"about":[{"href":"https:\/\/laplatamagica.ar\/index.php?rest_route=\/wp\/v2\/types\/page"}],"author":[{"embeddable":true,"href":"https:\/\/laplatamagica.ar\/index.php?rest_route=\/wp\/v2\/users\/1"}],"replies":[{"embeddable":true,"href":"https:\/\/laplatamagica.ar\/index.php?rest_route=%2Fwp%2Fv2%2Fcomments&post=744"}],"version-history":[{"count":1,"href":"https:\/\/laplatamagica.ar\/index.php?rest_route=\/wp\/v2\/pages\/744\/revisions"}],"predecessor-version":[{"id":12807,"href":"https:\/\/laplatamagica.ar\/index.php?rest_route=\/wp\/v2\/pages\/744\/revisions\/12807"}],"wp:attachment":[{"href":"https:\/\/laplatamagica.ar\/index.php?rest_route=%2Fwp%2Fv2%2Fmedia&parent=744"}],"curies":[{"name":"wp","href":"https:\/\/api.w.org\/{rel}","templated":true}]}}