{"id":775,"date":"2019-08-20T15:44:54","date_gmt":"2019-08-20T18:44:54","guid":{"rendered":"http:\/\/www.laplatamagica.com.ar\/?page_id=775"},"modified":"2021-11-07T17:24:37","modified_gmt":"2021-11-07T20:24:37","slug":"propagandas-de-antano-2","status":"publish","type":"page","link":"https:\/\/laplatamagica.ar\/?page_id=775","title":{"rendered":"Propagandas de Anta\u00f1o 2"},"content":{"rendered":"\n<p style=\"text-align:center\" class=\"has-medium-font-size\"><strong>Propagandas de Anta\u00f1o &gt;&gt;&nbsp;<a href=\"http:\/\/www.laplatamagica.com.ar\/?page_id=744\">1<\/a>&#8211;<a href=\"http:\/\/www.laplatamagica.com.ar\/?page_id=775\">2<\/a><\/strong><\/p>\n\n\n\n<div class=\"wp-block-image\"><figure class=\"aligncenter\"><img loading=\"lazy\" decoding=\"async\" width=\"1000\" height=\"754\" src=\"http:\/\/www.laplatamagica.com.ar\/wp-content\/uploads\/2020\/01\/porpaganda731.jpg\" alt=\"\" class=\"wp-image-5786\" srcset=\"https:\/\/laplatamagica.ar\/wp-content\/uploads\/2020\/01\/porpaganda731.jpg 1000w, https:\/\/laplatamagica.ar\/wp-content\/uploads\/2020\/01\/porpaganda731-300x226.jpg 300w, https:\/\/laplatamagica.ar\/wp-content\/uploads\/2020\/01\/porpaganda731-768x579.jpg 768w\" sizes=\"auto, (max-width: 709px) 85vw, (max-width: 909px) 67vw, (max-width: 1362px) 62vw, 840px\" \/><figcaption><strong>A\u00f1o 1919.<\/strong><br><br><\/figcaption><\/figure><\/div>\n\n\n\n<div class=\"wp-block-image\"><figure class=\"aligncenter\"><img loading=\"lazy\" decoding=\"async\" width=\"800\" height=\"938\" src=\"http:\/\/www.laplatamagica.com.ar\/wp-content\/uploads\/2020\/05\/elargentino1906.jpg\" alt=\"Banco Popular La Plata A\u00f1o 1906.\" class=\"wp-image-6936\" srcset=\"https:\/\/laplatamagica.ar\/wp-content\/uploads\/2020\/05\/elargentino1906.jpg 800w, https:\/\/laplatamagica.ar\/wp-content\/uploads\/2020\/05\/elargentino1906-256x300.jpg 256w, https:\/\/laplatamagica.ar\/wp-content\/uploads\/2020\/05\/elargentino1906-768x900.jpg 768w\" sizes=\"auto, (max-width: 800px) 85vw, 800px\" \/><figcaption><strong>Diario El Argentino 1906.<\/strong><\/figcaption><\/figure><\/div>\n\n\n\n<div class=\"wp-block-image\"><figure class=\"aligncenter\"><img loading=\"lazy\" decoding=\"async\" width=\"703\" height=\"1000\" src=\"http:\/\/www.laplatamagica.com.ar\/wp-content\/uploads\/2021\/11\/La-platense.jpg\" alt=\"Confiter\u00eda La Platense a\u00f1o 1962\" class=\"wp-image-10380\" srcset=\"https:\/\/laplatamagica.ar\/wp-content\/uploads\/2021\/11\/La-platense.jpg 703w, https:\/\/laplatamagica.ar\/wp-content\/uploads\/2021\/11\/La-platense-211x300.jpg 211w\" sizes=\"auto, (max-width: 703px) 85vw, 703px\" \/><figcaption><strong>Confiter\u00eda La Platense a\u00f1o 1962<\/strong><\/figcaption><\/figure><\/div>\n\n\n\n<div class=\"wp-block-image\"><figure class=\"aligncenter\"><img loading=\"lazy\" decoding=\"async\" width=\"1000\" height=\"638\" src=\"http:\/\/www.laplatamagica.com.ar\/wp-content\/uploads\/2021\/11\/decarlo.jpg\" alt=\"\" class=\"wp-image-10382\" srcset=\"https:\/\/laplatamagica.ar\/wp-content\/uploads\/2021\/11\/decarlo.jpg 1000w, https:\/\/laplatamagica.ar\/wp-content\/uploads\/2021\/11\/decarlo-300x191.jpg 300w, https:\/\/laplatamagica.ar\/wp-content\/uploads\/2021\/11\/decarlo-768x490.jpg 768w\" sizes=\"auto, (max-width: 709px) 85vw, (max-width: 909px) 67vw, (max-width: 1362px) 62vw, 840px\" \/><figcaption><strong>A\u00f1o 1963 De Carlo 700<\/strong><\/figcaption><\/figure><\/div>\n\n\n\n<figure class=\"wp-block-image\"><img loading=\"lazy\" decoding=\"async\" width=\"800\" height=\"1000\" src=\"http:\/\/www.laplatamagica.com.ar\/wp-content\/uploads\/2019\/08\/grupo-propagandas6.jpg\" alt=\"\" class=\"wp-image-783\" srcset=\"https:\/\/laplatamagica.ar\/wp-content\/uploads\/2019\/08\/grupo-propagandas6.jpg 800w, https:\/\/laplatamagica.ar\/wp-content\/uploads\/2019\/08\/grupo-propagandas6-240x300.jpg 240w, https:\/\/laplatamagica.ar\/wp-content\/uploads\/2019\/08\/grupo-propagandas6-768x960.jpg 768w\" sizes=\"auto, (max-width: 800px) 85vw, 800px\" \/><\/figure>\n\n\n\n<div class=\"wp-block-image\"><figure class=\"aligncenter is-resized\"><img loading=\"lazy\" decoding=\"async\" src=\"http:\/\/www.laplatamagica.com.ar\/wp-content\/uploads\/2019\/08\/grupo-propagandas7-512x1024.jpg\" alt=\"\" class=\"wp-image-786\" width=\"588\" height=\"1176\" srcset=\"https:\/\/laplatamagica.ar\/wp-content\/uploads\/2019\/08\/grupo-propagandas7-512x1024.jpg 512w, https:\/\/laplatamagica.ar\/wp-content\/uploads\/2019\/08\/grupo-propagandas7-150x300.jpg 150w, https:\/\/laplatamagica.ar\/wp-content\/uploads\/2019\/08\/grupo-propagandas7-768x1536.jpg 768w, https:\/\/laplatamagica.ar\/wp-content\/uploads\/2019\/08\/grupo-propagandas7.jpg 800w\" sizes=\"auto, (max-width: 588px) 85vw, 588px\" \/><\/figure><\/div>\n\n\n\n<div class=\"wp-block-image\"><figure class=\"aligncenter\"><img loading=\"lazy\" decoding=\"async\" width=\"1000\" height=\"789\" src=\"http:\/\/www.laplatamagica.com.ar\/wp-content\/uploads\/2020\/06\/constructores.jpg\" alt=\"\" class=\"wp-image-7071\" srcset=\"https:\/\/laplatamagica.ar\/wp-content\/uploads\/2020\/06\/constructores.jpg 1000w, https:\/\/laplatamagica.ar\/wp-content\/uploads\/2020\/06\/constructores-300x237.jpg 300w, https:\/\/laplatamagica.ar\/wp-content\/uploads\/2020\/06\/constructores-768x606.jpg 768w\" sizes=\"auto, (max-width: 709px) 85vw, (max-width: 909px) 67vw, (max-width: 1362px) 62vw, 840px\" \/><figcaption><strong>A\u00f1o 1930.<\/strong><\/figcaption><\/figure><\/div>\n\n\n\n<div class=\"wp-block-image\"><figure class=\"aligncenter\"><img loading=\"lazy\" decoding=\"async\" width=\"709\" height=\"535\" src=\"http:\/\/www.laplatamagica.com.ar\/wp-content\/uploads\/2021\/05\/laveneciana01.jpg\" alt=\"\" class=\"wp-image-9818\" srcset=\"https:\/\/laplatamagica.ar\/wp-content\/uploads\/2021\/05\/laveneciana01.jpg 709w, https:\/\/laplatamagica.ar\/wp-content\/uploads\/2021\/05\/laveneciana01-300x226.jpg 300w\" sizes=\"auto, (max-width: 709px) 85vw, 709px\" \/><\/figure><\/div>\n\n\n\n<div class=\"wp-block-image\"><figure class=\"aligncenter\"><img loading=\"lazy\" decoding=\"async\" width=\"800\" height=\"655\" src=\"http:\/\/www.laplatamagica.com.ar\/wp-content\/uploads\/2020\/05\/La-ma\u00f1ana1894.jpg\" alt=\"Diario La Ma\u00f1ana 1894 \ufeffLa Plata.\" class=\"wp-image-6941\" srcset=\"https:\/\/laplatamagica.ar\/wp-content\/uploads\/2020\/05\/La-ma\u00f1ana1894.jpg 800w, https:\/\/laplatamagica.ar\/wp-content\/uploads\/2020\/05\/La-ma\u00f1ana1894-300x246.jpg 300w, https:\/\/laplatamagica.ar\/wp-content\/uploads\/2020\/05\/La-ma\u00f1ana1894-768x629.jpg 768w\" sizes=\"auto, (max-width: 800px) 85vw, 800px\" \/><figcaption><strong>Diario La Ma\u00f1ana 1894 <\/strong><\/figcaption><\/figure><\/div>\n\n\n\n<div class=\"wp-block-image\"><figure class=\"aligncenter is-resized\"><img loading=\"lazy\" decoding=\"async\" src=\"http:\/\/www.laplatamagica.com.ar\/wp-content\/uploads\/2019\/08\/grupo-propagandas8-683x1024.jpg\" alt=\"\" class=\"wp-image-788\" width=\"609\" height=\"913\" srcset=\"https:\/\/laplatamagica.ar\/wp-content\/uploads\/2019\/08\/grupo-propagandas8-683x1024.jpg 683w, https:\/\/laplatamagica.ar\/wp-content\/uploads\/2019\/08\/grupo-propagandas8-200x300.jpg 200w, https:\/\/laplatamagica.ar\/wp-content\/uploads\/2019\/08\/grupo-propagandas8-768x1152.jpg 768w, https:\/\/laplatamagica.ar\/wp-content\/uploads\/2019\/08\/grupo-propagandas8.jpg 800w\" sizes=\"auto, (max-width: 609px) 85vw, 609px\" \/><\/figure><\/div>\n\n\n\n<div class=\"wp-block-image\"><figure class=\"aligncenter\"><img loading=\"lazy\" decoding=\"async\" width=\"800\" height=\"616\" src=\"http:\/\/www.laplatamagica.com.ar\/wp-content\/uploads\/2020\/05\/La-ma\u00f1ana1895.jpg\" alt=\"Corsos de Carnaval en La Plata diario La Ma\u00f1ana 1895.\" class=\"wp-image-6943\" srcset=\"https:\/\/laplatamagica.ar\/wp-content\/uploads\/2020\/05\/La-ma\u00f1ana1895.jpg 800w, https:\/\/laplatamagica.ar\/wp-content\/uploads\/2020\/05\/La-ma\u00f1ana1895-300x231.jpg 300w, https:\/\/laplatamagica.ar\/wp-content\/uploads\/2020\/05\/La-ma\u00f1ana1895-768x591.jpg 768w\" sizes=\"auto, (max-width: 800px) 85vw, 800px\" \/><figcaption><strong>Diario La Ma\u00f1ana 1895<\/strong><\/figcaption><\/figure><\/div>\n\n\n\n<div class=\"wp-block-image\"><figure class=\"aligncenter\"><img loading=\"lazy\" decoding=\"async\" width=\"800\" height=\"744\" src=\"http:\/\/www.laplatamagica.com.ar\/wp-content\/uploads\/2020\/05\/elargentino1906-02.jpg\" alt=\"Molino La JUlia de Rivera Hnos. y Ca. en Tolosa La Plata Buenos Aires.\" class=\"wp-image-6938\" srcset=\"https:\/\/laplatamagica.ar\/wp-content\/uploads\/2020\/05\/elargentino1906-02.jpg 800w, https:\/\/laplatamagica.ar\/wp-content\/uploads\/2020\/05\/elargentino1906-02-300x279.jpg 300w, https:\/\/laplatamagica.ar\/wp-content\/uploads\/2020\/05\/elargentino1906-02-768x714.jpg 768w\" sizes=\"auto, (max-width: 800px) 85vw, 800px\" \/><figcaption><strong>Fabrica de galletitas en Tolosa a\u00f1o 1906<\/strong><\/figcaption><\/figure><\/div>\n\n\n\n<hr class=\"wp-block-separator is-style-wide\"\/>\n\n\n\n<p style=\"text-align:center\">Propagandas de Anta\u00f1o 2<\/p>\n\n\n\n<p style=\"text-align:center\" class=\"has-medium-font-size\"><strong>Propagandas de Anta\u00f1o &gt;&gt;&nbsp;<a href=\"http:\/\/www.laplatamagica.com.ar\/?page_id=744\">1<\/a>&#8211;<a href=\"http:\/\/www.laplatamagica.com.ar\/?page_id=775\">2<\/a><\/strong><\/p>\n","protected":false},"excerpt":{"rendered":"<p>Propagandas de Anta\u00f1o &gt;&gt;&nbsp;1&#8211;2 Propagandas de Anta\u00f1o 2 Propagandas de Anta\u00f1o &gt;&gt;&nbsp;1&#8211;2<\/p>\n","protected":false},"author":1,"featured_media":0,"parent":0,"menu_order":0,"comment_status":"closed","ping_status":"closed","template":"","meta":{"switch_pages_title":"","h5ap_radio_sources":[],"footnotes":""},"class_list":["post-775","page","type-page","status-publish","hentry"],"_links":{"self":[{"href":"https:\/\/laplatamagica.ar\/index.php?rest_route=\/wp\/v2\/pages\/775","targetHints":{"allow":["GET"]}}],"collection":[{"href":"https:\/\/laplatamagica.ar\/index.php?rest_route=\/wp\/v2\/pages"}],"about":[{"href":"https:\/\/laplatamagica.ar\/index.php?rest_route=\/wp\/v2\/types\/page"}],"author":[{"embeddable":true,"href":"https:\/\/laplatamagica.ar\/index.php?rest_route=\/wp\/v2\/users\/1"}],"replies":[{"embeddable":true,"href":"https:\/\/laplatamagica.ar\/index.php?rest_route=%2Fwp%2Fv2%2Fcomments&post=775"}],"version-history":[{"count":0,"href":"https:\/\/laplatamagica.ar\/index.php?rest_route=\/wp\/v2\/pages\/775\/revisions"}],"wp:attachment":[{"href":"https:\/\/laplatamagica.ar\/index.php?rest_route=%2Fwp%2Fv2%2Fmedia&parent=775"}],"curies":[{"name":"wp","href":"https:\/\/api.w.org\/{rel}","templated":true}]}}