{"id":825,"date":"2019-08-21T18:07:29","date_gmt":"2019-08-21T21:07:29","guid":{"rendered":"http:\/\/www.laplatamagica.com.ar\/?page_id=825"},"modified":"2019-08-22T10:42:18","modified_gmt":"2019-08-22T13:42:18","slug":"primeros-autos-de-la-ciudad","status":"publish","type":"page","link":"https:\/\/laplatamagica.ar\/?page_id=825","title":{"rendered":"Primeros Autos de la Ciudad"},"content":{"rendered":"\n<p class=\"has-medium-font-size\"><em>Horacio A. Ferreti<\/em><\/p>\n\n\n\n<p>Los primeros automotores conocidos en La Plata<br>\nA principios de este siglo se produjo en La Plata un gran acontecimiento o novedad, al presentarse los primeros autom\u00f3viles por las calles de la ciudad y con ello el inicio de una etapa progresiva.<\/p>\n\n\n\n<p>Los automotores llegaban desde Europa y los Estados Unidos, cuyas producciones al no ser seriadas imped\u00eda su compra por lo elevado de su precio. Y si bien se recib\u00edan instrucciones para su manejo, exist\u00eda una contra que pod\u00eda impedir ese medio de movilidad, que era la falta de talleres especializados en reparaciones de esos veh\u00edculos, ni tampoco hab\u00eda oficinas o agencias asesoras al respecto.<\/p>\n\n\n\n<p>Otro factor que imped\u00eda su compra era lo muy complicado de su manejo, muy distinto por supuesto con el de tracci\u00f3n a sangre de los coches de plaza. A pesar de ello, los m\u00e1s pudientes e intr\u00e9pidos agregaron su compra, siendo \u00e9sta una de las formas de fomentar el entusiasmo de los pobladores de la reciente ciudad capital de la provincia de Buenos Aires.<\/p>\n\n\n\n<p>Y fue en 1910 cuando la confianza de esos automotores fue creciendo de tal manera, que se produjo un acontecimiento de trascendencia, luego de conocerse en 1908 la primera competencia de autom\u00f3viles en el hip\u00f3dromo de nuestra ciudad siendo la segunda de las concretadas en el pa\u00eds.<\/p>\n\n\n\n<p>Voy al encuentro de uno de esos veh\u00edculos de interesantes caracter\u00edsticas. Se trata de un informe suministrado por el se\u00f1or escribano<em> Nicol\u00e1s Ra\u00fal Ortiz de Rozas<\/em>, de quien fuera amigo, fallecido, hijo del propietario del coche marca Le\u00f3n Bollec (franc\u00e9s), que se distingu\u00eda por los herrajes, faros y carrocer\u00eda de bronce.<\/p>\n\n\n\n<p>Ten\u00eda luz a gas de Mercurio y en la lata oculta de los faroles se colocaba el carburo, que se mezclaba con agua y se produc\u00eda un gas que, encendido presenta una luz muy potente. Las llaves que portaban los neum\u00e1ticos, eran adosadas a las ruedas por tornillos y tuercas de modo que para cambiar una &#8220;goma&#8221; (seg\u00fan se dec\u00eda entonces), era menester quitar la rueda.<\/p>\n\n\n\n<p>Los cambios de velocidad eran cuatro y marcha atr\u00e1s, ubicados en &#8220;casilleros&#8221;; es decir, no hab\u00eda cajas de cambios, sino que simplemente la palanca se colocaban el casillero que se deseaba.<\/p>\n\n\n\n<p>La bocina era un claxon mec\u00e1nico y no el\u00e9ctrico. Los frenos eran la cinta y \u00fanicamente traseros. El interior era lujos\u00edsimo: Asientos tapizados de finas telas de lana, muelle y excelente alfombra, destac\u00e1ndose dos floreritos a los costados de las ventanas traseras, con ramitas de flores artificiales.<\/p>\n\n\n\n<p>El compartimiento se comunicaba con el chofer, por medio de dos cristales m\u00f3viles, que permit\u00edan hablar con \u00e9ste. El habit\u00e1culo del conductor ten\u00eda una sola puerta a la izquierda del coche, pues al lado derecho estaba la palanca de cambios, el freno de mano y la llanta de auxilio que imped\u00eda su acceso.<\/p>\n\n\n\n<p>Mucho han cambiado los autos desde aquel entonces, hoy forman parte de la postal de la ciudad.<\/p>\n\n\n\n<figure class=\"wp-block-image\"><img loading=\"lazy\" decoding=\"async\" width=\"720\" height=\"536\" src=\"http:\/\/www.laplatamagica.com.ar\/wp-content\/uploads\/2019\/08\/Auto1.jpg\" alt=\"\" class=\"wp-image-826\" srcset=\"https:\/\/laplatamagica.ar\/wp-content\/uploads\/2019\/08\/Auto1.jpg 720w, https:\/\/laplatamagica.ar\/wp-content\/uploads\/2019\/08\/Auto1-300x223.jpg 300w\" sizes=\"auto, (max-width: 720px) 85vw, 720px\" \/><figcaption> <br><\/figcaption><\/figure>\n\n\n\n<p style=\"text-align:center\"><strong>Tarde de domingo en el bosque, la gente, sus autos en la Avenida Iraola, Paseo del Bosque, tradicional paseo platense como en la foto del a\u00f1o 1920, como lo es tambi\u00e9n en la actualidad. <\/strong><\/p>\n\n\n\n<figure class=\"wp-block-image\"><img loading=\"lazy\" decoding=\"async\" width=\"720\" height=\"450\" src=\"http:\/\/www.laplatamagica.com.ar\/wp-content\/uploads\/2019\/08\/Auto2.jpg\" alt=\"\" class=\"wp-image-827\" srcset=\"https:\/\/laplatamagica.ar\/wp-content\/uploads\/2019\/08\/Auto2.jpg 720w, https:\/\/laplatamagica.ar\/wp-content\/uploads\/2019\/08\/Auto2-300x188.jpg 300w\" sizes=\"auto, (max-width: 720px) 85vw, 720px\" \/><\/figure>\n\n\n\n<p style=\"text-align:center\"><strong>Auto de alquiler que circulo en los primeros a\u00f1os Marca <em>Leon Bollec<\/em> Modelo 1907, la foto obtenida en 1910 muestra al Sr. <em>Scian<\/em> uno de los primeros mec\u00e1nicos que tuvo la ciudad de La Plata, a su lado un aprendiz del oficio el Sr. <em>Jos\u00e9 Arona.<\/em><\/strong><\/p>\n\n\n\n<div class=\"wp-block-image\"><figure class=\"aligncenter\"><img loading=\"lazy\" decoding=\"async\" width=\"720\" height=\"450\" src=\"http:\/\/www.laplatamagica.com.ar\/wp-content\/uploads\/2019\/08\/Auto3.jpg\" alt=\"\" class=\"wp-image-828\" srcset=\"https:\/\/laplatamagica.ar\/wp-content\/uploads\/2019\/08\/Auto3.jpg 720w, https:\/\/laplatamagica.ar\/wp-content\/uploads\/2019\/08\/Auto3-300x188.jpg 300w\" sizes=\"auto, (max-width: 720px) 85vw, 720px\" \/><\/figure><\/div>\n\n\n\n<p style=\"text-align:center\"> <br><strong>El auto que se observa detenido en el Paseo del Bosque, es marca Itala modelo 1913, es este un auto de alquiler y el chofer es el se\u00f1or<em> Agustin Casaburi<\/em>. Foto del a\u00f1os 1913.<\/strong><\/p>\n\n\n\n<div class=\"wp-block-image\"><figure class=\"aligncenter\"><img loading=\"lazy\" decoding=\"async\" width=\"720\" height=\"396\" src=\"http:\/\/www.laplatamagica.com.ar\/wp-content\/uploads\/2019\/08\/Auto4.jpg\" alt=\"\" class=\"wp-image-829\" srcset=\"https:\/\/laplatamagica.ar\/wp-content\/uploads\/2019\/08\/Auto4.jpg 720w, https:\/\/laplatamagica.ar\/wp-content\/uploads\/2019\/08\/Auto4-300x165.jpg 300w\" sizes=\"auto, (max-width: 720px) 85vw, 720px\" \/><\/figure><\/div>\n\n\n\n<p style=\"text-align:center\"><strong>Auto de alquiler Marca Humbert modelo 1912, Chapa municipal de La Plata N\u00ba 41, al comando el chofer Sr.<em> Pedro Quatrini<\/em>, obs\u00e9rvese se fondo las rejas del Zool\u00f3gico de nuestra ciudad. Foto del a\u00f1o 1919.<\/strong><\/p>\n\n\n\n<div class=\"wp-block-image\"><figure class=\"aligncenter\"><img loading=\"lazy\" decoding=\"async\" width=\"720\" height=\"455\" src=\"http:\/\/www.laplatamagica.com.ar\/wp-content\/uploads\/2019\/08\/Auto5.jpg\" alt=\"\" class=\"wp-image-832\" srcset=\"https:\/\/laplatamagica.ar\/wp-content\/uploads\/2019\/08\/Auto5.jpg 720w, https:\/\/laplatamagica.ar\/wp-content\/uploads\/2019\/08\/Auto5-300x190.jpg 300w\" sizes=\"auto, (max-width: 720px) 85vw, 720px\" \/><\/figure><\/div>\n\n\n\n<p style=\"text-align:center\">  <br><strong>El propietario de este auto de alquiler modelo 1920, Sr. <em>Alberto E. Campanaro<\/em> fotograf\u00edo a su hermano <em>Horacio<\/em> y a su primo <em>Horacio Schiaffino<\/em> junto al Ford T Berlina la foto corresponde al a\u00f1o 1921.<\/strong> <\/p>\n\n\n\n<ul class=\"wp-block-gallery aligncenter columns-1 is-cropped wp-block-gallery-1 is-layout-flex wp-block-gallery-is-layout-flex\"><li class=\"blocks-gallery-item\"><figure><img loading=\"lazy\" decoding=\"async\" width=\"720\" height=\"473\" src=\"http:\/\/www.laplatamagica.com.ar\/wp-content\/uploads\/2019\/08\/Auto6.jpg\" alt=\"\" data-id=\"834\" data-link=\"http:\/\/www.laplatamagica.com.ar\/?attachment_id=834\" class=\"wp-image-834\" srcset=\"https:\/\/laplatamagica.ar\/wp-content\/uploads\/2019\/08\/Auto6.jpg 720w, https:\/\/laplatamagica.ar\/wp-content\/uploads\/2019\/08\/Auto6-300x197.jpg 300w\" sizes=\"auto, (max-width: 720px) 85vw, 720px\" \/><\/figure><\/li><\/ul>\n\n\n\n<p style=\"text-align:center\"><strong>Se trata de una foto con gran valor, por tratarse de una de las primeras bicicletas que se conoci\u00f3 en la ciudad con transmisi\u00f3n a correa, el propietario no esta identificado.<\/strong><\/p>\n\n\n\n<figure class=\"wp-block-image\"><img loading=\"lazy\" decoding=\"async\" width=\"720\" height=\"477\" src=\"http:\/\/www.laplatamagica.com.ar\/wp-content\/uploads\/2019\/08\/Auto7.jpg\" alt=\"\" class=\"wp-image-836\" srcset=\"https:\/\/laplatamagica.ar\/wp-content\/uploads\/2019\/08\/Auto7.jpg 720w, https:\/\/laplatamagica.ar\/wp-content\/uploads\/2019\/08\/Auto7-300x199.jpg 300w\" sizes=\"auto, (max-width: 720px) 85vw, 720px\" \/><\/figure>\n\n\n\n<p style=\"text-align:center\"><strong>Autom\u00f3vil modelo 1910 con su due\u00f1o al volante el Sr. <\/strong><em><strong>Alberto E. Campanaro<\/strong><\/em><strong>, la placa fue tomada en el a\u00f1o 1915 y llamaba la atenci\u00f3n este veh\u00edculo Marca Baimles en su paseo por el bosque platense como auto de alquiler.<\/strong><\/p>\n\n\n\n<div class=\"wp-block-image\"><figure class=\"aligncenter\"><img loading=\"lazy\" decoding=\"async\" width=\"720\" height=\"460\" src=\"http:\/\/www.laplatamagica.com.ar\/wp-content\/uploads\/2019\/08\/Auto8.jpg\" alt=\"\" class=\"wp-image-838\" srcset=\"https:\/\/laplatamagica.ar\/wp-content\/uploads\/2019\/08\/Auto8.jpg 720w, https:\/\/laplatamagica.ar\/wp-content\/uploads\/2019\/08\/Auto8-300x192.jpg 300w\" sizes=\"auto, (max-width: 720px) 85vw, 720px\" \/><\/figure><\/div>\n\n\n\n<p style=\"text-align:center\"><strong>Autom\u00f3vil Marca francesa Rappi en un paseo en 1910, conducido por su propietario el Sr.<em> Ratti.<\/em><\/strong><\/p>\n\n\n\n<div class=\"wp-block-image\"><figure class=\"aligncenter\"><img loading=\"lazy\" decoding=\"async\" width=\"720\" height=\"492\" src=\"http:\/\/www.laplatamagica.com.ar\/wp-content\/uploads\/2019\/08\/Auto9.jpg\" alt=\"\" class=\"wp-image-842\" srcset=\"https:\/\/laplatamagica.ar\/wp-content\/uploads\/2019\/08\/Auto9.jpg 720w, https:\/\/laplatamagica.ar\/wp-content\/uploads\/2019\/08\/Auto9-300x205.jpg 300w\" sizes=\"auto, (max-width: 720px) 85vw, 720px\" \/><\/figure><\/div>\n\n\n\n<p style=\"text-align:center\"><strong>Uno de los primeros coches Autobomba de Bomberos Voluntarios de la ciudad de La Plata, el retrato es entre los a\u00f1os 1919 y 1920, la marca del veh\u00edculo se ignora.<\/strong><\/p>\n\n\n\n<div class=\"wp-block-image\"><figure class=\"aligncenter\"><img loading=\"lazy\" decoding=\"async\" width=\"720\" height=\"454\" src=\"http:\/\/www.laplatamagica.com.ar\/wp-content\/uploads\/2019\/08\/Auto10.jpg\" alt=\"\" class=\"wp-image-844\" srcset=\"https:\/\/laplatamagica.ar\/wp-content\/uploads\/2019\/08\/Auto10.jpg 720w, https:\/\/laplatamagica.ar\/wp-content\/uploads\/2019\/08\/Auto10-300x189.jpg 300w\" sizes=\"auto, (max-width: 720px) 85vw, 720px\" \/><\/figure><\/div>\n\n\n\n<p style=\"text-align:center\"><strong>Conducido por el Sr. <em>Alberto Carusi<\/em>, de pie con uniforme a su lado el Overlan Modelo 1914 (N\u00ba 24) en una foto del mismo a\u00f1o, en la entrada del Zool\u00f3gico, parece ser que el paseo de la \u00e9poca era ir al bosque.<\/strong><\/p>\n\n\n\n<figure class=\"wp-block-image\"><img loading=\"lazy\" decoding=\"async\" width=\"720\" height=\"428\" src=\"http:\/\/www.laplatamagica.com.ar\/wp-content\/uploads\/2019\/08\/Auto11.jpg\" alt=\"\" class=\"wp-image-846\" srcset=\"https:\/\/laplatamagica.ar\/wp-content\/uploads\/2019\/08\/Auto11.jpg 720w, https:\/\/laplatamagica.ar\/wp-content\/uploads\/2019\/08\/Auto11-300x178.jpg 300w\" sizes=\"auto, (max-width: 720px) 85vw, 720px\" \/><\/figure>\n\n\n\n<p style=\"text-align:center\"><strong>Vehiculo Marca Deun Bouter (ingles) modelo 1907, el conductor y due\u00f1o del autom\u00f3vil el Sr.<em> Luis Baratell<\/em>i, la fotograf\u00eda fue obtenida en el a\u00f1o 1910.<\/strong><\/p>\n\n\n\n<div class=\"wp-block-image\"><figure class=\"aligncenter\"><img loading=\"lazy\" decoding=\"async\" width=\"720\" height=\"428\" src=\"http:\/\/www.laplatamagica.com.ar\/wp-content\/uploads\/2019\/08\/Auto12.jpg\" alt=\"\" class=\"wp-image-848\" srcset=\"https:\/\/laplatamagica.ar\/wp-content\/uploads\/2019\/08\/Auto12.jpg 720w, https:\/\/laplatamagica.ar\/wp-content\/uploads\/2019\/08\/Auto12-300x178.jpg 300w\" sizes=\"auto, (max-width: 720px) 85vw, 720px\" \/><\/figure><\/div>\n\n\n\n<p style=\"text-align:center\"><strong>La vista es del a\u00f1o 1924 y muestra el plantel de ch\u00f3feres dentro del patio de la Casa de Gobierno, los autom\u00f3viles hab\u00edan ganado espacio en los \u00e1mbitos oficiales, las arcadas de la derecha son las que sostienen el pasaje de la residencia del gobernador a su despacho.<\/strong><\/p>\n\n\n\n<div class=\"wp-block-image\"><figure class=\"aligncenter\"><img loading=\"lazy\" decoding=\"async\" width=\"720\" height=\"452\" src=\"http:\/\/www.laplatamagica.com.ar\/wp-content\/uploads\/2019\/08\/Auto13.jpg\" alt=\"\" class=\"wp-image-850\" srcset=\"https:\/\/laplatamagica.ar\/wp-content\/uploads\/2019\/08\/Auto13.jpg 720w, https:\/\/laplatamagica.ar\/wp-content\/uploads\/2019\/08\/Auto13-300x188.jpg 300w\" sizes=\"auto, (max-width: 720px) 85vw, 720px\" \/><\/figure><\/div>\n\n\n\n<p style=\"text-align:center\"><strong>Auto oficial, el chofer es el se\u00f1or <em>Antonio Biffaretti<\/em>, el autom\u00f3vil es un Studebaker, el modelo no identificado y la toma fotogr\u00e1fica fue realizada en el a\u00f1o 1922, este fue uno de los primeros veh\u00edculos al servicio de la Gobernaci\u00f3n.<\/strong><\/p>\n\n\n\n<div class=\"wp-block-image\"><figure class=\"aligncenter\"><img loading=\"lazy\" decoding=\"async\" width=\"720\" height=\"420\" src=\"http:\/\/www.laplatamagica.com.ar\/wp-content\/uploads\/2019\/08\/Auto14.jpg\" alt=\"\" class=\"wp-image-852\" srcset=\"https:\/\/laplatamagica.ar\/wp-content\/uploads\/2019\/08\/Auto14.jpg 720w, https:\/\/laplatamagica.ar\/wp-content\/uploads\/2019\/08\/Auto14-300x175.jpg 300w\" sizes=\"auto, (max-width: 720px) 85vw, 720px\" \/><\/figure><\/div>\n\n\n\n<p style=\"text-align:center\"><strong>Auto de carrera Marca Fiat en plena carrera, por el camino General Belgrano en el a\u00f1o 1922, obs\u00e9rvese el tradicional adoquinado del camino. Esta foto tiene el valor de haber retratado a uno de los primeros autom\u00f3viles de competici\u00f3n de nuestra ciudad.<\/strong><\/p>\n\n\n\n<div class=\"wp-block-image\"><figure class=\"aligncenter\"><img loading=\"lazy\" decoding=\"async\" width=\"720\" height=\"444\" src=\"http:\/\/www.laplatamagica.com.ar\/wp-content\/uploads\/2019\/08\/Auto15.jpg\" alt=\"\" class=\"wp-image-854\" srcset=\"https:\/\/laplatamagica.ar\/wp-content\/uploads\/2019\/08\/Auto15.jpg 720w, https:\/\/laplatamagica.ar\/wp-content\/uploads\/2019\/08\/Auto15-300x185.jpg 300w\" sizes=\"auto, (max-width: 720px) 85vw, 720px\" \/><\/figure><\/div>\n\n\n\n<p style=\"text-align:center\"><strong>El se\u00f1or <em>Agust\u00edn Casaburi<\/em> conductor y propietario, paseando con un amigo en su auto Panhard y Levasso (Franc\u00e9s) modelo 1907 y la foto fue obtenida en el a\u00f1o 1910 y el veh\u00edculo esta registrado como auto de alquiler.<\/strong><\/p>\n\n\n\n<figure class=\"wp-block-image\"><img loading=\"lazy\" decoding=\"async\" width=\"720\" height=\"447\" src=\"http:\/\/www.laplatamagica.com.ar\/wp-content\/uploads\/2019\/08\/Auto16.jpg\" alt=\"\" class=\"wp-image-856\" srcset=\"https:\/\/laplatamagica.ar\/wp-content\/uploads\/2019\/08\/Auto16.jpg 720w, https:\/\/laplatamagica.ar\/wp-content\/uploads\/2019\/08\/Auto16-300x186.jpg 300w\" sizes=\"auto, (max-width: 720px) 85vw, 720px\" \/><\/figure>\n\n\n\n<p style=\"text-align:center\"><br><strong>Auto volcador para efectuar cargas y descargas modelo Ford T, la foto es del a\u00f1o 1920, es uno de los primeros de este tipo conocidos en esta ciudad, en el mismo se determina el n\u00famero 1 y se observa el negocio de representaci\u00f3n de la marca.<\/strong><\/p>\n\n\n\n<div class=\"wp-block-image\"><figure class=\"aligncenter\"><img loading=\"lazy\" decoding=\"async\" width=\"720\" height=\"558\" src=\"http:\/\/www.laplatamagica.com.ar\/wp-content\/uploads\/2019\/08\/Auto17.jpg\" alt=\"\" class=\"wp-image-858\" srcset=\"https:\/\/laplatamagica.ar\/wp-content\/uploads\/2019\/08\/Auto17.jpg 720w, https:\/\/laplatamagica.ar\/wp-content\/uploads\/2019\/08\/Auto17-300x233.jpg 300w\" sizes=\"auto, (max-width: 720px) 85vw, 720px\" \/><\/figure><\/div>\n\n\n\n<p style=\"text-align:center\"> <br><strong>Esto es lo que se denominaba \u201cdocumento para conducir\u201d conocido hoy como Carnet de Conductor, este es muy especial porque es del a\u00f1o 1914 otorgado por la Municipalidad a un se\u00f1or de 18 a\u00f1os.<\/strong> <\/p>\n\n\n\n<div class=\"wp-block-image\"><figure class=\"aligncenter\"><img loading=\"lazy\" decoding=\"async\" width=\"720\" height=\"614\" src=\"http:\/\/www.laplatamagica.com.ar\/wp-content\/uploads\/2019\/08\/Auto18.jpg\" alt=\"\" class=\"wp-image-860\" srcset=\"https:\/\/laplatamagica.ar\/wp-content\/uploads\/2019\/08\/Auto18.jpg 720w, https:\/\/laplatamagica.ar\/wp-content\/uploads\/2019\/08\/Auto18-300x256.jpg 300w\" sizes=\"auto, (max-width: 720px) 85vw, 720px\" \/><\/figure><\/div>\n\n\n\n<p style=\"text-align:center\"><br><strong>En el reverso se dice:\u201dInspecci\u00f3n General de la Municipalidad Secci\u00f3n Rodados y Tr\u00e1fico\u201d<\/strong><\/p>\n\n\n\n<div class=\"wp-block-image\"><figure class=\"aligncenter\"><img loading=\"lazy\" decoding=\"async\" width=\"627\" height=\"800\" src=\"http:\/\/www.laplatamagica.com.ar\/wp-content\/uploads\/2019\/08\/Auto19.jpg\" alt=\"\" class=\"wp-image-862\" srcset=\"https:\/\/laplatamagica.ar\/wp-content\/uploads\/2019\/08\/Auto19.jpg 627w, https:\/\/laplatamagica.ar\/wp-content\/uploads\/2019\/08\/Auto19-235x300.jpg 235w\" sizes=\"auto, (max-width: 627px) 85vw, 627px\" \/><\/figure><\/div>\n\n\n\n<p style=\"text-align:center\"> <br><strong>Unidad de la Linea 5 a\u00f1o 1940<\/strong> <\/p>\n\n\n\n<p> La velocidad es un factor de riesgo clave en los siniestros viales, e incrementa tanto la posibilidad de que ocurra un siniestro como la gravedad de las lesiones de quienes lo sufren. <\/p>\n\n\n\n<div class=\"wp-block-image\"><figure class=\"aligncenter\"><img loading=\"lazy\" decoding=\"async\" width=\"1024\" height=\"297\" src=\"http:\/\/www.laplatamagica.com.ar\/wp-content\/uploads\/2019\/08\/Auto20-1024x297.jpg\" alt=\"\" class=\"wp-image-865\" srcset=\"https:\/\/laplatamagica.ar\/wp-content\/uploads\/2019\/08\/Auto20-1024x297.jpg 1024w, https:\/\/laplatamagica.ar\/wp-content\/uploads\/2019\/08\/Auto20-300x87.jpg 300w, https:\/\/laplatamagica.ar\/wp-content\/uploads\/2019\/08\/Auto20-768x223.jpg 768w, https:\/\/laplatamagica.ar\/wp-content\/uploads\/2019\/08\/Auto20.jpg 1200w\" sizes=\"auto, (max-width: 709px) 85vw, (max-width: 909px) 67vw, (max-width: 1362px) 62vw, 840px\" \/><\/figure><\/div>\n\n\n\n<p>Adem\u00e1s, la velocidad \u201cenga\u00f1a\u201d, ya que en su percepci\u00f3n como factor de riesgo influyen muchas circunstancias, como las caracter\u00edsticas del veh\u00edculo, la hora del d\u00eda, las condiciones clim\u00e1ticas o el dise\u00f1o y el estado de la v\u00eda por la que se circula. <\/p>\n\n\n\n<div class=\"wp-block-image\"><figure class=\"aligncenter\"><img loading=\"lazy\" decoding=\"async\" width=\"1024\" height=\"235\" src=\"http:\/\/www.laplatamagica.com.ar\/wp-content\/uploads\/2019\/08\/Auto21-1024x235.jpg\" alt=\"\" class=\"wp-image-866\" srcset=\"https:\/\/laplatamagica.ar\/wp-content\/uploads\/2019\/08\/Auto21-1024x235.jpg 1024w, https:\/\/laplatamagica.ar\/wp-content\/uploads\/2019\/08\/Auto21-300x69.jpg 300w, https:\/\/laplatamagica.ar\/wp-content\/uploads\/2019\/08\/Auto21-768x176.jpg 768w, https:\/\/laplatamagica.ar\/wp-content\/uploads\/2019\/08\/Auto21.jpg 1200w\" sizes=\"auto, (max-width: 709px) 85vw, (max-width: 909px) 67vw, (max-width: 1362px) 62vw, 840px\" \/><\/figure><\/div>\n\n\n\n<p>Cuando se conduce a velocidad excesiva aumenta la probabilidad de que el conductor pierda el control del veh\u00edculo, ya que tiene menos capacidad para anticipar los peligros. Tambi\u00e9n impide que otros usuarios de la v\u00eda p\u00fablica puedan prever adecuadamente el comportamiento del auto.  <br><\/p>\n","protected":false},"excerpt":{"rendered":"<p>Horacio A. Ferreti Los primeros automotores conocidos en La Plata A principios de este siglo se produjo en La Plata un gran acontecimiento o novedad, al presentarse los primeros autom\u00f3viles por las calles de la ciudad y con ello el inicio de una etapa progresiva. Los automotores llegaban desde Europa y los Estados Unidos, cuyas &hellip; <a href=\"https:\/\/laplatamagica.ar\/?page_id=825\" class=\"more-link\">Continuar leyendo<span class=\"screen-reader-text\"> &#8220;Primeros Autos de la Ciudad&#8221;<\/span><\/a><\/p>\n","protected":false},"author":1,"featured_media":0,"parent":0,"menu_order":0,"comment_status":"closed","ping_status":"closed","template":"","meta":{"switch_pages_title":"","h5ap_radio_sources":[],"footnotes":""},"class_list":["post-825","page","type-page","status-publish","hentry"],"_links":{"self":[{"href":"https:\/\/laplatamagica.ar\/index.php?rest_route=\/wp\/v2\/pages\/825","targetHints":{"allow":["GET"]}}],"collection":[{"href":"https:\/\/laplatamagica.ar\/index.php?rest_route=\/wp\/v2\/pages"}],"about":[{"href":"https:\/\/laplatamagica.ar\/index.php?rest_route=\/wp\/v2\/types\/page"}],"author":[{"embeddable":true,"href":"https:\/\/laplatamagica.ar\/index.php?rest_route=\/wp\/v2\/users\/1"}],"replies":[{"embeddable":true,"href":"https:\/\/laplatamagica.ar\/index.php?rest_route=%2Fwp%2Fv2%2Fcomments&post=825"}],"version-history":[{"count":0,"href":"https:\/\/laplatamagica.ar\/index.php?rest_route=\/wp\/v2\/pages\/825\/revisions"}],"wp:attachment":[{"href":"https:\/\/laplatamagica.ar\/index.php?rest_route=%2Fwp%2Fv2%2Fmedia&parent=825"}],"curies":[{"name":"wp","href":"https:\/\/api.w.org\/{rel}","templated":true}]}}