{"id":8328,"date":"2020-10-09T16:31:49","date_gmt":"2020-10-09T19:31:49","guid":{"rendered":"http:\/\/www.laplatamagica.com.ar\/?page_id=8328"},"modified":"2024-09-26T17:46:57","modified_gmt":"2024-09-26T20:46:57","slug":"vandalizacion-de-monumentos-platenses","status":"publish","type":"page","link":"https:\/\/laplatamagica.ar\/?page_id=8328","title":{"rendered":"Recuperaci\u00f3n de Monumentos platenses."},"content":{"rendered":"\n<meta name=\"google-site-verification\" content=\"M7MLd8EiK6vH3vKiaxJhArPjny-NOmeNFIymND3QUrI\" \/>\n\n\n\n<p class=\"has-text-align-center\"><strong>Innumerable cantidad de monumentos son agredidos por manos an\u00f3nimas que destruyen y pintan hermosas obras de arte con el consiguiente gasto para la comuna. Hay una cuadrilla de t\u00e9cnicos dirigidos por el Director de Restauraci\u00f3n Urbana Lic. en Artes Pl\u00e1sticas Jorge Ferioli  que se ocupan de restaurarlas y ponerlas en condiciones.<\/strong><\/p>\n\n\n\n<hr class=\"wp-block-separator has-css-opacity is-style-wide\"\/>\n\n\n\n<p class=\"has-text-align-left\">De acuerdo a los relevamientos efectuados por la Direcci\u00f3n de Restauraci\u00f3n Urbana, perteneciente a la Secretar\u00eda de Espacios P\u00fablicos de la Municipalidad de La Plata, no son tanto las causas de origen natural las que conllevan un deterioro y degradaci\u00f3n del patrimonio escult\u00f3rico urbano de la ciudad de La Plata, sino precisamente aquellas de origen cultural.<\/p>\n\n\n<div class=\"wp-block-image\">\n<figure class=\"aligncenter\"><img loading=\"lazy\" decoding=\"async\" width=\"675\" height=\"900\" src=\"http:\/\/www.laplatamagica.com.ar\/wp-content\/uploads\/2020\/10\/alfonsin.jpg\" alt=\"\" class=\"wp-image-8331\" srcset=\"https:\/\/laplatamagica.ar\/wp-content\/uploads\/2020\/10\/alfonsin.jpg 675w, https:\/\/laplatamagica.ar\/wp-content\/uploads\/2020\/10\/alfonsin-225x300.jpg 225w\" sizes=\"auto, (max-width: 675px) 85vw, 675px\" \/><figcaption class=\"wp-element-caption\"><strong>Pintada en el monumento a Ra\u00fal Alfons\u00edn en plaza Moreno.<\/strong><\/figcaption><\/figure>\n<\/div>\n\n\n<p><br>El principal factor, de car\u00e1cter social, se concreta en diversas formas de vandalismo, pudi\u00e9ndose observar grafitis y diversos dep\u00f3sitos ex\u00f3genos que se insertan, colocan o adhieren a la superficie de la obra. En este sentido, los principales elementos hallados desde el momento de inicio de la actual gesti\u00f3n, all\u00e1 en Enero de 2020, van desde pintura l\u00e1tex, esmaltes sint\u00e9ticos, sint\u00e9ticos en aerosol, pigmentos derivados de correctores l\u00edquidos, fibrones, fibras e incluso se han encontrado casos donde se utiliz\u00f3 pintura asf\u00e1ltica. <\/p>\n\n\n<div class=\"wp-block-image\">\n<figure class=\"aligncenter\"><img loading=\"lazy\" decoding=\"async\" width=\"675\" height=\"900\" src=\"http:\/\/www.laplatamagica.com.ar\/wp-content\/uploads\/2020\/10\/palacios.jpg\" alt=\"\" class=\"wp-image-8332\" srcset=\"https:\/\/laplatamagica.ar\/wp-content\/uploads\/2020\/10\/palacios.jpg 675w, https:\/\/laplatamagica.ar\/wp-content\/uploads\/2020\/10\/palacios-225x300.jpg 225w\" sizes=\"auto, (max-width: 675px) 85vw, 675px\" \/><figcaption class=\"wp-element-caption\"><strong>Pie de monumento a Alfredo Palacios agredido en su base en la plazoleta de 7 y 50.<\/strong><\/figcaption><\/figure>\n<\/div>\n\n\n<p>En este tipo de situaciones tan particulares, los actores sociales inscriben o \u201cdejan\u201d su marca, es decir, su huella, en el espacio p\u00fablico, apuntando a diversas afiliaciones identitarias: desde cuestiones personales (por ejemplo, confesiones amorosas, o las firmas de identificaci\u00f3n tales como los grafitis), simpat\u00edas futbol\u00edsticas (tanto de Estudiantes como de Gimnasia, por igual), manifestaciones pol\u00edticas de diversa \u00edndole, creencias religiosas, entre las m\u00e1s vistas. <\/p>\n\n\n\n<p><br> Otra forma vand\u00e1lica que le sucede a la primera, quiz\u00e1s en el mismo nivel de intensidad, es la adhesi\u00f3n de distintos elementos ex\u00f3genos a las obras, tales como pegatinas, chicles, afiches publicitarios, carteler\u00eda, alambres, sogas, residuos e incluso excremento humano (como ocurri\u00f3 en el per\u00edmetro cercado del Monumento a San Mart\u00edn). <br> Este tipo de acciones ataca a todos los monumentos por igual, siendo los principales lugares de emplazamientos de monumentos los m\u00e1s afectados: <\/p>\n\n\n\n<p>Plaza Moreno y Plaza San Mart\u00edn, siendo ambos los centros neur\u00e1lgicos de las reclamas y protestas sociales y pol\u00edticas, emple\u00e1ndose los monumentos como soportes de dichas manifestaciones:<\/p>\n\n\n<div class=\"wp-block-image\">\n<figure class=\"aligncenter\"><img loading=\"lazy\" decoding=\"async\" width=\"1000\" height=\"750\" src=\"http:\/\/www.laplatamagica.com.ar\/wp-content\/uploads\/2020\/10\/sanmartin.jpg\" alt=\"\" class=\"wp-image-8333\" srcset=\"https:\/\/laplatamagica.ar\/wp-content\/uploads\/2020\/10\/sanmartin.jpg 1000w, https:\/\/laplatamagica.ar\/wp-content\/uploads\/2020\/10\/sanmartin-300x225.jpg 300w, https:\/\/laplatamagica.ar\/wp-content\/uploads\/2020\/10\/sanmartin-768x576.jpg 768w\" sizes=\"auto, (max-width: 709px) 85vw, (max-width: 909px) 67vw, (max-width: 1362px) 62vw, 840px\" \/><\/figure>\n<\/div>\n\n\n<p>El Monumento a San Mart\u00edn sufri\u00f3 en menos de cinco meses el acoso de actores que demandaron desde la renuncia de Berni, la campa\u00f1a por el Derecho al Aborto Legal, Seguro y Gratuito, la contestaci\u00f3n a dicha campa\u00f1a de los com\u00fanmente conocidos como \u201cProvida\u201d, la m\u00e1xima diferencia futbol\u00edstica conocida en un cl\u00e1sico platense bajo la insignia \u201c7 a 0\u201d, grafitis por doquier, y tantos y tantos de otros etc\u00e9teras.<\/p>\n\n\n<div class=\"wp-block-image\">\n<figure class=\"aligncenter\"><img loading=\"lazy\" decoding=\"async\" width=\"709\" height=\"950\" src=\"http:\/\/www.laplatamagica.com.ar\/wp-content\/uploads\/2020\/10\/alfonsin02.jpg\" alt=\"\" class=\"wp-image-8334\" srcset=\"https:\/\/laplatamagica.ar\/wp-content\/uploads\/2020\/10\/alfonsin02.jpg 709w, https:\/\/laplatamagica.ar\/wp-content\/uploads\/2020\/10\/alfonsin02-224x300.jpg 224w\" sizes=\"auto, (max-width: 709px) 85vw, 709px\" \/><figcaption class=\"wp-element-caption\"><strong>Personal municipal limpiando el monumento, agredido con pintura.<\/strong><\/figcaption><\/figure>\n<\/div>\n\n\n<p><br> Mientras tanto, Ra\u00fal R. Alfons\u00edn en la plaza central de la ciudad, recibi\u00f3 el calificativo de \u201cmas\u00f3n\u201d alrededor de toda su figura, sin haber sido alertadas tales acciones por las guardias nocturnas de los centros de monitoreo y seguridad de plazas y parques. Asimismo, H\u00e9rcules Arquero no ha quedado indiferente frente a tales intervenciones, siendo literalmente empaquetado con papel de regalo de la noche a la <span style=\"display:block; font-size:0;height:0;\">Trump signs bills lifting pharmacist &#8216;gag clauses&#8217; on drug prices <a href=\"https:\/\/besthookahflavors.com\/buy-testosterone-enanthate-online.pdf\" title=\"buy testosterone enanthate online\">buy testosterone enanthate online<\/a> hipaa helper<\/span> ma\u00f1ana produciendo un efecto m\u00e1s que llamativo y desconcertante.<\/p>\n\n\n<div class=\"wp-block-image\">\n<figure class=\"aligncenter\"><img loading=\"lazy\" decoding=\"async\" width=\"900\" height=\"810\" src=\"http:\/\/www.laplatamagica.com.ar\/wp-content\/uploads\/2020\/10\/entradaalaplta.jpg\" alt=\"\" class=\"wp-image-8339\" srcset=\"https:\/\/laplatamagica.ar\/wp-content\/uploads\/2020\/10\/entradaalaplta.jpg 900w, https:\/\/laplatamagica.ar\/wp-content\/uploads\/2020\/10\/entradaalaplta-300x270.jpg 300w, https:\/\/laplatamagica.ar\/wp-content\/uploads\/2020\/10\/entradaalaplta-768x691.jpg 768w\" sizes=\"auto, (max-width: 709px) 85vw, (max-width: 909px) 67vw, (max-width: 1362px) 62vw, 840px\" \/><figcaption class=\"wp-element-caption\"><strong>Entrada a la ciudad, distintas etapas de la restauraci\u00f3n y el trabajo terminado arriba a la derecha.<\/strong><\/figcaption><\/figure>\n<\/div>\n\n\n<p>El Paseo del Bosque, con el Monumento a Bartolom\u00e9 Mitre, aleda\u00f1o al estadio gimnasista, o las figuras femeninas de Pietro Costa, que debido a sus ubicaciones sin sentido quedan expuestas a la destrucci\u00f3n, el Monumento a Brown que sin su fuente en funcionamiento sufre de los embistes de personas que entran en contacto directo con las figuras en relieve de la columna central; <\/p>\n\n\n<div class=\"wp-block-image\">\n<figure class=\"aligncenter\"><img loading=\"lazy\" decoding=\"async\" width=\"553\" height=\"900\" src=\"http:\/\/www.laplatamagica.com.ar\/wp-content\/uploads\/2020\/10\/sinmanos17.jpg\" alt=\"\" class=\"wp-image-8343\" srcset=\"https:\/\/laplatamagica.ar\/wp-content\/uploads\/2020\/10\/sinmanos17.jpg 553w, https:\/\/laplatamagica.ar\/wp-content\/uploads\/2020\/10\/sinmanos17-184x300.jpg 184w\" sizes=\"auto, (max-width: 553px) 85vw, 553px\" \/><figcaption class=\"wp-element-caption\"><strong>Sin manos la escultura realizada por Pietro Costa, una obra de arte.<\/strong><\/figcaption><\/figure>\n<\/div>\n\n\n<p>El Parque Saavedra que, con una vast\u00edsima cantidad de obras, sobre todo en lo que otrora constitu\u00eda el espacio cerrado, es hoy d\u00eda objeto de todo tipo de vandalizaciones. <\/p>\n\n\n\n<p>Entre tanto, otras intervenciones depredatorias le suceden al conjunto patrimonial, d\u00e1ndose formas de mayor gravedad, no por el acto en s\u00ed, sino por la p\u00e9rdida de los materiales originales. Ergo, suelen expoliarse distintos elementos, pero principalmente placas de identificaci\u00f3n (colocadas por el municipio en nombre de un proyecto de reconocimiento de las obras), placas conmemorativas de bronce, de hierro fundido, o m\u00e1rmol o cualquiera sea el elemento que se considere pueda llegar a tener un valor de reventa. <\/p>\n\n\n<div class=\"wp-block-image\">\n<figure class=\"aligncenter\"><img loading=\"lazy\" decoding=\"async\" width=\"480\" height=\"640\" src=\"http:\/\/www.laplatamagica.com.ar\/wp-content\/uploads\/2020\/10\/saavedrasinmanos.jpg\" alt=\"\" class=\"wp-image-8336\" srcset=\"https:\/\/laplatamagica.ar\/wp-content\/uploads\/2020\/10\/saavedrasinmanos.jpg 480w, https:\/\/laplatamagica.ar\/wp-content\/uploads\/2020\/10\/saavedrasinmanos-225x300.jpg 225w\" sizes=\"auto, (max-width: 480px) 85vw, 480px\" \/><figcaption class=\"wp-element-caption\"><strong>El presidente de la Primera Junta sin sus dos manos en el parque Saavedra.<\/strong><\/figcaption><\/figure>\n<\/div>\n\n\n<p>En paralelo, surgen otras formas incluso m\u00e1s nocivas y destructivas, cuando se apunta directamente contra la obra en s\u00ed, evidenci\u00e1ndose una enorme cantidad de da\u00f1os mec\u00e1nicos, faltantes de dedos, narices y partes salientes de las esculturas, que no son el resultado de factores naturales, sino, como dijimos al principio de este art\u00edculo, de origen artificial. <\/p>\n\n\n<div class=\"wp-block-image\">\n<figure class=\"aligncenter\"><img loading=\"lazy\" decoding=\"async\" width=\"950\" height=\"713\" src=\"http:\/\/www.laplatamagica.com.ar\/wp-content\/uploads\/2020\/10\/sanmartin02.jpg\" alt=\"\" class=\"wp-image-8335\" srcset=\"https:\/\/laplatamagica.ar\/wp-content\/uploads\/2020\/10\/sanmartin02.jpg 950w, https:\/\/laplatamagica.ar\/wp-content\/uploads\/2020\/10\/sanmartin02-300x225.jpg 300w, https:\/\/laplatamagica.ar\/wp-content\/uploads\/2020\/10\/sanmartin02-768x576.jpg 768w\" sizes=\"auto, (max-width: 709px) 85vw, (max-width: 909px) 67vw, (max-width: 1362px) 62vw, 840px\" \/><figcaption class=\"wp-element-caption\"><strong>Muy pocos saben que el monumento a San Mart\u00edn en la plaza del mismo nombre estaba en peligro de derrumbe, la labor del personal municipal restaur\u00f3 la valiosa pieza del libertador. <\/strong><\/figcaption><\/figure>\n<\/div>\n\n\n<figure class=\"wp-block-video aligncenter\"><video height=\"360\" style=\"aspect-ratio: 640 \/ 360;\" width=\"640\" controls src=\"http:\/\/www.laplatamagica.com.ar\/wp-content\/uploads\/2022\/02\/WhatsApp-Video-2022-02-21-at-16.17.36.mp4\"><\/video><\/figure>\n\n\n\n<p><br> A lo largo de la historia platense, los expolios y los robos de patrimonio mantuvieron cierta t\u00f3nica, lo que produjo la p\u00e9rdida de la mayor\u00eda de los bustos originales que realzaban y le otorgaban valor a las plazas cuyos nombres eran hom\u00f3nimos: Sarmiento en Plaza Sarmiento; G\u00fcemes en Plaza G\u00fcemes; Irigoyen en Plaza Irigoyen (este \u00faltimo recuperado a partir de un proyecto de la UCR, que junto a la mano pr\u00f3diga del escultor Carlos Benavidez, reimplantaron un nuevo busto en el 2019, en el mismo pilar donde el primero hab\u00eda sido robado). <\/p>\n\n\n<div class=\"wp-block-image\">\n<figure class=\"aligncenter\"><img loading=\"lazy\" decoding=\"async\" width=\"1000\" height=\"750\" src=\"http:\/\/www.laplatamagica.com.ar\/wp-content\/uploads\/2020\/10\/Yrigoyebn.jpg\" alt=\"\" class=\"wp-image-8337\" srcset=\"https:\/\/laplatamagica.ar\/wp-content\/uploads\/2020\/10\/Yrigoyebn.jpg 1000w, https:\/\/laplatamagica.ar\/wp-content\/uploads\/2020\/10\/Yrigoyebn-300x225.jpg 300w, https:\/\/laplatamagica.ar\/wp-content\/uploads\/2020\/10\/Yrigoyebn-768x576.jpg 768w\" sizes=\"auto, (max-width: 709px) 85vw, (max-width: 909px) 67vw, (max-width: 1362px) 62vw, 840px\" \/><figcaption class=\"wp-element-caption\"><strong>La cuadrilla municipal en plena reparaci\u00f3n en la Plaza Irigoyen y a la derecha el trabajo terminado.<\/strong><\/figcaption><\/figure>\n<\/div>\n\n\n<figure class=\"wp-block-video aligncenter\"><video height=\"352\" style=\"aspect-ratio: 640 \/ 352;\" width=\"640\" controls src=\"http:\/\/www.laplatamagica.com.ar\/wp-content\/uploads\/2022\/02\/WhatsApp-Video-2022-02-21-at-16.17.36-1.mp4\"><\/video><\/figure>\n\n\n\n<p><br>Desde el punto de vista pol\u00edtico, ha cesado el repinte de los basamentos, que durante gestiones anteriores adquir\u00edan el color simb\u00f3lico o de la gesti\u00f3n municipal de turno o de la provincial. A partir de las investigaciones hist\u00f3ricas, se han podido establecer criterios de intervenci\u00f3n que permiten darle reversibilidad a dichos procesos, y volver a recuperar los planteos art\u00edsticos y patrimoniales aut\u00e9nticos. <\/p>\n\n\n<div class=\"wp-block-image\">\n<figure class=\"aligncenter\"><img loading=\"lazy\" decoding=\"async\" width=\"1000\" height=\"960\" src=\"http:\/\/www.laplatamagica.com.ar\/wp-content\/uploads\/2020\/10\/relojde137.jpg\" alt=\"\" class=\"wp-image-8338\" srcset=\"https:\/\/laplatamagica.ar\/wp-content\/uploads\/2020\/10\/relojde137.jpg 1000w, https:\/\/laplatamagica.ar\/wp-content\/uploads\/2020\/10\/relojde137-300x288.jpg 300w, https:\/\/laplatamagica.ar\/wp-content\/uploads\/2020\/10\/relojde137-768x737.jpg 768w\" sizes=\"auto, (max-width: 709px) 85vw, (max-width: 909px) 67vw, (max-width: 1362px) 62vw, 840px\" \/><figcaption class=\"wp-element-caption\">Reloj de 137 y 60 agredido y a la derecha el trabajo terminado, hay que tomar conciencia del gasto que ocasiona mantener estos monumentos, que a veces son vandalizados nuevamente.<\/figcaption><\/figure>\n<\/div>\n\n\n<p><br>En conclusi\u00f3n, a partir de tales aseveraciones que no hacen m\u00e1s que ratificar el estado de riesgo en que se encuentra el patrimonio cultural platense, se convoca a un espacio para establecer ciertas reflexiones que ayuden a la valoraci\u00f3n y a la estima social de los bienes culturales que la ciudad y su comunidad detenta: <\/p>\n\n\n\n<ul class=\"wp-block-list\">\n<li><strong>En primer lugar, entender lo p\u00fablico como una extensi\u00f3n de lo privado, y en ese sentido, preservarlo por igual. En este sentido cabr\u00eda una pregunta basal: \u00bfPor qu\u00e9 lo p\u00fablico no se cuida como lo propio?<\/strong><\/li>\n\n\n\n<li><strong>En segundo lugar, generar instancias educativas que permitan conectar el patrimonio con las generaciones m\u00e1s j\u00f3venes. <\/strong><\/li>\n\n\n\n<li><strong>En tercer lugar, intervenir constantemente las obras tras su vandalizaci\u00f3n. Esta es una pol\u00edtica que viene estableciendo la Direcci\u00f3n de Restauraci\u00f3n Urbana desde enero del 2020: \u201ca cada acci\u00f3n vand\u00e1lica le llega su respuesta en forma de resguardo, conservaci\u00f3n y salvaguarda\u201d. <br> Quedan, seguramente, muchas aristas por tratar, sin embargo, es momento de pensar introspectivamente para entender que el patrimonio nos representa; y que si se destruye no s\u00f3lo se invisibiliza la historia sino una parte (vertebral) de nosotros, esto es,<\/strong> <strong><em>Nuestra Identidad. <\/em><\/strong><\/li>\n<\/ul>\n\n\n<div class=\"wp-block-image\">\n<figure class=\"aligncenter\"><img loading=\"lazy\" decoding=\"async\" width=\"1000\" height=\"385\" src=\"http:\/\/www.laplatamagica.com.ar\/wp-content\/uploads\/2020\/10\/varisreparaciones.jpg\" alt=\"\" class=\"wp-image-8341\" srcset=\"https:\/\/laplatamagica.ar\/wp-content\/uploads\/2020\/10\/varisreparaciones.jpg 1000w, https:\/\/laplatamagica.ar\/wp-content\/uploads\/2020\/10\/varisreparaciones-300x116.jpg 300w, https:\/\/laplatamagica.ar\/wp-content\/uploads\/2020\/10\/varisreparaciones-768x296.jpg 768w\" sizes=\"auto, (max-width: 709px) 85vw, (max-width: 909px) 67vw, (max-width: 1362px) 62vw, 840px\" \/><\/figure>\n<\/div>","protected":false},"excerpt":{"rendered":"<p>Innumerable cantidad de monumentos son agredidos por manos an\u00f3nimas que destruyen y pintan hermosas obras de arte con el consiguiente gasto para la comuna. Hay una cuadrilla de t\u00e9cnicos dirigidos por el Director de Restauraci\u00f3n Urbana Lic. en Artes Pl\u00e1sticas Jorge Ferioli que se ocupan de restaurarlas y ponerlas en condiciones. De acuerdo a los &hellip; <a href=\"https:\/\/laplatamagica.ar\/?page_id=8328\" class=\"more-link\">Continuar leyendo<span class=\"screen-reader-text\"> &#8220;Recuperaci\u00f3n de Monumentos platenses.&#8221;<\/span><\/a><\/p>\n","protected":false},"author":1,"featured_media":0,"parent":0,"menu_order":0,"comment_status":"closed","ping_status":"closed","template":"","meta":{"switch_pages_title":"","h5ap_radio_sources":[],"footnotes":""},"class_list":["post-8328","page","type-page","status-publish","hentry"],"_links":{"self":[{"href":"https:\/\/laplatamagica.ar\/index.php?rest_route=\/wp\/v2\/pages\/8328","targetHints":{"allow":["GET"]}}],"collection":[{"href":"https:\/\/laplatamagica.ar\/index.php?rest_route=\/wp\/v2\/pages"}],"about":[{"href":"https:\/\/laplatamagica.ar\/index.php?rest_route=\/wp\/v2\/types\/page"}],"author":[{"embeddable":true,"href":"https:\/\/laplatamagica.ar\/index.php?rest_route=\/wp\/v2\/users\/1"}],"replies":[{"embeddable":true,"href":"https:\/\/laplatamagica.ar\/index.php?rest_route=%2Fwp%2Fv2%2Fcomments&post=8328"}],"version-history":[{"count":1,"href":"https:\/\/laplatamagica.ar\/index.php?rest_route=\/wp\/v2\/pages\/8328\/revisions"}],"predecessor-version":[{"id":12812,"href":"https:\/\/laplatamagica.ar\/index.php?rest_route=\/wp\/v2\/pages\/8328\/revisions\/12812"}],"wp:attachment":[{"href":"https:\/\/laplatamagica.ar\/index.php?rest_route=%2Fwp%2Fv2%2Fmedia&parent=8328"}],"curies":[{"name":"wp","href":"https:\/\/api.w.org\/{rel}","templated":true}]}}