{"id":880,"date":"2019-08-22T14:54:21","date_gmt":"2019-08-22T17:54:21","guid":{"rendered":"http:\/\/www.laplatamagica.com.ar\/?page_id=880"},"modified":"2019-08-22T15:21:40","modified_gmt":"2019-08-22T18:21:40","slug":"una-residencia-suntuosa","status":"publish","type":"page","link":"https:\/\/laplatamagica.ar\/?page_id=880","title":{"rendered":"Una Residencia Lujosa"},"content":{"rendered":"\n<div class=\"wp-block-image\"><figure class=\"aligncenter is-resized\"><img loading=\"lazy\" decoding=\"async\" src=\"http:\/\/www.laplatamagica.com.ar\/wp-content\/uploads\/2019\/08\/santos7.jpg\" alt=\"\" class=\"wp-image-891\" width=\"587\" height=\"287\" srcset=\"https:\/\/laplatamagica.ar\/wp-content\/uploads\/2019\/08\/santos7.jpg 1000w, https:\/\/laplatamagica.ar\/wp-content\/uploads\/2019\/08\/santos7-300x147.jpg 300w, https:\/\/laplatamagica.ar\/wp-content\/uploads\/2019\/08\/santos7-768x376.jpg 768w\" sizes=\"auto, (max-width: 587px) 85vw, 587px\" \/><\/figure><\/div>\n\n\n\n<p style=\"text-align:center\" class=\"has-medium-font-size\"><strong>Quinta y Residencia <\/strong><\/p>\n\n\n\n<p><strong> Datos y fotos aportados por <\/strong><em><strong>Carlos Williman<\/strong><\/em><strong> Gu\u00eda de Turismo <\/strong><\/p>\n\n\n\n<div class=\"wp-block-media-text alignwide is-stacked-on-mobile\"><figure class=\"wp-block-media-text__media\"><img loading=\"lazy\" decoding=\"async\" width=\"500\" height=\"667\" src=\"http:\/\/www.laplatamagica.com.ar\/wp-content\/uploads\/2019\/08\/santos2.jpg\" alt=\"\" class=\"wp-image-884\" srcset=\"https:\/\/laplatamagica.ar\/wp-content\/uploads\/2019\/08\/santos2.jpg 500w, https:\/\/laplatamagica.ar\/wp-content\/uploads\/2019\/08\/santos2-225x300.jpg 225w\" sizes=\"auto, (max-width: 500px) 85vw, 500px\" \/><\/figure><div class=\"wp-block-media-text__content\">\n<p style=\"text-align:center\">La residencia que fuera de don <em>Orestes Santos Pagos<\/em> una de las m\u00e1s se\u00f1oriales y populares a la vez de la ciudad de La Plata constitu\u00eda en su momento all\u00e1 por los a\u00f1os treinta la base y centro de la mayor parte de las iniciativas que surgen tendientes a un adelanto o mejoramiento de la zona.<\/p>\n<\/div><\/div>\n\n\n\n<p>El se\u00f1or <em>Santos Pagos<\/em>, hombre sincero encari\u00f1ado con su ciudad, que fue escenario de sus afanes y de sus \u00e9xitos, adonde con tes\u00f3n y constancia hab\u00eda logrado conquistar la envidiable situaci\u00f3n que ocupaba, considera un deber ineludible prestar su adhesi\u00f3n moral y material a toda obra que a su juicio representase un beneficio para nuestra ciudad.Los jardines de la mansi\u00f3n, con una profusi\u00f3n de flores y plantas de las m\u00e1s variadas pon\u00edan una nota de color admirable.<\/p>\n\n\n\n<p>Por aqu\u00e9llos a\u00f1os los modern\u00edsimos y espaciosos invern\u00e1culos repletos de raros ejemplares de plantas ex\u00f3ticas; los grandes jaulones con faisanes de diversas clases y p\u00e1jaros de distintos pa\u00edses; los viveros de \u00e1rboles frutales y los vi\u00f1edos, eran todos cada uno en su estilo verdaderos modelos en su clase que dejaban una grata impresi\u00f3n en el visitante de aquellos primeros a\u00f1os de la ciudad.<\/p>\n\n\n\n<h3 class=\"wp-block-heading\">U<strong>n poco de historia<\/strong><\/h3>\n\n\n\n<p>Las tierras donde hoy se encuentran las instalaciones del Servicio, fueron dadas por<em> Juan de Garay<\/em> en merced a <em>Pedro \u00c1lvarez Gait\u00e1n<\/em> en el a\u00f1o 1580.<br> Correspond\u00eda dicha suerte a la actual franja central de La Plata, entre las calles 42 y 65 desde el Paseo del Bosque, hasta Los Hornos inclusive.<br> El 20 de diciembre de 1605, <em>Pedro \u00c1lvarez Gait\u00e1n<\/em> vendi\u00f3 su estancia, que fue adquirida por <em>Amador Ba\u00e9z de Alpoin.<\/em><\/p>\n\n\n\n<p>En 1636 dicha merced estaba despoblada por ese motivo,<em> Pedro Roxas y Acevedo<\/em> pidi\u00f3 al gobernador <em>Pedro Esteban D\u00e1vila<\/em> que se le concediese dicha suerte. El mandatario accedi\u00f3 a tal pedido y se tazaron las tierras en $200, porque el lugar era\u2026\u201dlejos y no habitable por los indios\u201d\u2026 la esposa de<em> Roxas y Acevedo, Mar\u00eda de Vega<\/em>, hered\u00f3 las tierras en 1644 y sobrevivi\u00f3 a su marido durante 20 a\u00f1os, heredando su hijo <em>Tom\u00e1s<\/em>.<\/p>\n\n\n\n<p>\u00c9ste a su vez lega a su hijo J<em>os\u00e9 Antonio de Roxas y Acevedo<\/em> quien vende en 1735 a <em>Francisco L\u00f3pez de Osornio<\/em>. Esta estancia pasa a manos de su nieto <em>Eulalio L\u00f3pez de Osornio <\/em>y m\u00e1s tarde a la esposa de este, Francisca Nieto de L\u00f3pez. En 1856 Jos\u00e9 Jer\u00f3nimo Iraola compr\u00f3 a Francisca Nieto de L\u00f3pez en la suma de 1000 onzas de oro, una estancia en las lomas de la Ensenada, con 3400 varas de frente por lengua y media de fondo.<\/p>\n\n\n\n<div class=\"wp-block-media-text alignwide\" style=\"grid-template-columns:62% auto\"><figure class=\"wp-block-media-text__media\"><img loading=\"lazy\" decoding=\"async\" width=\"500\" height=\"375\" src=\"http:\/\/www.laplatamagica.com.ar\/wp-content\/uploads\/2019\/08\/santos4.jpg\" alt=\"\" class=\"wp-image-886\" srcset=\"https:\/\/laplatamagica.ar\/wp-content\/uploads\/2019\/08\/santos4.jpg 500w, https:\/\/laplatamagica.ar\/wp-content\/uploads\/2019\/08\/santos4-300x225.jpg 300w\" sizes=\"auto, (max-width: 500px) 85vw, 500px\" \/><\/figure><div class=\"wp-block-media-text__content\">\n<p style=\"text-align:left\">Su hijo <em>Mart\u00edn Jos\u00e9 Iraola <\/em>fundador del pueblo de Tolosa en 1871, mand\u00f3 a construir su estancia en el hoy bosque platense, formando en ese lugar una magn\u00edfica arboleda.<br>La ley de fundaci\u00f3n de la ciudad de La Plata, dispuso expropiar una extensi\u00f3n de seis leguas cuadradas para erigir la nueva capital y formar su ejido circundante.<\/p>\n<\/div><\/div>\n\n\n\n<p>La primera operaci\u00f3n expropietaria concretada, fue la correspondiente a la estancia de la sucesi\u00f3n de Mart\u00edn <em>Jos\u00e9 Iraola<\/em>, el 14 de agosto de 1882, qued\u00f3 formalizado el traslado de dominio a favor del estado provincial sobre 16221\/2 cuadras cuadradas, por un total de $ 5.273.125 moneda corriente resultando un valor de $ 1.836 por hect\u00e1rea.<\/p>\n\n\n\n<p>Se adicion\u00f3 a esa suma la cantidad de $ 1.176.410 moneda corriente por el edificio principal, pabell\u00f3n y puestos principales y adem\u00e1s se abon\u00f3 la suma de $ 1.396.500 moneda corriente por 99.750 \u00e1rboles tasados a $14 cada uno.<\/p>\n\n\n\n<p>Las tierras que estamos tratando fueron destinadas a quintas, toc\u00e1ndoles los n\u00fameros 73, 74,107 y 108, adquiridos por <em>Santiago Bengolea<\/em>, el 20 de octubre de 1884.<\/p>\n\n\n\n<ul class=\"wp-block-list\"><li>El 7 de agosto de 1918, los Se\u00f1ores J<em>os\u00e9 Mainero y Oreste Santos Pago<\/em> compran a <em>Clemente Fraquelli y Seraf\u00edn Marchetti <\/em>las quintas 74 y 108, que pertenec\u00edan a <em>Angela Mar\u00eda Vercillo de Montero<\/em> quien vende a <em>Celia Gregoria Gibert Berg\u00e9z y Pedro F. Gibert<\/em> la superficie de 33282 m2, parte de las quintas 107 y 201.<\/li><li> El 17 de julio de 1923 <em>Celia Gibert Bergez de Chescotta y Gregoria Gibert Bergez<\/em> vende una parte de la quinta 107 a la se\u00f1ora <em>Albina Gamboa de Gibert.<\/em><\/li><li> El 18 de abril de 1923 <em>Jos\u00e9 Minero vende<\/em> parte de las quintas 108 y 201 al se\u00f1or Oreste Santos Pago.<\/li><li> El 3 de mayo de 1929 la se\u00f1ora <em>Albina Gamboa de Gibert<\/em> vende la quinta 107 a <em>Oreste Santos Pago.<\/em><\/li><li> El 19 de diciembre de 1967 los campos son adquiridos a su testamentaria compuesta por: <em>Antonia Francisca Santos Pago de Coladeli, Daniel Oricchio y Lole Santos Pago de Romanazzi.<\/em><\/li><li> El 23 de septiembre de 1968 la se\u00f1ora <em>Anita Adaglio de Di Ronz<\/em>o compra la sucesi\u00f3n de<em> Santos Pago.<\/em><\/li><\/ul>\n\n\n\n<div class=\"wp-block-image\"><figure class=\"aligncenter is-resized\"><img loading=\"lazy\" decoding=\"async\" src=\"http:\/\/www.laplatamagica.com.ar\/wp-content\/uploads\/2019\/08\/santos6-730x1024.jpg\" alt=\"\" class=\"wp-image-890\" width=\"460\" height=\"645\" srcset=\"https:\/\/laplatamagica.ar\/wp-content\/uploads\/2019\/08\/santos6-730x1024.jpg 730w, https:\/\/laplatamagica.ar\/wp-content\/uploads\/2019\/08\/santos6-214x300.jpg 214w, https:\/\/laplatamagica.ar\/wp-content\/uploads\/2019\/08\/santos6-768x1077.jpg 768w, https:\/\/laplatamagica.ar\/wp-content\/uploads\/2019\/08\/santos6.jpg 1000w\" sizes=\"auto, (max-width: 460px) 85vw, 460px\" \/><\/figure><\/div>\n\n\n\n<p>El 7 de agosto de 1969 la provincia de Buenos Aires adquiere la mayor parte de la quinta 201, funcionando en un primer momento el Instituto correspondiente a Penales, despu\u00e9s la Escuela del Servicio Correccional y en la actualidad el Servicio Penitenciario.<\/p>\n\n\n\n<h3 class=\"wp-block-heading\">Vista Interior<\/h3>\n\n\n\n<p>Es importante destacar que para la construcci\u00f3n de la Casona, se usaron materiales que fueron tra\u00eddos en gran parte desde Italia, destac\u00e1ndose las fastuosas estufas construidas con m\u00e1rmol de Carrara.<\/p>\n\n\n\n<div class=\"wp-block-image\"><figure class=\"aligncenter is-resized\"><img loading=\"lazy\" decoding=\"async\" src=\"http:\/\/www.laplatamagica.com.ar\/wp-content\/uploads\/2019\/08\/santos5.jpg\" alt=\"\" class=\"wp-image-887\" width=\"466\" height=\"350\" srcset=\"https:\/\/laplatamagica.ar\/wp-content\/uploads\/2019\/08\/santos5.jpg 700w, https:\/\/laplatamagica.ar\/wp-content\/uploads\/2019\/08\/santos5-300x225.jpg 300w\" sizes=\"auto, (max-width: 466px) 85vw, 466px\" \/><\/figure><\/div>\n\n\n\n<p>La sala de recepciones, donde otrora se practicara billar, juegos de sal\u00f3n y ajedrez se conserva en perfectas condiciones. Se puede apreciar tambi\u00e9n en el hall de la entrada a las dependencias de las vivienda, las obras realizadas por el pintor <em>Jos\u00e9 Speroni<\/em> que data del a\u00f1o 1927. Atrapan la atenci\u00f3n los jardines con sinuosos caminitos entre medio adornados, en su \u00e9poca, con rosales entre otras variedades vegetales. Tambi\u00e9n existe un invernadero con calefacci\u00f3n donde se cultivaban orqu\u00eddeas.<\/p>\n\n\n\n<p>Siendo un anhelo hist\u00f3rico de los distintos directores de la Escuela de Cadetes del Servicio Penitenciario y los sucesivos jefes del mismo, obtener la declaraci\u00f3n propuesta en el presente proyecto de ley, y obrando como antecedente la declaraci\u00f3n de Inter\u00e9s Cultural de la Municipalidad de La Plata, solicito a los se\u00f1ores legisladores acompa\u00f1en con su voto la presente iniciativa.<\/p>\n\n\n\n<p style=\"text-align:right\"><strong><em>Datos y fotos aportados por<\/em> <em>Carlos Williman<\/em> Guia de Turis<em>mo<\/em><\/strong><\/p>\n","protected":false},"excerpt":{"rendered":"<p>Quinta y Residencia Datos y fotos aportados por Carlos Williman Gu\u00eda de Turismo La residencia que fuera de don Orestes Santos Pagos una de las m\u00e1s se\u00f1oriales y populares a la vez de la ciudad de La Plata constitu\u00eda en su momento all\u00e1 por los a\u00f1os treinta la base y centro de la mayor parte &hellip; <a href=\"https:\/\/laplatamagica.ar\/?page_id=880\" class=\"more-link\">Continuar leyendo<span class=\"screen-reader-text\"> &#8220;Una Residencia Lujosa&#8221;<\/span><\/a><\/p>\n","protected":false},"author":1,"featured_media":0,"parent":0,"menu_order":0,"comment_status":"closed","ping_status":"closed","template":"","meta":{"switch_pages_title":"","h5ap_radio_sources":[],"footnotes":""},"class_list":["post-880","page","type-page","status-publish","hentry"],"_links":{"self":[{"href":"https:\/\/laplatamagica.ar\/index.php?rest_route=\/wp\/v2\/pages\/880","targetHints":{"allow":["GET"]}}],"collection":[{"href":"https:\/\/laplatamagica.ar\/index.php?rest_route=\/wp\/v2\/pages"}],"about":[{"href":"https:\/\/laplatamagica.ar\/index.php?rest_route=\/wp\/v2\/types\/page"}],"author":[{"embeddable":true,"href":"https:\/\/laplatamagica.ar\/index.php?rest_route=\/wp\/v2\/users\/1"}],"replies":[{"embeddable":true,"href":"https:\/\/laplatamagica.ar\/index.php?rest_route=%2Fwp%2Fv2%2Fcomments&post=880"}],"version-history":[{"count":0,"href":"https:\/\/laplatamagica.ar\/index.php?rest_route=\/wp\/v2\/pages\/880\/revisions"}],"wp:attachment":[{"href":"https:\/\/laplatamagica.ar\/index.php?rest_route=%2Fwp%2Fv2%2Fmedia&parent=880"}],"curies":[{"name":"wp","href":"https:\/\/api.w.org\/{rel}","templated":true}]}}