{"id":9061,"date":"2020-12-31T14:36:25","date_gmt":"2020-12-31T17:36:25","guid":{"rendered":"http:\/\/www.laplatamagica.com.ar\/?page_id=9061"},"modified":"2021-01-02T10:39:21","modified_gmt":"2021-01-02T13:39:21","slug":"munecos-de-fin-de-ano","status":"publish","type":"page","link":"https:\/\/laplatamagica.ar\/?page_id=9061","title":{"rendered":"Mu\u00f1ecos de Fin de A\u00f1o"},"content":{"rendered":"\n<p style=\"font-size:25px;text-align:center\"><strong>El listado de mu\u00f1ecos en la ciudad\ufeff<\/strong><\/p>\n\n\n\n<p style=\"text-align:center\" class=\"has-background has-bright-red-background-color\"> <strong>Los vecinos de nuestra ciudad tienen todo listo y ya entraron en la cuenta regresiva de la tradicional quema de mu\u00f1ecos, una costumbre instaurada en la capital bonaerense desde 1956, que tendr\u00e1 lugar en las \u00faltimas horas del a\u00f1o.<\/strong><\/p>\n\n\n\n<div class=\"wp-block-image\"><figure class=\"aligncenter\"><a href=\"http:\/\/www.laplatamagica.com.ar\/?page_id=9061\" target=\"_blank\" rel=\"noreferrer noopener\"><img loading=\"lazy\" decoding=\"async\" width=\"700\" height=\"472\" src=\"http:\/\/www.laplatamagica.com.ar\/wp-content\/uploads\/2020\/12\/mu\u00f1e0000-1.jpg\" alt=\"\" class=\"wp-image-9078\" srcset=\"https:\/\/laplatamagica.ar\/wp-content\/uploads\/2020\/12\/mu\u00f1e0000-1.jpg 700w, https:\/\/laplatamagica.ar\/wp-content\/uploads\/2020\/12\/mu\u00f1e0000-1-300x202.jpg 300w\" sizes=\"auto, (max-width: 700px) 85vw, 700px\" \/><\/a><\/figure><\/div>\n\n\n\n<h4 class=\"wp-block-heading\" style=\"text-align:center\"><a href=\"https:\/\/www.eldia.com\/nota\/2020-12-31-19-17-0-los-ganadores-de-los-premios-a-los-mejores-munecos-de-fin-de-ano-la-ciudad\" target=\"_blank\" rel=\"noreferrer noopener\" aria-label=\" (opens in a new tab)\">https:\/\/www.eldia.com\/nota\/2020-12-31-19-17-0-los-ganadores-de-los-premios-a-los-mejores-munecos-de-fin-de-ano-la-ciudad<\/a><\/h4>\n\n\n\n<p><br> PAYASO DEL PARQUE SAN MART\u00cdN &#8211; 55 esq. 25<br> AMONG &#8211; 55 y 26<br> AMONG US &#8211; 52 y 31<br> EL ENCANTO DE MEDUSA &#8211; 16 y 78<br> COPA DEL MUNDO + MANO &#8211; 503 y 19<br> EL SAMUR\u00c1I Y DRAG\u00d3N &#8211; 46 e\/ 172 y 173<br> PHINEAS Y FERB &#8211; 121 y 36<br> BARRILETE C\u00d3SMICO &#8211; 10 y 40<br> MISI\u00d3N TOY STORY, FASE FINAL &#8211; 72 e\/ 6 y 7<br> LOS TRES CHANCHITOS &#8211; 19 y 527<\/p>\n\n\n\n<div class=\"wp-block-image\"><figure class=\"aligncenter\"><img loading=\"lazy\" decoding=\"async\" width=\"564\" height=\"371\" src=\"http:\/\/www.laplatamagica.com.ar\/wp-content\/uploads\/2020\/12\/mu\u00f1e1.jpg\" alt=\"\" class=\"wp-image-9068\" srcset=\"https:\/\/laplatamagica.ar\/wp-content\/uploads\/2020\/12\/mu\u00f1e1.jpg 564w, https:\/\/laplatamagica.ar\/wp-content\/uploads\/2020\/12\/mu\u00f1e1-300x197.jpg 300w\" sizes=\"auto, (max-width: 564px) 85vw, 564px\" \/><\/figure><\/div>\n\n\n\n<p><br> LOS PING\u00dcINOS DE MADAGASCAR &#8211; 27 y 32<br> EL ENCANTO DE MEDUSA &#8211; 16 y 78<br> LOS CHICOS DE VILLA CASTELLS &#8211; 507 y 7<br> CORONA BICHO &#8211; 35 y 26<br> PANDEMONIUM &#8211; 14 y 72<br> HOMERO SIMPSON &#8211; 484 y 134<br> TRONCOM\u00d3VIL &#8211; 140 bis e\/ 489 y 491<br> GROOT &#8211; 133 y 42<br> MONUMENTO AL CORNED BEEF &#8211; 526 e\/ 7 y 8<br> EL CHAVO DEL 8 &#8211; 22 y 524 bis<br> MU\u00d1ECO INVISIBLE &#8211; 19 y 73<br> AVATAR AANG &#8211; 19 e\/ 64 y 65<br> AMONG US &#8211; 15 y 35<br> DRAKO, FUEGO SOBRE EL AGUA &#8211; 72 y 13<\/p>\n\n\n\n<div class=\"wp-block-image\"><figure class=\"aligncenter\"><img loading=\"lazy\" decoding=\"async\" width=\"581\" height=\"365\" src=\"http:\/\/www.laplatamagica.com.ar\/wp-content\/uploads\/2020\/12\/mu\u00f1e2.jpg\" alt=\"\" class=\"wp-image-9069\" srcset=\"https:\/\/laplatamagica.ar\/wp-content\/uploads\/2020\/12\/mu\u00f1e2.jpg 581w, https:\/\/laplatamagica.ar\/wp-content\/uploads\/2020\/12\/mu\u00f1e2-300x188.jpg 300w\" sizes=\"auto, (max-width: 581px) 85vw, 581px\" \/><\/figure><\/div>\n\n\n\n<p><br> MU\u00d1ECO VIRUS &#8211; 18 e\/ 658 y 659<br> MAFALDA &#8211; 65 y 17<br> SE\u00d1OR BILLS &#8211; 146 y 65<br> DIEGO A. MARADONA &#8211; 24 y 63<br> MONDONGUERO &#8211; Diagonal 79 y 62<br> ROCKY BALBOA E IV\u00c1N DRAGO &#8211; 60 y 21<br> HOMENAJE A DIOS &#8211; 27 y 66<\/p>\n\n\n\n<div class=\"wp-block-image\"><figure class=\"aligncenter\"><img loading=\"lazy\" decoding=\"async\" width=\"386\" height=\"348\" src=\"http:\/\/www.laplatamagica.com.ar\/wp-content\/uploads\/2020\/12\/mu\u00f1e6.jpg\" alt=\"\" class=\"wp-image-9072\" srcset=\"https:\/\/laplatamagica.ar\/wp-content\/uploads\/2020\/12\/mu\u00f1e6.jpg 386w, https:\/\/laplatamagica.ar\/wp-content\/uploads\/2020\/12\/mu\u00f1e6-300x270.jpg 300w\" sizes=\"auto, (max-width: 386px) 85vw, 386px\" \/><\/figure><\/div>\n\n\n\n<p><br> LAS AVENTURAS DE BILLY Y MANDY &#8211; 78 e\/ 11 y 12<br> MARVIN EL MARCIANO &#8211; 72 e\/ 7 y 8<br> LA PANTERA ROSA &#8211; 517 e\/ 146 y 147<br> CORONAVIRUS EN EL MUNDO &#8211; 6 y 80 bis<br> LA CASA DE BOB ESPONJA &#8211; 155 e\/ 525 y 526<br> INODORO &#8211; 17 y 53<br> CARTEL \u201cDONAR SALVA VIDAS\u201d &#8211; 502 y 12<br> DONOSAURIO &#8211; 13 e\/ 524 y 525<br> CLASH ROYALE &#8211; 456 e\/ 27 Y 28 bis<br> BOB ESPONJA &#8211; 17 y 38<br> NICK RIVIERA &#8211; 37 y 21<br> WOODY-PERRO SLINK-FORKY &#8211; 22 y 38<\/p>\n\n\n\n<div class=\"wp-block-image\"><figure class=\"aligncenter is-resized\"><img loading=\"lazy\" decoding=\"async\" src=\"http:\/\/www.laplatamagica.com.ar\/wp-content\/uploads\/2020\/12\/mu\u00f1e4.jpg\" alt=\"\" class=\"wp-image-9070\" width=\"427\" height=\"285\" srcset=\"https:\/\/laplatamagica.ar\/wp-content\/uploads\/2020\/12\/mu\u00f1e4.jpg 543w, https:\/\/laplatamagica.ar\/wp-content\/uploads\/2020\/12\/mu\u00f1e4-300x201.jpg 300w\" sizes=\"auto, (max-width: 427px) 85vw, 427px\" \/><\/figure><\/div>\n\n\n\n<p><br> EL DIEGO DEL 86 &#8211; 10 e\/ 520 y 521<br> GRUT &#8211; 27 e\/ 529 y 531<br> LA MANO DE DIOS &#8211; 526 y 6<br> MASHA Y EL OSO &#8211; 13 bis e\/ 606 y 607<br> UP &#8211; 68 e\/ 143 y 144<br> EL LADO OSCURO &#8211; 25 y 58<\/p>\n\n\n\n<div class=\"wp-block-image\"><figure class=\"aligncenter\"><img loading=\"lazy\" decoding=\"async\" width=\"539\" height=\"342\" src=\"http:\/\/www.laplatamagica.com.ar\/wp-content\/uploads\/2020\/12\/mu\u00f1e5.jpg\" alt=\"\" class=\"wp-image-9071\" srcset=\"https:\/\/laplatamagica.ar\/wp-content\/uploads\/2020\/12\/mu\u00f1e5.jpg 539w, https:\/\/laplatamagica.ar\/wp-content\/uploads\/2020\/12\/mu\u00f1e5-300x190.jpg 300w\" sizes=\"auto, (max-width: 539px) 85vw, 539px\" \/><\/figure><\/div>\n\n\n\n<p><br> MARADONA &#8211; 19 y 61<br> EL CHAVO DEL 8 &#8211; 19 y 41<br> DIEGO MARADONA &#8211; 25 y 69<br> MUNDO JUGUETES &#8211; 482 e\/ 28 y 29<br> DIEGO CAMPE\u00d3N &#8211; 60 y 135<br> AMONG US &#8211; 5 y 528 bis<br> ALVIN &#8211; 74 e\/ 120 y 121<br> AMONG US &#8211; 38 y 115<\/p>\n","protected":false},"excerpt":{"rendered":"<p>El listado de mu\u00f1ecos en la ciudad\ufeff Los vecinos de nuestra ciudad tienen todo listo y ya entraron en la cuenta regresiva de la tradicional quema de mu\u00f1ecos, una costumbre instaurada en la capital bonaerense desde 1956, que tendr\u00e1 lugar en las \u00faltimas horas del a\u00f1o. https:\/\/www.eldia.com\/nota\/2020-12-31-19-17-0-los-ganadores-de-los-premios-a-los-mejores-munecos-de-fin-de-ano-la-ciudad PAYASO DEL PARQUE SAN MART\u00cdN &#8211; 55 esq. &hellip; <a href=\"https:\/\/laplatamagica.ar\/?page_id=9061\" class=\"more-link\">Continuar leyendo<span class=\"screen-reader-text\"> &#8220;Mu\u00f1ecos de Fin de A\u00f1o&#8221;<\/span><\/a><\/p>\n","protected":false},"author":1,"featured_media":0,"parent":0,"menu_order":0,"comment_status":"closed","ping_status":"closed","template":"","meta":{"switch_pages_title":"","h5ap_radio_sources":[],"footnotes":""},"class_list":["post-9061","page","type-page","status-publish","hentry"],"_links":{"self":[{"href":"https:\/\/laplatamagica.ar\/index.php?rest_route=\/wp\/v2\/pages\/9061","targetHints":{"allow":["GET"]}}],"collection":[{"href":"https:\/\/laplatamagica.ar\/index.php?rest_route=\/wp\/v2\/pages"}],"about":[{"href":"https:\/\/laplatamagica.ar\/index.php?rest_route=\/wp\/v2\/types\/page"}],"author":[{"embeddable":true,"href":"https:\/\/laplatamagica.ar\/index.php?rest_route=\/wp\/v2\/users\/1"}],"replies":[{"embeddable":true,"href":"https:\/\/laplatamagica.ar\/index.php?rest_route=%2Fwp%2Fv2%2Fcomments&post=9061"}],"version-history":[{"count":0,"href":"https:\/\/laplatamagica.ar\/index.php?rest_route=\/wp\/v2\/pages\/9061\/revisions"}],"wp:attachment":[{"href":"https:\/\/laplatamagica.ar\/index.php?rest_route=%2Fwp%2Fv2%2Fmedia&parent=9061"}],"curies":[{"name":"wp","href":"https:\/\/api.w.org\/{rel}","templated":true}]}}