{"id":9845,"date":"2021-06-21T10:30:46","date_gmt":"2021-06-21T13:30:46","guid":{"rendered":"http:\/\/www.laplatamagica.com.ar\/?page_id=9845"},"modified":"2022-07-09T16:41:27","modified_gmt":"2022-07-09T19:41:27","slug":"podcast-audio","status":"publish","type":"page","link":"https:\/\/laplatamagica.ar\/?page_id=9845","title":{"rendered":"Podcast  de &#8220;Historias de La Plata&#8221;"},"content":{"rendered":"\n<p class=\"has-text-align-center\">Programas de Radio emitido en Revoluci\u00f3n 98.9 F.M que se emite los martes a las 13 hs.<br>Se repite los mi\u00e9rcoles 19 hs. puede atrasarse por emisiones deportivas.<\/p>\n\n\n\n<hr class=\"wp-block-separator has-css-opacity is-style-wide\"\/>\n\n\n\n<iframe src=\"https:\/\/www.ivoox.com\/player_es_podcast_1597065_zp_1.html?c1=423c9a\" width=\"100%\" height=\"400\" frameborder=\"0\" allowfullscreen=\"\" scrolling=\"no\" loading=\"lazy\"><\/iframe>\n\n\n<div class=\"wp-block-image\">\n<figure class=\"aligncenter is-resized\"><img loading=\"lazy\" decoding=\"async\" src=\"http:\/\/www.laplatamagica.com.ar\/wp-content\/uploads\/2021\/06\/La-Plata-postcas01.png\" alt=\"\" class=\"wp-image-9848\" width=\"257\" height=\"257\" srcset=\"https:\/\/laplatamagica.ar\/wp-content\/uploads\/2021\/06\/La-Plata-postcas01.png 400w, https:\/\/laplatamagica.ar\/wp-content\/uploads\/2021\/06\/La-Plata-postcas01-150x150.png 150w, https:\/\/laplatamagica.ar\/wp-content\/uploads\/2021\/06\/La-Plata-postcas01-300x300.png 300w\" sizes=\"auto, (max-width: 257px) 85vw, 257px\" \/><\/figure>\n<\/div>\n\n\n<p class=\"has-text-align-center\" style=\"font-size:25px\"><strong>Escuch\u00e1 la historia de la ciudad de La Plata en relatos que se pueden bajar para disfrutar en cualquier momento.<\/strong><\/p>\n\n\n\n<p class=\"has-text-align-center\" style=\"font-size:19px\"><strong>Presentaci\u00f3n a cargo de la Locutora<em> Maria Laura Giglio<\/em><\/strong><\/p>\n\n\n<div class=\"wp-block-image\">\n<figure class=\"aligncenter is-resized\"><img loading=\"lazy\" decoding=\"async\" src=\"http:\/\/www.laplatamagica.com.ar\/wp-content\/uploads\/2021\/06\/nombres-1.jpg\" alt=\"\" class=\"wp-image-9894\" width=\"202\" height=\"140\" srcset=\"https:\/\/laplatamagica.ar\/wp-content\/uploads\/2021\/06\/nombres-1.jpg 543w, https:\/\/laplatamagica.ar\/wp-content\/uploads\/2021\/06\/nombres-1-300x208.jpg 300w\" sizes=\"auto, (max-width: 202px) 85vw, 202px\" \/><\/figure>\n<\/div>\n\n\n<iframe loading=\"lazy\" src=\"https:\/\/www.ivoox.com\/player_es_podcast_1296762_1.html\" style=\"border: 1px solid #98ff96\npaleta de colores \u25ba;\" allowfullscreen=\"0\" scrolling=\"no\" width=\"100%\" height=\"640\" frameborder=\"0\"><\/iframe>\n","protected":false},"excerpt":{"rendered":"<p>Programas de Radio emitido en Revoluci\u00f3n 98.9 F.M que se emite los martes a las 13 hs.Se repite los mi\u00e9rcoles 19 hs. puede atrasarse por emisiones deportivas. Escuch\u00e1 la historia de la ciudad de La Plata en relatos que se pueden bajar para disfrutar en cualquier momento. Presentaci\u00f3n a cargo de la Locutora Maria Laura &hellip; <a href=\"https:\/\/laplatamagica.ar\/?page_id=9845\" class=\"more-link\">Continuar leyendo<span class=\"screen-reader-text\"> &#8220;Podcast  de &#8220;Historias de La Plata&#8221;&#8221;<\/span><\/a><\/p>\n","protected":false},"author":1,"featured_media":0,"parent":0,"menu_order":0,"comment_status":"closed","ping_status":"closed","template":"","meta":{"switch_pages_title":"","h5ap_radio_sources":[],"footnotes":""},"class_list":["post-9845","page","type-page","status-publish","hentry"],"_links":{"self":[{"href":"https:\/\/laplatamagica.ar\/index.php?rest_route=\/wp\/v2\/pages\/9845","targetHints":{"allow":["GET"]}}],"collection":[{"href":"https:\/\/laplatamagica.ar\/index.php?rest_route=\/wp\/v2\/pages"}],"about":[{"href":"https:\/\/laplatamagica.ar\/index.php?rest_route=\/wp\/v2\/types\/page"}],"author":[{"embeddable":true,"href":"https:\/\/laplatamagica.ar\/index.php?rest_route=\/wp\/v2\/users\/1"}],"replies":[{"embeddable":true,"href":"https:\/\/laplatamagica.ar\/index.php?rest_route=%2Fwp%2Fv2%2Fcomments&post=9845"}],"version-history":[{"count":0,"href":"https:\/\/laplatamagica.ar\/index.php?rest_route=\/wp\/v2\/pages\/9845\/revisions"}],"wp:attachment":[{"href":"https:\/\/laplatamagica.ar\/index.php?rest_route=%2Fwp%2Fv2%2Fmedia&parent=9845"}],"curies":[{"name":"wp","href":"https:\/\/api.w.org\/{rel}","templated":true}]}}